{"id":2685,"date":"2023-03-03T17:17:35","date_gmt":"2023-03-03T09:17:35","guid":{"rendered":"http:\/\/qingdaohf.com\/?post_type=product&#038;p=2685"},"modified":"2025-11-13T09:05:32","modified_gmt":"2025-11-13T01:05:32","slug":"helix-ground-screw-piles","status":"publish","type":"product","link":"https:\/\/qingdaohf.com\/ro\/produs\/piloti-elicoidali-cu-surub-de-pamant\/","title":{"rendered":"Pilo\u021bi cu \u0219uruburi de sol Helix"},"content":{"rendered":"<p>St\u00e2lpii elicoidali cu \u0219urub de p\u0103m\u00e2nt sunt un tip de sistem de funda\u021bie utilizat pentru diverse proiecte de construc\u021bii. Acestea constau dintr-o lam\u0103 elicoidal\u0103 cu \u0219urub ata\u0219at\u0103 la un arbore de o\u021bel, care este \u00eenfipt \u00een sol cu ajutorul unor utilaje hidraulice.<\/p>\n<p>Designul lamei cu \u0219urub permite o instalare u\u0219oar\u0103 \u00een sol, cu o perturbare minim\u0103 a solului, \u0219i pot fi instalate \u00eentr-o gam\u0103 larg\u0103 de tipuri \u0219i condi\u021bii de sol, inclusiv soluri st\u00e2ncoase \u0219i nisipoase. De asemenea, pilonii cu \u0219urub pentru sol Helix pot fi u\u0219or \u00eendep\u0103rta\u021bi \u0219i reloca\u021bi, ceea ce \u00eei face o solu\u021bie de funda\u021bie versatil\u0103 \u0219i rentabil\u0103.<\/p>\n<p>Acestea sunt utilizate \u00een mod obi\u0219nuit \u00eentr-o varietate de aplica\u021bii, cum ar fi structuri de sus\u021binere pentru panouri solare, pun\u021bi, garduri, semne \u0219i iluminat exterior. St\u00e2lpii cu \u0219urub de p\u0103m\u00e2nt Helix au devenit din ce \u00een ce mai populari datorit\u0103 numeroaselor lor beneficii fa\u021b\u0103 de funda\u021biile tradi\u021bionale din beton, inclusiv instalarea mai rapid\u0103, impactul redus asupra mediului \u0219i stabilitatea sporit\u0103.<\/p>\n<p><img fetchpriority=\"high\" decoding=\"async\" class=\"alignnone size-full wp-image-3443\" src=\"http:\/\/qingdaohf.com\/wp-content\/uploads\/2023\/03\/65-1.jpg\" alt=\"\u0218urubul de la sol ancorare pol\" width=\"1200\" height=\"1276\" srcset=\"https:\/\/qingdaohf.com\/wp-content\/uploads\/2023\/03\/65-1.jpg 1200w, https:\/\/qingdaohf.com\/wp-content\/uploads\/2023\/03\/65-1-282x300.jpg 282w, https:\/\/qingdaohf.com\/wp-content\/uploads\/2023\/03\/65-1-963x1024.jpg 963w, https:\/\/qingdaohf.com\/wp-content\/uploads\/2023\/03\/65-1-768x817.jpg 768w, https:\/\/qingdaohf.com\/wp-content\/uploads\/2023\/03\/65-1-1000x1063.jpg 1000w\" sizes=\"(max-width: 1200px) 100vw, 1200px\" \/><\/p>","protected":false},"excerpt":{"rendered":"<p>St\u00e2lpii elicoidali cu \u0219urub de p\u0103m\u00e2nt sunt un tip de sistem de funda\u021bie utilizat pentru diverse proiecte de construc\u021bii. Acestea constau dintr-o lam\u0103 elicoidal\u0103 cu \u0219urub ata\u0219at\u0103 la un arbore de o\u021bel, care este \u00eenfipt \u00een sol cu ajutorul unor utilaje hidraulice.<\/p>","protected":false},"featured_media":3442,"comment_status":"open","ping_status":"closed","template":"","meta":{"site-sidebar-layout":"default","site-content-layout":"default","ast-site-content-layout":"","site-content-style":"default","site-sidebar-style":"default","ast-global-header-display":"","ast-banner-title-visibility":"","ast-main-header-display":"","ast-hfb-above-header-display":"","ast-hfb-below-header-display":"","ast-hfb-mobile-header-display":"","site-post-title":"","ast-breadcrumbs-content":"","ast-featured-img":"","footer-sml-layout":"","theme-transparent-header-meta":"default","adv-header-id-meta":"","stick-header-meta":"default","header-above-stick-meta":"","header-main-stick-meta":"","header-below-stick-meta":"","astra-migrate-meta-layouts":"default","ast-page-background-enabled":"default","ast-page-background-meta":{"desktop":{"background-color":"","background-image":"","background-repeat":"repeat","background-position":"center center","background-size":"auto","background-attachment":"scroll","background-type":"","background-media":"","overlay-type":"","overlay-color":"","overlay-opacity":"","overlay-gradient":""},"tablet":{"background-color":"","background-image":"","background-repeat":"repeat","background-position":"center center","background-size":"auto","background-attachment":"scroll","background-type":"","background-media":"","overlay-type":"","overlay-color":"","overlay-opacity":"","overlay-gradient":""},"mobile":{"background-color":"","background-image":"","background-repeat":"repeat","background-position":"center center","background-size":"auto","background-attachment":"scroll","background-type":"","background-media":"","overlay-type":"","overlay-color":"","overlay-opacity":"","overlay-gradient":""}},"ast-content-background-meta":{"desktop":{"background-color":"var(--ast-global-color-5)","background-image":"","background-repeat":"repeat","background-position":"center center","background-size":"auto","background-attachment":"scroll","background-type":"","background-media":"","overlay-type":"","overlay-color":"","overlay-opacity":"","overlay-gradient":""},"tablet":{"background-color":"var(--ast-global-color-5)","background-image":"","background-repeat":"repeat","background-position":"center center","background-size":"auto","background-attachment":"scroll","background-type":"","background-media":"","overlay-type":"","overlay-color":"","overlay-opacity":"","overlay-gradient":""},"mobile":{"background-color":"var(--ast-global-color-5)","background-image":"","background-repeat":"repeat","background-position":"center center","background-size":"auto","background-attachment":"scroll","background-type":"","background-media":"","overlay-type":"","overlay-color":"","overlay-opacity":"","overlay-gradient":""}}},"product_brand":[],"product_cat":[41],"product_tag":[],"class_list":{"0":"post-2685","1":"product","2":"type-product","3":"status-publish","4":"has-post-thumbnail","6":"product_cat-steel-fence-post","7":"desktop-align-left","8":"tablet-align-left","9":"mobile-align-left","10":"ast-product-gallery-layout-horizontal-slider","11":"ast-product-tabs-layout-horizontal","13":"first","14":"instock","15":"shipping-taxable","16":"purchasable","17":"product-type-simple"},"yoast_head":"<!-- This site is optimized with the Yoast SEO plugin v25.2 - https:\/\/yoast.com\/wordpress\/plugins\/seo\/ -->\n<title>Helix Ground Screw Piles<\/title>\n<meta name=\"description\" content=\"Helix Ground Screw Piles are a type of foundation system used for various construction projects.\" \/>\n<meta name=\"robots\" content=\"index, follow, max-snippet:-1, max-image-preview:large, max-video-preview:-1\" \/>\n<link rel=\"canonical\" href=\"https:\/\/qingdaohf.com\/ro\/produs\/piloti-elicoidali-cu-surub-de-pamant\/\" \/>\n<meta property=\"og:locale\" content=\"ro_RO\" \/>\n<meta property=\"og:type\" content=\"article\" \/>\n<meta property=\"og:title\" content=\"Helix Ground Screw Piles\" \/>\n<meta property=\"og:description\" content=\"Helix Ground Screw Piles are a type of foundation system used for various construction projects.\" \/>\n<meta property=\"og:url\" content=\"https:\/\/qingdaohf.com\/ro\/produs\/piloti-elicoidali-cu-surub-de-pamant\/\" \/>\n<meta property=\"og:site_name\" content=\"Concrete Form &amp; Rigging Hardware Supplier\" \/>\n<meta property=\"article:publisher\" content=\"https:\/\/www.facebook.com\/qingdaohf\" \/>\n<meta property=\"article:modified_time\" content=\"2025-11-13T01:05:32+00:00\" \/>\n<meta property=\"og:image\" content=\"https:\/\/qingdaohf.com\/wp-content\/uploads\/2023\/03\/Ground-Screw-Pole-Anchor-3.jpg\" \/>\n\t<meta property=\"og:image:width\" content=\"1000\" \/>\n\t<meta property=\"og:image:height\" content=\"1000\" \/>\n\t<meta property=\"og:image:type\" content=\"image\/jpeg\" \/>\n<meta name=\"twitter:card\" content=\"summary_large_image\" \/>\n<meta name=\"twitter:label1\" content=\"Timp estimat pentru citire\" \/>\n\t<meta name=\"twitter:data1\" content=\"1 minut\" \/>\n<script type=\"application\/ld+json\" class=\"yoast-schema-graph\">{\"@context\":\"https:\/\/schema.org\",\"@graph\":[{\"@type\":\"WebPage\",\"@id\":\"https:\/\/qingdaohf.com\/product\/helix-ground-screw-piles\/\",\"url\":\"https:\/\/qingdaohf.com\/product\/helix-ground-screw-piles\/\",\"name\":\"Helix Ground Screw Piles\",\"isPartOf\":{\"@id\":\"https:\/\/qingdaohf.com\/bg\/#website\"},\"primaryImageOfPage\":{\"@id\":\"https:\/\/qingdaohf.com\/product\/helix-ground-screw-piles\/#primaryimage\"},\"image\":{\"@id\":\"https:\/\/qingdaohf.com\/product\/helix-ground-screw-piles\/#primaryimage\"},\"thumbnailUrl\":\"https:\/\/qingdaohf.com\/wp-content\/uploads\/2023\/03\/Ground-Screw-Pole-Anchor-3.jpg\",\"datePublished\":\"2023-03-03T09:17:35+00:00\",\"dateModified\":\"2025-11-13T01:05:32+00:00\",\"description\":\"Helix Ground Screw Piles are a type of foundation system used for various construction projects.\",\"breadcrumb\":{\"@id\":\"https:\/\/qingdaohf.com\/product\/helix-ground-screw-piles\/#breadcrumb\"},\"inLanguage\":\"ro-RO\",\"potentialAction\":[{\"@type\":\"ReadAction\",\"target\":[\"https:\/\/qingdaohf.com\/product\/helix-ground-screw-piles\/\"]}]},{\"@type\":\"ImageObject\",\"inLanguage\":\"ro-RO\",\"@id\":\"https:\/\/qingdaohf.com\/product\/helix-ground-screw-piles\/#primaryimage\",\"url\":\"https:\/\/qingdaohf.com\/wp-content\/uploads\/2023\/03\/Ground-Screw-Pole-Anchor-3.jpg\",\"contentUrl\":\"https:\/\/qingdaohf.com\/wp-content\/uploads\/2023\/03\/Ground-Screw-Pole-Anchor-3.jpg\",\"width\":1000,\"height\":1000,\"caption\":\"Ground Screw Pole Anchor\"},{\"@type\":\"BreadcrumbList\",\"@id\":\"https:\/\/qingdaohf.com\/product\/helix-ground-screw-piles\/#breadcrumb\",\"itemListElement\":[{\"@type\":\"ListItem\",\"position\":1,\"name\":\"Home\",\"item\":\"https:\/\/qingdaohf.com\/\"},{\"@type\":\"ListItem\",\"position\":2,\"name\":\"Concrete Forming Accessories and Rigging Hardware\",\"item\":\"https:\/\/qingdaohf.com\/bg\/?page_id=944\"},{\"@type\":\"ListItem\",\"position\":3,\"name\":\"Helix Ground Screw Piles\"}]},{\"@type\":\"WebSite\",\"@id\":\"https:\/\/qingdaohf.com\/bg\/#website\",\"url\":\"https:\/\/qingdaohf.com\/bg\/\",\"name\":\"Concrete Form & Rigging Hardware Supplier\",\"description\":\"\",\"publisher\":{\"@id\":\"https:\/\/qingdaohf.com\/bg\/#organization\"},\"potentialAction\":[{\"@type\":\"SearchAction\",\"target\":{\"@type\":\"EntryPoint\",\"urlTemplate\":\"https:\/\/qingdaohf.com\/bg\/?s={search_term_string}\"},\"query-input\":{\"@type\":\"PropertyValueSpecification\",\"valueRequired\":true,\"valueName\":\"search_term_string\"}}],\"inLanguage\":\"ro-RO\"},{\"@type\":\"Organization\",\"@id\":\"https:\/\/qingdaohf.com\/bg\/#organization\",\"name\":\"Qingdao H&F\",\"url\":\"https:\/\/qingdaohf.com\/bg\/\",\"logo\":{\"@type\":\"ImageObject\",\"inLanguage\":\"ro-RO\",\"@id\":\"https:\/\/qingdaohf.com\/bg\/#\/schema\/logo\/image\/\",\"url\":\"https:\/\/qingdaohf.com\/wp-content\/uploads\/2022\/12\/cropped-HF-LOGO.png\",\"contentUrl\":\"https:\/\/qingdaohf.com\/wp-content\/uploads\/2022\/12\/cropped-HF-LOGO.png\",\"width\":391,\"height\":249,\"caption\":\"Qingdao H&F\"},\"image\":{\"@id\":\"https:\/\/qingdaohf.com\/bg\/#\/schema\/logo\/image\/\"},\"sameAs\":[\"https:\/\/www.facebook.com\/qingdaohf\"]}]}<\/script>\n<!-- \/ Yoast SEO plugin. -->","yoast_head_json":{"title":"Helix Ground Screw Piles","description":"Helix Ground Screw Piles are a type of foundation system used for various construction projects.","robots":{"index":"index","follow":"follow","max-snippet":"max-snippet:-1","max-image-preview":"max-image-preview:large","max-video-preview":"max-video-preview:-1"},"canonical":"https:\/\/qingdaohf.com\/ro\/produs\/piloti-elicoidali-cu-surub-de-pamant\/","og_locale":"ro_RO","og_type":"article","og_title":"Helix Ground Screw Piles","og_description":"Helix Ground Screw Piles are a type of foundation system used for various construction projects.","og_url":"https:\/\/qingdaohf.com\/ro\/produs\/piloti-elicoidali-cu-surub-de-pamant\/","og_site_name":"Concrete Form &amp; Rigging Hardware Supplier","article_publisher":"https:\/\/www.facebook.com\/qingdaohf","article_modified_time":"2025-11-13T01:05:32+00:00","og_image":[{"width":1000,"height":1000,"url":"https:\/\/qingdaohf.com\/wp-content\/uploads\/2023\/03\/Ground-Screw-Pole-Anchor-3.jpg","type":"image\/jpeg"}],"twitter_card":"summary_large_image","twitter_misc":{"Timp estimat pentru citire":"1 minut"},"schema":{"@context":"https:\/\/schema.org","@graph":[{"@type":"WebPage","@id":"https:\/\/qingdaohf.com\/product\/helix-ground-screw-piles\/","url":"https:\/\/qingdaohf.com\/product\/helix-ground-screw-piles\/","name":"Helix Ground Screw Piles","isPartOf":{"@id":"https:\/\/qingdaohf.com\/bg\/#website"},"primaryImageOfPage":{"@id":"https:\/\/qingdaohf.com\/product\/helix-ground-screw-piles\/#primaryimage"},"image":{"@id":"https:\/\/qingdaohf.com\/product\/helix-ground-screw-piles\/#primaryimage"},"thumbnailUrl":"https:\/\/qingdaohf.com\/wp-content\/uploads\/2023\/03\/Ground-Screw-Pole-Anchor-3.jpg","datePublished":"2023-03-03T09:17:35+00:00","dateModified":"2025-11-13T01:05:32+00:00","description":"Helix Ground Screw Piles are a type of foundation system used for various construction projects.","breadcrumb":{"@id":"https:\/\/qingdaohf.com\/product\/helix-ground-screw-piles\/#breadcrumb"},"inLanguage":"ro-RO","potentialAction":[{"@type":"ReadAction","target":["https:\/\/qingdaohf.com\/product\/helix-ground-screw-piles\/"]}]},{"@type":"ImageObject","inLanguage":"ro-RO","@id":"https:\/\/qingdaohf.com\/product\/helix-ground-screw-piles\/#primaryimage","url":"https:\/\/qingdaohf.com\/wp-content\/uploads\/2023\/03\/Ground-Screw-Pole-Anchor-3.jpg","contentUrl":"https:\/\/qingdaohf.com\/wp-content\/uploads\/2023\/03\/Ground-Screw-Pole-Anchor-3.jpg","width":1000,"height":1000,"caption":"Ground Screw Pole Anchor"},{"@type":"BreadcrumbList","@id":"https:\/\/qingdaohf.com\/product\/helix-ground-screw-piles\/#breadcrumb","itemListElement":[{"@type":"ListItem","position":1,"name":"Home","item":"https:\/\/qingdaohf.com\/"},{"@type":"ListItem","position":2,"name":"Concrete Forming Accessories and Rigging Hardware","item":"https:\/\/qingdaohf.com\/bg\/?page_id=944"},{"@type":"ListItem","position":3,"name":"Helix Ground Screw Piles"}]},{"@type":"WebSite","@id":"https:\/\/qingdaohf.com\/bg\/#website","url":"https:\/\/qingdaohf.com\/bg\/","name":"Concrete Form & Rigging Hardware Supplier","description":"","publisher":{"@id":"https:\/\/qingdaohf.com\/bg\/#organization"},"potentialAction":[{"@type":"SearchAction","target":{"@type":"EntryPoint","urlTemplate":"https:\/\/qingdaohf.com\/bg\/?s={search_term_string}"},"query-input":{"@type":"PropertyValueSpecification","valueRequired":true,"valueName":"search_term_string"}}],"inLanguage":"ro-RO"},{"@type":"Organization","@id":"https:\/\/qingdaohf.com\/bg\/#organization","name":"Qingdao H&F","url":"https:\/\/qingdaohf.com\/bg\/","logo":{"@type":"ImageObject","inLanguage":"ro-RO","@id":"https:\/\/qingdaohf.com\/bg\/#\/schema\/logo\/image\/","url":"https:\/\/qingdaohf.com\/wp-content\/uploads\/2022\/12\/cropped-HF-LOGO.png","contentUrl":"https:\/\/qingdaohf.com\/wp-content\/uploads\/2022\/12\/cropped-HF-LOGO.png","width":391,"height":249,"caption":"Qingdao H&F"},"image":{"@id":"https:\/\/qingdaohf.com\/bg\/#\/schema\/logo\/image\/"},"sameAs":["https:\/\/www.facebook.com\/qingdaohf"]}]}},"_links":{"self":[{"href":"https:\/\/qingdaohf.com\/ro\/wp-json\/wp\/v2\/product\/2685","targetHints":{"allow":["GET"]}}],"collection":[{"href":"https:\/\/qingdaohf.com\/ro\/wp-json\/wp\/v2\/product"}],"about":[{"href":"https:\/\/qingdaohf.com\/ro\/wp-json\/wp\/v2\/types\/product"}],"replies":[{"embeddable":true,"href":"https:\/\/qingdaohf.com\/ro\/wp-json\/wp\/v2\/comments?post=2685"}],"version-history":[{"count":2,"href":"https:\/\/qingdaohf.com\/ro\/wp-json\/wp\/v2\/product\/2685\/revisions"}],"predecessor-version":[{"id":10440,"href":"https:\/\/qingdaohf.com\/ro\/wp-json\/wp\/v2\/product\/2685\/revisions\/10440"}],"wp:featuredmedia":[{"embeddable":true,"href":"https:\/\/qingdaohf.com\/ro\/wp-json\/wp\/v2\/media\/3442"}],"wp:attachment":[{"href":"https:\/\/qingdaohf.com\/ro\/wp-json\/wp\/v2\/media?parent=2685"}],"wp:term":[{"taxonomy":"product_brand","embeddable":true,"href":"https:\/\/qingdaohf.com\/ro\/wp-json\/wp\/v2\/product_brand?post=2685"},{"taxonomy":"product_cat","embeddable":true,"href":"https:\/\/qingdaohf.com\/ro\/wp-json\/wp\/v2\/product_cat?post=2685"},{"taxonomy":"product_tag","embeddable":true,"href":"https:\/\/qingdaohf.com\/ro\/wp-json\/wp\/v2\/product_tag?post=2685"}],"curies":[{"name":"wp","href":"https:\/\/api.w.org\/{rel}","templated":true}]}}