{"id":3452,"date":"2023-04-10T16:31:20","date_gmt":"2023-04-10T08:31:20","guid":{"rendered":"http:\/\/qingdaohf.com\/?post_type=product&#038;p=3452"},"modified":"2025-11-13T09:05:14","modified_gmt":"2025-11-13T01:05:14","slug":"paper-strip-nail","status":"publish","type":"product","link":"https:\/\/qingdaohf.com\/ro\/produs\/unghii-cu-banda-de-hartie\/","title":{"rendered":"Unghii de h\u00e2rtie cu band\u0103 de h\u00e2rtie Unghii cu band\u0103 de h\u00e2rtie"},"content":{"rendered":"<p>Cuie superioare pentru benzi de h\u00e2rtie: Cuiele noastre pentru benzi de h\u00e2rtie sunt meticulos fabricate folosind materiale de calitate superioar\u0103, asigur\u00e2nd durabilitate, rezisten\u021b\u0103 \u0219i performan\u021b\u0103 remarcabile. Fiecare cui este supus unor m\u0103suri riguroase de control al calit\u0103\u021bii, \u00eendeplinind \u0219i dep\u0103\u0219ind standardele industriei pentru fiabilitate.<\/p>\n<p>Aplica\u021bii versatile: Proiectate pentru a excela \u00een diverse aplica\u021bii, cuiele noastre cu band\u0103 de h\u00e2rtie sunt ideale pentru construc\u021bii, t\u00e2mpl\u0103rie, prelucrarea lemnului \u0219i alte industrii. Acestea ofer\u0103 o solu\u021bie de fixare sigur\u0103 \u0219i eficient\u0103 pentru o gam\u0103 larg\u0103 de proiecte.<\/p>\n<p>Servicii personalizate pentru clien\u021bi: \u00cen centrul opera\u021biunilor noastre se afl\u0103 angajamentul nostru fa\u021b\u0103 de serviciile personalizate pentru clien\u021bi. Echipa noastr\u0103 experimentat\u0103 lucreaz\u0103 \u00eendeaproape cu fiecare client, \u00een\u021beleg\u00e2ndu-i nevoile unice \u0219i recomand\u00e2ndu-i cele mai potrivite cuie cu band\u0103 de h\u00e2rtie pentru aplica\u021biile lor specifice.<\/p>\n<p>Asisten\u021b\u0103 post-v\u00e2nzare de neegalat: Dedicarea noastr\u0103 se extinde dincolo de punctul de achizi\u021bie. Suntem extrem de m\u00e2ndri s\u0103 oferim asisten\u021b\u0103 post-v\u00e2nzare complet\u0103, r\u0103spunz\u00e2nd prompt oric\u0103ror \u00eentreb\u0103ri sau preocup\u0103ri pentru a v\u0103 asigura satisfac\u021bia maxim\u0103.<\/p>\n<p>Marje de profit sporite: \u00cen timp ce men\u021binem calitatea strict\u0103 a produselor, \u00een\u021belegem importan\u021ba de a oferi clien\u021bilor no\u0219tri valoro\u0219i marje de profit crescute. Procesele noastre de produc\u021bie eficiente \u0219i parteneriatele strategice ne permit s\u0103 oferim pre\u021buri competitive f\u0103r\u0103 a compromite excelen\u021ba.<\/p>\n<p>Dou\u0103 decenii de expertiz\u0103: Cu 20 de ani de experien\u021b\u0103 \u00een industria de montaj, echipa noastr\u0103 posed\u0103 cuno\u0219tin\u021be \u0219i expertiz\u0103 extinse. R\u0103m\u00e2nem \u00een fruntea progreselor \u0219i tendin\u021belor din industrie, ceea ce ne permite s\u0103 oferim solu\u021bii de ultim\u0103 or\u0103 clien\u021bilor no\u0219tri.<\/p>\n<p>Re\u021bea de distribu\u021bie fiabil\u0103: \u00cen calitate de distribuitor \u0219i angrosist de \u00eencredere, ne m\u00e2ndrim cu o re\u021bea de distribu\u021bie robust\u0103 care asigur\u0103 livrarea prompt\u0103 \u0219i fiabil\u0103 a cuielor cu band\u0103 de h\u00e2rtie, indiferent de loca\u021bia dumneavoastr\u0103.<\/p>\n<div class=\"ast-oembed-container\" style=\"height: 100%;\"><iframe title=\"form\u0103 de beton h\u00e2rtie band\u0103 cui\" width=\"500\" height=\"375\" src=\"https:\/\/www.youtube.com\/embed\/33dy1pMdIBI?start=2&#038;feature=oembed\" frameborder=\"0\" allow=\"accelerometer; autoplay; clipboard-write; encrypted-media; gyroscope; picture-in-picture; web-share\" referrerpolicy=\"strict-origin-when-cross-origin\" allowfullscreen><\/iframe><\/div>\n<p><img fetchpriority=\"high\" decoding=\"async\" class=\"alignnone size-full wp-image-3460\" src=\"http:\/\/qingdaohf.com\/wp-content\/uploads\/2023\/04\/70-1.jpg\" alt=\"unghii cu band\u0103 de h\u00e2rtie\" width=\"1200\" height=\"1296\" srcset=\"https:\/\/qingdaohf.com\/wp-content\/uploads\/2023\/04\/70-1.jpg 1200w, https:\/\/qingdaohf.com\/wp-content\/uploads\/2023\/04\/70-1-278x300.jpg 278w, https:\/\/qingdaohf.com\/wp-content\/uploads\/2023\/04\/70-1-948x1024.jpg 948w, https:\/\/qingdaohf.com\/wp-content\/uploads\/2023\/04\/70-1-768x829.jpg 768w, https:\/\/qingdaohf.com\/wp-content\/uploads\/2023\/04\/70-1-1000x1080.jpg 1000w\" sizes=\"(max-width: 1200px) 100vw, 1200px\" \/><\/p>\n<p>De ce s\u0103 ne alege\u021bi?<\/p>\n<p>Fiabilitate dovedit\u0103: Reputa\u021bia noastr\u0103 solid\u0103 este construit\u0103 pe \u00eencrederea \u0219i loialitatea nenum\u0103ra\u021bilor clien\u021bi mul\u021bumi\u021bi. Acord\u0103m \u00een mod constant prioritate calit\u0103\u021bii \u0219i fiabilit\u0103\u021bii, asigur\u00e2ndu-ne c\u0103 cuiele noastre cu band\u0103 de h\u00e2rtie v\u0103 dep\u0103\u0219esc a\u0219tept\u0103rile.<\/p>\n<p>Siguran\u021ba \u00eenainte de toate: Siguran\u021ba este de o importan\u021b\u0103 capital\u0103 pentru noi. Cuiele noastre cu band\u0103 de h\u00e2rtie sunt supuse unor teste am\u0103nun\u021bite \u0219i respect\u0103 standardele de siguran\u021b\u0103 din industrie, oferindu-v\u0103 lini\u0219tea de care ave\u021bi nevoie pentru aplica\u021biile critice.<\/p>\n<p>Solu\u021bii personalizate: \u00cen\u021belegem c\u0103 fiecare proiect are cerin\u021be unice. Echipa noastr\u0103 colaboreaz\u0103 \u00eendeaproape cu dvs. pentru a oferi solu\u021bii personalizate care s\u0103 r\u0103spund\u0103 exact nevoilor dvs., asigur\u00e2nd rezultate optime de fiecare dat\u0103.<\/p>\n<p>Abordare centrat\u0103 pe client: Clien\u021bii no\u0219tri sunt \u00een prim-planul afacerii noastre. Suntem extrem de m\u00e2ndri de serviciile noastre excep\u021bionale pentru clien\u021bi, de comunicarea transparent\u0103 \u0219i de dedicarea noastr\u0103 de a face un efort suplimentar pentru a v\u0103 satisface.<\/p>","protected":false},"excerpt":{"rendered":"<p>Cuiele cu band\u0103 de h\u00e2rtie, cunoscute \u0219i sub numele de cuie \u00eencol\u0103cite sau cuie cu band\u0103 de plastic, sunt un tip de element de fixare utilizat \u00een construc\u021bii \u0219i t\u00e2mpl\u0103rie. Aceste cuie sunt concepute pentru a fi utilizate cu pistoale pneumatice, care le \u00eenfig \u00een lemn sau \u00een alte materiale cu mare vitez\u0103 \u0219i precizie.<\/p>","protected":false},"featured_media":3453,"comment_status":"open","ping_status":"closed","template":"","meta":{"site-sidebar-layout":"default","site-content-layout":"default","ast-site-content-layout":"","site-content-style":"default","site-sidebar-style":"default","ast-global-header-display":"","ast-banner-title-visibility":"","ast-main-header-display":"","ast-hfb-above-header-display":"","ast-hfb-below-header-display":"","ast-hfb-mobile-header-display":"","site-post-title":"","ast-breadcrumbs-content":"","ast-featured-img":"","footer-sml-layout":"","theme-transparent-header-meta":"default","adv-header-id-meta":"","stick-header-meta":"default","header-above-stick-meta":"","header-main-stick-meta":"","header-below-stick-meta":"","astra-migrate-meta-layouts":"default","ast-page-background-enabled":"default","ast-page-background-meta":{"desktop":{"background-color":"","background-image":"","background-repeat":"repeat","background-position":"center center","background-size":"auto","background-attachment":"scroll","background-type":"","background-media":"","overlay-type":"","overlay-color":"","overlay-opacity":"","overlay-gradient":""},"tablet":{"background-color":"","background-image":"","background-repeat":"repeat","background-position":"center center","background-size":"auto","background-attachment":"scroll","background-type":"","background-media":"","overlay-type":"","overlay-color":"","overlay-opacity":"","overlay-gradient":""},"mobile":{"background-color":"","background-image":"","background-repeat":"repeat","background-position":"center center","background-size":"auto","background-attachment":"scroll","background-type":"","background-media":"","overlay-type":"","overlay-color":"","overlay-opacity":"","overlay-gradient":""}},"ast-content-background-meta":{"desktop":{"background-color":"var(--ast-global-color-5)","background-image":"","background-repeat":"repeat","background-position":"center center","background-size":"auto","background-attachment":"scroll","background-type":"","background-media":"","overlay-type":"","overlay-color":"","overlay-opacity":"","overlay-gradient":""},"tablet":{"background-color":"var(--ast-global-color-5)","background-image":"","background-repeat":"repeat","background-position":"center center","background-size":"auto","background-attachment":"scroll","background-type":"","background-media":"","overlay-type":"","overlay-color":"","overlay-opacity":"","overlay-gradient":""},"mobile":{"background-color":"var(--ast-global-color-5)","background-image":"","background-repeat":"repeat","background-position":"center center","background-size":"auto","background-attachment":"scroll","background-type":"","background-media":"","overlay-type":"","overlay-color":"","overlay-opacity":"","overlay-gradient":""}}},"product_brand":[],"product_cat":[34],"product_tag":[],"class_list":{"0":"post-3452","1":"product","2":"type-product","3":"status-publish","4":"has-post-thumbnail","6":"product_cat-nail","7":"desktop-align-left","8":"tablet-align-left","9":"mobile-align-left","10":"ast-product-gallery-layout-horizontal-slider","11":"ast-product-tabs-layout-horizontal","13":"first","14":"instock","15":"shipping-taxable","16":"purchasable","17":"product-type-simple"},"yoast_head":"<!-- This site is optimized with the Yoast SEO plugin v25.2 - https:\/\/yoast.com\/wordpress\/plugins\/seo\/ -->\n<title>Paper Strip Nail Paper Collated Nails<\/title>\n<meta name=\"description\" content=\"Paper strip nails, also known as collated nails or plastic strip nails, are a type of fastener used in construction and carpentry.\" \/>\n<meta name=\"robots\" content=\"index, follow, max-snippet:-1, max-image-preview:large, max-video-preview:-1\" \/>\n<link rel=\"canonical\" href=\"https:\/\/qingdaohf.com\/ro\/produs\/unghii-cu-banda-de-hartie\/\" \/>\n<meta property=\"og:locale\" content=\"ro_RO\" \/>\n<meta property=\"og:type\" content=\"article\" \/>\n<meta property=\"og:title\" content=\"Paper Strip Nail Paper Collated Nails\" \/>\n<meta property=\"og:description\" content=\"Paper strip nails, also known as collated nails or plastic strip nails, are a type of fastener used in construction and carpentry.\" \/>\n<meta property=\"og:url\" content=\"https:\/\/qingdaohf.com\/ro\/produs\/unghii-cu-banda-de-hartie\/\" \/>\n<meta property=\"og:site_name\" content=\"Concrete Form &amp; Rigging Hardware Supplier\" \/>\n<meta property=\"article:publisher\" content=\"https:\/\/www.facebook.com\/qingdaohf\" \/>\n<meta property=\"article:modified_time\" content=\"2025-11-13T01:05:14+00:00\" \/>\n<meta property=\"og:image\" content=\"https:\/\/qingdaohf.com\/wp-content\/uploads\/2023\/04\/paper-strip-nail-3.jpg\" \/>\n\t<meta property=\"og:image:width\" content=\"800\" \/>\n\t<meta property=\"og:image:height\" content=\"800\" \/>\n\t<meta property=\"og:image:type\" content=\"image\/jpeg\" \/>\n<meta name=\"twitter:card\" content=\"summary_large_image\" \/>\n<meta name=\"twitter:label1\" content=\"Timp estimat pentru citire\" \/>\n\t<meta name=\"twitter:data1\" content=\"2 minute\" \/>\n<script type=\"application\/ld+json\" class=\"yoast-schema-graph\">{\"@context\":\"https:\/\/schema.org\",\"@graph\":[{\"@type\":\"WebPage\",\"@id\":\"https:\/\/qingdaohf.com\/product\/paper-strip-nail\/\",\"url\":\"https:\/\/qingdaohf.com\/product\/paper-strip-nail\/\",\"name\":\"Paper Strip Nail Paper Collated Nails\",\"isPartOf\":{\"@id\":\"https:\/\/qingdaohf.com\/bg\/#website\"},\"primaryImageOfPage\":{\"@id\":\"https:\/\/qingdaohf.com\/product\/paper-strip-nail\/#primaryimage\"},\"image\":{\"@id\":\"https:\/\/qingdaohf.com\/product\/paper-strip-nail\/#primaryimage\"},\"thumbnailUrl\":\"https:\/\/qingdaohf.com\/wp-content\/uploads\/2023\/04\/paper-strip-nail-3.jpg\",\"datePublished\":\"2023-04-10T08:31:20+00:00\",\"dateModified\":\"2025-11-13T01:05:14+00:00\",\"description\":\"Paper strip nails, also known as collated nails or plastic strip nails, are a type of fastener used in construction and carpentry.\",\"breadcrumb\":{\"@id\":\"https:\/\/qingdaohf.com\/product\/paper-strip-nail\/#breadcrumb\"},\"inLanguage\":\"ro-RO\",\"potentialAction\":[{\"@type\":\"ReadAction\",\"target\":[\"https:\/\/qingdaohf.com\/product\/paper-strip-nail\/\"]}]},{\"@type\":\"ImageObject\",\"inLanguage\":\"ro-RO\",\"@id\":\"https:\/\/qingdaohf.com\/product\/paper-strip-nail\/#primaryimage\",\"url\":\"https:\/\/qingdaohf.com\/wp-content\/uploads\/2023\/04\/paper-strip-nail-3.jpg\",\"contentUrl\":\"https:\/\/qingdaohf.com\/wp-content\/uploads\/2023\/04\/paper-strip-nail-3.jpg\",\"width\":800,\"height\":800,\"caption\":\"paper strip nail\"},{\"@type\":\"BreadcrumbList\",\"@id\":\"https:\/\/qingdaohf.com\/product\/paper-strip-nail\/#breadcrumb\",\"itemListElement\":[{\"@type\":\"ListItem\",\"position\":1,\"name\":\"Home\",\"item\":\"https:\/\/qingdaohf.com\/\"},{\"@type\":\"ListItem\",\"position\":2,\"name\":\"Concrete Forming Accessories and Rigging Hardware\",\"item\":\"https:\/\/qingdaohf.com\/bg\/?page_id=944\"},{\"@type\":\"ListItem\",\"position\":3,\"name\":\"Paper Strip Nail Paper Collated Nails\"}]},{\"@type\":\"WebSite\",\"@id\":\"https:\/\/qingdaohf.com\/bg\/#website\",\"url\":\"https:\/\/qingdaohf.com\/bg\/\",\"name\":\"Concrete Form & Rigging Hardware Supplier\",\"description\":\"\",\"publisher\":{\"@id\":\"https:\/\/qingdaohf.com\/bg\/#organization\"},\"potentialAction\":[{\"@type\":\"SearchAction\",\"target\":{\"@type\":\"EntryPoint\",\"urlTemplate\":\"https:\/\/qingdaohf.com\/bg\/?s={search_term_string}\"},\"query-input\":{\"@type\":\"PropertyValueSpecification\",\"valueRequired\":true,\"valueName\":\"search_term_string\"}}],\"inLanguage\":\"ro-RO\"},{\"@type\":\"Organization\",\"@id\":\"https:\/\/qingdaohf.com\/bg\/#organization\",\"name\":\"Qingdao H&F\",\"url\":\"https:\/\/qingdaohf.com\/bg\/\",\"logo\":{\"@type\":\"ImageObject\",\"inLanguage\":\"ro-RO\",\"@id\":\"https:\/\/qingdaohf.com\/bg\/#\/schema\/logo\/image\/\",\"url\":\"https:\/\/qingdaohf.com\/wp-content\/uploads\/2022\/12\/cropped-HF-LOGO.png\",\"contentUrl\":\"https:\/\/qingdaohf.com\/wp-content\/uploads\/2022\/12\/cropped-HF-LOGO.png\",\"width\":391,\"height\":249,\"caption\":\"Qingdao H&F\"},\"image\":{\"@id\":\"https:\/\/qingdaohf.com\/bg\/#\/schema\/logo\/image\/\"},\"sameAs\":[\"https:\/\/www.facebook.com\/qingdaohf\"]}]}<\/script>\n<!-- \/ Yoast SEO plugin. -->","yoast_head_json":{"title":"Paper Strip Nail Paper Collated Nails","description":"Paper strip nails, also known as collated nails or plastic strip nails, are a type of fastener used in construction and carpentry.","robots":{"index":"index","follow":"follow","max-snippet":"max-snippet:-1","max-image-preview":"max-image-preview:large","max-video-preview":"max-video-preview:-1"},"canonical":"https:\/\/qingdaohf.com\/ro\/produs\/unghii-cu-banda-de-hartie\/","og_locale":"ro_RO","og_type":"article","og_title":"Paper Strip Nail Paper Collated Nails","og_description":"Paper strip nails, also known as collated nails or plastic strip nails, are a type of fastener used in construction and carpentry.","og_url":"https:\/\/qingdaohf.com\/ro\/produs\/unghii-cu-banda-de-hartie\/","og_site_name":"Concrete Form &amp; Rigging Hardware Supplier","article_publisher":"https:\/\/www.facebook.com\/qingdaohf","article_modified_time":"2025-11-13T01:05:14+00:00","og_image":[{"width":800,"height":800,"url":"https:\/\/qingdaohf.com\/wp-content\/uploads\/2023\/04\/paper-strip-nail-3.jpg","type":"image\/jpeg"}],"twitter_card":"summary_large_image","twitter_misc":{"Timp estimat pentru citire":"2 minute"},"schema":{"@context":"https:\/\/schema.org","@graph":[{"@type":"WebPage","@id":"https:\/\/qingdaohf.com\/product\/paper-strip-nail\/","url":"https:\/\/qingdaohf.com\/product\/paper-strip-nail\/","name":"Paper Strip Nail Paper Collated Nails","isPartOf":{"@id":"https:\/\/qingdaohf.com\/bg\/#website"},"primaryImageOfPage":{"@id":"https:\/\/qingdaohf.com\/product\/paper-strip-nail\/#primaryimage"},"image":{"@id":"https:\/\/qingdaohf.com\/product\/paper-strip-nail\/#primaryimage"},"thumbnailUrl":"https:\/\/qingdaohf.com\/wp-content\/uploads\/2023\/04\/paper-strip-nail-3.jpg","datePublished":"2023-04-10T08:31:20+00:00","dateModified":"2025-11-13T01:05:14+00:00","description":"Paper strip nails, also known as collated nails or plastic strip nails, are a type of fastener used in construction and carpentry.","breadcrumb":{"@id":"https:\/\/qingdaohf.com\/product\/paper-strip-nail\/#breadcrumb"},"inLanguage":"ro-RO","potentialAction":[{"@type":"ReadAction","target":["https:\/\/qingdaohf.com\/product\/paper-strip-nail\/"]}]},{"@type":"ImageObject","inLanguage":"ro-RO","@id":"https:\/\/qingdaohf.com\/product\/paper-strip-nail\/#primaryimage","url":"https:\/\/qingdaohf.com\/wp-content\/uploads\/2023\/04\/paper-strip-nail-3.jpg","contentUrl":"https:\/\/qingdaohf.com\/wp-content\/uploads\/2023\/04\/paper-strip-nail-3.jpg","width":800,"height":800,"caption":"paper strip nail"},{"@type":"BreadcrumbList","@id":"https:\/\/qingdaohf.com\/product\/paper-strip-nail\/#breadcrumb","itemListElement":[{"@type":"ListItem","position":1,"name":"Home","item":"https:\/\/qingdaohf.com\/"},{"@type":"ListItem","position":2,"name":"Concrete Forming Accessories and Rigging Hardware","item":"https:\/\/qingdaohf.com\/bg\/?page_id=944"},{"@type":"ListItem","position":3,"name":"Paper Strip Nail Paper Collated Nails"}]},{"@type":"WebSite","@id":"https:\/\/qingdaohf.com\/bg\/#website","url":"https:\/\/qingdaohf.com\/bg\/","name":"Concrete Form & Rigging Hardware Supplier","description":"","publisher":{"@id":"https:\/\/qingdaohf.com\/bg\/#organization"},"potentialAction":[{"@type":"SearchAction","target":{"@type":"EntryPoint","urlTemplate":"https:\/\/qingdaohf.com\/bg\/?s={search_term_string}"},"query-input":{"@type":"PropertyValueSpecification","valueRequired":true,"valueName":"search_term_string"}}],"inLanguage":"ro-RO"},{"@type":"Organization","@id":"https:\/\/qingdaohf.com\/bg\/#organization","name":"Qingdao H&F","url":"https:\/\/qingdaohf.com\/bg\/","logo":{"@type":"ImageObject","inLanguage":"ro-RO","@id":"https:\/\/qingdaohf.com\/bg\/#\/schema\/logo\/image\/","url":"https:\/\/qingdaohf.com\/wp-content\/uploads\/2022\/12\/cropped-HF-LOGO.png","contentUrl":"https:\/\/qingdaohf.com\/wp-content\/uploads\/2022\/12\/cropped-HF-LOGO.png","width":391,"height":249,"caption":"Qingdao H&F"},"image":{"@id":"https:\/\/qingdaohf.com\/bg\/#\/schema\/logo\/image\/"},"sameAs":["https:\/\/www.facebook.com\/qingdaohf"]}]}},"_links":{"self":[{"href":"https:\/\/qingdaohf.com\/ro\/wp-json\/wp\/v2\/product\/3452","targetHints":{"allow":["GET"]}}],"collection":[{"href":"https:\/\/qingdaohf.com\/ro\/wp-json\/wp\/v2\/product"}],"about":[{"href":"https:\/\/qingdaohf.com\/ro\/wp-json\/wp\/v2\/types\/product"}],"replies":[{"embeddable":true,"href":"https:\/\/qingdaohf.com\/ro\/wp-json\/wp\/v2\/comments?post=3452"}],"version-history":[{"count":2,"href":"https:\/\/qingdaohf.com\/ro\/wp-json\/wp\/v2\/product\/3452\/revisions"}],"predecessor-version":[{"id":10434,"href":"https:\/\/qingdaohf.com\/ro\/wp-json\/wp\/v2\/product\/3452\/revisions\/10434"}],"wp:featuredmedia":[{"embeddable":true,"href":"https:\/\/qingdaohf.com\/ro\/wp-json\/wp\/v2\/media\/3453"}],"wp:attachment":[{"href":"https:\/\/qingdaohf.com\/ro\/wp-json\/wp\/v2\/media?parent=3452"}],"wp:term":[{"taxonomy":"product_brand","embeddable":true,"href":"https:\/\/qingdaohf.com\/ro\/wp-json\/wp\/v2\/product_brand?post=3452"},{"taxonomy":"product_cat","embeddable":true,"href":"https:\/\/qingdaohf.com\/ro\/wp-json\/wp\/v2\/product_cat?post=3452"},{"taxonomy":"product_tag","embeddable":true,"href":"https:\/\/qingdaohf.com\/ro\/wp-json\/wp\/v2\/product_tag?post=3452"}],"curies":[{"name":"wp","href":"https:\/\/api.w.org\/{rel}","templated":true}]}}