{"id":3508,"date":"2023-04-10T17:33:10","date_gmt":"2023-04-10T09:33:10","guid":{"rendered":"http:\/\/qingdaohf.com\/?post_type=product&#038;p=3508"},"modified":"2025-11-13T09:05:14","modified_gmt":"2025-11-13T01:05:14","slug":"aluminium-wire-rope-ferrule","status":"publish","type":"product","link":"https:\/\/qingdaohf.com\/ro\/produs\/ferastrau-din-aluminiu-pentru-cabluri\/","title":{"rendered":"Aluminiu s\u00e2rm\u0103 de s\u00e2rm\u0103 de s\u00e2rm\u0103 Ferrule"},"content":{"rendered":"<p><img fetchpriority=\"high\" decoding=\"async\" class=\"alignnone wp-image-9487 size-full\" src=\"http:\/\/qingdaohf.com\/wp-content\/uploads\/2025\/04\/wire-rope-description-7.webp\" alt=\"ferul\u0103\" width=\"600\" height=\"774\" srcset=\"https:\/\/qingdaohf.com\/wp-content\/uploads\/2025\/04\/wire-rope-description-7.webp 600w, https:\/\/qingdaohf.com\/wp-content\/uploads\/2025\/04\/wire-rope-description-7-233x300.webp 233w, https:\/\/qingdaohf.com\/wp-content\/uploads\/2025\/04\/wire-rope-description-7-9x12.webp 9w\" sizes=\"(max-width: 600px) 100vw, 600px\" \/><\/p>\n<p>Ferula este de obicei fabricat\u0103 din aliaj de aluminiu de \u00eenalt\u0103 calitate, care ofer\u0103 o rezisten\u021b\u0103 excelent\u0103 la coroziune \u0219i propriet\u0103\u021bi u\u0219oare. Construc\u021bia sa permite o manipulare \u0219i o instalare u\u0219oar\u0103, ceea ce o face o alegere popular\u0103 \u00een industrii precum cea naval\u0103, a construc\u021biilor, a echip\u0103rii \u0219i a aplica\u021biilor de uz general.<\/p>\n<p>Ferula din aluminiu pentru cablu de s\u00e2rm\u0103 const\u0103 dintr-un man\u0219on cilindric cu o suprafa\u021b\u0103 interioar\u0103 neted\u0103 \u0219i o serie de zim\u021bi sau caneluri pe suprafa\u021ba exterioar\u0103. Aceste zim\u021biri joac\u0103 un rol crucial \u00een prinderea \u0219i men\u021binerea cablului metalic \u00een pozi\u021bie sigur\u0103 odat\u0103 ce ferula este sertit\u0103 corespunz\u0103tor.<\/p>\n<p><img decoding=\"async\" class=\"alignnone size-full wp-image-3510\" src=\"http:\/\/qingdaohf.com\/wp-content\/uploads\/2023\/04\/aluminium-ferrule-2.jpg\" alt=\"ferul\u0103 din aluminiu\" width=\"800\" height=\"800\" srcset=\"https:\/\/qingdaohf.com\/wp-content\/uploads\/2023\/04\/aluminium-ferrule-2.jpg 800w, https:\/\/qingdaohf.com\/wp-content\/uploads\/2023\/04\/aluminium-ferrule-2-300x300.jpg 300w, https:\/\/qingdaohf.com\/wp-content\/uploads\/2023\/04\/aluminium-ferrule-2-150x150.jpg 150w, https:\/\/qingdaohf.com\/wp-content\/uploads\/2023\/04\/aluminium-ferrule-2-768x768.jpg 768w, https:\/\/qingdaohf.com\/wp-content\/uploads\/2023\/04\/aluminium-ferrule-2-500x500.jpg 500w, https:\/\/qingdaohf.com\/wp-content\/uploads\/2023\/04\/aluminium-ferrule-2-100x100.jpg 100w\" sizes=\"(max-width: 800px) 100vw, 800px\" \/><\/p>\n<p>Pentru a instala virola, cablul este introdus \u00een man\u0219on, asigur\u00e2ndu-se c\u0103 ajunge la ad\u00e2ncimea dorit\u0103. Ferula este apoi comprimat\u0103 sau sertit\u0103 cu ajutorul unor unelte specializate, cum ar fi sertitoarele pentru cabluri sau presele hidraulice. Acest proces de compresie deformeaz\u0103 man\u0219onul, determin\u00e2nd zim\u021bii s\u0103 mu\u0219te \u00een firele de cablu \u0219i s\u0103 creeze o conexiune mecanic\u0103 puternic\u0103.<\/p>\n<p>Conexiunea rezultat\u0103 format\u0103 de ferula din aluminiu pentru cablu metalic este cunoscut\u0103 pentru rezisten\u021ba sa ridicat\u0103 la trac\u021biune \u0219i rezisten\u021ba la alunecare. Aceasta distribuie \u00een mod eficient sarcina uniform pe cablul de s\u00e2rm\u0103, minimiz\u00e2nd concentra\u021biile de tensiune \u0219i \u00eembun\u0103t\u0103\u021bind stabilitatea general\u0103.<\/p>\n<p>Ferule\u021bele din aluminiu pentru cabluri de s\u00e2rm\u0103 sunt disponibile \u00een diferite dimensiuni pentru a se potrivi diferitelor diametre ale cablurilor de s\u00e2rm\u0103. Este esen\u021bial s\u0103 alege\u021bi dimensiunea corespunz\u0103toare a virolei care se potrive\u0219te cu cablul de s\u00e2rm\u0103 pentru a asigura o potrivire corect\u0103 \u0219i o rezisten\u021b\u0103 maxim\u0103 de fixare.<\/p>\n<p><img decoding=\"async\" class=\"alignnone size-full wp-image-3511\" src=\"http:\/\/qingdaohf.com\/wp-content\/uploads\/2023\/04\/aluminium-ferrule-3.jpg\" alt=\"ferul\u0103 din aluminiu\" width=\"800\" height=\"800\" srcset=\"https:\/\/qingdaohf.com\/wp-content\/uploads\/2023\/04\/aluminium-ferrule-3.jpg 800w, https:\/\/qingdaohf.com\/wp-content\/uploads\/2023\/04\/aluminium-ferrule-3-300x300.jpg 300w, https:\/\/qingdaohf.com\/wp-content\/uploads\/2023\/04\/aluminium-ferrule-3-150x150.jpg 150w, https:\/\/qingdaohf.com\/wp-content\/uploads\/2023\/04\/aluminium-ferrule-3-768x768.jpg 768w, https:\/\/qingdaohf.com\/wp-content\/uploads\/2023\/04\/aluminium-ferrule-3-500x500.jpg 500w, https:\/\/qingdaohf.com\/wp-content\/uploads\/2023\/04\/aluminium-ferrule-3-100x100.jpg 100w\" sizes=\"(max-width: 800px) 100vw, 800px\" \/><\/p>\n<p>Unul dintre avantajele utiliz\u0103rii virolelor din aluminiu pentru cabluri de s\u00e2rm\u0103 este compatibilitatea lor cu cablurile de s\u00e2rm\u0103 galvanizate \u0219i din o\u021bel inoxidabil. Acestea pot fi utilizate cu diferite tipuri de configura\u021bii de cabluri, inclusiv cabluri cu un singur fir, cabluri cu mai multe fire \u0219i cabluri compactate.<\/p>\n<p><img loading=\"lazy\" decoding=\"async\" class=\"alignnone size-full wp-image-3509\" src=\"http:\/\/qingdaohf.com\/wp-content\/uploads\/2023\/04\/aluminium-ferrule-1.jpg\" alt=\"ferul\u0103 din aluminiu\" width=\"800\" height=\"691\" srcset=\"https:\/\/qingdaohf.com\/wp-content\/uploads\/2023\/04\/aluminium-ferrule-1.jpg 800w, https:\/\/qingdaohf.com\/wp-content\/uploads\/2023\/04\/aluminium-ferrule-1-300x259.jpg 300w, https:\/\/qingdaohf.com\/wp-content\/uploads\/2023\/04\/aluminium-ferrule-1-768x663.jpg 768w\" sizes=\"(max-width: 800px) 100vw, 800px\" \/><\/p>\n<p>Este important s\u0103 re\u021bine\u021bi c\u0103 trebuie respectate tehnicile \u0219i instrumentele de instalare adecvate pentru a asigura o conexiune sigur\u0103 \u0219i fiabil\u0103. Respectarea ghidurilor produc\u0103torului \u0219i a celor mai bune practici din industrie pentru procedurile de sertizare \u0219i terminare este esen\u021bial\u0103 pentru a men\u021bine integritatea \u0219i rezisten\u021ba ansamblului de cabluri.<\/p>\n<div class=\"ast-oembed-container\" style=\"height: 100%;\"><iframe title=\"Aluminiu s\u00e2rm\u0103 de s\u00e2rm\u0103 de s\u00e2rm\u0103 Ferrule\" width=\"500\" height=\"375\" src=\"https:\/\/www.youtube.com\/embed\/4ODAjfyxniI?feature=oembed\" frameborder=\"0\" allow=\"accelerometer; autoplay; clipboard-write; encrypted-media; gyroscope; picture-in-picture; web-share\" referrerpolicy=\"strict-origin-when-cross-origin\" allowfullscreen><\/iframe><\/div>","protected":false},"excerpt":{"rendered":"<p>Man\u0219onul din aluminiu pentru cabluri de s\u00e2rm\u0103, cunoscut \u0219i sub denumirea de man\u0219on din aluminiu pentru cabluri de s\u00e2rm\u0103 sau man\u0219on de aluminiu pentru sertizare, este un accesoriu specializat utilizat \u00een diverse aplica\u021bii care implic\u0103 cabluri de s\u00e2rm\u0103. Este proiectat special pentru a crea o conexiune sigur\u0103 \u0219i durabil\u0103 \u00eentre capetele cablurilor metalice, oferind rezisten\u021b\u0103 \u0219i fiabilitate.<\/p>","protected":false},"featured_media":3513,"comment_status":"open","ping_status":"closed","template":"","meta":{"site-sidebar-layout":"default","site-content-layout":"default","ast-site-content-layout":"default","site-content-style":"default","site-sidebar-style":"default","ast-global-header-display":"","ast-banner-title-visibility":"","ast-main-header-display":"","ast-hfb-above-header-display":"","ast-hfb-below-header-display":"","ast-hfb-mobile-header-display":"","site-post-title":"","ast-breadcrumbs-content":"","ast-featured-img":"","footer-sml-layout":"","theme-transparent-header-meta":"default","adv-header-id-meta":"","stick-header-meta":"default","header-above-stick-meta":"","header-main-stick-meta":"","header-below-stick-meta":"","astra-migrate-meta-layouts":"set","ast-page-background-enabled":"default","ast-page-background-meta":{"desktop":{"background-color":"","background-image":"","background-repeat":"repeat","background-position":"center center","background-size":"auto","background-attachment":"scroll","background-type":"","background-media":"","overlay-type":"","overlay-color":"","overlay-opacity":"","overlay-gradient":""},"tablet":{"background-color":"","background-image":"","background-repeat":"repeat","background-position":"center center","background-size":"auto","background-attachment":"scroll","background-type":"","background-media":"","overlay-type":"","overlay-color":"","overlay-opacity":"","overlay-gradient":""},"mobile":{"background-color":"","background-image":"","background-repeat":"repeat","background-position":"center center","background-size":"auto","background-attachment":"scroll","background-type":"","background-media":"","overlay-type":"","overlay-color":"","overlay-opacity":"","overlay-gradient":""}},"ast-content-background-meta":{"desktop":{"background-color":"var(--ast-global-color-5)","background-image":"","background-repeat":"repeat","background-position":"center center","background-size":"auto","background-attachment":"scroll","background-type":"","background-media":"","overlay-type":"","overlay-color":"","overlay-opacity":"","overlay-gradient":""},"tablet":{"background-color":"var(--ast-global-color-5)","background-image":"","background-repeat":"repeat","background-position":"center center","background-size":"auto","background-attachment":"scroll","background-type":"","background-media":"","overlay-type":"","overlay-color":"","overlay-opacity":"","overlay-gradient":""},"mobile":{"background-color":"var(--ast-global-color-5)","background-image":"","background-repeat":"repeat","background-position":"center center","background-size":"auto","background-attachment":"scroll","background-type":"","background-media":"","overlay-type":"","overlay-color":"","overlay-opacity":"","overlay-gradient":""}}},"product_brand":[],"product_cat":[37,43],"product_tag":[],"class_list":{"0":"post-3508","1":"product","2":"type-product","3":"status-publish","4":"has-post-thumbnail","6":"product_cat-wire-rope","7":"product_cat-rigging-hardware","8":"desktop-align-left","9":"tablet-align-left","10":"mobile-align-left","11":"ast-product-gallery-layout-horizontal-slider","12":"ast-product-tabs-layout-horizontal","14":"first","15":"instock","16":"shipping-taxable","17":"purchasable","18":"product-type-simple"},"yoast_head":"<!-- This site is optimized with the Yoast SEO plugin v25.2 - https:\/\/yoast.com\/wordpress\/plugins\/seo\/ -->\n<title>Aluminium Wire Rope Ferrule<\/title>\n<meta name=\"description\" content=\"The Aluminium Wire Rope Ferrule, also known as an aluminum wire rope sleeve or aluminum crimp sleeve, is a specialized fitting used in various applications involving wire ropes.\" \/>\n<meta name=\"robots\" content=\"index, follow, max-snippet:-1, max-image-preview:large, max-video-preview:-1\" \/>\n<link rel=\"canonical\" href=\"https:\/\/qingdaohf.com\/ro\/produs\/ferastrau-din-aluminiu-pentru-cabluri\/\" \/>\n<meta property=\"og:locale\" content=\"ro_RO\" \/>\n<meta property=\"og:type\" content=\"article\" \/>\n<meta property=\"og:title\" content=\"Aluminium Wire Rope Ferrule\" \/>\n<meta property=\"og:description\" content=\"The Aluminium Wire Rope Ferrule, also known as an aluminum wire rope sleeve or aluminum crimp sleeve, is a specialized fitting used in various applications involving wire ropes.\" \/>\n<meta property=\"og:url\" content=\"https:\/\/qingdaohf.com\/ro\/produs\/ferastrau-din-aluminiu-pentru-cabluri\/\" \/>\n<meta property=\"og:site_name\" content=\"Concrete Form &amp; Rigging Hardware Supplier\" \/>\n<meta property=\"article:publisher\" content=\"https:\/\/www.facebook.com\/qingdaohf\" \/>\n<meta property=\"article:modified_time\" content=\"2025-11-13T01:05:14+00:00\" \/>\n<meta property=\"og:image\" content=\"https:\/\/qingdaohf.com\/wp-content\/uploads\/2023\/04\/aluminium-ferrule-7.jpg\" \/>\n\t<meta property=\"og:image:width\" content=\"800\" \/>\n\t<meta property=\"og:image:height\" content=\"800\" \/>\n\t<meta property=\"og:image:type\" content=\"image\/jpeg\" \/>\n<meta name=\"twitter:card\" content=\"summary_large_image\" \/>\n<meta name=\"twitter:label1\" content=\"Timp estimat pentru citire\" \/>\n\t<meta name=\"twitter:data1\" content=\"3 minute\" \/>\n<script type=\"application\/ld+json\" class=\"yoast-schema-graph\">{\"@context\":\"https:\/\/schema.org\",\"@graph\":[{\"@type\":\"WebPage\",\"@id\":\"https:\/\/qingdaohf.com\/product\/aluminium-wire-rope-ferrule\/\",\"url\":\"https:\/\/qingdaohf.com\/product\/aluminium-wire-rope-ferrule\/\",\"name\":\"Aluminium Wire Rope Ferrule\",\"isPartOf\":{\"@id\":\"https:\/\/qingdaohf.com\/bg\/#website\"},\"primaryImageOfPage\":{\"@id\":\"https:\/\/qingdaohf.com\/product\/aluminium-wire-rope-ferrule\/#primaryimage\"},\"image\":{\"@id\":\"https:\/\/qingdaohf.com\/product\/aluminium-wire-rope-ferrule\/#primaryimage\"},\"thumbnailUrl\":\"https:\/\/qingdaohf.com\/wp-content\/uploads\/2023\/04\/aluminium-ferrule-7.jpg\",\"datePublished\":\"2023-04-10T09:33:10+00:00\",\"dateModified\":\"2025-11-13T01:05:14+00:00\",\"description\":\"The Aluminium Wire Rope Ferrule, also known as an aluminum wire rope sleeve or aluminum crimp sleeve, is a specialized fitting used in various applications involving wire ropes.\",\"breadcrumb\":{\"@id\":\"https:\/\/qingdaohf.com\/product\/aluminium-wire-rope-ferrule\/#breadcrumb\"},\"inLanguage\":\"ro-RO\",\"potentialAction\":[{\"@type\":\"ReadAction\",\"target\":[\"https:\/\/qingdaohf.com\/product\/aluminium-wire-rope-ferrule\/\"]}]},{\"@type\":\"ImageObject\",\"inLanguage\":\"ro-RO\",\"@id\":\"https:\/\/qingdaohf.com\/product\/aluminium-wire-rope-ferrule\/#primaryimage\",\"url\":\"https:\/\/qingdaohf.com\/wp-content\/uploads\/2023\/04\/aluminium-ferrule-7.jpg\",\"contentUrl\":\"https:\/\/qingdaohf.com\/wp-content\/uploads\/2023\/04\/aluminium-ferrule-7.jpg\",\"width\":800,\"height\":800},{\"@type\":\"BreadcrumbList\",\"@id\":\"https:\/\/qingdaohf.com\/product\/aluminium-wire-rope-ferrule\/#breadcrumb\",\"itemListElement\":[{\"@type\":\"ListItem\",\"position\":1,\"name\":\"Home\",\"item\":\"https:\/\/qingdaohf.com\/\"},{\"@type\":\"ListItem\",\"position\":2,\"name\":\"Concrete Forming Accessories and Rigging Hardware\",\"item\":\"https:\/\/qingdaohf.com\/bg\/?page_id=944\"},{\"@type\":\"ListItem\",\"position\":3,\"name\":\"Aluminium Wire Rope Ferrule\"}]},{\"@type\":\"WebSite\",\"@id\":\"https:\/\/qingdaohf.com\/bg\/#website\",\"url\":\"https:\/\/qingdaohf.com\/bg\/\",\"name\":\"Concrete Form & Rigging Hardware Supplier\",\"description\":\"\",\"publisher\":{\"@id\":\"https:\/\/qingdaohf.com\/bg\/#organization\"},\"potentialAction\":[{\"@type\":\"SearchAction\",\"target\":{\"@type\":\"EntryPoint\",\"urlTemplate\":\"https:\/\/qingdaohf.com\/bg\/?s={search_term_string}\"},\"query-input\":{\"@type\":\"PropertyValueSpecification\",\"valueRequired\":true,\"valueName\":\"search_term_string\"}}],\"inLanguage\":\"ro-RO\"},{\"@type\":\"Organization\",\"@id\":\"https:\/\/qingdaohf.com\/bg\/#organization\",\"name\":\"Qingdao H&F\",\"url\":\"https:\/\/qingdaohf.com\/bg\/\",\"logo\":{\"@type\":\"ImageObject\",\"inLanguage\":\"ro-RO\",\"@id\":\"https:\/\/qingdaohf.com\/bg\/#\/schema\/logo\/image\/\",\"url\":\"https:\/\/qingdaohf.com\/wp-content\/uploads\/2022\/12\/cropped-HF-LOGO.png\",\"contentUrl\":\"https:\/\/qingdaohf.com\/wp-content\/uploads\/2022\/12\/cropped-HF-LOGO.png\",\"width\":391,\"height\":249,\"caption\":\"Qingdao H&F\"},\"image\":{\"@id\":\"https:\/\/qingdaohf.com\/bg\/#\/schema\/logo\/image\/\"},\"sameAs\":[\"https:\/\/www.facebook.com\/qingdaohf\"]}]}<\/script>\n<!-- \/ Yoast SEO plugin. -->","yoast_head_json":{"title":"Aluminium Wire Rope Ferrule","description":"The Aluminium Wire Rope Ferrule, also known as an aluminum wire rope sleeve or aluminum crimp sleeve, is a specialized fitting used in various applications involving wire ropes.","robots":{"index":"index","follow":"follow","max-snippet":"max-snippet:-1","max-image-preview":"max-image-preview:large","max-video-preview":"max-video-preview:-1"},"canonical":"https:\/\/qingdaohf.com\/ro\/produs\/ferastrau-din-aluminiu-pentru-cabluri\/","og_locale":"ro_RO","og_type":"article","og_title":"Aluminium Wire Rope Ferrule","og_description":"The Aluminium Wire Rope Ferrule, also known as an aluminum wire rope sleeve or aluminum crimp sleeve, is a specialized fitting used in various applications involving wire ropes.","og_url":"https:\/\/qingdaohf.com\/ro\/produs\/ferastrau-din-aluminiu-pentru-cabluri\/","og_site_name":"Concrete Form &amp; Rigging Hardware Supplier","article_publisher":"https:\/\/www.facebook.com\/qingdaohf","article_modified_time":"2025-11-13T01:05:14+00:00","og_image":[{"width":800,"height":800,"url":"https:\/\/qingdaohf.com\/wp-content\/uploads\/2023\/04\/aluminium-ferrule-7.jpg","type":"image\/jpeg"}],"twitter_card":"summary_large_image","twitter_misc":{"Timp estimat pentru citire":"3 minute"},"schema":{"@context":"https:\/\/schema.org","@graph":[{"@type":"WebPage","@id":"https:\/\/qingdaohf.com\/product\/aluminium-wire-rope-ferrule\/","url":"https:\/\/qingdaohf.com\/product\/aluminium-wire-rope-ferrule\/","name":"Aluminium Wire Rope Ferrule","isPartOf":{"@id":"https:\/\/qingdaohf.com\/bg\/#website"},"primaryImageOfPage":{"@id":"https:\/\/qingdaohf.com\/product\/aluminium-wire-rope-ferrule\/#primaryimage"},"image":{"@id":"https:\/\/qingdaohf.com\/product\/aluminium-wire-rope-ferrule\/#primaryimage"},"thumbnailUrl":"https:\/\/qingdaohf.com\/wp-content\/uploads\/2023\/04\/aluminium-ferrule-7.jpg","datePublished":"2023-04-10T09:33:10+00:00","dateModified":"2025-11-13T01:05:14+00:00","description":"The Aluminium Wire Rope Ferrule, also known as an aluminum wire rope sleeve or aluminum crimp sleeve, is a specialized fitting used in various applications involving wire ropes.","breadcrumb":{"@id":"https:\/\/qingdaohf.com\/product\/aluminium-wire-rope-ferrule\/#breadcrumb"},"inLanguage":"ro-RO","potentialAction":[{"@type":"ReadAction","target":["https:\/\/qingdaohf.com\/product\/aluminium-wire-rope-ferrule\/"]}]},{"@type":"ImageObject","inLanguage":"ro-RO","@id":"https:\/\/qingdaohf.com\/product\/aluminium-wire-rope-ferrule\/#primaryimage","url":"https:\/\/qingdaohf.com\/wp-content\/uploads\/2023\/04\/aluminium-ferrule-7.jpg","contentUrl":"https:\/\/qingdaohf.com\/wp-content\/uploads\/2023\/04\/aluminium-ferrule-7.jpg","width":800,"height":800},{"@type":"BreadcrumbList","@id":"https:\/\/qingdaohf.com\/product\/aluminium-wire-rope-ferrule\/#breadcrumb","itemListElement":[{"@type":"ListItem","position":1,"name":"Home","item":"https:\/\/qingdaohf.com\/"},{"@type":"ListItem","position":2,"name":"Concrete Forming Accessories and Rigging Hardware","item":"https:\/\/qingdaohf.com\/bg\/?page_id=944"},{"@type":"ListItem","position":3,"name":"Aluminium Wire Rope Ferrule"}]},{"@type":"WebSite","@id":"https:\/\/qingdaohf.com\/bg\/#website","url":"https:\/\/qingdaohf.com\/bg\/","name":"Concrete Form & Rigging Hardware Supplier","description":"","publisher":{"@id":"https:\/\/qingdaohf.com\/bg\/#organization"},"potentialAction":[{"@type":"SearchAction","target":{"@type":"EntryPoint","urlTemplate":"https:\/\/qingdaohf.com\/bg\/?s={search_term_string}"},"query-input":{"@type":"PropertyValueSpecification","valueRequired":true,"valueName":"search_term_string"}}],"inLanguage":"ro-RO"},{"@type":"Organization","@id":"https:\/\/qingdaohf.com\/bg\/#organization","name":"Qingdao H&F","url":"https:\/\/qingdaohf.com\/bg\/","logo":{"@type":"ImageObject","inLanguage":"ro-RO","@id":"https:\/\/qingdaohf.com\/bg\/#\/schema\/logo\/image\/","url":"https:\/\/qingdaohf.com\/wp-content\/uploads\/2022\/12\/cropped-HF-LOGO.png","contentUrl":"https:\/\/qingdaohf.com\/wp-content\/uploads\/2022\/12\/cropped-HF-LOGO.png","width":391,"height":249,"caption":"Qingdao H&F"},"image":{"@id":"https:\/\/qingdaohf.com\/bg\/#\/schema\/logo\/image\/"},"sameAs":["https:\/\/www.facebook.com\/qingdaohf"]}]}},"_links":{"self":[{"href":"https:\/\/qingdaohf.com\/ro\/wp-json\/wp\/v2\/product\/3508","targetHints":{"allow":["GET"]}}],"collection":[{"href":"https:\/\/qingdaohf.com\/ro\/wp-json\/wp\/v2\/product"}],"about":[{"href":"https:\/\/qingdaohf.com\/ro\/wp-json\/wp\/v2\/types\/product"}],"replies":[{"embeddable":true,"href":"https:\/\/qingdaohf.com\/ro\/wp-json\/wp\/v2\/comments?post=3508"}],"version-history":[{"count":3,"href":"https:\/\/qingdaohf.com\/ro\/wp-json\/wp\/v2\/product\/3508\/revisions"}],"predecessor-version":[{"id":9491,"href":"https:\/\/qingdaohf.com\/ro\/wp-json\/wp\/v2\/product\/3508\/revisions\/9491"}],"wp:featuredmedia":[{"embeddable":true,"href":"https:\/\/qingdaohf.com\/ro\/wp-json\/wp\/v2\/media\/3513"}],"wp:attachment":[{"href":"https:\/\/qingdaohf.com\/ro\/wp-json\/wp\/v2\/media?parent=3508"}],"wp:term":[{"taxonomy":"product_brand","embeddable":true,"href":"https:\/\/qingdaohf.com\/ro\/wp-json\/wp\/v2\/product_brand?post=3508"},{"taxonomy":"product_cat","embeddable":true,"href":"https:\/\/qingdaohf.com\/ro\/wp-json\/wp\/v2\/product_cat?post=3508"},{"taxonomy":"product_tag","embeddable":true,"href":"https:\/\/qingdaohf.com\/ro\/wp-json\/wp\/v2\/product_tag?post=3508"}],"curies":[{"name":"wp","href":"https:\/\/api.w.org\/{rel}","templated":true}]}}