{"id":3517,"date":"2023-04-10T17:40:09","date_gmt":"2023-04-10T09:40:09","guid":{"rendered":"http:\/\/qingdaohf.com\/?post_type=product&#038;p=3517"},"modified":"2025-11-13T09:05:13","modified_gmt":"2025-11-13T01:05:13","slug":"chain-with-grab-hooks","status":"publish","type":"product","link":"https:\/\/qingdaohf.com\/ro\/produs\/lant-cu-carlige-de-prindere\/","title":{"rendered":"Lan\u021b cu c\u00e2rlige de prindere"},"content":{"rendered":"<p>Lan\u021bul \u00een sine este, de obicei, fabricat din o\u021bel durabil \u0219i de \u00eenalt\u0103 rezisten\u021b\u0103, asigur\u00e2ndu-se c\u0103 poate rezista la sarcini grele \u0219i la uzur\u0103. Verigile lan\u021bului sunt de obicei sudate sau \u00eentrep\u0103trunse pentru a oferi rezisten\u021b\u0103 \u0219i fiabilitate.<\/p>\n<p>Func\u021bia principal\u0103 a lan\u021bului cu c\u00e2rlige de prindere este de a oferi un mijloc de fixare, ridicare sau remorcare a obiectelor. C\u00e2rligele de prindere pot fi ata\u0219ate cu u\u0219urin\u021b\u0103 la punctele de ancorare, echipamente sau \u00eenc\u0103rc\u0103turi, oferind o conexiune fiabil\u0103. Acestea sunt utilizate \u00een mod obi\u0219nuit \u00eempreun\u0103 cu echipamente de ridicare, macarale, trolii sau troliuri.<\/p>\n<p>C\u00e2rligele de prindere sunt proiectate pentru a aluneca cu u\u0219urin\u021b\u0103 peste lan\u021buri, curele sau alte puncte de fixare, permi\u021b\u00e2nd conexiuni rapide \u0219i sigure. Acestea asigur\u0103 o prindere sigur\u0103 a obiectului sau \u00eenc\u0103rc\u0103turii, \u00eempiedic\u00e2nd alunecarea \u00een timpul ridic\u0103rii sau transportului.<\/p>\n<p>Lan\u021bul cu c\u00e2rlige de prindere ofer\u0103 flexibilitate \u00een ceea ce prive\u0219te lungimea \u0219i capacitatea de \u00eenc\u0103rcare. Lan\u021burile cu c\u00e2rlige de prindere sunt disponibile \u00een diferite lungimi \u0219i grosimi, permi\u021b\u00e2nd utilizatorilor s\u0103 aleag\u0103 dimensiunea \u0219i rezisten\u021ba adecvate pentru nevoile lor specifice.<\/p>\n<p>Acest tip de lan\u021b este foarte versatil \u0219i poate fi utilizat \u00eentr-o gam\u0103 larg\u0103 de aplica\u021bii. Este utilizat \u00een mod obi\u0219nuit pentru fixarea \u0219i ridicarea echipamentelor grele, utilajelor, bu\u0219tenilor \u0219i materialelor de construc\u021bie. De asemenea, este util pentru tractarea vehiculelor sau a remorcilor.<\/p>\n<p><img fetchpriority=\"high\" decoding=\"async\" class=\"alignnone size-full wp-image-3523\" src=\"http:\/\/qingdaohf.com\/wp-content\/uploads\/2023\/04\/1-8.jpg\" alt=\"lan\u021b cu c\u00e2rlige de prindere\" width=\"1473\" height=\"893\" srcset=\"https:\/\/qingdaohf.com\/wp-content\/uploads\/2023\/04\/1-8.jpg 1473w, https:\/\/qingdaohf.com\/wp-content\/uploads\/2023\/04\/1-8-300x182.jpg 300w, https:\/\/qingdaohf.com\/wp-content\/uploads\/2023\/04\/1-8-1024x621.jpg 1024w, https:\/\/qingdaohf.com\/wp-content\/uploads\/2023\/04\/1-8-768x466.jpg 768w, https:\/\/qingdaohf.com\/wp-content\/uploads\/2023\/04\/1-8-1000x606.jpg 1000w\" sizes=\"(max-width: 1473px) 100vw, 1473px\" \/><img decoding=\"async\" class=\"alignnone size-full wp-image-3519\" src=\"http:\/\/qingdaohf.com\/wp-content\/uploads\/2023\/04\/1-2.jpg\" alt=\"lan\u021b cu c\u00e2rlige de prindere\" width=\"1460\" height=\"895\" srcset=\"https:\/\/qingdaohf.com\/wp-content\/uploads\/2023\/04\/1-2.jpg 1460w, https:\/\/qingdaohf.com\/wp-content\/uploads\/2023\/04\/1-2-300x184.jpg 300w, https:\/\/qingdaohf.com\/wp-content\/uploads\/2023\/04\/1-2-1024x628.jpg 1024w, https:\/\/qingdaohf.com\/wp-content\/uploads\/2023\/04\/1-2-768x471.jpg 768w, https:\/\/qingdaohf.com\/wp-content\/uploads\/2023\/04\/1-2-1000x613.jpg 1000w\" sizes=\"(max-width: 1460px) 100vw, 1460px\" \/> <img decoding=\"async\" class=\"alignnone size-full wp-image-3522\" src=\"http:\/\/qingdaohf.com\/wp-content\/uploads\/2023\/04\/1-7.jpg\" alt=\"lan\u021b cu c\u00e2rlige de prindere\" width=\"660\" height=\"897\" srcset=\"https:\/\/qingdaohf.com\/wp-content\/uploads\/2023\/04\/1-7.jpg 660w, https:\/\/qingdaohf.com\/wp-content\/uploads\/2023\/04\/1-7-221x300.jpg 221w\" sizes=\"(max-width: 660px) 100vw, 660px\" \/><\/p>","protected":false},"excerpt":{"rendered":"<p>Lan\u021bul cu c\u00e2rlige de prindere este un instrument versatil \u0219i util utilizat \u00een mod obi\u0219nuit \u00een diverse industrii, inclusiv construc\u021bii, transport, agricultur\u0103 \u0219i aplica\u021bii de uz general. Acesta const\u0103 \u00eentr-o lungime de lan\u021b echipat\u0103 cu c\u00e2rlige de prindere la fiecare cap\u0103t.<\/p>","protected":false},"featured_media":3525,"comment_status":"open","ping_status":"closed","template":"","meta":{"site-sidebar-layout":"default","site-content-layout":"default","ast-site-content-layout":"","site-content-style":"default","site-sidebar-style":"default","ast-global-header-display":"","ast-banner-title-visibility":"","ast-main-header-display":"","ast-hfb-above-header-display":"","ast-hfb-below-header-display":"","ast-hfb-mobile-header-display":"","site-post-title":"","ast-breadcrumbs-content":"","ast-featured-img":"","footer-sml-layout":"","theme-transparent-header-meta":"default","adv-header-id-meta":"","stick-header-meta":"default","header-above-stick-meta":"","header-main-stick-meta":"","header-below-stick-meta":"","astra-migrate-meta-layouts":"default","ast-page-background-enabled":"default","ast-page-background-meta":{"desktop":{"background-color":"","background-image":"","background-repeat":"repeat","background-position":"center center","background-size":"auto","background-attachment":"scroll","background-type":"","background-media":"","overlay-type":"","overlay-color":"","overlay-opacity":"","overlay-gradient":""},"tablet":{"background-color":"","background-image":"","background-repeat":"repeat","background-position":"center center","background-size":"auto","background-attachment":"scroll","background-type":"","background-media":"","overlay-type":"","overlay-color":"","overlay-opacity":"","overlay-gradient":""},"mobile":{"background-color":"","background-image":"","background-repeat":"repeat","background-position":"center center","background-size":"auto","background-attachment":"scroll","background-type":"","background-media":"","overlay-type":"","overlay-color":"","overlay-opacity":"","overlay-gradient":""}},"ast-content-background-meta":{"desktop":{"background-color":"var(--ast-global-color-5)","background-image":"","background-repeat":"repeat","background-position":"center center","background-size":"auto","background-attachment":"scroll","background-type":"","background-media":"","overlay-type":"","overlay-color":"","overlay-opacity":"","overlay-gradient":""},"tablet":{"background-color":"var(--ast-global-color-5)","background-image":"","background-repeat":"repeat","background-position":"center center","background-size":"auto","background-attachment":"scroll","background-type":"","background-media":"","overlay-type":"","overlay-color":"","overlay-opacity":"","overlay-gradient":""},"mobile":{"background-color":"var(--ast-global-color-5)","background-image":"","background-repeat":"repeat","background-position":"center center","background-size":"auto","background-attachment":"scroll","background-type":"","background-media":"","overlay-type":"","overlay-color":"","overlay-opacity":"","overlay-gradient":""}}},"product_brand":[],"product_cat":[43],"product_tag":[],"class_list":{"0":"post-3517","1":"product","2":"type-product","3":"status-publish","4":"has-post-thumbnail","6":"product_cat-rigging-hardware","7":"desktop-align-left","8":"tablet-align-left","9":"mobile-align-left","10":"ast-product-gallery-layout-horizontal-slider","11":"ast-product-tabs-layout-horizontal","13":"first","14":"instock","15":"shipping-taxable","16":"purchasable","17":"product-type-simple"},"yoast_head":"<!-- This site is optimized with the Yoast SEO plugin v25.2 - https:\/\/yoast.com\/wordpress\/plugins\/seo\/ -->\n<title>Chain with Grab Hooks<\/title>\n<meta name=\"description\" content=\"Chain with Grab Hooks is a versatile and useful tool commonly used in various industries, including construction, transportation, agriculture, and general-purpose applications.\" \/>\n<meta name=\"robots\" content=\"index, follow, max-snippet:-1, max-image-preview:large, max-video-preview:-1\" \/>\n<link rel=\"canonical\" href=\"https:\/\/qingdaohf.com\/ro\/produs\/lant-cu-carlige-de-prindere\/\" \/>\n<meta property=\"og:locale\" content=\"ro_RO\" \/>\n<meta property=\"og:type\" content=\"article\" \/>\n<meta property=\"og:title\" content=\"Chain with Grab Hooks\" \/>\n<meta property=\"og:description\" content=\"Chain with Grab Hooks is a versatile and useful tool commonly used in various industries, including construction, transportation, agriculture, and general-purpose applications.\" \/>\n<meta property=\"og:url\" content=\"https:\/\/qingdaohf.com\/ro\/produs\/lant-cu-carlige-de-prindere\/\" \/>\n<meta property=\"og:site_name\" content=\"Concrete Form &amp; Rigging Hardware Supplier\" \/>\n<meta property=\"article:publisher\" content=\"https:\/\/www.facebook.com\/qingdaohf\" \/>\n<meta property=\"article:modified_time\" content=\"2025-11-13T01:05:13+00:00\" \/>\n<meta property=\"og:image\" content=\"https:\/\/qingdaohf.com\/wp-content\/uploads\/2023\/04\/6.jpg\" \/>\n\t<meta property=\"og:image:width\" content=\"800\" \/>\n\t<meta property=\"og:image:height\" content=\"800\" \/>\n\t<meta property=\"og:image:type\" content=\"image\/jpeg\" \/>\n<meta name=\"twitter:card\" content=\"summary_large_image\" \/>\n<meta name=\"twitter:label1\" content=\"Timp estimat pentru citire\" \/>\n\t<meta name=\"twitter:data1\" content=\"2 minute\" \/>\n<script type=\"application\/ld+json\" class=\"yoast-schema-graph\">{\"@context\":\"https:\/\/schema.org\",\"@graph\":[{\"@type\":\"WebPage\",\"@id\":\"https:\/\/qingdaohf.com\/product\/chain-with-grab-hooks\/\",\"url\":\"https:\/\/qingdaohf.com\/product\/chain-with-grab-hooks\/\",\"name\":\"Chain with Grab Hooks\",\"isPartOf\":{\"@id\":\"https:\/\/qingdaohf.com\/bg\/#website\"},\"primaryImageOfPage\":{\"@id\":\"https:\/\/qingdaohf.com\/product\/chain-with-grab-hooks\/#primaryimage\"},\"image\":{\"@id\":\"https:\/\/qingdaohf.com\/product\/chain-with-grab-hooks\/#primaryimage\"},\"thumbnailUrl\":\"https:\/\/qingdaohf.com\/wp-content\/uploads\/2023\/04\/6.jpg\",\"datePublished\":\"2023-04-10T09:40:09+00:00\",\"dateModified\":\"2025-11-13T01:05:13+00:00\",\"description\":\"Chain with Grab Hooks is a versatile and useful tool commonly used in various industries, including construction, transportation, agriculture, and general-purpose applications.\",\"breadcrumb\":{\"@id\":\"https:\/\/qingdaohf.com\/product\/chain-with-grab-hooks\/#breadcrumb\"},\"inLanguage\":\"ro-RO\",\"potentialAction\":[{\"@type\":\"ReadAction\",\"target\":[\"https:\/\/qingdaohf.com\/product\/chain-with-grab-hooks\/\"]}]},{\"@type\":\"ImageObject\",\"inLanguage\":\"ro-RO\",\"@id\":\"https:\/\/qingdaohf.com\/product\/chain-with-grab-hooks\/#primaryimage\",\"url\":\"https:\/\/qingdaohf.com\/wp-content\/uploads\/2023\/04\/6.jpg\",\"contentUrl\":\"https:\/\/qingdaohf.com\/wp-content\/uploads\/2023\/04\/6.jpg\",\"width\":800,\"height\":800,\"caption\":\"Chain with Grab Hooks\"},{\"@type\":\"BreadcrumbList\",\"@id\":\"https:\/\/qingdaohf.com\/product\/chain-with-grab-hooks\/#breadcrumb\",\"itemListElement\":[{\"@type\":\"ListItem\",\"position\":1,\"name\":\"Home\",\"item\":\"https:\/\/qingdaohf.com\/\"},{\"@type\":\"ListItem\",\"position\":2,\"name\":\"Concrete Forming Accessories and Rigging Hardware\",\"item\":\"https:\/\/qingdaohf.com\/bg\/?page_id=944\"},{\"@type\":\"ListItem\",\"position\":3,\"name\":\"Chain with Grab Hooks\"}]},{\"@type\":\"WebSite\",\"@id\":\"https:\/\/qingdaohf.com\/bg\/#website\",\"url\":\"https:\/\/qingdaohf.com\/bg\/\",\"name\":\"Concrete Form & Rigging Hardware Supplier\",\"description\":\"\",\"publisher\":{\"@id\":\"https:\/\/qingdaohf.com\/bg\/#organization\"},\"potentialAction\":[{\"@type\":\"SearchAction\",\"target\":{\"@type\":\"EntryPoint\",\"urlTemplate\":\"https:\/\/qingdaohf.com\/bg\/?s={search_term_string}\"},\"query-input\":{\"@type\":\"PropertyValueSpecification\",\"valueRequired\":true,\"valueName\":\"search_term_string\"}}],\"inLanguage\":\"ro-RO\"},{\"@type\":\"Organization\",\"@id\":\"https:\/\/qingdaohf.com\/bg\/#organization\",\"name\":\"Qingdao H&F\",\"url\":\"https:\/\/qingdaohf.com\/bg\/\",\"logo\":{\"@type\":\"ImageObject\",\"inLanguage\":\"ro-RO\",\"@id\":\"https:\/\/qingdaohf.com\/bg\/#\/schema\/logo\/image\/\",\"url\":\"https:\/\/qingdaohf.com\/wp-content\/uploads\/2022\/12\/cropped-HF-LOGO.png\",\"contentUrl\":\"https:\/\/qingdaohf.com\/wp-content\/uploads\/2022\/12\/cropped-HF-LOGO.png\",\"width\":391,\"height\":249,\"caption\":\"Qingdao H&F\"},\"image\":{\"@id\":\"https:\/\/qingdaohf.com\/bg\/#\/schema\/logo\/image\/\"},\"sameAs\":[\"https:\/\/www.facebook.com\/qingdaohf\"]}]}<\/script>\n<!-- \/ Yoast SEO plugin. -->","yoast_head_json":{"title":"Chain with Grab Hooks","description":"Chain with Grab Hooks is a versatile and useful tool commonly used in various industries, including construction, transportation, agriculture, and general-purpose applications.","robots":{"index":"index","follow":"follow","max-snippet":"max-snippet:-1","max-image-preview":"max-image-preview:large","max-video-preview":"max-video-preview:-1"},"canonical":"https:\/\/qingdaohf.com\/ro\/produs\/lant-cu-carlige-de-prindere\/","og_locale":"ro_RO","og_type":"article","og_title":"Chain with Grab Hooks","og_description":"Chain with Grab Hooks is a versatile and useful tool commonly used in various industries, including construction, transportation, agriculture, and general-purpose applications.","og_url":"https:\/\/qingdaohf.com\/ro\/produs\/lant-cu-carlige-de-prindere\/","og_site_name":"Concrete Form &amp; Rigging Hardware Supplier","article_publisher":"https:\/\/www.facebook.com\/qingdaohf","article_modified_time":"2025-11-13T01:05:13+00:00","og_image":[{"width":800,"height":800,"url":"https:\/\/qingdaohf.com\/wp-content\/uploads\/2023\/04\/6.jpg","type":"image\/jpeg"}],"twitter_card":"summary_large_image","twitter_misc":{"Timp estimat pentru citire":"2 minute"},"schema":{"@context":"https:\/\/schema.org","@graph":[{"@type":"WebPage","@id":"https:\/\/qingdaohf.com\/product\/chain-with-grab-hooks\/","url":"https:\/\/qingdaohf.com\/product\/chain-with-grab-hooks\/","name":"Chain with Grab Hooks","isPartOf":{"@id":"https:\/\/qingdaohf.com\/bg\/#website"},"primaryImageOfPage":{"@id":"https:\/\/qingdaohf.com\/product\/chain-with-grab-hooks\/#primaryimage"},"image":{"@id":"https:\/\/qingdaohf.com\/product\/chain-with-grab-hooks\/#primaryimage"},"thumbnailUrl":"https:\/\/qingdaohf.com\/wp-content\/uploads\/2023\/04\/6.jpg","datePublished":"2023-04-10T09:40:09+00:00","dateModified":"2025-11-13T01:05:13+00:00","description":"Chain with Grab Hooks is a versatile and useful tool commonly used in various industries, including construction, transportation, agriculture, and general-purpose applications.","breadcrumb":{"@id":"https:\/\/qingdaohf.com\/product\/chain-with-grab-hooks\/#breadcrumb"},"inLanguage":"ro-RO","potentialAction":[{"@type":"ReadAction","target":["https:\/\/qingdaohf.com\/product\/chain-with-grab-hooks\/"]}]},{"@type":"ImageObject","inLanguage":"ro-RO","@id":"https:\/\/qingdaohf.com\/product\/chain-with-grab-hooks\/#primaryimage","url":"https:\/\/qingdaohf.com\/wp-content\/uploads\/2023\/04\/6.jpg","contentUrl":"https:\/\/qingdaohf.com\/wp-content\/uploads\/2023\/04\/6.jpg","width":800,"height":800,"caption":"Chain with Grab Hooks"},{"@type":"BreadcrumbList","@id":"https:\/\/qingdaohf.com\/product\/chain-with-grab-hooks\/#breadcrumb","itemListElement":[{"@type":"ListItem","position":1,"name":"Home","item":"https:\/\/qingdaohf.com\/"},{"@type":"ListItem","position":2,"name":"Concrete Forming Accessories and Rigging Hardware","item":"https:\/\/qingdaohf.com\/bg\/?page_id=944"},{"@type":"ListItem","position":3,"name":"Chain with Grab Hooks"}]},{"@type":"WebSite","@id":"https:\/\/qingdaohf.com\/bg\/#website","url":"https:\/\/qingdaohf.com\/bg\/","name":"Concrete Form & Rigging Hardware Supplier","description":"","publisher":{"@id":"https:\/\/qingdaohf.com\/bg\/#organization"},"potentialAction":[{"@type":"SearchAction","target":{"@type":"EntryPoint","urlTemplate":"https:\/\/qingdaohf.com\/bg\/?s={search_term_string}"},"query-input":{"@type":"PropertyValueSpecification","valueRequired":true,"valueName":"search_term_string"}}],"inLanguage":"ro-RO"},{"@type":"Organization","@id":"https:\/\/qingdaohf.com\/bg\/#organization","name":"Qingdao H&F","url":"https:\/\/qingdaohf.com\/bg\/","logo":{"@type":"ImageObject","inLanguage":"ro-RO","@id":"https:\/\/qingdaohf.com\/bg\/#\/schema\/logo\/image\/","url":"https:\/\/qingdaohf.com\/wp-content\/uploads\/2022\/12\/cropped-HF-LOGO.png","contentUrl":"https:\/\/qingdaohf.com\/wp-content\/uploads\/2022\/12\/cropped-HF-LOGO.png","width":391,"height":249,"caption":"Qingdao H&F"},"image":{"@id":"https:\/\/qingdaohf.com\/bg\/#\/schema\/logo\/image\/"},"sameAs":["https:\/\/www.facebook.com\/qingdaohf"]}]}},"_links":{"self":[{"href":"https:\/\/qingdaohf.com\/ro\/wp-json\/wp\/v2\/product\/3517","targetHints":{"allow":["GET"]}}],"collection":[{"href":"https:\/\/qingdaohf.com\/ro\/wp-json\/wp\/v2\/product"}],"about":[{"href":"https:\/\/qingdaohf.com\/ro\/wp-json\/wp\/v2\/types\/product"}],"replies":[{"embeddable":true,"href":"https:\/\/qingdaohf.com\/ro\/wp-json\/wp\/v2\/comments?post=3517"}],"version-history":[{"count":2,"href":"https:\/\/qingdaohf.com\/ro\/wp-json\/wp\/v2\/product\/3517\/revisions"}],"predecessor-version":[{"id":10433,"href":"https:\/\/qingdaohf.com\/ro\/wp-json\/wp\/v2\/product\/3517\/revisions\/10433"}],"wp:featuredmedia":[{"embeddable":true,"href":"https:\/\/qingdaohf.com\/ro\/wp-json\/wp\/v2\/media\/3525"}],"wp:attachment":[{"href":"https:\/\/qingdaohf.com\/ro\/wp-json\/wp\/v2\/media?parent=3517"}],"wp:term":[{"taxonomy":"product_brand","embeddable":true,"href":"https:\/\/qingdaohf.com\/ro\/wp-json\/wp\/v2\/product_brand?post=3517"},{"taxonomy":"product_cat","embeddable":true,"href":"https:\/\/qingdaohf.com\/ro\/wp-json\/wp\/v2\/product_cat?post=3517"},{"taxonomy":"product_tag","embeddable":true,"href":"https:\/\/qingdaohf.com\/ro\/wp-json\/wp\/v2\/product_tag?post=3517"}],"curies":[{"name":"wp","href":"https:\/\/api.w.org\/{rel}","templated":true}]}}