{"id":3772,"date":"2023-05-17T17:53:49","date_gmt":"2023-05-17T09:53:49","guid":{"rendered":"http:\/\/qingdaohf.com\/?post_type=product&#038;p=3772"},"modified":"2025-11-13T09:05:12","modified_gmt":"2025-11-13T01:05:12","slug":"stainless-steel-anchor-shackle-bow-shackle","status":"publish","type":"product","link":"https:\/\/qingdaohf.com\/ro\/produs\/otel-inoxidabil-ancora-shackle-arc-shackle\/","title":{"rendered":"O\u021bel inoxidabil Ancorei Shackle Shackle Bow din o\u021bel inoxidabil"},"content":{"rendered":"<p>C\u00e2rligul de ancorare din o\u021bel inoxidabil este o pies\u0103 de feronerie robust\u0103 \u0219i fiabil\u0103 utilizat\u0103 \u00een diverse industrii, inclusiv marin\u0103, construc\u021bii, echipare \u0219i remorcare. Acesta serve\u0219te ca o leg\u0103tur\u0103 critic\u0103 pentru conectarea lan\u021burilor, fr\u00e2nghiilor sau curelelor la punctele de ancorare, oferind o conexiune sigur\u0103 \u0219i stabil\u0103.<\/p>\n<p>Iat\u0103 c\u00e2teva caracteristici \u0219i beneficii cheie ale man\u0219onului de ancor\u0103 din o\u021bel inoxidabil:<\/p>\n<ol>\n<li>Material: Catarama este fabricat\u0103 din o\u021bel inoxidabil de \u00eenalt\u0103 calitate, care ofer\u0103 o rezisten\u021b\u0103 excep\u021bional\u0103 la coroziune, ceea ce o face ideal\u0103 pentru aplica\u021bii marine \u0219i \u00een aer liber. O\u021belul inoxidabil asigur\u0103 longevitate \u0219i durabilitate, chiar \u0219i \u00een medii dure \u0219i corozive.<\/li>\n<li>Design: Catarama de ancorare are un design \u00een form\u0103 de U cu un \u0219tift sau un bol\u021b filetat care trece prin ochiurile sau verigile de lan\u021b ale punctului de ancorare. Acest design permite fixarea sigur\u0103 \u0219i instalarea sau \u00eendep\u0103rtarea rapid\u0103 atunci c\u00e2nd este necesar.<\/li>\n<li>Capacitatea de \u00eenc\u0103rcare: Grilajele de ancorare sunt disponibile \u00een diferite dimensiuni \u0219i au limite de sarcin\u0103 de lucru specificate (WLL) care indic\u0103 sarcina maxim\u0103 pe care o pot suporta \u00een siguran\u021b\u0103. Este esen\u021bial s\u0103 alege\u021bi dimensiunea corespunz\u0103toare a lan\u021bului \u0219i WLL \u00een func\u021bie de cerin\u021bele de \u00eenc\u0103rcare prev\u0103zute pentru a asigura o func\u021bionare sigur\u0103 \u0219i fiabil\u0103.<\/li>\n<li>Siguran\u021b\u0103: Grilajul de ancorare este proiectat cu caracteristici de siguran\u021b\u0103 pentru a preveni eliberarea accidental\u0103. De obicei, acesta \u00eencorporeaz\u0103 un pivot captiv sau un mecanism cu \u0219urub care asigur\u0103 c\u0103 pivotul r\u0103m\u00e2ne bine fixat \u00een pozi\u021bie, minimiz\u00e2nd riscul de deta\u0219are \u00een timpul opera\u021biunilor.<\/li>\n<li>Versatilitate: Man\u0219onul de ancorare este extrem de versatil \u0219i utilizat pe scar\u0103 larg\u0103 \u00een numeroase aplica\u021bii. Acesta este utilizat \u00een mod obi\u0219nuit pentru conectarea lan\u021burilor de ancor\u0103 pe ambarca\u021biuni, pentru fixarea echipamentelor sau \u00eenc\u0103rc\u0103turilor grele \u0219i ca o component\u0103 vital\u0103 \u00een opera\u021biunile de ridicare \u0219i echipare.<\/li>\n<li>U\u0219or de utilizat: Designul man\u0219onului de ancorare permite instalarea \u0219i \u00eendep\u0103rtarea simpl\u0103. Acesta poate fi \u00een\u0219irat rapid prin puncte de ancorare, lan\u021buri sau bucle, oferind o conexiune fiabil\u0103 pentru diverse sarcini.<br \/>\n<img fetchpriority=\"high\" decoding=\"async\" class=\"alignnone size-full wp-image-3778\" src=\"http:\/\/qingdaohf.com\/wp-content\/uploads\/2023\/05\/stainless-steel-anchor-shackle-2.jpg\" alt=\"man\u0219on de ancor\u0103 din o\u021bel inoxidabil \" width=\"1000\" height=\"650\" srcset=\"https:\/\/qingdaohf.com\/wp-content\/uploads\/2023\/05\/stainless-steel-anchor-shackle-2.jpg 1000w, https:\/\/qingdaohf.com\/wp-content\/uploads\/2023\/05\/stainless-steel-anchor-shackle-2-300x195.jpg 300w, https:\/\/qingdaohf.com\/wp-content\/uploads\/2023\/05\/stainless-steel-anchor-shackle-2-768x499.jpg 768w\" sizes=\"(max-width: 1000px) 100vw, 1000px\" \/><\/li>\n<\/ol>","protected":false},"excerpt":{"rendered":"<p>Este esen\u021bial s\u0103 respecta\u021bi liniile directoare de siguran\u021b\u0103 \u0219i standardele industriale atunci c\u00e2nd utiliza\u021bi c\u00e2rligul de ancorare din o\u021bel inoxidabil. Inspec\u021bia regulat\u0103 pentru orice semne de uzur\u0103, deformare sau deteriorare este esen\u021bial\u0103 pentru a asigura performan\u021be optime \u0219i siguran\u021b\u0103.<\/p>","protected":false},"featured_media":3773,"comment_status":"open","ping_status":"closed","template":"","meta":{"site-sidebar-layout":"default","site-content-layout":"default","ast-site-content-layout":"","site-content-style":"default","site-sidebar-style":"default","ast-global-header-display":"","ast-banner-title-visibility":"","ast-main-header-display":"","ast-hfb-above-header-display":"","ast-hfb-below-header-display":"","ast-hfb-mobile-header-display":"","site-post-title":"","ast-breadcrumbs-content":"","ast-featured-img":"","footer-sml-layout":"","theme-transparent-header-meta":"default","adv-header-id-meta":"","stick-header-meta":"default","header-above-stick-meta":"","header-main-stick-meta":"","header-below-stick-meta":"","astra-migrate-meta-layouts":"default","ast-page-background-enabled":"default","ast-page-background-meta":{"desktop":{"background-color":"","background-image":"","background-repeat":"repeat","background-position":"center center","background-size":"auto","background-attachment":"scroll","background-type":"","background-media":"","overlay-type":"","overlay-color":"","overlay-opacity":"","overlay-gradient":""},"tablet":{"background-color":"","background-image":"","background-repeat":"repeat","background-position":"center center","background-size":"auto","background-attachment":"scroll","background-type":"","background-media":"","overlay-type":"","overlay-color":"","overlay-opacity":"","overlay-gradient":""},"mobile":{"background-color":"","background-image":"","background-repeat":"repeat","background-position":"center center","background-size":"auto","background-attachment":"scroll","background-type":"","background-media":"","overlay-type":"","overlay-color":"","overlay-opacity":"","overlay-gradient":""}},"ast-content-background-meta":{"desktop":{"background-color":"var(--ast-global-color-5)","background-image":"","background-repeat":"repeat","background-position":"center center","background-size":"auto","background-attachment":"scroll","background-type":"","background-media":"","overlay-type":"","overlay-color":"","overlay-opacity":"","overlay-gradient":""},"tablet":{"background-color":"var(--ast-global-color-5)","background-image":"","background-repeat":"repeat","background-position":"center center","background-size":"auto","background-attachment":"scroll","background-type":"","background-media":"","overlay-type":"","overlay-color":"","overlay-opacity":"","overlay-gradient":""},"mobile":{"background-color":"var(--ast-global-color-5)","background-image":"","background-repeat":"repeat","background-position":"center center","background-size":"auto","background-attachment":"scroll","background-type":"","background-media":"","overlay-type":"","overlay-color":"","overlay-opacity":"","overlay-gradient":""}}},"product_brand":[],"product_cat":[43,44,54],"product_tag":[],"class_list":{"0":"post-3772","1":"product","2":"type-product","3":"status-publish","4":"has-post-thumbnail","6":"product_cat-rigging-hardware","7":"product_cat-stainless-steel-poduct","8":"product_cat-shackle","9":"desktop-align-left","10":"tablet-align-left","11":"mobile-align-left","12":"ast-product-gallery-layout-horizontal-slider","13":"ast-product-tabs-layout-horizontal","15":"first","16":"instock","17":"shipping-taxable","18":"purchasable","19":"product-type-simple"},"yoast_head":"<!-- This site is optimized with the Yoast SEO plugin v25.2 - https:\/\/yoast.com\/wordpress\/plugins\/seo\/ -->\n<title>Stainless Steel Anchor Shackle Bow Shackle<\/title>\n<meta name=\"description\" content=\"It is crucial to adhere to safety guidelines and industry standards when using the Stainless Steel Anchor Shackle. Regular inspection for any signs of wear, deformation, or damage is essential to ensure optimal performance and safety.\" \/>\n<meta name=\"robots\" content=\"index, follow, max-snippet:-1, max-image-preview:large, max-video-preview:-1\" \/>\n<link rel=\"canonical\" href=\"https:\/\/qingdaohf.com\/ro\/produs\/otel-inoxidabil-ancora-shackle-arc-shackle\/\" \/>\n<meta property=\"og:locale\" content=\"ro_RO\" \/>\n<meta property=\"og:type\" content=\"article\" \/>\n<meta property=\"og:title\" content=\"Stainless Steel Anchor Shackle Bow Shackle\" \/>\n<meta property=\"og:description\" content=\"It is crucial to adhere to safety guidelines and industry standards when using the Stainless Steel Anchor Shackle. Regular inspection for any signs of wear, deformation, or damage is essential to ensure optimal performance and safety.\" \/>\n<meta property=\"og:url\" content=\"https:\/\/qingdaohf.com\/ro\/produs\/otel-inoxidabil-ancora-shackle-arc-shackle\/\" \/>\n<meta property=\"og:site_name\" content=\"Concrete Form &amp; Rigging Hardware Supplier\" \/>\n<meta property=\"article:publisher\" content=\"https:\/\/www.facebook.com\/qingdaohf\" \/>\n<meta property=\"article:modified_time\" content=\"2025-11-13T01:05:12+00:00\" \/>\n<meta property=\"og:image\" content=\"https:\/\/qingdaohf.com\/wp-content\/uploads\/2023\/05\/anchor-shackle-8.jpg\" \/>\n\t<meta property=\"og:image:width\" content=\"1000\" \/>\n\t<meta property=\"og:image:height\" content=\"1000\" \/>\n\t<meta property=\"og:image:type\" content=\"image\/jpeg\" \/>\n<meta name=\"twitter:card\" content=\"summary_large_image\" \/>\n<meta name=\"twitter:label1\" content=\"Timp estimat pentru citire\" \/>\n\t<meta name=\"twitter:data1\" content=\"2 minute\" \/>\n<script type=\"application\/ld+json\" class=\"yoast-schema-graph\">{\"@context\":\"https:\/\/schema.org\",\"@graph\":[{\"@type\":\"WebPage\",\"@id\":\"https:\/\/qingdaohf.com\/product\/stainless-steel-anchor-shackle-bow-shackle\/\",\"url\":\"https:\/\/qingdaohf.com\/product\/stainless-steel-anchor-shackle-bow-shackle\/\",\"name\":\"Stainless Steel Anchor Shackle Bow Shackle\",\"isPartOf\":{\"@id\":\"https:\/\/qingdaohf.com\/bg\/#website\"},\"primaryImageOfPage\":{\"@id\":\"https:\/\/qingdaohf.com\/product\/stainless-steel-anchor-shackle-bow-shackle\/#primaryimage\"},\"image\":{\"@id\":\"https:\/\/qingdaohf.com\/product\/stainless-steel-anchor-shackle-bow-shackle\/#primaryimage\"},\"thumbnailUrl\":\"https:\/\/qingdaohf.com\/wp-content\/uploads\/2023\/05\/anchor-shackle-8.jpg\",\"datePublished\":\"2023-05-17T09:53:49+00:00\",\"dateModified\":\"2025-11-13T01:05:12+00:00\",\"description\":\"It is crucial to adhere to safety guidelines and industry standards when using the Stainless Steel Anchor Shackle. Regular inspection for any signs of wear, deformation, or damage is essential to ensure optimal performance and safety.\",\"breadcrumb\":{\"@id\":\"https:\/\/qingdaohf.com\/product\/stainless-steel-anchor-shackle-bow-shackle\/#breadcrumb\"},\"inLanguage\":\"ro-RO\",\"potentialAction\":[{\"@type\":\"ReadAction\",\"target\":[\"https:\/\/qingdaohf.com\/product\/stainless-steel-anchor-shackle-bow-shackle\/\"]}]},{\"@type\":\"ImageObject\",\"inLanguage\":\"ro-RO\",\"@id\":\"https:\/\/qingdaohf.com\/product\/stainless-steel-anchor-shackle-bow-shackle\/#primaryimage\",\"url\":\"https:\/\/qingdaohf.com\/wp-content\/uploads\/2023\/05\/anchor-shackle-8.jpg\",\"contentUrl\":\"https:\/\/qingdaohf.com\/wp-content\/uploads\/2023\/05\/anchor-shackle-8.jpg\",\"width\":1000,\"height\":1000,\"caption\":\"anchor shackle\"},{\"@type\":\"BreadcrumbList\",\"@id\":\"https:\/\/qingdaohf.com\/product\/stainless-steel-anchor-shackle-bow-shackle\/#breadcrumb\",\"itemListElement\":[{\"@type\":\"ListItem\",\"position\":1,\"name\":\"Home\",\"item\":\"https:\/\/qingdaohf.com\/\"},{\"@type\":\"ListItem\",\"position\":2,\"name\":\"Concrete Forming Accessories and Rigging Hardware\",\"item\":\"https:\/\/qingdaohf.com\/bg\/?page_id=944\"},{\"@type\":\"ListItem\",\"position\":3,\"name\":\"Stainless Steel Anchor Shackle Bow Shackle\"}]},{\"@type\":\"WebSite\",\"@id\":\"https:\/\/qingdaohf.com\/bg\/#website\",\"url\":\"https:\/\/qingdaohf.com\/bg\/\",\"name\":\"Concrete Form & Rigging Hardware Supplier\",\"description\":\"\",\"publisher\":{\"@id\":\"https:\/\/qingdaohf.com\/bg\/#organization\"},\"potentialAction\":[{\"@type\":\"SearchAction\",\"target\":{\"@type\":\"EntryPoint\",\"urlTemplate\":\"https:\/\/qingdaohf.com\/bg\/?s={search_term_string}\"},\"query-input\":{\"@type\":\"PropertyValueSpecification\",\"valueRequired\":true,\"valueName\":\"search_term_string\"}}],\"inLanguage\":\"ro-RO\"},{\"@type\":\"Organization\",\"@id\":\"https:\/\/qingdaohf.com\/bg\/#organization\",\"name\":\"Qingdao H&F\",\"url\":\"https:\/\/qingdaohf.com\/bg\/\",\"logo\":{\"@type\":\"ImageObject\",\"inLanguage\":\"ro-RO\",\"@id\":\"https:\/\/qingdaohf.com\/bg\/#\/schema\/logo\/image\/\",\"url\":\"https:\/\/qingdaohf.com\/wp-content\/uploads\/2022\/12\/cropped-HF-LOGO.png\",\"contentUrl\":\"https:\/\/qingdaohf.com\/wp-content\/uploads\/2022\/12\/cropped-HF-LOGO.png\",\"width\":391,\"height\":249,\"caption\":\"Qingdao H&F\"},\"image\":{\"@id\":\"https:\/\/qingdaohf.com\/bg\/#\/schema\/logo\/image\/\"},\"sameAs\":[\"https:\/\/www.facebook.com\/qingdaohf\"]}]}<\/script>\n<!-- \/ Yoast SEO plugin. -->","yoast_head_json":{"title":"Stainless Steel Anchor Shackle Bow Shackle","description":"It is crucial to adhere to safety guidelines and industry standards when using the Stainless Steel Anchor Shackle. Regular inspection for any signs of wear, deformation, or damage is essential to ensure optimal performance and safety.","robots":{"index":"index","follow":"follow","max-snippet":"max-snippet:-1","max-image-preview":"max-image-preview:large","max-video-preview":"max-video-preview:-1"},"canonical":"https:\/\/qingdaohf.com\/ro\/produs\/otel-inoxidabil-ancora-shackle-arc-shackle\/","og_locale":"ro_RO","og_type":"article","og_title":"Stainless Steel Anchor Shackle Bow Shackle","og_description":"It is crucial to adhere to safety guidelines and industry standards when using the Stainless Steel Anchor Shackle. Regular inspection for any signs of wear, deformation, or damage is essential to ensure optimal performance and safety.","og_url":"https:\/\/qingdaohf.com\/ro\/produs\/otel-inoxidabil-ancora-shackle-arc-shackle\/","og_site_name":"Concrete Form &amp; Rigging Hardware Supplier","article_publisher":"https:\/\/www.facebook.com\/qingdaohf","article_modified_time":"2025-11-13T01:05:12+00:00","og_image":[{"width":1000,"height":1000,"url":"https:\/\/qingdaohf.com\/wp-content\/uploads\/2023\/05\/anchor-shackle-8.jpg","type":"image\/jpeg"}],"twitter_card":"summary_large_image","twitter_misc":{"Timp estimat pentru citire":"2 minute"},"schema":{"@context":"https:\/\/schema.org","@graph":[{"@type":"WebPage","@id":"https:\/\/qingdaohf.com\/product\/stainless-steel-anchor-shackle-bow-shackle\/","url":"https:\/\/qingdaohf.com\/product\/stainless-steel-anchor-shackle-bow-shackle\/","name":"Stainless Steel Anchor Shackle Bow Shackle","isPartOf":{"@id":"https:\/\/qingdaohf.com\/bg\/#website"},"primaryImageOfPage":{"@id":"https:\/\/qingdaohf.com\/product\/stainless-steel-anchor-shackle-bow-shackle\/#primaryimage"},"image":{"@id":"https:\/\/qingdaohf.com\/product\/stainless-steel-anchor-shackle-bow-shackle\/#primaryimage"},"thumbnailUrl":"https:\/\/qingdaohf.com\/wp-content\/uploads\/2023\/05\/anchor-shackle-8.jpg","datePublished":"2023-05-17T09:53:49+00:00","dateModified":"2025-11-13T01:05:12+00:00","description":"It is crucial to adhere to safety guidelines and industry standards when using the Stainless Steel Anchor Shackle. Regular inspection for any signs of wear, deformation, or damage is essential to ensure optimal performance and safety.","breadcrumb":{"@id":"https:\/\/qingdaohf.com\/product\/stainless-steel-anchor-shackle-bow-shackle\/#breadcrumb"},"inLanguage":"ro-RO","potentialAction":[{"@type":"ReadAction","target":["https:\/\/qingdaohf.com\/product\/stainless-steel-anchor-shackle-bow-shackle\/"]}]},{"@type":"ImageObject","inLanguage":"ro-RO","@id":"https:\/\/qingdaohf.com\/product\/stainless-steel-anchor-shackle-bow-shackle\/#primaryimage","url":"https:\/\/qingdaohf.com\/wp-content\/uploads\/2023\/05\/anchor-shackle-8.jpg","contentUrl":"https:\/\/qingdaohf.com\/wp-content\/uploads\/2023\/05\/anchor-shackle-8.jpg","width":1000,"height":1000,"caption":"anchor shackle"},{"@type":"BreadcrumbList","@id":"https:\/\/qingdaohf.com\/product\/stainless-steel-anchor-shackle-bow-shackle\/#breadcrumb","itemListElement":[{"@type":"ListItem","position":1,"name":"Home","item":"https:\/\/qingdaohf.com\/"},{"@type":"ListItem","position":2,"name":"Concrete Forming Accessories and Rigging Hardware","item":"https:\/\/qingdaohf.com\/bg\/?page_id=944"},{"@type":"ListItem","position":3,"name":"Stainless Steel Anchor Shackle Bow Shackle"}]},{"@type":"WebSite","@id":"https:\/\/qingdaohf.com\/bg\/#website","url":"https:\/\/qingdaohf.com\/bg\/","name":"Concrete Form & Rigging Hardware Supplier","description":"","publisher":{"@id":"https:\/\/qingdaohf.com\/bg\/#organization"},"potentialAction":[{"@type":"SearchAction","target":{"@type":"EntryPoint","urlTemplate":"https:\/\/qingdaohf.com\/bg\/?s={search_term_string}"},"query-input":{"@type":"PropertyValueSpecification","valueRequired":true,"valueName":"search_term_string"}}],"inLanguage":"ro-RO"},{"@type":"Organization","@id":"https:\/\/qingdaohf.com\/bg\/#organization","name":"Qingdao H&F","url":"https:\/\/qingdaohf.com\/bg\/","logo":{"@type":"ImageObject","inLanguage":"ro-RO","@id":"https:\/\/qingdaohf.com\/bg\/#\/schema\/logo\/image\/","url":"https:\/\/qingdaohf.com\/wp-content\/uploads\/2022\/12\/cropped-HF-LOGO.png","contentUrl":"https:\/\/qingdaohf.com\/wp-content\/uploads\/2022\/12\/cropped-HF-LOGO.png","width":391,"height":249,"caption":"Qingdao H&F"},"image":{"@id":"https:\/\/qingdaohf.com\/bg\/#\/schema\/logo\/image\/"},"sameAs":["https:\/\/www.facebook.com\/qingdaohf"]}]}},"_links":{"self":[{"href":"https:\/\/qingdaohf.com\/ro\/wp-json\/wp\/v2\/product\/3772","targetHints":{"allow":["GET"]}}],"collection":[{"href":"https:\/\/qingdaohf.com\/ro\/wp-json\/wp\/v2\/product"}],"about":[{"href":"https:\/\/qingdaohf.com\/ro\/wp-json\/wp\/v2\/types\/product"}],"replies":[{"embeddable":true,"href":"https:\/\/qingdaohf.com\/ro\/wp-json\/wp\/v2\/comments?post=3772"}],"version-history":[{"count":1,"href":"https:\/\/qingdaohf.com\/ro\/wp-json\/wp\/v2\/product\/3772\/revisions"}],"predecessor-version":[{"id":10430,"href":"https:\/\/qingdaohf.com\/ro\/wp-json\/wp\/v2\/product\/3772\/revisions\/10430"}],"wp:featuredmedia":[{"embeddable":true,"href":"https:\/\/qingdaohf.com\/ro\/wp-json\/wp\/v2\/media\/3773"}],"wp:attachment":[{"href":"https:\/\/qingdaohf.com\/ro\/wp-json\/wp\/v2\/media?parent=3772"}],"wp:term":[{"taxonomy":"product_brand","embeddable":true,"href":"https:\/\/qingdaohf.com\/ro\/wp-json\/wp\/v2\/product_brand?post=3772"},{"taxonomy":"product_cat","embeddable":true,"href":"https:\/\/qingdaohf.com\/ro\/wp-json\/wp\/v2\/product_cat?post=3772"},{"taxonomy":"product_tag","embeddable":true,"href":"https:\/\/qingdaohf.com\/ro\/wp-json\/wp\/v2\/product_tag?post=3772"}],"curies":[{"name":"wp","href":"https:\/\/api.w.org\/{rel}","templated":true}]}}