{"id":3812,"date":"2023-05-19T16:11:27","date_gmt":"2023-05-19T08:11:27","guid":{"rendered":"http:\/\/qingdaohf.com\/?post_type=product&#038;p=3812"},"modified":"2025-11-13T09:05:11","modified_gmt":"2025-11-13T01:05:11","slug":"g210-shackle","status":"publish","type":"product","link":"https:\/\/qingdaohf.com\/ro\/produs\/grilaj-g210\/","title":{"rendered":"G210 Galvanizat D Shackle galvanizat"},"content":{"rendered":"<p><strong>1. Asigurarea calit\u0103\u021bii:<\/strong> Declara\u021bie: Fi\u021bi siguri de calitatea excep\u021bional\u0103 a man\u0219onului nostru G210. Ne aprovizion\u0103m meticulos cu aceste produse de la produc\u0103tori recunoscu\u021bi la nivel mondial, asigur\u00e2ndu-ne c\u0103 acestea respect\u0103 cele mai \u00eenalte standarde din industrie. Pentru a sus\u021bine acest angajament, furniz\u0103m certificate de calitate specifice, cum ar fi ISO 9001:2015, care garanteaz\u0103 calitatea \u0219i fiabilitatea fiec\u0103rei c\u0103tu\u0219e.<\/p>\n<p><strong>2. Pre\u021buri competitive:<\/strong> Declara\u021bie: La H&amp;F, redefinim accesibilitatea f\u0103r\u0103 a compromite calitatea. Re\u021beaua noastr\u0103 extins\u0103 \u0219i lan\u021bul nostru de aprovizionare simplificat ne permit s\u0103 oferim cele mai bune pre\u021buri cu ridicata la nivel global pentru c\u0103tu\u0219ele G210. Contacta\u021bi echipa noastr\u0103 de v\u00e2nz\u0103ri pentru a discuta cerin\u021bele dvs. de volum \u0219i pentru a beneficia de solu\u021bii de pre\u021buri personalizate care se aliniaz\u0103 constr\u00e2ngerilor dvs. bugetare.<\/p>\n<p><strong>3. Personalizare \u0219i specifica\u021bii:<\/strong> Declara\u021bie: Dezl\u0103n\u021bui\u021bi \u00eentregul poten\u021bial al personaliz\u0103rii cu H&amp;F. \u00cen\u021belegem unicitatea aplica\u021biilor dvs., iar man\u0219onul nostru G210 poate fi adaptat pentru a v\u0103 \u00eendeplini specifica\u021biile exacte. De la dimensiuni la compozi\u021bia materialului, echipa noastr\u0103 experimentat\u0103 se asigur\u0103 c\u0103 fiecare man\u0219on se potrive\u0219te perfect cerin\u021belor dvs. distincte.<\/p>\n<p><strong>4. Termene de execu\u021bie \u0219i logistic\u0103 specifice:<\/strong> Declara\u021bie: Timpul este esen\u021bial, iar noi prioritiz\u0103m livrarea rapid\u0103. Timpul de livrare pentru c\u0103tu\u0219ele noastre G210 este ajustat \u00een func\u021bie de nevoile dvs., cu termene specifice furnizate \u00een func\u021bie de volumul comenzii \u0219i de cerin\u021bele de personalizare. Echipa noastr\u0103 logistic\u0103 eficient\u0103 asigur\u0103 expedierea f\u0103r\u0103 probleme, iar informa\u021biile de urm\u0103rire \u00een timp real sunt \u00eentotdeauna la \u00eendem\u00e2na dumneavoastr\u0103.<\/p>\n<p><strong>5. Asisten\u021b\u0103 post-v\u00e2nzare:<\/strong> Declara\u021bie: Angajamentul nostru nu se \u00eencheie odat\u0103 cu achizi\u021bia. H&amp;F sus\u021bine cu fermitate produsele noastre, oferind un suport post-v\u00e2nzare de neegalat. Fie c\u0103 ave\u021bi nevoie de asisten\u021b\u0103 tehnic\u0103, acoperire de garan\u021bie sau servicii de \u00eenlocuire, echipa noastr\u0103 dedicat\u0103 este aici pentru a r\u0103spunde preocup\u0103rilor dumneavoastr\u0103 \u0219i pentru a v\u0103 asigura satisfac\u021bia.<\/p>\n<p><strong>6. Standarde de mediu \u0219i de conformitate:<\/strong> Declara\u021bie: H&amp;F se m\u00e2ndre\u0219te cu respectarea standardelor de mediu \u0219i de conformitate. C\u0103tu\u0219ele noastre G210 nu numai c\u0103 \u00eendeplinesc, dar dep\u0103\u0219esc standardele globale ale industriei. Procesele de fabrica\u021bie ader\u0103 la practici etice \u0219i ecologice, aliniindu-se perfect cu obiectivele dvs. de responsabilitate corporativ\u0103.<\/p>\n<div class=\"ast-oembed-container\" style=\"height: 100%;\"><iframe title=\"Colec\u021bia de c\u0103tu\u0219e H&amp;F G209 G210 Shackle\" width=\"500\" height=\"281\" src=\"https:\/\/www.youtube.com\/embed\/f5c-7zVpoOE?feature=oembed\" frameborder=\"0\" allow=\"accelerometer; autoplay; clipboard-write; encrypted-media; gyroscope; picture-in-picture; web-share\" referrerpolicy=\"strict-origin-when-cross-origin\" allowfullscreen><\/iframe><\/div>\n<p><strong>Galvanizat Durabilitate:<\/strong> Catarama G210 este fabricat\u0103 din o\u021bel de \u00eenalt\u0103 calitate \u0219i galvanizat\u0103 pentru o durabilitate sporit\u0103. Acest strat de protec\u021bie nu numai c\u0103 fortific\u0103 man\u0219onul \u00eempotriva coroziunii, prelungindu-i durata de via\u021b\u0103, dar \u00eei asigur\u0103 \u0219i performan\u021ba \u00een medii dificile, inclusiv \u00een aplica\u021bii marine \u0219i \u00een aer liber.<\/p>\n<p><strong>Construc\u021bie robust\u0103:<\/strong> Proiectat pentru a rezista la sarcini grele, c\u0103tu\u0219ul G210 se m\u00e2ndre\u0219te cu un design robust \u0219i compact. Aceast\u0103 caracteristic\u0103 \u00eei spore\u0219te versatilitatea, permi\u021b\u00e2ndu-i s\u0103 fie utilizat \u00eentr-o multitudine de scenarii, de la \u0219antiere de construc\u021bii la \u0219antiere de transport.<\/p>\n<p><strong>Mecanism de siguran\u021b\u0103 Pin:<\/strong> Echipat cu un \u0219tift de siguran\u021b\u0103, c\u0103tu\u0219ul ofer\u0103 un nivel suplimentar de securitate \u00een timpul func\u021bion\u0103rii. Acest lucru asigur\u0103 faptul c\u0103 \u00eenc\u0103rc\u0103tura r\u0103m\u00e2ne bine fixat\u0103, minimiz\u00e2nd riscul de dezactivare accidental\u0103 \u0219i promov\u00e2nd un mediu de lucru sigur.<\/p>\n<p><strong>Versatilitate \u00een aplica\u021bii:<\/strong> Fie c\u0103 este vorba de ridicarea echipamentelor, fixarea \u00eenc\u0103rc\u0103turii sau conectarea cablurilor de ridicare, man\u0219onul galvanizat G210 exceleaz\u0103 \u00een diverse aplica\u021bii. Versatilitatea \u0219i fiabilitatea sa \u00eel fac un instrument indispensabil pentru industriile care solicit\u0103 performan\u021be f\u0103r\u0103 compromisuri.<\/p>\n<p><img fetchpriority=\"high\" decoding=\"async\" class=\"alignnone size-full wp-image-3813\" src=\"http:\/\/qingdaohf.com\/wp-content\/uploads\/2023\/05\/G209-G210-shackle.jpg\" alt=\"Grilaj G209 G210\" width=\"1000\" height=\"1296\" srcset=\"https:\/\/qingdaohf.com\/wp-content\/uploads\/2023\/05\/G209-G210-shackle.jpg 1000w, https:\/\/qingdaohf.com\/wp-content\/uploads\/2023\/05\/G209-G210-shackle-231x300.jpg 231w, https:\/\/qingdaohf.com\/wp-content\/uploads\/2023\/05\/G209-G210-shackle-790x1024.jpg 790w, https:\/\/qingdaohf.com\/wp-content\/uploads\/2023\/05\/G209-G210-shackle-768x995.jpg 768w\" sizes=\"(max-width: 1000px) 100vw, 1000px\" \/><\/p>","protected":false},"excerpt":{"rendered":"<p>Bine a\u021bi venit la Qingdao H&amp;F, partenerul dvs. de \u00eencredere pentru c\u0103tu\u0219ele G210. Ca furnizor de c\u0103tu\u0219e cu peste 20 de ani de experien\u021b\u0103, ne m\u00e2ndrim cu furnizarea de produse de calitate la cele mai bune pre\u021buri. Experimenta\u021bi un serviciu clien\u021bi de neegalat cu abordarea noastr\u0103 personalizat\u0103, asigur\u00e2ndu-ne c\u0103 cerin\u021bele dvs. specifice sunt \u00eendeplinite. Grilajele noastre G210, create cu zeci de ani de cuno\u0219tin\u021be din industrie, ofer\u0103 solu\u021bii robuste \u0219i fiabile. Ceea ce ne diferen\u021biaz\u0103 este op\u021biunea de personalizare, permi\u021b\u00e2ndu-v\u0103 s\u0103 adapta\u021bi c\u0103tu\u0219ele la nevoile dvs. precise. Alege\u021bi Qingdao H&amp;F pentru o experien\u021b\u0103 wholesale f\u0103r\u0103 cusur, \u00een care converg accesibilitatea, calitatea \u0219i serviciile personalizate. Ave\u021bi \u00eencredere \u00een noi pentru a v\u0103 satisface nevoile cu excelen\u021b\u0103 \u0219i dedicare.<\/p>","protected":false},"featured_media":6312,"comment_status":"open","ping_status":"closed","template":"","meta":{"site-sidebar-layout":"default","site-content-layout":"default","ast-site-content-layout":"default","site-content-style":"default","site-sidebar-style":"default","ast-global-header-display":"","ast-banner-title-visibility":"","ast-main-header-display":"","ast-hfb-above-header-display":"","ast-hfb-below-header-display":"","ast-hfb-mobile-header-display":"","site-post-title":"","ast-breadcrumbs-content":"","ast-featured-img":"","footer-sml-layout":"","theme-transparent-header-meta":"default","adv-header-id-meta":"","stick-header-meta":"default","header-above-stick-meta":"","header-main-stick-meta":"","header-below-stick-meta":"","astra-migrate-meta-layouts":"set","ast-page-background-enabled":"default","ast-page-background-meta":{"desktop":{"background-color":"","background-image":"","background-repeat":"repeat","background-position":"center center","background-size":"auto","background-attachment":"scroll","background-type":"","background-media":"","overlay-type":"","overlay-color":"","overlay-opacity":"","overlay-gradient":""},"tablet":{"background-color":"","background-image":"","background-repeat":"repeat","background-position":"center center","background-size":"auto","background-attachment":"scroll","background-type":"","background-media":"","overlay-type":"","overlay-color":"","overlay-opacity":"","overlay-gradient":""},"mobile":{"background-color":"","background-image":"","background-repeat":"repeat","background-position":"center center","background-size":"auto","background-attachment":"scroll","background-type":"","background-media":"","overlay-type":"","overlay-color":"","overlay-opacity":"","overlay-gradient":""}},"ast-content-background-meta":{"desktop":{"background-color":"var(--ast-global-color-5)","background-image":"","background-repeat":"repeat","background-position":"center center","background-size":"auto","background-attachment":"scroll","background-type":"","background-media":"","overlay-type":"","overlay-color":"","overlay-opacity":"","overlay-gradient":""},"tablet":{"background-color":"var(--ast-global-color-5)","background-image":"","background-repeat":"repeat","background-position":"center center","background-size":"auto","background-attachment":"scroll","background-type":"","background-media":"","overlay-type":"","overlay-color":"","overlay-opacity":"","overlay-gradient":""},"mobile":{"background-color":"var(--ast-global-color-5)","background-image":"","background-repeat":"repeat","background-position":"center center","background-size":"auto","background-attachment":"scroll","background-type":"","background-media":"","overlay-type":"","overlay-color":"","overlay-opacity":"","overlay-gradient":""}}},"product_brand":[],"product_cat":[54],"product_tag":[],"class_list":{"0":"post-3812","1":"product","2":"type-product","3":"status-publish","4":"has-post-thumbnail","6":"product_cat-shackle","7":"desktop-align-left","8":"tablet-align-left","9":"mobile-align-left","10":"ast-product-gallery-layout-horizontal-slider","11":"ast-product-tabs-layout-horizontal","13":"first","14":"instock","15":"shipping-taxable","16":"purchasable","17":"product-type-simple"},"yoast_head":"<!-- This site is optimized with the Yoast SEO plugin v25.2 - https:\/\/yoast.com\/wordpress\/plugins\/seo\/ -->\n<title>G210 Galvanized D Shackle<\/title>\n<meta name=\"description\" content=\"The primary purpose of the G210 Galvanized Shackle is to facilitate secure connections in lifting and rigging operations.\" \/>\n<meta name=\"robots\" content=\"index, follow, max-snippet:-1, max-image-preview:large, max-video-preview:-1\" \/>\n<link rel=\"canonical\" href=\"https:\/\/qingdaohf.com\/ro\/produs\/grilaj-g210\/\" \/>\n<meta property=\"og:locale\" content=\"ro_RO\" \/>\n<meta property=\"og:type\" content=\"article\" \/>\n<meta property=\"og:title\" content=\"G210 Galvanized D Shackle\" \/>\n<meta property=\"og:description\" content=\"The primary purpose of the G210 Galvanized Shackle is to facilitate secure connections in lifting and rigging operations.\" \/>\n<meta property=\"og:url\" content=\"https:\/\/qingdaohf.com\/ro\/produs\/grilaj-g210\/\" \/>\n<meta property=\"og:site_name\" content=\"Concrete Form &amp; Rigging Hardware Supplier\" \/>\n<meta property=\"article:publisher\" content=\"https:\/\/www.facebook.com\/qingdaohf\" \/>\n<meta property=\"article:modified_time\" content=\"2025-11-13T01:05:11+00:00\" \/>\n<meta property=\"og:image\" content=\"https:\/\/qingdaohf.com\/wp-content\/uploads\/2023\/05\/210-shackle.jpg\" \/>\n\t<meta property=\"og:image:width\" content=\"900\" \/>\n\t<meta property=\"og:image:height\" content=\"900\" \/>\n\t<meta property=\"og:image:type\" content=\"image\/jpeg\" \/>\n<meta name=\"twitter:card\" content=\"summary_large_image\" \/>\n<meta name=\"twitter:label1\" content=\"Timp estimat pentru citire\" \/>\n\t<meta name=\"twitter:data1\" content=\"3 minute\" \/>\n<script type=\"application\/ld+json\" class=\"yoast-schema-graph\">{\"@context\":\"https:\/\/schema.org\",\"@graph\":[{\"@type\":\"WebPage\",\"@id\":\"https:\/\/qingdaohf.com\/product\/g210-shackle\/\",\"url\":\"https:\/\/qingdaohf.com\/product\/g210-shackle\/\",\"name\":\"G210 Galvanized D Shackle\",\"isPartOf\":{\"@id\":\"https:\/\/qingdaohf.com\/bg\/#website\"},\"primaryImageOfPage\":{\"@id\":\"https:\/\/qingdaohf.com\/product\/g210-shackle\/#primaryimage\"},\"image\":{\"@id\":\"https:\/\/qingdaohf.com\/product\/g210-shackle\/#primaryimage\"},\"thumbnailUrl\":\"https:\/\/qingdaohf.com\/wp-content\/uploads\/2023\/05\/210-shackle.jpg\",\"datePublished\":\"2023-05-19T08:11:27+00:00\",\"dateModified\":\"2025-11-13T01:05:11+00:00\",\"description\":\"The primary purpose of the G210 Galvanized Shackle is to facilitate secure connections in lifting and rigging operations.\",\"breadcrumb\":{\"@id\":\"https:\/\/qingdaohf.com\/product\/g210-shackle\/#breadcrumb\"},\"inLanguage\":\"ro-RO\",\"potentialAction\":[{\"@type\":\"ReadAction\",\"target\":[\"https:\/\/qingdaohf.com\/product\/g210-shackle\/\"]}]},{\"@type\":\"ImageObject\",\"inLanguage\":\"ro-RO\",\"@id\":\"https:\/\/qingdaohf.com\/product\/g210-shackle\/#primaryimage\",\"url\":\"https:\/\/qingdaohf.com\/wp-content\/uploads\/2023\/05\/210-shackle.jpg\",\"contentUrl\":\"https:\/\/qingdaohf.com\/wp-content\/uploads\/2023\/05\/210-shackle.jpg\",\"width\":900,\"height\":900,\"caption\":\"210 D shackle\"},{\"@type\":\"BreadcrumbList\",\"@id\":\"https:\/\/qingdaohf.com\/product\/g210-shackle\/#breadcrumb\",\"itemListElement\":[{\"@type\":\"ListItem\",\"position\":1,\"name\":\"Home\",\"item\":\"https:\/\/qingdaohf.com\/\"},{\"@type\":\"ListItem\",\"position\":2,\"name\":\"Concrete Forming Accessories and Rigging Hardware\",\"item\":\"https:\/\/qingdaohf.com\/bg\/?page_id=944\"},{\"@type\":\"ListItem\",\"position\":3,\"name\":\"G210 Galvanized D Shackle\"}]},{\"@type\":\"WebSite\",\"@id\":\"https:\/\/qingdaohf.com\/bg\/#website\",\"url\":\"https:\/\/qingdaohf.com\/bg\/\",\"name\":\"Concrete Form & Rigging Hardware Supplier\",\"description\":\"\",\"publisher\":{\"@id\":\"https:\/\/qingdaohf.com\/bg\/#organization\"},\"potentialAction\":[{\"@type\":\"SearchAction\",\"target\":{\"@type\":\"EntryPoint\",\"urlTemplate\":\"https:\/\/qingdaohf.com\/bg\/?s={search_term_string}\"},\"query-input\":{\"@type\":\"PropertyValueSpecification\",\"valueRequired\":true,\"valueName\":\"search_term_string\"}}],\"inLanguage\":\"ro-RO\"},{\"@type\":\"Organization\",\"@id\":\"https:\/\/qingdaohf.com\/bg\/#organization\",\"name\":\"Qingdao H&F\",\"url\":\"https:\/\/qingdaohf.com\/bg\/\",\"logo\":{\"@type\":\"ImageObject\",\"inLanguage\":\"ro-RO\",\"@id\":\"https:\/\/qingdaohf.com\/bg\/#\/schema\/logo\/image\/\",\"url\":\"https:\/\/qingdaohf.com\/wp-content\/uploads\/2022\/12\/cropped-HF-LOGO.png\",\"contentUrl\":\"https:\/\/qingdaohf.com\/wp-content\/uploads\/2022\/12\/cropped-HF-LOGO.png\",\"width\":391,\"height\":249,\"caption\":\"Qingdao H&F\"},\"image\":{\"@id\":\"https:\/\/qingdaohf.com\/bg\/#\/schema\/logo\/image\/\"},\"sameAs\":[\"https:\/\/www.facebook.com\/qingdaohf\"]}]}<\/script>\n<!-- \/ Yoast SEO plugin. -->","yoast_head_json":{"title":"G210 Galvanized D Shackle","description":"The primary purpose of the G210 Galvanized Shackle is to facilitate secure connections in lifting and rigging operations.","robots":{"index":"index","follow":"follow","max-snippet":"max-snippet:-1","max-image-preview":"max-image-preview:large","max-video-preview":"max-video-preview:-1"},"canonical":"https:\/\/qingdaohf.com\/ro\/produs\/grilaj-g210\/","og_locale":"ro_RO","og_type":"article","og_title":"G210 Galvanized D Shackle","og_description":"The primary purpose of the G210 Galvanized Shackle is to facilitate secure connections in lifting and rigging operations.","og_url":"https:\/\/qingdaohf.com\/ro\/produs\/grilaj-g210\/","og_site_name":"Concrete Form &amp; Rigging Hardware Supplier","article_publisher":"https:\/\/www.facebook.com\/qingdaohf","article_modified_time":"2025-11-13T01:05:11+00:00","og_image":[{"width":900,"height":900,"url":"https:\/\/qingdaohf.com\/wp-content\/uploads\/2023\/05\/210-shackle.jpg","type":"image\/jpeg"}],"twitter_card":"summary_large_image","twitter_misc":{"Timp estimat pentru citire":"3 minute"},"schema":{"@context":"https:\/\/schema.org","@graph":[{"@type":"WebPage","@id":"https:\/\/qingdaohf.com\/product\/g210-shackle\/","url":"https:\/\/qingdaohf.com\/product\/g210-shackle\/","name":"G210 Galvanized D Shackle","isPartOf":{"@id":"https:\/\/qingdaohf.com\/bg\/#website"},"primaryImageOfPage":{"@id":"https:\/\/qingdaohf.com\/product\/g210-shackle\/#primaryimage"},"image":{"@id":"https:\/\/qingdaohf.com\/product\/g210-shackle\/#primaryimage"},"thumbnailUrl":"https:\/\/qingdaohf.com\/wp-content\/uploads\/2023\/05\/210-shackle.jpg","datePublished":"2023-05-19T08:11:27+00:00","dateModified":"2025-11-13T01:05:11+00:00","description":"The primary purpose of the G210 Galvanized Shackle is to facilitate secure connections in lifting and rigging operations.","breadcrumb":{"@id":"https:\/\/qingdaohf.com\/product\/g210-shackle\/#breadcrumb"},"inLanguage":"ro-RO","potentialAction":[{"@type":"ReadAction","target":["https:\/\/qingdaohf.com\/product\/g210-shackle\/"]}]},{"@type":"ImageObject","inLanguage":"ro-RO","@id":"https:\/\/qingdaohf.com\/product\/g210-shackle\/#primaryimage","url":"https:\/\/qingdaohf.com\/wp-content\/uploads\/2023\/05\/210-shackle.jpg","contentUrl":"https:\/\/qingdaohf.com\/wp-content\/uploads\/2023\/05\/210-shackle.jpg","width":900,"height":900,"caption":"210 D shackle"},{"@type":"BreadcrumbList","@id":"https:\/\/qingdaohf.com\/product\/g210-shackle\/#breadcrumb","itemListElement":[{"@type":"ListItem","position":1,"name":"Home","item":"https:\/\/qingdaohf.com\/"},{"@type":"ListItem","position":2,"name":"Concrete Forming Accessories and Rigging Hardware","item":"https:\/\/qingdaohf.com\/bg\/?page_id=944"},{"@type":"ListItem","position":3,"name":"G210 Galvanized D Shackle"}]},{"@type":"WebSite","@id":"https:\/\/qingdaohf.com\/bg\/#website","url":"https:\/\/qingdaohf.com\/bg\/","name":"Concrete Form & Rigging Hardware Supplier","description":"","publisher":{"@id":"https:\/\/qingdaohf.com\/bg\/#organization"},"potentialAction":[{"@type":"SearchAction","target":{"@type":"EntryPoint","urlTemplate":"https:\/\/qingdaohf.com\/bg\/?s={search_term_string}"},"query-input":{"@type":"PropertyValueSpecification","valueRequired":true,"valueName":"search_term_string"}}],"inLanguage":"ro-RO"},{"@type":"Organization","@id":"https:\/\/qingdaohf.com\/bg\/#organization","name":"Qingdao H&F","url":"https:\/\/qingdaohf.com\/bg\/","logo":{"@type":"ImageObject","inLanguage":"ro-RO","@id":"https:\/\/qingdaohf.com\/bg\/#\/schema\/logo\/image\/","url":"https:\/\/qingdaohf.com\/wp-content\/uploads\/2022\/12\/cropped-HF-LOGO.png","contentUrl":"https:\/\/qingdaohf.com\/wp-content\/uploads\/2022\/12\/cropped-HF-LOGO.png","width":391,"height":249,"caption":"Qingdao H&F"},"image":{"@id":"https:\/\/qingdaohf.com\/bg\/#\/schema\/logo\/image\/"},"sameAs":["https:\/\/www.facebook.com\/qingdaohf"]}]}},"_links":{"self":[{"href":"https:\/\/qingdaohf.com\/ro\/wp-json\/wp\/v2\/product\/3812","targetHints":{"allow":["GET"]}}],"collection":[{"href":"https:\/\/qingdaohf.com\/ro\/wp-json\/wp\/v2\/product"}],"about":[{"href":"https:\/\/qingdaohf.com\/ro\/wp-json\/wp\/v2\/types\/product"}],"replies":[{"embeddable":true,"href":"https:\/\/qingdaohf.com\/ro\/wp-json\/wp\/v2\/comments?post=3812"}],"version-history":[{"count":9,"href":"https:\/\/qingdaohf.com\/ro\/wp-json\/wp\/v2\/product\/3812\/revisions"}],"predecessor-version":[{"id":6289,"href":"https:\/\/qingdaohf.com\/ro\/wp-json\/wp\/v2\/product\/3812\/revisions\/6289"}],"wp:featuredmedia":[{"embeddable":true,"href":"https:\/\/qingdaohf.com\/ro\/wp-json\/wp\/v2\/media\/6312"}],"wp:attachment":[{"href":"https:\/\/qingdaohf.com\/ro\/wp-json\/wp\/v2\/media?parent=3812"}],"wp:term":[{"taxonomy":"product_brand","embeddable":true,"href":"https:\/\/qingdaohf.com\/ro\/wp-json\/wp\/v2\/product_brand?post=3812"},{"taxonomy":"product_cat","embeddable":true,"href":"https:\/\/qingdaohf.com\/ro\/wp-json\/wp\/v2\/product_cat?post=3812"},{"taxonomy":"product_tag","embeddable":true,"href":"https:\/\/qingdaohf.com\/ro\/wp-json\/wp\/v2\/product_tag?post=3812"}],"curies":[{"name":"wp","href":"https:\/\/api.w.org\/{rel}","templated":true}]}}