{"id":3822,"date":"2023-05-19T16:36:58","date_gmt":"2023-05-19T08:36:58","guid":{"rendered":"http:\/\/qingdaohf.com\/?post_type=product&#038;p=3822"},"modified":"2025-11-13T09:05:11","modified_gmt":"2025-11-13T01:05:11","slug":"g215-shackle","status":"publish","type":"product","link":"https:\/\/qingdaohf.com\/ro\/produs\/g213-g215-lant-galvanizat\/","title":{"rendered":"G215 Cataram\u0103 galvanizat\u0103"},"content":{"rendered":"<p class=\"\" data-start=\"525\" data-end=\"1183\">\u0218nurul G215 reprezint\u0103 un amestec de inginerie robust\u0103 \u0219i m\u0103iestrie rafinat\u0103, adaptat pentru o varietate de aplica\u021bii industriale. Realizat cu o aten\u021bie meticuloas\u0103 la detalii, acest produs a fost dezvoltat pentru a respecta standardele stricte de control al calit\u0103\u021bii, oferind \u00een acela\u0219i timp o solu\u021bie practic\u0103 pentru nevoile complexe de fixare. Proiectat pentru rezisten\u021b\u0103, c\u0103tu\u0219ul G215 prezint\u0103 un echilibru excep\u021bional \u00eentre rezisten\u021ba la \u00eenc\u0103rcare \u0219i eficien\u021ba opera\u021bional\u0103, abord\u00e2nd diversele provoc\u0103ri \u00eent\u00e2lnite \u00een sarcinile grele. Construc\u021bia sa reflect\u0103 cele mai recente progrese \u00een \u0219tiin\u021ba materialelor, asigur\u00e2nd c\u0103 fiecare unitate func\u021bioneaz\u0103 fiabil \u00een condi\u021bii adverse.<\/p>\n<h2 class=\"\" data-start=\"1185\" data-end=\"1223\">Specifica\u021bii \u0219i detalii de proiectare<\/h2>\n<p class=\"\" data-start=\"1224\" data-end=\"1898\">Acest accesoriu de echipare este construit \u00een principal din o\u021bel aliat premium, care nu numai c\u0103 garanteaz\u0103 un raport excelent rezisten\u021b\u0103-greutate, dar ofer\u0103 \u0219i o rezisten\u021b\u0103 superioar\u0103 la uzur\u0103 \u0219i coroziune. Catarama G215 este proiectat\u0103 cu precizie pentru a acomoda capacit\u0103\u021bi de \u00eenc\u0103rcare specifice care se potrivesc diferitelor cerin\u021be opera\u021bionale. Dimensiunile \u0219i toleran\u021bele sale au fost riguros testate \u0219i rafinate, asigur\u00e2nd c\u0103 man\u0219onul func\u021bioneaz\u0103 optim chiar \u0219i atunci c\u00e2nd este supus unor solicit\u0103ri repetitive \u0219i grele. Ingineria din spatele acestui produs \u00eencorporeaz\u0103 elemente avansate de proiectare care minimizeaz\u0103 orice deformare poten\u021bial\u0103 sub sarcin\u0103, sporind astfel siguran\u021ba general\u0103 \u0219i consecven\u021ba opera\u021bional\u0103.<\/p>\n<h2 class=\"\" data-start=\"1900\" data-end=\"1940\">Compozi\u021bia materialului \u0219i durabilitatea<\/h2>\n<p class=\"\" data-start=\"1941\" data-end=\"2764\">La baza performan\u021bei c\u0103tu\u0219ului G215 se afl\u0103 compozi\u021bia superioar\u0103 a materialului. O\u021belul aliat de calitate superioar\u0103 utilizat la fabricarea sa este ales pentru propriet\u0103\u021bile sale mecanice excep\u021bionale, inclusiv rezisten\u021ba ridicat\u0103 la trac\u021biune \u0219i rezisten\u021ba la degradarea mediului. Aceast\u0103 alegere a materialului contribuie la durabilitatea \u0219i longevitatea impresionante ale man\u0219onului, chiar \u0219i \u00een fa\u021ba condi\u021biilor meteorologice fluctuante \u0219i a expunerii la medii industriale dificile. \u00cembun\u0103t\u0103\u021bit prin tehnici metalurgice moderne, materialul nu numai c\u0103 \u00eendepline\u0219te, dar dep\u0103\u0219e\u0219te standardele interna\u021bionale, ob\u021bin\u00e2nd numeroase certific\u0103ri care atest\u0103 calitatea \u0219i fiabilitatea c\u0103tu\u0219ei. Testele riguroase de control al calit\u0103\u021bii, efectuate de organisme acreditate, valideaz\u0103 \u0219i mai mult capacitatea c\u0103tu\u0219ei de a-\u0219i men\u021bine integritatea performan\u021bei pe perioade lungi de utilizare.<\/p>\n<h2 class=\"\" data-start=\"2766\" data-end=\"2799\">Aplica\u021bie \u0219i utilizare industrial\u0103<\/h2>\n<p class=\"\" data-start=\"2800\" data-end=\"3604\">Versatilitatea man\u0219onului G215 este evident\u0103 \u00een gama sa larg\u0103 de aplica\u021bii \u00een diverse industrii. Profesioni\u0219tii din sectoarele construc\u021biilor, opera\u021biunilor maritime \u0219i utilajelor grele au constatat c\u0103 designul s\u0103u inovator r\u0103spunde \u00een mod eficient preocup\u0103rilor critice de siguran\u021b\u0103 \u0219i cerin\u021belor opera\u021bionale. Proiectarea sa precis\u0103 permite integrarea f\u0103r\u0103 probleme cu alte componente de echipare, eficientiz\u00e2nd astfel procesele \u0219i reduc\u00e2nd riscul de defectare \u00een timpul sarcinilor intensive. \u00cen scenariile \u00een care fiabilitatea este primordial\u0103, man\u0219onul G215 se remarc\u0103 ca un produs care asigur\u0103 at\u00e2t siguran\u021ba, c\u00e2t \u0219i eficien\u021ba. Construc\u021bia robust\u0103 a produsului \u0219i conformitatea cu standardele globale ofer\u0103 utilizatorilor siguran\u021ba c\u0103 acesta poate face fa\u021b\u0103 diverselor provoc\u0103ri, de la opera\u021biuni de rutin\u0103 la cele mai solicitante proiecte industriale.<\/p>\n<p><img fetchpriority=\"high\" decoding=\"async\" class=\"alignnone size-full wp-image-3828\" src=\"http:\/\/qingdaohf.com\/wp-content\/uploads\/2023\/05\/G213-G215.jpg\" alt=\"Cataram\u0103 G213 G215\" width=\"1000\" height=\"1281\" srcset=\"https:\/\/qingdaohf.com\/wp-content\/uploads\/2023\/05\/G213-G215.jpg 1000w, https:\/\/qingdaohf.com\/wp-content\/uploads\/2023\/05\/G213-G215-234x300.jpg 234w, https:\/\/qingdaohf.com\/wp-content\/uploads\/2023\/05\/G213-G215-799x1024.jpg 799w, https:\/\/qingdaohf.com\/wp-content\/uploads\/2023\/05\/G213-G215-768x984.jpg 768w\" sizes=\"(max-width: 1000px) 100vw, 1000px\" \/><\/p>\n<h2 class=\"\" data-start=\"3606\" data-end=\"3644\">Avantajele parteneriatului cu H&amp;F<\/h2>\n<p class=\"\" data-start=\"3645\" data-end=\"4834\">Atunci c\u00e2nd vine vorba de aprovizionarea cu echipamente de fixare fiabile, parteneriatul cu H&amp;F ofer\u0103 avantaje distincte care diferen\u021biaz\u0103 compania. Cump\u0103r\u0103torii apreciaz\u0103 sprijinul cuprinz\u0103tor oferit, de la disponibilitatea e\u0219antioanelor gratuite p\u00e2n\u0103 la servicii personalizate pentru clien\u021bi care r\u0103spund cerin\u021belor individuale. Angajamentul H&amp;F fa\u021b\u0103 de calitate \u0219i servicii este evident \u00een op\u021biunea de livrare din u\u0219\u0103 \u00een u\u0219\u0103, care asigur\u0103 sosirea la timp \u0219i \u00een siguran\u021b\u0103 a produselor. De\u0219i multe produse provin de la dezvoltatori externi, H&amp;F men\u021bine un proces de inspec\u021bie riguros \u0219i un regim de control al calit\u0103\u021bii care garanteaz\u0103 c\u0103 fiecare unitate \u00eendepline\u0219te certific\u0103rile necesare. Abordarea proactiv\u0103 a companiei fa\u021b\u0103 de serviciile pentru clien\u021bi \u0219i dedicarea sa pentru facilitarea solu\u021biilor personalizate contribuie la construirea unor rela\u021bii durabile bazate pe \u00eencredere \u0219i succes reciproc. Clien\u021bii sunt invita\u021bi s\u0103 experimenteze un amestec de \u00eendrumare de specialitate \u0219i produse inovatoare care simplific\u0103 complexitatea echip\u0103rii industriale. Aceast\u0103 dedicare pentru excelen\u021b\u0103 se reflect\u0103 \u00een fiecare aspect al serviciului, asigur\u00e2ndu-se c\u0103 clien\u021bii primesc nu numai un produs de \u00eenalt\u0103 calitate, cum ar fi c\u0103tu\u0219ul G215, ci \u0219i un sistem de asisten\u021b\u0103 cuprinz\u0103tor care spore\u0219te eficien\u021ba opera\u021bional\u0103 general\u0103.<\/p>\n<p class=\"\" data-start=\"4836\" data-end=\"5432\">Analiza detaliat\u0103 a man\u0219onului G215 eviden\u021biaz\u0103 ingineria sa superioar\u0103, calitatea excep\u021bional\u0103 a materialelor \u0219i respectarea standardelor de calitate riguroase. Designul s\u0103u precis \u00eel face o alegere preferat\u0103 pentru profesioni\u0219tii din sectoarele care solicit\u0103 fiabilitate \u0219i performan\u021b\u0103. \u00cen plus, avantajele strategice oferite de H&amp;F, inclusiv serviciile personalizate pentru clien\u021bi \u0219i sistemele eficiente de livrare, consolideaz\u0103 valoarea alegerii acestui produs. Pun\u00e2nd accentul pe siguran\u021b\u0103, durabilitate \u0219i asisten\u021b\u0103 centrat\u0103 pe client, c\u0103tu\u0219ul G215 reprezint\u0103 o solu\u021bie de \u00eencredere pentru peisajul industrial modern.<\/p>","protected":false},"excerpt":{"rendered":"<p>Catarama G215 este un accesoriu de feronerie proiectat cu precizie, meticulos conceput pentru aplica\u021bii grele. Construit din o\u021bel aliat de \u00eenalt\u0103 calitate \u0219i testat riguros pentru calitate \u0219i siguran\u021b\u0103, acest c\u0103tu\u0219 ofer\u0103 durabilitate \u0219i fiabilitate excep\u021bionale \u00een medii industriale solicitante. Designul s\u0103u versatil \u0219i respectarea strict\u0103 a certific\u0103rilor interna\u021bionale \u00eel fac o alegere ideal\u0103 pentru profesioni\u0219tii care caut\u0103 performan\u021be fiabile \u0219i solu\u021bii personalizate.<\/p>","protected":false},"featured_media":6333,"comment_status":"open","ping_status":"closed","template":"","meta":{"site-sidebar-layout":"default","site-content-layout":"default","ast-site-content-layout":"default","site-content-style":"default","site-sidebar-style":"default","ast-global-header-display":"","ast-banner-title-visibility":"","ast-main-header-display":"","ast-hfb-above-header-display":"","ast-hfb-below-header-display":"","ast-hfb-mobile-header-display":"","site-post-title":"","ast-breadcrumbs-content":"","ast-featured-img":"","footer-sml-layout":"","theme-transparent-header-meta":"default","adv-header-id-meta":"","stick-header-meta":"default","header-above-stick-meta":"","header-main-stick-meta":"","header-below-stick-meta":"","astra-migrate-meta-layouts":"set","ast-page-background-enabled":"default","ast-page-background-meta":{"desktop":{"background-color":"","background-image":"","background-repeat":"repeat","background-position":"center center","background-size":"auto","background-attachment":"scroll","background-type":"","background-media":"","overlay-type":"","overlay-color":"","overlay-opacity":"","overlay-gradient":""},"tablet":{"background-color":"","background-image":"","background-repeat":"repeat","background-position":"center center","background-size":"auto","background-attachment":"scroll","background-type":"","background-media":"","overlay-type":"","overlay-color":"","overlay-opacity":"","overlay-gradient":""},"mobile":{"background-color":"","background-image":"","background-repeat":"repeat","background-position":"center center","background-size":"auto","background-attachment":"scroll","background-type":"","background-media":"","overlay-type":"","overlay-color":"","overlay-opacity":"","overlay-gradient":""}},"ast-content-background-meta":{"desktop":{"background-color":"var(--ast-global-color-5)","background-image":"","background-repeat":"repeat","background-position":"center center","background-size":"auto","background-attachment":"scroll","background-type":"","background-media":"","overlay-type":"","overlay-color":"","overlay-opacity":"","overlay-gradient":""},"tablet":{"background-color":"var(--ast-global-color-5)","background-image":"","background-repeat":"repeat","background-position":"center center","background-size":"auto","background-attachment":"scroll","background-type":"","background-media":"","overlay-type":"","overlay-color":"","overlay-opacity":"","overlay-gradient":""},"mobile":{"background-color":"var(--ast-global-color-5)","background-image":"","background-repeat":"repeat","background-position":"center center","background-size":"auto","background-attachment":"scroll","background-type":"","background-media":"","overlay-type":"","overlay-color":"","overlay-opacity":"","overlay-gradient":""}}},"product_brand":[],"product_cat":[43,54],"product_tag":[],"class_list":{"0":"post-3822","1":"product","2":"type-product","3":"status-publish","4":"has-post-thumbnail","6":"product_cat-rigging-hardware","7":"product_cat-shackle","8":"desktop-align-left","9":"tablet-align-left","10":"mobile-align-left","11":"ast-product-gallery-layout-horizontal-slider","12":"ast-product-gallery-with-no-image","13":"ast-product-tabs-layout-horizontal","15":"first","16":"instock","17":"shipping-taxable","18":"purchasable","19":"product-type-simple"},"yoast_head":"<!-- This site is optimized with the Yoast SEO plugin v25.2 - https:\/\/yoast.com\/wordpress\/plugins\/seo\/ -->\n<title>G215 Galvanized Shackle<\/title>\n<meta name=\"description\" content=\"The G213 Galvanized Shackle and G215 Galvanized Shackle are two types of shackles commonly used in rigging and lifting operations. These shackles provide a secure connection point between various components such as chains, slings, and wire ropes.\" \/>\n<meta name=\"robots\" content=\"index, follow, max-snippet:-1, max-image-preview:large, max-video-preview:-1\" \/>\n<link rel=\"canonical\" href=\"https:\/\/qingdaohf.com\/ro\/produs\/g213-g215-lant-galvanizat\/\" \/>\n<meta property=\"og:locale\" content=\"ro_RO\" \/>\n<meta property=\"og:type\" content=\"article\" \/>\n<meta property=\"og:title\" content=\"G215 Galvanized Shackle\" \/>\n<meta property=\"og:description\" content=\"The G213 Galvanized Shackle and G215 Galvanized Shackle are two types of shackles commonly used in rigging and lifting operations. These shackles provide a secure connection point between various components such as chains, slings, and wire ropes.\" \/>\n<meta property=\"og:url\" content=\"https:\/\/qingdaohf.com\/ro\/produs\/g213-g215-lant-galvanizat\/\" \/>\n<meta property=\"og:site_name\" content=\"Concrete Form &amp; Rigging Hardware Supplier\" \/>\n<meta property=\"article:publisher\" content=\"https:\/\/www.facebook.com\/qingdaohf\" \/>\n<meta property=\"article:modified_time\" content=\"2025-11-13T01:05:11+00:00\" \/>\n<meta property=\"og:image\" content=\"https:\/\/qingdaohf.com\/wp-content\/uploads\/2023\/05\/shackle-G215.jpg\" \/>\n\t<meta property=\"og:image:width\" content=\"1000\" \/>\n\t<meta property=\"og:image:height\" content=\"1000\" \/>\n\t<meta property=\"og:image:type\" content=\"image\/jpeg\" \/>\n<meta name=\"twitter:card\" content=\"summary_large_image\" \/>\n<meta name=\"twitter:label1\" content=\"Timp estimat pentru citire\" \/>\n\t<meta name=\"twitter:data1\" content=\"4 minute\" \/>\n<script type=\"application\/ld+json\" class=\"yoast-schema-graph\">{\"@context\":\"https:\/\/schema.org\",\"@graph\":[{\"@type\":\"WebPage\",\"@id\":\"https:\/\/qingdaohf.com\/product\/g215-shackle\/\",\"url\":\"https:\/\/qingdaohf.com\/product\/g215-shackle\/\",\"name\":\"G215 Galvanized Shackle\",\"isPartOf\":{\"@id\":\"https:\/\/qingdaohf.com\/bg\/#website\"},\"primaryImageOfPage\":{\"@id\":\"https:\/\/qingdaohf.com\/product\/g215-shackle\/#primaryimage\"},\"image\":{\"@id\":\"https:\/\/qingdaohf.com\/product\/g215-shackle\/#primaryimage\"},\"thumbnailUrl\":\"https:\/\/qingdaohf.com\/wp-content\/uploads\/2023\/05\/shackle-G215.jpg\",\"datePublished\":\"2023-05-19T08:36:58+00:00\",\"dateModified\":\"2025-11-13T01:05:11+00:00\",\"description\":\"The G213 Galvanized Shackle and G215 Galvanized Shackle are two types of shackles commonly used in rigging and lifting operations. These shackles provide a secure connection point between various components such as chains, slings, and wire ropes.\",\"breadcrumb\":{\"@id\":\"https:\/\/qingdaohf.com\/product\/g215-shackle\/#breadcrumb\"},\"inLanguage\":\"ro-RO\",\"potentialAction\":[{\"@type\":\"ReadAction\",\"target\":[\"https:\/\/qingdaohf.com\/product\/g215-shackle\/\"]}]},{\"@type\":\"ImageObject\",\"inLanguage\":\"ro-RO\",\"@id\":\"https:\/\/qingdaohf.com\/product\/g215-shackle\/#primaryimage\",\"url\":\"https:\/\/qingdaohf.com\/wp-content\/uploads\/2023\/05\/shackle-G215.jpg\",\"contentUrl\":\"https:\/\/qingdaohf.com\/wp-content\/uploads\/2023\/05\/shackle-G215.jpg\",\"width\":1000,\"height\":1000,\"caption\":\"shackle G215\"},{\"@type\":\"BreadcrumbList\",\"@id\":\"https:\/\/qingdaohf.com\/product\/g215-shackle\/#breadcrumb\",\"itemListElement\":[{\"@type\":\"ListItem\",\"position\":1,\"name\":\"Home\",\"item\":\"https:\/\/qingdaohf.com\/\"},{\"@type\":\"ListItem\",\"position\":2,\"name\":\"Concrete Forming Accessories and Rigging Hardware\",\"item\":\"https:\/\/qingdaohf.com\/bg\/?page_id=944\"},{\"@type\":\"ListItem\",\"position\":3,\"name\":\"G215 Galvanized Shackle\"}]},{\"@type\":\"WebSite\",\"@id\":\"https:\/\/qingdaohf.com\/bg\/#website\",\"url\":\"https:\/\/qingdaohf.com\/bg\/\",\"name\":\"Concrete Form & Rigging Hardware Supplier\",\"description\":\"\",\"publisher\":{\"@id\":\"https:\/\/qingdaohf.com\/bg\/#organization\"},\"potentialAction\":[{\"@type\":\"SearchAction\",\"target\":{\"@type\":\"EntryPoint\",\"urlTemplate\":\"https:\/\/qingdaohf.com\/bg\/?s={search_term_string}\"},\"query-input\":{\"@type\":\"PropertyValueSpecification\",\"valueRequired\":true,\"valueName\":\"search_term_string\"}}],\"inLanguage\":\"ro-RO\"},{\"@type\":\"Organization\",\"@id\":\"https:\/\/qingdaohf.com\/bg\/#organization\",\"name\":\"Qingdao H&F\",\"url\":\"https:\/\/qingdaohf.com\/bg\/\",\"logo\":{\"@type\":\"ImageObject\",\"inLanguage\":\"ro-RO\",\"@id\":\"https:\/\/qingdaohf.com\/bg\/#\/schema\/logo\/image\/\",\"url\":\"https:\/\/qingdaohf.com\/wp-content\/uploads\/2022\/12\/cropped-HF-LOGO.png\",\"contentUrl\":\"https:\/\/qingdaohf.com\/wp-content\/uploads\/2022\/12\/cropped-HF-LOGO.png\",\"width\":391,\"height\":249,\"caption\":\"Qingdao H&F\"},\"image\":{\"@id\":\"https:\/\/qingdaohf.com\/bg\/#\/schema\/logo\/image\/\"},\"sameAs\":[\"https:\/\/www.facebook.com\/qingdaohf\"]}]}<\/script>\n<!-- \/ Yoast SEO plugin. -->","yoast_head_json":{"title":"G215 Galvanized Shackle","description":"The G213 Galvanized Shackle and G215 Galvanized Shackle are two types of shackles commonly used in rigging and lifting operations. These shackles provide a secure connection point between various components such as chains, slings, and wire ropes.","robots":{"index":"index","follow":"follow","max-snippet":"max-snippet:-1","max-image-preview":"max-image-preview:large","max-video-preview":"max-video-preview:-1"},"canonical":"https:\/\/qingdaohf.com\/ro\/produs\/g213-g215-lant-galvanizat\/","og_locale":"ro_RO","og_type":"article","og_title":"G215 Galvanized Shackle","og_description":"The G213 Galvanized Shackle and G215 Galvanized Shackle are two types of shackles commonly used in rigging and lifting operations. These shackles provide a secure connection point between various components such as chains, slings, and wire ropes.","og_url":"https:\/\/qingdaohf.com\/ro\/produs\/g213-g215-lant-galvanizat\/","og_site_name":"Concrete Form &amp; Rigging Hardware Supplier","article_publisher":"https:\/\/www.facebook.com\/qingdaohf","article_modified_time":"2025-11-13T01:05:11+00:00","og_image":[{"width":1000,"height":1000,"url":"https:\/\/qingdaohf.com\/wp-content\/uploads\/2023\/05\/shackle-G215.jpg","type":"image\/jpeg"}],"twitter_card":"summary_large_image","twitter_misc":{"Timp estimat pentru citire":"4 minute"},"schema":{"@context":"https:\/\/schema.org","@graph":[{"@type":"WebPage","@id":"https:\/\/qingdaohf.com\/product\/g215-shackle\/","url":"https:\/\/qingdaohf.com\/product\/g215-shackle\/","name":"G215 Galvanized Shackle","isPartOf":{"@id":"https:\/\/qingdaohf.com\/bg\/#website"},"primaryImageOfPage":{"@id":"https:\/\/qingdaohf.com\/product\/g215-shackle\/#primaryimage"},"image":{"@id":"https:\/\/qingdaohf.com\/product\/g215-shackle\/#primaryimage"},"thumbnailUrl":"https:\/\/qingdaohf.com\/wp-content\/uploads\/2023\/05\/shackle-G215.jpg","datePublished":"2023-05-19T08:36:58+00:00","dateModified":"2025-11-13T01:05:11+00:00","description":"The G213 Galvanized Shackle and G215 Galvanized Shackle are two types of shackles commonly used in rigging and lifting operations. These shackles provide a secure connection point between various components such as chains, slings, and wire ropes.","breadcrumb":{"@id":"https:\/\/qingdaohf.com\/product\/g215-shackle\/#breadcrumb"},"inLanguage":"ro-RO","potentialAction":[{"@type":"ReadAction","target":["https:\/\/qingdaohf.com\/product\/g215-shackle\/"]}]},{"@type":"ImageObject","inLanguage":"ro-RO","@id":"https:\/\/qingdaohf.com\/product\/g215-shackle\/#primaryimage","url":"https:\/\/qingdaohf.com\/wp-content\/uploads\/2023\/05\/shackle-G215.jpg","contentUrl":"https:\/\/qingdaohf.com\/wp-content\/uploads\/2023\/05\/shackle-G215.jpg","width":1000,"height":1000,"caption":"shackle G215"},{"@type":"BreadcrumbList","@id":"https:\/\/qingdaohf.com\/product\/g215-shackle\/#breadcrumb","itemListElement":[{"@type":"ListItem","position":1,"name":"Home","item":"https:\/\/qingdaohf.com\/"},{"@type":"ListItem","position":2,"name":"Concrete Forming Accessories and Rigging Hardware","item":"https:\/\/qingdaohf.com\/bg\/?page_id=944"},{"@type":"ListItem","position":3,"name":"G215 Galvanized Shackle"}]},{"@type":"WebSite","@id":"https:\/\/qingdaohf.com\/bg\/#website","url":"https:\/\/qingdaohf.com\/bg\/","name":"Concrete Form & Rigging Hardware Supplier","description":"","publisher":{"@id":"https:\/\/qingdaohf.com\/bg\/#organization"},"potentialAction":[{"@type":"SearchAction","target":{"@type":"EntryPoint","urlTemplate":"https:\/\/qingdaohf.com\/bg\/?s={search_term_string}"},"query-input":{"@type":"PropertyValueSpecification","valueRequired":true,"valueName":"search_term_string"}}],"inLanguage":"ro-RO"},{"@type":"Organization","@id":"https:\/\/qingdaohf.com\/bg\/#organization","name":"Qingdao H&F","url":"https:\/\/qingdaohf.com\/bg\/","logo":{"@type":"ImageObject","inLanguage":"ro-RO","@id":"https:\/\/qingdaohf.com\/bg\/#\/schema\/logo\/image\/","url":"https:\/\/qingdaohf.com\/wp-content\/uploads\/2022\/12\/cropped-HF-LOGO.png","contentUrl":"https:\/\/qingdaohf.com\/wp-content\/uploads\/2022\/12\/cropped-HF-LOGO.png","width":391,"height":249,"caption":"Qingdao H&F"},"image":{"@id":"https:\/\/qingdaohf.com\/bg\/#\/schema\/logo\/image\/"},"sameAs":["https:\/\/www.facebook.com\/qingdaohf"]}]}},"_links":{"self":[{"href":"https:\/\/qingdaohf.com\/ro\/wp-json\/wp\/v2\/product\/3822","targetHints":{"allow":["GET"]}}],"collection":[{"href":"https:\/\/qingdaohf.com\/ro\/wp-json\/wp\/v2\/product"}],"about":[{"href":"https:\/\/qingdaohf.com\/ro\/wp-json\/wp\/v2\/types\/product"}],"replies":[{"embeddable":true,"href":"https:\/\/qingdaohf.com\/ro\/wp-json\/wp\/v2\/comments?post=3822"}],"version-history":[{"count":2,"href":"https:\/\/qingdaohf.com\/ro\/wp-json\/wp\/v2\/product\/3822\/revisions"}],"predecessor-version":[{"id":9455,"href":"https:\/\/qingdaohf.com\/ro\/wp-json\/wp\/v2\/product\/3822\/revisions\/9455"}],"wp:featuredmedia":[{"embeddable":true,"href":"https:\/\/qingdaohf.com\/ro\/wp-json\/wp\/v2\/media\/6333"}],"wp:attachment":[{"href":"https:\/\/qingdaohf.com\/ro\/wp-json\/wp\/v2\/media?parent=3822"}],"wp:term":[{"taxonomy":"product_brand","embeddable":true,"href":"https:\/\/qingdaohf.com\/ro\/wp-json\/wp\/v2\/product_brand?post=3822"},{"taxonomy":"product_cat","embeddable":true,"href":"https:\/\/qingdaohf.com\/ro\/wp-json\/wp\/v2\/product_cat?post=3822"},{"taxonomy":"product_tag","embeddable":true,"href":"https:\/\/qingdaohf.com\/ro\/wp-json\/wp\/v2\/product_tag?post=3822"}],"curies":[{"name":"wp","href":"https:\/\/api.w.org\/{rel}","templated":true}]}}