{"id":3830,"date":"2023-05-19T16:48:13","date_gmt":"2023-05-19T08:48:13","guid":{"rendered":"http:\/\/qingdaohf.com\/?post_type=product&#038;p=3830"},"modified":"2025-11-13T09:05:11","modified_gmt":"2025-11-13T01:05:11","slug":"g2140-shackle","status":"publish","type":"product","link":"https:\/\/qingdaohf.com\/ro\/produs\/manson-g2140\/","title":{"rendered":"G2140 Cataram\u0103 galvanizat\u0103"},"content":{"rendered":"<p>Construit din o\u021bel de \u00eenalt\u0103 calitate, G2140 Galvanized Shackle este supus unui proces de galvanizare pentru a-i spori rezisten\u021ba la coroziune \u0219i durabilitatea. Galvanizarea implic\u0103 acoperirea man\u0219onului cu un strat de zinc, care ofer\u0103 o protec\u021bie excelent\u0103 \u00eempotriva ruginii \u0219i a altor forme de coroziune. Acest lucru face ca man\u0219onul s\u0103 fie potrivit pentru utilizarea \u00een medii exterioare, marine \u0219i corozive, unde expunerea la umiditate \u0219i condi\u021bii dure este obi\u0219nuit\u0103.<\/p>\n<p>Man\u0219onul galvanizat G2140 are un design \u00een form\u0103 de arc, cu un \u0219tift filetat sau un bol\u021b pentru fixare sigur\u0103. Forma de arc permite fixarea \u0219i deta\u0219area u\u0219oar\u0103 a componentelor de ridicare, \u00een timp ce \u0219tiftul filetat asigur\u0103 o \u00eenchidere str\u00e2ns\u0103 \u0219i fiabil\u0103, maximiz\u00e2nd siguran\u021ba \u00een timpul opera\u021biunilor de ridicare. Grilajul este de obicei marcat cu limita sarcinii de lucru (WLL) \u0219i alte specifica\u021bii relevante pentru o utilizare corect\u0103 \u0219i sigur\u0103.<\/p>\n<p>Disponibil\u0103 \u00een diferite dimensiuni \u0219i configura\u021bii, man\u0219onul galvanizat G2140 poate suporta diferite limite ale sarcinii de lucru, permi\u021b\u00e2ndu-v\u0103 s\u0103 selecta\u021bi man\u0219onul adecvat pentru cerin\u021bele dvs. specifice de ridicare. Este esen\u021bial s\u0103 alege\u021bi man\u0219onul corect \u00een func\u021bie de sarcina prev\u0103zut\u0103 \u0219i de aplica\u021bie pentru a asigura performan\u021b\u0103 \u0219i siguran\u021b\u0103 optime.<\/p>\n<p>Cu construc\u021bia sa robust\u0103 \u0219i acoperirea galvanizat\u0103, man\u0219onul galvanizat G2140 este o alegere de \u00eencredere pentru aplica\u021biile grele de ridicare \u0219i echipare. Ofer\u0103 o conexiune sigur\u0103 \u0219i durabil\u0103, ceea ce \u00eel face o component\u0103 de \u00eencredere \u00een diverse industrii \u00een care rezisten\u021ba \u0219i siguran\u021ba sunt primordiale.<\/p>\n<p><img fetchpriority=\"high\" decoding=\"async\" class=\"alignnone size-full wp-image-3833\" src=\"http:\/\/qingdaohf.com\/wp-content\/uploads\/2023\/05\/G2140.jpg\" alt=\"Cataram\u0103 G2140\" width=\"1000\" height=\"1202\" srcset=\"https:\/\/qingdaohf.com\/wp-content\/uploads\/2023\/05\/G2140.jpg 1000w, https:\/\/qingdaohf.com\/wp-content\/uploads\/2023\/05\/G2140-250x300.jpg 250w, https:\/\/qingdaohf.com\/wp-content\/uploads\/2023\/05\/G2140-852x1024.jpg 852w, https:\/\/qingdaohf.com\/wp-content\/uploads\/2023\/05\/G2140-768x923.jpg 768w\" sizes=\"(max-width: 1000px) 100vw, 1000px\" \/><\/p>\n<p><img decoding=\"async\" class=\"alignnone size-full wp-image-3838\" src=\"http:\/\/qingdaohf.com\/wp-content\/uploads\/2023\/05\/G2140E.jpg\" alt=\"G2140E\" width=\"1000\" height=\"848\" srcset=\"https:\/\/qingdaohf.com\/wp-content\/uploads\/2023\/05\/G2140E.jpg 1000w, https:\/\/qingdaohf.com\/wp-content\/uploads\/2023\/05\/G2140E-300x254.jpg 300w, https:\/\/qingdaohf.com\/wp-content\/uploads\/2023\/05\/G2140E-768x651.jpg 768w\" sizes=\"(max-width: 1000px) 100vw, 1000px\" \/><\/p>","protected":false},"excerpt":{"rendered":"<p>Catarama galvanizat\u0103 G2140 este o component\u0103 de echipare robust\u0103 utilizat\u0103 \u00een mod obi\u0219nuit \u00een opera\u021biunile de ridicare \u0219i fixare. Aceast\u0103 man\u0219et\u0103 este proiectat\u0103 pentru a oferi un punct de conectare puternic \u0219i fiabil \u00eentre diverse componente de ridicare, inclusiv lan\u021buri, cabluri \u0219i pra\u0219tiere.<\/p>\n<p>Model comun: 1021110<\/p>","protected":false},"featured_media":6330,"comment_status":"open","ping_status":"closed","template":"","meta":{"site-sidebar-layout":"default","site-content-layout":"default","ast-site-content-layout":"default","site-content-style":"default","site-sidebar-style":"default","ast-global-header-display":"","ast-banner-title-visibility":"","ast-main-header-display":"","ast-hfb-above-header-display":"","ast-hfb-below-header-display":"","ast-hfb-mobile-header-display":"","site-post-title":"","ast-breadcrumbs-content":"","ast-featured-img":"","footer-sml-layout":"","theme-transparent-header-meta":"default","adv-header-id-meta":"","stick-header-meta":"default","header-above-stick-meta":"","header-main-stick-meta":"","header-below-stick-meta":"","astra-migrate-meta-layouts":"set","ast-page-background-enabled":"default","ast-page-background-meta":{"desktop":{"background-color":"","background-image":"","background-repeat":"repeat","background-position":"center center","background-size":"auto","background-attachment":"scroll","background-type":"","background-media":"","overlay-type":"","overlay-color":"","overlay-opacity":"","overlay-gradient":""},"tablet":{"background-color":"","background-image":"","background-repeat":"repeat","background-position":"center center","background-size":"auto","background-attachment":"scroll","background-type":"","background-media":"","overlay-type":"","overlay-color":"","overlay-opacity":"","overlay-gradient":""},"mobile":{"background-color":"","background-image":"","background-repeat":"repeat","background-position":"center center","background-size":"auto","background-attachment":"scroll","background-type":"","background-media":"","overlay-type":"","overlay-color":"","overlay-opacity":"","overlay-gradient":""}},"ast-content-background-meta":{"desktop":{"background-color":"var(--ast-global-color-5)","background-image":"","background-repeat":"repeat","background-position":"center center","background-size":"auto","background-attachment":"scroll","background-type":"","background-media":"","overlay-type":"","overlay-color":"","overlay-opacity":"","overlay-gradient":""},"tablet":{"background-color":"var(--ast-global-color-5)","background-image":"","background-repeat":"repeat","background-position":"center center","background-size":"auto","background-attachment":"scroll","background-type":"","background-media":"","overlay-type":"","overlay-color":"","overlay-opacity":"","overlay-gradient":""},"mobile":{"background-color":"var(--ast-global-color-5)","background-image":"","background-repeat":"repeat","background-position":"center center","background-size":"auto","background-attachment":"scroll","background-type":"","background-media":"","overlay-type":"","overlay-color":"","overlay-opacity":"","overlay-gradient":""}}},"product_brand":[],"product_cat":[54],"product_tag":[],"class_list":{"0":"post-3830","1":"product","2":"type-product","3":"status-publish","4":"has-post-thumbnail","6":"product_cat-shackle","7":"desktop-align-left","8":"tablet-align-left","9":"mobile-align-left","10":"ast-product-gallery-layout-horizontal-slider","11":"ast-product-gallery-with-no-image","12":"ast-product-tabs-layout-horizontal","14":"first","15":"instock","16":"shipping-taxable","17":"purchasable","18":"product-type-simple"},"yoast_head":"<!-- This site is optimized with the Yoast SEO plugin v25.2 - https:\/\/yoast.com\/wordpress\/plugins\/seo\/ -->\n<title>G2140 Galvanized Shackle<\/title>\n<meta name=\"description\" content=\"The G2140 Galvanized Shackle is a heavy-duty rigging component commonly used in lifting and securing operations. This shackle is designed to provide a strong and reliable connection point between various lifting components, including chains, wire ropes, and slings.\" \/>\n<meta name=\"robots\" content=\"index, follow, max-snippet:-1, max-image-preview:large, max-video-preview:-1\" \/>\n<link rel=\"canonical\" href=\"https:\/\/qingdaohf.com\/ro\/produs\/manson-g2140\/\" \/>\n<meta property=\"og:locale\" content=\"ro_RO\" \/>\n<meta property=\"og:type\" content=\"article\" \/>\n<meta property=\"og:title\" content=\"G2140 Galvanized Shackle\" \/>\n<meta property=\"og:description\" content=\"The G2140 Galvanized Shackle is a heavy-duty rigging component commonly used in lifting and securing operations. This shackle is designed to provide a strong and reliable connection point between various lifting components, including chains, wire ropes, and slings.\" \/>\n<meta property=\"og:url\" content=\"https:\/\/qingdaohf.com\/ro\/produs\/manson-g2140\/\" \/>\n<meta property=\"og:site_name\" content=\"Concrete Form &amp; Rigging Hardware Supplier\" \/>\n<meta property=\"article:publisher\" content=\"https:\/\/www.facebook.com\/qingdaohf\" \/>\n<meta property=\"article:modified_time\" content=\"2025-11-13T01:05:11+00:00\" \/>\n<meta property=\"og:image\" content=\"https:\/\/qingdaohf.com\/wp-content\/uploads\/2023\/05\/G2140-SHACKLE-1.jpg\" \/>\n\t<meta property=\"og:image:width\" content=\"1000\" \/>\n\t<meta property=\"og:image:height\" content=\"1000\" \/>\n\t<meta property=\"og:image:type\" content=\"image\/jpeg\" \/>\n<meta name=\"twitter:card\" content=\"summary_large_image\" \/>\n<meta name=\"twitter:label1\" content=\"Timp estimat pentru citire\" \/>\n\t<meta name=\"twitter:data1\" content=\"2 minute\" \/>\n<script type=\"application\/ld+json\" class=\"yoast-schema-graph\">{\"@context\":\"https:\/\/schema.org\",\"@graph\":[{\"@type\":\"WebPage\",\"@id\":\"https:\/\/qingdaohf.com\/product\/g2140-shackle\/\",\"url\":\"https:\/\/qingdaohf.com\/product\/g2140-shackle\/\",\"name\":\"G2140 Galvanized Shackle\",\"isPartOf\":{\"@id\":\"https:\/\/qingdaohf.com\/bg\/#website\"},\"primaryImageOfPage\":{\"@id\":\"https:\/\/qingdaohf.com\/product\/g2140-shackle\/#primaryimage\"},\"image\":{\"@id\":\"https:\/\/qingdaohf.com\/product\/g2140-shackle\/#primaryimage\"},\"thumbnailUrl\":\"https:\/\/qingdaohf.com\/wp-content\/uploads\/2023\/05\/G2140-SHACKLE-1.jpg\",\"datePublished\":\"2023-05-19T08:48:13+00:00\",\"dateModified\":\"2025-11-13T01:05:11+00:00\",\"description\":\"The G2140 Galvanized Shackle is a heavy-duty rigging component commonly used in lifting and securing operations. This shackle is designed to provide a strong and reliable connection point between various lifting components, including chains, wire ropes, and slings.\",\"breadcrumb\":{\"@id\":\"https:\/\/qingdaohf.com\/product\/g2140-shackle\/#breadcrumb\"},\"inLanguage\":\"ro-RO\",\"potentialAction\":[{\"@type\":\"ReadAction\",\"target\":[\"https:\/\/qingdaohf.com\/product\/g2140-shackle\/\"]}]},{\"@type\":\"ImageObject\",\"inLanguage\":\"ro-RO\",\"@id\":\"https:\/\/qingdaohf.com\/product\/g2140-shackle\/#primaryimage\",\"url\":\"https:\/\/qingdaohf.com\/wp-content\/uploads\/2023\/05\/G2140-SHACKLE-1.jpg\",\"contentUrl\":\"https:\/\/qingdaohf.com\/wp-content\/uploads\/2023\/05\/G2140-SHACKLE-1.jpg\",\"width\":1000,\"height\":1000,\"caption\":\"G2140 SHACKLE\"},{\"@type\":\"BreadcrumbList\",\"@id\":\"https:\/\/qingdaohf.com\/product\/g2140-shackle\/#breadcrumb\",\"itemListElement\":[{\"@type\":\"ListItem\",\"position\":1,\"name\":\"Home\",\"item\":\"https:\/\/qingdaohf.com\/\"},{\"@type\":\"ListItem\",\"position\":2,\"name\":\"Concrete Forming Accessories and Rigging Hardware\",\"item\":\"https:\/\/qingdaohf.com\/bg\/?page_id=944\"},{\"@type\":\"ListItem\",\"position\":3,\"name\":\"G2140 Galvanized Shackle\"}]},{\"@type\":\"WebSite\",\"@id\":\"https:\/\/qingdaohf.com\/bg\/#website\",\"url\":\"https:\/\/qingdaohf.com\/bg\/\",\"name\":\"Concrete Form & Rigging Hardware Supplier\",\"description\":\"\",\"publisher\":{\"@id\":\"https:\/\/qingdaohf.com\/bg\/#organization\"},\"potentialAction\":[{\"@type\":\"SearchAction\",\"target\":{\"@type\":\"EntryPoint\",\"urlTemplate\":\"https:\/\/qingdaohf.com\/bg\/?s={search_term_string}\"},\"query-input\":{\"@type\":\"PropertyValueSpecification\",\"valueRequired\":true,\"valueName\":\"search_term_string\"}}],\"inLanguage\":\"ro-RO\"},{\"@type\":\"Organization\",\"@id\":\"https:\/\/qingdaohf.com\/bg\/#organization\",\"name\":\"Qingdao H&F\",\"url\":\"https:\/\/qingdaohf.com\/bg\/\",\"logo\":{\"@type\":\"ImageObject\",\"inLanguage\":\"ro-RO\",\"@id\":\"https:\/\/qingdaohf.com\/bg\/#\/schema\/logo\/image\/\",\"url\":\"https:\/\/qingdaohf.com\/wp-content\/uploads\/2022\/12\/cropped-HF-LOGO.png\",\"contentUrl\":\"https:\/\/qingdaohf.com\/wp-content\/uploads\/2022\/12\/cropped-HF-LOGO.png\",\"width\":391,\"height\":249,\"caption\":\"Qingdao H&F\"},\"image\":{\"@id\":\"https:\/\/qingdaohf.com\/bg\/#\/schema\/logo\/image\/\"},\"sameAs\":[\"https:\/\/www.facebook.com\/qingdaohf\"]}]}<\/script>\n<!-- \/ Yoast SEO plugin. -->","yoast_head_json":{"title":"G2140 Galvanized Shackle","description":"The G2140 Galvanized Shackle is a heavy-duty rigging component commonly used in lifting and securing operations. This shackle is designed to provide a strong and reliable connection point between various lifting components, including chains, wire ropes, and slings.","robots":{"index":"index","follow":"follow","max-snippet":"max-snippet:-1","max-image-preview":"max-image-preview:large","max-video-preview":"max-video-preview:-1"},"canonical":"https:\/\/qingdaohf.com\/ro\/produs\/manson-g2140\/","og_locale":"ro_RO","og_type":"article","og_title":"G2140 Galvanized Shackle","og_description":"The G2140 Galvanized Shackle is a heavy-duty rigging component commonly used in lifting and securing operations. This shackle is designed to provide a strong and reliable connection point between various lifting components, including chains, wire ropes, and slings.","og_url":"https:\/\/qingdaohf.com\/ro\/produs\/manson-g2140\/","og_site_name":"Concrete Form &amp; Rigging Hardware Supplier","article_publisher":"https:\/\/www.facebook.com\/qingdaohf","article_modified_time":"2025-11-13T01:05:11+00:00","og_image":[{"width":1000,"height":1000,"url":"https:\/\/qingdaohf.com\/wp-content\/uploads\/2023\/05\/G2140-SHACKLE-1.jpg","type":"image\/jpeg"}],"twitter_card":"summary_large_image","twitter_misc":{"Timp estimat pentru citire":"2 minute"},"schema":{"@context":"https:\/\/schema.org","@graph":[{"@type":"WebPage","@id":"https:\/\/qingdaohf.com\/product\/g2140-shackle\/","url":"https:\/\/qingdaohf.com\/product\/g2140-shackle\/","name":"G2140 Galvanized Shackle","isPartOf":{"@id":"https:\/\/qingdaohf.com\/bg\/#website"},"primaryImageOfPage":{"@id":"https:\/\/qingdaohf.com\/product\/g2140-shackle\/#primaryimage"},"image":{"@id":"https:\/\/qingdaohf.com\/product\/g2140-shackle\/#primaryimage"},"thumbnailUrl":"https:\/\/qingdaohf.com\/wp-content\/uploads\/2023\/05\/G2140-SHACKLE-1.jpg","datePublished":"2023-05-19T08:48:13+00:00","dateModified":"2025-11-13T01:05:11+00:00","description":"The G2140 Galvanized Shackle is a heavy-duty rigging component commonly used in lifting and securing operations. This shackle is designed to provide a strong and reliable connection point between various lifting components, including chains, wire ropes, and slings.","breadcrumb":{"@id":"https:\/\/qingdaohf.com\/product\/g2140-shackle\/#breadcrumb"},"inLanguage":"ro-RO","potentialAction":[{"@type":"ReadAction","target":["https:\/\/qingdaohf.com\/product\/g2140-shackle\/"]}]},{"@type":"ImageObject","inLanguage":"ro-RO","@id":"https:\/\/qingdaohf.com\/product\/g2140-shackle\/#primaryimage","url":"https:\/\/qingdaohf.com\/wp-content\/uploads\/2023\/05\/G2140-SHACKLE-1.jpg","contentUrl":"https:\/\/qingdaohf.com\/wp-content\/uploads\/2023\/05\/G2140-SHACKLE-1.jpg","width":1000,"height":1000,"caption":"G2140 SHACKLE"},{"@type":"BreadcrumbList","@id":"https:\/\/qingdaohf.com\/product\/g2140-shackle\/#breadcrumb","itemListElement":[{"@type":"ListItem","position":1,"name":"Home","item":"https:\/\/qingdaohf.com\/"},{"@type":"ListItem","position":2,"name":"Concrete Forming Accessories and Rigging Hardware","item":"https:\/\/qingdaohf.com\/bg\/?page_id=944"},{"@type":"ListItem","position":3,"name":"G2140 Galvanized Shackle"}]},{"@type":"WebSite","@id":"https:\/\/qingdaohf.com\/bg\/#website","url":"https:\/\/qingdaohf.com\/bg\/","name":"Concrete Form & Rigging Hardware Supplier","description":"","publisher":{"@id":"https:\/\/qingdaohf.com\/bg\/#organization"},"potentialAction":[{"@type":"SearchAction","target":{"@type":"EntryPoint","urlTemplate":"https:\/\/qingdaohf.com\/bg\/?s={search_term_string}"},"query-input":{"@type":"PropertyValueSpecification","valueRequired":true,"valueName":"search_term_string"}}],"inLanguage":"ro-RO"},{"@type":"Organization","@id":"https:\/\/qingdaohf.com\/bg\/#organization","name":"Qingdao H&F","url":"https:\/\/qingdaohf.com\/bg\/","logo":{"@type":"ImageObject","inLanguage":"ro-RO","@id":"https:\/\/qingdaohf.com\/bg\/#\/schema\/logo\/image\/","url":"https:\/\/qingdaohf.com\/wp-content\/uploads\/2022\/12\/cropped-HF-LOGO.png","contentUrl":"https:\/\/qingdaohf.com\/wp-content\/uploads\/2022\/12\/cropped-HF-LOGO.png","width":391,"height":249,"caption":"Qingdao H&F"},"image":{"@id":"https:\/\/qingdaohf.com\/bg\/#\/schema\/logo\/image\/"},"sameAs":["https:\/\/www.facebook.com\/qingdaohf"]}]}},"_links":{"self":[{"href":"https:\/\/qingdaohf.com\/ro\/wp-json\/wp\/v2\/product\/3830","targetHints":{"allow":["GET"]}}],"collection":[{"href":"https:\/\/qingdaohf.com\/ro\/wp-json\/wp\/v2\/product"}],"about":[{"href":"https:\/\/qingdaohf.com\/ro\/wp-json\/wp\/v2\/types\/product"}],"replies":[{"embeddable":true,"href":"https:\/\/qingdaohf.com\/ro\/wp-json\/wp\/v2\/comments?post=3830"}],"version-history":[{"count":4,"href":"https:\/\/qingdaohf.com\/ro\/wp-json\/wp\/v2\/product\/3830\/revisions"}],"predecessor-version":[{"id":6455,"href":"https:\/\/qingdaohf.com\/ro\/wp-json\/wp\/v2\/product\/3830\/revisions\/6455"}],"wp:featuredmedia":[{"embeddable":true,"href":"https:\/\/qingdaohf.com\/ro\/wp-json\/wp\/v2\/media\/6330"}],"wp:attachment":[{"href":"https:\/\/qingdaohf.com\/ro\/wp-json\/wp\/v2\/media?parent=3830"}],"wp:term":[{"taxonomy":"product_brand","embeddable":true,"href":"https:\/\/qingdaohf.com\/ro\/wp-json\/wp\/v2\/product_brand?post=3830"},{"taxonomy":"product_cat","embeddable":true,"href":"https:\/\/qingdaohf.com\/ro\/wp-json\/wp\/v2\/product_cat?post=3830"},{"taxonomy":"product_tag","embeddable":true,"href":"https:\/\/qingdaohf.com\/ro\/wp-json\/wp\/v2\/product_tag?post=3830"}],"curies":[{"name":"wp","href":"https:\/\/api.w.org\/{rel}","templated":true}]}}