{"id":4110,"date":"2023-05-26T16:27:13","date_gmt":"2023-05-26T08:27:13","guid":{"rendered":"http:\/\/qingdaohf.com\/?post_type=product&#038;p=4110"},"modified":"2025-11-13T09:04:24","modified_gmt":"2025-11-13T01:04:24","slug":"eye-sling-hook","status":"publish","type":"product","link":"https:\/\/qingdaohf.com\/ro\/produs\/ochi-carlig-sling\/","title":{"rendered":"320 Eye Sling c\u00e2rlig"},"content":{"rendered":"<div class=\"font-claude-message  pr-4  md:pr-9  relative  leading-[1.65rem]  [&amp;_pre&gt;div]:bg-bg-300  [&amp;_.ignore-pre-bg&gt;div]:bg-transparent  [&amp;_pre]:-mr-4  md:[&amp;_pre]:-mr-9\">\n<div>\n<div class=\"grid-cols-1 grid gap-2.5 [&amp;_&gt;_*]:min-w-0\">\n<h2 class=\"font-600 text-2xl font-bold\">Versatilitatea \u0219i puterea c\u00e2rligului 320: O prezentare cuprinz\u0103toare<\/h2>\n<p class=\"whitespace-pre-wrap break-words\">S\u0103 recunoa\u0219tem - atunci c\u00e2nd trebuie s\u0103 ridica\u021bi sau s\u0103 fixa\u021bi \u00eenc\u0103rc\u0103turi grele, alegerea c\u00e2rligului conteaz\u0103 enorm. C\u00e2rligul 320 \u0219i-a c\u00e2\u0219tigat reputa\u021bia \u00een construc\u021bii, lucr\u0103ri maritime \u0219i transporturi dintr-un motiv \u00eentemeiat. Nu este doar o alt\u0103 pies\u0103 de hardware - acest c\u00e2rlig ofer\u0103 fiabilitatea de care ave\u021bi nevoie atunci c\u00e2nd siguran\u021ba \u0219i performan\u021ba nu sunt negociabile.<\/p>\n<p class=\"whitespace-pre-wrap break-words\">Aici, la Qingdao H&amp;F, am petrecut peste dou\u0103 decenii \u00een afaceri comerciale \u0219i cunoa\u0219tem calitatea atunci c\u00e2nd o vedem. C\u00e2rligele noastre 320 \u00eendeplinesc cele mai stricte standarde din industrie, iar noi sus\u021binem acest lucru cu rapoarte de inspec\u021bie am\u0103nun\u021bite. \u00cen plus, ne m\u00e2ndrim cu expedierea rapid\u0103 \u0219i asisten\u021ba personalizat\u0103 pentru clien\u021bi care face \u00eentregul proces mai u\u0219or.<\/p>\n<p><img fetchpriority=\"high\" decoding=\"async\" class=\"alignnone size-full wp-image-4115\" src=\"http:\/\/qingdaohf.com\/wp-content\/uploads\/2023\/05\/123123.jpg\" alt=\"C\u00e2rlig de ochi Sling Hook\" width=\"1000\" height=\"1178\" srcset=\"https:\/\/qingdaohf.com\/wp-content\/uploads\/2023\/05\/123123.jpg 1000w, https:\/\/qingdaohf.com\/wp-content\/uploads\/2023\/05\/123123-255x300.jpg 255w, https:\/\/qingdaohf.com\/wp-content\/uploads\/2023\/05\/123123-869x1024.jpg 869w, https:\/\/qingdaohf.com\/wp-content\/uploads\/2023\/05\/123123-768x905.jpg 768w\" sizes=\"(max-width: 1000px) 100vw, 1000px\" \/><\/p>\n<p><img decoding=\"async\" class=\"alignnone size-full wp-image-4116\" src=\"http:\/\/qingdaohf.com\/wp-content\/uploads\/2023\/05\/1231243.jpg\" alt=\"C\u00e2rlig de ochi Sling Hook\" width=\"1000\" height=\"989\" srcset=\"https:\/\/qingdaohf.com\/wp-content\/uploads\/2023\/05\/1231243.jpg 1000w, https:\/\/qingdaohf.com\/wp-content\/uploads\/2023\/05\/1231243-300x297.jpg 300w, https:\/\/qingdaohf.com\/wp-content\/uploads\/2023\/05\/1231243-768x760.jpg 768w, https:\/\/qingdaohf.com\/wp-content\/uploads\/2023\/05\/1231243-100x100.jpg 100w\" sizes=\"(max-width: 1000px) 100vw, 1000px\" \/><\/p>\n<p><img decoding=\"async\" class=\"alignnone size-full wp-image-4118\" src=\"http:\/\/qingdaohf.com\/wp-content\/uploads\/2023\/05\/eye-hook.jpg\" alt=\"c\u00e2rlig cu ochi\" width=\"1000\" height=\"1111\" srcset=\"https:\/\/qingdaohf.com\/wp-content\/uploads\/2023\/05\/eye-hook.jpg 1000w, https:\/\/qingdaohf.com\/wp-content\/uploads\/2023\/05\/eye-hook-270x300.jpg 270w, https:\/\/qingdaohf.com\/wp-content\/uploads\/2023\/05\/eye-hook-922x1024.jpg 922w, https:\/\/qingdaohf.com\/wp-content\/uploads\/2023\/05\/eye-hook-768x853.jpg 768w\" sizes=\"(max-width: 1000px) 100vw, 1000px\" \/><\/p>\n<h2 class=\"font-600 text-2xl font-bold\">Principalele avantaje ale c\u00e2rligului 320 pentru cump\u0103r\u0103tori<\/h2>\n<p class=\"whitespace-pre-wrap break-words\">Cump\u0103r\u0103turile pentru echipamente de ridicare pot fi cople\u0219itoare. Trebuie s\u0103 v\u0103 g\u00e2ndi\u021bi la capacitatea de \u00eenc\u0103rcare, la calitatea materialelor \u0219i la utilitatea practic\u0103. Ve\u0219tile bune? C\u00e2rligul 320 \u00eendepline\u0219te toate aceste cerin\u021be \u0219i multe altele.<\/p>\n<p class=\"whitespace-pre-wrap break-words\">Designul robust al c\u00e2rligului str\u0103luce\u0219te cu adev\u0103rat \u00een condi\u021bii dificile. Rezisten\u021ba sa excep\u021bional\u0103 la trac\u021biune \u00eenseamn\u0103 c\u0103 \u00eei pute\u021bi \u00eencredin\u021ba \u00eenc\u0103rc\u0103turi serioase f\u0103r\u0103 s\u0103 v\u0103 pierde\u021bi somnul din cauza problemelor de siguran\u021b\u0103. Deschiderea generoas\u0103 a gurii este o adev\u0103rat\u0103 economie de timp, facilit\u00e2nd conectarea cu diverse componente de echipare. Indiferent dac\u0103 ridica\u021bi materiale pe un \u0219antier de construc\u021bii sau asigura\u021bi \u00eenc\u0103rc\u0103tura pe punte, acest c\u00e2rlig nu v\u0103 va dezam\u0103gi.<\/p>\n<p class=\"whitespace-pre-wrap break-words\">La Qingdao H&amp;F lu\u0103m testele \u00een serios. Fiecare c\u00e2rlig trece prin verific\u0103ri am\u0103nun\u021bite ale calit\u0103\u021bii, iar noi v\u0103 vom ar\u0103ta rezultatele detaliate ale inspec\u021biilor pentru a dovedi acest lucru. Nu este nimic mai r\u0103u dec\u00e2t ca echipamentul s\u0103 cedeze atunci c\u00e2nd ave\u021bi cea mai mare nevoie de el, a\u0219a c\u0103 ne asigur\u0103m c\u0103 c\u00e2rligele noastre func\u021bioneaz\u0103 fiabil chiar \u0219i \u00een cele mai solicitante situa\u021bii.<\/p>\n<h2 class=\"font-600 text-2xl font-bold\">\u00cen\u021belegerea c\u00e2rligului 320: Design, caracteristici \u0219i considera\u021bii privind materialele<\/h2>\n<p class=\"whitespace-pre-wrap break-words\">Secretul performan\u021bei c\u00e2rligului 320 const\u0103 \u00een ingineria sa atent\u0103. Forj\u0103m aceste c\u00e2rlige din o\u021bel aliat de calitate superioar\u0103, cre\u00e2nd o unealt\u0103 rezistent\u0103 \u0219i de lung\u0103 durat\u0103. Aceast\u0103 alegere de material \u00eenseamn\u0103 c\u0103 c\u00e2rligul rezist\u0103 bine \u00een condi\u021bii dificile, fiind perfect pentru mediile marine, set\u0103rile industriale sau \u0219antierele de construc\u021bii.<\/p>\n<p class=\"whitespace-pre-wrap break-words\">Beneficiile practice sunt clare de \u00eendat\u0103 ce folosi\u021bi unul. Deschiderea larg\u0103 nu este doar convenabil\u0103 - este o caracteristic\u0103 de siguran\u021b\u0103 care face ca ata\u0219area lan\u021burilor, a cablurilor sau a cablurilor s\u0103 fie mult mai u\u0219oar\u0103. Forma c\u00e2rligului previne \u00een mod activ alunecarea \u00eenc\u0103rc\u0103turii, \u00een timp ce finisajul s\u0103u neted v\u0103 protejeaz\u0103 celelalte echipamente de deteriorare.<\/p>\n<p class=\"whitespace-pre-wrap break-words\">Aceste c\u00e2rlige fac fa\u021b\u0103 at\u00e2t sarcinilor statice, c\u00e2t \u0219i celor dinamice ca ni\u0219te campioni. Acestea sunt disponibile \u00een diferite dimensiuni \u0219i capacit\u0103\u021bi, astfel \u00eenc\u00e2t s\u0103 pute\u021bi alege exact ceea ce are nevoie proiectul dvs. Fiecare c\u00e2rlig afi\u0219eaz\u0103 \u00een mod clar greutatea sa nominal\u0103, elimin\u00e2nd presupunerile legate de planificarea sarcinii. \u00cenveli\u0219ul rezistent la coroziune este deosebit de valoros pentru lucr\u0103rile marine sau offshore, comb\u0103t\u00e2nd rugina \u0219i prelungind considerabil durata de via\u021b\u0103 a c\u00e2rligului.<\/p>\n<h2 class=\"font-600 text-2xl font-bold\">De ce s\u0103 alege\u021bi Qingdao H&amp;F pentru nevoile dvs. de c\u00e2rlig 320?<\/h2>\n<p class=\"whitespace-pre-wrap break-words\">G\u0103sirea unui furnizor de \u00eencredere este crucial\u0103. La Qingdao H&amp;F, cei peste 20 de ani pe pia\u021ba global\u0103 ne-au \u00eenv\u0103\u021bat exact de ce au nevoie clien\u021bii no\u0219tri. Noi nu vindem doar c\u00e2rlige - noi oferim lini\u0219te sufleteasc\u0103.<\/p>\n<p class=\"whitespace-pre-wrap break-words\">\u0218tim c\u0103 a\u0219teptarea livr\u0103rilor v\u0103 poate deraia programul, a\u0219a c\u0103 prioritiz\u0103m expedierea rapid\u0103. Echipa noastr\u0103 de logistic\u0103 lucreaz\u0103 din greu pentru a g\u0103si cele mai rapide metode de transport de \u00eencredere, men\u021bin\u00e2ndu-v\u0103 proiectele pe drumul cel bun. Fiecare c\u00e2rlig vine cu o documenta\u021bie cuprinz\u0103toare de inspec\u021bie a calit\u0103\u021bii, astfel \u00eenc\u00e2t s\u0103 \u0219ti\u021bi exact ce primi\u021bi.<\/p>\n<p class=\"whitespace-pre-wrap break-words\">Abordarea noastr\u0103 fa\u021b\u0103 de serviciile pentru clien\u021bi este extrem de personal\u0103. Ave\u021bi nevoie de consiliere tehnic\u0103? Ave\u021bi \u00eentreb\u0103ri despre specifica\u021bii? Suntem aici pentru a v\u0103 ajuta - f\u0103r\u0103 r\u0103spunsuri automate sau solu\u021bii generice. Credem \u00een construirea unor rela\u021bii durabile cu clien\u021bii no\u0219tri prin sprijin \u0219i expertiz\u0103 autentice.<\/p>\n<h2 class=\"font-600 text-2xl font-bold\">Concluzie: C\u00e2rligul 320 - o necesitate pentru nevoile dvs. de rigidizare \u0219i ridicare<\/h2>\n<p class=\"whitespace-pre-wrap break-words\">C\u00e2nd vine vorba de asta, c\u00e2rligul 320 nu este doar o alt\u0103 pies\u0103 de echipament - este o investi\u021bie \u00een siguran\u021b\u0103 \u0219i eficien\u021b\u0103. Designul s\u0103u robust \u0219i versatilitatea \u00eel fac indispensabil \u00een toate industriile. La Qingdao H&amp;F, suntem m\u00e2ndri s\u0103 oferim c\u00e2rlige 320 care dep\u0103\u0219esc standardele de calitate, sus\u021binute de angajamentul nostru pentru servicii receptive \u0219i livr\u0103ri fiabile. Alege\u021bi c\u00e2rligele noastre \u0219i ve\u021bi alege un partener dedicat succesului dumneavoastr\u0103.<\/p>\n<\/div>\n<\/div>\n<\/div>\n<div class=\"absolute -bottom-0 -right-1.5\">\n<div class=\"border-0.5 border-border-300 flex items-center translate-y-1\/2 rounded-lg shadow-sm transition bg-bg-000 p-1\">\n<div class=\"text-text-400 flex items-stretch justify-between gap-0.5\">\n<div class=\"flex gap-0.5\"><\/div>\n<\/div>\n<\/div>\n<\/div>\n<p>&nbsp;<\/p>\n<p>&nbsp;<\/p>","protected":false},"excerpt":{"rendered":"<p>C\u00e2rligul 320 este versatil \u0219i fiabil \u00een orice industrie, fie pentru o ridicare sigur\u0103 \u0219i eficient\u0103, fie pentru ancorare \u0219i echipare. Qingdao H&amp;F a fost o societate comercial\u0103 de \u00eencredere care se ocup\u0103 cu o gam\u0103 de c\u00e2rlige 320 - asigur\u00e2nd calitate, timp \u0219i servicii profesionale individuale. De asemenea, au putut furniza cump\u0103r\u0103torilor raportul de inspec\u021bie detaliat pentru fiecare produs, pentru a se asigura c\u0103 sunt \u00eendeplinite cele mai bune standarde. Fie pentru aplica\u021bii grele sau mai u\u0219oare, c\u00e2rligele noastre 320 sunt construite pentru a oferi fiabilitate maxim\u0103 \u00een ceea ce prive\u0219te durabilitatea \u0219i performan\u021ba pentru urm\u0103torul dvs. proiect.<\/p>","protected":false},"featured_media":4111,"comment_status":"open","ping_status":"closed","template":"","meta":{"site-sidebar-layout":"default","site-content-layout":"default","ast-site-content-layout":"default","site-content-style":"default","site-sidebar-style":"default","ast-global-header-display":"","ast-banner-title-visibility":"","ast-main-header-display":"","ast-hfb-above-header-display":"","ast-hfb-below-header-display":"","ast-hfb-mobile-header-display":"","site-post-title":"","ast-breadcrumbs-content":"","ast-featured-img":"","footer-sml-layout":"","theme-transparent-header-meta":"default","adv-header-id-meta":"","stick-header-meta":"default","header-above-stick-meta":"","header-main-stick-meta":"","header-below-stick-meta":"","astra-migrate-meta-layouts":"set","ast-page-background-enabled":"default","ast-page-background-meta":{"desktop":{"background-color":"","background-image":"","background-repeat":"repeat","background-position":"center center","background-size":"auto","background-attachment":"scroll","background-type":"","background-media":"","overlay-type":"","overlay-color":"","overlay-opacity":"","overlay-gradient":""},"tablet":{"background-color":"","background-image":"","background-repeat":"repeat","background-position":"center center","background-size":"auto","background-attachment":"scroll","background-type":"","background-media":"","overlay-type":"","overlay-color":"","overlay-opacity":"","overlay-gradient":""},"mobile":{"background-color":"","background-image":"","background-repeat":"repeat","background-position":"center center","background-size":"auto","background-attachment":"scroll","background-type":"","background-media":"","overlay-type":"","overlay-color":"","overlay-opacity":"","overlay-gradient":""}},"ast-content-background-meta":{"desktop":{"background-color":"var(--ast-global-color-5)","background-image":"","background-repeat":"repeat","background-position":"center center","background-size":"auto","background-attachment":"scroll","background-type":"","background-media":"","overlay-type":"","overlay-color":"","overlay-opacity":"","overlay-gradient":""},"tablet":{"background-color":"var(--ast-global-color-5)","background-image":"","background-repeat":"repeat","background-position":"center center","background-size":"auto","background-attachment":"scroll","background-type":"","background-media":"","overlay-type":"","overlay-color":"","overlay-opacity":"","overlay-gradient":""},"mobile":{"background-color":"var(--ast-global-color-5)","background-image":"","background-repeat":"repeat","background-position":"center center","background-size":"auto","background-attachment":"scroll","background-type":"","background-media":"","overlay-type":"","overlay-color":"","overlay-opacity":"","overlay-gradient":""}}},"product_brand":[],"product_cat":[57,43],"product_tag":[],"class_list":{"0":"post-4110","1":"product","2":"type-product","3":"status-publish","4":"has-post-thumbnail","6":"product_cat-sling-hook","7":"product_cat-rigging-hardware","8":"desktop-align-left","9":"tablet-align-left","10":"mobile-align-left","11":"ast-product-gallery-layout-horizontal-slider","12":"ast-product-tabs-layout-horizontal","14":"first","15":"instock","16":"shipping-taxable","17":"purchasable","18":"product-type-simple"},"yoast_head":"<!-- This site is optimized with the Yoast SEO plugin v25.2 - https:\/\/yoast.com\/wordpress\/plugins\/seo\/ -->\n<title>320 Eye Sling Hook<\/title>\n<meta name=\"description\" content=\"The Eye Sling Hook is a type of lifting hook commonly used in rigging and lifting operations.\" \/>\n<meta name=\"robots\" content=\"index, follow, max-snippet:-1, max-image-preview:large, max-video-preview:-1\" \/>\n<link rel=\"canonical\" href=\"https:\/\/qingdaohf.com\/ro\/produs\/ochi-carlig-sling\/\" \/>\n<meta property=\"og:locale\" content=\"ro_RO\" \/>\n<meta property=\"og:type\" content=\"article\" \/>\n<meta property=\"og:title\" content=\"320 Eye Sling Hook\" \/>\n<meta property=\"og:description\" content=\"The Eye Sling Hook is a type of lifting hook commonly used in rigging and lifting operations.\" \/>\n<meta property=\"og:url\" content=\"https:\/\/qingdaohf.com\/ro\/produs\/ochi-carlig-sling\/\" \/>\n<meta property=\"og:site_name\" content=\"Concrete Form &amp; Rigging Hardware Supplier\" \/>\n<meta property=\"article:publisher\" content=\"https:\/\/www.facebook.com\/qingdaohf\" \/>\n<meta property=\"article:modified_time\" content=\"2025-11-13T01:04:24+00:00\" \/>\n<meta property=\"og:image\" content=\"https:\/\/qingdaohf.com\/wp-content\/uploads\/2023\/05\/Eye-Sling-Hook-2.jpg\" \/>\n\t<meta property=\"og:image:width\" content=\"1000\" \/>\n\t<meta property=\"og:image:height\" content=\"1000\" \/>\n\t<meta property=\"og:image:type\" content=\"image\/jpeg\" \/>\n<meta name=\"twitter:card\" content=\"summary_large_image\" \/>\n<meta name=\"twitter:label1\" content=\"Timp estimat pentru citire\" \/>\n\t<meta name=\"twitter:data1\" content=\"4 minute\" \/>\n<script type=\"application\/ld+json\" class=\"yoast-schema-graph\">{\"@context\":\"https:\/\/schema.org\",\"@graph\":[{\"@type\":\"WebPage\",\"@id\":\"https:\/\/qingdaohf.com\/product\/eye-sling-hook\/\",\"url\":\"https:\/\/qingdaohf.com\/product\/eye-sling-hook\/\",\"name\":\"320 Eye Sling Hook\",\"isPartOf\":{\"@id\":\"https:\/\/qingdaohf.com\/bg\/#website\"},\"primaryImageOfPage\":{\"@id\":\"https:\/\/qingdaohf.com\/product\/eye-sling-hook\/#primaryimage\"},\"image\":{\"@id\":\"https:\/\/qingdaohf.com\/product\/eye-sling-hook\/#primaryimage\"},\"thumbnailUrl\":\"https:\/\/qingdaohf.com\/wp-content\/uploads\/2023\/05\/Eye-Sling-Hook-2.jpg\",\"datePublished\":\"2023-05-26T08:27:13+00:00\",\"dateModified\":\"2025-11-13T01:04:24+00:00\",\"description\":\"The Eye Sling Hook is a type of lifting hook commonly used in rigging and lifting operations.\",\"breadcrumb\":{\"@id\":\"https:\/\/qingdaohf.com\/product\/eye-sling-hook\/#breadcrumb\"},\"inLanguage\":\"ro-RO\",\"potentialAction\":[{\"@type\":\"ReadAction\",\"target\":[\"https:\/\/qingdaohf.com\/product\/eye-sling-hook\/\"]}]},{\"@type\":\"ImageObject\",\"inLanguage\":\"ro-RO\",\"@id\":\"https:\/\/qingdaohf.com\/product\/eye-sling-hook\/#primaryimage\",\"url\":\"https:\/\/qingdaohf.com\/wp-content\/uploads\/2023\/05\/Eye-Sling-Hook-2.jpg\",\"contentUrl\":\"https:\/\/qingdaohf.com\/wp-content\/uploads\/2023\/05\/Eye-Sling-Hook-2.jpg\",\"width\":1000,\"height\":1000,\"caption\":\"Eye Sling Hook\"},{\"@type\":\"BreadcrumbList\",\"@id\":\"https:\/\/qingdaohf.com\/product\/eye-sling-hook\/#breadcrumb\",\"itemListElement\":[{\"@type\":\"ListItem\",\"position\":1,\"name\":\"Home\",\"item\":\"https:\/\/qingdaohf.com\/\"},{\"@type\":\"ListItem\",\"position\":2,\"name\":\"Concrete Forming Accessories and Rigging Hardware\",\"item\":\"https:\/\/qingdaohf.com\/bg\/?page_id=944\"},{\"@type\":\"ListItem\",\"position\":3,\"name\":\"320 Eye Sling Hook\"}]},{\"@type\":\"WebSite\",\"@id\":\"https:\/\/qingdaohf.com\/bg\/#website\",\"url\":\"https:\/\/qingdaohf.com\/bg\/\",\"name\":\"Concrete Form & Rigging Hardware Supplier\",\"description\":\"\",\"publisher\":{\"@id\":\"https:\/\/qingdaohf.com\/bg\/#organization\"},\"potentialAction\":[{\"@type\":\"SearchAction\",\"target\":{\"@type\":\"EntryPoint\",\"urlTemplate\":\"https:\/\/qingdaohf.com\/bg\/?s={search_term_string}\"},\"query-input\":{\"@type\":\"PropertyValueSpecification\",\"valueRequired\":true,\"valueName\":\"search_term_string\"}}],\"inLanguage\":\"ro-RO\"},{\"@type\":\"Organization\",\"@id\":\"https:\/\/qingdaohf.com\/bg\/#organization\",\"name\":\"Qingdao H&F\",\"url\":\"https:\/\/qingdaohf.com\/bg\/\",\"logo\":{\"@type\":\"ImageObject\",\"inLanguage\":\"ro-RO\",\"@id\":\"https:\/\/qingdaohf.com\/bg\/#\/schema\/logo\/image\/\",\"url\":\"https:\/\/qingdaohf.com\/wp-content\/uploads\/2022\/12\/cropped-HF-LOGO.png\",\"contentUrl\":\"https:\/\/qingdaohf.com\/wp-content\/uploads\/2022\/12\/cropped-HF-LOGO.png\",\"width\":391,\"height\":249,\"caption\":\"Qingdao H&F\"},\"image\":{\"@id\":\"https:\/\/qingdaohf.com\/bg\/#\/schema\/logo\/image\/\"},\"sameAs\":[\"https:\/\/www.facebook.com\/qingdaohf\"]}]}<\/script>\n<!-- \/ Yoast SEO plugin. -->","yoast_head_json":{"title":"320 Eye Sling Hook","description":"The Eye Sling Hook is a type of lifting hook commonly used in rigging and lifting operations.","robots":{"index":"index","follow":"follow","max-snippet":"max-snippet:-1","max-image-preview":"max-image-preview:large","max-video-preview":"max-video-preview:-1"},"canonical":"https:\/\/qingdaohf.com\/ro\/produs\/ochi-carlig-sling\/","og_locale":"ro_RO","og_type":"article","og_title":"320 Eye Sling Hook","og_description":"The Eye Sling Hook is a type of lifting hook commonly used in rigging and lifting operations.","og_url":"https:\/\/qingdaohf.com\/ro\/produs\/ochi-carlig-sling\/","og_site_name":"Concrete Form &amp; Rigging Hardware Supplier","article_publisher":"https:\/\/www.facebook.com\/qingdaohf","article_modified_time":"2025-11-13T01:04:24+00:00","og_image":[{"width":1000,"height":1000,"url":"https:\/\/qingdaohf.com\/wp-content\/uploads\/2023\/05\/Eye-Sling-Hook-2.jpg","type":"image\/jpeg"}],"twitter_card":"summary_large_image","twitter_misc":{"Timp estimat pentru citire":"4 minute"},"schema":{"@context":"https:\/\/schema.org","@graph":[{"@type":"WebPage","@id":"https:\/\/qingdaohf.com\/product\/eye-sling-hook\/","url":"https:\/\/qingdaohf.com\/product\/eye-sling-hook\/","name":"320 Eye Sling Hook","isPartOf":{"@id":"https:\/\/qingdaohf.com\/bg\/#website"},"primaryImageOfPage":{"@id":"https:\/\/qingdaohf.com\/product\/eye-sling-hook\/#primaryimage"},"image":{"@id":"https:\/\/qingdaohf.com\/product\/eye-sling-hook\/#primaryimage"},"thumbnailUrl":"https:\/\/qingdaohf.com\/wp-content\/uploads\/2023\/05\/Eye-Sling-Hook-2.jpg","datePublished":"2023-05-26T08:27:13+00:00","dateModified":"2025-11-13T01:04:24+00:00","description":"The Eye Sling Hook is a type of lifting hook commonly used in rigging and lifting operations.","breadcrumb":{"@id":"https:\/\/qingdaohf.com\/product\/eye-sling-hook\/#breadcrumb"},"inLanguage":"ro-RO","potentialAction":[{"@type":"ReadAction","target":["https:\/\/qingdaohf.com\/product\/eye-sling-hook\/"]}]},{"@type":"ImageObject","inLanguage":"ro-RO","@id":"https:\/\/qingdaohf.com\/product\/eye-sling-hook\/#primaryimage","url":"https:\/\/qingdaohf.com\/wp-content\/uploads\/2023\/05\/Eye-Sling-Hook-2.jpg","contentUrl":"https:\/\/qingdaohf.com\/wp-content\/uploads\/2023\/05\/Eye-Sling-Hook-2.jpg","width":1000,"height":1000,"caption":"Eye Sling Hook"},{"@type":"BreadcrumbList","@id":"https:\/\/qingdaohf.com\/product\/eye-sling-hook\/#breadcrumb","itemListElement":[{"@type":"ListItem","position":1,"name":"Home","item":"https:\/\/qingdaohf.com\/"},{"@type":"ListItem","position":2,"name":"Concrete Forming Accessories and Rigging Hardware","item":"https:\/\/qingdaohf.com\/bg\/?page_id=944"},{"@type":"ListItem","position":3,"name":"320 Eye Sling Hook"}]},{"@type":"WebSite","@id":"https:\/\/qingdaohf.com\/bg\/#website","url":"https:\/\/qingdaohf.com\/bg\/","name":"Concrete Form & Rigging Hardware Supplier","description":"","publisher":{"@id":"https:\/\/qingdaohf.com\/bg\/#organization"},"potentialAction":[{"@type":"SearchAction","target":{"@type":"EntryPoint","urlTemplate":"https:\/\/qingdaohf.com\/bg\/?s={search_term_string}"},"query-input":{"@type":"PropertyValueSpecification","valueRequired":true,"valueName":"search_term_string"}}],"inLanguage":"ro-RO"},{"@type":"Organization","@id":"https:\/\/qingdaohf.com\/bg\/#organization","name":"Qingdao H&F","url":"https:\/\/qingdaohf.com\/bg\/","logo":{"@type":"ImageObject","inLanguage":"ro-RO","@id":"https:\/\/qingdaohf.com\/bg\/#\/schema\/logo\/image\/","url":"https:\/\/qingdaohf.com\/wp-content\/uploads\/2022\/12\/cropped-HF-LOGO.png","contentUrl":"https:\/\/qingdaohf.com\/wp-content\/uploads\/2022\/12\/cropped-HF-LOGO.png","width":391,"height":249,"caption":"Qingdao H&F"},"image":{"@id":"https:\/\/qingdaohf.com\/bg\/#\/schema\/logo\/image\/"},"sameAs":["https:\/\/www.facebook.com\/qingdaohf"]}]}},"_links":{"self":[{"href":"https:\/\/qingdaohf.com\/ro\/wp-json\/wp\/v2\/product\/4110","targetHints":{"allow":["GET"]}}],"collection":[{"href":"https:\/\/qingdaohf.com\/ro\/wp-json\/wp\/v2\/product"}],"about":[{"href":"https:\/\/qingdaohf.com\/ro\/wp-json\/wp\/v2\/types\/product"}],"replies":[{"embeddable":true,"href":"https:\/\/qingdaohf.com\/ro\/wp-json\/wp\/v2\/comments?post=4110"}],"version-history":[{"count":3,"href":"https:\/\/qingdaohf.com\/ro\/wp-json\/wp\/v2\/product\/4110\/revisions"}],"predecessor-version":[{"id":4117,"href":"https:\/\/qingdaohf.com\/ro\/wp-json\/wp\/v2\/product\/4110\/revisions\/4117"}],"wp:featuredmedia":[{"embeddable":true,"href":"https:\/\/qingdaohf.com\/ro\/wp-json\/wp\/v2\/media\/4111"}],"wp:attachment":[{"href":"https:\/\/qingdaohf.com\/ro\/wp-json\/wp\/v2\/media?parent=4110"}],"wp:term":[{"taxonomy":"product_brand","embeddable":true,"href":"https:\/\/qingdaohf.com\/ro\/wp-json\/wp\/v2\/product_brand?post=4110"},{"taxonomy":"product_cat","embeddable":true,"href":"https:\/\/qingdaohf.com\/ro\/wp-json\/wp\/v2\/product_cat?post=4110"},{"taxonomy":"product_tag","embeddable":true,"href":"https:\/\/qingdaohf.com\/ro\/wp-json\/wp\/v2\/product_tag?post=4110"}],"curies":[{"name":"wp","href":"https:\/\/api.w.org\/{rel}","templated":true}]}}