{"id":4244,"date":"2023-05-29T17:11:01","date_gmt":"2023-05-29T09:11:01","guid":{"rendered":"http:\/\/qingdaohf.com\/?post_type=product&#038;p=4244"},"modified":"2025-11-13T09:04:21","modified_gmt":"2025-11-13T01:04:21","slug":"welded-d-ring","status":"publish","type":"product","link":"https:\/\/qingdaohf.com\/ro\/produs\/inel-d-sudat\/","title":{"rendered":"Inel D sudat"},"content":{"rendered":"<div class=\"ast-oembed-container\" style=\"height: 100%;\"><iframe title=\"Sudate D Ring Rigging Hardware\" width=\"500\" height=\"281\" src=\"https:\/\/www.youtube.com\/embed\/XeWw4iTp6fE?feature=oembed\" frameborder=\"0\" allow=\"accelerometer; autoplay; clipboard-write; encrypted-media; gyroscope; picture-in-picture; web-share\" referrerpolicy=\"strict-origin-when-cross-origin\" allowfullscreen><\/iframe><\/div>\n<p>Inelul D sudat este de obicei fabricat din o\u021bel de \u00eenalt\u0103 rezisten\u021b\u0103 sau o\u021bel inoxidabil, care ofer\u0103 o durabilitate excep\u021bional\u0103 \u0219i rezisten\u021b\u0103 la coroziune. Designul s\u0103u \u00een form\u0103 de D prezint\u0103 o bucl\u0103 \u00eenchis\u0103 cu o baz\u0103 plat\u0103 \u0219i dou\u0103 laturi rotunjite, sem\u0103n\u00e2nd cu litera \"D\". Inelul D este creat prin sudarea capetelor unei tije metalice, cre\u00e2nd o conexiune solid\u0103 \u0219i sigur\u0103.<\/p>\n<p>Unul dintre principalele avantaje ale inelului D sudat este rezisten\u021ba \u0219i capacitatea sa de sus\u021binere a sarcinii. Procesul de sudare asigur\u0103 o \u00eembinare puternic\u0103 \u0219i f\u0103r\u0103 sudur\u0103, permi\u021b\u00e2nd inelului D s\u0103 reziste la sarcini grele \u0219i s\u0103 ofere un punct de fixare fiabil. Baza plat\u0103 a inelului D permite montarea sau instalarea u\u0219oar\u0103 pe diverse suprafe\u021be, cum ar fi pere\u021bi, podele sau echipamente.<\/p>\n<p>Versatilitatea inelului D sudat \u00eel face potrivit pentru o gam\u0103 larg\u0103 de aplica\u021bii. Acesta este utilizat \u00een mod obi\u0219nuit \u00een industrii precum construc\u021biile, transporturile \u0219i activit\u0103\u021bile recreative. Acesta poate fi g\u0103sit \u00een sistemele de fixare a \u00eenc\u0103rc\u0103turii, echipamente de ridicare, hamuri \u0219i aplica\u021bii de remorcare. Inelul D ofer\u0103 un punct de conectare sigur, permi\u021b\u00e2nd manipularea eficient\u0103 \u0219i sigur\u0103 a \u00eenc\u0103rc\u0103turilor.<\/p>\n<p>Siguran\u021ba este primordial\u0103 atunci c\u00e2nd se utilizeaz\u0103 inele D sudate. Este esen\u021bial s\u0103 v\u0103 asigura\u021bi c\u0103 inelul D este corect instalat \u0219i bine fixat la punctul de ancorare corespunz\u0103tor. Trebuie efectuate inspec\u021bii regulate pentru a detecta orice semne de uzur\u0103, deformare sau deteriorare care ar putea compromite integritatea inelului D. Inelele D deteriorate sau uzate trebuie \u00eenlocuite cu promptitudine pentru a men\u021bine siguran\u021ba opera\u021biunilor.<\/p>","protected":false},"excerpt":{"rendered":"<p>Inelul D sudat este o component\u0103 hardware versatil\u0103 \u0219i robust\u0103 utilizat\u0103 \u00een mod obi\u0219nuit \u00een diverse aplica\u021bii, inclusiv ridicarea, echiparea \u0219i fixarea \u00eenc\u0103rc\u0103turilor. Acesta este conceput pentru a oferi un punct de fixare fiabil pentru conectarea curelelor, fr\u00e2nghiilor, lan\u021burilor sau a altor accesorii.<\/p>","protected":false},"featured_media":4245,"comment_status":"open","ping_status":"closed","template":"","meta":{"site-sidebar-layout":"default","site-content-layout":"default","ast-site-content-layout":"","site-content-style":"default","site-sidebar-style":"default","ast-global-header-display":"","ast-banner-title-visibility":"","ast-main-header-display":"","ast-hfb-above-header-display":"","ast-hfb-below-header-display":"","ast-hfb-mobile-header-display":"","site-post-title":"","ast-breadcrumbs-content":"","ast-featured-img":"","footer-sml-layout":"","theme-transparent-header-meta":"default","adv-header-id-meta":"","stick-header-meta":"default","header-above-stick-meta":"","header-main-stick-meta":"","header-below-stick-meta":"","astra-migrate-meta-layouts":"default","ast-page-background-enabled":"default","ast-page-background-meta":{"desktop":{"background-color":"","background-image":"","background-repeat":"repeat","background-position":"center center","background-size":"auto","background-attachment":"scroll","background-type":"","background-media":"","overlay-type":"","overlay-color":"","overlay-opacity":"","overlay-gradient":""},"tablet":{"background-color":"","background-image":"","background-repeat":"repeat","background-position":"center center","background-size":"auto","background-attachment":"scroll","background-type":"","background-media":"","overlay-type":"","overlay-color":"","overlay-opacity":"","overlay-gradient":""},"mobile":{"background-color":"","background-image":"","background-repeat":"repeat","background-position":"center center","background-size":"auto","background-attachment":"scroll","background-type":"","background-media":"","overlay-type":"","overlay-color":"","overlay-opacity":"","overlay-gradient":""}},"ast-content-background-meta":{"desktop":{"background-color":"var(--ast-global-color-5)","background-image":"","background-repeat":"repeat","background-position":"center center","background-size":"auto","background-attachment":"scroll","background-type":"","background-media":"","overlay-type":"","overlay-color":"","overlay-opacity":"","overlay-gradient":""},"tablet":{"background-color":"var(--ast-global-color-5)","background-image":"","background-repeat":"repeat","background-position":"center center","background-size":"auto","background-attachment":"scroll","background-type":"","background-media":"","overlay-type":"","overlay-color":"","overlay-opacity":"","overlay-gradient":""},"mobile":{"background-color":"var(--ast-global-color-5)","background-image":"","background-repeat":"repeat","background-position":"center center","background-size":"auto","background-attachment":"scroll","background-type":"","background-media":"","overlay-type":"","overlay-color":"","overlay-opacity":"","overlay-gradient":""}}},"product_brand":[],"product_cat":[43],"product_tag":[],"class_list":{"0":"post-4244","1":"product","2":"type-product","3":"status-publish","4":"has-post-thumbnail","6":"product_cat-rigging-hardware","7":"desktop-align-left","8":"tablet-align-left","9":"mobile-align-left","10":"ast-product-gallery-layout-horizontal-slider","11":"ast-product-tabs-layout-horizontal","13":"first","14":"instock","15":"shipping-taxable","16":"purchasable","17":"product-type-simple"},"yoast_head":"<!-- This site is optimized with the Yoast SEO plugin v25.2 - https:\/\/yoast.com\/wordpress\/plugins\/seo\/ -->\n<title>Welded D Ring<\/title>\n<meta name=\"description\" content=\"The welded D-ring is a versatile and sturdy hardware component commonly used in various applications, including lifting, rigging, and securing loads. It is designed to provide a reliable attachment point for connecting straps, ropes, chains, or other accessories.\" \/>\n<meta name=\"robots\" content=\"index, follow, max-snippet:-1, max-image-preview:large, max-video-preview:-1\" \/>\n<link rel=\"canonical\" href=\"https:\/\/qingdaohf.com\/ro\/produs\/inel-d-sudat\/\" \/>\n<meta property=\"og:locale\" content=\"ro_RO\" \/>\n<meta property=\"og:type\" content=\"article\" \/>\n<meta property=\"og:title\" content=\"Welded D Ring\" \/>\n<meta property=\"og:description\" content=\"The welded D-ring is a versatile and sturdy hardware component commonly used in various applications, including lifting, rigging, and securing loads. It is designed to provide a reliable attachment point for connecting straps, ropes, chains, or other accessories.\" \/>\n<meta property=\"og:url\" content=\"https:\/\/qingdaohf.com\/ro\/produs\/inel-d-sudat\/\" \/>\n<meta property=\"og:site_name\" content=\"Concrete Form &amp; Rigging Hardware Supplier\" \/>\n<meta property=\"article:publisher\" content=\"https:\/\/www.facebook.com\/qingdaohf\" \/>\n<meta property=\"article:modified_time\" content=\"2025-11-13T01:04:21+00:00\" \/>\n<meta property=\"og:image\" content=\"https:\/\/qingdaohf.com\/wp-content\/uploads\/2023\/05\/welded-d-ring-1.jpg\" \/>\n\t<meta property=\"og:image:width\" content=\"1000\" \/>\n\t<meta property=\"og:image:height\" content=\"1000\" \/>\n\t<meta property=\"og:image:type\" content=\"image\/jpeg\" \/>\n<meta name=\"twitter:card\" content=\"summary_large_image\" \/>\n<meta name=\"twitter:label1\" content=\"Timp estimat pentru citire\" \/>\n\t<meta name=\"twitter:data1\" content=\"2 minute\" \/>\n<script type=\"application\/ld+json\" class=\"yoast-schema-graph\">{\"@context\":\"https:\/\/schema.org\",\"@graph\":[{\"@type\":\"WebPage\",\"@id\":\"https:\/\/qingdaohf.com\/product\/welded-d-ring\/\",\"url\":\"https:\/\/qingdaohf.com\/product\/welded-d-ring\/\",\"name\":\"Welded D Ring\",\"isPartOf\":{\"@id\":\"https:\/\/qingdaohf.com\/bg\/#website\"},\"primaryImageOfPage\":{\"@id\":\"https:\/\/qingdaohf.com\/product\/welded-d-ring\/#primaryimage\"},\"image\":{\"@id\":\"https:\/\/qingdaohf.com\/product\/welded-d-ring\/#primaryimage\"},\"thumbnailUrl\":\"https:\/\/qingdaohf.com\/wp-content\/uploads\/2023\/05\/welded-d-ring-1.jpg\",\"datePublished\":\"2023-05-29T09:11:01+00:00\",\"dateModified\":\"2025-11-13T01:04:21+00:00\",\"description\":\"The welded D-ring is a versatile and sturdy hardware component commonly used in various applications, including lifting, rigging, and securing loads. It is designed to provide a reliable attachment point for connecting straps, ropes, chains, or other accessories.\",\"breadcrumb\":{\"@id\":\"https:\/\/qingdaohf.com\/product\/welded-d-ring\/#breadcrumb\"},\"inLanguage\":\"ro-RO\",\"potentialAction\":[{\"@type\":\"ReadAction\",\"target\":[\"https:\/\/qingdaohf.com\/product\/welded-d-ring\/\"]}]},{\"@type\":\"ImageObject\",\"inLanguage\":\"ro-RO\",\"@id\":\"https:\/\/qingdaohf.com\/product\/welded-d-ring\/#primaryimage\",\"url\":\"https:\/\/qingdaohf.com\/wp-content\/uploads\/2023\/05\/welded-d-ring-1.jpg\",\"contentUrl\":\"https:\/\/qingdaohf.com\/wp-content\/uploads\/2023\/05\/welded-d-ring-1.jpg\",\"width\":1000,\"height\":1000,\"caption\":\"welded d ring\"},{\"@type\":\"BreadcrumbList\",\"@id\":\"https:\/\/qingdaohf.com\/product\/welded-d-ring\/#breadcrumb\",\"itemListElement\":[{\"@type\":\"ListItem\",\"position\":1,\"name\":\"Home\",\"item\":\"https:\/\/qingdaohf.com\/\"},{\"@type\":\"ListItem\",\"position\":2,\"name\":\"Concrete Forming Accessories and Rigging Hardware\",\"item\":\"https:\/\/qingdaohf.com\/bg\/?page_id=944\"},{\"@type\":\"ListItem\",\"position\":3,\"name\":\"Welded D Ring\"}]},{\"@type\":\"WebSite\",\"@id\":\"https:\/\/qingdaohf.com\/bg\/#website\",\"url\":\"https:\/\/qingdaohf.com\/bg\/\",\"name\":\"Concrete Form & Rigging Hardware Supplier\",\"description\":\"\",\"publisher\":{\"@id\":\"https:\/\/qingdaohf.com\/bg\/#organization\"},\"potentialAction\":[{\"@type\":\"SearchAction\",\"target\":{\"@type\":\"EntryPoint\",\"urlTemplate\":\"https:\/\/qingdaohf.com\/bg\/?s={search_term_string}\"},\"query-input\":{\"@type\":\"PropertyValueSpecification\",\"valueRequired\":true,\"valueName\":\"search_term_string\"}}],\"inLanguage\":\"ro-RO\"},{\"@type\":\"Organization\",\"@id\":\"https:\/\/qingdaohf.com\/bg\/#organization\",\"name\":\"Qingdao H&F\",\"url\":\"https:\/\/qingdaohf.com\/bg\/\",\"logo\":{\"@type\":\"ImageObject\",\"inLanguage\":\"ro-RO\",\"@id\":\"https:\/\/qingdaohf.com\/bg\/#\/schema\/logo\/image\/\",\"url\":\"https:\/\/qingdaohf.com\/wp-content\/uploads\/2022\/12\/cropped-HF-LOGO.png\",\"contentUrl\":\"https:\/\/qingdaohf.com\/wp-content\/uploads\/2022\/12\/cropped-HF-LOGO.png\",\"width\":391,\"height\":249,\"caption\":\"Qingdao H&F\"},\"image\":{\"@id\":\"https:\/\/qingdaohf.com\/bg\/#\/schema\/logo\/image\/\"},\"sameAs\":[\"https:\/\/www.facebook.com\/qingdaohf\"]}]}<\/script>\n<!-- \/ Yoast SEO plugin. -->","yoast_head_json":{"title":"Welded D Ring","description":"The welded D-ring is a versatile and sturdy hardware component commonly used in various applications, including lifting, rigging, and securing loads. It is designed to provide a reliable attachment point for connecting straps, ropes, chains, or other accessories.","robots":{"index":"index","follow":"follow","max-snippet":"max-snippet:-1","max-image-preview":"max-image-preview:large","max-video-preview":"max-video-preview:-1"},"canonical":"https:\/\/qingdaohf.com\/ro\/produs\/inel-d-sudat\/","og_locale":"ro_RO","og_type":"article","og_title":"Welded D Ring","og_description":"The welded D-ring is a versatile and sturdy hardware component commonly used in various applications, including lifting, rigging, and securing loads. It is designed to provide a reliable attachment point for connecting straps, ropes, chains, or other accessories.","og_url":"https:\/\/qingdaohf.com\/ro\/produs\/inel-d-sudat\/","og_site_name":"Concrete Form &amp; Rigging Hardware Supplier","article_publisher":"https:\/\/www.facebook.com\/qingdaohf","article_modified_time":"2025-11-13T01:04:21+00:00","og_image":[{"width":1000,"height":1000,"url":"https:\/\/qingdaohf.com\/wp-content\/uploads\/2023\/05\/welded-d-ring-1.jpg","type":"image\/jpeg"}],"twitter_card":"summary_large_image","twitter_misc":{"Timp estimat pentru citire":"2 minute"},"schema":{"@context":"https:\/\/schema.org","@graph":[{"@type":"WebPage","@id":"https:\/\/qingdaohf.com\/product\/welded-d-ring\/","url":"https:\/\/qingdaohf.com\/product\/welded-d-ring\/","name":"Welded D Ring","isPartOf":{"@id":"https:\/\/qingdaohf.com\/bg\/#website"},"primaryImageOfPage":{"@id":"https:\/\/qingdaohf.com\/product\/welded-d-ring\/#primaryimage"},"image":{"@id":"https:\/\/qingdaohf.com\/product\/welded-d-ring\/#primaryimage"},"thumbnailUrl":"https:\/\/qingdaohf.com\/wp-content\/uploads\/2023\/05\/welded-d-ring-1.jpg","datePublished":"2023-05-29T09:11:01+00:00","dateModified":"2025-11-13T01:04:21+00:00","description":"The welded D-ring is a versatile and sturdy hardware component commonly used in various applications, including lifting, rigging, and securing loads. It is designed to provide a reliable attachment point for connecting straps, ropes, chains, or other accessories.","breadcrumb":{"@id":"https:\/\/qingdaohf.com\/product\/welded-d-ring\/#breadcrumb"},"inLanguage":"ro-RO","potentialAction":[{"@type":"ReadAction","target":["https:\/\/qingdaohf.com\/product\/welded-d-ring\/"]}]},{"@type":"ImageObject","inLanguage":"ro-RO","@id":"https:\/\/qingdaohf.com\/product\/welded-d-ring\/#primaryimage","url":"https:\/\/qingdaohf.com\/wp-content\/uploads\/2023\/05\/welded-d-ring-1.jpg","contentUrl":"https:\/\/qingdaohf.com\/wp-content\/uploads\/2023\/05\/welded-d-ring-1.jpg","width":1000,"height":1000,"caption":"welded d ring"},{"@type":"BreadcrumbList","@id":"https:\/\/qingdaohf.com\/product\/welded-d-ring\/#breadcrumb","itemListElement":[{"@type":"ListItem","position":1,"name":"Home","item":"https:\/\/qingdaohf.com\/"},{"@type":"ListItem","position":2,"name":"Concrete Forming Accessories and Rigging Hardware","item":"https:\/\/qingdaohf.com\/bg\/?page_id=944"},{"@type":"ListItem","position":3,"name":"Welded D Ring"}]},{"@type":"WebSite","@id":"https:\/\/qingdaohf.com\/bg\/#website","url":"https:\/\/qingdaohf.com\/bg\/","name":"Concrete Form & Rigging Hardware Supplier","description":"","publisher":{"@id":"https:\/\/qingdaohf.com\/bg\/#organization"},"potentialAction":[{"@type":"SearchAction","target":{"@type":"EntryPoint","urlTemplate":"https:\/\/qingdaohf.com\/bg\/?s={search_term_string}"},"query-input":{"@type":"PropertyValueSpecification","valueRequired":true,"valueName":"search_term_string"}}],"inLanguage":"ro-RO"},{"@type":"Organization","@id":"https:\/\/qingdaohf.com\/bg\/#organization","name":"Qingdao H&F","url":"https:\/\/qingdaohf.com\/bg\/","logo":{"@type":"ImageObject","inLanguage":"ro-RO","@id":"https:\/\/qingdaohf.com\/bg\/#\/schema\/logo\/image\/","url":"https:\/\/qingdaohf.com\/wp-content\/uploads\/2022\/12\/cropped-HF-LOGO.png","contentUrl":"https:\/\/qingdaohf.com\/wp-content\/uploads\/2022\/12\/cropped-HF-LOGO.png","width":391,"height":249,"caption":"Qingdao H&F"},"image":{"@id":"https:\/\/qingdaohf.com\/bg\/#\/schema\/logo\/image\/"},"sameAs":["https:\/\/www.facebook.com\/qingdaohf"]}]}},"_links":{"self":[{"href":"https:\/\/qingdaohf.com\/ro\/wp-json\/wp\/v2\/product\/4244","targetHints":{"allow":["GET"]}}],"collection":[{"href":"https:\/\/qingdaohf.com\/ro\/wp-json\/wp\/v2\/product"}],"about":[{"href":"https:\/\/qingdaohf.com\/ro\/wp-json\/wp\/v2\/types\/product"}],"replies":[{"embeddable":true,"href":"https:\/\/qingdaohf.com\/ro\/wp-json\/wp\/v2\/comments?post=4244"}],"version-history":[{"count":2,"href":"https:\/\/qingdaohf.com\/ro\/wp-json\/wp\/v2\/product\/4244\/revisions"}],"predecessor-version":[{"id":10419,"href":"https:\/\/qingdaohf.com\/ro\/wp-json\/wp\/v2\/product\/4244\/revisions\/10419"}],"wp:featuredmedia":[{"embeddable":true,"href":"https:\/\/qingdaohf.com\/ro\/wp-json\/wp\/v2\/media\/4245"}],"wp:attachment":[{"href":"https:\/\/qingdaohf.com\/ro\/wp-json\/wp\/v2\/media?parent=4244"}],"wp:term":[{"taxonomy":"product_brand","embeddable":true,"href":"https:\/\/qingdaohf.com\/ro\/wp-json\/wp\/v2\/product_brand?post=4244"},{"taxonomy":"product_cat","embeddable":true,"href":"https:\/\/qingdaohf.com\/ro\/wp-json\/wp\/v2\/product_cat?post=4244"},{"taxonomy":"product_tag","embeddable":true,"href":"https:\/\/qingdaohf.com\/ro\/wp-json\/wp\/v2\/product_tag?post=4244"}],"curies":[{"name":"wp","href":"https:\/\/api.w.org\/{rel}","templated":true}]}}