{"id":4271,"date":"2023-06-01T17:48:40","date_gmt":"2023-06-01T09:48:40","guid":{"rendered":"http:\/\/qingdaohf.com\/?post_type=product&#038;p=4271"},"modified":"2025-11-13T09:04:21","modified_gmt":"2025-11-13T01:04:21","slug":"stainless-steel-coil-nail","status":"publish","type":"product","link":"https:\/\/qingdaohf.com\/ro\/produs\/otel-inoxidabil-bobina-cui\/","title":{"rendered":"O\u021bel inoxidabil Coil Nail"},"content":{"rendered":"<ol>\n<li>Material: Cuiele din o\u021bel inoxidabil sunt fabricate din o\u021bel inoxidabil de \u00eenalt\u0103 calitate. O\u021belul inoxidabil este ales pentru rezisten\u021ba sa la coroziune, rezisten\u021b\u0103 \u0219i longevitate. Este un material ideal pentru aplica\u021biile \u00een care cuiele pot fi expuse la umiditate sau la medii corozive.<\/li>\n<li>Forma de bobin\u0103: Spre deosebire de cuiele tradi\u021bionale \u00een vrac sau \u00een b\u0103\u021b, cuiele din o\u021bel inoxidabil \u00een spiral\u0103 sunt formate \u00een form\u0103 de bobin\u0103. Acest design \u00een spiral\u0103 permite o capacitate mai mare de cuie, permi\u021b\u00e2nd \u00eenc\u0103rcarea unui num\u0103r mai mare de cuie \u00eentr-un pistol de cuie \u00een spiral\u0103, ceea ce \u00eembun\u0103t\u0103\u021be\u0219te eficien\u021ba \u0219i reduce nevoia de re\u00eenc\u0103rcare frecvent\u0103.<\/li>\n<li>V\u00e2rf \u0219i tij\u0103: Cuiele spiralate din o\u021bel inoxidabil au, de obicei, un v\u00e2rf ascu\u021bit de diamant care ajut\u0103 la introducerea u\u0219oar\u0103 \u00een diverse materiale. Tija (corpul) cuiului este adesea cu filet inelar sau spiralat, oferind aderen\u021b\u0103 sporit\u0103 \u0219i rezisten\u021b\u0103 \u00eempotriva for\u021belor de retragere.<\/li>\n<li>Dimensiuni \u0219i aplica\u021bii: Cuiele din o\u021bel inoxidabil sunt disponibile \u00een diferite lungimi, diametre \u0219i calibre pentru a se potrivi diferitelor aplica\u021bii. Acestea sunt utilizate \u00een mod obi\u0219nuit \u00een construc\u021bii pentru \u00eencadrarea, decking, acoperi\u0219uri, siding, garduri \u0219i alte lucr\u0103ri structurale. \u00cen plus, acestea \u00ee\u0219i g\u0103sesc utilitatea \u00een proiectele de prelucrare a lemnului, cum ar fi asamblarea mobilei, instalarea dulapurilor \u0219i lucr\u0103rile de finisare.<\/li>\n<li>Rezisten\u021ba la coroziune: Unul dintre principalele avantaje ale cuielor din o\u021bel inoxidabil este rezisten\u021ba lor la coroziune. O\u021belul inoxidabil con\u021bine crom, care formeaz\u0103 un strat protector de oxid pe suprafa\u021b\u0103, protej\u00e2nd cuiul \u00eempotriva ruginii \u0219i coroziunii cauzate de expunerea la umiditate, substan\u021be chimice sau condi\u021bii meteorologice.<\/li>\n<li>Rezisten\u021b\u0103 ridicat\u0103: Cuiele spiralate din o\u021bel inoxidabil ofer\u0103 rezisten\u021b\u0103 \u0219i durabilitate excelente. Acestea sunt proiectate pentru a rezista la tensiuni ridicate \u0219i for\u021be laterale, oferind o putere de fixare fiabil\u0103 \u0219i reduc\u00e2nd riscul de rupere sau smulgere a cuielor.<\/li>\n<li>Compatibilitate: Cuiele de o\u021bel inoxidabil sunt compatibile cu pistoalele de b\u0103tut cuie special concepute pentru cuiele de b\u0103tut cuie. Aceste pistoale folosesc aer comprimat sau gaz pentru a \u00eenfige cuiele rapid \u0219i eficient \u00een material.<\/li>\n<\/ol>\n<div class=\"ast-oembed-container\" style=\"height: 100%;\"><iframe title=\"QINGDAO HF bobina cui\" width=\"500\" height=\"375\" src=\"https:\/\/www.youtube.com\/embed\/d7FHshG3YyY?feature=oembed\" frameborder=\"0\" allow=\"accelerometer; autoplay; clipboard-write; encrypted-media; gyroscope; picture-in-picture; web-share\" referrerpolicy=\"strict-origin-when-cross-origin\" allowfullscreen><\/iframe><\/div>","protected":false},"excerpt":{"rendered":"<p>Cuiele spiralate din o\u021bel inoxidabil sunt o alegere de \u00eencredere pentru aplica\u021biile solicitante care necesit\u0103 elemente de fixare puternice, de lung\u0103 durat\u0103 \u0219i rezistente la coroziune. Forma lor unic\u0103 \u00een spiral\u0103, rezisten\u021ba ridicat\u0103 \u0219i compatibilitatea cu pistoalele de b\u0103tut cuie le fac o alegere popular\u0103 printre profesioni\u0219tii din industria construc\u021biilor \u0219i a prelucr\u0103rii lemnului.<\/p>","protected":false},"featured_media":4272,"comment_status":"open","ping_status":"closed","template":"","meta":{"site-sidebar-layout":"default","site-content-layout":"default","ast-site-content-layout":"","site-content-style":"default","site-sidebar-style":"default","ast-global-header-display":"","ast-banner-title-visibility":"","ast-main-header-display":"","ast-hfb-above-header-display":"","ast-hfb-below-header-display":"","ast-hfb-mobile-header-display":"","site-post-title":"","ast-breadcrumbs-content":"","ast-featured-img":"","footer-sml-layout":"","theme-transparent-header-meta":"default","adv-header-id-meta":"","stick-header-meta":"default","header-above-stick-meta":"","header-main-stick-meta":"","header-below-stick-meta":"","astra-migrate-meta-layouts":"default","ast-page-background-enabled":"default","ast-page-background-meta":{"desktop":{"background-color":"","background-image":"","background-repeat":"repeat","background-position":"center center","background-size":"auto","background-attachment":"scroll","background-type":"","background-media":"","overlay-type":"","overlay-color":"","overlay-opacity":"","overlay-gradient":""},"tablet":{"background-color":"","background-image":"","background-repeat":"repeat","background-position":"center center","background-size":"auto","background-attachment":"scroll","background-type":"","background-media":"","overlay-type":"","overlay-color":"","overlay-opacity":"","overlay-gradient":""},"mobile":{"background-color":"","background-image":"","background-repeat":"repeat","background-position":"center center","background-size":"auto","background-attachment":"scroll","background-type":"","background-media":"","overlay-type":"","overlay-color":"","overlay-opacity":"","overlay-gradient":""}},"ast-content-background-meta":{"desktop":{"background-color":"var(--ast-global-color-5)","background-image":"","background-repeat":"repeat","background-position":"center center","background-size":"auto","background-attachment":"scroll","background-type":"","background-media":"","overlay-type":"","overlay-color":"","overlay-opacity":"","overlay-gradient":""},"tablet":{"background-color":"var(--ast-global-color-5)","background-image":"","background-repeat":"repeat","background-position":"center center","background-size":"auto","background-attachment":"scroll","background-type":"","background-media":"","overlay-type":"","overlay-color":"","overlay-opacity":"","overlay-gradient":""},"mobile":{"background-color":"var(--ast-global-color-5)","background-image":"","background-repeat":"repeat","background-position":"center center","background-size":"auto","background-attachment":"scroll","background-type":"","background-media":"","overlay-type":"","overlay-color":"","overlay-opacity":"","overlay-gradient":""}}},"product_brand":[],"product_cat":[34,43],"product_tag":[],"class_list":{"0":"post-4271","1":"product","2":"type-product","3":"status-publish","4":"has-post-thumbnail","6":"product_cat-nail","7":"product_cat-rigging-hardware","8":"desktop-align-left","9":"tablet-align-left","10":"mobile-align-left","11":"ast-product-gallery-layout-horizontal-slider","12":"ast-product-tabs-layout-horizontal","14":"first","15":"instock","16":"shipping-taxable","17":"purchasable","18":"product-type-simple"},"yoast_head":"<!-- This site is optimized with the Yoast SEO plugin v25.2 - https:\/\/yoast.com\/wordpress\/plugins\/seo\/ -->\n<title>Stainless Steel Coil Nail<\/title>\n<meta name=\"description\" content=\"Stainless steel coil nails are a reliable choice for demanding applications that require strong, long-lasting fasteners with corrosion resistance.\" \/>\n<meta name=\"robots\" content=\"index, follow, max-snippet:-1, max-image-preview:large, max-video-preview:-1\" \/>\n<link rel=\"canonical\" href=\"https:\/\/qingdaohf.com\/ro\/produs\/otel-inoxidabil-bobina-cui\/\" \/>\n<meta property=\"og:locale\" content=\"ro_RO\" \/>\n<meta property=\"og:type\" content=\"article\" \/>\n<meta property=\"og:title\" content=\"Stainless Steel Coil Nail\" \/>\n<meta property=\"og:description\" content=\"Stainless steel coil nails are a reliable choice for demanding applications that require strong, long-lasting fasteners with corrosion resistance.\" \/>\n<meta property=\"og:url\" content=\"https:\/\/qingdaohf.com\/ro\/produs\/otel-inoxidabil-bobina-cui\/\" \/>\n<meta property=\"og:site_name\" content=\"Concrete Form &amp; Rigging Hardware Supplier\" \/>\n<meta property=\"article:publisher\" content=\"https:\/\/www.facebook.com\/qingdaohf\" \/>\n<meta property=\"article:modified_time\" content=\"2025-11-13T01:04:21+00:00\" \/>\n<meta property=\"og:image\" content=\"https:\/\/qingdaohf.com\/wp-content\/uploads\/2023\/06\/coil-nail-1.jpg\" \/>\n\t<meta property=\"og:image:width\" content=\"1000\" \/>\n\t<meta property=\"og:image:height\" content=\"1000\" \/>\n\t<meta property=\"og:image:type\" content=\"image\/jpeg\" \/>\n<meta name=\"twitter:card\" content=\"summary_large_image\" \/>\n<meta name=\"twitter:label1\" content=\"Timp estimat pentru citire\" \/>\n\t<meta name=\"twitter:data1\" content=\"2 minute\" \/>\n<script type=\"application\/ld+json\" class=\"yoast-schema-graph\">{\"@context\":\"https:\/\/schema.org\",\"@graph\":[{\"@type\":\"WebPage\",\"@id\":\"https:\/\/qingdaohf.com\/product\/stainless-steel-coil-nail\/\",\"url\":\"https:\/\/qingdaohf.com\/product\/stainless-steel-coil-nail\/\",\"name\":\"Stainless Steel Coil Nail\",\"isPartOf\":{\"@id\":\"https:\/\/qingdaohf.com\/bg\/#website\"},\"primaryImageOfPage\":{\"@id\":\"https:\/\/qingdaohf.com\/product\/stainless-steel-coil-nail\/#primaryimage\"},\"image\":{\"@id\":\"https:\/\/qingdaohf.com\/product\/stainless-steel-coil-nail\/#primaryimage\"},\"thumbnailUrl\":\"https:\/\/qingdaohf.com\/wp-content\/uploads\/2023\/06\/coil-nail-1.jpg\",\"datePublished\":\"2023-06-01T09:48:40+00:00\",\"dateModified\":\"2025-11-13T01:04:21+00:00\",\"description\":\"Stainless steel coil nails are a reliable choice for demanding applications that require strong, long-lasting fasteners with corrosion resistance.\",\"breadcrumb\":{\"@id\":\"https:\/\/qingdaohf.com\/product\/stainless-steel-coil-nail\/#breadcrumb\"},\"inLanguage\":\"ro-RO\",\"potentialAction\":[{\"@type\":\"ReadAction\",\"target\":[\"https:\/\/qingdaohf.com\/product\/stainless-steel-coil-nail\/\"]}]},{\"@type\":\"ImageObject\",\"inLanguage\":\"ro-RO\",\"@id\":\"https:\/\/qingdaohf.com\/product\/stainless-steel-coil-nail\/#primaryimage\",\"url\":\"https:\/\/qingdaohf.com\/wp-content\/uploads\/2023\/06\/coil-nail-1.jpg\",\"contentUrl\":\"https:\/\/qingdaohf.com\/wp-content\/uploads\/2023\/06\/coil-nail-1.jpg\",\"width\":1000,\"height\":1000,\"caption\":\"coil nail\"},{\"@type\":\"BreadcrumbList\",\"@id\":\"https:\/\/qingdaohf.com\/product\/stainless-steel-coil-nail\/#breadcrumb\",\"itemListElement\":[{\"@type\":\"ListItem\",\"position\":1,\"name\":\"Home\",\"item\":\"https:\/\/qingdaohf.com\/\"},{\"@type\":\"ListItem\",\"position\":2,\"name\":\"Concrete Forming Accessories and Rigging Hardware\",\"item\":\"https:\/\/qingdaohf.com\/bg\/?page_id=944\"},{\"@type\":\"ListItem\",\"position\":3,\"name\":\"Stainless Steel Coil Nail\"}]},{\"@type\":\"WebSite\",\"@id\":\"https:\/\/qingdaohf.com\/bg\/#website\",\"url\":\"https:\/\/qingdaohf.com\/bg\/\",\"name\":\"Concrete Form & Rigging Hardware Supplier\",\"description\":\"\",\"publisher\":{\"@id\":\"https:\/\/qingdaohf.com\/bg\/#organization\"},\"potentialAction\":[{\"@type\":\"SearchAction\",\"target\":{\"@type\":\"EntryPoint\",\"urlTemplate\":\"https:\/\/qingdaohf.com\/bg\/?s={search_term_string}\"},\"query-input\":{\"@type\":\"PropertyValueSpecification\",\"valueRequired\":true,\"valueName\":\"search_term_string\"}}],\"inLanguage\":\"ro-RO\"},{\"@type\":\"Organization\",\"@id\":\"https:\/\/qingdaohf.com\/bg\/#organization\",\"name\":\"Qingdao H&F\",\"url\":\"https:\/\/qingdaohf.com\/bg\/\",\"logo\":{\"@type\":\"ImageObject\",\"inLanguage\":\"ro-RO\",\"@id\":\"https:\/\/qingdaohf.com\/bg\/#\/schema\/logo\/image\/\",\"url\":\"https:\/\/qingdaohf.com\/wp-content\/uploads\/2022\/12\/cropped-HF-LOGO.png\",\"contentUrl\":\"https:\/\/qingdaohf.com\/wp-content\/uploads\/2022\/12\/cropped-HF-LOGO.png\",\"width\":391,\"height\":249,\"caption\":\"Qingdao H&F\"},\"image\":{\"@id\":\"https:\/\/qingdaohf.com\/bg\/#\/schema\/logo\/image\/\"},\"sameAs\":[\"https:\/\/www.facebook.com\/qingdaohf\"]}]}<\/script>\n<!-- \/ Yoast SEO plugin. -->","yoast_head_json":{"title":"Stainless Steel Coil Nail","description":"Stainless steel coil nails are a reliable choice for demanding applications that require strong, long-lasting fasteners with corrosion resistance.","robots":{"index":"index","follow":"follow","max-snippet":"max-snippet:-1","max-image-preview":"max-image-preview:large","max-video-preview":"max-video-preview:-1"},"canonical":"https:\/\/qingdaohf.com\/ro\/produs\/otel-inoxidabil-bobina-cui\/","og_locale":"ro_RO","og_type":"article","og_title":"Stainless Steel Coil Nail","og_description":"Stainless steel coil nails are a reliable choice for demanding applications that require strong, long-lasting fasteners with corrosion resistance.","og_url":"https:\/\/qingdaohf.com\/ro\/produs\/otel-inoxidabil-bobina-cui\/","og_site_name":"Concrete Form &amp; Rigging Hardware Supplier","article_publisher":"https:\/\/www.facebook.com\/qingdaohf","article_modified_time":"2025-11-13T01:04:21+00:00","og_image":[{"width":1000,"height":1000,"url":"https:\/\/qingdaohf.com\/wp-content\/uploads\/2023\/06\/coil-nail-1.jpg","type":"image\/jpeg"}],"twitter_card":"summary_large_image","twitter_misc":{"Timp estimat pentru citire":"2 minute"},"schema":{"@context":"https:\/\/schema.org","@graph":[{"@type":"WebPage","@id":"https:\/\/qingdaohf.com\/product\/stainless-steel-coil-nail\/","url":"https:\/\/qingdaohf.com\/product\/stainless-steel-coil-nail\/","name":"Stainless Steel Coil Nail","isPartOf":{"@id":"https:\/\/qingdaohf.com\/bg\/#website"},"primaryImageOfPage":{"@id":"https:\/\/qingdaohf.com\/product\/stainless-steel-coil-nail\/#primaryimage"},"image":{"@id":"https:\/\/qingdaohf.com\/product\/stainless-steel-coil-nail\/#primaryimage"},"thumbnailUrl":"https:\/\/qingdaohf.com\/wp-content\/uploads\/2023\/06\/coil-nail-1.jpg","datePublished":"2023-06-01T09:48:40+00:00","dateModified":"2025-11-13T01:04:21+00:00","description":"Stainless steel coil nails are a reliable choice for demanding applications that require strong, long-lasting fasteners with corrosion resistance.","breadcrumb":{"@id":"https:\/\/qingdaohf.com\/product\/stainless-steel-coil-nail\/#breadcrumb"},"inLanguage":"ro-RO","potentialAction":[{"@type":"ReadAction","target":["https:\/\/qingdaohf.com\/product\/stainless-steel-coil-nail\/"]}]},{"@type":"ImageObject","inLanguage":"ro-RO","@id":"https:\/\/qingdaohf.com\/product\/stainless-steel-coil-nail\/#primaryimage","url":"https:\/\/qingdaohf.com\/wp-content\/uploads\/2023\/06\/coil-nail-1.jpg","contentUrl":"https:\/\/qingdaohf.com\/wp-content\/uploads\/2023\/06\/coil-nail-1.jpg","width":1000,"height":1000,"caption":"coil nail"},{"@type":"BreadcrumbList","@id":"https:\/\/qingdaohf.com\/product\/stainless-steel-coil-nail\/#breadcrumb","itemListElement":[{"@type":"ListItem","position":1,"name":"Home","item":"https:\/\/qingdaohf.com\/"},{"@type":"ListItem","position":2,"name":"Concrete Forming Accessories and Rigging Hardware","item":"https:\/\/qingdaohf.com\/bg\/?page_id=944"},{"@type":"ListItem","position":3,"name":"Stainless Steel Coil Nail"}]},{"@type":"WebSite","@id":"https:\/\/qingdaohf.com\/bg\/#website","url":"https:\/\/qingdaohf.com\/bg\/","name":"Concrete Form & Rigging Hardware Supplier","description":"","publisher":{"@id":"https:\/\/qingdaohf.com\/bg\/#organization"},"potentialAction":[{"@type":"SearchAction","target":{"@type":"EntryPoint","urlTemplate":"https:\/\/qingdaohf.com\/bg\/?s={search_term_string}"},"query-input":{"@type":"PropertyValueSpecification","valueRequired":true,"valueName":"search_term_string"}}],"inLanguage":"ro-RO"},{"@type":"Organization","@id":"https:\/\/qingdaohf.com\/bg\/#organization","name":"Qingdao H&F","url":"https:\/\/qingdaohf.com\/bg\/","logo":{"@type":"ImageObject","inLanguage":"ro-RO","@id":"https:\/\/qingdaohf.com\/bg\/#\/schema\/logo\/image\/","url":"https:\/\/qingdaohf.com\/wp-content\/uploads\/2022\/12\/cropped-HF-LOGO.png","contentUrl":"https:\/\/qingdaohf.com\/wp-content\/uploads\/2022\/12\/cropped-HF-LOGO.png","width":391,"height":249,"caption":"Qingdao H&F"},"image":{"@id":"https:\/\/qingdaohf.com\/bg\/#\/schema\/logo\/image\/"},"sameAs":["https:\/\/www.facebook.com\/qingdaohf"]}]}},"_links":{"self":[{"href":"https:\/\/qingdaohf.com\/ro\/wp-json\/wp\/v2\/product\/4271","targetHints":{"allow":["GET"]}}],"collection":[{"href":"https:\/\/qingdaohf.com\/ro\/wp-json\/wp\/v2\/product"}],"about":[{"href":"https:\/\/qingdaohf.com\/ro\/wp-json\/wp\/v2\/types\/product"}],"replies":[{"embeddable":true,"href":"https:\/\/qingdaohf.com\/ro\/wp-json\/wp\/v2\/comments?post=4271"}],"version-history":[{"count":1,"href":"https:\/\/qingdaohf.com\/ro\/wp-json\/wp\/v2\/product\/4271\/revisions"}],"predecessor-version":[{"id":10418,"href":"https:\/\/qingdaohf.com\/ro\/wp-json\/wp\/v2\/product\/4271\/revisions\/10418"}],"wp:featuredmedia":[{"embeddable":true,"href":"https:\/\/qingdaohf.com\/ro\/wp-json\/wp\/v2\/media\/4272"}],"wp:attachment":[{"href":"https:\/\/qingdaohf.com\/ro\/wp-json\/wp\/v2\/media?parent=4271"}],"wp:term":[{"taxonomy":"product_brand","embeddable":true,"href":"https:\/\/qingdaohf.com\/ro\/wp-json\/wp\/v2\/product_brand?post=4271"},{"taxonomy":"product_cat","embeddable":true,"href":"https:\/\/qingdaohf.com\/ro\/wp-json\/wp\/v2\/product_cat?post=4271"},{"taxonomy":"product_tag","embeddable":true,"href":"https:\/\/qingdaohf.com\/ro\/wp-json\/wp\/v2\/product_tag?post=4271"}],"curies":[{"name":"wp","href":"https:\/\/api.w.org\/{rel}","templated":true}]}}