{"id":4275,"date":"2023-06-01T18:03:32","date_gmt":"2023-06-01T10:03:32","guid":{"rendered":"http:\/\/qingdaohf.com\/?post_type=product&#038;p=4275"},"modified":"2025-11-13T09:04:04","modified_gmt":"2025-11-13T01:04:04","slug":"plastic-strip-nail","status":"publish","type":"product","link":"https:\/\/qingdaohf.com\/ro\/produs\/unghii-cu-banda-de-plastic\/","title":{"rendered":"Band\u0103 de plastic Nail"},"content":{"rendered":"<ol>\n<li>Material: Cuiele cu band\u0103 din plastic sunt de obicei fabricate din materiale plastice durabile de \u00eenalt\u0103 calitate, cum ar fi polietilena sau policarbonatul. Aceste materiale ofer\u0103 mai multe avantaje, inclusiv rezisten\u021b\u0103 la rugin\u0103, coroziune \u0219i substan\u021be chimice. Cuiele cu band\u0103 din plastic sunt potrivite \u00een special pentru aplica\u021bii \u00een care cuiele metalice pot cauza pete sau pot reac\u021biona cu anumite materiale.<\/li>\n<li>Configura\u021bie \u00een band\u0103: Spre deosebire de cuiele individuale \u00een vrac sau de cuiele spiralate, cuiele din benzi de plastic sunt conectate \u00eentre ele \u00een forma unei benzi sau benzi. Aceast\u0103 configura\u021bie \u00een band\u0103 permite \u00eenc\u0103rcarea u\u0219oar\u0103 \u00een pistoalele de cuie \u0219i faciliteaz\u0103 tragerea rapid\u0103 \u0219i continu\u0103, reduc\u00e2nd timpii mor\u021bi pentru re\u00eenc\u0103rcare. Cuiele sunt distan\u021bate uniform pe band\u0103 \u0219i \u021binute \u00eempreun\u0103 de o band\u0103 din plastic flexibil sau de adeziv.<\/li>\n<li>V\u00e2rf \u0219i tij\u0103: Cuiele cu band\u0103 din plastic au, de obicei, un v\u00e2rf ascu\u021bit \u00een form\u0103 de diamant sau dalt\u0103 pentru o inser\u021bie precis\u0103 \u00een diverse materiale. Tija (corpul) cuiului este de obicei neted\u0103 sau u\u0219or texturat\u0103 pentru a oferi suficient\u0103 aderen\u021b\u0103 \u0219i putere de fixare.<\/li>\n<li>Dimensiuni \u0219i aplica\u021bii: Cuiele cu band\u0103 din plastic sunt disponibile \u00een diferite lungimi, diametre \u0219i calibre pentru a se potrivi diferitelor aplica\u021bii. Acestea sunt utilizate \u00een mod obi\u0219nuit \u00een construc\u021bii pentru \u00eencadrare, \u00eenvelitori, terase, siding \u0219i lucr\u0103ri generale de t\u00e2mpl\u0103rie. Cuiele din plastic sunt, de asemenea, potrivite pentru aplica\u021bii \u00een care sunt necesare elemente de fixare nemetalice, cum ar fi \u00een instala\u021biile electrice sau sanitare.<\/li>\n<li>Versatilitate: Cuiele cu band\u0103 din plastic pot fi utilizate cu majoritatea pistoalelor de b\u0103tut cuie pneumatice sau f\u0103r\u0103 fir care sunt compatibile cu cuiele cu band\u0103. Aceste pistoale de b\u0103tut cuie sunt concepute pentru a \u00eenfige eficient cuiele \u00een material, ceea ce le face ideale pentru proiecte de volum mare \u0219i reduce efortul manual.<\/li>\n<li>Reducerea despic\u0103turilor \u0219i a deterior\u0103rilor: Materialul plastic utilizat \u00een cuiele cu band\u0103 ofer\u0103 unele avantaje fa\u021b\u0103 de cuiele metalice, \u00een special \u00een cazul materialelor delicate sau fragile. Cuiele cu band\u0103 din plastic sunt mai pu\u021bin susceptibile de a provoca despic\u0103turi, cr\u0103p\u0103turi sau deterior\u0103ri ale materialului care este fixat, ceea ce le face o alegere preferat\u0103 pentru aplica\u021biile \u00een care p\u0103strarea integrit\u0103\u021bii piesei de prelucrat este esen\u021bial\u0103.<\/li>\n<li>Ecologic: Cuiele cu band\u0103 din plastic sunt adesea considerate mai ecologice \u00een compara\u021bie cu cuiele metalice. Plasticul este reciclabil \u0219i poate fi reutilizat sau recondi\u021bionat, oferind o alternativ\u0103 durabil\u0103 la elementele de fixare metalice tradi\u021bionale.\n<div class=\"ast-oembed-container\" style=\"height: 100%;\"><iframe title=\"cuie de \u00eencadrare hardware cuie de plastic cu band\u0103 de 21 de grade\" width=\"500\" height=\"281\" src=\"https:\/\/www.youtube.com\/embed\/Y3yTImnWLqU?feature=oembed\" frameborder=\"0\" allow=\"accelerometer; autoplay; clipboard-write; encrypted-media; gyroscope; picture-in-picture; web-share\" referrerpolicy=\"strict-origin-when-cross-origin\" allowfullscreen><\/iframe><\/div>\n<\/li>\n<\/ol>","protected":false},"excerpt":{"rendered":"<p>Cuiele cu band\u0103 din plastic ofer\u0103 o solu\u021bie de fixare fiabil\u0103 \u0219i convenabil\u0103 pentru o gam\u0103 larg\u0103 de aplica\u021bii. Configura\u021bia lor \u00een band\u0103, compatibilitatea cu pistoalele de b\u0103tut cuie \u0219i versatilitatea le fac populare printre profesioni\u0219tii din industria construc\u021biilor \u0219i a prelucr\u0103rii lemnului. \u00cen plus, compozi\u021bia lor nemetalic\u0103 \u0219i riscul redus de deteriorare a materialelor le fac potrivite pentru aplica\u021bii specializate \u00een care cuiele metalice nu pot fi ideale.<\/p>","protected":false},"featured_media":4276,"comment_status":"open","ping_status":"closed","template":"","meta":{"site-sidebar-layout":"default","site-content-layout":"default","ast-site-content-layout":"","site-content-style":"default","site-sidebar-style":"default","ast-global-header-display":"","ast-banner-title-visibility":"","ast-main-header-display":"","ast-hfb-above-header-display":"","ast-hfb-below-header-display":"","ast-hfb-mobile-header-display":"","site-post-title":"","ast-breadcrumbs-content":"","ast-featured-img":"","footer-sml-layout":"","theme-transparent-header-meta":"default","adv-header-id-meta":"","stick-header-meta":"default","header-above-stick-meta":"","header-main-stick-meta":"","header-below-stick-meta":"","astra-migrate-meta-layouts":"default","ast-page-background-enabled":"default","ast-page-background-meta":{"desktop":{"background-color":"","background-image":"","background-repeat":"repeat","background-position":"center center","background-size":"auto","background-attachment":"scroll","background-type":"","background-media":"","overlay-type":"","overlay-color":"","overlay-opacity":"","overlay-gradient":""},"tablet":{"background-color":"","background-image":"","background-repeat":"repeat","background-position":"center center","background-size":"auto","background-attachment":"scroll","background-type":"","background-media":"","overlay-type":"","overlay-color":"","overlay-opacity":"","overlay-gradient":""},"mobile":{"background-color":"","background-image":"","background-repeat":"repeat","background-position":"center center","background-size":"auto","background-attachment":"scroll","background-type":"","background-media":"","overlay-type":"","overlay-color":"","overlay-opacity":"","overlay-gradient":""}},"ast-content-background-meta":{"desktop":{"background-color":"var(--ast-global-color-5)","background-image":"","background-repeat":"repeat","background-position":"center center","background-size":"auto","background-attachment":"scroll","background-type":"","background-media":"","overlay-type":"","overlay-color":"","overlay-opacity":"","overlay-gradient":""},"tablet":{"background-color":"var(--ast-global-color-5)","background-image":"","background-repeat":"repeat","background-position":"center center","background-size":"auto","background-attachment":"scroll","background-type":"","background-media":"","overlay-type":"","overlay-color":"","overlay-opacity":"","overlay-gradient":""},"mobile":{"background-color":"var(--ast-global-color-5)","background-image":"","background-repeat":"repeat","background-position":"center center","background-size":"auto","background-attachment":"scroll","background-type":"","background-media":"","overlay-type":"","overlay-color":"","overlay-opacity":"","overlay-gradient":""}}},"product_brand":[],"product_cat":[34,43],"product_tag":[],"class_list":{"0":"post-4275","1":"product","2":"type-product","3":"status-publish","4":"has-post-thumbnail","6":"product_cat-nail","7":"product_cat-rigging-hardware","8":"desktop-align-left","9":"tablet-align-left","10":"mobile-align-left","11":"ast-product-gallery-layout-horizontal-slider","12":"ast-product-tabs-layout-horizontal","14":"first","15":"instock","16":"shipping-taxable","17":"purchasable","18":"product-type-simple"},"yoast_head":"<!-- This site is optimized with the Yoast SEO plugin v25.2 - https:\/\/yoast.com\/wordpress\/plugins\/seo\/ -->\n<title>Plastic Strip Nail<\/title>\n<meta name=\"description\" content=\"Plastic strip nails provide a reliable and convenient fastening solution for a wide range of applications.\" \/>\n<meta name=\"robots\" content=\"index, follow, max-snippet:-1, max-image-preview:large, max-video-preview:-1\" \/>\n<link rel=\"canonical\" href=\"https:\/\/qingdaohf.com\/ro\/produs\/unghii-cu-banda-de-plastic\/\" \/>\n<meta property=\"og:locale\" content=\"ro_RO\" \/>\n<meta property=\"og:type\" content=\"article\" \/>\n<meta property=\"og:title\" content=\"Plastic Strip Nail\" \/>\n<meta property=\"og:description\" content=\"Plastic strip nails provide a reliable and convenient fastening solution for a wide range of applications.\" \/>\n<meta property=\"og:url\" content=\"https:\/\/qingdaohf.com\/ro\/produs\/unghii-cu-banda-de-plastic\/\" \/>\n<meta property=\"og:site_name\" content=\"Concrete Form &amp; Rigging Hardware Supplier\" \/>\n<meta property=\"article:publisher\" content=\"https:\/\/www.facebook.com\/qingdaohf\" \/>\n<meta property=\"article:modified_time\" content=\"2025-11-13T01:04:04+00:00\" \/>\n<meta property=\"og:image\" content=\"https:\/\/qingdaohf.com\/wp-content\/uploads\/2023\/06\/plastic-nail-1.jpg\" \/>\n\t<meta property=\"og:image:width\" content=\"1000\" \/>\n\t<meta property=\"og:image:height\" content=\"1000\" \/>\n\t<meta property=\"og:image:type\" content=\"image\/jpeg\" \/>\n<meta name=\"twitter:card\" content=\"summary_large_image\" \/>\n<meta name=\"twitter:label1\" content=\"Timp estimat pentru citire\" \/>\n\t<meta name=\"twitter:data1\" content=\"2 minute\" \/>\n<script type=\"application\/ld+json\" class=\"yoast-schema-graph\">{\"@context\":\"https:\/\/schema.org\",\"@graph\":[{\"@type\":\"WebPage\",\"@id\":\"https:\/\/qingdaohf.com\/product\/plastic-strip-nail\/\",\"url\":\"https:\/\/qingdaohf.com\/product\/plastic-strip-nail\/\",\"name\":\"Plastic Strip Nail\",\"isPartOf\":{\"@id\":\"https:\/\/qingdaohf.com\/bg\/#website\"},\"primaryImageOfPage\":{\"@id\":\"https:\/\/qingdaohf.com\/product\/plastic-strip-nail\/#primaryimage\"},\"image\":{\"@id\":\"https:\/\/qingdaohf.com\/product\/plastic-strip-nail\/#primaryimage\"},\"thumbnailUrl\":\"https:\/\/qingdaohf.com\/wp-content\/uploads\/2023\/06\/plastic-nail-1.jpg\",\"datePublished\":\"2023-06-01T10:03:32+00:00\",\"dateModified\":\"2025-11-13T01:04:04+00:00\",\"description\":\"Plastic strip nails provide a reliable and convenient fastening solution for a wide range of applications.\",\"breadcrumb\":{\"@id\":\"https:\/\/qingdaohf.com\/product\/plastic-strip-nail\/#breadcrumb\"},\"inLanguage\":\"ro-RO\",\"potentialAction\":[{\"@type\":\"ReadAction\",\"target\":[\"https:\/\/qingdaohf.com\/product\/plastic-strip-nail\/\"]}]},{\"@type\":\"ImageObject\",\"inLanguage\":\"ro-RO\",\"@id\":\"https:\/\/qingdaohf.com\/product\/plastic-strip-nail\/#primaryimage\",\"url\":\"https:\/\/qingdaohf.com\/wp-content\/uploads\/2023\/06\/plastic-nail-1.jpg\",\"contentUrl\":\"https:\/\/qingdaohf.com\/wp-content\/uploads\/2023\/06\/plastic-nail-1.jpg\",\"width\":1000,\"height\":1000,\"caption\":\"plastic strip nail\"},{\"@type\":\"BreadcrumbList\",\"@id\":\"https:\/\/qingdaohf.com\/product\/plastic-strip-nail\/#breadcrumb\",\"itemListElement\":[{\"@type\":\"ListItem\",\"position\":1,\"name\":\"Home\",\"item\":\"https:\/\/qingdaohf.com\/\"},{\"@type\":\"ListItem\",\"position\":2,\"name\":\"Concrete Forming Accessories and Rigging Hardware\",\"item\":\"https:\/\/qingdaohf.com\/bg\/?page_id=944\"},{\"@type\":\"ListItem\",\"position\":3,\"name\":\"Plastic Strip Nail\"}]},{\"@type\":\"WebSite\",\"@id\":\"https:\/\/qingdaohf.com\/bg\/#website\",\"url\":\"https:\/\/qingdaohf.com\/bg\/\",\"name\":\"Concrete Form & Rigging Hardware Supplier\",\"description\":\"\",\"publisher\":{\"@id\":\"https:\/\/qingdaohf.com\/bg\/#organization\"},\"potentialAction\":[{\"@type\":\"SearchAction\",\"target\":{\"@type\":\"EntryPoint\",\"urlTemplate\":\"https:\/\/qingdaohf.com\/bg\/?s={search_term_string}\"},\"query-input\":{\"@type\":\"PropertyValueSpecification\",\"valueRequired\":true,\"valueName\":\"search_term_string\"}}],\"inLanguage\":\"ro-RO\"},{\"@type\":\"Organization\",\"@id\":\"https:\/\/qingdaohf.com\/bg\/#organization\",\"name\":\"Qingdao H&F\",\"url\":\"https:\/\/qingdaohf.com\/bg\/\",\"logo\":{\"@type\":\"ImageObject\",\"inLanguage\":\"ro-RO\",\"@id\":\"https:\/\/qingdaohf.com\/bg\/#\/schema\/logo\/image\/\",\"url\":\"https:\/\/qingdaohf.com\/wp-content\/uploads\/2022\/12\/cropped-HF-LOGO.png\",\"contentUrl\":\"https:\/\/qingdaohf.com\/wp-content\/uploads\/2022\/12\/cropped-HF-LOGO.png\",\"width\":391,\"height\":249,\"caption\":\"Qingdao H&F\"},\"image\":{\"@id\":\"https:\/\/qingdaohf.com\/bg\/#\/schema\/logo\/image\/\"},\"sameAs\":[\"https:\/\/www.facebook.com\/qingdaohf\"]}]}<\/script>\n<!-- \/ Yoast SEO plugin. -->","yoast_head_json":{"title":"Plastic Strip Nail","description":"Plastic strip nails provide a reliable and convenient fastening solution for a wide range of applications.","robots":{"index":"index","follow":"follow","max-snippet":"max-snippet:-1","max-image-preview":"max-image-preview:large","max-video-preview":"max-video-preview:-1"},"canonical":"https:\/\/qingdaohf.com\/ro\/produs\/unghii-cu-banda-de-plastic\/","og_locale":"ro_RO","og_type":"article","og_title":"Plastic Strip Nail","og_description":"Plastic strip nails provide a reliable and convenient fastening solution for a wide range of applications.","og_url":"https:\/\/qingdaohf.com\/ro\/produs\/unghii-cu-banda-de-plastic\/","og_site_name":"Concrete Form &amp; Rigging Hardware Supplier","article_publisher":"https:\/\/www.facebook.com\/qingdaohf","article_modified_time":"2025-11-13T01:04:04+00:00","og_image":[{"width":1000,"height":1000,"url":"https:\/\/qingdaohf.com\/wp-content\/uploads\/2023\/06\/plastic-nail-1.jpg","type":"image\/jpeg"}],"twitter_card":"summary_large_image","twitter_misc":{"Timp estimat pentru citire":"2 minute"},"schema":{"@context":"https:\/\/schema.org","@graph":[{"@type":"WebPage","@id":"https:\/\/qingdaohf.com\/product\/plastic-strip-nail\/","url":"https:\/\/qingdaohf.com\/product\/plastic-strip-nail\/","name":"Plastic Strip Nail","isPartOf":{"@id":"https:\/\/qingdaohf.com\/bg\/#website"},"primaryImageOfPage":{"@id":"https:\/\/qingdaohf.com\/product\/plastic-strip-nail\/#primaryimage"},"image":{"@id":"https:\/\/qingdaohf.com\/product\/plastic-strip-nail\/#primaryimage"},"thumbnailUrl":"https:\/\/qingdaohf.com\/wp-content\/uploads\/2023\/06\/plastic-nail-1.jpg","datePublished":"2023-06-01T10:03:32+00:00","dateModified":"2025-11-13T01:04:04+00:00","description":"Plastic strip nails provide a reliable and convenient fastening solution for a wide range of applications.","breadcrumb":{"@id":"https:\/\/qingdaohf.com\/product\/plastic-strip-nail\/#breadcrumb"},"inLanguage":"ro-RO","potentialAction":[{"@type":"ReadAction","target":["https:\/\/qingdaohf.com\/product\/plastic-strip-nail\/"]}]},{"@type":"ImageObject","inLanguage":"ro-RO","@id":"https:\/\/qingdaohf.com\/product\/plastic-strip-nail\/#primaryimage","url":"https:\/\/qingdaohf.com\/wp-content\/uploads\/2023\/06\/plastic-nail-1.jpg","contentUrl":"https:\/\/qingdaohf.com\/wp-content\/uploads\/2023\/06\/plastic-nail-1.jpg","width":1000,"height":1000,"caption":"plastic strip nail"},{"@type":"BreadcrumbList","@id":"https:\/\/qingdaohf.com\/product\/plastic-strip-nail\/#breadcrumb","itemListElement":[{"@type":"ListItem","position":1,"name":"Home","item":"https:\/\/qingdaohf.com\/"},{"@type":"ListItem","position":2,"name":"Concrete Forming Accessories and Rigging Hardware","item":"https:\/\/qingdaohf.com\/bg\/?page_id=944"},{"@type":"ListItem","position":3,"name":"Plastic Strip Nail"}]},{"@type":"WebSite","@id":"https:\/\/qingdaohf.com\/bg\/#website","url":"https:\/\/qingdaohf.com\/bg\/","name":"Concrete Form & Rigging Hardware Supplier","description":"","publisher":{"@id":"https:\/\/qingdaohf.com\/bg\/#organization"},"potentialAction":[{"@type":"SearchAction","target":{"@type":"EntryPoint","urlTemplate":"https:\/\/qingdaohf.com\/bg\/?s={search_term_string}"},"query-input":{"@type":"PropertyValueSpecification","valueRequired":true,"valueName":"search_term_string"}}],"inLanguage":"ro-RO"},{"@type":"Organization","@id":"https:\/\/qingdaohf.com\/bg\/#organization","name":"Qingdao H&F","url":"https:\/\/qingdaohf.com\/bg\/","logo":{"@type":"ImageObject","inLanguage":"ro-RO","@id":"https:\/\/qingdaohf.com\/bg\/#\/schema\/logo\/image\/","url":"https:\/\/qingdaohf.com\/wp-content\/uploads\/2022\/12\/cropped-HF-LOGO.png","contentUrl":"https:\/\/qingdaohf.com\/wp-content\/uploads\/2022\/12\/cropped-HF-LOGO.png","width":391,"height":249,"caption":"Qingdao H&F"},"image":{"@id":"https:\/\/qingdaohf.com\/bg\/#\/schema\/logo\/image\/"},"sameAs":["https:\/\/www.facebook.com\/qingdaohf"]}]}},"_links":{"self":[{"href":"https:\/\/qingdaohf.com\/ro\/wp-json\/wp\/v2\/product\/4275","targetHints":{"allow":["GET"]}}],"collection":[{"href":"https:\/\/qingdaohf.com\/ro\/wp-json\/wp\/v2\/product"}],"about":[{"href":"https:\/\/qingdaohf.com\/ro\/wp-json\/wp\/v2\/types\/product"}],"replies":[{"embeddable":true,"href":"https:\/\/qingdaohf.com\/ro\/wp-json\/wp\/v2\/comments?post=4275"}],"version-history":[{"count":1,"href":"https:\/\/qingdaohf.com\/ro\/wp-json\/wp\/v2\/product\/4275\/revisions"}],"predecessor-version":[{"id":10417,"href":"https:\/\/qingdaohf.com\/ro\/wp-json\/wp\/v2\/product\/4275\/revisions\/10417"}],"wp:featuredmedia":[{"embeddable":true,"href":"https:\/\/qingdaohf.com\/ro\/wp-json\/wp\/v2\/media\/4276"}],"wp:attachment":[{"href":"https:\/\/qingdaohf.com\/ro\/wp-json\/wp\/v2\/media?parent=4275"}],"wp:term":[{"taxonomy":"product_brand","embeddable":true,"href":"https:\/\/qingdaohf.com\/ro\/wp-json\/wp\/v2\/product_brand?post=4275"},{"taxonomy":"product_cat","embeddable":true,"href":"https:\/\/qingdaohf.com\/ro\/wp-json\/wp\/v2\/product_cat?post=4275"},{"taxonomy":"product_tag","embeddable":true,"href":"https:\/\/qingdaohf.com\/ro\/wp-json\/wp\/v2\/product_tag?post=4275"}],"curies":[{"name":"wp","href":"https:\/\/api.w.org\/{rel}","templated":true}]}}