{"id":4534,"date":"2023-06-20T14:39:39","date_gmt":"2023-06-20T06:39:39","guid":{"rendered":"http:\/\/qingdaohf.com\/?post_type=product&#038;p=4534"},"modified":"2025-11-13T09:04:03","modified_gmt":"2025-11-13T01:04:03","slug":"steel-studded-t-post","status":"publish","type":"product","link":"https:\/\/qingdaohf.com\/ro\/produs\/stalp-t-cu-crampoane-din-otel\/","title":{"rendered":"O\u021bel Studded T Post"},"content":{"rendered":"<div class=\"ast-oembed-container\" style=\"height: 100%;\"><iframe title=\"Tip american Steel Studded T Post\" width=\"500\" height=\"281\" src=\"https:\/\/www.youtube.com\/embed\/irpqY2CorrA?feature=oembed\" frameborder=\"0\" allow=\"accelerometer; autoplay; clipboard-write; encrypted-media; gyroscope; picture-in-picture; web-share\" referrerpolicy=\"strict-origin-when-cross-origin\" allowfullscreen><\/iframe><\/div>\n<p>Ace\u0219ti st\u00e2lpi sunt de obicei fabrica\u021bi din o\u021bel de \u00eenalt\u0103 calitate, asigur\u00e2nd durabilitatea \u0219i performan\u021ba de lung\u0103 durat\u0103 \u00een medii exterioare. Construc\u021bia din o\u021bel le face rezistente la rugin\u0103, coroziune \u0219i alte forme de intemperii, ceea ce le face potrivite pentru utilizare \u00een diferite clime.<\/p>\n<p>St\u00e2lpul T din o\u021bel cu crampoane prezint\u0103 crampoane sau crest\u0103turi de-a lungul lungimii sale, amplasate strategic pentru a spori rezisten\u021ba st\u00e2lpului \u0219i pentru a oferi aderen\u021b\u0103 suplimentar\u0103 atunci c\u00e2nd este \u00eenfipt \u00een p\u0103m\u00e2nt. Aceste crampoane ajut\u0103 la prevenirea rotirii sau deplas\u0103rii st\u00e2lpului odat\u0103 instalat, asigur\u00e2nd un gard sau o structur\u0103 de sprijin sigur\u0103 \u0219i fiabil\u0103.<\/p>\n<p>Una dintre aplica\u021biile principale ale st\u00e2lpului T cu crampoane din o\u021bel este \u00een sistemele de garduri. Acestea sunt utilizate \u00een mod obi\u0219nuit pentru a sus\u021bine plasa metalic\u0103, s\u00e2rma ghimpat\u0103, gardurile electrice \u0219i alte tipuri de materiale de \u00eemprejmuire. Designul \u00een form\u0103 de T le face u\u0219or de instalat prin simpla \u00eenfigere \u00een p\u0103m\u00e2nt cu ajutorul uneltelor manuale sau mecanice. Ele ofer\u0103 o stabilitate excelent\u0103 \u0219i ajut\u0103 la men\u021binerea integrit\u0103\u021bii gardului chiar \u0219i sub tensiune sau presiune.<\/p>\n<p>St\u00e2lpii T din o\u021bel cu crampoane sunt, de asemenea, utiliza\u021bi \u00een agricultur\u0103 pentru o varietate de scopuri. Acestea sunt adesea folosite ca st\u00e2lpi de sus\u021binere pentru spaliere, sisteme de formare a plantelor \u0219i podgorii. \u00cen plus, acestea pot servi ca marcaje pentru r\u00e2ndurile de culturi, permi\u021b\u00e2nd fermierilor s\u0103 men\u021bin\u0103 distan\u021ba \u0219i organizarea corespunz\u0103toare.<\/p>\n<p>Ace\u0219ti st\u00e2lpi sunt disponibili \u00een diferite dimensiuni \u0219i lungimi pentru a se potrivi diferitelor aplica\u021bii \u0219i cerin\u021be de instalare. Dimensiunile obi\u0219nuite variaz\u0103 de la 5 la 8 picioare \u00een lungime, sec\u021biunea cu crampoane ocup\u00e2nd de obicei partea superioar\u0103 a st\u00e2lpului. Cap\u0103tul inferior este de obicei proiectat cu un v\u00e2rf ascu\u021bit sau o plac\u0103 pentru o penetrare mai u\u0219oar\u0103 \u00een sol.<\/p>\n<h2>\u00centreb\u0103ri frecvente despre Steel Studded T Post<\/h2>\n<p>Q1: C\u00e2t dureaz\u0103 s\u0103 primi\u021bi e\u0219antioane gratuite de st\u00e2lpi T din o\u021bel?<\/p>\n<p>A1: Oferim e\u0219antioane gratuite pentru st\u00e2lpul nostru T din o\u021bel \u0219i ne propunem s\u0103 le expediem \u00een termen de 7 zile de la primirea cererii.<\/p>\n<p>Q2: St\u00e2lpul T din o\u021bel poate fi personalizat pentru a \u00eendeplini cerin\u021be specifice?<\/p>\n<p>A2: Da, st\u00e2lpul nostru T din o\u021bel cu crampoane suport\u0103 personalizarea. Ne putem adapta la dimensiuni specifice, lungime sau alte cereri de personalizare \u00een func\u021bie de nevoile dvs.<\/p>\n<p>Q3: Cum pot lua leg\u0103tura cu echipa dumneavoastr\u0103 de servicii pentru clien\u021bi?<\/p>\n<p>A3: Oferim servicii personalizate pentru clien\u021bi. Ne pute\u021bi contacta \u00een orice moment prin e-mail sau telefon, iar echipa noastr\u0103 dedicat\u0103 va fi bucuroas\u0103 s\u0103 v\u0103 ajute.<\/p>\n<p>Q4: Ave\u021bi o cantitate minim\u0103 de comand\u0103 (MOQ) pentru Steel Studded T Post?<\/p>\n<p>A4: Nu avem un MOQ specific pentru st\u00e2lpul T cu crampoane din o\u021bel. Pute\u021bi plasa o comand\u0103 \u00een func\u021bie de cerin\u021bele dvs., fie c\u0103 este vorba de o cantitate mic\u0103 sau mare.<\/p>\n<p>\u00ce5: Ce materiale sunt utilizate la construc\u021bia st\u00e2lpului T cu crampoane de o\u021bel?<\/p>\n<p>A5: St\u00e2lpul T din o\u021bel cu crampoane este fabricat din o\u021bel de \u00eenalt\u0103 calitate, asigur\u00e2nd durabilitate, rezisten\u021b\u0103 \u0219i rezisten\u021b\u0103 la rugin\u0103 \u0219i coroziune.<\/p>\n<p>&nbsp;<\/p>","protected":false},"excerpt":{"rendered":"<p>St\u00e2lpul T din o\u021bel cu crampoane este un produs agricol \u0219i de \u00eemprejmuire utilizat \u00een mod obi\u0219nuit, conceput pentru a oferi suport solid \u0219i stabilitate pentru diverse aplica\u021bii. Este denumit dup\u0103 forma sa distinctiv\u0103 \"T\", care seam\u0103n\u0103 cu litera T.<\/p>","protected":false},"featured_media":4535,"comment_status":"open","ping_status":"closed","template":"","meta":{"site-sidebar-layout":"default","site-content-layout":"default","ast-site-content-layout":"","site-content-style":"default","site-sidebar-style":"default","ast-global-header-display":"","ast-banner-title-visibility":"","ast-main-header-display":"","ast-hfb-above-header-display":"","ast-hfb-below-header-display":"","ast-hfb-mobile-header-display":"","site-post-title":"","ast-breadcrumbs-content":"","ast-featured-img":"","footer-sml-layout":"","theme-transparent-header-meta":"default","adv-header-id-meta":"","stick-header-meta":"default","header-above-stick-meta":"","header-main-stick-meta":"","header-below-stick-meta":"","astra-migrate-meta-layouts":"default","ast-page-background-enabled":"default","ast-page-background-meta":{"desktop":{"background-color":"","background-image":"","background-repeat":"repeat","background-position":"center center","background-size":"auto","background-attachment":"scroll","background-type":"","background-media":"","overlay-type":"","overlay-color":"","overlay-opacity":"","overlay-gradient":""},"tablet":{"background-color":"","background-image":"","background-repeat":"repeat","background-position":"center center","background-size":"auto","background-attachment":"scroll","background-type":"","background-media":"","overlay-type":"","overlay-color":"","overlay-opacity":"","overlay-gradient":""},"mobile":{"background-color":"","background-image":"","background-repeat":"repeat","background-position":"center center","background-size":"auto","background-attachment":"scroll","background-type":"","background-media":"","overlay-type":"","overlay-color":"","overlay-opacity":"","overlay-gradient":""}},"ast-content-background-meta":{"desktop":{"background-color":"var(--ast-global-color-5)","background-image":"","background-repeat":"repeat","background-position":"center center","background-size":"auto","background-attachment":"scroll","background-type":"","background-media":"","overlay-type":"","overlay-color":"","overlay-opacity":"","overlay-gradient":""},"tablet":{"background-color":"var(--ast-global-color-5)","background-image":"","background-repeat":"repeat","background-position":"center center","background-size":"auto","background-attachment":"scroll","background-type":"","background-media":"","overlay-type":"","overlay-color":"","overlay-opacity":"","overlay-gradient":""},"mobile":{"background-color":"var(--ast-global-color-5)","background-image":"","background-repeat":"repeat","background-position":"center center","background-size":"auto","background-attachment":"scroll","background-type":"","background-media":"","overlay-type":"","overlay-color":"","overlay-opacity":"","overlay-gradient":""}}},"product_brand":[],"product_cat":[50],"product_tag":[],"class_list":{"0":"post-4534","1":"product","2":"type-product","3":"status-publish","4":"has-post-thumbnail","6":"product_cat-concrete-form-accessories","7":"desktop-align-left","8":"tablet-align-left","9":"mobile-align-left","10":"ast-product-gallery-layout-horizontal-slider","11":"ast-product-tabs-layout-horizontal","13":"first","14":"instock","15":"shipping-taxable","16":"purchasable","17":"product-type-simple"},"yoast_head":"<!-- This site is optimized with the Yoast SEO plugin v25.2 - https:\/\/yoast.com\/wordpress\/plugins\/seo\/ -->\n<title>Steel Studded T Post<\/title>\n<meta name=\"description\" content=\"The Steel Studded T Post is a commonly used agricultural and fencing product designed to provide sturdy support and stability for various applications.\" \/>\n<meta name=\"robots\" content=\"index, follow, max-snippet:-1, max-image-preview:large, max-video-preview:-1\" \/>\n<link rel=\"canonical\" href=\"https:\/\/qingdaohf.com\/ro\/produs\/stalp-t-cu-crampoane-din-otel\/\" \/>\n<meta property=\"og:locale\" content=\"ro_RO\" \/>\n<meta property=\"og:type\" content=\"article\" \/>\n<meta property=\"og:title\" content=\"Steel Studded T Post\" \/>\n<meta property=\"og:description\" content=\"The Steel Studded T Post is a commonly used agricultural and fencing product designed to provide sturdy support and stability for various applications.\" \/>\n<meta property=\"og:url\" content=\"https:\/\/qingdaohf.com\/ro\/produs\/stalp-t-cu-crampoane-din-otel\/\" \/>\n<meta property=\"og:site_name\" content=\"Concrete Form &amp; Rigging Hardware Supplier\" \/>\n<meta property=\"article:publisher\" content=\"https:\/\/www.facebook.com\/qingdaohf\" \/>\n<meta property=\"article:modified_time\" content=\"2025-11-13T01:04:03+00:00\" \/>\n<meta property=\"og:image\" content=\"https:\/\/qingdaohf.com\/wp-content\/uploads\/2023\/06\/Studded-T-Post-6.jpg\" \/>\n\t<meta property=\"og:image:width\" content=\"1000\" \/>\n\t<meta property=\"og:image:height\" content=\"1000\" \/>\n\t<meta property=\"og:image:type\" content=\"image\/jpeg\" \/>\n<meta name=\"twitter:card\" content=\"summary_large_image\" \/>\n<meta name=\"twitter:label1\" content=\"Timp estimat pentru citire\" \/>\n\t<meta name=\"twitter:data1\" content=\"3 minute\" \/>\n<script type=\"application\/ld+json\" class=\"yoast-schema-graph\">{\"@context\":\"https:\/\/schema.org\",\"@graph\":[{\"@type\":\"WebPage\",\"@id\":\"https:\/\/qingdaohf.com\/product\/steel-studded-t-post\/\",\"url\":\"https:\/\/qingdaohf.com\/product\/steel-studded-t-post\/\",\"name\":\"Steel Studded T Post\",\"isPartOf\":{\"@id\":\"https:\/\/qingdaohf.com\/bg\/#website\"},\"primaryImageOfPage\":{\"@id\":\"https:\/\/qingdaohf.com\/product\/steel-studded-t-post\/#primaryimage\"},\"image\":{\"@id\":\"https:\/\/qingdaohf.com\/product\/steel-studded-t-post\/#primaryimage\"},\"thumbnailUrl\":\"https:\/\/qingdaohf.com\/wp-content\/uploads\/2023\/06\/Studded-T-Post-6.jpg\",\"datePublished\":\"2023-06-20T06:39:39+00:00\",\"dateModified\":\"2025-11-13T01:04:03+00:00\",\"description\":\"The Steel Studded T Post is a commonly used agricultural and fencing product designed to provide sturdy support and stability for various applications.\",\"breadcrumb\":{\"@id\":\"https:\/\/qingdaohf.com\/product\/steel-studded-t-post\/#breadcrumb\"},\"inLanguage\":\"ro-RO\",\"potentialAction\":[{\"@type\":\"ReadAction\",\"target\":[\"https:\/\/qingdaohf.com\/product\/steel-studded-t-post\/\"]}]},{\"@type\":\"ImageObject\",\"inLanguage\":\"ro-RO\",\"@id\":\"https:\/\/qingdaohf.com\/product\/steel-studded-t-post\/#primaryimage\",\"url\":\"https:\/\/qingdaohf.com\/wp-content\/uploads\/2023\/06\/Studded-T-Post-6.jpg\",\"contentUrl\":\"https:\/\/qingdaohf.com\/wp-content\/uploads\/2023\/06\/Studded-T-Post-6.jpg\",\"width\":1000,\"height\":1000,\"caption\":\"Studded T Post\"},{\"@type\":\"BreadcrumbList\",\"@id\":\"https:\/\/qingdaohf.com\/product\/steel-studded-t-post\/#breadcrumb\",\"itemListElement\":[{\"@type\":\"ListItem\",\"position\":1,\"name\":\"Home\",\"item\":\"https:\/\/qingdaohf.com\/\"},{\"@type\":\"ListItem\",\"position\":2,\"name\":\"Concrete Forming Accessories and Rigging Hardware\",\"item\":\"https:\/\/qingdaohf.com\/bg\/?page_id=944\"},{\"@type\":\"ListItem\",\"position\":3,\"name\":\"Steel Studded T Post\"}]},{\"@type\":\"WebSite\",\"@id\":\"https:\/\/qingdaohf.com\/bg\/#website\",\"url\":\"https:\/\/qingdaohf.com\/bg\/\",\"name\":\"Concrete Form & Rigging Hardware Supplier\",\"description\":\"\",\"publisher\":{\"@id\":\"https:\/\/qingdaohf.com\/bg\/#organization\"},\"potentialAction\":[{\"@type\":\"SearchAction\",\"target\":{\"@type\":\"EntryPoint\",\"urlTemplate\":\"https:\/\/qingdaohf.com\/bg\/?s={search_term_string}\"},\"query-input\":{\"@type\":\"PropertyValueSpecification\",\"valueRequired\":true,\"valueName\":\"search_term_string\"}}],\"inLanguage\":\"ro-RO\"},{\"@type\":\"Organization\",\"@id\":\"https:\/\/qingdaohf.com\/bg\/#organization\",\"name\":\"Qingdao H&F\",\"url\":\"https:\/\/qingdaohf.com\/bg\/\",\"logo\":{\"@type\":\"ImageObject\",\"inLanguage\":\"ro-RO\",\"@id\":\"https:\/\/qingdaohf.com\/bg\/#\/schema\/logo\/image\/\",\"url\":\"https:\/\/qingdaohf.com\/wp-content\/uploads\/2022\/12\/cropped-HF-LOGO.png\",\"contentUrl\":\"https:\/\/qingdaohf.com\/wp-content\/uploads\/2022\/12\/cropped-HF-LOGO.png\",\"width\":391,\"height\":249,\"caption\":\"Qingdao H&F\"},\"image\":{\"@id\":\"https:\/\/qingdaohf.com\/bg\/#\/schema\/logo\/image\/\"},\"sameAs\":[\"https:\/\/www.facebook.com\/qingdaohf\"]}]}<\/script>\n<!-- \/ Yoast SEO plugin. -->","yoast_head_json":{"title":"Steel Studded T Post","description":"The Steel Studded T Post is a commonly used agricultural and fencing product designed to provide sturdy support and stability for various applications.","robots":{"index":"index","follow":"follow","max-snippet":"max-snippet:-1","max-image-preview":"max-image-preview:large","max-video-preview":"max-video-preview:-1"},"canonical":"https:\/\/qingdaohf.com\/ro\/produs\/stalp-t-cu-crampoane-din-otel\/","og_locale":"ro_RO","og_type":"article","og_title":"Steel Studded T Post","og_description":"The Steel Studded T Post is a commonly used agricultural and fencing product designed to provide sturdy support and stability for various applications.","og_url":"https:\/\/qingdaohf.com\/ro\/produs\/stalp-t-cu-crampoane-din-otel\/","og_site_name":"Concrete Form &amp; Rigging Hardware Supplier","article_publisher":"https:\/\/www.facebook.com\/qingdaohf","article_modified_time":"2025-11-13T01:04:03+00:00","og_image":[{"width":1000,"height":1000,"url":"https:\/\/qingdaohf.com\/wp-content\/uploads\/2023\/06\/Studded-T-Post-6.jpg","type":"image\/jpeg"}],"twitter_card":"summary_large_image","twitter_misc":{"Timp estimat pentru citire":"3 minute"},"schema":{"@context":"https:\/\/schema.org","@graph":[{"@type":"WebPage","@id":"https:\/\/qingdaohf.com\/product\/steel-studded-t-post\/","url":"https:\/\/qingdaohf.com\/product\/steel-studded-t-post\/","name":"Steel Studded T Post","isPartOf":{"@id":"https:\/\/qingdaohf.com\/bg\/#website"},"primaryImageOfPage":{"@id":"https:\/\/qingdaohf.com\/product\/steel-studded-t-post\/#primaryimage"},"image":{"@id":"https:\/\/qingdaohf.com\/product\/steel-studded-t-post\/#primaryimage"},"thumbnailUrl":"https:\/\/qingdaohf.com\/wp-content\/uploads\/2023\/06\/Studded-T-Post-6.jpg","datePublished":"2023-06-20T06:39:39+00:00","dateModified":"2025-11-13T01:04:03+00:00","description":"The Steel Studded T Post is a commonly used agricultural and fencing product designed to provide sturdy support and stability for various applications.","breadcrumb":{"@id":"https:\/\/qingdaohf.com\/product\/steel-studded-t-post\/#breadcrumb"},"inLanguage":"ro-RO","potentialAction":[{"@type":"ReadAction","target":["https:\/\/qingdaohf.com\/product\/steel-studded-t-post\/"]}]},{"@type":"ImageObject","inLanguage":"ro-RO","@id":"https:\/\/qingdaohf.com\/product\/steel-studded-t-post\/#primaryimage","url":"https:\/\/qingdaohf.com\/wp-content\/uploads\/2023\/06\/Studded-T-Post-6.jpg","contentUrl":"https:\/\/qingdaohf.com\/wp-content\/uploads\/2023\/06\/Studded-T-Post-6.jpg","width":1000,"height":1000,"caption":"Studded T Post"},{"@type":"BreadcrumbList","@id":"https:\/\/qingdaohf.com\/product\/steel-studded-t-post\/#breadcrumb","itemListElement":[{"@type":"ListItem","position":1,"name":"Home","item":"https:\/\/qingdaohf.com\/"},{"@type":"ListItem","position":2,"name":"Concrete Forming Accessories and Rigging Hardware","item":"https:\/\/qingdaohf.com\/bg\/?page_id=944"},{"@type":"ListItem","position":3,"name":"Steel Studded T Post"}]},{"@type":"WebSite","@id":"https:\/\/qingdaohf.com\/bg\/#website","url":"https:\/\/qingdaohf.com\/bg\/","name":"Concrete Form & Rigging Hardware Supplier","description":"","publisher":{"@id":"https:\/\/qingdaohf.com\/bg\/#organization"},"potentialAction":[{"@type":"SearchAction","target":{"@type":"EntryPoint","urlTemplate":"https:\/\/qingdaohf.com\/bg\/?s={search_term_string}"},"query-input":{"@type":"PropertyValueSpecification","valueRequired":true,"valueName":"search_term_string"}}],"inLanguage":"ro-RO"},{"@type":"Organization","@id":"https:\/\/qingdaohf.com\/bg\/#organization","name":"Qingdao H&F","url":"https:\/\/qingdaohf.com\/bg\/","logo":{"@type":"ImageObject","inLanguage":"ro-RO","@id":"https:\/\/qingdaohf.com\/bg\/#\/schema\/logo\/image\/","url":"https:\/\/qingdaohf.com\/wp-content\/uploads\/2022\/12\/cropped-HF-LOGO.png","contentUrl":"https:\/\/qingdaohf.com\/wp-content\/uploads\/2022\/12\/cropped-HF-LOGO.png","width":391,"height":249,"caption":"Qingdao H&F"},"image":{"@id":"https:\/\/qingdaohf.com\/bg\/#\/schema\/logo\/image\/"},"sameAs":["https:\/\/www.facebook.com\/qingdaohf"]}]}},"_links":{"self":[{"href":"https:\/\/qingdaohf.com\/ro\/wp-json\/wp\/v2\/product\/4534","targetHints":{"allow":["GET"]}}],"collection":[{"href":"https:\/\/qingdaohf.com\/ro\/wp-json\/wp\/v2\/product"}],"about":[{"href":"https:\/\/qingdaohf.com\/ro\/wp-json\/wp\/v2\/types\/product"}],"replies":[{"embeddable":true,"href":"https:\/\/qingdaohf.com\/ro\/wp-json\/wp\/v2\/comments?post=4534"}],"version-history":[{"count":2,"href":"https:\/\/qingdaohf.com\/ro\/wp-json\/wp\/v2\/product\/4534\/revisions"}],"predecessor-version":[{"id":10415,"href":"https:\/\/qingdaohf.com\/ro\/wp-json\/wp\/v2\/product\/4534\/revisions\/10415"}],"wp:featuredmedia":[{"embeddable":true,"href":"https:\/\/qingdaohf.com\/ro\/wp-json\/wp\/v2\/media\/4535"}],"wp:attachment":[{"href":"https:\/\/qingdaohf.com\/ro\/wp-json\/wp\/v2\/media?parent=4534"}],"wp:term":[{"taxonomy":"product_brand","embeddable":true,"href":"https:\/\/qingdaohf.com\/ro\/wp-json\/wp\/v2\/product_brand?post=4534"},{"taxonomy":"product_cat","embeddable":true,"href":"https:\/\/qingdaohf.com\/ro\/wp-json\/wp\/v2\/product_cat?post=4534"},{"taxonomy":"product_tag","embeddable":true,"href":"https:\/\/qingdaohf.com\/ro\/wp-json\/wp\/v2\/product_tag?post=4534"}],"curies":[{"name":"wp","href":"https:\/\/api.w.org\/{rel}","templated":true}]}}