{"id":4551,"date":"2023-06-25T17:55:26","date_gmt":"2023-06-25T09:55:26","guid":{"rendered":"http:\/\/qingdaohf.com\/?post_type=product&#038;p=4551"},"modified":"2025-11-13T09:04:03","modified_gmt":"2025-11-13T01:04:03","slug":"closed-body-turnbuckle","status":"publish","type":"product","link":"https:\/\/qingdaohf.com\/ro\/produs\/intinzator-de-corp-inchis\/","title":{"rendered":"Corpul \u00eenchis Turnbuckle"},"content":{"rendered":"<h2 class=\"text-2xl font-bold mt-1 text-text-200\">Introducere \u00een strungul cu corp \u00eenchis<\/h2>\n<p class=\"whitespace-pre-wrap break-words\">S\u0103 vorbim despre strungurile cu corp \u00eenchis - acele dispozitive mecanice esen\u021biale pe care le ve\u021bi g\u0103si oriunde tensiunea trebuie reglat\u0103 cu precizie. G\u00e2ndi\u021bi-v\u0103 la ele ca la eroii necunoscu\u021bi ai sistemelor de cabluri \u0219i par\u00e2me. Spre deosebire de verii lor mai simpli, aceste \u00eencuietori au un design complet \u00eenchis care protejeaz\u0103 piesele de lucru de intemperii, ceea ce le face incredibil de fiabile pentru orice, de la \u0219antierele de construc\u021bii la navele cu vele.<\/p>\n<p class=\"whitespace-pre-wrap break-words\">Geniul const\u0103 \u00een designul lor simplu, dar eficient: dou\u0103 capete filetate conectate de un mecanism intern protejat. Aceast\u0103 configura\u021bie v\u0103 permite s\u0103 regla\u021bi exact tensiunea potrivit\u0103, p\u0103str\u00e2nd \u00een acela\u0219i timp toate componentele vitale la ad\u0103post de intemperii \u0219i uzur\u0103. Pentru profesioni\u0219tii care nu \u00ee\u0219i pot permite defectarea echipamentului, aceast\u0103 protec\u021bie suplimentar\u0103 nu este doar pl\u0103cut\u0103 - este esen\u021bial\u0103.<\/p>\n<h2 class=\"text-xl font-bold text-text-200 mt-1 -mb-0.5\">Avantajele utiliz\u0103rii unui strung cu corp \u00eenchis<\/h2>\n<p class=\"whitespace-pre-wrap break-words\">S-ar putea s\u0103 v\u0103 \u00eentreba\u021bi de ce strungurile cu corp \u00eenchis au devenit alegerea preferat\u0103 \u00een aplica\u021biile solicitante. \u00cen primul r\u00e2nd, sunt construite ca ni\u0219te tancuri. Fabricate din materiale robuste, cum ar fi o\u021belul inoxidabil sau carbonul, aceste dispozitive r\u00e2d \u00een fa\u021ba vremii aspre \u0219i a sarcinilor grele. Sunt genul de unelte care continu\u0103 s\u0103 func\u021bioneze mult timp dup\u0103 ce altele au renun\u021bat.<\/p>\n<p class=\"whitespace-pre-wrap break-words\">Ceea ce le diferen\u021biaz\u0103 cu adev\u0103rat este u\u0219urin\u021ba cu care sunt utilizate. Trebuie s\u0103 modifica\u021bi tensiunea? Este la fel de simplu ca rotirea corpului p\u00e2n\u0103 c\u00e2nd atinge\u021bi punctul potrivit. Acest lucru este extrem de important atunci c\u00e2nd ave\u021bi de-a face cu ceva precum echipamentul unei b\u0103rci cu p\u00e2nze, unde ajust\u0103rile de tensiune ar putea fi necesare pe loc.<\/p>\n<p class=\"whitespace-pre-wrap break-words\">Designul \u00eenchis nu este doar pentru spectacol. P\u0103str\u00e2nd filetarea protejat\u0103, ad\u0103uga\u021bi, \u00een esen\u021b\u0103, ani de zile la durata de via\u021b\u0103 a strungului. C\u00e2nd le compara\u021bi cu versiunile cu corp deschis, este ca \u0219i cum a\u021bi alege \u00eentre un ceas rezistent la ap\u0103 \u0219i unul obi\u0219nuit - sigur, ambele dau ora, dar \u0219ti\u021bi pe care l-a\u021bi prefera \u00een caz de furtun\u0103.<\/p>\n<h2 class=\"text-xl font-bold text-text-200 mt-1 -mb-0.5\">Aplica\u021bii ale strungurilor cu corp \u00eenchis<\/h2>\n<p class=\"whitespace-pre-wrap break-words\">Aceste unelte versatile \u0219i-au g\u0103sit locul \u00een aproape toate industriile \u00een care tensiunea este important\u0103. Echipele de constructori se bazeaz\u0103 pe ele pentru a men\u021bine tensiunea cablurilor \u00een poduri \u0219i turnuri, asigur\u00e2ndu-se c\u0103 aceste structuri masive r\u0103m\u00e2n solide ca piatra. Pe ap\u0103, marinarii au \u00eencredere \u00een ele pentru a-\u0219i men\u021bine cablurile tensionate \u0219i receptive, ajust\u00e2ndu-le \u00een func\u021bie de condi\u021biile meteorologice.<\/p>\n<p class=\"whitespace-pre-wrap break-words\">Chiar \u0219i \u00een domeniile de \u00eenalt\u0103 tehnologie, cum ar fi produc\u021bia auto \u0219i aerospa\u021bial\u0103, strungurile cu corp \u00eenchis joac\u0103 un rol crucial. Acestea sunt esen\u021biale pentru fixarea componentelor \u0219i men\u021binerea unei tensiuni precise \u00een diverse sisteme mecanice.<\/p>\n<p class=\"whitespace-pre-wrap break-words\">Comunitatea de bricolaj le-a \u00eembr\u0103\u021bi\u0219at \u0219i ea. Fie c\u0103 monta\u021bi o balustrad\u0103 de s\u00e2rm\u0103 pentru teras\u0103 sau instala\u021bi un sistem de spalier pentru gr\u0103din\u0103, aceste strunguri ofer\u0103 fiabilitatea de nivel profesional care asigur\u0103 c\u0103 proiectul dvs. trece testul timpului.<\/p>\n<h2 class=\"text-xl font-bold text-text-200 mt-1 -mb-0.5\">De ce s\u0103 ne alege\u021bi pe noi<\/h2>\n<p class=\"whitespace-pre-wrap break-words\">Ne-am construit reputa\u021bia prin furnizarea de strunguri care dep\u0103\u0219esc \u00een mod constant a\u0219tept\u0103rile. Linia noastr\u0103 de produse acoper\u0103 orice specifica\u021bie imaginabil\u0103, asigur\u00e2ndu-v\u0103 c\u0103 ve\u021bi g\u0103si exact ceea ce solicit\u0103 proiectul dumneavoastr\u0103. Cu toate acestea, ceea ce ne diferen\u021biaz\u0103 cu adev\u0103rat este abordarea noastr\u0103 practic\u0103 a serviciilor pentru clien\u021bi.<\/p>\n<p class=\"whitespace-pre-wrap break-words\">Atunci c\u00e2nd lucra\u021bi cu noi, ob\u021bine\u021bi mai mult dec\u00e2t ni\u0219te turnbuckles de \u00eenalt\u0103 calitate. Ob\u021bine\u021bi un partener care v\u0103 \u00een\u021belege nevoile \u0219i r\u0103spunde rapid la solicit\u0103rile dumneavoastr\u0103. \u0218tim c\u0103 a\u0219teptarea pieselor poate bloca un proiect, a\u0219a c\u0103 am optimizat sistemul nostru de livrare pentru a v\u0103 oferi ceea ce ave\u021bi nevoie, atunci c\u00e2nd ave\u021bi nevoie.<\/p>\n<p class=\"whitespace-pre-wrap break-words\">Fiecare cataram\u0103 pe care o livr\u0103m este sus\u021binut\u0103 de rapoarte complete de inspec\u021bie a calit\u0103\u021bii. Ne supunem produsele la teste riguroase pentru c\u0103 \u00een\u021belegem c\u0103 \u00een domeniul dvs. de activitate, e\u0219ecul nu este o op\u021biune.<\/p>\n<h2 class=\"text-2xl font-bold mt-1 text-text-200\">Concluzie<\/h2>\n<p class=\"whitespace-pre-wrap break-words\">Selectarea cardanului potrivit poate face sau desface un proiect. Designul corpului \u00eenchis ofer\u0103 acel nivel suplimentar de protec\u021bie \u0219i fiabilitate care face ca investi\u021bia s\u0103 merite. Indiferent dac\u0103 ridica\u021bi o cl\u0103dire sau echipa\u021bi o barc\u0103 cu p\u00e2nze, ave\u021bi nevoie de echipament pe care s\u0103 v\u0103 pute\u021bi baza. Dac\u0103 v\u0103 asocia\u021bi cu noi, ve\u021bi ob\u021bine nu doar produse superioare, ci \u0219i suport \u0219i servicii pe m\u0103sur\u0103. Nu face\u021bi compromisuri \u00een ceea ce prive\u0219te calitatea - alege\u021bi strunguri care sunt construite pentru a livra.<\/p>","protected":false},"excerpt":{"rendered":"<p>Turnbuckle-ul cu corp \u00eenchis este o pies\u0103 de echipament puternic\u0103 \u0219i adaptabil\u0103 utilizat\u0103 pentru reglarea tensiunii \u00een cabluri, fr\u00e2nghii sau configura\u021bii de rigging. Construit pentru rezisten\u021b\u0103 \u0219i precizie, acest turnbuckle se poate potrivi multor utiliz\u0103ri, de la aplica\u021bii do-it-yourself la aplica\u021bii industriale. Organiza\u021bia noastr\u0103 ofer\u0103 un beneficiu de neegalat cu servicii personalizate pentru clien\u021bi, cicluri de livrare rapide \u0219i rapoarte detaliate de inspec\u021bie a calit\u0103\u021bii pentru a garanta c\u0103 fiecare produs este de cea mai \u00eenalt\u0103 calitate posibil\u0103. Conta\u021bi pe noi pentru solu\u021bii fiabile la cerin\u021bele dvs. de strunguri cu eficien\u021b\u0103 \u0219i calitate de neegalat.<\/p>","protected":false},"featured_media":4552,"comment_status":"open","ping_status":"closed","template":"","meta":{"site-sidebar-layout":"default","site-content-layout":"default","ast-site-content-layout":"default","site-content-style":"default","site-sidebar-style":"default","ast-global-header-display":"","ast-banner-title-visibility":"","ast-main-header-display":"","ast-hfb-above-header-display":"","ast-hfb-below-header-display":"","ast-hfb-mobile-header-display":"","site-post-title":"","ast-breadcrumbs-content":"","ast-featured-img":"","footer-sml-layout":"","theme-transparent-header-meta":"default","adv-header-id-meta":"","stick-header-meta":"default","header-above-stick-meta":"","header-main-stick-meta":"","header-below-stick-meta":"","astra-migrate-meta-layouts":"set","ast-page-background-enabled":"default","ast-page-background-meta":{"desktop":{"background-color":"","background-image":"","background-repeat":"repeat","background-position":"center center","background-size":"auto","background-attachment":"scroll","background-type":"","background-media":"","overlay-type":"","overlay-color":"","overlay-opacity":"","overlay-gradient":""},"tablet":{"background-color":"","background-image":"","background-repeat":"repeat","background-position":"center center","background-size":"auto","background-attachment":"scroll","background-type":"","background-media":"","overlay-type":"","overlay-color":"","overlay-opacity":"","overlay-gradient":""},"mobile":{"background-color":"","background-image":"","background-repeat":"repeat","background-position":"center center","background-size":"auto","background-attachment":"scroll","background-type":"","background-media":"","overlay-type":"","overlay-color":"","overlay-opacity":"","overlay-gradient":""}},"ast-content-background-meta":{"desktop":{"background-color":"var(--ast-global-color-5)","background-image":"","background-repeat":"repeat","background-position":"center center","background-size":"auto","background-attachment":"scroll","background-type":"","background-media":"","overlay-type":"","overlay-color":"","overlay-opacity":"","overlay-gradient":""},"tablet":{"background-color":"var(--ast-global-color-5)","background-image":"","background-repeat":"repeat","background-position":"center center","background-size":"auto","background-attachment":"scroll","background-type":"","background-media":"","overlay-type":"","overlay-color":"","overlay-opacity":"","overlay-gradient":""},"mobile":{"background-color":"var(--ast-global-color-5)","background-image":"","background-repeat":"repeat","background-position":"center center","background-size":"auto","background-attachment":"scroll","background-type":"","background-media":"","overlay-type":"","overlay-color":"","overlay-opacity":"","overlay-gradient":""}}},"product_brand":[],"product_cat":[56,43,44],"product_tag":[],"class_list":{"0":"post-4551","1":"product","2":"type-product","3":"status-publish","4":"has-post-thumbnail","6":"product_cat-turnbuckle","7":"product_cat-rigging-hardware","8":"product_cat-stainless-steel-poduct","9":"desktop-align-left","10":"tablet-align-left","11":"mobile-align-left","12":"ast-product-gallery-layout-horizontal-slider","13":"ast-product-tabs-layout-horizontal","15":"first","16":"instock","17":"shipping-taxable","18":"purchasable","19":"product-type-simple"},"yoast_head":"<!-- This site is optimized with the Yoast SEO plugin v25.2 - https:\/\/yoast.com\/wordpress\/plugins\/seo\/ -->\n<title>Closed Body Turnbuckle<\/title>\n<meta name=\"description\" content=\"A closed body turnbuckle is a mechanical device used to adjust tension or length in a system by utilizing the principle of a screw mechanism.\" \/>\n<meta name=\"robots\" content=\"index, follow, max-snippet:-1, max-image-preview:large, max-video-preview:-1\" \/>\n<link rel=\"canonical\" href=\"https:\/\/qingdaohf.com\/ro\/produs\/intinzator-de-corp-inchis\/\" \/>\n<meta property=\"og:locale\" content=\"ro_RO\" \/>\n<meta property=\"og:type\" content=\"article\" \/>\n<meta property=\"og:title\" content=\"Closed Body Turnbuckle\" \/>\n<meta property=\"og:description\" content=\"A closed body turnbuckle is a mechanical device used to adjust tension or length in a system by utilizing the principle of a screw mechanism.\" \/>\n<meta property=\"og:url\" content=\"https:\/\/qingdaohf.com\/ro\/produs\/intinzator-de-corp-inchis\/\" \/>\n<meta property=\"og:site_name\" content=\"Concrete Form &amp; Rigging Hardware Supplier\" \/>\n<meta property=\"article:publisher\" content=\"https:\/\/www.facebook.com\/qingdaohf\" \/>\n<meta property=\"article:modified_time\" content=\"2025-11-13T01:04:03+00:00\" \/>\n<meta property=\"og:image\" content=\"https:\/\/qingdaohf.com\/wp-content\/uploads\/2023\/06\/turnbuckle-9.jpg\" \/>\n\t<meta property=\"og:image:width\" content=\"1000\" \/>\n\t<meta property=\"og:image:height\" content=\"1000\" \/>\n\t<meta property=\"og:image:type\" content=\"image\/jpeg\" \/>\n<meta name=\"twitter:card\" content=\"summary_large_image\" \/>\n<meta name=\"twitter:label1\" content=\"Timp estimat pentru citire\" \/>\n\t<meta name=\"twitter:data1\" content=\"3 minute\" \/>\n<script type=\"application\/ld+json\" class=\"yoast-schema-graph\">{\"@context\":\"https:\/\/schema.org\",\"@graph\":[{\"@type\":\"WebPage\",\"@id\":\"https:\/\/qingdaohf.com\/product\/closed-body-turnbuckle\/\",\"url\":\"https:\/\/qingdaohf.com\/product\/closed-body-turnbuckle\/\",\"name\":\"Closed Body Turnbuckle\",\"isPartOf\":{\"@id\":\"https:\/\/qingdaohf.com\/bg\/#website\"},\"primaryImageOfPage\":{\"@id\":\"https:\/\/qingdaohf.com\/product\/closed-body-turnbuckle\/#primaryimage\"},\"image\":{\"@id\":\"https:\/\/qingdaohf.com\/product\/closed-body-turnbuckle\/#primaryimage\"},\"thumbnailUrl\":\"https:\/\/qingdaohf.com\/wp-content\/uploads\/2023\/06\/turnbuckle-9.jpg\",\"datePublished\":\"2023-06-25T09:55:26+00:00\",\"dateModified\":\"2025-11-13T01:04:03+00:00\",\"description\":\"A closed body turnbuckle is a mechanical device used to adjust tension or length in a system by utilizing the principle of a screw mechanism.\",\"breadcrumb\":{\"@id\":\"https:\/\/qingdaohf.com\/product\/closed-body-turnbuckle\/#breadcrumb\"},\"inLanguage\":\"ro-RO\",\"potentialAction\":[{\"@type\":\"ReadAction\",\"target\":[\"https:\/\/qingdaohf.com\/product\/closed-body-turnbuckle\/\"]}]},{\"@type\":\"ImageObject\",\"inLanguage\":\"ro-RO\",\"@id\":\"https:\/\/qingdaohf.com\/product\/closed-body-turnbuckle\/#primaryimage\",\"url\":\"https:\/\/qingdaohf.com\/wp-content\/uploads\/2023\/06\/turnbuckle-9.jpg\",\"contentUrl\":\"https:\/\/qingdaohf.com\/wp-content\/uploads\/2023\/06\/turnbuckle-9.jpg\",\"width\":1000,\"height\":1000,\"caption\":\"turnbuckle\"},{\"@type\":\"BreadcrumbList\",\"@id\":\"https:\/\/qingdaohf.com\/product\/closed-body-turnbuckle\/#breadcrumb\",\"itemListElement\":[{\"@type\":\"ListItem\",\"position\":1,\"name\":\"Home\",\"item\":\"https:\/\/qingdaohf.com\/\"},{\"@type\":\"ListItem\",\"position\":2,\"name\":\"Concrete Forming Accessories and Rigging Hardware\",\"item\":\"https:\/\/qingdaohf.com\/bg\/?page_id=944\"},{\"@type\":\"ListItem\",\"position\":3,\"name\":\"Closed Body Turnbuckle\"}]},{\"@type\":\"WebSite\",\"@id\":\"https:\/\/qingdaohf.com\/bg\/#website\",\"url\":\"https:\/\/qingdaohf.com\/bg\/\",\"name\":\"Concrete Form & Rigging Hardware Supplier\",\"description\":\"\",\"publisher\":{\"@id\":\"https:\/\/qingdaohf.com\/bg\/#organization\"},\"potentialAction\":[{\"@type\":\"SearchAction\",\"target\":{\"@type\":\"EntryPoint\",\"urlTemplate\":\"https:\/\/qingdaohf.com\/bg\/?s={search_term_string}\"},\"query-input\":{\"@type\":\"PropertyValueSpecification\",\"valueRequired\":true,\"valueName\":\"search_term_string\"}}],\"inLanguage\":\"ro-RO\"},{\"@type\":\"Organization\",\"@id\":\"https:\/\/qingdaohf.com\/bg\/#organization\",\"name\":\"Qingdao H&F\",\"url\":\"https:\/\/qingdaohf.com\/bg\/\",\"logo\":{\"@type\":\"ImageObject\",\"inLanguage\":\"ro-RO\",\"@id\":\"https:\/\/qingdaohf.com\/bg\/#\/schema\/logo\/image\/\",\"url\":\"https:\/\/qingdaohf.com\/wp-content\/uploads\/2022\/12\/cropped-HF-LOGO.png\",\"contentUrl\":\"https:\/\/qingdaohf.com\/wp-content\/uploads\/2022\/12\/cropped-HF-LOGO.png\",\"width\":391,\"height\":249,\"caption\":\"Qingdao H&F\"},\"image\":{\"@id\":\"https:\/\/qingdaohf.com\/bg\/#\/schema\/logo\/image\/\"},\"sameAs\":[\"https:\/\/www.facebook.com\/qingdaohf\"]}]}<\/script>\n<!-- \/ Yoast SEO plugin. -->","yoast_head_json":{"title":"Closed Body Turnbuckle","description":"A closed body turnbuckle is a mechanical device used to adjust tension or length in a system by utilizing the principle of a screw mechanism.","robots":{"index":"index","follow":"follow","max-snippet":"max-snippet:-1","max-image-preview":"max-image-preview:large","max-video-preview":"max-video-preview:-1"},"canonical":"https:\/\/qingdaohf.com\/ro\/produs\/intinzator-de-corp-inchis\/","og_locale":"ro_RO","og_type":"article","og_title":"Closed Body Turnbuckle","og_description":"A closed body turnbuckle is a mechanical device used to adjust tension or length in a system by utilizing the principle of a screw mechanism.","og_url":"https:\/\/qingdaohf.com\/ro\/produs\/intinzator-de-corp-inchis\/","og_site_name":"Concrete Form &amp; Rigging Hardware Supplier","article_publisher":"https:\/\/www.facebook.com\/qingdaohf","article_modified_time":"2025-11-13T01:04:03+00:00","og_image":[{"width":1000,"height":1000,"url":"https:\/\/qingdaohf.com\/wp-content\/uploads\/2023\/06\/turnbuckle-9.jpg","type":"image\/jpeg"}],"twitter_card":"summary_large_image","twitter_misc":{"Timp estimat pentru citire":"3 minute"},"schema":{"@context":"https:\/\/schema.org","@graph":[{"@type":"WebPage","@id":"https:\/\/qingdaohf.com\/product\/closed-body-turnbuckle\/","url":"https:\/\/qingdaohf.com\/product\/closed-body-turnbuckle\/","name":"Closed Body Turnbuckle","isPartOf":{"@id":"https:\/\/qingdaohf.com\/bg\/#website"},"primaryImageOfPage":{"@id":"https:\/\/qingdaohf.com\/product\/closed-body-turnbuckle\/#primaryimage"},"image":{"@id":"https:\/\/qingdaohf.com\/product\/closed-body-turnbuckle\/#primaryimage"},"thumbnailUrl":"https:\/\/qingdaohf.com\/wp-content\/uploads\/2023\/06\/turnbuckle-9.jpg","datePublished":"2023-06-25T09:55:26+00:00","dateModified":"2025-11-13T01:04:03+00:00","description":"A closed body turnbuckle is a mechanical device used to adjust tension or length in a system by utilizing the principle of a screw mechanism.","breadcrumb":{"@id":"https:\/\/qingdaohf.com\/product\/closed-body-turnbuckle\/#breadcrumb"},"inLanguage":"ro-RO","potentialAction":[{"@type":"ReadAction","target":["https:\/\/qingdaohf.com\/product\/closed-body-turnbuckle\/"]}]},{"@type":"ImageObject","inLanguage":"ro-RO","@id":"https:\/\/qingdaohf.com\/product\/closed-body-turnbuckle\/#primaryimage","url":"https:\/\/qingdaohf.com\/wp-content\/uploads\/2023\/06\/turnbuckle-9.jpg","contentUrl":"https:\/\/qingdaohf.com\/wp-content\/uploads\/2023\/06\/turnbuckle-9.jpg","width":1000,"height":1000,"caption":"turnbuckle"},{"@type":"BreadcrumbList","@id":"https:\/\/qingdaohf.com\/product\/closed-body-turnbuckle\/#breadcrumb","itemListElement":[{"@type":"ListItem","position":1,"name":"Home","item":"https:\/\/qingdaohf.com\/"},{"@type":"ListItem","position":2,"name":"Concrete Forming Accessories and Rigging Hardware","item":"https:\/\/qingdaohf.com\/bg\/?page_id=944"},{"@type":"ListItem","position":3,"name":"Closed Body Turnbuckle"}]},{"@type":"WebSite","@id":"https:\/\/qingdaohf.com\/bg\/#website","url":"https:\/\/qingdaohf.com\/bg\/","name":"Concrete Form & Rigging Hardware Supplier","description":"","publisher":{"@id":"https:\/\/qingdaohf.com\/bg\/#organization"},"potentialAction":[{"@type":"SearchAction","target":{"@type":"EntryPoint","urlTemplate":"https:\/\/qingdaohf.com\/bg\/?s={search_term_string}"},"query-input":{"@type":"PropertyValueSpecification","valueRequired":true,"valueName":"search_term_string"}}],"inLanguage":"ro-RO"},{"@type":"Organization","@id":"https:\/\/qingdaohf.com\/bg\/#organization","name":"Qingdao H&F","url":"https:\/\/qingdaohf.com\/bg\/","logo":{"@type":"ImageObject","inLanguage":"ro-RO","@id":"https:\/\/qingdaohf.com\/bg\/#\/schema\/logo\/image\/","url":"https:\/\/qingdaohf.com\/wp-content\/uploads\/2022\/12\/cropped-HF-LOGO.png","contentUrl":"https:\/\/qingdaohf.com\/wp-content\/uploads\/2022\/12\/cropped-HF-LOGO.png","width":391,"height":249,"caption":"Qingdao H&F"},"image":{"@id":"https:\/\/qingdaohf.com\/bg\/#\/schema\/logo\/image\/"},"sameAs":["https:\/\/www.facebook.com\/qingdaohf"]}]}},"_links":{"self":[{"href":"https:\/\/qingdaohf.com\/ro\/wp-json\/wp\/v2\/product\/4551","targetHints":{"allow":["GET"]}}],"collection":[{"href":"https:\/\/qingdaohf.com\/ro\/wp-json\/wp\/v2\/product"}],"about":[{"href":"https:\/\/qingdaohf.com\/ro\/wp-json\/wp\/v2\/types\/product"}],"replies":[{"embeddable":true,"href":"https:\/\/qingdaohf.com\/ro\/wp-json\/wp\/v2\/comments?post=4551"}],"version-history":[{"count":4,"href":"https:\/\/qingdaohf.com\/ro\/wp-json\/wp\/v2\/product\/4551\/revisions"}],"predecessor-version":[{"id":8981,"href":"https:\/\/qingdaohf.com\/ro\/wp-json\/wp\/v2\/product\/4551\/revisions\/8981"}],"wp:featuredmedia":[{"embeddable":true,"href":"https:\/\/qingdaohf.com\/ro\/wp-json\/wp\/v2\/media\/4552"}],"wp:attachment":[{"href":"https:\/\/qingdaohf.com\/ro\/wp-json\/wp\/v2\/media?parent=4551"}],"wp:term":[{"taxonomy":"product_brand","embeddable":true,"href":"https:\/\/qingdaohf.com\/ro\/wp-json\/wp\/v2\/product_brand?post=4551"},{"taxonomy":"product_cat","embeddable":true,"href":"https:\/\/qingdaohf.com\/ro\/wp-json\/wp\/v2\/product_cat?post=4551"},{"taxonomy":"product_tag","embeddable":true,"href":"https:\/\/qingdaohf.com\/ro\/wp-json\/wp\/v2\/product_tag?post=4551"}],"curies":[{"name":"wp","href":"https:\/\/api.w.org\/{rel}","templated":true}]}}