{"id":5246,"date":"2023-09-08T14:27:43","date_gmt":"2023-09-08T06:27:43","guid":{"rendered":"http:\/\/qingdaohf.com\/?post_type=product&#038;p=5246"},"modified":"2025-11-13T09:04:02","modified_gmt":"2025-11-13T01:04:02","slug":"flat-tie-wall-tie-for-concrete-formwork","status":"publish","type":"product","link":"https:\/\/qingdaohf.com\/ro\/produs\/cravata-plata-cravata-de-perete-pentru-cofraje-de-beton\/","title":{"rendered":"Flat Tie Tie de perete pentru cofraje de beton"},"content":{"rendered":"<div class=\"ast-oembed-container\" style=\"height: 100%;\"><iframe title=\"Leg\u0103tur\u0103 de perete plat\u0103 H&amp;F pentru beton\" width=\"500\" height=\"281\" src=\"https:\/\/www.youtube.com\/embed\/IIGgVYI9kEg?feature=oembed\" frameborder=\"0\" allow=\"accelerometer; autoplay; clipboard-write; encrypted-media; gyroscope; picture-in-picture; web-share\" referrerpolicy=\"strict-origin-when-cross-origin\" allowfullscreen><\/iframe><\/div>\n<p><img fetchpriority=\"high\" decoding=\"async\" class=\"alignnone size-full wp-image-5262\" src=\"http:\/\/qingdaohf.com\/wp-content\/uploads\/2023\/09\/flat-tie-1.png\" alt=\"cravat\u0103 plat\u0103\" width=\"1544\" height=\"1468\" srcset=\"https:\/\/qingdaohf.com\/wp-content\/uploads\/2023\/09\/flat-tie-1.png 1544w, https:\/\/qingdaohf.com\/wp-content\/uploads\/2023\/09\/flat-tie-1-300x285.png 300w, https:\/\/qingdaohf.com\/wp-content\/uploads\/2023\/09\/flat-tie-1-1024x974.png 1024w, https:\/\/qingdaohf.com\/wp-content\/uploads\/2023\/09\/flat-tie-1-768x730.png 768w, https:\/\/qingdaohf.com\/wp-content\/uploads\/2023\/09\/flat-tie-1-1536x1460.png 1536w, https:\/\/qingdaohf.com\/wp-content\/uploads\/2023\/09\/flat-tie-1-1000x951.png 1000w\" sizes=\"(max-width: 1544px) 100vw, 1544px\" \/><\/p>\n<p><strong>1. Calitate \u0219i durabilitate:<\/strong> Recunoa\u0219tem c\u0103 leg\u0103turile plate sunt parte integrant\u0103 a succesului proiectelor dvs. de construc\u021bii. Calitatea \u0219i durabilitatea nu sunt negociabile atunci c\u00e2nd vine vorba de aceste accesorii esen\u021biale. Fabrica noastr\u0103 cooperativ\u0103, cu 20 de ani de experien\u021b\u0103 \u00een produc\u021bia de accesorii pentru cofrarea betonului, inclusiv leg\u0103turi plate, asigur\u0103 c\u0103 produsele noastre \u00eendeplinesc \u0219i dep\u0103\u0219esc standardele industriei. Conta\u021bi pe noi pentru leg\u0103turi plate care sunt construite pentru a dura, asigur\u00e2nd integritatea structurilor dvs. de formare a betonului.<\/p>\n<p><strong>2. Op\u021biuni de personalizare:<\/strong> Proiectele dumneavoastr\u0103 sunt unice \u0219i \u00een\u021belegem c\u0103 o singur\u0103 m\u0103rime nu se potrive\u0219te tuturor. Acesta este motivul pentru care Qingdao H&amp;F ofer\u0103 o gam\u0103 variat\u0103 de op\u021biuni de personalizare. Adapta\u021bi leg\u0103turile dvs. plate la specifica\u021bii precise, asigur\u00e2nd o integrare perfect\u0103 \u00een procesele dvs. de construc\u021bie. Angajamentul nostru fa\u021b\u0103 de personalizare v\u0103 permite s\u0103 ob\u021bine\u021bi mai mult\u0103 eficien\u021b\u0103 \u0219i siguran\u021b\u0103.<\/p>\n<p><strong>3. Disponibilitate \u0219i pre\u021buri competitive:<\/strong> Timpul este esen\u021bial \u00een industria construc\u021biilor. Men\u021binem un stoc substan\u021bial de accesorii pentru cofrarea betonului, inclusiv leg\u0103turi plate, disponibile \u00een cantit\u0103\u021bi mari, asigur\u00e2ndu-v\u0103 c\u0103 ave\u021bi acces la aceste componente cruciale atunci c\u00e2nd ave\u021bi nevoie de ele. Fi\u021bi siguri, pre\u021burile noastre competitive asigur\u0103 solu\u021bii rentabile f\u0103r\u0103 a compromite calitatea.<\/p>\n<p><strong>4. Asigurarea calit\u0103\u021bii:<\/strong> Pacea dvs. de spirit este primordial\u0103 pentru noi. Cu fiecare cravat\u0103 plat\u0103, furniz\u0103m un raport cuprinz\u0103tor de inspec\u021bie QC, afirm\u00e2nd dedicarea noastr\u0103 neclintit\u0103 pentru calitate. Acest raport serve\u0219te drept dovad\u0103 concret\u0103 a angajamentului nostru de a livra produse de nivel superior.<\/p>\n<p><strong>5. Abordare centrat\u0103 pe client:<\/strong> La Qingdao H&amp;F, pre\u021buim rela\u021biile pe care le construim cu clien\u021bii no\u0219tri. Serviciul nostru individual este conceput pentru a v\u0103 oferi \u00eendrumare personalizat\u0103, ajut\u00e2ndu-v\u0103 s\u0103 selecta\u021bi solu\u021biile perfecte de leg\u0103turi plate pentru proiectele dumneavoastr\u0103. \u00cen plus, oferim mostre gratuite, permi\u021b\u00e2ndu-v\u0103 s\u0103 evalua\u021bi caracterul adecvat al produselor noastre pentru aplica\u021biile dvs. specifice.<\/p>\n<p><strong>\u00cen concluzie:<\/strong> Cererile dumneavoastr\u0103 \u00een calitate de cump\u0103r\u0103tori pentru calitate, durabilitate, personalizare, pre\u021buri competitive \u0219i asisten\u021b\u0103 excep\u021bional\u0103 pentru clien\u021bi sunt \u00een prim-planul angajamentului nostru. Qingdao H&amp;F, cu vasta sa experien\u021b\u0103 \u00een industrie, propria sa fabric\u0103 cooperativ\u0103 \u0219i o prezen\u021b\u0103 puternic\u0103 ca produc\u0103tor, furnizor, v\u00e2nz\u0103tor, angrosist, dealer, distribuitor \u0219i companie cu sediul \u00een China, este partenerul dvs. ideal pentru nevoile dvs. de formare a betonului.<\/p>\n<p>Ave\u021bi \u00eencredere \u00een noi pentru cerin\u021bele dvs. de leg\u0103turi plate \u0219i experimenta\u021bi avantajul colabor\u0103rii cu o companie dedicat\u0103 excelen\u021bei \u00een fiecare fa\u021bet\u0103 a produselor \u0219i serviciilor noastre. Satisfac\u021bia dumneavoastr\u0103 este prioritatea noastr\u0103 \u0219i a\u0219tept\u0103m cu ner\u0103bdare s\u0103 v\u0103 dep\u0103\u0219im a\u0219tept\u0103rile.<\/p>","protected":false},"excerpt":{"rendered":"<p>C\u00e2nd vine vorba de c\u0103utarea dvs. de leg\u0103turi plate, \u00een\u021belegem c\u0103 cerin\u021bele dvs. sunt specifice \u0219i a\u0219tept\u0103rile dvs. sunt ridicate. Considera\u021biile dumneavoastr\u0103 principale includ calitatea, durabilitatea, op\u021biunile de personalizare \u0219i aprovizionarea fiabil\u0103. \u00cen acest mesaj, vom explora modul \u00een care Qingdao H&amp;F, cu peste dou\u0103 decenii de experien\u021b\u0103 \u0219i avantaje unice ca o companie cu sediul \u00een China, exceleaz\u0103 \u00een satisfacerea acestor cerin\u021be ca un produc\u0103tor de \u00eencredere, fabric\u0103, furnizor, v\u00e2nz\u0103tor, angrosist, dealer, distribuitor \u0219i companie, specializat\u0103 \u00een Accesorii de formare a betonului.<\/p>","protected":false},"featured_media":5314,"comment_status":"open","ping_status":"closed","template":"","meta":{"site-sidebar-layout":"default","site-content-layout":"","ast-site-content-layout":"default","site-content-style":"default","site-sidebar-style":"default","ast-global-header-display":"","ast-banner-title-visibility":"","ast-main-header-display":"","ast-hfb-above-header-display":"","ast-hfb-below-header-display":"","ast-hfb-mobile-header-display":"","site-post-title":"","ast-breadcrumbs-content":"","ast-featured-img":"","footer-sml-layout":"","theme-transparent-header-meta":"default","adv-header-id-meta":"","stick-header-meta":"default","header-above-stick-meta":"","header-main-stick-meta":"","header-below-stick-meta":"","astra-migrate-meta-layouts":"set","ast-page-background-enabled":"default","ast-page-background-meta":{"desktop":{"background-color":"","background-image":"","background-repeat":"repeat","background-position":"center center","background-size":"auto","background-attachment":"scroll","background-type":"","background-media":"","overlay-type":"","overlay-color":"","overlay-opacity":"","overlay-gradient":""},"tablet":{"background-color":"","background-image":"","background-repeat":"repeat","background-position":"center center","background-size":"auto","background-attachment":"scroll","background-type":"","background-media":"","overlay-type":"","overlay-color":"","overlay-opacity":"","overlay-gradient":""},"mobile":{"background-color":"","background-image":"","background-repeat":"repeat","background-position":"center center","background-size":"auto","background-attachment":"scroll","background-type":"","background-media":"","overlay-type":"","overlay-color":"","overlay-opacity":"","overlay-gradient":""}},"ast-content-background-meta":{"desktop":{"background-color":"var(--ast-global-color-5)","background-image":"","background-repeat":"repeat","background-position":"center center","background-size":"auto","background-attachment":"scroll","background-type":"","background-media":"","overlay-type":"","overlay-color":"","overlay-opacity":"","overlay-gradient":""},"tablet":{"background-color":"var(--ast-global-color-5)","background-image":"","background-repeat":"repeat","background-position":"center center","background-size":"auto","background-attachment":"scroll","background-type":"","background-media":"","overlay-type":"","overlay-color":"","overlay-opacity":"","overlay-gradient":""},"mobile":{"background-color":"var(--ast-global-color-5)","background-image":"","background-repeat":"repeat","background-position":"center center","background-size":"auto","background-attachment":"scroll","background-type":"","background-media":"","overlay-type":"","overlay-color":"","overlay-opacity":"","overlay-gradient":""}}},"product_brand":[],"product_cat":[50,20,64],"product_tag":[],"class_list":{"0":"post-5246","1":"product","2":"type-product","3":"status-publish","4":"has-post-thumbnail","6":"product_cat-concrete-form-accessories","7":"product_cat-concrete-wall-tie","8":"product_cat-concrete-flat-tie","9":"desktop-align-left","10":"tablet-align-left","11":"mobile-align-left","12":"ast-product-gallery-layout-horizontal-slider","13":"ast-product-tabs-layout-horizontal","15":"first","16":"instock","17":"shipping-taxable","18":"purchasable","19":"product-type-simple"},"yoast_head":"<!-- This site is optimized with the Yoast SEO plugin v25.2 - https:\/\/yoast.com\/wordpress\/plugins\/seo\/ -->\n<title>Flat Tie Wall Tie For Concrete Formwork<\/title>\n<meta name=\"description\" content=\"When it comes to your search for flat ties, we understand that your demands are specific and your expectations are high. Your primary considerations include quality, durability, customization options, and reliable sourcing.\" \/>\n<meta name=\"robots\" content=\"index, follow, max-snippet:-1, max-image-preview:large, max-video-preview:-1\" \/>\n<link rel=\"canonical\" href=\"https:\/\/qingdaohf.com\/ro\/produs\/cravata-plata-cravata-de-perete-pentru-cofraje-de-beton\/\" \/>\n<meta property=\"og:locale\" content=\"ro_RO\" \/>\n<meta property=\"og:type\" content=\"article\" \/>\n<meta property=\"og:title\" content=\"Flat Tie Wall Tie For Concrete Formwork\" \/>\n<meta property=\"og:description\" content=\"When it comes to your search for flat ties, we understand that your demands are specific and your expectations are high. Your primary considerations include quality, durability, customization options, and reliable sourcing.\" \/>\n<meta property=\"og:url\" content=\"https:\/\/qingdaohf.com\/ro\/produs\/cravata-plata-cravata-de-perete-pentru-cofraje-de-beton\/\" \/>\n<meta property=\"og:site_name\" content=\"Concrete Form &amp; Rigging Hardware Supplier\" \/>\n<meta property=\"article:publisher\" content=\"https:\/\/www.facebook.com\/qingdaohf\" \/>\n<meta property=\"article:modified_time\" content=\"2025-11-13T01:04:02+00:00\" \/>\n<meta property=\"og:image\" content=\"https:\/\/qingdaohf.com\/wp-content\/uploads\/2023\/09\/flat-tie-2-1.jpg\" \/>\n\t<meta property=\"og:image:width\" content=\"1000\" \/>\n\t<meta property=\"og:image:height\" content=\"1000\" \/>\n\t<meta property=\"og:image:type\" content=\"image\/jpeg\" \/>\n<meta name=\"twitter:card\" content=\"summary_large_image\" \/>\n<meta name=\"twitter:label1\" content=\"Timp estimat pentru citire\" \/>\n\t<meta name=\"twitter:data1\" content=\"3 minute\" \/>\n<script type=\"application\/ld+json\" class=\"yoast-schema-graph\">{\"@context\":\"https:\/\/schema.org\",\"@graph\":[{\"@type\":\"WebPage\",\"@id\":\"https:\/\/qingdaohf.com\/product\/flat-tie-wall-tie-for-concrete-formwork\/\",\"url\":\"https:\/\/qingdaohf.com\/product\/flat-tie-wall-tie-for-concrete-formwork\/\",\"name\":\"Flat Tie Wall Tie For Concrete Formwork\",\"isPartOf\":{\"@id\":\"https:\/\/qingdaohf.com\/bg\/#website\"},\"primaryImageOfPage\":{\"@id\":\"https:\/\/qingdaohf.com\/product\/flat-tie-wall-tie-for-concrete-formwork\/#primaryimage\"},\"image\":{\"@id\":\"https:\/\/qingdaohf.com\/product\/flat-tie-wall-tie-for-concrete-formwork\/#primaryimage\"},\"thumbnailUrl\":\"https:\/\/qingdaohf.com\/wp-content\/uploads\/2023\/09\/flat-tie-2-1.jpg\",\"datePublished\":\"2023-09-08T06:27:43+00:00\",\"dateModified\":\"2025-11-13T01:04:02+00:00\",\"description\":\"When it comes to your search for flat ties, we understand that your demands are specific and your expectations are high. Your primary considerations include quality, durability, customization options, and reliable sourcing.\",\"breadcrumb\":{\"@id\":\"https:\/\/qingdaohf.com\/product\/flat-tie-wall-tie-for-concrete-formwork\/#breadcrumb\"},\"inLanguage\":\"ro-RO\",\"potentialAction\":[{\"@type\":\"ReadAction\",\"target\":[\"https:\/\/qingdaohf.com\/product\/flat-tie-wall-tie-for-concrete-formwork\/\"]}]},{\"@type\":\"ImageObject\",\"inLanguage\":\"ro-RO\",\"@id\":\"https:\/\/qingdaohf.com\/product\/flat-tie-wall-tie-for-concrete-formwork\/#primaryimage\",\"url\":\"https:\/\/qingdaohf.com\/wp-content\/uploads\/2023\/09\/flat-tie-2-1.jpg\",\"contentUrl\":\"https:\/\/qingdaohf.com\/wp-content\/uploads\/2023\/09\/flat-tie-2-1.jpg\",\"width\":1000,\"height\":1000,\"caption\":\"flat tie\"},{\"@type\":\"BreadcrumbList\",\"@id\":\"https:\/\/qingdaohf.com\/product\/flat-tie-wall-tie-for-concrete-formwork\/#breadcrumb\",\"itemListElement\":[{\"@type\":\"ListItem\",\"position\":1,\"name\":\"Home\",\"item\":\"https:\/\/qingdaohf.com\/\"},{\"@type\":\"ListItem\",\"position\":2,\"name\":\"Concrete Forming Accessories and Rigging Hardware\",\"item\":\"https:\/\/qingdaohf.com\/bg\/?page_id=944\"},{\"@type\":\"ListItem\",\"position\":3,\"name\":\"Flat Tie Wall Tie For Concrete Formwork\"}]},{\"@type\":\"WebSite\",\"@id\":\"https:\/\/qingdaohf.com\/bg\/#website\",\"url\":\"https:\/\/qingdaohf.com\/bg\/\",\"name\":\"Concrete Form & Rigging Hardware Supplier\",\"description\":\"\",\"publisher\":{\"@id\":\"https:\/\/qingdaohf.com\/bg\/#organization\"},\"potentialAction\":[{\"@type\":\"SearchAction\",\"target\":{\"@type\":\"EntryPoint\",\"urlTemplate\":\"https:\/\/qingdaohf.com\/bg\/?s={search_term_string}\"},\"query-input\":{\"@type\":\"PropertyValueSpecification\",\"valueRequired\":true,\"valueName\":\"search_term_string\"}}],\"inLanguage\":\"ro-RO\"},{\"@type\":\"Organization\",\"@id\":\"https:\/\/qingdaohf.com\/bg\/#organization\",\"name\":\"Qingdao H&F\",\"url\":\"https:\/\/qingdaohf.com\/bg\/\",\"logo\":{\"@type\":\"ImageObject\",\"inLanguage\":\"ro-RO\",\"@id\":\"https:\/\/qingdaohf.com\/bg\/#\/schema\/logo\/image\/\",\"url\":\"https:\/\/qingdaohf.com\/wp-content\/uploads\/2022\/12\/cropped-HF-LOGO.png\",\"contentUrl\":\"https:\/\/qingdaohf.com\/wp-content\/uploads\/2022\/12\/cropped-HF-LOGO.png\",\"width\":391,\"height\":249,\"caption\":\"Qingdao H&F\"},\"image\":{\"@id\":\"https:\/\/qingdaohf.com\/bg\/#\/schema\/logo\/image\/\"},\"sameAs\":[\"https:\/\/www.facebook.com\/qingdaohf\"]}]}<\/script>\n<!-- \/ Yoast SEO plugin. -->","yoast_head_json":{"title":"Flat Tie Wall Tie For Concrete Formwork","description":"When it comes to your search for flat ties, we understand that your demands are specific and your expectations are high. Your primary considerations include quality, durability, customization options, and reliable sourcing.","robots":{"index":"index","follow":"follow","max-snippet":"max-snippet:-1","max-image-preview":"max-image-preview:large","max-video-preview":"max-video-preview:-1"},"canonical":"https:\/\/qingdaohf.com\/ro\/produs\/cravata-plata-cravata-de-perete-pentru-cofraje-de-beton\/","og_locale":"ro_RO","og_type":"article","og_title":"Flat Tie Wall Tie For Concrete Formwork","og_description":"When it comes to your search for flat ties, we understand that your demands are specific and your expectations are high. Your primary considerations include quality, durability, customization options, and reliable sourcing.","og_url":"https:\/\/qingdaohf.com\/ro\/produs\/cravata-plata-cravata-de-perete-pentru-cofraje-de-beton\/","og_site_name":"Concrete Form &amp; Rigging Hardware Supplier","article_publisher":"https:\/\/www.facebook.com\/qingdaohf","article_modified_time":"2025-11-13T01:04:02+00:00","og_image":[{"width":1000,"height":1000,"url":"https:\/\/qingdaohf.com\/wp-content\/uploads\/2023\/09\/flat-tie-2-1.jpg","type":"image\/jpeg"}],"twitter_card":"summary_large_image","twitter_misc":{"Timp estimat pentru citire":"3 minute"},"schema":{"@context":"https:\/\/schema.org","@graph":[{"@type":"WebPage","@id":"https:\/\/qingdaohf.com\/product\/flat-tie-wall-tie-for-concrete-formwork\/","url":"https:\/\/qingdaohf.com\/product\/flat-tie-wall-tie-for-concrete-formwork\/","name":"Flat Tie Wall Tie For Concrete Formwork","isPartOf":{"@id":"https:\/\/qingdaohf.com\/bg\/#website"},"primaryImageOfPage":{"@id":"https:\/\/qingdaohf.com\/product\/flat-tie-wall-tie-for-concrete-formwork\/#primaryimage"},"image":{"@id":"https:\/\/qingdaohf.com\/product\/flat-tie-wall-tie-for-concrete-formwork\/#primaryimage"},"thumbnailUrl":"https:\/\/qingdaohf.com\/wp-content\/uploads\/2023\/09\/flat-tie-2-1.jpg","datePublished":"2023-09-08T06:27:43+00:00","dateModified":"2025-11-13T01:04:02+00:00","description":"When it comes to your search for flat ties, we understand that your demands are specific and your expectations are high. Your primary considerations include quality, durability, customization options, and reliable sourcing.","breadcrumb":{"@id":"https:\/\/qingdaohf.com\/product\/flat-tie-wall-tie-for-concrete-formwork\/#breadcrumb"},"inLanguage":"ro-RO","potentialAction":[{"@type":"ReadAction","target":["https:\/\/qingdaohf.com\/product\/flat-tie-wall-tie-for-concrete-formwork\/"]}]},{"@type":"ImageObject","inLanguage":"ro-RO","@id":"https:\/\/qingdaohf.com\/product\/flat-tie-wall-tie-for-concrete-formwork\/#primaryimage","url":"https:\/\/qingdaohf.com\/wp-content\/uploads\/2023\/09\/flat-tie-2-1.jpg","contentUrl":"https:\/\/qingdaohf.com\/wp-content\/uploads\/2023\/09\/flat-tie-2-1.jpg","width":1000,"height":1000,"caption":"flat tie"},{"@type":"BreadcrumbList","@id":"https:\/\/qingdaohf.com\/product\/flat-tie-wall-tie-for-concrete-formwork\/#breadcrumb","itemListElement":[{"@type":"ListItem","position":1,"name":"Home","item":"https:\/\/qingdaohf.com\/"},{"@type":"ListItem","position":2,"name":"Concrete Forming Accessories and Rigging Hardware","item":"https:\/\/qingdaohf.com\/bg\/?page_id=944"},{"@type":"ListItem","position":3,"name":"Flat Tie Wall Tie For Concrete Formwork"}]},{"@type":"WebSite","@id":"https:\/\/qingdaohf.com\/bg\/#website","url":"https:\/\/qingdaohf.com\/bg\/","name":"Concrete Form & Rigging Hardware Supplier","description":"","publisher":{"@id":"https:\/\/qingdaohf.com\/bg\/#organization"},"potentialAction":[{"@type":"SearchAction","target":{"@type":"EntryPoint","urlTemplate":"https:\/\/qingdaohf.com\/bg\/?s={search_term_string}"},"query-input":{"@type":"PropertyValueSpecification","valueRequired":true,"valueName":"search_term_string"}}],"inLanguage":"ro-RO"},{"@type":"Organization","@id":"https:\/\/qingdaohf.com\/bg\/#organization","name":"Qingdao H&F","url":"https:\/\/qingdaohf.com\/bg\/","logo":{"@type":"ImageObject","inLanguage":"ro-RO","@id":"https:\/\/qingdaohf.com\/bg\/#\/schema\/logo\/image\/","url":"https:\/\/qingdaohf.com\/wp-content\/uploads\/2022\/12\/cropped-HF-LOGO.png","contentUrl":"https:\/\/qingdaohf.com\/wp-content\/uploads\/2022\/12\/cropped-HF-LOGO.png","width":391,"height":249,"caption":"Qingdao H&F"},"image":{"@id":"https:\/\/qingdaohf.com\/bg\/#\/schema\/logo\/image\/"},"sameAs":["https:\/\/www.facebook.com\/qingdaohf"]}]}},"_links":{"self":[{"href":"https:\/\/qingdaohf.com\/ro\/wp-json\/wp\/v2\/product\/5246","targetHints":{"allow":["GET"]}}],"collection":[{"href":"https:\/\/qingdaohf.com\/ro\/wp-json\/wp\/v2\/product"}],"about":[{"href":"https:\/\/qingdaohf.com\/ro\/wp-json\/wp\/v2\/types\/product"}],"replies":[{"embeddable":true,"href":"https:\/\/qingdaohf.com\/ro\/wp-json\/wp\/v2\/comments?post=5246"}],"version-history":[{"count":4,"href":"https:\/\/qingdaohf.com\/ro\/wp-json\/wp\/v2\/product\/5246\/revisions"}],"predecessor-version":[{"id":5317,"href":"https:\/\/qingdaohf.com\/ro\/wp-json\/wp\/v2\/product\/5246\/revisions\/5317"}],"wp:featuredmedia":[{"embeddable":true,"href":"https:\/\/qingdaohf.com\/ro\/wp-json\/wp\/v2\/media\/5314"}],"wp:attachment":[{"href":"https:\/\/qingdaohf.com\/ro\/wp-json\/wp\/v2\/media?parent=5246"}],"wp:term":[{"taxonomy":"product_brand","embeddable":true,"href":"https:\/\/qingdaohf.com\/ro\/wp-json\/wp\/v2\/product_brand?post=5246"},{"taxonomy":"product_cat","embeddable":true,"href":"https:\/\/qingdaohf.com\/ro\/wp-json\/wp\/v2\/product_cat?post=5246"},{"taxonomy":"product_tag","embeddable":true,"href":"https:\/\/qingdaohf.com\/ro\/wp-json\/wp\/v2\/product_tag?post=5246"}],"curies":[{"name":"wp","href":"https:\/\/api.w.org\/{rel}","templated":true}]}}