{"id":5473,"date":"2023-10-23T14:14:46","date_gmt":"2023-10-23T06:14:46","guid":{"rendered":"http:\/\/qingdaohf.com\/?post_type=product&#038;p=5473"},"modified":"2025-11-13T09:04:02","modified_gmt":"2025-11-13T01:04:02","slug":"webbing-sling-oem","status":"publish","type":"product","link":"https:\/\/qingdaohf.com\/ro\/produs\/panglica-sling-oem\/","title":{"rendered":"Webbing Sling OEM"},"content":{"rendered":"<p><img fetchpriority=\"high\" decoding=\"async\" class=\"alignnone wp-image-5962 size-full\" src=\"http:\/\/qingdaohf.com\/wp-content\/uploads\/2023\/10\/HF-SLINGS-1-scaled.jpg\" alt=\"SLINGS HF \" width=\"1686\" height=\"1920\" srcset=\"https:\/\/qingdaohf.com\/wp-content\/uploads\/2023\/10\/HF-SLINGS-1-scaled.jpg 1686w, https:\/\/qingdaohf.com\/wp-content\/uploads\/2023\/10\/HF-SLINGS-1-264x300.jpg 264w, https:\/\/qingdaohf.com\/wp-content\/uploads\/2023\/10\/HF-SLINGS-1-899x1024.jpg 899w, https:\/\/qingdaohf.com\/wp-content\/uploads\/2023\/10\/HF-SLINGS-1-768x874.jpg 768w, https:\/\/qingdaohf.com\/wp-content\/uploads\/2023\/10\/HF-SLINGS-1-1349x1536.jpg 1349w, https:\/\/qingdaohf.com\/wp-content\/uploads\/2023\/10\/HF-SLINGS-1-1799x2048.jpg 1799w, https:\/\/qingdaohf.com\/wp-content\/uploads\/2023\/10\/HF-SLINGS-1-1000x1139.jpg 1000w\" sizes=\"(max-width: 1686px) 100vw, 1686px\" \/><\/p>\n<h3><strong>Asigurarea calit\u0103\u021bii:<\/strong><\/h3>\n<p>cea mai \u00eenalt\u0103 calitate a chingilor este extrem de important\u0103 pentru siguran\u021ba \u0219i fiabilitatea \u00een diverse aplica\u021bii.<\/p>\n<p>Solu\u021bie: Implementa\u021bi procese riguroase de control al calit\u0103\u021bii, inclusiv inspec\u021bii ale materialelor, verific\u0103ri ale produc\u021biei \u0219i certific\u0103ri ale ter\u021bilor.<\/p>\n<h3><strong>Op\u021biuni de personalizare:<\/strong><\/h3>\n<p>Problem\u0103: Solu\u021biile personalizate sunt esen\u021biale pentru a \u00eendeplini cerin\u021bele specifice ale proiectului \u0219i standardele industriale.<\/p>\n<p>Solu\u021bie: Oferi\u021bi o gam\u0103 larg\u0103 de op\u021biuni de personalizare, inclusiv dimensiune, lungime, capacitate de \u00eenc\u0103rcare \u0219i coduri de culori, pentru a r\u0103spunde nevoilor diverse ale clien\u021bilor.<\/p>\n<h3><strong>Competitivitatea costurilor:<\/strong><\/h3>\n<p>Problema: G\u0103sirea echilibrului corect \u00eentre calitate \u0219i cost este esen\u021bial\u0103 pentru men\u021binerea competitivit\u0103\u021bii pe pia\u021b\u0103.<\/p>\n<p>Solu\u021bie: Optimiza\u021bi procesele de fabrica\u021bie, negocia\u021bi cu furnizorii \u0219i valorifica\u021bi economiile de scar\u0103 pentru a oferi solu\u021bii OEM rentabile pentru chingile de chingi.<\/p>\n<h3><strong>Livrare la timp:<\/strong><\/h3>\n<p>Problema: Respectarea termenelor proiectelor este esen\u021bial\u0103; \u00eent\u00e2rzierile \u00een livrare pot perturba opera\u021biunile \u0219i afecta satisfac\u021bia clien\u021bilor.<\/p>\n<p>Solu\u021bie: Eficientizarea programelor de produc\u021bie, men\u021binerea unor stocuri ample \u0219i stabilirea unei logistici eficiente pentru a asigura livrarea la timp.<\/p>\n<h3><strong>Inovare \u0219i tehnologie:<\/strong><\/h3>\n<p>Problem\u0103: R\u0103m\u00e2nerea \u00een fruntea progreselor tehnologice \u0219i a inova\u021biilor din industrie este esen\u021bial\u0103 pentru furnizarea de solu\u021bii de ultim\u0103 or\u0103.<\/p>\n<p>Solu\u021bie: Investi\u021bi \u00een cercetare \u0219i dezvoltare, colabora\u021bi cu exper\u021bi din industrie \u0219i moderniza\u021bi continuu procesele de produc\u021bie pentru a \u00eencorpora cele mai recente tehnologii.<\/p>\n<h3><strong>Sustenabilitatea mediului:<\/strong><\/h3>\n<p>Problem\u0103: Accentul tot mai mare pus pe practicile durabile necesit\u0103 un angajament fa\u021b\u0103 de procesele \u0219i materialele de fabrica\u021bie ecologice.<\/p>\n<p>Solu\u021bie: Adopta\u021bi practici de aprovizionare, fabricare \u0219i eliminare responsabile fa\u021b\u0103 de mediu \u0219i ob\u021bine\u021bi certific\u0103ri relevante pentru a demonstra angajamentul fa\u021b\u0103 de durabilitate.<\/p>\n<p>&nbsp;<\/p>\n<h2><strong>Modul \u00een care compania noastr\u0103 satisface nevoile OEM de chingi cu band\u0103:<\/strong><\/h2>\n<p>Compania noastr\u0103 sprijin\u0103 serviciile OEM \u0219i ODM. Satisface\u021bi orice nevoie de care ave\u021bi nevoie.<\/p>\n<h3><strong>Control riguros al calit\u0103\u021bii:<\/strong><\/h3>\n<p>Compania noastr\u0103 ader\u0103 la procese riguroase de control al calit\u0103\u021bii, efectu\u00e2nd inspec\u021bii am\u0103nun\u021bite ale materialelor, verific\u0103ri \u00een proces \u0219i ob\u021bin\u00e2nd certific\u0103ri de la organiza\u021bii ter\u021be recunoscute.<\/p>\n<h3><strong>Personalizare versatil\u0103:<\/strong><\/h3>\n<p>Oferim o gam\u0103 variat\u0103 de op\u021biuni de personalizare, permi\u021b\u00e2nd clien\u021bilor s\u0103 specifice dimensiunile, capacit\u0103\u021bile de \u00eenc\u0103rcare \u0219i al\u021bi parametri, asigur\u00e2ndu-ne c\u0103 chingile noastre se aliniaz\u0103 perfect cu cerin\u021bele lor unice.<\/p>\n<h3><strong>Solu\u021bii eficiente din punct de vedere al costurilor:<\/strong><\/h3>\n<p>Prin negocieri strategice cu furnizorii, optimizarea proceselor \u0219i valorificarea economiilor de scar\u0103, oferim \u00een mod constant solu\u021bii OEM competitive din punct de vedere al costurilor, f\u0103r\u0103 a compromite calitatea.<\/p>\n<h3><strong>Livrare la timp \u0219i de \u00eencredere:<\/strong><\/h3>\n<p>Programele noastre de produc\u021bie ra\u021bionalizate, gestionarea extins\u0103 a stocurilor \u0219i logistica eficient\u0103 asigur\u0103 faptul c\u0103 clien\u021bii no\u0219tri primesc comenzile de chingi la timp, contribuind la succesul proiectelor lor.<\/p>\n<h3><strong>Angajamentul fa\u021b\u0103 de inovare:<\/strong><\/h3>\n<p>Compania noastr\u0103 acord\u0103 prioritate inova\u021biei investind \u00een cercetare \u0219i dezvoltare, colabor\u00e2nd cu exper\u021bi din industrie \u0219i actualiz\u00e2nd \u00een mod regulat procesele noastre de produc\u021bie pentru a \u00eencorpora cele mai recente progrese tehnologice.<\/p>\n<h3><strong>Responsabilitatea fa\u021b\u0103 de mediu:<\/strong><\/h3>\n<p>Suntem dedica\u021bi sustenabilit\u0103\u021bii mediului prin adoptarea unor practici de aprovizionare ecologice, implementarea unor procese de produc\u021bie ecologice \u0219i ob\u021binerea unor certific\u0103ri relevante care s\u0103 demonstreze dedicarea noastr\u0103 pentru un viitor mai ecologic.<\/p>\n<h3><strong>Livrare la timp:<\/strong><\/h3>\n<p>Site-ul web va sublinia angajamentul nostru de a livra la timp prin planificarea eficient\u0103 a produc\u021biei, gestionarea stocurilor \u0219i o re\u021bea logistic\u0103 fiabil\u0103, prezent\u00e2nd exemple anterioare de respectare cu succes a termenelor limit\u0103 ale proiectelor.<\/p>\n<h3><strong>Inovare \u0219i tehnologie:<\/strong><\/h3>\n<p>Site-ul va prezenta dedicarea noastr\u0103 pentru inovare, detaliind investi\u021biile noastre \u00een cercetare \u0219i dezvoltare, colabor\u0103rile cu exper\u021bi din industrie \u0219i actualiz\u0103rile periodice ale proceselor noastre de produc\u021bie pentru a \u00eencorpora cele mai recente tehnologii.<\/p>\n<h3><strong>Sustenabilitatea mediului:<\/strong><\/h3>\n<p>Angajamentul nostru fa\u021b\u0103 de responsabilitatea fa\u021b\u0103 de mediu va fi eviden\u021biat pe site-ul web, detaliind practicile noastre ecologice de aprovizionare, procesele de produc\u021bie ecologice \u0219i certific\u0103rile ob\u021binute pentru a demonstra dedicarea noastr\u0103 pentru durabilitate.<\/p>\n<p>Prin abordarea acestor probleme critice \u0219i prezentarea transparent\u0103 a solu\u021biilor noastre pe site-ul web, compania noastr\u0103 \u00ee\u0219i va demonstra \u00een mod eficient capacitatea de a satisface nevoile cump\u0103r\u0103torilor OEM de chingi cu chingi.<\/p>","protected":false},"excerpt":{"rendered":"<p>Serviciile noastre OEM v\u0103 permit s\u0103 defini\u021bi cu precizie capacitatea de \u00eenc\u0103rcare, lungimea, l\u0103\u021bimea, materialul, codul de culori \u0219i orice al\u021bi parametri esen\u021biali. Colabor\u0103m \u00eendeaproape cu dvs. pentru a ne asigura c\u0103 chingile pe care le oferim se potrivesc perfect cu aplica\u021bia dorit\u0103. Fie c\u0103 ave\u021bi nevoie de o sling\u0103 industrial\u0103 pentru sarcini grele sau de o solu\u021bie specializat\u0103, putem personaliza produsele noastre \u00een consecin\u021b\u0103.<\/p>","protected":false},"featured_media":5232,"comment_status":"open","ping_status":"closed","template":"","meta":{"site-sidebar-layout":"default","site-content-layout":"","ast-site-content-layout":"default","site-content-style":"default","site-sidebar-style":"default","ast-global-header-display":"","ast-banner-title-visibility":"","ast-main-header-display":"","ast-hfb-above-header-display":"","ast-hfb-below-header-display":"","ast-hfb-mobile-header-display":"","site-post-title":"","ast-breadcrumbs-content":"","ast-featured-img":"","footer-sml-layout":"","theme-transparent-header-meta":"default","adv-header-id-meta":"","stick-header-meta":"default","header-above-stick-meta":"","header-main-stick-meta":"","header-below-stick-meta":"","astra-migrate-meta-layouts":"set","ast-page-background-enabled":"default","ast-page-background-meta":{"desktop":{"background-color":"","background-image":"","background-repeat":"repeat","background-position":"center center","background-size":"auto","background-attachment":"scroll","background-type":"","background-media":"","overlay-type":"","overlay-color":"","overlay-opacity":"","overlay-gradient":""},"tablet":{"background-color":"","background-image":"","background-repeat":"repeat","background-position":"center center","background-size":"auto","background-attachment":"scroll","background-type":"","background-media":"","overlay-type":"","overlay-color":"","overlay-opacity":"","overlay-gradient":""},"mobile":{"background-color":"","background-image":"","background-repeat":"repeat","background-position":"center center","background-size":"auto","background-attachment":"scroll","background-type":"","background-media":"","overlay-type":"","overlay-color":"","overlay-opacity":"","overlay-gradient":""}},"ast-content-background-meta":{"desktop":{"background-color":"var(--ast-global-color-5)","background-image":"","background-repeat":"repeat","background-position":"center center","background-size":"auto","background-attachment":"scroll","background-type":"","background-media":"","overlay-type":"","overlay-color":"","overlay-opacity":"","overlay-gradient":""},"tablet":{"background-color":"var(--ast-global-color-5)","background-image":"","background-repeat":"repeat","background-position":"center center","background-size":"auto","background-attachment":"scroll","background-type":"","background-media":"","overlay-type":"","overlay-color":"","overlay-opacity":"","overlay-gradient":""},"mobile":{"background-color":"var(--ast-global-color-5)","background-image":"","background-repeat":"repeat","background-position":"center center","background-size":"auto","background-attachment":"scroll","background-type":"","background-media":"","overlay-type":"","overlay-color":"","overlay-opacity":"","overlay-gradient":""}}},"product_brand":[],"product_cat":[51,39],"product_tag":[],"class_list":{"0":"post-5473","1":"product","2":"type-product","3":"status-publish","4":"has-post-thumbnail","6":"product_cat-riggging-hardware","7":"product_cat-webbing-sling","8":"desktop-align-left","9":"tablet-align-left","10":"mobile-align-left","11":"ast-product-gallery-layout-horizontal-slider","12":"ast-product-tabs-layout-horizontal","14":"first","15":"instock","16":"shipping-taxable","17":"purchasable","18":"product-type-simple"},"yoast_head":"<!-- This site is optimized with the Yoast SEO plugin v25.2 - https:\/\/yoast.com\/wordpress\/plugins\/seo\/ -->\n<title>Webbing Sling OEM<\/title>\n<meta name=\"description\" content=\"Our OEM services allow you to define the precise load capacity, length, width, material, color coding, and any other essential parameters.\" \/>\n<meta name=\"robots\" content=\"index, follow, max-snippet:-1, max-image-preview:large, max-video-preview:-1\" \/>\n<link rel=\"canonical\" href=\"https:\/\/qingdaohf.com\/ro\/produs\/panglica-sling-oem\/\" \/>\n<meta property=\"og:locale\" content=\"ro_RO\" \/>\n<meta property=\"og:type\" content=\"article\" \/>\n<meta property=\"og:title\" content=\"Webbing Sling OEM\" \/>\n<meta property=\"og:description\" content=\"Our OEM services allow you to define the precise load capacity, length, width, material, color coding, and any other essential parameters.\" \/>\n<meta property=\"og:url\" content=\"https:\/\/qingdaohf.com\/ro\/produs\/panglica-sling-oem\/\" \/>\n<meta property=\"og:site_name\" content=\"Concrete Form &amp; Rigging Hardware Supplier\" \/>\n<meta property=\"article:publisher\" content=\"https:\/\/www.facebook.com\/qingdaohf\" \/>\n<meta property=\"article:modified_time\" content=\"2025-11-13T01:04:02+00:00\" \/>\n<meta property=\"og:image\" content=\"https:\/\/qingdaohf.com\/wp-content\/uploads\/2023\/10\/sling.jpg\" \/>\n\t<meta property=\"og:image:width\" content=\"1019\" \/>\n\t<meta property=\"og:image:height\" content=\"563\" \/>\n\t<meta property=\"og:image:type\" content=\"image\/jpeg\" \/>\n<meta name=\"twitter:card\" content=\"summary_large_image\" \/>\n<meta name=\"twitter:label1\" content=\"Timp estimat pentru citire\" \/>\n\t<meta name=\"twitter:data1\" content=\"3 minute\" \/>\n<script type=\"application\/ld+json\" class=\"yoast-schema-graph\">{\"@context\":\"https:\/\/schema.org\",\"@graph\":[{\"@type\":\"WebPage\",\"@id\":\"https:\/\/qingdaohf.com\/product\/webbing-sling-oem\/\",\"url\":\"https:\/\/qingdaohf.com\/product\/webbing-sling-oem\/\",\"name\":\"Webbing Sling OEM\",\"isPartOf\":{\"@id\":\"https:\/\/qingdaohf.com\/bg\/#website\"},\"primaryImageOfPage\":{\"@id\":\"https:\/\/qingdaohf.com\/product\/webbing-sling-oem\/#primaryimage\"},\"image\":{\"@id\":\"https:\/\/qingdaohf.com\/product\/webbing-sling-oem\/#primaryimage\"},\"thumbnailUrl\":\"https:\/\/qingdaohf.com\/wp-content\/uploads\/2023\/04\/webbling-sling-2-1.jpg\",\"datePublished\":\"2023-10-23T06:14:46+00:00\",\"dateModified\":\"2025-11-13T01:04:02+00:00\",\"description\":\"Our OEM services allow you to define the precise load capacity, length, width, material, color coding, and any other essential parameters.\",\"breadcrumb\":{\"@id\":\"https:\/\/qingdaohf.com\/product\/webbing-sling-oem\/#breadcrumb\"},\"inLanguage\":\"ro-RO\",\"potentialAction\":[{\"@type\":\"ReadAction\",\"target\":[\"https:\/\/qingdaohf.com\/product\/webbing-sling-oem\/\"]}]},{\"@type\":\"ImageObject\",\"inLanguage\":\"ro-RO\",\"@id\":\"https:\/\/qingdaohf.com\/product\/webbing-sling-oem\/#primaryimage\",\"url\":\"https:\/\/qingdaohf.com\/wp-content\/uploads\/2023\/04\/webbling-sling-2-1.jpg\",\"contentUrl\":\"https:\/\/qingdaohf.com\/wp-content\/uploads\/2023\/04\/webbling-sling-2-1.jpg\",\"width\":1000,\"height\":1000,\"caption\":\"webbling sling\"},{\"@type\":\"BreadcrumbList\",\"@id\":\"https:\/\/qingdaohf.com\/product\/webbing-sling-oem\/#breadcrumb\",\"itemListElement\":[{\"@type\":\"ListItem\",\"position\":1,\"name\":\"Home\",\"item\":\"https:\/\/qingdaohf.com\/\"},{\"@type\":\"ListItem\",\"position\":2,\"name\":\"Concrete Forming Accessories and Rigging Hardware\",\"item\":\"https:\/\/qingdaohf.com\/bg\/?page_id=944\"},{\"@type\":\"ListItem\",\"position\":3,\"name\":\"Webbing Sling OEM\"}]},{\"@type\":\"WebSite\",\"@id\":\"https:\/\/qingdaohf.com\/bg\/#website\",\"url\":\"https:\/\/qingdaohf.com\/bg\/\",\"name\":\"Concrete Form & Rigging Hardware Supplier\",\"description\":\"\",\"publisher\":{\"@id\":\"https:\/\/qingdaohf.com\/bg\/#organization\"},\"potentialAction\":[{\"@type\":\"SearchAction\",\"target\":{\"@type\":\"EntryPoint\",\"urlTemplate\":\"https:\/\/qingdaohf.com\/bg\/?s={search_term_string}\"},\"query-input\":{\"@type\":\"PropertyValueSpecification\",\"valueRequired\":true,\"valueName\":\"search_term_string\"}}],\"inLanguage\":\"ro-RO\"},{\"@type\":\"Organization\",\"@id\":\"https:\/\/qingdaohf.com\/bg\/#organization\",\"name\":\"Qingdao H&F\",\"url\":\"https:\/\/qingdaohf.com\/bg\/\",\"logo\":{\"@type\":\"ImageObject\",\"inLanguage\":\"ro-RO\",\"@id\":\"https:\/\/qingdaohf.com\/bg\/#\/schema\/logo\/image\/\",\"url\":\"https:\/\/qingdaohf.com\/wp-content\/uploads\/2022\/12\/cropped-HF-LOGO.png\",\"contentUrl\":\"https:\/\/qingdaohf.com\/wp-content\/uploads\/2022\/12\/cropped-HF-LOGO.png\",\"width\":391,\"height\":249,\"caption\":\"Qingdao H&F\"},\"image\":{\"@id\":\"https:\/\/qingdaohf.com\/bg\/#\/schema\/logo\/image\/\"},\"sameAs\":[\"https:\/\/www.facebook.com\/qingdaohf\"]}]}<\/script>\n<!-- \/ Yoast SEO plugin. -->","yoast_head_json":{"title":"Webbing Sling OEM","description":"Our OEM services allow you to define the precise load capacity, length, width, material, color coding, and any other essential parameters.","robots":{"index":"index","follow":"follow","max-snippet":"max-snippet:-1","max-image-preview":"max-image-preview:large","max-video-preview":"max-video-preview:-1"},"canonical":"https:\/\/qingdaohf.com\/ro\/produs\/panglica-sling-oem\/","og_locale":"ro_RO","og_type":"article","og_title":"Webbing Sling OEM","og_description":"Our OEM services allow you to define the precise load capacity, length, width, material, color coding, and any other essential parameters.","og_url":"https:\/\/qingdaohf.com\/ro\/produs\/panglica-sling-oem\/","og_site_name":"Concrete Form &amp; Rigging Hardware Supplier","article_publisher":"https:\/\/www.facebook.com\/qingdaohf","article_modified_time":"2025-11-13T01:04:02+00:00","og_image":[{"width":1019,"height":563,"url":"https:\/\/qingdaohf.com\/wp-content\/uploads\/2023\/10\/sling.jpg","type":"image\/jpeg"}],"twitter_card":"summary_large_image","twitter_misc":{"Timp estimat pentru citire":"3 minute"},"schema":{"@context":"https:\/\/schema.org","@graph":[{"@type":"WebPage","@id":"https:\/\/qingdaohf.com\/product\/webbing-sling-oem\/","url":"https:\/\/qingdaohf.com\/product\/webbing-sling-oem\/","name":"Webbing Sling OEM","isPartOf":{"@id":"https:\/\/qingdaohf.com\/bg\/#website"},"primaryImageOfPage":{"@id":"https:\/\/qingdaohf.com\/product\/webbing-sling-oem\/#primaryimage"},"image":{"@id":"https:\/\/qingdaohf.com\/product\/webbing-sling-oem\/#primaryimage"},"thumbnailUrl":"https:\/\/qingdaohf.com\/wp-content\/uploads\/2023\/04\/webbling-sling-2-1.jpg","datePublished":"2023-10-23T06:14:46+00:00","dateModified":"2025-11-13T01:04:02+00:00","description":"Our OEM services allow you to define the precise load capacity, length, width, material, color coding, and any other essential parameters.","breadcrumb":{"@id":"https:\/\/qingdaohf.com\/product\/webbing-sling-oem\/#breadcrumb"},"inLanguage":"ro-RO","potentialAction":[{"@type":"ReadAction","target":["https:\/\/qingdaohf.com\/product\/webbing-sling-oem\/"]}]},{"@type":"ImageObject","inLanguage":"ro-RO","@id":"https:\/\/qingdaohf.com\/product\/webbing-sling-oem\/#primaryimage","url":"https:\/\/qingdaohf.com\/wp-content\/uploads\/2023\/04\/webbling-sling-2-1.jpg","contentUrl":"https:\/\/qingdaohf.com\/wp-content\/uploads\/2023\/04\/webbling-sling-2-1.jpg","width":1000,"height":1000,"caption":"webbling sling"},{"@type":"BreadcrumbList","@id":"https:\/\/qingdaohf.com\/product\/webbing-sling-oem\/#breadcrumb","itemListElement":[{"@type":"ListItem","position":1,"name":"Home","item":"https:\/\/qingdaohf.com\/"},{"@type":"ListItem","position":2,"name":"Concrete Forming Accessories and Rigging Hardware","item":"https:\/\/qingdaohf.com\/bg\/?page_id=944"},{"@type":"ListItem","position":3,"name":"Webbing Sling OEM"}]},{"@type":"WebSite","@id":"https:\/\/qingdaohf.com\/bg\/#website","url":"https:\/\/qingdaohf.com\/bg\/","name":"Concrete Form & Rigging Hardware Supplier","description":"","publisher":{"@id":"https:\/\/qingdaohf.com\/bg\/#organization"},"potentialAction":[{"@type":"SearchAction","target":{"@type":"EntryPoint","urlTemplate":"https:\/\/qingdaohf.com\/bg\/?s={search_term_string}"},"query-input":{"@type":"PropertyValueSpecification","valueRequired":true,"valueName":"search_term_string"}}],"inLanguage":"ro-RO"},{"@type":"Organization","@id":"https:\/\/qingdaohf.com\/bg\/#organization","name":"Qingdao H&F","url":"https:\/\/qingdaohf.com\/bg\/","logo":{"@type":"ImageObject","inLanguage":"ro-RO","@id":"https:\/\/qingdaohf.com\/bg\/#\/schema\/logo\/image\/","url":"https:\/\/qingdaohf.com\/wp-content\/uploads\/2022\/12\/cropped-HF-LOGO.png","contentUrl":"https:\/\/qingdaohf.com\/wp-content\/uploads\/2022\/12\/cropped-HF-LOGO.png","width":391,"height":249,"caption":"Qingdao H&F"},"image":{"@id":"https:\/\/qingdaohf.com\/bg\/#\/schema\/logo\/image\/"},"sameAs":["https:\/\/www.facebook.com\/qingdaohf"]}]}},"_links":{"self":[{"href":"https:\/\/qingdaohf.com\/ro\/wp-json\/wp\/v2\/product\/5473","targetHints":{"allow":["GET"]}}],"collection":[{"href":"https:\/\/qingdaohf.com\/ro\/wp-json\/wp\/v2\/product"}],"about":[{"href":"https:\/\/qingdaohf.com\/ro\/wp-json\/wp\/v2\/types\/product"}],"replies":[{"embeddable":true,"href":"https:\/\/qingdaohf.com\/ro\/wp-json\/wp\/v2\/comments?post=5473"}],"version-history":[{"count":8,"href":"https:\/\/qingdaohf.com\/ro\/wp-json\/wp\/v2\/product\/5473\/revisions"}],"predecessor-version":[{"id":6943,"href":"https:\/\/qingdaohf.com\/ro\/wp-json\/wp\/v2\/product\/5473\/revisions\/6943"}],"wp:featuredmedia":[{"embeddable":true,"href":"https:\/\/qingdaohf.com\/ro\/wp-json\/wp\/v2\/media\/5232"}],"wp:attachment":[{"href":"https:\/\/qingdaohf.com\/ro\/wp-json\/wp\/v2\/media?parent=5473"}],"wp:term":[{"taxonomy":"product_brand","embeddable":true,"href":"https:\/\/qingdaohf.com\/ro\/wp-json\/wp\/v2\/product_brand?post=5473"},{"taxonomy":"product_cat","embeddable":true,"href":"https:\/\/qingdaohf.com\/ro\/wp-json\/wp\/v2\/product_cat?post=5473"},{"taxonomy":"product_tag","embeddable":true,"href":"https:\/\/qingdaohf.com\/ro\/wp-json\/wp\/v2\/product_tag?post=5473"}],"curies":[{"name":"wp","href":"https:\/\/api.w.org\/{rel}","templated":true}]}}