{"id":5799,"date":"2023-11-23T11:35:43","date_gmt":"2023-11-23T03:35:43","guid":{"rendered":"http:\/\/qingdaohf.com\/?post_type=product&#038;p=5799"},"modified":"2025-11-13T09:04:01","modified_gmt":"2025-11-13T01:04:01","slug":"towing-shackle","status":"publish","type":"product","link":"https:\/\/qingdaohf.com\/ro\/produs\/carlig-de-remorcare\/","title":{"rendered":"Cataram\u0103 de remorcare"},"content":{"rendered":"<h2>Avantajele c\u0103tu\u0219elor noastre de remorcare:<\/h2>\n<h3>Rezisten\u021b\u0103 ridicat\u0103 la trac\u021biune:<\/h3>\n<p>C\u00e2rligele noastre de remorcare au o rezisten\u021b\u0103 superioar\u0103 la trac\u021biune, asigur\u00e2nd o performan\u021b\u0103 fiabil\u0103 la sarcini grele. Clien\u021bii dvs. cer calitate, iar noi le oferim.<\/p>\n<h3>Rezisten\u021ba la coroziune:<\/h3>\n<p>O caracteristic\u0103 remarcabil\u0103 a lan\u021burilor noastre este rezisten\u021ba lor excep\u021bional\u0103 la coroziune. Prin materiale \u0219i acoperiri inovatoare, asigur\u0103m o durat\u0103 de via\u021b\u0103 prelungit\u0103, f\u0103c\u00e2ndu-le ideale pentru diverse medii, de la aplica\u021bii marine la medii industriale dure.<\/p>\n<h3>Inginerie de precizie:<\/h3>\n<p>Fiecare c\u0103tu\u0219\u0103 este meticulos proiectat\u0103 pentru precizie. Acest lucru asigur\u0103 o potrivire perfect\u0103, reduc\u00e2nd uzura \u0219i deteriorarea \u0219i sporind siguran\u021ba general\u0103 \u00een timpul opera\u021biunilor de remorcare.<\/p>\n<h3>Versatilitate \u00een aplica\u021bii:<\/h3>\n<p>C\u00e2rligele noastre de remorcare sunt proiectate \u021bin\u00e2nd cont de versatilitate. Fie c\u0103 este vorba de remorcare comercial\u0103 \u00een condi\u021bii grele sau de aplica\u021bii industriale specializate, produsele noastre r\u0103spund unei game largi de nevoi, ceea ce le transform\u0103 \u00eentr-o solu\u021bie ideal\u0103 pentru diverse sectoare.<\/p>\n<h3>Conformitatea cu standardele din industrie:<\/h3>\n<p>Ne m\u00e2ndrim cu dep\u0103\u0219irea standardelor din industrie. C\u00e2rligele noastre de remorcare nu sunt doar conforme; ele merg mai departe, \u00eendeplinind sau dep\u0103\u0219ind reglement\u0103rile pentru a asigura cel mai \u00eenalt nivel de siguran\u021b\u0103 \u0219i fiabilitate.<\/p>\n<h2>Preocup\u0103rile dumneavoastr\u0103, solu\u021biile noastre:<\/h2>\n<h3>Asigurarea calit\u0103\u021bii produselor:<\/h3>\n<p>C\u0103tu\u0219ele noastre de remorcare sunt supuse unor inspec\u021bii de calitate riguroase, respect\u00e2nd \u0219i dep\u0103\u0219ind standardele din industrie. Rezisten\u021ba ridicat\u0103 la trac\u021biune \u0219i rezisten\u021ba la coroziune sunt elemente cheie care diferen\u021biaz\u0103 produsele noastre.<\/p>\n<h3>Credibilitatea furnizorilor:<\/h3>\n<p>Cu 20 de ani de experien\u021b\u0103, am devenit o companie de comer\u021b exterior de \u00eencredere cu propria noastr\u0103 fabric\u0103. Ingineria de precizie a lan\u021burilor noastre reflect\u0103 angajamentul nostru fa\u021b\u0103 de fiabilitate \u0219i excelen\u021b\u0103.<\/p>\n<h3>Competitivitatea pre\u021burilor:<\/h3>\n<p>Oferim pre\u021buri competitive f\u0103r\u0103 a compromite calitatea c\u0103tu\u0219elor noastre de remorcare. Valoarea pe care o aduc, \u00een special prin versatilitatea lor \u0219i conformitatea cu standardele din industrie, v\u0103 asigur\u0103 c\u0103 ob\u021bine\u021bi maximum din investi\u021bia dumneavoastr\u0103.<\/p>\n<h3>Transport \u0219i livrare:<\/h3>\n<p>Logistica noastr\u0103 eficient\u0103 asigur\u0103 livrarea la timp, iar caracteristicile rezistente la coroziune ale c\u0103tu\u0219elor noastre garanteaz\u0103 c\u0103 acestea ajung \u00een stare excelent\u0103.<\/p>\n<h3>Op\u021biuni de personalizare:<\/h3>\n<p>C\u00e2rligele noastre de remorcare suport\u0103 personalizarea pentru a v\u0103 satisface nevoile specifice. Fie c\u0103 este vorba de ajustarea rezisten\u021bei la trac\u021biune sau de alte specifica\u021bii, ingineria noastr\u0103 de precizie permite solu\u021bii personalizate.<\/p>\n<h3>Condi\u021bii de plat\u0103:<\/h3>\n<p>Negocia\u021bi termene de plat\u0103 care se aliniaz\u0103 capacit\u0103\u021bilor dvs. financiare. Angajamentul nostru fa\u021b\u0103 de calitate \u0219i conformitate v\u0103 asigur\u0103 c\u0103 investi\u021bia dumneavoastr\u0103 este sigur\u0103.<\/p>\n<h3>Comunicare \u0219i receptivitate:<\/h3>\n<p>Serviciul nostru dedicat clien\u021bilor asigur\u0103 o comunicare prompt\u0103 \u0219i eficient\u0103 pe tot parcursul procesului de achizi\u021bie. Orice \u00eentreb\u0103ri sau preocup\u0103ri sunt abordate cu precizia care reflect\u0103 ingineria produselor noastre.<\/p>\n<h3>Asisten\u021b\u0103 post-v\u00e2nzare:<\/h3>\n<p>Informa\u021bi-v\u0103 cu privire la asisten\u021ba post-v\u00e2nzare \u0219i politicile de garan\u021bie ale furnizorului. Filozofia noastr\u0103 de \u00eembun\u0103t\u0103\u021bire continu\u0103 asigur\u0103 un sprijin continuu p\u00e2n\u0103 c\u00e2nd bunurile sunt livrate \u0219i \u00eendeplinesc sau dep\u0103\u0219esc a\u0219tept\u0103rile dumneavoastr\u0103.<\/p>\n<p>\u00cembun\u0103t\u0103\u021bi\u021bi-v\u0103 jocul B2B cu H&amp;F. Calitatea, fiabilitatea \u0219i tranzac\u021biile f\u0103r\u0103 cusur sunt ceea ce aducem la mas\u0103. Contacta\u021bi-ne pentru o ofert\u0103 de pre\u021b sau pentru a discuta despre nevoile dvs. de c\u0103tu\u0219e de remorcare \u00een vrac. S\u0103 construim un parteneriat care s\u0103 dureze!<\/p>","protected":false},"excerpt":{"rendered":"<p>Sunte\u021bi acum un cump\u0103r\u0103tor cu 20 de ani de experien\u021b\u0103 profesional\u0103. Specializat \u00een achizi\u021bia de \u0218aibe de remorcare. Acum sunte\u021bi gata s\u0103 cump\u0103ra\u021bi produse de pe Google.<br \/>\nS\u0103 vorbim despre aspectele care \u00eei preocup\u0103 cel mai mult pe cump\u0103r\u0103tori.<br \/>\nCa r\u0103spuns la problemele de mai sus, oferim cele mai rezonabile solu\u021bii, astfel \u00eenc\u00e2t cump\u0103r\u0103torii s\u0103 poat\u0103 trimite solicit\u0103ri cu \u00eencredere.<\/p>","protected":false},"featured_media":5806,"comment_status":"open","ping_status":"closed","template":"","meta":{"site-sidebar-layout":"default","site-content-layout":"","ast-site-content-layout":"default","site-content-style":"default","site-sidebar-style":"default","ast-global-header-display":"","ast-banner-title-visibility":"","ast-main-header-display":"","ast-hfb-above-header-display":"","ast-hfb-below-header-display":"","ast-hfb-mobile-header-display":"","site-post-title":"","ast-breadcrumbs-content":"","ast-featured-img":"","footer-sml-layout":"","theme-transparent-header-meta":"default","adv-header-id-meta":"","stick-header-meta":"default","header-above-stick-meta":"","header-main-stick-meta":"","header-below-stick-meta":"","astra-migrate-meta-layouts":"set","ast-page-background-enabled":"default","ast-page-background-meta":{"desktop":{"background-color":"","background-image":"","background-repeat":"repeat","background-position":"center center","background-size":"auto","background-attachment":"scroll","background-type":"","background-media":"","overlay-type":"","overlay-color":"","overlay-opacity":"","overlay-gradient":""},"tablet":{"background-color":"","background-image":"","background-repeat":"repeat","background-position":"center center","background-size":"auto","background-attachment":"scroll","background-type":"","background-media":"","overlay-type":"","overlay-color":"","overlay-opacity":"","overlay-gradient":""},"mobile":{"background-color":"","background-image":"","background-repeat":"repeat","background-position":"center center","background-size":"auto","background-attachment":"scroll","background-type":"","background-media":"","overlay-type":"","overlay-color":"","overlay-opacity":"","overlay-gradient":""}},"ast-content-background-meta":{"desktop":{"background-color":"var(--ast-global-color-5)","background-image":"","background-repeat":"repeat","background-position":"center center","background-size":"auto","background-attachment":"scroll","background-type":"","background-media":"","overlay-type":"","overlay-color":"","overlay-opacity":"","overlay-gradient":""},"tablet":{"background-color":"var(--ast-global-color-5)","background-image":"","background-repeat":"repeat","background-position":"center center","background-size":"auto","background-attachment":"scroll","background-type":"","background-media":"","overlay-type":"","overlay-color":"","overlay-opacity":"","overlay-gradient":""},"mobile":{"background-color":"var(--ast-global-color-5)","background-image":"","background-repeat":"repeat","background-position":"center center","background-size":"auto","background-attachment":"scroll","background-type":"","background-media":"","overlay-type":"","overlay-color":"","overlay-opacity":"","overlay-gradient":""}}},"product_brand":[],"product_cat":[51,54],"product_tag":[],"class_list":{"0":"post-5799","1":"product","2":"type-product","3":"status-publish","4":"has-post-thumbnail","6":"product_cat-riggging-hardware","7":"product_cat-shackle","8":"desktop-align-left","9":"tablet-align-left","10":"mobile-align-left","11":"ast-product-gallery-layout-horizontal-slider","12":"ast-product-tabs-layout-horizontal","14":"first","15":"instock","16":"shipping-taxable","17":"purchasable","18":"product-type-simple"},"yoast_head":"<!-- This site is optimized with the Yoast SEO plugin v25.2 - https:\/\/yoast.com\/wordpress\/plugins\/seo\/ -->\n<title>Towing Shackle<\/title>\n<meta name=\"description\" content=\"Our Towing Shackles boast superior tensile strength, ensuring reliable performance under heavy loads. Your clients demand quality, and we deliver\" \/>\n<meta name=\"robots\" content=\"index, follow, max-snippet:-1, max-image-preview:large, max-video-preview:-1\" \/>\n<link rel=\"canonical\" href=\"https:\/\/qingdaohf.com\/ro\/produs\/carlig-de-remorcare\/\" \/>\n<meta property=\"og:locale\" content=\"ro_RO\" \/>\n<meta property=\"og:type\" content=\"article\" \/>\n<meta property=\"og:title\" content=\"Towing Shackle\" \/>\n<meta property=\"og:description\" content=\"Our Towing Shackles boast superior tensile strength, ensuring reliable performance under heavy loads. Your clients demand quality, and we deliver\" \/>\n<meta property=\"og:url\" content=\"https:\/\/qingdaohf.com\/ro\/produs\/carlig-de-remorcare\/\" \/>\n<meta property=\"og:site_name\" content=\"Concrete Form &amp; Rigging Hardware Supplier\" \/>\n<meta property=\"article:publisher\" content=\"https:\/\/www.facebook.com\/qingdaohf\" \/>\n<meta property=\"article:modified_time\" content=\"2025-11-13T01:04:01+00:00\" \/>\n<meta property=\"og:image\" content=\"https:\/\/qingdaohf.com\/wp-content\/uploads\/2023\/11\/Towing-shackle-9.jpg\" \/>\n\t<meta property=\"og:image:width\" content=\"800\" \/>\n\t<meta property=\"og:image:height\" content=\"800\" \/>\n\t<meta property=\"og:image:type\" content=\"image\/jpeg\" \/>\n<meta name=\"twitter:card\" content=\"summary_large_image\" \/>\n<meta name=\"twitter:label1\" content=\"Timp estimat pentru citire\" \/>\n\t<meta name=\"twitter:data1\" content=\"2 minute\" \/>\n<script type=\"application\/ld+json\" class=\"yoast-schema-graph\">{\"@context\":\"https:\/\/schema.org\",\"@graph\":[{\"@type\":\"WebPage\",\"@id\":\"https:\/\/qingdaohf.com\/product\/towing-shackle\/\",\"url\":\"https:\/\/qingdaohf.com\/product\/towing-shackle\/\",\"name\":\"Towing Shackle\",\"isPartOf\":{\"@id\":\"https:\/\/qingdaohf.com\/bg\/#website\"},\"primaryImageOfPage\":{\"@id\":\"https:\/\/qingdaohf.com\/product\/towing-shackle\/#primaryimage\"},\"image\":{\"@id\":\"https:\/\/qingdaohf.com\/product\/towing-shackle\/#primaryimage\"},\"thumbnailUrl\":\"https:\/\/qingdaohf.com\/wp-content\/uploads\/2023\/11\/Towing-shackle-9.jpg\",\"datePublished\":\"2023-11-23T03:35:43+00:00\",\"dateModified\":\"2025-11-13T01:04:01+00:00\",\"description\":\"Our Towing Shackles boast superior tensile strength, ensuring reliable performance under heavy loads. Your clients demand quality, and we deliver\",\"breadcrumb\":{\"@id\":\"https:\/\/qingdaohf.com\/product\/towing-shackle\/#breadcrumb\"},\"inLanguage\":\"ro-RO\",\"potentialAction\":[{\"@type\":\"ReadAction\",\"target\":[\"https:\/\/qingdaohf.com\/product\/towing-shackle\/\"]}]},{\"@type\":\"ImageObject\",\"inLanguage\":\"ro-RO\",\"@id\":\"https:\/\/qingdaohf.com\/product\/towing-shackle\/#primaryimage\",\"url\":\"https:\/\/qingdaohf.com\/wp-content\/uploads\/2023\/11\/Towing-shackle-9.jpg\",\"contentUrl\":\"https:\/\/qingdaohf.com\/wp-content\/uploads\/2023\/11\/Towing-shackle-9.jpg\",\"width\":800,\"height\":800,\"caption\":\"Towing shackle\"},{\"@type\":\"BreadcrumbList\",\"@id\":\"https:\/\/qingdaohf.com\/product\/towing-shackle\/#breadcrumb\",\"itemListElement\":[{\"@type\":\"ListItem\",\"position\":1,\"name\":\"Home\",\"item\":\"https:\/\/qingdaohf.com\/\"},{\"@type\":\"ListItem\",\"position\":2,\"name\":\"Concrete Forming Accessories and Rigging Hardware\",\"item\":\"https:\/\/qingdaohf.com\/bg\/?page_id=944\"},{\"@type\":\"ListItem\",\"position\":3,\"name\":\"Towing Shackle\"}]},{\"@type\":\"WebSite\",\"@id\":\"https:\/\/qingdaohf.com\/bg\/#website\",\"url\":\"https:\/\/qingdaohf.com\/bg\/\",\"name\":\"Concrete Form & Rigging Hardware Supplier\",\"description\":\"\",\"publisher\":{\"@id\":\"https:\/\/qingdaohf.com\/bg\/#organization\"},\"potentialAction\":[{\"@type\":\"SearchAction\",\"target\":{\"@type\":\"EntryPoint\",\"urlTemplate\":\"https:\/\/qingdaohf.com\/bg\/?s={search_term_string}\"},\"query-input\":{\"@type\":\"PropertyValueSpecification\",\"valueRequired\":true,\"valueName\":\"search_term_string\"}}],\"inLanguage\":\"ro-RO\"},{\"@type\":\"Organization\",\"@id\":\"https:\/\/qingdaohf.com\/bg\/#organization\",\"name\":\"Qingdao H&F\",\"url\":\"https:\/\/qingdaohf.com\/bg\/\",\"logo\":{\"@type\":\"ImageObject\",\"inLanguage\":\"ro-RO\",\"@id\":\"https:\/\/qingdaohf.com\/bg\/#\/schema\/logo\/image\/\",\"url\":\"https:\/\/qingdaohf.com\/wp-content\/uploads\/2022\/12\/cropped-HF-LOGO.png\",\"contentUrl\":\"https:\/\/qingdaohf.com\/wp-content\/uploads\/2022\/12\/cropped-HF-LOGO.png\",\"width\":391,\"height\":249,\"caption\":\"Qingdao H&F\"},\"image\":{\"@id\":\"https:\/\/qingdaohf.com\/bg\/#\/schema\/logo\/image\/\"},\"sameAs\":[\"https:\/\/www.facebook.com\/qingdaohf\"]}]}<\/script>\n<!-- \/ Yoast SEO plugin. -->","yoast_head_json":{"title":"Towing Shackle","description":"Our Towing Shackles boast superior tensile strength, ensuring reliable performance under heavy loads. Your clients demand quality, and we deliver","robots":{"index":"index","follow":"follow","max-snippet":"max-snippet:-1","max-image-preview":"max-image-preview:large","max-video-preview":"max-video-preview:-1"},"canonical":"https:\/\/qingdaohf.com\/ro\/produs\/carlig-de-remorcare\/","og_locale":"ro_RO","og_type":"article","og_title":"Towing Shackle","og_description":"Our Towing Shackles boast superior tensile strength, ensuring reliable performance under heavy loads. Your clients demand quality, and we deliver","og_url":"https:\/\/qingdaohf.com\/ro\/produs\/carlig-de-remorcare\/","og_site_name":"Concrete Form &amp; Rigging Hardware Supplier","article_publisher":"https:\/\/www.facebook.com\/qingdaohf","article_modified_time":"2025-11-13T01:04:01+00:00","og_image":[{"width":800,"height":800,"url":"https:\/\/qingdaohf.com\/wp-content\/uploads\/2023\/11\/Towing-shackle-9.jpg","type":"image\/jpeg"}],"twitter_card":"summary_large_image","twitter_misc":{"Timp estimat pentru citire":"2 minute"},"schema":{"@context":"https:\/\/schema.org","@graph":[{"@type":"WebPage","@id":"https:\/\/qingdaohf.com\/product\/towing-shackle\/","url":"https:\/\/qingdaohf.com\/product\/towing-shackle\/","name":"Towing Shackle","isPartOf":{"@id":"https:\/\/qingdaohf.com\/bg\/#website"},"primaryImageOfPage":{"@id":"https:\/\/qingdaohf.com\/product\/towing-shackle\/#primaryimage"},"image":{"@id":"https:\/\/qingdaohf.com\/product\/towing-shackle\/#primaryimage"},"thumbnailUrl":"https:\/\/qingdaohf.com\/wp-content\/uploads\/2023\/11\/Towing-shackle-9.jpg","datePublished":"2023-11-23T03:35:43+00:00","dateModified":"2025-11-13T01:04:01+00:00","description":"Our Towing Shackles boast superior tensile strength, ensuring reliable performance under heavy loads. Your clients demand quality, and we deliver","breadcrumb":{"@id":"https:\/\/qingdaohf.com\/product\/towing-shackle\/#breadcrumb"},"inLanguage":"ro-RO","potentialAction":[{"@type":"ReadAction","target":["https:\/\/qingdaohf.com\/product\/towing-shackle\/"]}]},{"@type":"ImageObject","inLanguage":"ro-RO","@id":"https:\/\/qingdaohf.com\/product\/towing-shackle\/#primaryimage","url":"https:\/\/qingdaohf.com\/wp-content\/uploads\/2023\/11\/Towing-shackle-9.jpg","contentUrl":"https:\/\/qingdaohf.com\/wp-content\/uploads\/2023\/11\/Towing-shackle-9.jpg","width":800,"height":800,"caption":"Towing shackle"},{"@type":"BreadcrumbList","@id":"https:\/\/qingdaohf.com\/product\/towing-shackle\/#breadcrumb","itemListElement":[{"@type":"ListItem","position":1,"name":"Home","item":"https:\/\/qingdaohf.com\/"},{"@type":"ListItem","position":2,"name":"Concrete Forming Accessories and Rigging Hardware","item":"https:\/\/qingdaohf.com\/bg\/?page_id=944"},{"@type":"ListItem","position":3,"name":"Towing Shackle"}]},{"@type":"WebSite","@id":"https:\/\/qingdaohf.com\/bg\/#website","url":"https:\/\/qingdaohf.com\/bg\/","name":"Concrete Form & Rigging Hardware Supplier","description":"","publisher":{"@id":"https:\/\/qingdaohf.com\/bg\/#organization"},"potentialAction":[{"@type":"SearchAction","target":{"@type":"EntryPoint","urlTemplate":"https:\/\/qingdaohf.com\/bg\/?s={search_term_string}"},"query-input":{"@type":"PropertyValueSpecification","valueRequired":true,"valueName":"search_term_string"}}],"inLanguage":"ro-RO"},{"@type":"Organization","@id":"https:\/\/qingdaohf.com\/bg\/#organization","name":"Qingdao H&F","url":"https:\/\/qingdaohf.com\/bg\/","logo":{"@type":"ImageObject","inLanguage":"ro-RO","@id":"https:\/\/qingdaohf.com\/bg\/#\/schema\/logo\/image\/","url":"https:\/\/qingdaohf.com\/wp-content\/uploads\/2022\/12\/cropped-HF-LOGO.png","contentUrl":"https:\/\/qingdaohf.com\/wp-content\/uploads\/2022\/12\/cropped-HF-LOGO.png","width":391,"height":249,"caption":"Qingdao H&F"},"image":{"@id":"https:\/\/qingdaohf.com\/bg\/#\/schema\/logo\/image\/"},"sameAs":["https:\/\/www.facebook.com\/qingdaohf"]}]}},"_links":{"self":[{"href":"https:\/\/qingdaohf.com\/ro\/wp-json\/wp\/v2\/product\/5799","targetHints":{"allow":["GET"]}}],"collection":[{"href":"https:\/\/qingdaohf.com\/ro\/wp-json\/wp\/v2\/product"}],"about":[{"href":"https:\/\/qingdaohf.com\/ro\/wp-json\/wp\/v2\/types\/product"}],"replies":[{"embeddable":true,"href":"https:\/\/qingdaohf.com\/ro\/wp-json\/wp\/v2\/comments?post=5799"}],"version-history":[{"count":3,"href":"https:\/\/qingdaohf.com\/ro\/wp-json\/wp\/v2\/product\/5799\/revisions"}],"predecessor-version":[{"id":5824,"href":"https:\/\/qingdaohf.com\/ro\/wp-json\/wp\/v2\/product\/5799\/revisions\/5824"}],"wp:featuredmedia":[{"embeddable":true,"href":"https:\/\/qingdaohf.com\/ro\/wp-json\/wp\/v2\/media\/5806"}],"wp:attachment":[{"href":"https:\/\/qingdaohf.com\/ro\/wp-json\/wp\/v2\/media?parent=5799"}],"wp:term":[{"taxonomy":"product_brand","embeddable":true,"href":"https:\/\/qingdaohf.com\/ro\/wp-json\/wp\/v2\/product_brand?post=5799"},{"taxonomy":"product_cat","embeddable":true,"href":"https:\/\/qingdaohf.com\/ro\/wp-json\/wp\/v2\/product_cat?post=5799"},{"taxonomy":"product_tag","embeddable":true,"href":"https:\/\/qingdaohf.com\/ro\/wp-json\/wp\/v2\/product_tag?post=5799"}],"curies":[{"name":"wp","href":"https:\/\/api.w.org\/{rel}","templated":true}]}}