{"id":6109,"date":"2023-12-22T16:01:59","date_gmt":"2023-12-22T08:01:59","guid":{"rendered":"http:\/\/qingdaohf.com\/?post_type=product&#038;p=6109"},"modified":"2025-11-13T09:04:00","modified_gmt":"2025-11-13T01:04:00","slug":"utility-lifting-anchors","status":"publish","type":"product","link":"https:\/\/qingdaohf.com\/ro\/produs\/ancore-de-ridicare-utilitare\/","title":{"rendered":"Ancore de ridicare a utilit\u0103\u021bilor pentru beton"},"content":{"rendered":"<p><strong>1. Specifica\u021biile \u0219i calitatea produsului:<\/strong><\/p>\n<ul>\n<li>Ancorele utilitare H&amp;F respect\u0103 specifica\u021bii stricte, asigur\u00e2ndu-se c\u0103 \u00eendeplinesc \u0219i dep\u0103\u0219esc standardele industriei. M\u0103suri riguroase de control al calit\u0103\u021bii sunt implementate pe tot parcursul procesului de fabrica\u021bie, garant\u00e2nd durabilitatea \u0219i fiabilitatea fiec\u0103rei ancore.<\/li>\n<\/ul>\n<p><strong>2. Reputa\u021bia \u0219i fiabilitatea furnizorului:<\/strong><\/p>\n<ul>\n<li>H&amp;F se m\u00e2ndre\u0219te cu o reputa\u021bie distins\u0103 \u00een industrie, sus\u021binut\u0103 de peste dou\u0103 decenii de experien\u021b\u0103. Ancorele noastre utilitare au primit \u00een mod constant ratinguri ridicate \u0219i recenzii pozitive, atest\u00e2nd fiabilitatea \u0219i performan\u021ba lor.<\/li>\n<\/ul>\n<p><strong>3. Conformitate \u0219i certificare:<\/strong><\/p>\n<ul>\n<li>Fi\u021bi siguri, ancorele pentru utilit\u0103\u021bi de la H&amp;F nu sunt doar fiabile, ci \u0219i conforme cu reglement\u0103rile din industrie. Noi acord\u0103m prioritate siguran\u021bei \u0219i calit\u0103\u021bii, iar ancorele noastre sunt certificate pentru a \u00eendeplini sau a dep\u0103\u0219i toate standardele relevante.<\/li>\n<\/ul>\n<p><strong>4. Costul \u0219i raportul calitate\/pre\u021b:<\/strong><\/p>\n<ul>\n<li>H&amp;F \u00een\u021belege importan\u021ba eficien\u021bei costurilor f\u0103r\u0103 a compromite calitatea. Ancorele noastre utilitare ofer\u0103 o valoare excep\u021bional\u0103 pentru bani, combin\u00e2nd pre\u021buri competitive cu performan\u021be robuste pentru o investi\u021bie solid\u0103 pe termen lung.<\/li>\n<\/ul>\n<p><strong>5. Expediere \u0219i logistic\u0103:<\/strong><\/p>\n<ul>\n<li>La H&amp;F, facem tot ce ne st\u0103 \u00een putin\u021b\u0103 pentru a ne asigura c\u0103 ancorele dvs. utilitare v\u0103 ajung intacte \u0219i la timp. Ambalarea noastr\u0103 sigur\u0103 \u0219i solu\u021biile noastre logistice eficiente garanteaz\u0103 livr\u0103ri sigure \u0219i la timp, minimiz\u00e2nd orice poten\u021biale perturb\u0103ri ale termenelor proiectului dumneavoastr\u0103.<\/li>\n<\/ul>\n<p><strong>6. Asisten\u021b\u0103 \u0219i comunicare cu clien\u021bii:<\/strong><\/p>\n<ul>\n<li>H&amp;F apreciaz\u0103 comunicarea transparent\u0103 \u0219i receptiv\u0103. Echipa noastr\u0103 dedicat\u0103 de asisten\u021b\u0103 pentru clien\u021bi este aici pentru a r\u0103spunde prompt \u00eentreb\u0103rilor \u0219i preocup\u0103rilor dumneavoastr\u0103. A\u0219tepta\u021bi-v\u0103 la actualiz\u0103ri clare privind stadiul comenzii dvs. \u0219i la o comunicare proactiv\u0103 pe tot parcursul procesului.<\/li>\n<\/ul>\n<p><strong>7. Garan\u021bie \u0219i servicii post-v\u00e2nzare:<\/strong><\/p>\n<ul>\n<li>Bucura\u021bi-v\u0103 de lini\u0219te cu acoperirea cuprinz\u0103toare a garan\u021biei H&amp;F. Angajamentul nostru fa\u021b\u0103 de satisfac\u021bia clien\u021bilor se extinde dincolo de achizi\u021bie. \u00cen cazul rar al unor defecte sau probleme, serviciul nostru post-v\u00e2nzare asigur\u0103 solu\u021bii rapide \u0219i f\u0103r\u0103 probleme.<\/li>\n<\/ul>\n<p><strong>8. Condi\u021bii \u0219i op\u021biuni de plat\u0103:<\/strong><\/p>\n<ul>\n<li>Negocia\u021bi condi\u021bii de plat\u0103 flexibile cu H&amp;F pentru a v\u0103 alinia la constr\u00e2ngerile bugetare. Op\u021biunile noastre de plat\u0103 securizate asigur\u0103 un proces de tranzac\u021bionare u\u0219or \u0219i sigur, oferindu-v\u0103 flexibilitatea de care ave\u021bi nevoie.<\/li>\n<\/ul>\n<p><strong>9. Sustenabilitatea mediului:<\/strong><\/p>\n<ul>\n<li>H&amp;F se angajeaz\u0103 fa\u021b\u0103 de durabilitatea mediului. Ancorele noastre utilitare sunt fabricate folosind procese \u0219i materiale ecologice, contribuind la un viitor mai ecologic \u0219i mai durabil.<\/li>\n<\/ul>\n<p><strong>10. Inovare \u0219i tehnologie:<\/strong><\/p>\n<ul>\n<li>R\u0103m\u00e2ne\u021bi \u00een frunte cu ancorele utilitare H&amp;F, care \u00eencorporeaz\u0103 cele mai recente progrese \u00een tehnologia ancorelor. De la caracteristici de proiectare inovatoare la materiale de ultim\u0103 genera\u021bie, ancorele noastre sunt proiectate pentru a spori performan\u021ba \u0219i longevitatea proiectelor dumneavoastr\u0103.<\/li>\n<\/ul>\n<p>Sunte\u021bi gata s\u0103 v\u0103 \u00eembun\u0103t\u0103\u021bi\u021bi experien\u021ba de achizi\u021bionare a ancorelor de utilit\u0103\u021bi? Trimite\u021bi-ne o cerere acum \u0219i l\u0103sa\u021bi H&amp;F s\u0103 fie partenerul dvs. de \u00eencredere pentru succes!<\/p>","protected":false},"excerpt":{"rendered":"<p>Ancore pentru utilit\u0103\u021bi, proiectate cu precizie pentru a r\u0103spunde cerin\u021belor diverse ale proiectelor de infrastructur\u0103. Ancorele noastre sunt coloana vertebral\u0103 a aplica\u021biilor din construc\u021bii, telecomunica\u021bii \u0219i energie, oferind rezisten\u021b\u0103, fiabilitate \u0219i adaptabilitate de neegalat.<\/p>\n<p><strong>Rezisten\u021b\u0103 ridicat\u0103 la trac\u021biune:<\/strong> Ancorele utilitare H&amp;F sunt fabricate din materiale de calitate superioar\u0103, asigur\u00e2nd o rezisten\u021b\u0103 superioar\u0103 la trac\u021biune pentru performan\u021be robuste \u00een medii solicitante.<\/p>\n<p><strong>Rezisten\u021ba la coroziune:<\/strong> Ancorele noastre sunt concepute pentru a rezista la coroziune, oferind longevitate \u0219i fiabilitate \u00eentr-o varietate de contexte.<\/p>\n<p><strong>Aplica\u021bii versatile:<\/strong> De la fixarea structurilor \u00een construc\u021bii la sus\u021binerea infrastructurii critice \u00een telecomunica\u021bii \u0219i energie, ancorele pentru utilit\u0103\u021bi H&amp;F ofer\u0103 o versatilitate excep\u021bional\u0103.<\/p>","protected":false},"featured_media":6137,"comment_status":"open","ping_status":"closed","template":"","meta":{"site-sidebar-layout":"default","site-content-layout":"","ast-site-content-layout":"default","site-content-style":"default","site-sidebar-style":"default","ast-global-header-display":"","ast-banner-title-visibility":"","ast-main-header-display":"","ast-hfb-above-header-display":"","ast-hfb-below-header-display":"","ast-hfb-mobile-header-display":"","site-post-title":"","ast-breadcrumbs-content":"","ast-featured-img":"","footer-sml-layout":"","theme-transparent-header-meta":"default","adv-header-id-meta":"","stick-header-meta":"default","header-above-stick-meta":"","header-main-stick-meta":"","header-below-stick-meta":"","astra-migrate-meta-layouts":"set","ast-page-background-enabled":"default","ast-page-background-meta":{"desktop":{"background-color":"","background-image":"","background-repeat":"repeat","background-position":"center center","background-size":"auto","background-attachment":"scroll","background-type":"","background-media":"","overlay-type":"","overlay-color":"","overlay-opacity":"","overlay-gradient":""},"tablet":{"background-color":"","background-image":"","background-repeat":"repeat","background-position":"center center","background-size":"auto","background-attachment":"scroll","background-type":"","background-media":"","overlay-type":"","overlay-color":"","overlay-opacity":"","overlay-gradient":""},"mobile":{"background-color":"","background-image":"","background-repeat":"repeat","background-position":"center center","background-size":"auto","background-attachment":"scroll","background-type":"","background-media":"","overlay-type":"","overlay-color":"","overlay-opacity":"","overlay-gradient":""}},"ast-content-background-meta":{"desktop":{"background-color":"var(--ast-global-color-5)","background-image":"","background-repeat":"repeat","background-position":"center center","background-size":"auto","background-attachment":"scroll","background-type":"","background-media":"","overlay-type":"","overlay-color":"","overlay-opacity":"","overlay-gradient":""},"tablet":{"background-color":"var(--ast-global-color-5)","background-image":"","background-repeat":"repeat","background-position":"center center","background-size":"auto","background-attachment":"scroll","background-type":"","background-media":"","overlay-type":"","overlay-color":"","overlay-opacity":"","overlay-gradient":""},"mobile":{"background-color":"var(--ast-global-color-5)","background-image":"","background-repeat":"repeat","background-position":"center center","background-size":"auto","background-attachment":"scroll","background-type":"","background-media":"","overlay-type":"","overlay-color":"","overlay-opacity":"","overlay-gradient":""}}},"product_brand":[],"product_cat":[50,30],"product_tag":[],"class_list":{"0":"post-6109","1":"product","2":"type-product","3":"status-publish","4":"has-post-thumbnail","6":"product_cat-concrete-form-accessories","7":"product_cat-lifting-anchor","8":"desktop-align-left","9":"tablet-align-left","10":"mobile-align-left","11":"ast-product-gallery-layout-horizontal-slider","12":"ast-product-tabs-layout-horizontal","14":"first","15":"instock","16":"shipping-taxable","17":"purchasable","18":"product-type-simple"},"yoast_head":"<!-- This site is optimized with the Yoast SEO plugin v25.2 - https:\/\/yoast.com\/wordpress\/plugins\/seo\/ -->\n<title>Utility Lifting Anchors for Concrete<\/title>\n<meta name=\"robots\" content=\"index, follow, max-snippet:-1, max-image-preview:large, max-video-preview:-1\" \/>\n<link rel=\"canonical\" href=\"https:\/\/qingdaohf.com\/ro\/produs\/ancore-de-ridicare-utilitare\/\" \/>\n<meta property=\"og:locale\" content=\"ro_RO\" \/>\n<meta property=\"og:type\" content=\"article\" \/>\n<meta property=\"og:title\" content=\"Utility Lifting Anchors for Concrete\" \/>\n<meta property=\"og:description\" content=\"Utility Anchors, precision-engineered to meet the diverse demands of infrastructure projects. Our anchors are the backbone of construction, telecommunications, and energy applications, offering unparalleled strength, reliability, and adaptability.  High Tensile Strength: H&amp;F Utility Anchors are crafted with top-grade materials, ensuring superior tensile strength for robust performance in demanding environments.  Corrosion Resistance: Our anchors are designed to withstand corrosion, providing longevity and reliability in a variety of settings.  Versatile Applications: From securing structures in construction to supporting critical infrastructure in telecommunications and energy, H&amp;F Utility Anchors deliver exceptional versatility.\" \/>\n<meta property=\"og:url\" content=\"https:\/\/qingdaohf.com\/ro\/produs\/ancore-de-ridicare-utilitare\/\" \/>\n<meta property=\"og:site_name\" content=\"Concrete Form &amp; Rigging Hardware Supplier\" \/>\n<meta property=\"article:publisher\" content=\"https:\/\/www.facebook.com\/qingdaohf\" \/>\n<meta property=\"article:modified_time\" content=\"2025-11-13T01:04:00+00:00\" \/>\n<meta property=\"og:image\" content=\"https:\/\/qingdaohf.com\/wp-content\/uploads\/2023\/12\/lifting-anchor-43.jpg\" \/>\n\t<meta property=\"og:image:width\" content=\"1000\" \/>\n\t<meta property=\"og:image:height\" content=\"1000\" \/>\n\t<meta property=\"og:image:type\" content=\"image\/jpeg\" \/>\n<meta name=\"twitter:card\" content=\"summary_large_image\" \/>\n<meta name=\"twitter:label1\" content=\"Timp estimat pentru citire\" \/>\n\t<meta name=\"twitter:data1\" content=\"2 minute\" \/>\n<script type=\"application\/ld+json\" class=\"yoast-schema-graph\">{\"@context\":\"https:\/\/schema.org\",\"@graph\":[{\"@type\":\"WebPage\",\"@id\":\"https:\/\/qingdaohf.com\/product\/utility-lifting-anchors\/\",\"url\":\"https:\/\/qingdaohf.com\/product\/utility-lifting-anchors\/\",\"name\":\"Utility Lifting Anchors for Concrete\",\"isPartOf\":{\"@id\":\"https:\/\/qingdaohf.com\/bg\/#website\"},\"primaryImageOfPage\":{\"@id\":\"https:\/\/qingdaohf.com\/product\/utility-lifting-anchors\/#primaryimage\"},\"image\":{\"@id\":\"https:\/\/qingdaohf.com\/product\/utility-lifting-anchors\/#primaryimage\"},\"thumbnailUrl\":\"https:\/\/qingdaohf.com\/wp-content\/uploads\/2023\/12\/lifting-anchor-43.jpg\",\"datePublished\":\"2023-12-22T08:01:59+00:00\",\"dateModified\":\"2025-11-13T01:04:00+00:00\",\"breadcrumb\":{\"@id\":\"https:\/\/qingdaohf.com\/product\/utility-lifting-anchors\/#breadcrumb\"},\"inLanguage\":\"ro-RO\",\"potentialAction\":[{\"@type\":\"ReadAction\",\"target\":[\"https:\/\/qingdaohf.com\/product\/utility-lifting-anchors\/\"]}]},{\"@type\":\"ImageObject\",\"inLanguage\":\"ro-RO\",\"@id\":\"https:\/\/qingdaohf.com\/product\/utility-lifting-anchors\/#primaryimage\",\"url\":\"https:\/\/qingdaohf.com\/wp-content\/uploads\/2023\/12\/lifting-anchor-43.jpg\",\"contentUrl\":\"https:\/\/qingdaohf.com\/wp-content\/uploads\/2023\/12\/lifting-anchor-43.jpg\",\"width\":1000,\"height\":1000,\"caption\":\"Utility lifting anchor\"},{\"@type\":\"BreadcrumbList\",\"@id\":\"https:\/\/qingdaohf.com\/product\/utility-lifting-anchors\/#breadcrumb\",\"itemListElement\":[{\"@type\":\"ListItem\",\"position\":1,\"name\":\"Home\",\"item\":\"https:\/\/qingdaohf.com\/\"},{\"@type\":\"ListItem\",\"position\":2,\"name\":\"Concrete Forming Accessories and Rigging Hardware\",\"item\":\"https:\/\/qingdaohf.com\/bg\/?page_id=944\"},{\"@type\":\"ListItem\",\"position\":3,\"name\":\"Utility Lifting Anchors for Concrete\"}]},{\"@type\":\"WebSite\",\"@id\":\"https:\/\/qingdaohf.com\/bg\/#website\",\"url\":\"https:\/\/qingdaohf.com\/bg\/\",\"name\":\"Concrete Form & Rigging Hardware Supplier\",\"description\":\"\",\"publisher\":{\"@id\":\"https:\/\/qingdaohf.com\/bg\/#organization\"},\"potentialAction\":[{\"@type\":\"SearchAction\",\"target\":{\"@type\":\"EntryPoint\",\"urlTemplate\":\"https:\/\/qingdaohf.com\/bg\/?s={search_term_string}\"},\"query-input\":{\"@type\":\"PropertyValueSpecification\",\"valueRequired\":true,\"valueName\":\"search_term_string\"}}],\"inLanguage\":\"ro-RO\"},{\"@type\":\"Organization\",\"@id\":\"https:\/\/qingdaohf.com\/bg\/#organization\",\"name\":\"Qingdao H&F\",\"url\":\"https:\/\/qingdaohf.com\/bg\/\",\"logo\":{\"@type\":\"ImageObject\",\"inLanguage\":\"ro-RO\",\"@id\":\"https:\/\/qingdaohf.com\/bg\/#\/schema\/logo\/image\/\",\"url\":\"https:\/\/qingdaohf.com\/wp-content\/uploads\/2022\/12\/cropped-HF-LOGO.png\",\"contentUrl\":\"https:\/\/qingdaohf.com\/wp-content\/uploads\/2022\/12\/cropped-HF-LOGO.png\",\"width\":391,\"height\":249,\"caption\":\"Qingdao H&F\"},\"image\":{\"@id\":\"https:\/\/qingdaohf.com\/bg\/#\/schema\/logo\/image\/\"},\"sameAs\":[\"https:\/\/www.facebook.com\/qingdaohf\"]}]}<\/script>\n<!-- \/ Yoast SEO plugin. -->","yoast_head_json":{"title":"Utility Lifting Anchors for Concrete","robots":{"index":"index","follow":"follow","max-snippet":"max-snippet:-1","max-image-preview":"max-image-preview:large","max-video-preview":"max-video-preview:-1"},"canonical":"https:\/\/qingdaohf.com\/ro\/produs\/ancore-de-ridicare-utilitare\/","og_locale":"ro_RO","og_type":"article","og_title":"Utility Lifting Anchors for Concrete","og_description":"Utility Anchors, precision-engineered to meet the diverse demands of infrastructure projects. Our anchors are the backbone of construction, telecommunications, and energy applications, offering unparalleled strength, reliability, and adaptability.  High Tensile Strength: H&amp;F Utility Anchors are crafted with top-grade materials, ensuring superior tensile strength for robust performance in demanding environments.  Corrosion Resistance: Our anchors are designed to withstand corrosion, providing longevity and reliability in a variety of settings.  Versatile Applications: From securing structures in construction to supporting critical infrastructure in telecommunications and energy, H&amp;F Utility Anchors deliver exceptional versatility.","og_url":"https:\/\/qingdaohf.com\/ro\/produs\/ancore-de-ridicare-utilitare\/","og_site_name":"Concrete Form &amp; Rigging Hardware Supplier","article_publisher":"https:\/\/www.facebook.com\/qingdaohf","article_modified_time":"2025-11-13T01:04:00+00:00","og_image":[{"width":1000,"height":1000,"url":"https:\/\/qingdaohf.com\/wp-content\/uploads\/2023\/12\/lifting-anchor-43.jpg","type":"image\/jpeg"}],"twitter_card":"summary_large_image","twitter_misc":{"Timp estimat pentru citire":"2 minute"},"schema":{"@context":"https:\/\/schema.org","@graph":[{"@type":"WebPage","@id":"https:\/\/qingdaohf.com\/product\/utility-lifting-anchors\/","url":"https:\/\/qingdaohf.com\/product\/utility-lifting-anchors\/","name":"Utility Lifting Anchors for Concrete","isPartOf":{"@id":"https:\/\/qingdaohf.com\/bg\/#website"},"primaryImageOfPage":{"@id":"https:\/\/qingdaohf.com\/product\/utility-lifting-anchors\/#primaryimage"},"image":{"@id":"https:\/\/qingdaohf.com\/product\/utility-lifting-anchors\/#primaryimage"},"thumbnailUrl":"https:\/\/qingdaohf.com\/wp-content\/uploads\/2023\/12\/lifting-anchor-43.jpg","datePublished":"2023-12-22T08:01:59+00:00","dateModified":"2025-11-13T01:04:00+00:00","breadcrumb":{"@id":"https:\/\/qingdaohf.com\/product\/utility-lifting-anchors\/#breadcrumb"},"inLanguage":"ro-RO","potentialAction":[{"@type":"ReadAction","target":["https:\/\/qingdaohf.com\/product\/utility-lifting-anchors\/"]}]},{"@type":"ImageObject","inLanguage":"ro-RO","@id":"https:\/\/qingdaohf.com\/product\/utility-lifting-anchors\/#primaryimage","url":"https:\/\/qingdaohf.com\/wp-content\/uploads\/2023\/12\/lifting-anchor-43.jpg","contentUrl":"https:\/\/qingdaohf.com\/wp-content\/uploads\/2023\/12\/lifting-anchor-43.jpg","width":1000,"height":1000,"caption":"Utility lifting anchor"},{"@type":"BreadcrumbList","@id":"https:\/\/qingdaohf.com\/product\/utility-lifting-anchors\/#breadcrumb","itemListElement":[{"@type":"ListItem","position":1,"name":"Home","item":"https:\/\/qingdaohf.com\/"},{"@type":"ListItem","position":2,"name":"Concrete Forming Accessories and Rigging Hardware","item":"https:\/\/qingdaohf.com\/bg\/?page_id=944"},{"@type":"ListItem","position":3,"name":"Utility Lifting Anchors for Concrete"}]},{"@type":"WebSite","@id":"https:\/\/qingdaohf.com\/bg\/#website","url":"https:\/\/qingdaohf.com\/bg\/","name":"Concrete Form & Rigging Hardware Supplier","description":"","publisher":{"@id":"https:\/\/qingdaohf.com\/bg\/#organization"},"potentialAction":[{"@type":"SearchAction","target":{"@type":"EntryPoint","urlTemplate":"https:\/\/qingdaohf.com\/bg\/?s={search_term_string}"},"query-input":{"@type":"PropertyValueSpecification","valueRequired":true,"valueName":"search_term_string"}}],"inLanguage":"ro-RO"},{"@type":"Organization","@id":"https:\/\/qingdaohf.com\/bg\/#organization","name":"Qingdao H&F","url":"https:\/\/qingdaohf.com\/bg\/","logo":{"@type":"ImageObject","inLanguage":"ro-RO","@id":"https:\/\/qingdaohf.com\/bg\/#\/schema\/logo\/image\/","url":"https:\/\/qingdaohf.com\/wp-content\/uploads\/2022\/12\/cropped-HF-LOGO.png","contentUrl":"https:\/\/qingdaohf.com\/wp-content\/uploads\/2022\/12\/cropped-HF-LOGO.png","width":391,"height":249,"caption":"Qingdao H&F"},"image":{"@id":"https:\/\/qingdaohf.com\/bg\/#\/schema\/logo\/image\/"},"sameAs":["https:\/\/www.facebook.com\/qingdaohf"]}]}},"_links":{"self":[{"href":"https:\/\/qingdaohf.com\/ro\/wp-json\/wp\/v2\/product\/6109","targetHints":{"allow":["GET"]}}],"collection":[{"href":"https:\/\/qingdaohf.com\/ro\/wp-json\/wp\/v2\/product"}],"about":[{"href":"https:\/\/qingdaohf.com\/ro\/wp-json\/wp\/v2\/types\/product"}],"replies":[{"embeddable":true,"href":"https:\/\/qingdaohf.com\/ro\/wp-json\/wp\/v2\/comments?post=6109"}],"version-history":[{"count":10,"href":"https:\/\/qingdaohf.com\/ro\/wp-json\/wp\/v2\/product\/6109\/revisions"}],"predecessor-version":[{"id":6276,"href":"https:\/\/qingdaohf.com\/ro\/wp-json\/wp\/v2\/product\/6109\/revisions\/6276"}],"wp:featuredmedia":[{"embeddable":true,"href":"https:\/\/qingdaohf.com\/ro\/wp-json\/wp\/v2\/media\/6137"}],"wp:attachment":[{"href":"https:\/\/qingdaohf.com\/ro\/wp-json\/wp\/v2\/media?parent=6109"}],"wp:term":[{"taxonomy":"product_brand","embeddable":true,"href":"https:\/\/qingdaohf.com\/ro\/wp-json\/wp\/v2\/product_brand?post=6109"},{"taxonomy":"product_cat","embeddable":true,"href":"https:\/\/qingdaohf.com\/ro\/wp-json\/wp\/v2\/product_cat?post=6109"},{"taxonomy":"product_tag","embeddable":true,"href":"https:\/\/qingdaohf.com\/ro\/wp-json\/wp\/v2\/product_tag?post=6109"}],"curies":[{"name":"wp","href":"https:\/\/api.w.org\/{rel}","templated":true}]}}