{"id":6226,"date":"2024-01-03T15:51:23","date_gmt":"2024-01-03T07:51:23","guid":{"rendered":"http:\/\/qingdaohf.com\/?post_type=product&#038;p=6226"},"modified":"2025-11-13T09:03:39","modified_gmt":"2025-11-13T01:03:39","slug":"woven-cord-strap","status":"publish","type":"product","link":"https:\/\/qingdaohf.com\/ro\/produs\/chingi\/","title":{"rendered":"\u021aesute poliester Cord Strapping Band pentru ambalare"},"content":{"rendered":"<div class=\"ast-oembed-container\" style=\"height: 100%;\"><iframe title=\"Polipropilen\u0103 Strapping\" width=\"500\" height=\"281\" src=\"https:\/\/www.youtube.com\/embed\/Bi0Ct6OI134?feature=oembed\" frameborder=\"0\" allow=\"accelerometer; autoplay; clipboard-write; encrypted-media; gyroscope; picture-in-picture; web-share\" referrerpolicy=\"strict-origin-when-cross-origin\" allowfullscreen><\/iframe><\/div>\n<h3>Cunoa\u0219terea caracteristicilor critice ale benzilor de legare cu sfoar\u0103 din poliester \u021besut<\/h3>\n<p>Benzile de legare cu cablu de poliester \u021besut sunt baza oric\u0103rei solu\u021bii de ambalare sigur\u0103. Cunosc\u00e2ndu-le rezisten\u021ba \u0219i versatilitatea, industriile care necesit\u0103 legarea fiabil\u0103 a \u00eenc\u0103rc\u0103turilor grele sau a celor cu forme neregulate g\u0103sesc numeroase aplica\u021bii pentru aceste benzi. Benzile, realizate din fibre de poliester str\u00e2ns \u00eempletite, ofer\u0103 o rezisten\u021b\u0103 impresionant\u0103 la trac\u021biune, p\u0103str\u00e2nd \u00een acela\u0219i timp flexibilitatea. Spre deosebire de chingile tradi\u021bionale din o\u021bel, care pot rugini sau chiar deteriora suprafe\u021bele sensibile, acest tip de chingi din poliester ofer\u0103 o alternativ\u0103 neted\u0103, dar puternic\u0103, care exceleaz\u0103 \u00een men\u021binerea integrit\u0103\u021bii m\u0103rfurilor \u00een siguran\u021b\u0103.<\/p>\n<p>Materialul a devenit un favorit \u00een mai multe industrii de v\u00e2rf, inclusiv logistic\u0103, construc\u021bii \u0219i produc\u021bie, unde produsele sunt supuse unei manipul\u0103ri dure f\u0103r\u0103 a compromite siguran\u021ba sau stabilitatea. Cump\u0103r\u0103torii apreciaz\u0103 investi\u021biile lor \u00een ambalaje \u0219i, prin urmare, au nevoie de benzi de legare care s\u0103 se potriveasc\u0103 exact cerin\u021belor lor opera\u021bionale, fiind \u00een acela\u0219i timp eficiente \u0219i rentabile.<\/p>\n<h3>Avantajele chingilor de \u00eenalt\u0103 rezisten\u021b\u0103 din poliester<\/h3>\n<p>Benzile de legare cu cablu din poliester \u021besut sunt cele mai bune din punct de vedere al durabilit\u0103\u021bii \u0219i, prin urmare, perfect potrivite pentru fixarea \u00eenc\u0103rc\u0103turilor \u00een condi\u021bii dinamice. Structura lor \u021besut\u0103 special\u0103 \u00eenseamn\u0103 c\u0103 sunt \u00een m\u0103sur\u0103 s\u0103 absoarb\u0103 \u0219ocurile \u0219i vibra\u021biile, ceea ce este foarte important atunci c\u00e2nd se transport\u0103 m\u0103rfuri fragile sau grele pe o distan\u021b\u0103 lung\u0103. De asemenea, benzile au elasticitate; acest lucru este important deoarece, chiar dac\u0103 \u00eenc\u0103rc\u0103tura s-a mi\u0219cat pu\u021bin \u00een timpul transportului, aceasta va fi \u00een continuare fixat\u0103 ferm.<\/p>\n<p>\u00cen plus, natura u\u0219oar\u0103 a chingilor din poliester faciliteaz\u0103 manipularea. Este mult mai u\u0219or de manevrat \u00een compara\u021bie cu omologii s\u0103i din o\u021bel; ca atare, manevrarea nu duce la o solicitare extrem\u0103 a for\u021bei de munc\u0103 \u0219i spore\u0219te eficien\u021ba opera\u021biunilor. Un alt beneficiu cheie implic\u0103 rezisten\u021ba sa la mediu; benzile din poliester rezist\u0103 la degradare \u00een urma expunerii la umiditate, raze UV sau schimb\u0103ri de temperatur\u0103 - prin urmare, rezultate excelente atunci c\u00e2nd sunt utilizate \u00een aplica\u021bii de depozitare sau tranzit \u00een aer liber.<br \/>\nLa Qingdao H&amp;F, inspect\u0103m cu stricte\u021be benzile noastre de chingi din poliester pentru a \u00eendeplini cele mai \u00eenalte standarde din industrie. Cump\u0103r\u0103torii se pot a\u0219tepta la rapoarte detaliate de inspec\u021bie a calit\u0103\u021bii cu fiecare lot, prin urmare, transparen\u021b\u0103 total\u0103 privind fiabilitatea produselor. Cu aceasta, \u00eempreun\u0103 cu termenele de livrare rapide, ne asigur\u0103m c\u0103 opera\u021biunile dvs. de afaceri continu\u0103 f\u0103r\u0103 \u00eent\u00e2rzieri.<\/p>\n<h3>De ce s\u0103 alege\u021bi Qingdao H&amp;F pentru nevoile dvs. de chingi din poliester?<\/h3>\n<p>Furnizorul potrivit este la fel de important ca \u0219i selec\u021bia produsului \u00een sine. \u00cen acest sens, Qingdao H&amp;F este de neegalat, corespunz\u00e2nd perfect nevoilor cump\u0103r\u0103torilor. Cu 20 de ani de experien\u021b\u0103 \u00een comer\u021bul exterior, recunoa\u0219tem acei factori critici care determin\u0103 deciziile de cump\u0103rare: de la durabilitatea produselor \u0219i eficien\u021ba costurilor p\u00e2n\u0103 la livrarea la timp \u0219i asisten\u021ba personalizat\u0103, excelen\u021b\u0103 \u00een fiecare mic detaliu. Angajamentul fa\u021b\u0103 de serviciile personalizate pentru clien\u021bi ne diferen\u021biaz\u0103. Fiecare client beneficiaz\u0103 de un singur punct de contact care ajut\u0103 la rezolvarea oric\u0103ror \u00eentreb\u0103ri sau ofer\u0103 asisten\u021b\u0103 la zi \u00een adaptarea solu\u021biilor la cerin\u021bele specifice. Aceast\u0103 abordare personalizat\u0103 asigur\u0103 faptul c\u0103 achizi\u021bia se face f\u0103r\u0103 probleme. \u00cen plus, sistemul nostru puternic de gestionare a lan\u021bului de aprovizionare ne permite s\u0103 livr\u0103m la timp, chiar \u0219i \u00een cazul proiectelor cu termene stricte, f\u0103r\u0103 a compromite calitatea. Pentru cump\u0103r\u0103torii preocupa\u021bi de calitate, oferim rapoarte de inspec\u021bie detaliate, astfel \u00eenc\u00e2t ace\u0219tia s\u0103 fie siguri c\u0103 fiecare lot de produse \u00eendepline\u0219te standardele specificate. Raportul genereaz\u0103 \u00eencredere \u0219i permite clien\u021bilor s\u0103 ia decizii sigure \u0219i \u00een cuno\u0219tin\u021b\u0103 de cauz\u0103.<\/p>\n<p>Acest lucru dovede\u0219te c\u0103 benzile de legare din poliester \u021besute cu cordon de \u00eenalt\u0103 rezisten\u021b\u0103 sunt cu siguran\u021b\u0103 un produs inovator pentru industriile care necesit\u0103 materiale de ambalare fiabile. Accentul este pus pe rezisten\u021b\u0103, rezilien\u021b\u0103 \u0219i adaptabilitate \u00een aceste benzi pentru scopurile lor multiple, minimiz\u00e2nd \u00een acela\u0219i timp riscurile legate de securizarea \u00eenc\u0103rc\u0103turii. \u00cempreun\u0103 cu Qingdao H&amp;F, poate asigura cump\u0103r\u0103torilor produse superioare sus\u021binute de expertiza industriei, cicluri de livrare rapide \u0219i asisten\u021b\u0103 invariabil\u0103 pentru clien\u021bi. Indiferent dac\u0103 lucra\u021bi la o logistic\u0103 complex\u0103 sau \u00eencerca\u021bi s\u0103 rezolva\u021bi provoc\u0103ri opera\u021bionale specifice, solu\u021biile noastre personalizate \u0219i cuno\u0219tin\u021bele noastre aprofundate sunt fundamentul pe care se construie\u0219te succesul dumneavoastr\u0103 \u00een domeniul ambalajelor.<\/p>","protected":false},"excerpt":{"rendered":"<p>Benzile de legare din poliester \u021besut de \u00eenalt\u0103 rezisten\u021b\u0103 ofer\u0103 industriilor solu\u021bii de ambalare eficiente \u0219i de \u00eencredere. Cunoscute pentru durabilitatea lor, aceste benzi permit fixarea eficient\u0103 a \u00eenc\u0103rc\u0103turilor grele \u0219i prezint\u0103 o rezisten\u021b\u0103 ridicat\u0103 la rupere \u0219i \u00eentindere \u00een timpul transportului. Majoritatea cump\u0103r\u0103torilor, dup\u0103 ce achizi\u021bioneaz\u0103 materiale de ambalare fiabile, iau \u00een considerare performan\u021ba produsului, compatibilitatea cu toate tipurile de instrumente de legare \u0219i capacitatea de a rezista factorilor de mediu, cum ar fi umiditatea. Am fost o companie comercial\u0103 de \u00eencredere timp de 20 de ani. Qingdao H&amp;F s-a remarcat prin oferirea de servicii personalizate, individuale pentru clien\u021bi, ceea ce garanteaz\u0103 c\u0103 fiecare client prime\u0219te timpul cuvenit. Ciclurile rapide de livrare \u0219i rapoartele complete de inspec\u021bie a calit\u0103\u021bii v\u0103 vor spori \u00eencrederea \u00een a ne alege pentru solu\u021biile dvs. de ambalare.<\/p>","protected":false},"featured_media":6225,"comment_status":"open","ping_status":"closed","template":"","meta":{"site-sidebar-layout":"default","site-content-layout":"","ast-site-content-layout":"default","site-content-style":"default","site-sidebar-style":"default","ast-global-header-display":"","ast-banner-title-visibility":"","ast-main-header-display":"","ast-hfb-above-header-display":"","ast-hfb-below-header-display":"","ast-hfb-mobile-header-display":"","site-post-title":"","ast-breadcrumbs-content":"","ast-featured-img":"","footer-sml-layout":"","theme-transparent-header-meta":"default","adv-header-id-meta":"","stick-header-meta":"default","header-above-stick-meta":"","header-main-stick-meta":"","header-below-stick-meta":"","astra-migrate-meta-layouts":"set","ast-page-background-enabled":"default","ast-page-background-meta":{"desktop":{"background-color":"","background-image":"","background-repeat":"repeat","background-position":"center center","background-size":"auto","background-attachment":"scroll","background-type":"","background-media":"","overlay-type":"","overlay-color":"","overlay-opacity":"","overlay-gradient":""},"tablet":{"background-color":"","background-image":"","background-repeat":"repeat","background-position":"center center","background-size":"auto","background-attachment":"scroll","background-type":"","background-media":"","overlay-type":"","overlay-color":"","overlay-opacity":"","overlay-gradient":""},"mobile":{"background-color":"","background-image":"","background-repeat":"repeat","background-position":"center center","background-size":"auto","background-attachment":"scroll","background-type":"","background-media":"","overlay-type":"","overlay-color":"","overlay-opacity":"","overlay-gradient":""}},"ast-content-background-meta":{"desktop":{"background-color":"var(--ast-global-color-5)","background-image":"","background-repeat":"repeat","background-position":"center center","background-size":"auto","background-attachment":"scroll","background-type":"","background-media":"","overlay-type":"","overlay-color":"","overlay-opacity":"","overlay-gradient":""},"tablet":{"background-color":"var(--ast-global-color-5)","background-image":"","background-repeat":"repeat","background-position":"center center","background-size":"auto","background-attachment":"scroll","background-type":"","background-media":"","overlay-type":"","overlay-color":"","overlay-opacity":"","overlay-gradient":""},"mobile":{"background-color":"var(--ast-global-color-5)","background-image":"","background-repeat":"repeat","background-position":"center center","background-size":"auto","background-attachment":"scroll","background-type":"","background-media":"","overlay-type":"","overlay-color":"","overlay-opacity":"","overlay-gradient":""}}},"product_brand":[],"product_cat":[51,69],"product_tag":[],"class_list":{"0":"post-6226","1":"product","2":"type-product","3":"status-publish","4":"has-post-thumbnail","6":"product_cat-riggging-hardware","7":"product_cat-strapping","8":"desktop-align-left","9":"tablet-align-left","10":"mobile-align-left","11":"ast-product-gallery-layout-horizontal-slider","12":"ast-product-tabs-layout-horizontal","14":"first","15":"instock","16":"shipping-taxable","17":"purchasable","18":"product-type-simple"},"yoast_head":"<!-- This site is optimized with the Yoast SEO plugin v25.2 - https:\/\/yoast.com\/wordpress\/plugins\/seo\/ -->\n<title>Woven Polyester Cord Strapping Band for Packaging<\/title>\n<meta name=\"description\" content=\"High-strength woven polyester cord strapping bands provide industries with efficient and trustworthy packaging solutions.\" \/>\n<meta name=\"robots\" content=\"index, follow, max-snippet:-1, max-image-preview:large, max-video-preview:-1\" \/>\n<link rel=\"canonical\" href=\"https:\/\/qingdaohf.com\/ro\/produs\/chingi\/\" \/>\n<meta property=\"og:locale\" content=\"ro_RO\" \/>\n<meta property=\"og:type\" content=\"article\" \/>\n<meta property=\"og:title\" content=\"Woven Polyester Cord Strapping Band for Packaging\" \/>\n<meta property=\"og:description\" content=\"High-strength woven polyester cord strapping bands provide industries with efficient and trustworthy packaging solutions.\" \/>\n<meta property=\"og:url\" content=\"https:\/\/qingdaohf.com\/ro\/produs\/chingi\/\" \/>\n<meta property=\"og:site_name\" content=\"Concrete Form &amp; Rigging Hardware Supplier\" \/>\n<meta property=\"article:publisher\" content=\"https:\/\/www.facebook.com\/qingdaohf\" \/>\n<meta property=\"article:modified_time\" content=\"2025-11-13T01:03:39+00:00\" \/>\n<meta property=\"og:image\" content=\"https:\/\/qingdaohf.com\/wp-content\/uploads\/2024\/01\/strapping-roll-2.webp\" \/>\n\t<meta property=\"og:image:width\" content=\"1000\" \/>\n\t<meta property=\"og:image:height\" content=\"1000\" \/>\n\t<meta property=\"og:image:type\" content=\"image\/webp\" \/>\n<meta name=\"twitter:card\" content=\"summary_large_image\" \/>\n<meta name=\"twitter:label1\" content=\"Timp estimat pentru citire\" \/>\n\t<meta name=\"twitter:data1\" content=\"3 minute\" \/>\n<script type=\"application\/ld+json\" class=\"yoast-schema-graph\">{\"@context\":\"https:\/\/schema.org\",\"@graph\":[{\"@type\":\"WebPage\",\"@id\":\"https:\/\/qingdaohf.com\/product\/woven-cord-strap\/\",\"url\":\"https:\/\/qingdaohf.com\/product\/woven-cord-strap\/\",\"name\":\"Woven Polyester Cord Strapping Band for Packaging\",\"isPartOf\":{\"@id\":\"https:\/\/qingdaohf.com\/bg\/#website\"},\"primaryImageOfPage\":{\"@id\":\"https:\/\/qingdaohf.com\/product\/woven-cord-strap\/#primaryimage\"},\"image\":{\"@id\":\"https:\/\/qingdaohf.com\/product\/woven-cord-strap\/#primaryimage\"},\"thumbnailUrl\":\"https:\/\/qingdaohf.com\/wp-content\/uploads\/2024\/01\/strapping-roll-2.webp\",\"datePublished\":\"2024-01-03T07:51:23+00:00\",\"dateModified\":\"2025-11-13T01:03:39+00:00\",\"description\":\"High-strength woven polyester cord strapping bands provide industries with efficient and trustworthy packaging solutions.\",\"breadcrumb\":{\"@id\":\"https:\/\/qingdaohf.com\/product\/woven-cord-strap\/#breadcrumb\"},\"inLanguage\":\"ro-RO\",\"potentialAction\":[{\"@type\":\"ReadAction\",\"target\":[\"https:\/\/qingdaohf.com\/product\/woven-cord-strap\/\"]}]},{\"@type\":\"ImageObject\",\"inLanguage\":\"ro-RO\",\"@id\":\"https:\/\/qingdaohf.com\/product\/woven-cord-strap\/#primaryimage\",\"url\":\"https:\/\/qingdaohf.com\/wp-content\/uploads\/2024\/01\/strapping-roll-2.webp\",\"contentUrl\":\"https:\/\/qingdaohf.com\/wp-content\/uploads\/2024\/01\/strapping-roll-2.webp\",\"width\":1000,\"height\":1000,\"caption\":\"strapping roll\"},{\"@type\":\"BreadcrumbList\",\"@id\":\"https:\/\/qingdaohf.com\/product\/woven-cord-strap\/#breadcrumb\",\"itemListElement\":[{\"@type\":\"ListItem\",\"position\":1,\"name\":\"Home\",\"item\":\"https:\/\/qingdaohf.com\/\"},{\"@type\":\"ListItem\",\"position\":2,\"name\":\"Concrete Forming Accessories and Rigging Hardware\",\"item\":\"https:\/\/qingdaohf.com\/bg\/?page_id=944\"},{\"@type\":\"ListItem\",\"position\":3,\"name\":\"Woven Polyester Cord Strapping Band for Packaging\"}]},{\"@type\":\"WebSite\",\"@id\":\"https:\/\/qingdaohf.com\/bg\/#website\",\"url\":\"https:\/\/qingdaohf.com\/bg\/\",\"name\":\"Concrete Form & Rigging Hardware Supplier\",\"description\":\"\",\"publisher\":{\"@id\":\"https:\/\/qingdaohf.com\/bg\/#organization\"},\"potentialAction\":[{\"@type\":\"SearchAction\",\"target\":{\"@type\":\"EntryPoint\",\"urlTemplate\":\"https:\/\/qingdaohf.com\/bg\/?s={search_term_string}\"},\"query-input\":{\"@type\":\"PropertyValueSpecification\",\"valueRequired\":true,\"valueName\":\"search_term_string\"}}],\"inLanguage\":\"ro-RO\"},{\"@type\":\"Organization\",\"@id\":\"https:\/\/qingdaohf.com\/bg\/#organization\",\"name\":\"Qingdao H&F\",\"url\":\"https:\/\/qingdaohf.com\/bg\/\",\"logo\":{\"@type\":\"ImageObject\",\"inLanguage\":\"ro-RO\",\"@id\":\"https:\/\/qingdaohf.com\/bg\/#\/schema\/logo\/image\/\",\"url\":\"https:\/\/qingdaohf.com\/wp-content\/uploads\/2022\/12\/cropped-HF-LOGO.png\",\"contentUrl\":\"https:\/\/qingdaohf.com\/wp-content\/uploads\/2022\/12\/cropped-HF-LOGO.png\",\"width\":391,\"height\":249,\"caption\":\"Qingdao H&F\"},\"image\":{\"@id\":\"https:\/\/qingdaohf.com\/bg\/#\/schema\/logo\/image\/\"},\"sameAs\":[\"https:\/\/www.facebook.com\/qingdaohf\"]}]}<\/script>\n<!-- \/ Yoast SEO plugin. -->","yoast_head_json":{"title":"Woven Polyester Cord Strapping Band for Packaging","description":"High-strength woven polyester cord strapping bands provide industries with efficient and trustworthy packaging solutions.","robots":{"index":"index","follow":"follow","max-snippet":"max-snippet:-1","max-image-preview":"max-image-preview:large","max-video-preview":"max-video-preview:-1"},"canonical":"https:\/\/qingdaohf.com\/ro\/produs\/chingi\/","og_locale":"ro_RO","og_type":"article","og_title":"Woven Polyester Cord Strapping Band for Packaging","og_description":"High-strength woven polyester cord strapping bands provide industries with efficient and trustworthy packaging solutions.","og_url":"https:\/\/qingdaohf.com\/ro\/produs\/chingi\/","og_site_name":"Concrete Form &amp; Rigging Hardware Supplier","article_publisher":"https:\/\/www.facebook.com\/qingdaohf","article_modified_time":"2025-11-13T01:03:39+00:00","og_image":[{"width":1000,"height":1000,"url":"https:\/\/qingdaohf.com\/wp-content\/uploads\/2024\/01\/strapping-roll-2.webp","type":"image\/webp"}],"twitter_card":"summary_large_image","twitter_misc":{"Timp estimat pentru citire":"3 minute"},"schema":{"@context":"https:\/\/schema.org","@graph":[{"@type":"WebPage","@id":"https:\/\/qingdaohf.com\/product\/woven-cord-strap\/","url":"https:\/\/qingdaohf.com\/product\/woven-cord-strap\/","name":"Woven Polyester Cord Strapping Band for Packaging","isPartOf":{"@id":"https:\/\/qingdaohf.com\/bg\/#website"},"primaryImageOfPage":{"@id":"https:\/\/qingdaohf.com\/product\/woven-cord-strap\/#primaryimage"},"image":{"@id":"https:\/\/qingdaohf.com\/product\/woven-cord-strap\/#primaryimage"},"thumbnailUrl":"https:\/\/qingdaohf.com\/wp-content\/uploads\/2024\/01\/strapping-roll-2.webp","datePublished":"2024-01-03T07:51:23+00:00","dateModified":"2025-11-13T01:03:39+00:00","description":"High-strength woven polyester cord strapping bands provide industries with efficient and trustworthy packaging solutions.","breadcrumb":{"@id":"https:\/\/qingdaohf.com\/product\/woven-cord-strap\/#breadcrumb"},"inLanguage":"ro-RO","potentialAction":[{"@type":"ReadAction","target":["https:\/\/qingdaohf.com\/product\/woven-cord-strap\/"]}]},{"@type":"ImageObject","inLanguage":"ro-RO","@id":"https:\/\/qingdaohf.com\/product\/woven-cord-strap\/#primaryimage","url":"https:\/\/qingdaohf.com\/wp-content\/uploads\/2024\/01\/strapping-roll-2.webp","contentUrl":"https:\/\/qingdaohf.com\/wp-content\/uploads\/2024\/01\/strapping-roll-2.webp","width":1000,"height":1000,"caption":"strapping roll"},{"@type":"BreadcrumbList","@id":"https:\/\/qingdaohf.com\/product\/woven-cord-strap\/#breadcrumb","itemListElement":[{"@type":"ListItem","position":1,"name":"Home","item":"https:\/\/qingdaohf.com\/"},{"@type":"ListItem","position":2,"name":"Concrete Forming Accessories and Rigging Hardware","item":"https:\/\/qingdaohf.com\/bg\/?page_id=944"},{"@type":"ListItem","position":3,"name":"Woven Polyester Cord Strapping Band for Packaging"}]},{"@type":"WebSite","@id":"https:\/\/qingdaohf.com\/bg\/#website","url":"https:\/\/qingdaohf.com\/bg\/","name":"Concrete Form & Rigging Hardware Supplier","description":"","publisher":{"@id":"https:\/\/qingdaohf.com\/bg\/#organization"},"potentialAction":[{"@type":"SearchAction","target":{"@type":"EntryPoint","urlTemplate":"https:\/\/qingdaohf.com\/bg\/?s={search_term_string}"},"query-input":{"@type":"PropertyValueSpecification","valueRequired":true,"valueName":"search_term_string"}}],"inLanguage":"ro-RO"},{"@type":"Organization","@id":"https:\/\/qingdaohf.com\/bg\/#organization","name":"Qingdao H&F","url":"https:\/\/qingdaohf.com\/bg\/","logo":{"@type":"ImageObject","inLanguage":"ro-RO","@id":"https:\/\/qingdaohf.com\/bg\/#\/schema\/logo\/image\/","url":"https:\/\/qingdaohf.com\/wp-content\/uploads\/2022\/12\/cropped-HF-LOGO.png","contentUrl":"https:\/\/qingdaohf.com\/wp-content\/uploads\/2022\/12\/cropped-HF-LOGO.png","width":391,"height":249,"caption":"Qingdao H&F"},"image":{"@id":"https:\/\/qingdaohf.com\/bg\/#\/schema\/logo\/image\/"},"sameAs":["https:\/\/www.facebook.com\/qingdaohf"]}]}},"_links":{"self":[{"href":"https:\/\/qingdaohf.com\/ro\/wp-json\/wp\/v2\/product\/6226","targetHints":{"allow":["GET"]}}],"collection":[{"href":"https:\/\/qingdaohf.com\/ro\/wp-json\/wp\/v2\/product"}],"about":[{"href":"https:\/\/qingdaohf.com\/ro\/wp-json\/wp\/v2\/types\/product"}],"replies":[{"embeddable":true,"href":"https:\/\/qingdaohf.com\/ro\/wp-json\/wp\/v2\/comments?post=6226"}],"version-history":[{"count":11,"href":"https:\/\/qingdaohf.com\/ro\/wp-json\/wp\/v2\/product\/6226\/revisions"}],"predecessor-version":[{"id":8881,"href":"https:\/\/qingdaohf.com\/ro\/wp-json\/wp\/v2\/product\/6226\/revisions\/8881"}],"wp:featuredmedia":[{"embeddable":true,"href":"https:\/\/qingdaohf.com\/ro\/wp-json\/wp\/v2\/media\/6225"}],"wp:attachment":[{"href":"https:\/\/qingdaohf.com\/ro\/wp-json\/wp\/v2\/media?parent=6226"}],"wp:term":[{"taxonomy":"product_brand","embeddable":true,"href":"https:\/\/qingdaohf.com\/ro\/wp-json\/wp\/v2\/product_brand?post=6226"},{"taxonomy":"product_cat","embeddable":true,"href":"https:\/\/qingdaohf.com\/ro\/wp-json\/wp\/v2\/product_cat?post=6226"},{"taxonomy":"product_tag","embeddable":true,"href":"https:\/\/qingdaohf.com\/ro\/wp-json\/wp\/v2\/product_tag?post=6226"}],"curies":[{"name":"wp","href":"https:\/\/api.w.org\/{rel}","templated":true}]}}