{"id":6357,"date":"2024-01-22T14:18:41","date_gmt":"2024-01-22T06:18:41","guid":{"rendered":"http:\/\/qingdaohf.com\/?post_type=product&#038;p=6357"},"modified":"2025-11-13T09:03:39","modified_gmt":"2025-11-13T01:03:39","slug":"polyester-strapping","status":"publish","type":"product","link":"https:\/\/qingdaohf.com\/ro\/produs\/chingi-din-poliester\/","title":{"rendered":"Poliester Strapping"},"content":{"rendered":"<div class=\"ast-oembed-container\" style=\"height: 100%;\"><iframe title=\"Poliester Strapping\" width=\"500\" height=\"281\" src=\"https:\/\/www.youtube.com\/embed\/kUQ_vY_B6Zc?feature=oembed\" frameborder=\"0\" allow=\"accelerometer; autoplay; clipboard-write; encrypted-media; gyroscope; picture-in-picture; web-share\" referrerpolicy=\"strict-origin-when-cross-origin\" allowfullscreen><\/iframe><\/div>\n<p data-sourcepos=\"7:1-7:343\"><strong>1. Rezisten\u021ba la rupere:<\/strong> \ufe0f\u200dEste vorba despre puterea de fixare! Asigura\u021bi-v\u0103 c\u0103 chingile pe care le alege\u021bi au o rezisten\u021b\u0103 la rupere care dep\u0103\u0219e\u0219te cerin\u021bele dvs. de \u00eenc\u0103rcare anticipate. Oferim chingi din poliester cu o gam\u0103 larg\u0103 de rezisten\u021be la rupere, de la sarcini u\u0219oare (500 lbs) la sarcini grele (5.000+ lbs), astfel \u00eenc\u00e2t s\u0103 pute\u021bi g\u0103si potrivirea perfect\u0103 pentru aplica\u021bia dumneavoastr\u0103.<\/p>\n<p data-sourcepos=\"9:1-9:326\"><strong>2. Specifica\u021bii materiale:<\/strong> Nu toate chingile din poliester sunt create la fel. Lua\u021bi \u00een considerare factori precum grosimea, l\u0103\u021bimea \u0219i procentul de alungire pentru a asigura compatibilitatea cu nevoile dvs. specifice. Oferim specifica\u021bii detaliate ale produselor pe site-ul nostru, inclusiv fi\u0219e tehnice pentru desc\u0103rcare, pentru a v\u0103 ajuta s\u0103 lua\u021bi decizii \u00een cuno\u0219tin\u021b\u0103 de cauz\u0103.<\/p>\n<p data-sourcepos=\"11:1-11:310\"><strong>3. Rezisten\u021b\u0103 la intemperii:<\/strong> \ufe0f \u00cenc\u0103rc\u0103tura dvs. nu ar trebui s\u0103 fie la mila elementelor. Alege\u021bi chingi cu rezisten\u021b\u0103 la UV \u0219i impermeabilizare pentru a v\u0103 proteja transporturile de soare, ploaie \u0219i alte condi\u021bii dificile. Chingile noastre din poliester sunt tratate special pentru rezisten\u021b\u0103 la intemperii, asigur\u00e2nd performan\u021be de lung\u0103 durat\u0103.<\/p>\n<p data-sourcepos=\"13:1-13:309\"><strong>4. Cost-eficacitate:<\/strong> S\u0103 recunoa\u0219tem, bugetul conteaz\u0103. \u00cen timp ce calitatea este primordial\u0103, merita\u021bi pre\u021buri competitive. Oferim pre\u021buri competitive la toate produsele noastre de chingi din poliester, f\u0103r\u0103 a compromite calitatea sau performan\u021ba. De asemenea, avem reduceri pentru cantit\u0103\u021bi mari disponibile pentru economii \u0219i mai mari.<\/p>\n<p data-sourcepos=\"15:1-15:247\"><strong>5. Serviciul Clien\u021bi:<\/strong> \u00cen aceast\u0103 afacere, \u00eencrederea \u0219i sprijinul sunt vitale. Ne m\u00e2ndrim cu servicii excep\u021bionale pentru clien\u021bi, cu manageri de cont dedica\u021bi \u0219i asisten\u021b\u0103 tehnic\u0103 pentru a v\u0103 r\u0103spunde la \u00eentreb\u0103ri \u0219i a v\u0103 ghida \u00een procesul de selec\u021bie.<\/p>\n<p data-sourcepos=\"15:1-15:76\"><strong>Chingile din poliester sunt perfecte pentru o varietate de aplica\u021bii, inclusiv:<\/strong><\/p>\n<ul data-sourcepos=\"17:1-21:0\">\n<li data-sourcepos=\"17:1-17:29\">\u00cempachetarea pale\u021bilor \u0219i a l\u0103di\u021belor<\/li>\n<li data-sourcepos=\"18:1-18:34\">Asigurarea ma\u0219inilor \u0219i echipamentelor<\/li>\n<li data-sourcepos=\"19:1-19:35\">\u00cenvelirea mobilei \u0219i a aparatelor<\/li>\n<li data-sourcepos=\"20:1-21:0\">\u0218i multe altele!<\/li>\n<\/ul>","protected":false},"excerpt":{"rendered":"<p><strong>Puternic \u0219i de \u00eencredere:<\/strong>\u00a0\u021aine \u00eenc\u0103rc\u0103turile grele \u00een siguran\u021b\u0103 cu o rezisten\u021b\u0103 ridicat\u0103 la rupere.<\/p>\n<p><strong>U\u0219oare \u0219i flexibile:<\/strong>\u00a0Mai u\u0219or de utilizat \u0219i manevrat dec\u00e2t chingile de o\u021bel.<\/p>\n<p><strong>Rezistent la rugin\u0103 \u0219i la intemperii:<\/strong>\u00a0Nu va deteriora bunurile sau nu va l\u0103sa \u00een urm\u0103 pete ruginite.<\/p>\n<p><strong>Rentabil:<\/strong>\u00a0Adesea mai ieftine dec\u00e2t chingile de o\u021bel \u0219i mai pu\u021bin predispuse la rupere.<\/p>\n<p><strong>Ecologic:<\/strong>\u00a0Reciclabile \u0219i o alegere mai durabil\u0103 dec\u00e2t o\u021belul.<\/p>\n<p>&nbsp;<\/p>","protected":false},"featured_media":6363,"comment_status":"open","ping_status":"closed","template":"","meta":{"site-sidebar-layout":"default","site-content-layout":"","ast-site-content-layout":"default","site-content-style":"default","site-sidebar-style":"default","ast-global-header-display":"","ast-banner-title-visibility":"","ast-main-header-display":"","ast-hfb-above-header-display":"","ast-hfb-below-header-display":"","ast-hfb-mobile-header-display":"","site-post-title":"","ast-breadcrumbs-content":"","ast-featured-img":"","footer-sml-layout":"","theme-transparent-header-meta":"default","adv-header-id-meta":"","stick-header-meta":"default","header-above-stick-meta":"","header-main-stick-meta":"","header-below-stick-meta":"","astra-migrate-meta-layouts":"set","ast-page-background-enabled":"default","ast-page-background-meta":{"desktop":{"background-color":"","background-image":"","background-repeat":"repeat","background-position":"center center","background-size":"auto","background-attachment":"scroll","background-type":"","background-media":"","overlay-type":"","overlay-color":"","overlay-opacity":"","overlay-gradient":""},"tablet":{"background-color":"","background-image":"","background-repeat":"repeat","background-position":"center center","background-size":"auto","background-attachment":"scroll","background-type":"","background-media":"","overlay-type":"","overlay-color":"","overlay-opacity":"","overlay-gradient":""},"mobile":{"background-color":"","background-image":"","background-repeat":"repeat","background-position":"center center","background-size":"auto","background-attachment":"scroll","background-type":"","background-media":"","overlay-type":"","overlay-color":"","overlay-opacity":"","overlay-gradient":""}},"ast-content-background-meta":{"desktop":{"background-color":"var(--ast-global-color-5)","background-image":"","background-repeat":"repeat","background-position":"center center","background-size":"auto","background-attachment":"scroll","background-type":"","background-media":"","overlay-type":"","overlay-color":"","overlay-opacity":"","overlay-gradient":""},"tablet":{"background-color":"var(--ast-global-color-5)","background-image":"","background-repeat":"repeat","background-position":"center center","background-size":"auto","background-attachment":"scroll","background-type":"","background-media":"","overlay-type":"","overlay-color":"","overlay-opacity":"","overlay-gradient":""},"mobile":{"background-color":"var(--ast-global-color-5)","background-image":"","background-repeat":"repeat","background-position":"center center","background-size":"auto","background-attachment":"scroll","background-type":"","background-media":"","overlay-type":"","overlay-color":"","overlay-opacity":"","overlay-gradient":""}}},"product_brand":[],"product_cat":[69],"product_tag":[],"class_list":{"0":"post-6357","1":"product","2":"type-product","3":"status-publish","4":"has-post-thumbnail","6":"product_cat-strapping","7":"desktop-align-left","8":"tablet-align-left","9":"mobile-align-left","10":"ast-product-gallery-layout-horizontal-slider","11":"ast-product-tabs-layout-horizontal","13":"first","14":"instock","15":"shipping-taxable","16":"purchasable","17":"product-type-simple"},"yoast_head":"<!-- This site is optimized with the Yoast SEO plugin v25.2 - https:\/\/yoast.com\/wordpress\/plugins\/seo\/ -->\n<title>Polyester Strapping<\/title>\n<meta name=\"robots\" content=\"index, follow, max-snippet:-1, max-image-preview:large, max-video-preview:-1\" \/>\n<link rel=\"canonical\" href=\"https:\/\/qingdaohf.com\/ro\/produs\/chingi-din-poliester\/\" \/>\n<meta property=\"og:locale\" content=\"ro_RO\" \/>\n<meta property=\"og:type\" content=\"article\" \/>\n<meta property=\"og:title\" content=\"Polyester Strapping\" \/>\n<meta property=\"og:description\" content=\"Strong and reliable:\u00a0Holds heavy loads securely with high break strength.  Lightweight and flexible:\u00a0Easier to use and maneuver than steel strapping.  Rustproof and weatherproof:\u00a0Won&#039;t damage your goods or leave behind rusty stains.  Cost-effective:\u00a0Often cheaper than steel strapping, and less prone to breakage.  Eco-friendly:\u00a0Recyclable and a more sustainable choice than steel.  &nbsp;\" \/>\n<meta property=\"og:url\" content=\"https:\/\/qingdaohf.com\/ro\/produs\/chingi-din-poliester\/\" \/>\n<meta property=\"og:site_name\" content=\"Concrete Form &amp; Rigging Hardware Supplier\" \/>\n<meta property=\"article:publisher\" content=\"https:\/\/www.facebook.com\/qingdaohf\" \/>\n<meta property=\"article:modified_time\" content=\"2025-11-13T01:03:39+00:00\" \/>\n<meta property=\"og:image\" content=\"https:\/\/qingdaohf.com\/wp-content\/uploads\/2024\/01\/Polyester-strapping-6.jpg\" \/>\n\t<meta property=\"og:image:width\" content=\"1000\" \/>\n\t<meta property=\"og:image:height\" content=\"1000\" \/>\n\t<meta property=\"og:image:type\" content=\"image\/jpeg\" \/>\n<meta name=\"twitter:card\" content=\"summary_large_image\" \/>\n<meta name=\"twitter:label1\" content=\"Timp estimat pentru citire\" \/>\n\t<meta name=\"twitter:data1\" content=\"2 minute\" \/>\n<script type=\"application\/ld+json\" class=\"yoast-schema-graph\">{\"@context\":\"https:\/\/schema.org\",\"@graph\":[{\"@type\":\"WebPage\",\"@id\":\"https:\/\/qingdaohf.com\/product\/polyester-strapping\/\",\"url\":\"https:\/\/qingdaohf.com\/product\/polyester-strapping\/\",\"name\":\"Polyester Strapping\",\"isPartOf\":{\"@id\":\"https:\/\/qingdaohf.com\/bg\/#website\"},\"primaryImageOfPage\":{\"@id\":\"https:\/\/qingdaohf.com\/product\/polyester-strapping\/#primaryimage\"},\"image\":{\"@id\":\"https:\/\/qingdaohf.com\/product\/polyester-strapping\/#primaryimage\"},\"thumbnailUrl\":\"https:\/\/qingdaohf.com\/wp-content\/uploads\/2024\/01\/Polyester-strapping-6.jpg\",\"datePublished\":\"2024-01-22T06:18:41+00:00\",\"dateModified\":\"2025-11-13T01:03:39+00:00\",\"breadcrumb\":{\"@id\":\"https:\/\/qingdaohf.com\/product\/polyester-strapping\/#breadcrumb\"},\"inLanguage\":\"ro-RO\",\"potentialAction\":[{\"@type\":\"ReadAction\",\"target\":[\"https:\/\/qingdaohf.com\/product\/polyester-strapping\/\"]}]},{\"@type\":\"ImageObject\",\"inLanguage\":\"ro-RO\",\"@id\":\"https:\/\/qingdaohf.com\/product\/polyester-strapping\/#primaryimage\",\"url\":\"https:\/\/qingdaohf.com\/wp-content\/uploads\/2024\/01\/Polyester-strapping-6.jpg\",\"contentUrl\":\"https:\/\/qingdaohf.com\/wp-content\/uploads\/2024\/01\/Polyester-strapping-6.jpg\",\"width\":1000,\"height\":1000,\"caption\":\"Polyester strapping\"},{\"@type\":\"BreadcrumbList\",\"@id\":\"https:\/\/qingdaohf.com\/product\/polyester-strapping\/#breadcrumb\",\"itemListElement\":[{\"@type\":\"ListItem\",\"position\":1,\"name\":\"Home\",\"item\":\"https:\/\/qingdaohf.com\/\"},{\"@type\":\"ListItem\",\"position\":2,\"name\":\"Concrete Forming Accessories and Rigging Hardware\",\"item\":\"https:\/\/qingdaohf.com\/bg\/?page_id=944\"},{\"@type\":\"ListItem\",\"position\":3,\"name\":\"Polyester Strapping\"}]},{\"@type\":\"WebSite\",\"@id\":\"https:\/\/qingdaohf.com\/bg\/#website\",\"url\":\"https:\/\/qingdaohf.com\/bg\/\",\"name\":\"Concrete Form & Rigging Hardware Supplier\",\"description\":\"\",\"publisher\":{\"@id\":\"https:\/\/qingdaohf.com\/bg\/#organization\"},\"potentialAction\":[{\"@type\":\"SearchAction\",\"target\":{\"@type\":\"EntryPoint\",\"urlTemplate\":\"https:\/\/qingdaohf.com\/bg\/?s={search_term_string}\"},\"query-input\":{\"@type\":\"PropertyValueSpecification\",\"valueRequired\":true,\"valueName\":\"search_term_string\"}}],\"inLanguage\":\"ro-RO\"},{\"@type\":\"Organization\",\"@id\":\"https:\/\/qingdaohf.com\/bg\/#organization\",\"name\":\"Qingdao H&F\",\"url\":\"https:\/\/qingdaohf.com\/bg\/\",\"logo\":{\"@type\":\"ImageObject\",\"inLanguage\":\"ro-RO\",\"@id\":\"https:\/\/qingdaohf.com\/bg\/#\/schema\/logo\/image\/\",\"url\":\"https:\/\/qingdaohf.com\/wp-content\/uploads\/2022\/12\/cropped-HF-LOGO.png\",\"contentUrl\":\"https:\/\/qingdaohf.com\/wp-content\/uploads\/2022\/12\/cropped-HF-LOGO.png\",\"width\":391,\"height\":249,\"caption\":\"Qingdao H&F\"},\"image\":{\"@id\":\"https:\/\/qingdaohf.com\/bg\/#\/schema\/logo\/image\/\"},\"sameAs\":[\"https:\/\/www.facebook.com\/qingdaohf\"]}]}<\/script>\n<!-- \/ Yoast SEO plugin. -->","yoast_head_json":{"title":"Polyester Strapping","robots":{"index":"index","follow":"follow","max-snippet":"max-snippet:-1","max-image-preview":"max-image-preview:large","max-video-preview":"max-video-preview:-1"},"canonical":"https:\/\/qingdaohf.com\/ro\/produs\/chingi-din-poliester\/","og_locale":"ro_RO","og_type":"article","og_title":"Polyester Strapping","og_description":"Strong and reliable:\u00a0Holds heavy loads securely with high break strength.  Lightweight and flexible:\u00a0Easier to use and maneuver than steel strapping.  Rustproof and weatherproof:\u00a0Won't damage your goods or leave behind rusty stains.  Cost-effective:\u00a0Often cheaper than steel strapping, and less prone to breakage.  Eco-friendly:\u00a0Recyclable and a more sustainable choice than steel.  &nbsp;","og_url":"https:\/\/qingdaohf.com\/ro\/produs\/chingi-din-poliester\/","og_site_name":"Concrete Form &amp; Rigging Hardware Supplier","article_publisher":"https:\/\/www.facebook.com\/qingdaohf","article_modified_time":"2025-11-13T01:03:39+00:00","og_image":[{"width":1000,"height":1000,"url":"https:\/\/qingdaohf.com\/wp-content\/uploads\/2024\/01\/Polyester-strapping-6.jpg","type":"image\/jpeg"}],"twitter_card":"summary_large_image","twitter_misc":{"Timp estimat pentru citire":"2 minute"},"schema":{"@context":"https:\/\/schema.org","@graph":[{"@type":"WebPage","@id":"https:\/\/qingdaohf.com\/product\/polyester-strapping\/","url":"https:\/\/qingdaohf.com\/product\/polyester-strapping\/","name":"Polyester Strapping","isPartOf":{"@id":"https:\/\/qingdaohf.com\/bg\/#website"},"primaryImageOfPage":{"@id":"https:\/\/qingdaohf.com\/product\/polyester-strapping\/#primaryimage"},"image":{"@id":"https:\/\/qingdaohf.com\/product\/polyester-strapping\/#primaryimage"},"thumbnailUrl":"https:\/\/qingdaohf.com\/wp-content\/uploads\/2024\/01\/Polyester-strapping-6.jpg","datePublished":"2024-01-22T06:18:41+00:00","dateModified":"2025-11-13T01:03:39+00:00","breadcrumb":{"@id":"https:\/\/qingdaohf.com\/product\/polyester-strapping\/#breadcrumb"},"inLanguage":"ro-RO","potentialAction":[{"@type":"ReadAction","target":["https:\/\/qingdaohf.com\/product\/polyester-strapping\/"]}]},{"@type":"ImageObject","inLanguage":"ro-RO","@id":"https:\/\/qingdaohf.com\/product\/polyester-strapping\/#primaryimage","url":"https:\/\/qingdaohf.com\/wp-content\/uploads\/2024\/01\/Polyester-strapping-6.jpg","contentUrl":"https:\/\/qingdaohf.com\/wp-content\/uploads\/2024\/01\/Polyester-strapping-6.jpg","width":1000,"height":1000,"caption":"Polyester strapping"},{"@type":"BreadcrumbList","@id":"https:\/\/qingdaohf.com\/product\/polyester-strapping\/#breadcrumb","itemListElement":[{"@type":"ListItem","position":1,"name":"Home","item":"https:\/\/qingdaohf.com\/"},{"@type":"ListItem","position":2,"name":"Concrete Forming Accessories and Rigging Hardware","item":"https:\/\/qingdaohf.com\/bg\/?page_id=944"},{"@type":"ListItem","position":3,"name":"Polyester Strapping"}]},{"@type":"WebSite","@id":"https:\/\/qingdaohf.com\/bg\/#website","url":"https:\/\/qingdaohf.com\/bg\/","name":"Concrete Form & Rigging Hardware Supplier","description":"","publisher":{"@id":"https:\/\/qingdaohf.com\/bg\/#organization"},"potentialAction":[{"@type":"SearchAction","target":{"@type":"EntryPoint","urlTemplate":"https:\/\/qingdaohf.com\/bg\/?s={search_term_string}"},"query-input":{"@type":"PropertyValueSpecification","valueRequired":true,"valueName":"search_term_string"}}],"inLanguage":"ro-RO"},{"@type":"Organization","@id":"https:\/\/qingdaohf.com\/bg\/#organization","name":"Qingdao H&F","url":"https:\/\/qingdaohf.com\/bg\/","logo":{"@type":"ImageObject","inLanguage":"ro-RO","@id":"https:\/\/qingdaohf.com\/bg\/#\/schema\/logo\/image\/","url":"https:\/\/qingdaohf.com\/wp-content\/uploads\/2022\/12\/cropped-HF-LOGO.png","contentUrl":"https:\/\/qingdaohf.com\/wp-content\/uploads\/2022\/12\/cropped-HF-LOGO.png","width":391,"height":249,"caption":"Qingdao H&F"},"image":{"@id":"https:\/\/qingdaohf.com\/bg\/#\/schema\/logo\/image\/"},"sameAs":["https:\/\/www.facebook.com\/qingdaohf"]}]}},"_links":{"self":[{"href":"https:\/\/qingdaohf.com\/ro\/wp-json\/wp\/v2\/product\/6357","targetHints":{"allow":["GET"]}}],"collection":[{"href":"https:\/\/qingdaohf.com\/ro\/wp-json\/wp\/v2\/product"}],"about":[{"href":"https:\/\/qingdaohf.com\/ro\/wp-json\/wp\/v2\/types\/product"}],"replies":[{"embeddable":true,"href":"https:\/\/qingdaohf.com\/ro\/wp-json\/wp\/v2\/comments?post=6357"}],"version-history":[{"count":4,"href":"https:\/\/qingdaohf.com\/ro\/wp-json\/wp\/v2\/product\/6357\/revisions"}],"predecessor-version":[{"id":6375,"href":"https:\/\/qingdaohf.com\/ro\/wp-json\/wp\/v2\/product\/6357\/revisions\/6375"}],"wp:featuredmedia":[{"embeddable":true,"href":"https:\/\/qingdaohf.com\/ro\/wp-json\/wp\/v2\/media\/6363"}],"wp:attachment":[{"href":"https:\/\/qingdaohf.com\/ro\/wp-json\/wp\/v2\/media?parent=6357"}],"wp:term":[{"taxonomy":"product_brand","embeddable":true,"href":"https:\/\/qingdaohf.com\/ro\/wp-json\/wp\/v2\/product_brand?post=6357"},{"taxonomy":"product_cat","embeddable":true,"href":"https:\/\/qingdaohf.com\/ro\/wp-json\/wp\/v2\/product_cat?post=6357"},{"taxonomy":"product_tag","embeddable":true,"href":"https:\/\/qingdaohf.com\/ro\/wp-json\/wp\/v2\/product_tag?post=6357"}],"curies":[{"name":"wp","href":"https:\/\/api.w.org\/{rel}","templated":true}]}}