{"id":6443,"date":"2024-02-02T14:30:53","date_gmt":"2024-02-02T06:30:53","guid":{"rendered":"http:\/\/qingdaohf.com\/?post_type=product&#038;p=6443"},"modified":"2025-11-13T09:03:39","modified_gmt":"2025-11-13T01:03:39","slug":"wholesale-d-shackle-chain-shackle-for-lifting","status":"publish","type":"product","link":"https:\/\/qingdaohf.com\/ro\/produs\/en-gros-d-shackle-lant-shackle-pentru-ridicare\/","title":{"rendered":"Comer\u021b cu ridicata D Shackle lan\u021b Shackle pentru ridicare"},"content":{"rendered":"<p>Grilajele D sunt componente critice \u00een industria de ridicare \u0219i echipare, apreciate pentru stabilitatea \u0219i rezisten\u021ba lor \u00een aplica\u021bii cu solicit\u0103ri ridicate. Cu forma lor distinctiv\u0103 \u00een U \u0219i \u00eenchiderea sigur\u0103 a \u0219tiftului, c\u0103tu\u0219ele D ofer\u0103 o conexiune fiabil\u0103 pentru o gam\u0103 larg\u0103 de sarcini de ridicare, troliu \u0219i remorcare. Grilajele Qingdao H&amp;F G210 \u0219i G2150 D sunt unele dintre cele mai populare modele de pe pia\u021b\u0103, preferate de profesioni\u0219ti din toate sectoarele pentru rezisten\u021ba, durabilitatea \u0219i adaptabilitatea lor.<\/p>\n<p>Modelele G210 \u0219i G2150 sunt proiectate s\u0103 suporte sarcini grele, men\u021bin\u00e2nd \u00een acela\u0219i timp un nivel ridicat de siguran\u021b\u0103 \u0219i stabilitate. Modelul G210, cunoscut pentru versatilitatea \u0219i designul s\u0103u rotunjit, este utilizat \u00een mod obi\u0219nuit \u00een configura\u021bii care necesit\u0103 flexibilitate. \u00cen schimb, modelul G2150, cu construc\u021bia sa foarte robust\u0103, este proiectat s\u0103 suporte aplica\u021bii mai extreme, oferind capacit\u0103\u021bi sporite de sus\u021binere a sarcinii pentru limite de sarcin\u0103 de lucru (WLL) mai mari. Fiecare model este fabricat conform specifica\u021biilor precise, asigur\u00e2nd compatibilitatea cu diferite sisteme de fixare \u0219i un nivel ridicat de performan\u021b\u0103 sub presiune.<\/p>\n<p>\u00cen calitate de angrosist de \u00eencredere al c\u0103tu\u0219elor D, Qingdao H&amp;F se angajeaz\u0103 s\u0103 furnizeze produse de calitate superioar\u0103 care \u00eendeplinesc cerin\u021bele riguroase ale profesioni\u0219tilor din domeniul ridic\u0103rii \u0219i manipul\u0103rii. Cu o varietate de dimensiuni \u0219i WLL, de la 0,33 tone la 150 de tone \u0219i dimensiuni de la 1\/4 inch la 3 inch, inventarul nostru este conceput pentru a servi cump\u0103r\u0103torilor care caut\u0103 solu\u021bii fiabile pentru proiecte de orice scar\u0103.<\/p>\n<h3>Beneficiile alegerii Qingdao H&amp;F: servicii personalizate \u0219i livrare eficient\u0103<\/h3>\n<p>La Qingdao H&amp;F, \u00een\u021belegem importan\u021ba unei experien\u021be de cump\u0103rare eficiente \u0219i f\u0103r\u0103 \u00eentreruperi. Cump\u0103r\u0103torii acord\u0103 prioritate calit\u0103\u021bii, vitezei \u0219i \u00eencrederii \u00een furnizorii lor, motiv pentru care am construit o abordare a serviciilor centrat\u0103 pe client. Fiecare client beneficiaz\u0103 de serviciul nostru personalizat pentru clien\u021bi, unde asisten\u021ba dedicat\u0103 \u00eei asigur\u0103 c\u0103 g\u0103sesc cel mai potrivit model de man\u0219et\u0103 pentru nevoile lor specifice. Lucr\u0103m \u00eendeaproape cu cump\u0103r\u0103torii pentru a le \u00een\u021belege cerin\u021bele proiectului, ajut\u00e2ndu-i s\u0103 aleag\u0103 \u00eentre modelul versatil G210 sau modelul G2150 pentru sarcini grele, ambele fiind foarte apreciate pentru fiabilitatea lor \u00een medii dificile.<\/p>\n<p>Dincolo de calitatea produselor, modelul nostru de servicii pune accentul pe ciclurile rapide de livrare \u0219i pe transparen\u021ba complet\u0103, oferind rapoarte de inspec\u021bie a calit\u0103\u021bii cu fiecare expediere. Aceste rapoarte detaliaz\u0103 specifica\u021biile, performan\u021ba \u0219i standardele de siguran\u021b\u0103 ale c\u0103tu\u0219elor noastre, permi\u021b\u00e2nd cump\u0103r\u0103torilor s\u0103 se simt\u0103 \u00eencrez\u0103tori \u00een achizi\u021bia lor \u0219i s\u0103 se asigure c\u0103 produsul este preg\u0103tit pentru utilizare imediat\u0103. Prin asigurarea unei logistici eficiente \u0219i a unui proces de servicii simplificat, Qingdao H&amp;F minimizeaz\u0103 \u00eent\u00e2rzierile \u0219i ajut\u0103 clien\u021bii s\u0103 men\u021bin\u0103 ritmul proiectelor lor.<\/p>\n<p>\u00cencrederea clien\u021bilor no\u0219tri se bazeaz\u0103 pe dedicarea noastr\u0103 de a furniza produse de \u00eenalt\u0103 calitate, sus\u021binute de o echip\u0103 receptiv\u0103 care \u00een\u021belege mizele aplica\u021biilor de ridicare a sarcinilor grele. Cu Qingdao H&amp;F, cump\u0103r\u0103torii experimenteaz\u0103 o abordare proactiv\u0103 a solu\u021biilor de ridicare, axat\u0103 pe eficien\u021b\u0103, calitate \u0219i fiabilitate.<\/p>\n<h3>Grilaje G210 \u0219i G2150 D: O gam\u0103 de limite ale sarcinii de lucru \u0219i dimensiuni<\/h3>\n<p>Nevoile diverse ale proiectelor necesit\u0103 o selec\u021bie larg\u0103 de dimensiuni \u0219i limite ale sarcinii de lucru (WLL), iar lan\u021burile noastre G210 \u0219i G2150 ofer\u0103 exact aceast\u0103 flexibilitate. Fiecare model este disponibil cu WLL de la 0,33 tone p\u00e2n\u0103 la 150 tone, permi\u021b\u00e2nd cump\u0103r\u0103torilor s\u0103 selecteze c\u0103tu\u0219ele care se potrivesc cel mai bine cerin\u021belor specifice ale aplica\u021biilor lor. Aceast\u0103 gam\u0103 cuprinz\u0103toare face ca lan\u021burile noastre s\u0103 fie ideale at\u00e2t pentru sarcinile de echipare mai u\u0219oare, c\u00e2t \u0219i pentru cele mai solicitante aplica\u021bii de \u00eenc\u0103rcare, asigur\u00e2nd adaptabilitatea f\u0103r\u0103 a compromite performan\u021ba.<\/p>\n<p>Grilajele noastre G210 \u0219i G2150 sunt, de asemenea, disponibile \u00eentr-o varietate de dimensiuni, de la 1\/4 inch la 3 inch. Modelul G210, caracterizat de un design mai compact, este potrivit pentru sarcini de ridicare moderate, unde este necesar\u0103 flexibilitate. \u00centre timp, modelul G2150 este proiectat pentru aplica\u021bii cu rezisten\u021b\u0103 mai mare, cu durabilitate suplimentar\u0103 pentru a rezista celor mai intense condi\u021bii de ridicare. Fiecare dimensiune a man\u0219onului este supus\u0103 unui proces atent de calibrare pentru a asigura o calitate \u0219i o performan\u021b\u0103 uniforme, astfel \u00eenc\u00e2t cump\u0103r\u0103torii pot avea \u00eencredere \u00een rezultate constante, indiferent de cerin\u021bele proiectului.<\/p>\n<p>Cu G210 \u0219i G2150, cump\u0103r\u0103torii au acces la c\u0103tu\u0219e care pot face fa\u021b\u0103 diverselor provoc\u0103ri de echipare \u0219i care ofer\u0103 suport fiabil pentru proiecte complexe. Aceste modele \u0219i-au c\u00e2\u0219tigat reputa\u021bia de a oferi performan\u021be remarcabile, ceea ce le face alegerea preferat\u0103 a profesioni\u0219tilor \u00een rigging.<\/p>\n<p><strong>\u0218aib\u0103 G210<\/strong><\/p>\n<p><img fetchpriority=\"high\" decoding=\"async\" class=\"alignnone size-full wp-image-3813\" src=\"http:\/\/qingdaohf.com\/wp-content\/uploads\/2023\/05\/G209-G210-shackle.jpg\" alt=\"Grilaj G209 G210\" width=\"1000\" height=\"1296\" srcset=\"https:\/\/qingdaohf.com\/wp-content\/uploads\/2023\/05\/G209-G210-shackle.jpg 1000w, https:\/\/qingdaohf.com\/wp-content\/uploads\/2023\/05\/G209-G210-shackle-231x300.jpg 231w, https:\/\/qingdaohf.com\/wp-content\/uploads\/2023\/05\/G209-G210-shackle-790x1024.jpg 790w, https:\/\/qingdaohf.com\/wp-content\/uploads\/2023\/05\/G209-G210-shackle-768x995.jpg 768w\" sizes=\"(max-width: 1000px) 100vw, 1000px\" \/><\/p>\n<p><strong>\u0218aib\u0103 G2150<\/strong><\/p>\n<p>&nbsp;<\/p>\n<p><img decoding=\"async\" class=\"alignnone size-full wp-image-3817\" src=\"http:\/\/qingdaohf.com\/wp-content\/uploads\/2023\/05\/2150.jpg\" alt=\"2150 c\u0103tu\u0219\u0103\" width=\"1000\" height=\"950\" srcset=\"https:\/\/qingdaohf.com\/wp-content\/uploads\/2023\/05\/2150.jpg 1000w, https:\/\/qingdaohf.com\/wp-content\/uploads\/2023\/05\/2150-300x285.jpg 300w, https:\/\/qingdaohf.com\/wp-content\/uploads\/2023\/05\/2150-768x730.jpg 768w\" sizes=\"(max-width: 1000px) 100vw, 1000px\" \/><\/p>\n<h3>Standarde de calitate \u0219i siguran\u021b\u0103: Testare riguroas\u0103 pentru performan\u021b\u0103 fiabil\u0103<\/h3>\n<p>Siguran\u021ba \u0219i calitatea sunt aspecte fundamentale ale procesului nostru de fabrica\u021bie la Qingdao H&amp;F. Fiecare cataram\u0103 D G210 \u0219i G2150 este supus\u0103 unui control riguros al calit\u0103\u021bii pentru a se asigura c\u0103 respect\u0103 standardele interna\u021bionale de siguran\u021b\u0103. \u0218tim c\u0103 man\u0219oanele D joac\u0103 un rol esen\u021bial \u00een opera\u021biunile de sus\u021binere a sarcinii \u0219i, ca atare, produsele noastre sunt testate pentru a oferi performan\u021be constante sub presiune. De la produc\u021bia ini\u021bial\u0103 p\u00e2n\u0103 la inspec\u021bia final\u0103, men\u021binem o abordare minu\u021bioas\u0103 a asigur\u0103rii calit\u0103\u021bii, rezult\u00e2nd \u00een produse \u00een care cump\u0103r\u0103torii pot avea \u00eencredere.<\/p>\n<p>Grilajele noastre D sunt construite pentru a rezista la uzur\u0103, coroziune \u0219i al\u021bi factori care ar putea compromite performan\u021ba \u00een medii dificile. Fie c\u0103 sunt utilizate \u00een construc\u021bii, \u00een ridic\u0103ri industriale sau \u00een medii maritime, modelele noastre G210 \u0219i G2150 sunt proiectate s\u0103 dureze, oferind o rezisten\u021b\u0103 fiabil\u0103 \u00een timpul utiliz\u0103rii prelungite. Angajamentul nostru fa\u021b\u0103 de calitate se extinde dincolo de produsul \u00een sine, deoarece oferim rapoarte detaliate de inspec\u021bie a calit\u0103\u021bii cu fiecare expediere, oferind cump\u0103r\u0103torilor transparen\u021b\u0103 total\u0103 \u00een ceea ce prive\u0219te specifica\u021biile \u0219i standardele de siguran\u021b\u0103 ale fiec\u0103rei c\u0103tu\u0219e pe care o achizi\u021bioneaz\u0103.<\/p>\n<p>Prin men\u021binerea unor standarde ridicate pe tot parcursul procesului nostru de produc\u021bie \u0219i prin oferirea de informa\u021bii clare \u0219i accesibile despre produse, Qingdao H&amp;F continu\u0103 s\u0103 stabileasc\u0103 un punct de referin\u021b\u0103 ridicat pentru calitate \u0219i siguran\u021b\u0103 \u00een industria de feronerie.<\/p>\n<h3>Concluzie despre D Shackle<\/h3>\n<p>Grilajele Qingdao H&amp;F G210 \u0219i G2150 D ofer\u0103 cump\u0103r\u0103torilor solu\u021bii robuste pentru nevoile lor de ridicare \u0219i echipare. Proiectate cu versatilitate \u0219i rezisten\u021b\u0103, aceste modele r\u0103spund cerin\u021belor din diverse industrii, de la construc\u021bii la domeniul maritim. Cump\u0103r\u0103torii au \u00eencredere \u00een c\u0103tu\u0219ele noastre D pentru a oferi performan\u021be constante, sus\u021binute de angajamentul nostru pentru servicii orientate c\u0103tre client, livrare rapid\u0103 \u0219i raportare transparent\u0103 a calit\u0103\u021bii. Cu Qingdao H&amp;F, cump\u0103r\u0103torii nu investesc doar \u00een hardware durabil \u0219i de \u00eenalt\u0103 performan\u021b\u0103, ci \u0219i \u00eentr-un parteneriat bazat pe \u00eencredere, expertiz\u0103 \u0219i dedicare pentru succesul clien\u021bilor. \u00cei invit\u0103m pe cump\u0103r\u0103tori s\u0103 descopere diferen\u021ba pe care produsele \u0219i serviciile noastre o pot face \u00een realizarea unor opera\u021biuni de manipulare sigure \u0219i fiabile.<\/p>","protected":false},"excerpt":{"rendered":"<p>Grilajele noastre D sunt disponibile cu o gam\u0103 de limite de sarcin\u0103 de lucru (WLL) de la 0,33 la 150 de tone \u0219i dimensiuni de la 1\/4 inch la 3 inch, ceea ce le face potrivite pentru aplica\u021bii \u00een construc\u021bii, maritime \u0219i industriale. Recunosc\u00e2nd preocup\u0103rile de baz\u0103 ale cump\u0103r\u0103torilor, asigur\u0103m o experien\u021b\u0103 de cump\u0103rare f\u0103r\u0103 cusur cu un serviciu clien\u021bi personalizat, un ciclu de livrare rapid \u0219i rapoarte detaliate de inspec\u021bie a calit\u0103\u021bii pentru fiecare produs. Angajamentul nostru este de a sprijini cump\u0103r\u0103torii cu produsele fiabile \u0219i performante de care au nevoie pentru medii solicitante.<\/p>","protected":false},"featured_media":6470,"comment_status":"open","ping_status":"closed","template":"","meta":{"site-sidebar-layout":"default","site-content-layout":"","ast-site-content-layout":"default","site-content-style":"default","site-sidebar-style":"default","ast-global-header-display":"","ast-banner-title-visibility":"","ast-main-header-display":"","ast-hfb-above-header-display":"","ast-hfb-below-header-display":"","ast-hfb-mobile-header-display":"","site-post-title":"","ast-breadcrumbs-content":"","ast-featured-img":"","footer-sml-layout":"","theme-transparent-header-meta":"default","adv-header-id-meta":"","stick-header-meta":"default","header-above-stick-meta":"","header-main-stick-meta":"","header-below-stick-meta":"","astra-migrate-meta-layouts":"set","ast-page-background-enabled":"default","ast-page-background-meta":{"desktop":{"background-color":"","background-image":"","background-repeat":"repeat","background-position":"center center","background-size":"auto","background-attachment":"scroll","background-type":"","background-media":"","overlay-type":"","overlay-color":"","overlay-opacity":"","overlay-gradient":""},"tablet":{"background-color":"","background-image":"","background-repeat":"repeat","background-position":"center center","background-size":"auto","background-attachment":"scroll","background-type":"","background-media":"","overlay-type":"","overlay-color":"","overlay-opacity":"","overlay-gradient":""},"mobile":{"background-color":"","background-image":"","background-repeat":"repeat","background-position":"center center","background-size":"auto","background-attachment":"scroll","background-type":"","background-media":"","overlay-type":"","overlay-color":"","overlay-opacity":"","overlay-gradient":""}},"ast-content-background-meta":{"desktop":{"background-color":"var(--ast-global-color-5)","background-image":"","background-repeat":"repeat","background-position":"center center","background-size":"auto","background-attachment":"scroll","background-type":"","background-media":"","overlay-type":"","overlay-color":"","overlay-opacity":"","overlay-gradient":""},"tablet":{"background-color":"var(--ast-global-color-5)","background-image":"","background-repeat":"repeat","background-position":"center center","background-size":"auto","background-attachment":"scroll","background-type":"","background-media":"","overlay-type":"","overlay-color":"","overlay-opacity":"","overlay-gradient":""},"mobile":{"background-color":"var(--ast-global-color-5)","background-image":"","background-repeat":"repeat","background-position":"center center","background-size":"auto","background-attachment":"scroll","background-type":"","background-media":"","overlay-type":"","overlay-color":"","overlay-opacity":"","overlay-gradient":""}}},"product_brand":[],"product_cat":[51,54],"product_tag":[],"class_list":{"0":"post-6443","1":"product","2":"type-product","3":"status-publish","4":"has-post-thumbnail","6":"product_cat-riggging-hardware","7":"product_cat-shackle","8":"desktop-align-left","9":"tablet-align-left","10":"mobile-align-left","11":"ast-product-gallery-layout-horizontal-slider","12":"ast-product-tabs-layout-horizontal","14":"first","15":"instock","16":"shipping-taxable","17":"purchasable","18":"product-type-simple"},"yoast_head":"<!-- This site is optimized with the Yoast SEO plugin v25.2 - https:\/\/yoast.com\/wordpress\/plugins\/seo\/ -->\n<title>Wholesale D Shackle Chain Shackle for Lifting<\/title>\n<meta name=\"description\" content=\"Dee shackles, are engineered for durability and strength, ensuring dependable performance in diverse environments.\" \/>\n<meta name=\"robots\" content=\"index, follow, max-snippet:-1, max-image-preview:large, max-video-preview:-1\" \/>\n<link rel=\"canonical\" href=\"https:\/\/qingdaohf.com\/ro\/produs\/en-gros-d-shackle-lant-shackle-pentru-ridicare\/\" \/>\n<meta property=\"og:locale\" content=\"ro_RO\" \/>\n<meta property=\"og:type\" content=\"article\" \/>\n<meta property=\"og:title\" content=\"Wholesale D Shackle Chain Shackle for Lifting\" \/>\n<meta property=\"og:description\" content=\"Dee shackles, are engineered for durability and strength, ensuring dependable performance in diverse environments.\" \/>\n<meta property=\"og:url\" content=\"https:\/\/qingdaohf.com\/ro\/produs\/en-gros-d-shackle-lant-shackle-pentru-ridicare\/\" \/>\n<meta property=\"og:site_name\" content=\"Concrete Form &amp; Rigging Hardware Supplier\" \/>\n<meta property=\"article:publisher\" content=\"https:\/\/www.facebook.com\/qingdaohf\" \/>\n<meta property=\"article:modified_time\" content=\"2025-11-13T01:03:39+00:00\" \/>\n<meta property=\"og:image\" content=\"https:\/\/qingdaohf.com\/wp-content\/uploads\/2024\/02\/HF-SHACKLE-6.jpg\" \/>\n\t<meta property=\"og:image:width\" content=\"1000\" \/>\n\t<meta property=\"og:image:height\" content=\"1000\" \/>\n\t<meta property=\"og:image:type\" content=\"image\/jpeg\" \/>\n<meta name=\"twitter:card\" content=\"summary_large_image\" \/>\n<meta name=\"twitter:label1\" content=\"Timp estimat pentru citire\" \/>\n\t<meta name=\"twitter:data1\" content=\"5 minute\" \/>\n<script type=\"application\/ld+json\" class=\"yoast-schema-graph\">{\"@context\":\"https:\/\/schema.org\",\"@graph\":[{\"@type\":\"WebPage\",\"@id\":\"https:\/\/qingdaohf.com\/product\/wholesale-d-shackle-chain-shackle-for-lifting\/\",\"url\":\"https:\/\/qingdaohf.com\/product\/wholesale-d-shackle-chain-shackle-for-lifting\/\",\"name\":\"Wholesale D Shackle Chain Shackle for Lifting\",\"isPartOf\":{\"@id\":\"https:\/\/qingdaohf.com\/bg\/#website\"},\"primaryImageOfPage\":{\"@id\":\"https:\/\/qingdaohf.com\/product\/wholesale-d-shackle-chain-shackle-for-lifting\/#primaryimage\"},\"image\":{\"@id\":\"https:\/\/qingdaohf.com\/product\/wholesale-d-shackle-chain-shackle-for-lifting\/#primaryimage\"},\"thumbnailUrl\":\"https:\/\/qingdaohf.com\/wp-content\/uploads\/2024\/02\/HF-SHACKLE-6.jpg\",\"datePublished\":\"2024-02-02T06:30:53+00:00\",\"dateModified\":\"2025-11-13T01:03:39+00:00\",\"description\":\"Dee shackles, are engineered for durability and strength, ensuring dependable performance in diverse environments.\",\"breadcrumb\":{\"@id\":\"https:\/\/qingdaohf.com\/product\/wholesale-d-shackle-chain-shackle-for-lifting\/#breadcrumb\"},\"inLanguage\":\"ro-RO\",\"potentialAction\":[{\"@type\":\"ReadAction\",\"target\":[\"https:\/\/qingdaohf.com\/product\/wholesale-d-shackle-chain-shackle-for-lifting\/\"]}]},{\"@type\":\"ImageObject\",\"inLanguage\":\"ro-RO\",\"@id\":\"https:\/\/qingdaohf.com\/product\/wholesale-d-shackle-chain-shackle-for-lifting\/#primaryimage\",\"url\":\"https:\/\/qingdaohf.com\/wp-content\/uploads\/2024\/02\/HF-SHACKLE-6.jpg\",\"contentUrl\":\"https:\/\/qingdaohf.com\/wp-content\/uploads\/2024\/02\/HF-SHACKLE-6.jpg\",\"width\":1000,\"height\":1000,\"caption\":\"D SHACKLE\"},{\"@type\":\"BreadcrumbList\",\"@id\":\"https:\/\/qingdaohf.com\/product\/wholesale-d-shackle-chain-shackle-for-lifting\/#breadcrumb\",\"itemListElement\":[{\"@type\":\"ListItem\",\"position\":1,\"name\":\"Home\",\"item\":\"https:\/\/qingdaohf.com\/\"},{\"@type\":\"ListItem\",\"position\":2,\"name\":\"Concrete Forming Accessories and Rigging Hardware\",\"item\":\"https:\/\/qingdaohf.com\/bg\/?page_id=944\"},{\"@type\":\"ListItem\",\"position\":3,\"name\":\"Wholesale D Shackle Chain Shackle for Lifting\"}]},{\"@type\":\"WebSite\",\"@id\":\"https:\/\/qingdaohf.com\/bg\/#website\",\"url\":\"https:\/\/qingdaohf.com\/bg\/\",\"name\":\"Concrete Form & Rigging Hardware Supplier\",\"description\":\"\",\"publisher\":{\"@id\":\"https:\/\/qingdaohf.com\/bg\/#organization\"},\"potentialAction\":[{\"@type\":\"SearchAction\",\"target\":{\"@type\":\"EntryPoint\",\"urlTemplate\":\"https:\/\/qingdaohf.com\/bg\/?s={search_term_string}\"},\"query-input\":{\"@type\":\"PropertyValueSpecification\",\"valueRequired\":true,\"valueName\":\"search_term_string\"}}],\"inLanguage\":\"ro-RO\"},{\"@type\":\"Organization\",\"@id\":\"https:\/\/qingdaohf.com\/bg\/#organization\",\"name\":\"Qingdao H&F\",\"url\":\"https:\/\/qingdaohf.com\/bg\/\",\"logo\":{\"@type\":\"ImageObject\",\"inLanguage\":\"ro-RO\",\"@id\":\"https:\/\/qingdaohf.com\/bg\/#\/schema\/logo\/image\/\",\"url\":\"https:\/\/qingdaohf.com\/wp-content\/uploads\/2022\/12\/cropped-HF-LOGO.png\",\"contentUrl\":\"https:\/\/qingdaohf.com\/wp-content\/uploads\/2022\/12\/cropped-HF-LOGO.png\",\"width\":391,\"height\":249,\"caption\":\"Qingdao H&F\"},\"image\":{\"@id\":\"https:\/\/qingdaohf.com\/bg\/#\/schema\/logo\/image\/\"},\"sameAs\":[\"https:\/\/www.facebook.com\/qingdaohf\"]}]}<\/script>\n<!-- \/ Yoast SEO plugin. -->","yoast_head_json":{"title":"Wholesale D Shackle Chain Shackle for Lifting","description":"Dee shackles, are engineered for durability and strength, ensuring dependable performance in diverse environments.","robots":{"index":"index","follow":"follow","max-snippet":"max-snippet:-1","max-image-preview":"max-image-preview:large","max-video-preview":"max-video-preview:-1"},"canonical":"https:\/\/qingdaohf.com\/ro\/produs\/en-gros-d-shackle-lant-shackle-pentru-ridicare\/","og_locale":"ro_RO","og_type":"article","og_title":"Wholesale D Shackle Chain Shackle for Lifting","og_description":"Dee shackles, are engineered for durability and strength, ensuring dependable performance in diverse environments.","og_url":"https:\/\/qingdaohf.com\/ro\/produs\/en-gros-d-shackle-lant-shackle-pentru-ridicare\/","og_site_name":"Concrete Form &amp; Rigging Hardware Supplier","article_publisher":"https:\/\/www.facebook.com\/qingdaohf","article_modified_time":"2025-11-13T01:03:39+00:00","og_image":[{"width":1000,"height":1000,"url":"https:\/\/qingdaohf.com\/wp-content\/uploads\/2024\/02\/HF-SHACKLE-6.jpg","type":"image\/jpeg"}],"twitter_card":"summary_large_image","twitter_misc":{"Timp estimat pentru citire":"5 minute"},"schema":{"@context":"https:\/\/schema.org","@graph":[{"@type":"WebPage","@id":"https:\/\/qingdaohf.com\/product\/wholesale-d-shackle-chain-shackle-for-lifting\/","url":"https:\/\/qingdaohf.com\/product\/wholesale-d-shackle-chain-shackle-for-lifting\/","name":"Wholesale D Shackle Chain Shackle for Lifting","isPartOf":{"@id":"https:\/\/qingdaohf.com\/bg\/#website"},"primaryImageOfPage":{"@id":"https:\/\/qingdaohf.com\/product\/wholesale-d-shackle-chain-shackle-for-lifting\/#primaryimage"},"image":{"@id":"https:\/\/qingdaohf.com\/product\/wholesale-d-shackle-chain-shackle-for-lifting\/#primaryimage"},"thumbnailUrl":"https:\/\/qingdaohf.com\/wp-content\/uploads\/2024\/02\/HF-SHACKLE-6.jpg","datePublished":"2024-02-02T06:30:53+00:00","dateModified":"2025-11-13T01:03:39+00:00","description":"Dee shackles, are engineered for durability and strength, ensuring dependable performance in diverse environments.","breadcrumb":{"@id":"https:\/\/qingdaohf.com\/product\/wholesale-d-shackle-chain-shackle-for-lifting\/#breadcrumb"},"inLanguage":"ro-RO","potentialAction":[{"@type":"ReadAction","target":["https:\/\/qingdaohf.com\/product\/wholesale-d-shackle-chain-shackle-for-lifting\/"]}]},{"@type":"ImageObject","inLanguage":"ro-RO","@id":"https:\/\/qingdaohf.com\/product\/wholesale-d-shackle-chain-shackle-for-lifting\/#primaryimage","url":"https:\/\/qingdaohf.com\/wp-content\/uploads\/2024\/02\/HF-SHACKLE-6.jpg","contentUrl":"https:\/\/qingdaohf.com\/wp-content\/uploads\/2024\/02\/HF-SHACKLE-6.jpg","width":1000,"height":1000,"caption":"D SHACKLE"},{"@type":"BreadcrumbList","@id":"https:\/\/qingdaohf.com\/product\/wholesale-d-shackle-chain-shackle-for-lifting\/#breadcrumb","itemListElement":[{"@type":"ListItem","position":1,"name":"Home","item":"https:\/\/qingdaohf.com\/"},{"@type":"ListItem","position":2,"name":"Concrete Forming Accessories and Rigging Hardware","item":"https:\/\/qingdaohf.com\/bg\/?page_id=944"},{"@type":"ListItem","position":3,"name":"Wholesale D Shackle Chain Shackle for Lifting"}]},{"@type":"WebSite","@id":"https:\/\/qingdaohf.com\/bg\/#website","url":"https:\/\/qingdaohf.com\/bg\/","name":"Concrete Form & Rigging Hardware Supplier","description":"","publisher":{"@id":"https:\/\/qingdaohf.com\/bg\/#organization"},"potentialAction":[{"@type":"SearchAction","target":{"@type":"EntryPoint","urlTemplate":"https:\/\/qingdaohf.com\/bg\/?s={search_term_string}"},"query-input":{"@type":"PropertyValueSpecification","valueRequired":true,"valueName":"search_term_string"}}],"inLanguage":"ro-RO"},{"@type":"Organization","@id":"https:\/\/qingdaohf.com\/bg\/#organization","name":"Qingdao H&F","url":"https:\/\/qingdaohf.com\/bg\/","logo":{"@type":"ImageObject","inLanguage":"ro-RO","@id":"https:\/\/qingdaohf.com\/bg\/#\/schema\/logo\/image\/","url":"https:\/\/qingdaohf.com\/wp-content\/uploads\/2022\/12\/cropped-HF-LOGO.png","contentUrl":"https:\/\/qingdaohf.com\/wp-content\/uploads\/2022\/12\/cropped-HF-LOGO.png","width":391,"height":249,"caption":"Qingdao H&F"},"image":{"@id":"https:\/\/qingdaohf.com\/bg\/#\/schema\/logo\/image\/"},"sameAs":["https:\/\/www.facebook.com\/qingdaohf"]}]}},"_links":{"self":[{"href":"https:\/\/qingdaohf.com\/ro\/wp-json\/wp\/v2\/product\/6443","targetHints":{"allow":["GET"]}}],"collection":[{"href":"https:\/\/qingdaohf.com\/ro\/wp-json\/wp\/v2\/product"}],"about":[{"href":"https:\/\/qingdaohf.com\/ro\/wp-json\/wp\/v2\/types\/product"}],"replies":[{"embeddable":true,"href":"https:\/\/qingdaohf.com\/ro\/wp-json\/wp\/v2\/comments?post=6443"}],"version-history":[{"count":10,"href":"https:\/\/qingdaohf.com\/ro\/wp-json\/wp\/v2\/product\/6443\/revisions"}],"predecessor-version":[{"id":8212,"href":"https:\/\/qingdaohf.com\/ro\/wp-json\/wp\/v2\/product\/6443\/revisions\/8212"}],"wp:featuredmedia":[{"embeddable":true,"href":"https:\/\/qingdaohf.com\/ro\/wp-json\/wp\/v2\/media\/6470"}],"wp:attachment":[{"href":"https:\/\/qingdaohf.com\/ro\/wp-json\/wp\/v2\/media?parent=6443"}],"wp:term":[{"taxonomy":"product_brand","embeddable":true,"href":"https:\/\/qingdaohf.com\/ro\/wp-json\/wp\/v2\/product_brand?post=6443"},{"taxonomy":"product_cat","embeddable":true,"href":"https:\/\/qingdaohf.com\/ro\/wp-json\/wp\/v2\/product_cat?post=6443"},{"taxonomy":"product_tag","embeddable":true,"href":"https:\/\/qingdaohf.com\/ro\/wp-json\/wp\/v2\/product_tag?post=6443"}],"curies":[{"name":"wp","href":"https:\/\/api.w.org\/{rel}","templated":true}]}}