{"id":6490,"date":"2024-02-02T16:39:40","date_gmt":"2024-02-02T08:39:40","guid":{"rendered":"http:\/\/qingdaohf.com\/?post_type=product&#038;p=6490"},"modified":"2025-11-13T09:03:38","modified_gmt":"2025-11-13T01:03:38","slug":"bolt-type-shackle","status":"publish","type":"product","link":"https:\/\/qingdaohf.com\/ro\/produs\/catarama-tip-bolt\/","title":{"rendered":"Tip bol\u021b Shackle"},"content":{"rendered":"<h3>\u00cen\u021belegerea rolului \u0219i a specifica\u021biilor c\u0103tu\u0219elor de tip bol\u021b<\/h3>\n<p>Grilajele de tip \u0219urub, adesea recunoscute prin modele precum G2130 \u0219i G2140, sunt instrumente fundamentale \u00een aplica\u021bii de fixare, remorcare \u0219i ridicare. Designul lor robust are rolul de a securiza conexiunile \u0219i de a sus\u021bine sarcini substan\u021biale \u00een siguran\u021b\u0103. Designul de tip \u0219urub, \u00een special, ofer\u0103 o securitate suplimentar\u0103 \u00een compara\u021bie cu alte tipuri de c\u0103tu\u0219e, ceea ce le face foarte potrivite pentru instala\u021bii pe termen lung sau semipermanente, unde stabilitatea sporit\u0103 este esen\u021bial\u0103.<\/p>\n<p>Ceea ce diferen\u021biaz\u0103 c\u0103tu\u0219ele de tip bol\u021b este capacitatea lor de a suporta sarcini de lucru ridicate \u00een siguran\u021b\u0103, modele precum G2130 \u0219i G2140 oferind un spectru larg de dimensiuni \u0219i op\u021biuni WLL. Aceast\u0103 versatilitate permite utilizatorilor din toate industriile - construc\u021bii, marin\u0103 sau produc\u021bie - s\u0103 selecteze c\u0103tu\u0219ele precise care se aliniaz\u0103 specifica\u021biilor proiectului lor. Atunci c\u00e2nd se selecteaz\u0103 un man\u0219on, WLL \u0219i dimensiunea sunt printre cele mai importante considerente, deoarece acestea au un impact direct asupra capacit\u0103\u021bii man\u0219onului de a func\u021biona la sarcini de greutate variabil\u0103. WLL pentru aceste lan\u021buri de tip \u0219urub variaz\u0103 \u00een general de la 0,33 tone la 150 tone, \u00een timp ce dimensiunea variaz\u0103 de la 1\/4 inch la 3 inch, oferind op\u021biuni pentru a se potrivi diferitelor cerin\u021be de echipare \u0219i condi\u021bii de mediu.<\/p>\n<p>Dincolo de dimensiunea \u0219i rezisten\u021ba lor, un alt avantaj notabil al c\u0103tu\u0219elor cu \u0219uruburi G2130 \u0219i G2140 este designul lor, care permite fixarea u\u0219oar\u0103 \u0219i sigur\u0103 a \u0219tiftului. Acest aspect este esen\u021bial, deoarece configura\u021bia cu \u0219uruburi \u0219i piuli\u021be previne eliberarea accidental\u0103, protej\u00e2nd astfel at\u00e2t \u00eenc\u0103rc\u0103tura, c\u00e2t \u0219i echipa de echipare. Fabricate din o\u021bel de \u00eenalt\u0103 calitate, cu rezisten\u021b\u0103 ridicat\u0103 la trac\u021biune \u0219i adesea galvanizate pentru rezisten\u021b\u0103 la coroziune, aceste c\u0103tu\u0219e asigur\u0103 o durabilitate \u00eendelungat\u0103 at\u00e2t \u00een aplica\u021bii de interior, c\u00e2t \u0219i de exterior.<\/p>\n<h3>Beneficiile alegerii unor lan\u021buri de \u00eenalt\u0103 calitate de tip \u0219urub de la un furnizor de \u00eencredere<\/h3>\n<p>Atunci c\u00e2nd achizi\u021biona\u021bi c\u0103tu\u0219e tip \u0219urub, asigurarea calit\u0103\u021bii este esen\u021bial\u0103. Qingdao H&amp;F se remarc\u0103 prin prioritizarea standardelor stricte de calitate, deoarece \u00een\u021belegem c\u0103 cump\u0103r\u0103torii au nevoie de lini\u0219tea sufleteasc\u0103 c\u0103 produsele lor \u00eendeplinesc cerin\u021bele de siguran\u021b\u0103. C\u0103tu\u0219ele noastre sunt supuse mai multor inspec\u021bii de calitate \u00eenainte de expediere, cu rapoarte de inspec\u021bie detaliate furnizate. Aceste rapoarte asigur\u0103 c\u0103 fiecare produs se aliniaz\u0103 la standardele de rezisten\u021b\u0103 \u0219i rezilien\u021b\u0103 necesare, ajut\u00e2nd cump\u0103r\u0103torii s\u0103 fac\u0103 alegeri \u00een cuno\u0219tin\u021b\u0103 de cauz\u0103 pe baza datelor verificate.<\/p>\n<p>\u00cen plus fa\u021b\u0103 de testarea riguroas\u0103 a calit\u0103\u021bii, oferim un serviciu clien\u021bi individual pentru a ajuta cump\u0103r\u0103torii s\u0103 g\u0103seasc\u0103 cea mai potrivit\u0103 man\u0219et\u0103 pentru nevoile lor specifice. Cu ciclul nostru de livrare rapid\u0103, Qingdao H&amp;F reduce timpii de a\u0219teptare, asigur\u00e2ndu-se c\u0103 cump\u0103r\u0103torii \u00ee\u0219i primesc produsele prompt, chiar \u0219i atunci c\u00e2nd au de-a face cu programe de proiect str\u00e2nse. Aceast\u0103 combina\u021bie de servicii rapide \u0219i de \u00eencredere \u0219i accentul pus pe calitate ne transform\u0103 \u00eentr-un partener preferat pentru achizi\u021biile \u00een vrac de c\u0103tu\u0219e de tip \u0219urub G2130 \u0219i G2140 de \u00eenalt\u0103 performan\u021b\u0103.<\/p>\n<p>Angajamentul nostru fa\u021b\u0103 de satisfac\u021bia clien\u021bilor se bazeaz\u0103 pe transparen\u021b\u0103, fiabilitate \u0219i \u00eendrumare de specialitate pentru a asigura un proces de achizi\u021bie f\u0103r\u0103 probleme. Fiecare interac\u021biune este conceput\u0103 pentru a oferi clien\u021bilor informa\u021bii valoroase privind compatibilitatea produselor, procedurile de instalare \u0219i practicile de \u00eentre\u021binere. Acest serviciu individual este deosebit de benefic pentru clien\u021bii care caut\u0103 solu\u021bii personalizate, deoarece echipa noastr\u0103 poate oferi sfaturi bazate pe cerin\u021bele specifice ale proiectului.<\/p>\n<h3>Considera\u021bii cheie \u00een selectarea \u0219i utilizarea c\u0103tu\u0219elor de tip bol\u021b<\/h3>\n<p>Selectarea man\u0219onului cu \u0219uruburi corect depinde de diver\u0219i factori, WLL \u0219i dimensiunea man\u0219onului fiind cruciale pentru utilizarea \u00een siguran\u021b\u0103. WLL dicteaz\u0103 sarcina maxim\u0103 pe care o poate suporta c\u0103tu\u0219ul, \u00een timp ce dimensiunea influen\u021beaz\u0103 potrivirea \u0219i compatibilitatea \u00een cadrul instala\u021biei de fixare. Dimensiunile sau capacitatea de \u00eenc\u0103rcare inadecvate pot compromite siguran\u021ba, duc\u00e2nd la o posibil\u0103 defectare a echipamentului. Astfel, adaptarea WLL \u0219i a dimensiunii corecte la aplica\u021bia dorit\u0103 este esen\u021bial\u0103 pentru o performan\u021b\u0103 sigur\u0103 \u0219i eficient\u0103.<\/p>\n<p>\u00cen\u021belegerea avantajelor distincte ale diferitelor materiale \u0219i finisaje poate ghida \u00een continuare selec\u021bia. De exemplu, c\u0103tu\u0219ele de tip \u0219urub din o\u021bel galvanizat ofer\u0103 o rezisten\u021b\u0103 sporit\u0103 la coroziune, ceea ce le face ideale pentru medii dificile sau maritime. \u00cen plus, designul cu \u0219uruburi \u0219i piuli\u021be, a\u0219a cum se observ\u0103 la modelele G2130 \u0219i G2140, ofer\u0103 un nivel de stabilitate \u0219i securitate care nu se reg\u0103se\u0219te la alte tipuri de lan\u021buri. Aceast\u0103 configura\u021bie minimizeaz\u0103 probabilitatea de alunecare a \u0219tiftului, ceea ce face ca aceste c\u0103tu\u0219e s\u0103 fie potrivite pentru aplica\u021bii \u00een care \u00eenc\u0103rc\u0103turile se pot deplasa sau vibra, cum ar fi \u00een transporturi sau ridic\u0103ri industriale grele.<\/p>\n<p>\u00centre\u021binerea este un alt factor care influen\u021beaz\u0103 longevitatea \u0219i performan\u021ba lan\u021burilor cu \u0219uruburi. Inspec\u021bia regulat\u0103 este esen\u021bial\u0103 pentru a se asigura c\u0103 man\u0219oanele sunt lipsite de coroziune, deformare sau oboseal\u0103. Pentru clien\u021bii care cump\u0103r\u0103 de la Qingdao H&amp;F, oferim ghiduri de utilizare \u0219i sfaturi de \u00eentre\u021binere adaptate diferitelor nevoi industriale, ajut\u00e2nd la prelungirea duratei de via\u021b\u0103 a produsului \u0219i la maximizarea valorii. Echipa noastr\u0103 poate asista cump\u0103r\u0103torii cu practici de \u00eentre\u021binere care asigur\u0103 func\u021bionarea sigur\u0103 \u0219i fiabil\u0103 a fiec\u0103rei c\u0103tu\u0219e, consolid\u00e2nd angajamentul nostru fa\u021b\u0103 de satisfac\u021bia clien\u021bilor \u0219i siguran\u021ba opera\u021bional\u0103.<\/p>\n<p>\u00cen rezumat, c\u0103tu\u0219ele cu \u0219uruburi precum G2130 \u0219i G2140 joac\u0103 un rol indispensabil \u00een diverse aplica\u021bii industriale. Designul lor unic \u0219i versatilitatea le permit s\u0103 fac\u0103 fa\u021b\u0103 cerin\u021belor de sarcin\u0103 ridicat\u0103, oferind \u00een acela\u0219i timp securitate prin mecanismul de fixare cu \u0219uruburi \u0219i piuli\u021be. Pentru cump\u0103r\u0103tori, alegerea unui furnizor de \u00eencredere este esen\u021bial\u0103 pentru a ob\u021bine produse care \u00eendeplinesc standarde de calitate stricte. Qingdao H&amp;F ofer\u0103 o combina\u021bie de livrare rapid\u0103, verific\u0103ri extinse ale calit\u0103\u021bii \u0219i servicii personalizate, asigur\u00e2ndu-se c\u0103 fiecare achizi\u021bie spore\u0219te productivitatea, siguran\u021ba \u0219i u\u0219urin\u021ba de utilizare pentru fiecare client.<\/p>\n<p>Prin angajamentul nostru continuu fa\u021b\u0103 de calitate \u0219i servicii pentru clien\u021bi, ne propunem s\u0103 devenim partenerul de \u00eencredere pentru cump\u0103r\u0103torii care caut\u0103 c\u0103tu\u0219e cu \u0219uruburi de \u00eenalt\u0103 performan\u021b\u0103 care sunt construite pentru a rezista \u00een medii solicitante.<\/p>\n<p><strong>Cataram\u0103 G2130<\/strong><\/p>\n<p><img fetchpriority=\"high\" decoding=\"async\" class=\"alignnone size-full wp-image-3831\" src=\"http:\/\/qingdaohf.com\/wp-content\/uploads\/2023\/05\/G2130.jpg\" alt=\"Cataram\u0103 G2130\" width=\"1000\" height=\"1158\" srcset=\"https:\/\/qingdaohf.com\/wp-content\/uploads\/2023\/05\/G2130.jpg 1000w, https:\/\/qingdaohf.com\/wp-content\/uploads\/2023\/05\/G2130-259x300.jpg 259w, https:\/\/qingdaohf.com\/wp-content\/uploads\/2023\/05\/G2130-884x1024.jpg 884w, https:\/\/qingdaohf.com\/wp-content\/uploads\/2023\/05\/G2130-768x889.jpg 768w\" sizes=\"(max-width: 1000px) 100vw, 1000px\" \/><\/p>\n<p><strong>Cataram\u0103 G2130A<\/strong><\/p>\n<p><img decoding=\"async\" class=\"alignnone size-full wp-image-3832\" src=\"http:\/\/qingdaohf.com\/wp-content\/uploads\/2023\/05\/G2130A.jpg\" alt=\"Cataram\u0103 G2130A\" width=\"1000\" height=\"783\" srcset=\"https:\/\/qingdaohf.com\/wp-content\/uploads\/2023\/05\/G2130A.jpg 1000w, https:\/\/qingdaohf.com\/wp-content\/uploads\/2023\/05\/G2130A-300x235.jpg 300w, https:\/\/qingdaohf.com\/wp-content\/uploads\/2023\/05\/G2130A-768x601.jpg 768w\" sizes=\"(max-width: 1000px) 100vw, 1000px\" \/><\/p>\n<p><strong>Cataram\u0103 G2140<\/strong><\/p>\n<p><img decoding=\"async\" class=\"alignnone size-full wp-image-3833\" src=\"http:\/\/qingdaohf.com\/wp-content\/uploads\/2023\/05\/G2140.jpg\" alt=\"Cataram\u0103 G2140\" width=\"1000\" height=\"1202\" srcset=\"https:\/\/qingdaohf.com\/wp-content\/uploads\/2023\/05\/G2140.jpg 1000w, https:\/\/qingdaohf.com\/wp-content\/uploads\/2023\/05\/G2140-250x300.jpg 250w, https:\/\/qingdaohf.com\/wp-content\/uploads\/2023\/05\/G2140-852x1024.jpg 852w, https:\/\/qingdaohf.com\/wp-content\/uploads\/2023\/05\/G2140-768x923.jpg 768w\" sizes=\"(max-width: 1000px) 100vw, 1000px\" \/><\/p>","protected":false},"excerpt":{"rendered":"<p>C\u0103tu\u0219ele de tip \u0219urub, cum ar fi modelele populare G2130 \u0219i G2140, sunt componente esen\u021biale de fixare concepute pentru ridicarea, remorcarea \u0219i fixarea \u00eenc\u0103rc\u0103turilor grele. Cu capacit\u0103\u021bi foarte variate, aceste c\u0103tu\u0219e suport\u0103 limite de sarcin\u0103 de lucru (WLL) de la 0,33 tone la 150 tone, cu dimensiuni care variaz\u0103 de obicei de la 1\/4 inch la 3 inch. Cump\u0103r\u0103torii prioritizeaz\u0103 adesea rezisten\u021ba, durabilitatea \u0219i garan\u021biile de siguran\u021b\u0103, f\u0103c\u00e2nd din rapoartele de inspec\u021bie a calit\u0103\u021bii un factor cheie \u00een deciziile de cump\u0103rare. La Qingdao H&amp;F, \u00eembun\u0103t\u0103\u021bim aceast\u0103 experien\u021b\u0103 oferind un ciclu de livrare rapid, asisten\u021b\u0103 personalizat\u0103 pentru clien\u021bi \u0219i o verificare complet\u0103 a calit\u0103\u021bii prin rapoarte de inspec\u021bie. Aceste servicii subliniaz\u0103 angajamentul nostru de a ne asigura c\u0103 cump\u0103r\u0103torii primesc c\u0103tu\u0219e fiabile, de \u00eenalt\u0103 performan\u021b\u0103, adaptate cerin\u021belor lor.<\/p>","protected":false},"featured_media":6468,"comment_status":"open","ping_status":"closed","template":"","meta":{"site-sidebar-layout":"default","site-content-layout":"","ast-site-content-layout":"default","site-content-style":"default","site-sidebar-style":"default","ast-global-header-display":"","ast-banner-title-visibility":"","ast-main-header-display":"","ast-hfb-above-header-display":"","ast-hfb-below-header-display":"","ast-hfb-mobile-header-display":"","site-post-title":"","ast-breadcrumbs-content":"","ast-featured-img":"","footer-sml-layout":"","theme-transparent-header-meta":"default","adv-header-id-meta":"","stick-header-meta":"default","header-above-stick-meta":"","header-main-stick-meta":"","header-below-stick-meta":"","astra-migrate-meta-layouts":"set","ast-page-background-enabled":"default","ast-page-background-meta":{"desktop":{"background-color":"","background-image":"","background-repeat":"repeat","background-position":"center center","background-size":"auto","background-attachment":"scroll","background-type":"","background-media":"","overlay-type":"","overlay-color":"","overlay-opacity":"","overlay-gradient":""},"tablet":{"background-color":"","background-image":"","background-repeat":"repeat","background-position":"center center","background-size":"auto","background-attachment":"scroll","background-type":"","background-media":"","overlay-type":"","overlay-color":"","overlay-opacity":"","overlay-gradient":""},"mobile":{"background-color":"","background-image":"","background-repeat":"repeat","background-position":"center center","background-size":"auto","background-attachment":"scroll","background-type":"","background-media":"","overlay-type":"","overlay-color":"","overlay-opacity":"","overlay-gradient":""}},"ast-content-background-meta":{"desktop":{"background-color":"var(--ast-global-color-5)","background-image":"","background-repeat":"repeat","background-position":"center center","background-size":"auto","background-attachment":"scroll","background-type":"","background-media":"","overlay-type":"","overlay-color":"","overlay-opacity":"","overlay-gradient":""},"tablet":{"background-color":"var(--ast-global-color-5)","background-image":"","background-repeat":"repeat","background-position":"center center","background-size":"auto","background-attachment":"scroll","background-type":"","background-media":"","overlay-type":"","overlay-color":"","overlay-opacity":"","overlay-gradient":""},"mobile":{"background-color":"var(--ast-global-color-5)","background-image":"","background-repeat":"repeat","background-position":"center center","background-size":"auto","background-attachment":"scroll","background-type":"","background-media":"","overlay-type":"","overlay-color":"","overlay-opacity":"","overlay-gradient":""}}},"product_brand":[],"product_cat":[51,54],"product_tag":[],"class_list":{"0":"post-6490","1":"product","2":"type-product","3":"status-publish","4":"has-post-thumbnail","6":"product_cat-riggging-hardware","7":"product_cat-shackle","8":"desktop-align-left","9":"tablet-align-left","10":"mobile-align-left","11":"ast-product-gallery-layout-horizontal-slider","12":"ast-product-tabs-layout-horizontal","14":"first","15":"instock","16":"shipping-taxable","17":"purchasable","18":"product-type-simple"},"yoast_head":"<!-- This site is optimized with the Yoast SEO plugin v25.2 - https:\/\/yoast.com\/wordpress\/plugins\/seo\/ -->\n<title>Bolt Type Shackle<\/title>\n<meta name=\"description\" content=\"A bolt-type shackle is a type of hardware that is used to connect chains, ropes, or cables together.\" \/>\n<meta name=\"robots\" content=\"index, follow, max-snippet:-1, max-image-preview:large, max-video-preview:-1\" \/>\n<link rel=\"canonical\" href=\"https:\/\/qingdaohf.com\/ro\/produs\/catarama-tip-bolt\/\" \/>\n<meta property=\"og:locale\" content=\"ro_RO\" \/>\n<meta property=\"og:type\" content=\"article\" \/>\n<meta property=\"og:title\" content=\"Bolt Type Shackle\" \/>\n<meta property=\"og:description\" content=\"A bolt-type shackle is a type of hardware that is used to connect chains, ropes, or cables together.\" \/>\n<meta property=\"og:url\" content=\"https:\/\/qingdaohf.com\/ro\/produs\/catarama-tip-bolt\/\" \/>\n<meta property=\"og:site_name\" content=\"Concrete Form &amp; Rigging Hardware Supplier\" \/>\n<meta property=\"article:publisher\" content=\"https:\/\/www.facebook.com\/qingdaohf\" \/>\n<meta property=\"article:modified_time\" content=\"2025-11-13T01:03:38+00:00\" \/>\n<meta property=\"og:image\" content=\"https:\/\/qingdaohf.com\/wp-content\/uploads\/2024\/02\/HF-SHACKLE-4.jpg\" \/>\n\t<meta property=\"og:image:width\" content=\"1000\" \/>\n\t<meta property=\"og:image:height\" content=\"1000\" \/>\n\t<meta property=\"og:image:type\" content=\"image\/jpeg\" \/>\n<meta name=\"twitter:card\" content=\"summary_large_image\" \/>\n<meta name=\"twitter:label1\" content=\"Timp estimat pentru citire\" \/>\n\t<meta name=\"twitter:data1\" content=\"5 minute\" \/>\n<script type=\"application\/ld+json\" class=\"yoast-schema-graph\">{\"@context\":\"https:\/\/schema.org\",\"@graph\":[{\"@type\":\"WebPage\",\"@id\":\"https:\/\/qingdaohf.com\/product\/bolt-type-shackle\/\",\"url\":\"https:\/\/qingdaohf.com\/product\/bolt-type-shackle\/\",\"name\":\"Bolt Type Shackle\",\"isPartOf\":{\"@id\":\"https:\/\/qingdaohf.com\/bg\/#website\"},\"primaryImageOfPage\":{\"@id\":\"https:\/\/qingdaohf.com\/product\/bolt-type-shackle\/#primaryimage\"},\"image\":{\"@id\":\"https:\/\/qingdaohf.com\/product\/bolt-type-shackle\/#primaryimage\"},\"thumbnailUrl\":\"https:\/\/qingdaohf.com\/wp-content\/uploads\/2024\/02\/HF-SHACKLE-4.jpg\",\"datePublished\":\"2024-02-02T08:39:40+00:00\",\"dateModified\":\"2025-11-13T01:03:38+00:00\",\"description\":\"A bolt-type shackle is a type of hardware that is used to connect chains, ropes, or cables together.\",\"breadcrumb\":{\"@id\":\"https:\/\/qingdaohf.com\/product\/bolt-type-shackle\/#breadcrumb\"},\"inLanguage\":\"ro-RO\",\"potentialAction\":[{\"@type\":\"ReadAction\",\"target\":[\"https:\/\/qingdaohf.com\/product\/bolt-type-shackle\/\"]}]},{\"@type\":\"ImageObject\",\"inLanguage\":\"ro-RO\",\"@id\":\"https:\/\/qingdaohf.com\/product\/bolt-type-shackle\/#primaryimage\",\"url\":\"https:\/\/qingdaohf.com\/wp-content\/uploads\/2024\/02\/HF-SHACKLE-4.jpg\",\"contentUrl\":\"https:\/\/qingdaohf.com\/wp-content\/uploads\/2024\/02\/HF-SHACKLE-4.jpg\",\"width\":1000,\"height\":1000,\"caption\":\"bolt type SHACKLE\"},{\"@type\":\"BreadcrumbList\",\"@id\":\"https:\/\/qingdaohf.com\/product\/bolt-type-shackle\/#breadcrumb\",\"itemListElement\":[{\"@type\":\"ListItem\",\"position\":1,\"name\":\"Home\",\"item\":\"https:\/\/qingdaohf.com\/\"},{\"@type\":\"ListItem\",\"position\":2,\"name\":\"Concrete Forming Accessories and Rigging Hardware\",\"item\":\"https:\/\/qingdaohf.com\/bg\/?page_id=944\"},{\"@type\":\"ListItem\",\"position\":3,\"name\":\"Bolt Type Shackle\"}]},{\"@type\":\"WebSite\",\"@id\":\"https:\/\/qingdaohf.com\/bg\/#website\",\"url\":\"https:\/\/qingdaohf.com\/bg\/\",\"name\":\"Concrete Form & Rigging Hardware Supplier\",\"description\":\"\",\"publisher\":{\"@id\":\"https:\/\/qingdaohf.com\/bg\/#organization\"},\"potentialAction\":[{\"@type\":\"SearchAction\",\"target\":{\"@type\":\"EntryPoint\",\"urlTemplate\":\"https:\/\/qingdaohf.com\/bg\/?s={search_term_string}\"},\"query-input\":{\"@type\":\"PropertyValueSpecification\",\"valueRequired\":true,\"valueName\":\"search_term_string\"}}],\"inLanguage\":\"ro-RO\"},{\"@type\":\"Organization\",\"@id\":\"https:\/\/qingdaohf.com\/bg\/#organization\",\"name\":\"Qingdao H&F\",\"url\":\"https:\/\/qingdaohf.com\/bg\/\",\"logo\":{\"@type\":\"ImageObject\",\"inLanguage\":\"ro-RO\",\"@id\":\"https:\/\/qingdaohf.com\/bg\/#\/schema\/logo\/image\/\",\"url\":\"https:\/\/qingdaohf.com\/wp-content\/uploads\/2022\/12\/cropped-HF-LOGO.png\",\"contentUrl\":\"https:\/\/qingdaohf.com\/wp-content\/uploads\/2022\/12\/cropped-HF-LOGO.png\",\"width\":391,\"height\":249,\"caption\":\"Qingdao H&F\"},\"image\":{\"@id\":\"https:\/\/qingdaohf.com\/bg\/#\/schema\/logo\/image\/\"},\"sameAs\":[\"https:\/\/www.facebook.com\/qingdaohf\"]}]}<\/script>\n<!-- \/ Yoast SEO plugin. -->","yoast_head_json":{"title":"Bolt Type Shackle","description":"A bolt-type shackle is a type of hardware that is used to connect chains, ropes, or cables together.","robots":{"index":"index","follow":"follow","max-snippet":"max-snippet:-1","max-image-preview":"max-image-preview:large","max-video-preview":"max-video-preview:-1"},"canonical":"https:\/\/qingdaohf.com\/ro\/produs\/catarama-tip-bolt\/","og_locale":"ro_RO","og_type":"article","og_title":"Bolt Type Shackle","og_description":"A bolt-type shackle is a type of hardware that is used to connect chains, ropes, or cables together.","og_url":"https:\/\/qingdaohf.com\/ro\/produs\/catarama-tip-bolt\/","og_site_name":"Concrete Form &amp; Rigging Hardware Supplier","article_publisher":"https:\/\/www.facebook.com\/qingdaohf","article_modified_time":"2025-11-13T01:03:38+00:00","og_image":[{"width":1000,"height":1000,"url":"https:\/\/qingdaohf.com\/wp-content\/uploads\/2024\/02\/HF-SHACKLE-4.jpg","type":"image\/jpeg"}],"twitter_card":"summary_large_image","twitter_misc":{"Timp estimat pentru citire":"5 minute"},"schema":{"@context":"https:\/\/schema.org","@graph":[{"@type":"WebPage","@id":"https:\/\/qingdaohf.com\/product\/bolt-type-shackle\/","url":"https:\/\/qingdaohf.com\/product\/bolt-type-shackle\/","name":"Bolt Type Shackle","isPartOf":{"@id":"https:\/\/qingdaohf.com\/bg\/#website"},"primaryImageOfPage":{"@id":"https:\/\/qingdaohf.com\/product\/bolt-type-shackle\/#primaryimage"},"image":{"@id":"https:\/\/qingdaohf.com\/product\/bolt-type-shackle\/#primaryimage"},"thumbnailUrl":"https:\/\/qingdaohf.com\/wp-content\/uploads\/2024\/02\/HF-SHACKLE-4.jpg","datePublished":"2024-02-02T08:39:40+00:00","dateModified":"2025-11-13T01:03:38+00:00","description":"A bolt-type shackle is a type of hardware that is used to connect chains, ropes, or cables together.","breadcrumb":{"@id":"https:\/\/qingdaohf.com\/product\/bolt-type-shackle\/#breadcrumb"},"inLanguage":"ro-RO","potentialAction":[{"@type":"ReadAction","target":["https:\/\/qingdaohf.com\/product\/bolt-type-shackle\/"]}]},{"@type":"ImageObject","inLanguage":"ro-RO","@id":"https:\/\/qingdaohf.com\/product\/bolt-type-shackle\/#primaryimage","url":"https:\/\/qingdaohf.com\/wp-content\/uploads\/2024\/02\/HF-SHACKLE-4.jpg","contentUrl":"https:\/\/qingdaohf.com\/wp-content\/uploads\/2024\/02\/HF-SHACKLE-4.jpg","width":1000,"height":1000,"caption":"bolt type SHACKLE"},{"@type":"BreadcrumbList","@id":"https:\/\/qingdaohf.com\/product\/bolt-type-shackle\/#breadcrumb","itemListElement":[{"@type":"ListItem","position":1,"name":"Home","item":"https:\/\/qingdaohf.com\/"},{"@type":"ListItem","position":2,"name":"Concrete Forming Accessories and Rigging Hardware","item":"https:\/\/qingdaohf.com\/bg\/?page_id=944"},{"@type":"ListItem","position":3,"name":"Bolt Type Shackle"}]},{"@type":"WebSite","@id":"https:\/\/qingdaohf.com\/bg\/#website","url":"https:\/\/qingdaohf.com\/bg\/","name":"Concrete Form & Rigging Hardware Supplier","description":"","publisher":{"@id":"https:\/\/qingdaohf.com\/bg\/#organization"},"potentialAction":[{"@type":"SearchAction","target":{"@type":"EntryPoint","urlTemplate":"https:\/\/qingdaohf.com\/bg\/?s={search_term_string}"},"query-input":{"@type":"PropertyValueSpecification","valueRequired":true,"valueName":"search_term_string"}}],"inLanguage":"ro-RO"},{"@type":"Organization","@id":"https:\/\/qingdaohf.com\/bg\/#organization","name":"Qingdao H&F","url":"https:\/\/qingdaohf.com\/bg\/","logo":{"@type":"ImageObject","inLanguage":"ro-RO","@id":"https:\/\/qingdaohf.com\/bg\/#\/schema\/logo\/image\/","url":"https:\/\/qingdaohf.com\/wp-content\/uploads\/2022\/12\/cropped-HF-LOGO.png","contentUrl":"https:\/\/qingdaohf.com\/wp-content\/uploads\/2022\/12\/cropped-HF-LOGO.png","width":391,"height":249,"caption":"Qingdao H&F"},"image":{"@id":"https:\/\/qingdaohf.com\/bg\/#\/schema\/logo\/image\/"},"sameAs":["https:\/\/www.facebook.com\/qingdaohf"]}]}},"_links":{"self":[{"href":"https:\/\/qingdaohf.com\/ro\/wp-json\/wp\/v2\/product\/6490","targetHints":{"allow":["GET"]}}],"collection":[{"href":"https:\/\/qingdaohf.com\/ro\/wp-json\/wp\/v2\/product"}],"about":[{"href":"https:\/\/qingdaohf.com\/ro\/wp-json\/wp\/v2\/types\/product"}],"replies":[{"embeddable":true,"href":"https:\/\/qingdaohf.com\/ro\/wp-json\/wp\/v2\/comments?post=6490"}],"version-history":[{"count":9,"href":"https:\/\/qingdaohf.com\/ro\/wp-json\/wp\/v2\/product\/6490\/revisions"}],"predecessor-version":[{"id":8214,"href":"https:\/\/qingdaohf.com\/ro\/wp-json\/wp\/v2\/product\/6490\/revisions\/8214"}],"wp:featuredmedia":[{"embeddable":true,"href":"https:\/\/qingdaohf.com\/ro\/wp-json\/wp\/v2\/media\/6468"}],"wp:attachment":[{"href":"https:\/\/qingdaohf.com\/ro\/wp-json\/wp\/v2\/media?parent=6490"}],"wp:term":[{"taxonomy":"product_brand","embeddable":true,"href":"https:\/\/qingdaohf.com\/ro\/wp-json\/wp\/v2\/product_brand?post=6490"},{"taxonomy":"product_cat","embeddable":true,"href":"https:\/\/qingdaohf.com\/ro\/wp-json\/wp\/v2\/product_cat?post=6490"},{"taxonomy":"product_tag","embeddable":true,"href":"https:\/\/qingdaohf.com\/ro\/wp-json\/wp\/v2\/product_tag?post=6490"}],"curies":[{"name":"wp","href":"https:\/\/api.w.org\/{rel}","templated":true}]}}