{"id":6504,"date":"2024-02-05T09:54:52","date_gmt":"2024-02-05T01:54:52","guid":{"rendered":"http:\/\/qingdaohf.com\/?post_type=product&#038;p=6504"},"modified":"2025-11-13T09:03:38","modified_gmt":"2025-11-13T01:03:38","slug":"bent-eye-bolt","status":"publish","type":"product","link":"https:\/\/qingdaohf.com\/ro\/produs\/bolt-cu-ochi-indoit\/","title":{"rendered":"Bol\u021b cu ochi \u00eendoit"},"content":{"rendered":"<h2 class=\"text-2xl font-bold mt-1 text-text-200\">Excelen\u021b\u0103 \u00een inginerie: \u0218urubul cu ochi \u00eendoit<\/h2>\n<p class=\"whitespace-pre-wrap break-words\">\u0218urubul cu ochi curbat exemplific\u0103 ingineria practic\u0103 la cel mai \u00eenalt nivel. \u00cen loc s\u0103 urmeze modelele conven\u021bionale de elemente de fixare, forma sa curbat\u0103 revolu\u021bioneaz\u0103 distribu\u021bia sarcinii, f\u0103c\u00e2ndu-l esen\u021bial pentru aplica\u021biile grele de fixare, remorcare \u0219i fixare a utilajelor.<\/p>\n<div class=\"ast-oembed-container\" style=\"height: 100%;\"><iframe title=\"\u00cembun\u0103t\u0103\u021bi\u021bi solu\u021biile dvs. de rigidizare cu \u0219uruburile noastre cu ochi \u00eendoit!\" width=\"500\" height=\"281\" src=\"https:\/\/www.youtube.com\/embed\/hRsRZXPqmSo?feature=oembed\" frameborder=\"0\" allow=\"accelerometer; autoplay; clipboard-write; encrypted-media; gyroscope; picture-in-picture; web-share\" referrerpolicy=\"strict-origin-when-cross-origin\" allowfullscreen><\/iframe><\/div>\n<h2 class=\"text-xl font-bold text-text-200 mt-1 -mb-0.5\">Inginerie de baz\u0103 \u0219i materiale<\/h2>\n<p class=\"whitespace-pre-wrap break-words\">Inginerii selecteaz\u0103 cu aten\u021bie metale de calitate superioar\u0103 care combat coroziunea \u00een timp ce suport\u0103 solicit\u0103ri mecanice intense. Procesul strategic de \u00eendoire reduce punctele de concentrare a tensiunilor - un punct slab tipic al \u0219uruburilor cu ochi tradi\u021bionale. Aceast\u0103 inginerie atent\u0103 duce la o durabilitate impresionant\u0103 chiar \u0219i \u00een condi\u021bii solicitante. Fiecare component\u0103 este supus\u0103 unei prelucr\u0103ri precise pentru a men\u021bine stabilitatea \u00een timpul opera\u021biunilor dinamice.<\/p>\n<p class=\"whitespace-pre-wrap break-words\">Produc\u021bia noastr\u0103 \u00eencorporeaz\u0103 tehnici de ultim\u0103 or\u0103, men\u021bin\u00e2nd \u00een acela\u0219i timp standarde stricte de calitate. \u00cenainte de expediere, fiecare \u0219urub este supus unor teste extensive privind precizia dimensional\u0103, rezisten\u021ba materialului \u0219i capacitatea de \u00eenc\u0103rcare. Aceste evalu\u0103ri complete, esen\u021biale pentru sistemul nostru de calitate, demonstreaz\u0103 modul \u00een care produsele noastre dep\u0103\u0219esc \u00een mod constant cerin\u021bele industriei. Men\u021binem o transparen\u021b\u0103 complet\u0103 prin furnizarea de documente de inspec\u021bie detaliate odat\u0103 cu expedierile.<\/p>\n<h2 class=\"text-xl font-bold text-text-200 mt-1 -mb-0.5\">Aplica\u021bii din lumea real\u0103 \u0219i configurare<\/h2>\n<h3 class=\"text-lg font-bold text-text-200 mt-1 -mb-1.5\">Implementarea \u00een industrie<\/h3>\n<p class=\"whitespace-pre-wrap break-words\">De la \u0219antierele de construc\u021bii la navele maritime, profesioni\u0219tii se bazeaz\u0103 pe \u0219uruburile cu ochi \u00eendoi\u021bi pentru a proteja echipamentele valoroase. Versatilitatea designului se adapteaz\u0103 diferitelor scenarii care necesit\u0103 at\u00e2t flexibilitate, c\u00e2t \u0219i integritate structural\u0103. Indiferent dac\u0103 se ridic\u0103 sarcini grele, se fixeaz\u0103 echipamente \u00een condi\u021bii meteorologice nefavorabile sau se conecteaz\u0103 componente ale utilajelor industriale, aceste \u0219uruburi se dovedesc indispensabile. Forma lor specializat\u0103 asigur\u0103 distribu\u021bia optim\u0103 a for\u021bei, men\u021bin\u00e2nd \u00eenc\u0103rc\u0103turile echilibrate \u00een timpul func\u021bion\u0103rii.<\/p>\n<h3 class=\"text-lg font-bold text-text-200 mt-1 -mb-1.5\">Instalare u\u0219or de utilizat<\/h3>\n<p class=\"whitespace-pre-wrap break-words\">Muncitorii st\u0103p\u00e2nesc rapid procesul simplu de instalare, datorit\u0103 unui design intuitiv care reduce timpul de instruire. Curbura unic\u0103 a \u0219urubului permite ata\u0219area sigur\u0103 la diverse materiale - de la grinzi de o\u021bel la beton. Aceast\u0103 adaptabilitate simplific\u0103 asamblarea \u0219i reduce timpii mor\u021bi de \u00eentre\u021binere, \u00eembun\u0103t\u0103\u021bind \u00een mod direct eficien\u021ba opera\u021bional\u0103 \u0219i reduc\u00e2nd costurile.<\/p>\n<h3 class=\"text-lg font-bold text-text-200 mt-1 -mb-1.5\">Caracteristici de siguran\u021b\u0103 \u00eembun\u0103t\u0103\u021bite<\/h3>\n<p class=\"whitespace-pre-wrap break-words\">\u0218urubul cu ochi \u00eendoit abordeaz\u0103 principalele probleme de siguran\u021b\u0103 prin inginerie inteligent\u0103. Utilizatorii au \u00eencredere \u00een capacitatea sa de a preveni alunecarea sau dezalinierea sub sarcin\u0103. Curbura calculat\u0103 a ochiului redirec\u021bioneaz\u0103 for\u021bele departe de punctele poten\u021biale de defectare, minimiz\u00e2nd riscurile de defectare \u00een timpul sarcinilor critice. Companiile care utilizeaz\u0103 aceste \u0219uruburi raporteaz\u0103 de obicei mai pu\u021bine incidente \u0219i o fiabilitate sporit\u0103.<\/p>\n<h2 class=\"text-xl font-bold text-text-200 mt-1 -mb-0.5\">Asigurarea calit\u0103\u021bii \u0219i asisten\u021b\u0103<\/h2>\n<h3 class=\"text-lg font-bold text-text-200 mt-1 -mb-1.5\">Protocol de testare riguros<\/h3>\n<p class=\"whitespace-pre-wrap break-words\">Fiecare \u0219urub este supus unei evalu\u0103ri complete \u00eenainte de a p\u0103r\u0103si unitatea noastr\u0103. \u00cen\u021beleg\u00e2nd aplica\u021biile critice de siguran\u021b\u0103, men\u021binem o documenta\u021bie detaliat\u0103 a performan\u021bei. Rapoartele noastre de calitate descriu parametrii specifici \u0219i propriet\u0103\u021bile materialelor, demonstr\u00e2nd fiabilitatea pe termen lung \u00een condi\u021bii dificile.<\/p>\n<h3 class=\"text-lg font-bold text-text-200 mt-1 -mb-1.5\">Servicii centrate pe client<\/h3>\n<p class=\"whitespace-pre-wrap break-words\">\u00cembin\u0103m expertiza tehnic\u0103 cu aten\u021bia personalizat\u0103. Clien\u021bii primesc asisten\u021b\u0103 dedicat\u0103 at\u00e2t pentru \u00eentreb\u0103ri \u00eenainte de achizi\u021bie, c\u00e2t \u0219i pentru asisten\u021b\u0103 continu\u0103. Echipa noastr\u0103 ofer\u0103 \u00eendrum\u0103ri detaliate cu privire la instalare, \u00eentre\u021binere \u0219i depanare. Aceast\u0103 abordare asigur\u0103 asisten\u021b\u0103 complet\u0103 pe tot parcursul ciclului de via\u021b\u0103 al produsului. Livrarea rapid\u0103 spore\u0219te \u0219i mai mult satisfac\u021bia prin minimizarea \u00eent\u00e2rzierilor din proiect.<\/p>\n<h3 class=\"text-lg font-bold text-text-200 mt-1 -mb-1.5\">Inovare continu\u0103<\/h3>\n<p class=\"whitespace-pre-wrap break-words\">Investi\u021biile regulate \u00een cercetare men\u021bin produsele noastre \u00een fruntea tehnologiei. Colabor\u0103m cu exper\u021bi din domeniu pentru a \u00eembun\u0103t\u0103\u021bi proiectele \u0219i metodele de produc\u021bie. Acest angajament duce standardele industriei mai sus, oferind \u00een acela\u0219i timp solu\u021bii rentabile. Concentrarea noastr\u0103 asupra progresului se extinde de la inginerie p\u00e2n\u0103 la asisten\u021ba pentru clien\u021bi, acord\u00e2nd prioritate excelen\u021bei la fiecare pas.<\/p>\n<h3 class=\"text-lg font-bold text-text-200 mt-1 -mb-1.5\">Livrare fiabil\u0103<\/h3>\n<p class=\"whitespace-pre-wrap break-words\">\u00cen\u021beleg\u00e2nd opera\u021biunile sensibile la timp, men\u021binem sisteme de livrare eficiente care respect\u0103 programele exigente. Echipa noastr\u0103 de logistic\u0103 asigur\u0103 procesarea \u0219i expedierea prompt\u0103 a comenzilor. Atunci c\u00e2nd apar provoc\u0103ri, comunic\u0103m proactiv \u0219i oferim alternative pentru a minimiza \u00eentreruperile.<\/p>\n<h2 class=\"text-xl font-bold text-text-200 mt-1 -mb-0.5\">Sprijin educa\u021bional \u0219i excelen\u021b\u0103 tehnic\u0103<\/h2>\n<p class=\"whitespace-pre-wrap break-words\">Oferim documenta\u021bie tehnic\u0103 complet\u0103 \u0219i materiale de instruire \u00eempreun\u0103 cu hardware-ul nostru. Prin ghiduri detaliate \u0219i consultan\u021b\u0103, clien\u021bii st\u0103p\u00e2nesc tehnicile de utilizare corespunz\u0103toare. Acest schimb de cuno\u0219tin\u021be previne problemele comune \u0219i prelunge\u0219te durata de via\u021b\u0103 a produsului prin \u00eentre\u021binerea corespunz\u0103toare.<\/p>\n<p class=\"whitespace-pre-wrap break-words\">Ingineria de precizie din spatele fiec\u0103rui \u0219urub reflect\u0103 dedicarea noastr\u0103 pentru performan\u021b\u0103. \u00cen medii critice, aceste \u0219uruburi asigur\u0103 conexiuni sigure care minimizeaz\u0103 riscurile de manipulare. Aceast\u0103 fiabilitate se dovede\u0219te crucial\u0103 acolo unde defectarea echipamentului ar putea avea consecin\u021be grave.<\/p>\n<p class=\"whitespace-pre-wrap break-words\">M\u0103surile noastre de calitate optimizeaz\u0103 fiecare aspect pentru o performan\u021b\u0103 maxim\u0103. Combinarea \u0219tiin\u021bei avansate a materialelor cu ingineria precis\u0103 produce rezultate superioare constante. Aceast\u0103 dedicare pentru excelen\u021b\u0103 \u00eenseamn\u0103 nevoi minime de \u00eenlocuire \u0219i eficien\u021b\u0103 opera\u021bional\u0103 sus\u021binut\u0103.<\/p>\n<p class=\"whitespace-pre-wrap break-words\">Feedback-ul clien\u021bilor conduce la o \u00eembun\u0103t\u0103\u021bire continu\u0103, iar informa\u021biile ob\u021binute modeleaz\u0103 evolu\u021biile viitoare. Aceast\u0103 abordare colaborativ\u0103 conduce la \u00eembun\u0103t\u0103\u021biri practice at\u00e2t \u00een ceea ce prive\u0219te siguran\u021ba, c\u00e2t \u0219i performan\u021ba. Dialogul permanent consolideaz\u0103 rela\u021biile \u0219i, \u00een acela\u0219i timp, dezvolt\u0103 capacit\u0103\u021bile produselor.<\/p>\n<h2 class=\"text-xl font-bold text-text-200 mt-1 -mb-0.5\">Concluzie<\/h2>\n<p class=\"whitespace-pre-wrap break-words\">\u0218urubul cu ochi \u00eendoit reprezint\u0103 o convergen\u021b\u0103 a excelen\u021bei tehnice \u0219i a caracteristicilor practice de siguran\u021b\u0103. Designul s\u0103u inovator asigur\u0103 gestionarea optim\u0103 a \u00eenc\u0103rc\u0103turii \u0219i durabilitatea, sus\u021binute de controale am\u0103nun\u021bite ale calit\u0103\u021bii. Combinat cu un serviciu clien\u021bi receptiv \u0219i o livrare fiabil\u0103, acesta reprezint\u0103 o solu\u021bie ideal\u0103 pentru opera\u021biunile care necesit\u0103 performan\u021be constante. Continu\u0103m s\u0103 ne perfec\u021bion\u0103m modelele, oferind produse care sporesc eficien\u021ba opera\u021bional\u0103 \u0219i siguran\u021ba.<\/p>\n<p class=\"whitespace-pre-wrap break-words\">Abordarea noastr\u0103 cuprinz\u0103toare - de la proiectarea ini\u021bial\u0103 p\u00e2n\u0103 la asisten\u021ba continu\u0103 - demonstreaz\u0103 angajamentul fa\u021b\u0103 de solu\u021biile durabile. Alegerea \u0219uruburilor noastre cu ochi curbat \u00eenseamn\u0103 investi\u021bia \u00een fiabilitatea dovedit\u0103 pe teren cu sprijinul exper\u021bilor. Experimenta\u021bi diferen\u021ba pe care ingineria atent\u0103 \u0219i asisten\u021ba dedicat\u0103 o aduc opera\u021biunilor dumneavoastr\u0103.<\/p>","protected":false},"excerpt":{"rendered":"<p data-sourcepos=\"5:1-5:37\">Aici este \u0219urubul nostru cu ochi \u00eendoit proiectat meticulos, care este creat special pentru fixarea \u00eenc\u0103rc\u0103turii grele \u0219i aplica\u021bii generale de rigidizare. Produsul nostru \u00eendepline\u0219te principalele preocup\u0103ri ale cump\u0103r\u0103torilor cu durabilitate excelent\u0103, instalare simpl\u0103 \u0219i siguran\u021b\u0103 f\u0103r\u0103 compromisuri \u00een medii severe. \u00cen calitate de firm\u0103 comercial\u0103 de \u00eencredere, oferim servicii personalizate pentru clien\u021bi, termene de livrare \u00een timp util \u0219i rapoarte detaliate de inspec\u021bie a calit\u0103\u021bii, astfel \u00eenc\u00e2t fiecare client s\u0103 poat\u0103 fi sigur c\u0103 va primi hardware de \u00eencredere \u0219i de \u00eenalt\u0103 calitate, \u00een conformitate cu cerin\u021bele lor specifice.<\/p>","protected":false},"featured_media":6506,"comment_status":"open","ping_status":"closed","template":"","meta":{"site-sidebar-layout":"default","site-content-layout":"","ast-site-content-layout":"default","site-content-style":"default","site-sidebar-style":"default","ast-global-header-display":"","ast-banner-title-visibility":"","ast-main-header-display":"","ast-hfb-above-header-display":"","ast-hfb-below-header-display":"","ast-hfb-mobile-header-display":"","site-post-title":"","ast-breadcrumbs-content":"","ast-featured-img":"","footer-sml-layout":"","theme-transparent-header-meta":"default","adv-header-id-meta":"","stick-header-meta":"default","header-above-stick-meta":"","header-main-stick-meta":"","header-below-stick-meta":"","astra-migrate-meta-layouts":"set","ast-page-background-enabled":"default","ast-page-background-meta":{"desktop":{"background-color":"","background-image":"","background-repeat":"repeat","background-position":"center center","background-size":"auto","background-attachment":"scroll","background-type":"","background-media":"","overlay-type":"","overlay-color":"","overlay-opacity":"","overlay-gradient":""},"tablet":{"background-color":"","background-image":"","background-repeat":"repeat","background-position":"center center","background-size":"auto","background-attachment":"scroll","background-type":"","background-media":"","overlay-type":"","overlay-color":"","overlay-opacity":"","overlay-gradient":""},"mobile":{"background-color":"","background-image":"","background-repeat":"repeat","background-position":"center center","background-size":"auto","background-attachment":"scroll","background-type":"","background-media":"","overlay-type":"","overlay-color":"","overlay-opacity":"","overlay-gradient":""}},"ast-content-background-meta":{"desktop":{"background-color":"var(--ast-global-color-5)","background-image":"","background-repeat":"repeat","background-position":"center center","background-size":"auto","background-attachment":"scroll","background-type":"","background-media":"","overlay-type":"","overlay-color":"","overlay-opacity":"","overlay-gradient":""},"tablet":{"background-color":"var(--ast-global-color-5)","background-image":"","background-repeat":"repeat","background-position":"center center","background-size":"auto","background-attachment":"scroll","background-type":"","background-media":"","overlay-type":"","overlay-color":"","overlay-opacity":"","overlay-gradient":""},"mobile":{"background-color":"var(--ast-global-color-5)","background-image":"","background-repeat":"repeat","background-position":"center center","background-size":"auto","background-attachment":"scroll","background-type":"","background-media":"","overlay-type":"","overlay-color":"","overlay-opacity":"","overlay-gradient":""}}},"product_brand":[],"product_cat":[44],"product_tag":[],"class_list":{"0":"post-6504","1":"product","2":"type-product","3":"status-publish","4":"has-post-thumbnail","6":"product_cat-stainless-steel-poduct","7":"desktop-align-left","8":"tablet-align-left","9":"mobile-align-left","10":"ast-product-gallery-layout-horizontal-slider","11":"ast-product-tabs-layout-horizontal","13":"first","14":"instock","15":"shipping-taxable","16":"purchasable","17":"product-type-simple"},"yoast_head":"<!-- This site is optimized with the Yoast SEO plugin v25.2 - https:\/\/yoast.com\/wordpress\/plugins\/seo\/ -->\n<title>Bent Eye Bolt<\/title>\n<meta name=\"description\" content=\"Qingdao H&amp;F, your reliable supplier for over 20 years, offers top-quality bent eye bolts for diverse lifting and rigging applications.\" \/>\n<meta name=\"robots\" content=\"index, follow, max-snippet:-1, max-image-preview:large, max-video-preview:-1\" \/>\n<link rel=\"canonical\" href=\"https:\/\/qingdaohf.com\/ro\/produs\/bolt-cu-ochi-indoit\/\" \/>\n<meta property=\"og:locale\" content=\"ro_RO\" \/>\n<meta property=\"og:type\" content=\"article\" \/>\n<meta property=\"og:title\" content=\"Bent Eye Bolt\" \/>\n<meta property=\"og:description\" content=\"Qingdao H&amp;F, your reliable supplier for over 20 years, offers top-quality bent eye bolts for diverse lifting and rigging applications.\" \/>\n<meta property=\"og:url\" content=\"https:\/\/qingdaohf.com\/ro\/produs\/bolt-cu-ochi-indoit\/\" \/>\n<meta property=\"og:site_name\" content=\"Concrete Form &amp; Rigging Hardware Supplier\" \/>\n<meta property=\"article:publisher\" content=\"https:\/\/www.facebook.com\/qingdaohf\" \/>\n<meta property=\"article:modified_time\" content=\"2025-11-13T01:03:38+00:00\" \/>\n<meta property=\"og:image\" content=\"https:\/\/qingdaohf.com\/wp-content\/uploads\/2024\/02\/HF-BENT-EYE-BOLT-1.jpg\" \/>\n\t<meta property=\"og:image:width\" content=\"1000\" \/>\n\t<meta property=\"og:image:height\" content=\"1000\" \/>\n\t<meta property=\"og:image:type\" content=\"image\/jpeg\" \/>\n<meta name=\"twitter:card\" content=\"summary_large_image\" \/>\n<meta name=\"twitter:label1\" content=\"Timp estimat pentru citire\" \/>\n\t<meta name=\"twitter:data1\" content=\"4 minute\" \/>\n<script type=\"application\/ld+json\" class=\"yoast-schema-graph\">{\"@context\":\"https:\/\/schema.org\",\"@graph\":[{\"@type\":\"WebPage\",\"@id\":\"https:\/\/qingdaohf.com\/product\/bent-eye-bolt\/\",\"url\":\"https:\/\/qingdaohf.com\/product\/bent-eye-bolt\/\",\"name\":\"Bent Eye Bolt\",\"isPartOf\":{\"@id\":\"https:\/\/qingdaohf.com\/bg\/#website\"},\"primaryImageOfPage\":{\"@id\":\"https:\/\/qingdaohf.com\/product\/bent-eye-bolt\/#primaryimage\"},\"image\":{\"@id\":\"https:\/\/qingdaohf.com\/product\/bent-eye-bolt\/#primaryimage\"},\"thumbnailUrl\":\"https:\/\/qingdaohf.com\/wp-content\/uploads\/2024\/02\/HF-BENT-EYE-BOLT-1.jpg\",\"datePublished\":\"2024-02-05T01:54:52+00:00\",\"dateModified\":\"2025-11-13T01:03:38+00:00\",\"description\":\"Qingdao H&F, your reliable supplier for over 20 years, offers top-quality bent eye bolts for diverse lifting and rigging applications.\",\"breadcrumb\":{\"@id\":\"https:\/\/qingdaohf.com\/product\/bent-eye-bolt\/#breadcrumb\"},\"inLanguage\":\"ro-RO\",\"potentialAction\":[{\"@type\":\"ReadAction\",\"target\":[\"https:\/\/qingdaohf.com\/product\/bent-eye-bolt\/\"]}]},{\"@type\":\"ImageObject\",\"inLanguage\":\"ro-RO\",\"@id\":\"https:\/\/qingdaohf.com\/product\/bent-eye-bolt\/#primaryimage\",\"url\":\"https:\/\/qingdaohf.com\/wp-content\/uploads\/2024\/02\/HF-BENT-EYE-BOLT-1.jpg\",\"contentUrl\":\"https:\/\/qingdaohf.com\/wp-content\/uploads\/2024\/02\/HF-BENT-EYE-BOLT-1.jpg\",\"width\":1000,\"height\":1000,\"caption\":\"H&F BENT EYE BOLT\"},{\"@type\":\"BreadcrumbList\",\"@id\":\"https:\/\/qingdaohf.com\/product\/bent-eye-bolt\/#breadcrumb\",\"itemListElement\":[{\"@type\":\"ListItem\",\"position\":1,\"name\":\"Home\",\"item\":\"https:\/\/qingdaohf.com\/\"},{\"@type\":\"ListItem\",\"position\":2,\"name\":\"Concrete Forming Accessories and Rigging Hardware\",\"item\":\"https:\/\/qingdaohf.com\/bg\/?page_id=944\"},{\"@type\":\"ListItem\",\"position\":3,\"name\":\"Bent Eye Bolt\"}]},{\"@type\":\"WebSite\",\"@id\":\"https:\/\/qingdaohf.com\/bg\/#website\",\"url\":\"https:\/\/qingdaohf.com\/bg\/\",\"name\":\"Concrete Form & Rigging Hardware Supplier\",\"description\":\"\",\"publisher\":{\"@id\":\"https:\/\/qingdaohf.com\/bg\/#organization\"},\"potentialAction\":[{\"@type\":\"SearchAction\",\"target\":{\"@type\":\"EntryPoint\",\"urlTemplate\":\"https:\/\/qingdaohf.com\/bg\/?s={search_term_string}\"},\"query-input\":{\"@type\":\"PropertyValueSpecification\",\"valueRequired\":true,\"valueName\":\"search_term_string\"}}],\"inLanguage\":\"ro-RO\"},{\"@type\":\"Organization\",\"@id\":\"https:\/\/qingdaohf.com\/bg\/#organization\",\"name\":\"Qingdao H&F\",\"url\":\"https:\/\/qingdaohf.com\/bg\/\",\"logo\":{\"@type\":\"ImageObject\",\"inLanguage\":\"ro-RO\",\"@id\":\"https:\/\/qingdaohf.com\/bg\/#\/schema\/logo\/image\/\",\"url\":\"https:\/\/qingdaohf.com\/wp-content\/uploads\/2022\/12\/cropped-HF-LOGO.png\",\"contentUrl\":\"https:\/\/qingdaohf.com\/wp-content\/uploads\/2022\/12\/cropped-HF-LOGO.png\",\"width\":391,\"height\":249,\"caption\":\"Qingdao H&F\"},\"image\":{\"@id\":\"https:\/\/qingdaohf.com\/bg\/#\/schema\/logo\/image\/\"},\"sameAs\":[\"https:\/\/www.facebook.com\/qingdaohf\"]}]}<\/script>\n<!-- \/ Yoast SEO plugin. -->","yoast_head_json":{"title":"Bent Eye Bolt","description":"Qingdao H&F, your reliable supplier for over 20 years, offers top-quality bent eye bolts for diverse lifting and rigging applications.","robots":{"index":"index","follow":"follow","max-snippet":"max-snippet:-1","max-image-preview":"max-image-preview:large","max-video-preview":"max-video-preview:-1"},"canonical":"https:\/\/qingdaohf.com\/ro\/produs\/bolt-cu-ochi-indoit\/","og_locale":"ro_RO","og_type":"article","og_title":"Bent Eye Bolt","og_description":"Qingdao H&F, your reliable supplier for over 20 years, offers top-quality bent eye bolts for diverse lifting and rigging applications.","og_url":"https:\/\/qingdaohf.com\/ro\/produs\/bolt-cu-ochi-indoit\/","og_site_name":"Concrete Form &amp; Rigging Hardware Supplier","article_publisher":"https:\/\/www.facebook.com\/qingdaohf","article_modified_time":"2025-11-13T01:03:38+00:00","og_image":[{"width":1000,"height":1000,"url":"https:\/\/qingdaohf.com\/wp-content\/uploads\/2024\/02\/HF-BENT-EYE-BOLT-1.jpg","type":"image\/jpeg"}],"twitter_card":"summary_large_image","twitter_misc":{"Timp estimat pentru citire":"4 minute"},"schema":{"@context":"https:\/\/schema.org","@graph":[{"@type":"WebPage","@id":"https:\/\/qingdaohf.com\/product\/bent-eye-bolt\/","url":"https:\/\/qingdaohf.com\/product\/bent-eye-bolt\/","name":"Bent Eye Bolt","isPartOf":{"@id":"https:\/\/qingdaohf.com\/bg\/#website"},"primaryImageOfPage":{"@id":"https:\/\/qingdaohf.com\/product\/bent-eye-bolt\/#primaryimage"},"image":{"@id":"https:\/\/qingdaohf.com\/product\/bent-eye-bolt\/#primaryimage"},"thumbnailUrl":"https:\/\/qingdaohf.com\/wp-content\/uploads\/2024\/02\/HF-BENT-EYE-BOLT-1.jpg","datePublished":"2024-02-05T01:54:52+00:00","dateModified":"2025-11-13T01:03:38+00:00","description":"Qingdao H&F, your reliable supplier for over 20 years, offers top-quality bent eye bolts for diverse lifting and rigging applications.","breadcrumb":{"@id":"https:\/\/qingdaohf.com\/product\/bent-eye-bolt\/#breadcrumb"},"inLanguage":"ro-RO","potentialAction":[{"@type":"ReadAction","target":["https:\/\/qingdaohf.com\/product\/bent-eye-bolt\/"]}]},{"@type":"ImageObject","inLanguage":"ro-RO","@id":"https:\/\/qingdaohf.com\/product\/bent-eye-bolt\/#primaryimage","url":"https:\/\/qingdaohf.com\/wp-content\/uploads\/2024\/02\/HF-BENT-EYE-BOLT-1.jpg","contentUrl":"https:\/\/qingdaohf.com\/wp-content\/uploads\/2024\/02\/HF-BENT-EYE-BOLT-1.jpg","width":1000,"height":1000,"caption":"H&F BENT EYE BOLT"},{"@type":"BreadcrumbList","@id":"https:\/\/qingdaohf.com\/product\/bent-eye-bolt\/#breadcrumb","itemListElement":[{"@type":"ListItem","position":1,"name":"Home","item":"https:\/\/qingdaohf.com\/"},{"@type":"ListItem","position":2,"name":"Concrete Forming Accessories and Rigging Hardware","item":"https:\/\/qingdaohf.com\/bg\/?page_id=944"},{"@type":"ListItem","position":3,"name":"Bent Eye Bolt"}]},{"@type":"WebSite","@id":"https:\/\/qingdaohf.com\/bg\/#website","url":"https:\/\/qingdaohf.com\/bg\/","name":"Concrete Form & Rigging Hardware Supplier","description":"","publisher":{"@id":"https:\/\/qingdaohf.com\/bg\/#organization"},"potentialAction":[{"@type":"SearchAction","target":{"@type":"EntryPoint","urlTemplate":"https:\/\/qingdaohf.com\/bg\/?s={search_term_string}"},"query-input":{"@type":"PropertyValueSpecification","valueRequired":true,"valueName":"search_term_string"}}],"inLanguage":"ro-RO"},{"@type":"Organization","@id":"https:\/\/qingdaohf.com\/bg\/#organization","name":"Qingdao H&F","url":"https:\/\/qingdaohf.com\/bg\/","logo":{"@type":"ImageObject","inLanguage":"ro-RO","@id":"https:\/\/qingdaohf.com\/bg\/#\/schema\/logo\/image\/","url":"https:\/\/qingdaohf.com\/wp-content\/uploads\/2022\/12\/cropped-HF-LOGO.png","contentUrl":"https:\/\/qingdaohf.com\/wp-content\/uploads\/2022\/12\/cropped-HF-LOGO.png","width":391,"height":249,"caption":"Qingdao H&F"},"image":{"@id":"https:\/\/qingdaohf.com\/bg\/#\/schema\/logo\/image\/"},"sameAs":["https:\/\/www.facebook.com\/qingdaohf"]}]}},"_links":{"self":[{"href":"https:\/\/qingdaohf.com\/ro\/wp-json\/wp\/v2\/product\/6504","targetHints":{"allow":["GET"]}}],"collection":[{"href":"https:\/\/qingdaohf.com\/ro\/wp-json\/wp\/v2\/product"}],"about":[{"href":"https:\/\/qingdaohf.com\/ro\/wp-json\/wp\/v2\/types\/product"}],"replies":[{"embeddable":true,"href":"https:\/\/qingdaohf.com\/ro\/wp-json\/wp\/v2\/comments?post=6504"}],"version-history":[{"count":3,"href":"https:\/\/qingdaohf.com\/ro\/wp-json\/wp\/v2\/product\/6504\/revisions"}],"predecessor-version":[{"id":8947,"href":"https:\/\/qingdaohf.com\/ro\/wp-json\/wp\/v2\/product\/6504\/revisions\/8947"}],"wp:featuredmedia":[{"embeddable":true,"href":"https:\/\/qingdaohf.com\/ro\/wp-json\/wp\/v2\/media\/6506"}],"wp:attachment":[{"href":"https:\/\/qingdaohf.com\/ro\/wp-json\/wp\/v2\/media?parent=6504"}],"wp:term":[{"taxonomy":"product_brand","embeddable":true,"href":"https:\/\/qingdaohf.com\/ro\/wp-json\/wp\/v2\/product_brand?post=6504"},{"taxonomy":"product_cat","embeddable":true,"href":"https:\/\/qingdaohf.com\/ro\/wp-json\/wp\/v2\/product_cat?post=6504"},{"taxonomy":"product_tag","embeddable":true,"href":"https:\/\/qingdaohf.com\/ro\/wp-json\/wp\/v2\/product_tag?post=6504"}],"curies":[{"name":"wp","href":"https:\/\/api.w.org\/{rel}","templated":true}]}}