{"id":7163,"date":"2024-05-20T13:42:36","date_gmt":"2024-05-20T05:42:36","guid":{"rendered":"http:\/\/qingdaohf.com\/?post_type=product&#038;p=7163"},"modified":"2025-11-13T09:03:16","modified_gmt":"2025-11-13T01:03:16","slug":"aluminum-form-wall-ties","status":"publish","type":"product","link":"https:\/\/qingdaohf.com\/ro\/produs\/legaturi-de-perete-cu-forma-de-aluminiu\/","title":{"rendered":"Aluminiu Form\u0103 de perete Ties"},"content":{"rendered":"<p>Leg\u0103turile de aluminiu pentru cofraje joac\u0103 un rol esen\u021bial \u00een construc\u021bia cofrajelor de beton, \u00een special atunci c\u00e2nd precizia \u0219i durabilitatea sunt primordiale. Aceste leg\u0103turi men\u021bin cofrajele \u00een pozi\u021bie \u00een timpul procesului de turnare a betonului, asigur\u00e2ndu-se c\u0103 acestea \u00ee\u0219i men\u021bin forma \u0219i alinierea dorite. Ca urmare, ele contribuie la garantarea integrit\u0103\u021bii structurale \u0219i a uniformit\u0103\u021bii pere\u021bilor \u0219i coloanelor de beton. Leg\u0103turile pentru cofraje pot varia \u00een func\u021bie de material, dar aluminiul se remarc\u0103 datorit\u0103 combina\u021biei sale de rezisten\u021b\u0103, greutate redus\u0103 \u0219i rezisten\u021b\u0103 la coroziune. La Qingdao H&amp;F, furniz\u0103m leg\u0103turi pentru cofraje din aluminiu de \u00eenalt\u0103 calitate, adaptate nevoilor industriei construc\u021biilor, asigur\u00e2ndu-ne c\u0103 proiectele dvs. sunt finalizate eficient \u0219i \u00een siguran\u021b\u0103.<\/p>\n<h3><strong>De ce aluminiu pentru leg\u0103turile de form\u0103?<\/strong><\/h3>\n<p>Utilizarea aluminiului \u00een leg\u0103turile de form\u0103 a crescut datorit\u0103 propriet\u0103\u021bilor sale unice care \u00eel fac potrivit pentru mediile de construc\u021bie solicitante. Aluminiul este u\u0219or, dar puternic, ceea ce \u00eel face u\u0219or de manevrat pe \u0219antier f\u0103r\u0103 a compromite performan\u021ba. Acest lucru este deosebit de benefic atunci c\u00e2nd sunt necesare volume mari de leg\u0103turi sau c\u00e2nd lucr\u0103torii trebuie s\u0103 gestioneze volume mari de munc\u0103. Spre deosebire de alte materiale, cum ar fi o\u021belul, u\u0219urin\u021ba aluminiului reduce tensiunea \u00een timpul manipul\u0103rii \u0219i instal\u0103rii.<\/p>\n<p>Rezisten\u021ba la coroziune este un alt avantaj semnificativ. Tiran\u021bii de cofrare sunt expu\u0219i la umiditate \u0219i la diverse substan\u021be chimice din amestecul de beton. Aluminiul rezist\u0103 \u00een mod natural la rugin\u0103 \u0219i la alte forme de coroziune, ceea ce prelunge\u0219te durata de via\u021b\u0103 a leg\u0103turilor pentru cofraje \u0219i reduce nevoia de \u00eenlocuiri frecvente. Aceast\u0103 durabilitate se traduce prin economii de costuri pe termen lung pentru companii, \u00een special \u00een cazul proiectelor de anvergur\u0103 \u00een care minimizarea timpilor mor\u021bi \u0219i a \u00eentre\u021binerii este crucial\u0103.<\/p>\n<h3><strong>Eficien\u021b\u0103 \u0219i rentabilitate \u00een construc\u021bii<\/strong><\/h3>\n<p>Eficien\u021ba este piatra de temelie a proiectelor de construc\u021bii de succes, iar leg\u0103turile pentru cofraje contribuie la acest obiectiv prin asigurarea faptului c\u0103 cofrajele r\u0103m\u00e2n la locul lor, prevenind gre\u0219elile costisitoare. Cofrajele prost aliniate sau slab fixate pot duce la probleme structurale \u00een beton, ceea ce duce la \u00eent\u00e2rzieri, risip\u0103 de materiale \u0219i rezultate poten\u021bial nesigure. Leg\u0103turile de aluminiu pentru cofraje nu numai c\u0103 asigur\u0103 un cofraj sigur, dar simplific\u0103 \u0219i procesele de montare \u0219i demontare.<\/p>\n<p>Deoarece leg\u0103turile pentru cofraje din aluminiu sunt reutilizabile, acestea ofer\u0103 economii considerabile \u00een timp. Antreprenorii se confrunt\u0103 adesea cu dilema echilibr\u0103rii costurilor pe termen scurt cu beneficiile pe termen lung, iar investi\u021bia \u00een leg\u0103turi de cofrare durabile \u0219i reutilizabile poate reduce nevoia de \u00eenlocuiri frecvente \u0219i poate reduce costurile totale ale proiectului. \u00cen plus, deoarece leg\u0103turile din aluminiu sunt mai u\u0219oare \u0219i mai u\u0219or de transportat, acestea reduc costurile logistice \u0219i fac opera\u021biunile de pe \u0219antier mai eficiente.<\/p>\n<div class=\"ast-oembed-container\" style=\"height: 100%;\"><iframe title=\"Accesorii pentru cofraje de beton Wedge curbat \u0219i Wedge drept\" width=\"500\" height=\"281\" src=\"https:\/\/www.youtube.com\/embed\/_He4pUDjl1U?feature=oembed\" frameborder=\"0\" allow=\"accelerometer; autoplay; clipboard-write; encrypted-media; gyroscope; picture-in-picture; web-share\" referrerpolicy=\"strict-origin-when-cross-origin\" allowfullscreen><\/iframe><\/div>\n<h3><strong>Sustenabilitatea \u0219i impactul asupra mediului<\/strong><\/h3>\n<p>\u00cen industria modern\u0103 a construc\u021biilor, sustenabilitatea este din ce \u00een ce mai important\u0103, iar cofrajele din aluminiu se aliniaz\u0103 practicilor ecologice. Aluminiul este foarte reciclabil, iar multe produse din aluminiu sunt fabricate din materiale reciclate. Acest lucru reduce cererea de materii prime noi \u0219i minimizeaz\u0103 impactul asupra mediului. La sf\u00e2r\u0219itul ciclului lor de via\u021b\u0103, leg\u0103turile pentru cofraje din aluminiu pot fi topite \u0219i reutilizate f\u0103r\u0103 a-\u0219i pierde propriet\u0103\u021bile inerente, ceea ce le face o alegere sustenabil\u0103 pentru profesioni\u0219tii din construc\u021bii concentra\u021bi pe reducerea amprentei lor de carbon.<\/p>\n<p>\u00cen plus, utilizarea materialelor durabile \u0219i reutilizabile precum aluminiul reduce de\u0219eurile generate pe \u0219antier. Antreprenorii pot reutiliza leg\u0103turile pentru cofraje din aluminiu \u00een cadrul mai multor proiecte, reduc\u00e2nd semnificativ cantitatea de materiale aruncate care, altfel, ar ajunge la depozitele de de\u0219euri. Acest lucru ajut\u0103 companiile de construc\u021bii s\u0103 se alinieze obiectivelor globale de sustenabilitate \u0219i s\u0103 atrag\u0103 clien\u021bii care prioritizeaz\u0103 practicile responsabile fa\u021b\u0103 de mediu.<\/p>\n<h3><strong>Angajamentul Qingdao H&amp;F fa\u021b\u0103 de calitate \u0219i servicii<\/strong><\/h3>\n<p>La Qingdao H&amp;F, \u00een\u021belegem c\u0103 profesioni\u0219tii din construc\u021bii au nevoie de materiale fiabile \u0219i servicii excep\u021bionale pentru a-\u0219i finaliza proiectele la timp \u0219i \u00een limitele bugetului. Leg\u0103turile noastre de aluminiu pentru cofraje sunt fabricate cu standarde stricte de control al calit\u0103\u021bii, asigur\u00e2nd performan\u021be constante \u0219i durabilitate. Suntem m\u00e2ndri s\u0103 oferim nu numai produse de \u00eenalt\u0103 calitate, ci \u0219i pre\u021buri competitive, permi\u021b\u00e2nd clien\u021bilor no\u0219tri s\u0103 beneficieze at\u00e2t de accesibilitate, c\u00e2t \u0219i de excelen\u021b\u0103.<\/p>\n<p>Recunoa\u0219tem c\u0103 fiecare proiect este unic, iar echipa noastr\u0103 ofer\u0103 servicii personalizate clien\u021bilor pentru a se asigura c\u0103 primi\u021bi cele mai bune produse pentru nevoile dumneavoastr\u0103 specifice. De la a v\u0103 ajuta s\u0103 alege\u021bi tipul potrivit de leg\u0103turi pentru cofraje din aluminiu p\u00e2n\u0103 la furnizarea de asisten\u021b\u0103 continu\u0103 pe parcursul proiectului dumneavoastr\u0103, ne angaj\u0103m s\u0103 v\u0103 facem experien\u021ba de cump\u0103rare u\u0219oar\u0103 \u0219i eficient\u0103. Cu o istorie de 20 de ani de servire a industriei construc\u021biilor, Qingdao H&amp;F \u0219i-a c\u00e2\u0219tigat o reputa\u021bie pentru fiabilitate, \u00eencredere \u0219i satisfac\u021bia clien\u021bilor.<\/p>\n<h3><strong>Concluzie: De ce cordoane din aluminiu de la Qingdao H&amp;F?<\/strong><\/h3>\n<p>Alegerea leg\u0103turilor de cofrare potrivite este esen\u021bial\u0103 pentru asigurarea succesului proiectelor dvs. de construc\u021bii, iar leg\u0103turile de cofrare din aluminiu ofer\u0103 o combina\u021bie de rezisten\u021b\u0103, durabilitate \u0219i rentabilitate pe care pu\u021bine alte materiale o pot egala. La Qingdao H&amp;F, oferim leg\u0103turi pentru cofraje din aluminiu de calitate superioar\u0103 care \u00eendeplinesc nevoile construc\u021biilor moderne, asigur\u00e2ndu-ne c\u0103 proiectele dvs. sunt construite pentru a dura. Cu accentul nostru pe calitate, pre\u021buri competitive \u0219i servicii pentru clien\u021bi de neegalat, suntem partenerul dumneavoastr\u0103 de \u00eencredere \u00een atingerea excelen\u021bei \u00een construc\u021bii. Fie c\u0103 lucra\u021bi la un proiect la scar\u0103 mic\u0103 sau la o dezvoltare major\u0103 a infrastructurii, leg\u0103turile noastre pentru cofraje din aluminiu v\u0103 vor ajuta s\u0103 ob\u021bine\u021bi rezultate optime, de fiecare dat\u0103.<\/p>","protected":false},"excerpt":{"rendered":"<p><strong>Ob\u021bine\u021bi dimensiuni precise ale pere\u021bilor de beton \u0219i asigura\u021bi integritatea structural\u0103<\/strong> cu leg\u0103turile de perete pentru cofraje din aluminiu, o component\u0103 vital\u0103 \u00een sistemele de cofraje din aluminiu. Aceste leg\u0103turi lucreaz\u0103 \u00eempreun\u0103 cu \u0219tifturile de cofrare din aluminiu \u0219i cu pene de cofrare din aluminiu pentru a crea un sistem de cofrare a pere\u021bilor robust \u0219i eficient.Leg\u0103turile de perete pentru cofraje din aluminiu sunt disponibile \u00eentr-o gam\u0103 de <strong>Grosimea peretelui Dimensiuni<\/strong> pentru a se potrivi diferitelor modele de pere\u021bi din beton. Dimensiunile comune includ <strong>6\" - 24\"<\/strong>, permi\u021b\u00e2ndu-v\u0103 s\u0103 construi\u021bi cu u\u0219urin\u021b\u0103 pere\u021bi de diferite grosimi.<\/p>","protected":false},"featured_media":7168,"comment_status":"open","ping_status":"closed","template":"","meta":{"site-sidebar-layout":"default","site-content-layout":"","ast-site-content-layout":"default","site-content-style":"default","site-sidebar-style":"default","ast-global-header-display":"","ast-banner-title-visibility":"","ast-main-header-display":"","ast-hfb-above-header-display":"","ast-hfb-below-header-display":"","ast-hfb-mobile-header-display":"","site-post-title":"","ast-breadcrumbs-content":"","ast-featured-img":"","footer-sml-layout":"","theme-transparent-header-meta":"default","adv-header-id-meta":"","stick-header-meta":"default","header-above-stick-meta":"","header-main-stick-meta":"","header-below-stick-meta":"","astra-migrate-meta-layouts":"set","ast-page-background-enabled":"default","ast-page-background-meta":{"desktop":{"background-color":"","background-image":"","background-repeat":"repeat","background-position":"center center","background-size":"auto","background-attachment":"scroll","background-type":"","background-media":"","overlay-type":"","overlay-color":"","overlay-opacity":"","overlay-gradient":""},"tablet":{"background-color":"","background-image":"","background-repeat":"repeat","background-position":"center center","background-size":"auto","background-attachment":"scroll","background-type":"","background-media":"","overlay-type":"","overlay-color":"","overlay-opacity":"","overlay-gradient":""},"mobile":{"background-color":"","background-image":"","background-repeat":"repeat","background-position":"center center","background-size":"auto","background-attachment":"scroll","background-type":"","background-media":"","overlay-type":"","overlay-color":"","overlay-opacity":"","overlay-gradient":""}},"ast-content-background-meta":{"desktop":{"background-color":"var(--ast-global-color-5)","background-image":"","background-repeat":"repeat","background-position":"center center","background-size":"auto","background-attachment":"scroll","background-type":"","background-media":"","overlay-type":"","overlay-color":"","overlay-opacity":"","overlay-gradient":""},"tablet":{"background-color":"var(--ast-global-color-5)","background-image":"","background-repeat":"repeat","background-position":"center center","background-size":"auto","background-attachment":"scroll","background-type":"","background-media":"","overlay-type":"","overlay-color":"","overlay-opacity":"","overlay-gradient":""},"mobile":{"background-color":"var(--ast-global-color-5)","background-image":"","background-repeat":"repeat","background-position":"center center","background-size":"auto","background-attachment":"scroll","background-type":"","background-media":"","overlay-type":"","overlay-color":"","overlay-opacity":"","overlay-gradient":""}}},"product_brand":[],"product_cat":[65],"product_tag":[],"class_list":{"0":"post-7163","1":"product","2":"type-product","3":"status-publish","4":"has-post-thumbnail","6":"product_cat-aluminum-form-tie","7":"desktop-align-left","8":"tablet-align-left","9":"mobile-align-left","10":"ast-product-gallery-layout-horizontal-slider","11":"ast-product-tabs-layout-horizontal","13":"first","14":"instock","15":"shipping-taxable","16":"purchasable","17":"product-type-simple"},"yoast_head":"<!-- This site is optimized with the Yoast SEO plugin v25.2 - https:\/\/yoast.com\/wordpress\/plugins\/seo\/ -->\n<title>Aluminum Form Wall Ties<\/title>\n<meta name=\"description\" content=\"Aluminum Form Wall Ties are available in a range of Wall Thickness Sizes to accommodate various concrete wall designs. Common sizes include 6\u201d - 24\u201d.\" \/>\n<meta name=\"robots\" content=\"index, follow, max-snippet:-1, max-image-preview:large, max-video-preview:-1\" \/>\n<link rel=\"canonical\" href=\"https:\/\/qingdaohf.com\/ro\/produs\/legaturi-de-perete-cu-forma-de-aluminiu\/\" \/>\n<meta property=\"og:locale\" content=\"ro_RO\" \/>\n<meta property=\"og:type\" content=\"article\" \/>\n<meta property=\"og:title\" content=\"Aluminum Form Wall Ties\" \/>\n<meta property=\"og:description\" content=\"Aluminum Form Wall Ties are available in a range of Wall Thickness Sizes to accommodate various concrete wall designs. Common sizes include 6\u201d - 24\u201d.\" \/>\n<meta property=\"og:url\" content=\"https:\/\/qingdaohf.com\/ro\/produs\/legaturi-de-perete-cu-forma-de-aluminiu\/\" \/>\n<meta property=\"og:site_name\" content=\"Concrete Form &amp; Rigging Hardware Supplier\" \/>\n<meta property=\"article:publisher\" content=\"https:\/\/www.facebook.com\/qingdaohf\" \/>\n<meta property=\"article:modified_time\" content=\"2025-11-13T01:03:16+00:00\" \/>\n<meta property=\"og:image\" content=\"https:\/\/qingdaohf.com\/wp-content\/uploads\/2024\/05\/Aluminum-Form-Wall-Ties-1.jpg\" \/>\n\t<meta property=\"og:image:width\" content=\"1000\" \/>\n\t<meta property=\"og:image:height\" content=\"1000\" \/>\n\t<meta property=\"og:image:type\" content=\"image\/jpeg\" \/>\n<meta name=\"twitter:card\" content=\"summary_large_image\" \/>\n<meta name=\"twitter:label1\" content=\"Timp estimat pentru citire\" \/>\n\t<meta name=\"twitter:data1\" content=\"4 minute\" \/>\n<script type=\"application\/ld+json\" class=\"yoast-schema-graph\">{\"@context\":\"https:\/\/schema.org\",\"@graph\":[{\"@type\":\"WebPage\",\"@id\":\"https:\/\/qingdaohf.com\/product\/aluminum-form-wall-ties\/\",\"url\":\"https:\/\/qingdaohf.com\/product\/aluminum-form-wall-ties\/\",\"name\":\"Aluminum Form Wall Ties\",\"isPartOf\":{\"@id\":\"https:\/\/qingdaohf.com\/bg\/#website\"},\"primaryImageOfPage\":{\"@id\":\"https:\/\/qingdaohf.com\/product\/aluminum-form-wall-ties\/#primaryimage\"},\"image\":{\"@id\":\"https:\/\/qingdaohf.com\/product\/aluminum-form-wall-ties\/#primaryimage\"},\"thumbnailUrl\":\"https:\/\/qingdaohf.com\/wp-content\/uploads\/2024\/05\/Aluminum-Form-Wall-Ties-1.jpg\",\"datePublished\":\"2024-05-20T05:42:36+00:00\",\"dateModified\":\"2025-11-13T01:03:16+00:00\",\"description\":\"Aluminum Form Wall Ties are available in a range of Wall Thickness Sizes to accommodate various concrete wall designs. Common sizes include 6\u201d - 24\u201d.\",\"breadcrumb\":{\"@id\":\"https:\/\/qingdaohf.com\/product\/aluminum-form-wall-ties\/#breadcrumb\"},\"inLanguage\":\"ro-RO\",\"potentialAction\":[{\"@type\":\"ReadAction\",\"target\":[\"https:\/\/qingdaohf.com\/product\/aluminum-form-wall-ties\/\"]}]},{\"@type\":\"ImageObject\",\"inLanguage\":\"ro-RO\",\"@id\":\"https:\/\/qingdaohf.com\/product\/aluminum-form-wall-ties\/#primaryimage\",\"url\":\"https:\/\/qingdaohf.com\/wp-content\/uploads\/2024\/05\/Aluminum-Form-Wall-Ties-1.jpg\",\"contentUrl\":\"https:\/\/qingdaohf.com\/wp-content\/uploads\/2024\/05\/Aluminum-Form-Wall-Ties-1.jpg\",\"width\":1000,\"height\":1000,\"caption\":\"Aluminum Form Wall Ties\"},{\"@type\":\"BreadcrumbList\",\"@id\":\"https:\/\/qingdaohf.com\/product\/aluminum-form-wall-ties\/#breadcrumb\",\"itemListElement\":[{\"@type\":\"ListItem\",\"position\":1,\"name\":\"Home\",\"item\":\"https:\/\/qingdaohf.com\/\"},{\"@type\":\"ListItem\",\"position\":2,\"name\":\"Concrete Forming Accessories and Rigging Hardware\",\"item\":\"https:\/\/qingdaohf.com\/bg\/?page_id=944\"},{\"@type\":\"ListItem\",\"position\":3,\"name\":\"Aluminum Form Wall Ties\"}]},{\"@type\":\"WebSite\",\"@id\":\"https:\/\/qingdaohf.com\/bg\/#website\",\"url\":\"https:\/\/qingdaohf.com\/bg\/\",\"name\":\"Concrete Form & Rigging Hardware Supplier\",\"description\":\"\",\"publisher\":{\"@id\":\"https:\/\/qingdaohf.com\/bg\/#organization\"},\"potentialAction\":[{\"@type\":\"SearchAction\",\"target\":{\"@type\":\"EntryPoint\",\"urlTemplate\":\"https:\/\/qingdaohf.com\/bg\/?s={search_term_string}\"},\"query-input\":{\"@type\":\"PropertyValueSpecification\",\"valueRequired\":true,\"valueName\":\"search_term_string\"}}],\"inLanguage\":\"ro-RO\"},{\"@type\":\"Organization\",\"@id\":\"https:\/\/qingdaohf.com\/bg\/#organization\",\"name\":\"Qingdao H&F\",\"url\":\"https:\/\/qingdaohf.com\/bg\/\",\"logo\":{\"@type\":\"ImageObject\",\"inLanguage\":\"ro-RO\",\"@id\":\"https:\/\/qingdaohf.com\/bg\/#\/schema\/logo\/image\/\",\"url\":\"https:\/\/qingdaohf.com\/wp-content\/uploads\/2022\/12\/cropped-HF-LOGO.png\",\"contentUrl\":\"https:\/\/qingdaohf.com\/wp-content\/uploads\/2022\/12\/cropped-HF-LOGO.png\",\"width\":391,\"height\":249,\"caption\":\"Qingdao H&F\"},\"image\":{\"@id\":\"https:\/\/qingdaohf.com\/bg\/#\/schema\/logo\/image\/\"},\"sameAs\":[\"https:\/\/www.facebook.com\/qingdaohf\"]}]}<\/script>\n<!-- \/ Yoast SEO plugin. -->","yoast_head_json":{"title":"Aluminum Form Wall Ties","description":"Aluminum Form Wall Ties are available in a range of Wall Thickness Sizes to accommodate various concrete wall designs. Common sizes include 6\u201d - 24\u201d.","robots":{"index":"index","follow":"follow","max-snippet":"max-snippet:-1","max-image-preview":"max-image-preview:large","max-video-preview":"max-video-preview:-1"},"canonical":"https:\/\/qingdaohf.com\/ro\/produs\/legaturi-de-perete-cu-forma-de-aluminiu\/","og_locale":"ro_RO","og_type":"article","og_title":"Aluminum Form Wall Ties","og_description":"Aluminum Form Wall Ties are available in a range of Wall Thickness Sizes to accommodate various concrete wall designs. Common sizes include 6\u201d - 24\u201d.","og_url":"https:\/\/qingdaohf.com\/ro\/produs\/legaturi-de-perete-cu-forma-de-aluminiu\/","og_site_name":"Concrete Form &amp; Rigging Hardware Supplier","article_publisher":"https:\/\/www.facebook.com\/qingdaohf","article_modified_time":"2025-11-13T01:03:16+00:00","og_image":[{"width":1000,"height":1000,"url":"https:\/\/qingdaohf.com\/wp-content\/uploads\/2024\/05\/Aluminum-Form-Wall-Ties-1.jpg","type":"image\/jpeg"}],"twitter_card":"summary_large_image","twitter_misc":{"Timp estimat pentru citire":"4 minute"},"schema":{"@context":"https:\/\/schema.org","@graph":[{"@type":"WebPage","@id":"https:\/\/qingdaohf.com\/product\/aluminum-form-wall-ties\/","url":"https:\/\/qingdaohf.com\/product\/aluminum-form-wall-ties\/","name":"Aluminum Form Wall Ties","isPartOf":{"@id":"https:\/\/qingdaohf.com\/bg\/#website"},"primaryImageOfPage":{"@id":"https:\/\/qingdaohf.com\/product\/aluminum-form-wall-ties\/#primaryimage"},"image":{"@id":"https:\/\/qingdaohf.com\/product\/aluminum-form-wall-ties\/#primaryimage"},"thumbnailUrl":"https:\/\/qingdaohf.com\/wp-content\/uploads\/2024\/05\/Aluminum-Form-Wall-Ties-1.jpg","datePublished":"2024-05-20T05:42:36+00:00","dateModified":"2025-11-13T01:03:16+00:00","description":"Aluminum Form Wall Ties are available in a range of Wall Thickness Sizes to accommodate various concrete wall designs. Common sizes include 6\u201d - 24\u201d.","breadcrumb":{"@id":"https:\/\/qingdaohf.com\/product\/aluminum-form-wall-ties\/#breadcrumb"},"inLanguage":"ro-RO","potentialAction":[{"@type":"ReadAction","target":["https:\/\/qingdaohf.com\/product\/aluminum-form-wall-ties\/"]}]},{"@type":"ImageObject","inLanguage":"ro-RO","@id":"https:\/\/qingdaohf.com\/product\/aluminum-form-wall-ties\/#primaryimage","url":"https:\/\/qingdaohf.com\/wp-content\/uploads\/2024\/05\/Aluminum-Form-Wall-Ties-1.jpg","contentUrl":"https:\/\/qingdaohf.com\/wp-content\/uploads\/2024\/05\/Aluminum-Form-Wall-Ties-1.jpg","width":1000,"height":1000,"caption":"Aluminum Form Wall Ties"},{"@type":"BreadcrumbList","@id":"https:\/\/qingdaohf.com\/product\/aluminum-form-wall-ties\/#breadcrumb","itemListElement":[{"@type":"ListItem","position":1,"name":"Home","item":"https:\/\/qingdaohf.com\/"},{"@type":"ListItem","position":2,"name":"Concrete Forming Accessories and Rigging Hardware","item":"https:\/\/qingdaohf.com\/bg\/?page_id=944"},{"@type":"ListItem","position":3,"name":"Aluminum Form Wall Ties"}]},{"@type":"WebSite","@id":"https:\/\/qingdaohf.com\/bg\/#website","url":"https:\/\/qingdaohf.com\/bg\/","name":"Concrete Form & Rigging Hardware Supplier","description":"","publisher":{"@id":"https:\/\/qingdaohf.com\/bg\/#organization"},"potentialAction":[{"@type":"SearchAction","target":{"@type":"EntryPoint","urlTemplate":"https:\/\/qingdaohf.com\/bg\/?s={search_term_string}"},"query-input":{"@type":"PropertyValueSpecification","valueRequired":true,"valueName":"search_term_string"}}],"inLanguage":"ro-RO"},{"@type":"Organization","@id":"https:\/\/qingdaohf.com\/bg\/#organization","name":"Qingdao H&F","url":"https:\/\/qingdaohf.com\/bg\/","logo":{"@type":"ImageObject","inLanguage":"ro-RO","@id":"https:\/\/qingdaohf.com\/bg\/#\/schema\/logo\/image\/","url":"https:\/\/qingdaohf.com\/wp-content\/uploads\/2022\/12\/cropped-HF-LOGO.png","contentUrl":"https:\/\/qingdaohf.com\/wp-content\/uploads\/2022\/12\/cropped-HF-LOGO.png","width":391,"height":249,"caption":"Qingdao H&F"},"image":{"@id":"https:\/\/qingdaohf.com\/bg\/#\/schema\/logo\/image\/"},"sameAs":["https:\/\/www.facebook.com\/qingdaohf"]}]}},"_links":{"self":[{"href":"https:\/\/qingdaohf.com\/ro\/wp-json\/wp\/v2\/product\/7163","targetHints":{"allow":["GET"]}}],"collection":[{"href":"https:\/\/qingdaohf.com\/ro\/wp-json\/wp\/v2\/product"}],"about":[{"href":"https:\/\/qingdaohf.com\/ro\/wp-json\/wp\/v2\/types\/product"}],"replies":[{"embeddable":true,"href":"https:\/\/qingdaohf.com\/ro\/wp-json\/wp\/v2\/comments?post=7163"}],"version-history":[{"count":3,"href":"https:\/\/qingdaohf.com\/ro\/wp-json\/wp\/v2\/product\/7163\/revisions"}],"predecessor-version":[{"id":8094,"href":"https:\/\/qingdaohf.com\/ro\/wp-json\/wp\/v2\/product\/7163\/revisions\/8094"}],"wp:featuredmedia":[{"embeddable":true,"href":"https:\/\/qingdaohf.com\/ro\/wp-json\/wp\/v2\/media\/7168"}],"wp:attachment":[{"href":"https:\/\/qingdaohf.com\/ro\/wp-json\/wp\/v2\/media?parent=7163"}],"wp:term":[{"taxonomy":"product_brand","embeddable":true,"href":"https:\/\/qingdaohf.com\/ro\/wp-json\/wp\/v2\/product_brand?post=7163"},{"taxonomy":"product_cat","embeddable":true,"href":"https:\/\/qingdaohf.com\/ro\/wp-json\/wp\/v2\/product_cat?post=7163"},{"taxonomy":"product_tag","embeddable":true,"href":"https:\/\/qingdaohf.com\/ro\/wp-json\/wp\/v2\/product_tag?post=7163"}],"curies":[{"name":"wp","href":"https:\/\/api.w.org\/{rel}","templated":true}]}}