{"id":7198,"date":"2024-05-21T14:50:13","date_gmt":"2024-05-21T06:50:13","guid":{"rendered":"http:\/\/qingdaohf.com\/?post_type=product&#038;p=7198"},"modified":"2025-11-13T09:03:16","modified_gmt":"2025-11-13T01:03:16","slug":"double-waler-bracket","status":"publish","type":"product","link":"https:\/\/qingdaohf.com\/ro\/produs\/suport-dublu-waler\/","title":{"rendered":"Suport dublu Waler"},"content":{"rendered":"<p>V\u0103 prezent\u0103m suportul dublu Waler de la H&amp;F, solu\u021bia dvs. pentru cofraje de beton de \u00eenalt\u0103 rezisten\u021b\u0103 \u0219i fiabile. Conceput pentru a oferi suport \u0219i stabilitate excep\u021bionale, suportul nostru Double Waler Bracket este o component\u0103 esen\u021bial\u0103 pentru orice proiect de construc\u021bie care necesit\u0103 structuri din beton armat. Fabricat din materiale de calitate superioar\u0103, acest suport asigur\u0103 durabilitate \u0219i performan\u021b\u0103 \u00eendelungat\u0103, devenind un accesoriu valoros pentru trusa dvs. de scule pentru construc\u021bii.<\/p>\n<p>Suportul nostru dublu Waler este proiectat de exper\u021bi pentru a func\u021biona perfect cu leg\u0103turile instantanee, oferind o conexiune robust\u0103 \u0219i sigur\u0103 care spore\u0219te stabilitatea general\u0103 a sistemului dvs. de cofrare. Indiferent dac\u0103 lucra\u021bi la proiecte de construc\u021bii comerciale, reziden\u021biale sau industriale, suportul nostru este proiectat s\u0103 \u00eendeplineasc\u0103 cele mai \u00eenalte standarde de siguran\u021b\u0103 \u0219i eficien\u021b\u0103.<\/p>\n<p><strong>Caracteristici principale:<\/strong><\/p>\n<ul>\n<li><strong>Material de \u00eenalt\u0103 rezisten\u021b\u0103:<\/strong> Fabricat din o\u021bel de \u00eenalt\u0103 calitate pentru durabilitate maxim\u0103 \u0219i capacitate portant\u0103.<\/li>\n<li><strong>Acoperire rezistent\u0103 la coroziune:<\/strong> Dispune de un strat protector pentru a rezista condi\u021biilor de mediu dificile.<\/li>\n<li><strong>Instalare u\u0219oar\u0103:<\/strong> Designul u\u0219or de utilizat permite configurarea rapid\u0103 \u0219i f\u0103r\u0103 complica\u021bii, economisind timp \u0219i costuri de manoper\u0103.<\/li>\n<li><strong>Aplica\u021bie versatil\u0103:<\/strong> Potrivit pentru o gam\u0103 larg\u0103 de aplica\u021bii de cofrare a betonului, inclusiv pere\u021bi, funda\u021bii \u0219i coloane.<\/li>\n<li><strong>Stabilitate sporit\u0103:<\/strong> Ofer\u0103 un suport superior atunci c\u00e2nd este utilizat cu leg\u0103turi de fixare, asigur\u00e2nd c\u0103 cofrajul dvs. r\u0103m\u00e2ne bine fixat \u00een pozi\u021bie.<\/li>\n<\/ul>\n<h3>Despre produs \u0219i aplica\u021bii<\/h3>\n<p><strong>Ce este un suport Waler dublu?<\/strong> Suportul dublu este o component\u0103 esen\u021bial\u0103 a sistemului de cofrare a betonului. Acesta este utilizat pentru a consolida \u0219i stabiliza cofrajul, asigur\u00e2ndu-se c\u0103 acesta poate rezista presiunii exercitate de betonul umed. Acest suport este conceput pentru a men\u021bine \u00een pozi\u021bie dou\u0103 pere\u021bi (suporturi orizontale), oferind rezisten\u021b\u0103 \u0219i rigiditate suplimentare structurii cofrajului.<\/p>\n<p><strong>Aplica\u021bii:<\/strong><\/p>\n<ul>\n<li><strong>Cofraje de perete:<\/strong> Ideal pentru utilizarea \u00een crearea unor forme de perete puternice \u0219i stabile.<\/li>\n<li><strong>Cofraje pentru funda\u021bii:<\/strong> Asigur\u0103 integritatea \u0219i durabilitatea structurilor de funda\u021bie.<\/li>\n<li><strong>Cofrajul st\u00e2lpilor:<\/strong> Ofer\u0103 un suport fiabil pentru sistemele de cofrare a st\u00e2lpilor.<\/li>\n<\/ul>\n<p><strong>Utilizarea suportului Waler dublu cu leg\u0103turi Snap Ties:<\/strong> Leg\u0103turile de fixare sunt esen\u021biale pentru men\u021binerea distan\u021bei dintre panourile de cofrare \u0219i pentru prevenirea bomb\u0103rii acestora sub presiunea betonului. Atunci c\u00e2nd sunt utilizate \u00eempreun\u0103 cu suporturile pentru pere\u021bi dubli, leg\u0103turile rapide asigur\u0103 un sistem de cofrare sigur \u0219i stabil. Leg\u0103turile instantanee sunt introduse prin cofraj \u0219i fixate cu suportul cu pere\u021bi dubli, ceea ce ajut\u0103 la distribuirea sarcinii \u0219i la men\u021binerea panourilor de cofraj aliniate \u0219i stabile \u00een timpul procesului de turnare a betonului.<\/p>\n<h3>De ce s\u0103 alege\u021bi H&amp;F?<\/h3>\n<p>La H&amp;F, suntem dedica\u021bi furniz\u0103rii de produse de construc\u021bie de \u00eenalt\u0103 calitate care \u00eendeplinesc cerin\u021bele clien\u021bilor no\u0219tri. Suportul nostru dublu Waler este fabricat la cele mai \u00eenalte standarde, asigur\u00e2nd fiabilitate \u0219i performan\u021b\u0103 pe fiecare \u0219antier. Oferim pre\u021buri competitive, servicii excep\u021bionale pentru clien\u021bi \u0219i termene de livrare rapide pentru a v\u0103 respecta termenele limit\u0103 ale proiectului.<\/p>","protected":false},"excerpt":{"rendered":"<p>\u00cembun\u0103t\u0103\u021bi\u021bi cofrajul dvs. de beton cu suportul Waler dublu. Proiectat pentru rezisten\u021b\u0103 ridicat\u0103 \u0219i instalare u\u0219oar\u0103, acest suport asigur\u0103 un suport sigur \u0219i stabil pentru proiectele dvs. de construc\u021bie. Perfect pentru utilizarea cu leg\u0103turi instantanee, acesta ofer\u0103 durabilitate \u0219i performan\u021b\u0103 superioare.<\/p>","protected":false},"featured_media":7227,"comment_status":"open","ping_status":"closed","template":"","meta":{"site-sidebar-layout":"default","site-content-layout":"","ast-site-content-layout":"default","site-content-style":"default","site-sidebar-style":"default","ast-global-header-display":"","ast-banner-title-visibility":"","ast-main-header-display":"","ast-hfb-above-header-display":"","ast-hfb-below-header-display":"","ast-hfb-mobile-header-display":"","site-post-title":"","ast-breadcrumbs-content":"","ast-featured-img":"","footer-sml-layout":"","theme-transparent-header-meta":"default","adv-header-id-meta":"","stick-header-meta":"default","header-above-stick-meta":"","header-main-stick-meta":"","header-below-stick-meta":"","astra-migrate-meta-layouts":"set","ast-page-background-enabled":"default","ast-page-background-meta":{"desktop":{"background-color":"","background-image":"","background-repeat":"repeat","background-position":"center center","background-size":"auto","background-attachment":"scroll","background-type":"","background-media":"","overlay-type":"","overlay-color":"","overlay-opacity":"","overlay-gradient":""},"tablet":{"background-color":"","background-image":"","background-repeat":"repeat","background-position":"center center","background-size":"auto","background-attachment":"scroll","background-type":"","background-media":"","overlay-type":"","overlay-color":"","overlay-opacity":"","overlay-gradient":""},"mobile":{"background-color":"","background-image":"","background-repeat":"repeat","background-position":"center center","background-size":"auto","background-attachment":"scroll","background-type":"","background-media":"","overlay-type":"","overlay-color":"","overlay-opacity":"","overlay-gradient":""}},"ast-content-background-meta":{"desktop":{"background-color":"var(--ast-global-color-5)","background-image":"","background-repeat":"repeat","background-position":"center center","background-size":"auto","background-attachment":"scroll","background-type":"","background-media":"","overlay-type":"","overlay-color":"","overlay-opacity":"","overlay-gradient":""},"tablet":{"background-color":"var(--ast-global-color-5)","background-image":"","background-repeat":"repeat","background-position":"center center","background-size":"auto","background-attachment":"scroll","background-type":"","background-media":"","overlay-type":"","overlay-color":"","overlay-opacity":"","overlay-gradient":""},"mobile":{"background-color":"var(--ast-global-color-5)","background-image":"","background-repeat":"repeat","background-position":"center center","background-size":"auto","background-attachment":"scroll","background-type":"","background-media":"","overlay-type":"","overlay-color":"","overlay-opacity":"","overlay-gradient":""}}},"product_brand":[],"product_cat":[28],"product_tag":[],"class_list":{"0":"post-7198","1":"product","2":"type-product","3":"status-publish","4":"has-post-thumbnail","6":"product_cat-concrete-forming","7":"desktop-align-left","8":"tablet-align-left","9":"mobile-align-left","10":"ast-product-gallery-layout-horizontal-slider","11":"ast-product-tabs-layout-horizontal","13":"first","14":"instock","15":"shipping-taxable","16":"purchasable","17":"product-type-simple"},"yoast_head":"<!-- This site is optimized with the Yoast SEO plugin v25.2 - https:\/\/yoast.com\/wordpress\/plugins\/seo\/ -->\n<title>Double Waler Bracket<\/title>\n<meta name=\"description\" content=\"Enhance your concrete formwork with Double Waler Bracket. Designed for high strength and easy installation, this bracket ensures secure and stable support for your construction projects.\" \/>\n<meta name=\"robots\" content=\"index, follow, max-snippet:-1, max-image-preview:large, max-video-preview:-1\" \/>\n<link rel=\"canonical\" href=\"https:\/\/qingdaohf.com\/ro\/produs\/suport-dublu-waler\/\" \/>\n<meta property=\"og:locale\" content=\"ro_RO\" \/>\n<meta property=\"og:type\" content=\"article\" \/>\n<meta property=\"og:title\" content=\"Double Waler Bracket\" \/>\n<meta property=\"og:description\" content=\"Enhance your concrete formwork with Double Waler Bracket. Designed for high strength and easy installation, this bracket ensures secure and stable support for your construction projects.\" \/>\n<meta property=\"og:url\" content=\"https:\/\/qingdaohf.com\/ro\/produs\/suport-dublu-waler\/\" \/>\n<meta property=\"og:site_name\" content=\"Concrete Form &amp; Rigging Hardware Supplier\" \/>\n<meta property=\"article:publisher\" content=\"https:\/\/www.facebook.com\/qingdaohf\" \/>\n<meta property=\"article:modified_time\" content=\"2025-11-13T01:03:16+00:00\" \/>\n<meta property=\"og:image\" content=\"https:\/\/qingdaohf.com\/wp-content\/uploads\/2024\/05\/Double-Waler-Bracket.jpe\" \/>\n\t<meta property=\"og:image:width\" content=\"800\" \/>\n\t<meta property=\"og:image:height\" content=\"800\" \/>\n\t<meta property=\"og:image:type\" content=\"image\/jpeg\" \/>\n<meta name=\"twitter:card\" content=\"summary_large_image\" \/>\n<meta name=\"twitter:label1\" content=\"Timp estimat pentru citire\" \/>\n\t<meta name=\"twitter:data1\" content=\"3 minute\" \/>\n<script type=\"application\/ld+json\" class=\"yoast-schema-graph\">{\"@context\":\"https:\/\/schema.org\",\"@graph\":[{\"@type\":\"WebPage\",\"@id\":\"https:\/\/qingdaohf.com\/product\/double-waler-bracket\/\",\"url\":\"https:\/\/qingdaohf.com\/product\/double-waler-bracket\/\",\"name\":\"Double Waler Bracket\",\"isPartOf\":{\"@id\":\"https:\/\/qingdaohf.com\/bg\/#website\"},\"primaryImageOfPage\":{\"@id\":\"https:\/\/qingdaohf.com\/product\/double-waler-bracket\/#primaryimage\"},\"image\":{\"@id\":\"https:\/\/qingdaohf.com\/product\/double-waler-bracket\/#primaryimage\"},\"thumbnailUrl\":\"https:\/\/qingdaohf.com\/wp-content\/uploads\/2024\/05\/Double-Waler-Bracket.jpe\",\"datePublished\":\"2024-05-21T06:50:13+00:00\",\"dateModified\":\"2025-11-13T01:03:16+00:00\",\"description\":\"Enhance your concrete formwork with Double Waler Bracket. Designed for high strength and easy installation, this bracket ensures secure and stable support for your construction projects.\",\"breadcrumb\":{\"@id\":\"https:\/\/qingdaohf.com\/product\/double-waler-bracket\/#breadcrumb\"},\"inLanguage\":\"ro-RO\",\"potentialAction\":[{\"@type\":\"ReadAction\",\"target\":[\"https:\/\/qingdaohf.com\/product\/double-waler-bracket\/\"]}]},{\"@type\":\"ImageObject\",\"inLanguage\":\"ro-RO\",\"@id\":\"https:\/\/qingdaohf.com\/product\/double-waler-bracket\/#primaryimage\",\"url\":\"https:\/\/qingdaohf.com\/wp-content\/uploads\/2024\/05\/Double-Waler-Bracket.jpe\",\"contentUrl\":\"https:\/\/qingdaohf.com\/wp-content\/uploads\/2024\/05\/Double-Waler-Bracket.jpe\",\"width\":800,\"height\":800,\"caption\":\"Double Waler Bracket\"},{\"@type\":\"BreadcrumbList\",\"@id\":\"https:\/\/qingdaohf.com\/product\/double-waler-bracket\/#breadcrumb\",\"itemListElement\":[{\"@type\":\"ListItem\",\"position\":1,\"name\":\"Home\",\"item\":\"https:\/\/qingdaohf.com\/\"},{\"@type\":\"ListItem\",\"position\":2,\"name\":\"Concrete Forming Accessories and Rigging Hardware\",\"item\":\"https:\/\/qingdaohf.com\/bg\/?page_id=944\"},{\"@type\":\"ListItem\",\"position\":3,\"name\":\"Double Waler Bracket\"}]},{\"@type\":\"WebSite\",\"@id\":\"https:\/\/qingdaohf.com\/bg\/#website\",\"url\":\"https:\/\/qingdaohf.com\/bg\/\",\"name\":\"Concrete Form & Rigging Hardware Supplier\",\"description\":\"\",\"publisher\":{\"@id\":\"https:\/\/qingdaohf.com\/bg\/#organization\"},\"potentialAction\":[{\"@type\":\"SearchAction\",\"target\":{\"@type\":\"EntryPoint\",\"urlTemplate\":\"https:\/\/qingdaohf.com\/bg\/?s={search_term_string}\"},\"query-input\":{\"@type\":\"PropertyValueSpecification\",\"valueRequired\":true,\"valueName\":\"search_term_string\"}}],\"inLanguage\":\"ro-RO\"},{\"@type\":\"Organization\",\"@id\":\"https:\/\/qingdaohf.com\/bg\/#organization\",\"name\":\"Qingdao H&F\",\"url\":\"https:\/\/qingdaohf.com\/bg\/\",\"logo\":{\"@type\":\"ImageObject\",\"inLanguage\":\"ro-RO\",\"@id\":\"https:\/\/qingdaohf.com\/bg\/#\/schema\/logo\/image\/\",\"url\":\"https:\/\/qingdaohf.com\/wp-content\/uploads\/2022\/12\/cropped-HF-LOGO.png\",\"contentUrl\":\"https:\/\/qingdaohf.com\/wp-content\/uploads\/2022\/12\/cropped-HF-LOGO.png\",\"width\":391,\"height\":249,\"caption\":\"Qingdao H&F\"},\"image\":{\"@id\":\"https:\/\/qingdaohf.com\/bg\/#\/schema\/logo\/image\/\"},\"sameAs\":[\"https:\/\/www.facebook.com\/qingdaohf\"]}]}<\/script>\n<!-- \/ Yoast SEO plugin. -->","yoast_head_json":{"title":"Double Waler Bracket","description":"Enhance your concrete formwork with Double Waler Bracket. Designed for high strength and easy installation, this bracket ensures secure and stable support for your construction projects.","robots":{"index":"index","follow":"follow","max-snippet":"max-snippet:-1","max-image-preview":"max-image-preview:large","max-video-preview":"max-video-preview:-1"},"canonical":"https:\/\/qingdaohf.com\/ro\/produs\/suport-dublu-waler\/","og_locale":"ro_RO","og_type":"article","og_title":"Double Waler Bracket","og_description":"Enhance your concrete formwork with Double Waler Bracket. Designed for high strength and easy installation, this bracket ensures secure and stable support for your construction projects.","og_url":"https:\/\/qingdaohf.com\/ro\/produs\/suport-dublu-waler\/","og_site_name":"Concrete Form &amp; Rigging Hardware Supplier","article_publisher":"https:\/\/www.facebook.com\/qingdaohf","article_modified_time":"2025-11-13T01:03:16+00:00","og_image":[{"width":800,"height":800,"url":"https:\/\/qingdaohf.com\/wp-content\/uploads\/2024\/05\/Double-Waler-Bracket.jpe","type":"image\/jpeg"}],"twitter_card":"summary_large_image","twitter_misc":{"Timp estimat pentru citire":"3 minute"},"schema":{"@context":"https:\/\/schema.org","@graph":[{"@type":"WebPage","@id":"https:\/\/qingdaohf.com\/product\/double-waler-bracket\/","url":"https:\/\/qingdaohf.com\/product\/double-waler-bracket\/","name":"Double Waler Bracket","isPartOf":{"@id":"https:\/\/qingdaohf.com\/bg\/#website"},"primaryImageOfPage":{"@id":"https:\/\/qingdaohf.com\/product\/double-waler-bracket\/#primaryimage"},"image":{"@id":"https:\/\/qingdaohf.com\/product\/double-waler-bracket\/#primaryimage"},"thumbnailUrl":"https:\/\/qingdaohf.com\/wp-content\/uploads\/2024\/05\/Double-Waler-Bracket.jpe","datePublished":"2024-05-21T06:50:13+00:00","dateModified":"2025-11-13T01:03:16+00:00","description":"Enhance your concrete formwork with Double Waler Bracket. Designed for high strength and easy installation, this bracket ensures secure and stable support for your construction projects.","breadcrumb":{"@id":"https:\/\/qingdaohf.com\/product\/double-waler-bracket\/#breadcrumb"},"inLanguage":"ro-RO","potentialAction":[{"@type":"ReadAction","target":["https:\/\/qingdaohf.com\/product\/double-waler-bracket\/"]}]},{"@type":"ImageObject","inLanguage":"ro-RO","@id":"https:\/\/qingdaohf.com\/product\/double-waler-bracket\/#primaryimage","url":"https:\/\/qingdaohf.com\/wp-content\/uploads\/2024\/05\/Double-Waler-Bracket.jpe","contentUrl":"https:\/\/qingdaohf.com\/wp-content\/uploads\/2024\/05\/Double-Waler-Bracket.jpe","width":800,"height":800,"caption":"Double Waler Bracket"},{"@type":"BreadcrumbList","@id":"https:\/\/qingdaohf.com\/product\/double-waler-bracket\/#breadcrumb","itemListElement":[{"@type":"ListItem","position":1,"name":"Home","item":"https:\/\/qingdaohf.com\/"},{"@type":"ListItem","position":2,"name":"Concrete Forming Accessories and Rigging Hardware","item":"https:\/\/qingdaohf.com\/bg\/?page_id=944"},{"@type":"ListItem","position":3,"name":"Double Waler Bracket"}]},{"@type":"WebSite","@id":"https:\/\/qingdaohf.com\/bg\/#website","url":"https:\/\/qingdaohf.com\/bg\/","name":"Concrete Form & Rigging Hardware Supplier","description":"","publisher":{"@id":"https:\/\/qingdaohf.com\/bg\/#organization"},"potentialAction":[{"@type":"SearchAction","target":{"@type":"EntryPoint","urlTemplate":"https:\/\/qingdaohf.com\/bg\/?s={search_term_string}"},"query-input":{"@type":"PropertyValueSpecification","valueRequired":true,"valueName":"search_term_string"}}],"inLanguage":"ro-RO"},{"@type":"Organization","@id":"https:\/\/qingdaohf.com\/bg\/#organization","name":"Qingdao H&F","url":"https:\/\/qingdaohf.com\/bg\/","logo":{"@type":"ImageObject","inLanguage":"ro-RO","@id":"https:\/\/qingdaohf.com\/bg\/#\/schema\/logo\/image\/","url":"https:\/\/qingdaohf.com\/wp-content\/uploads\/2022\/12\/cropped-HF-LOGO.png","contentUrl":"https:\/\/qingdaohf.com\/wp-content\/uploads\/2022\/12\/cropped-HF-LOGO.png","width":391,"height":249,"caption":"Qingdao H&F"},"image":{"@id":"https:\/\/qingdaohf.com\/bg\/#\/schema\/logo\/image\/"},"sameAs":["https:\/\/www.facebook.com\/qingdaohf"]}]}},"_links":{"self":[{"href":"https:\/\/qingdaohf.com\/ro\/wp-json\/wp\/v2\/product\/7198","targetHints":{"allow":["GET"]}}],"collection":[{"href":"https:\/\/qingdaohf.com\/ro\/wp-json\/wp\/v2\/product"}],"about":[{"href":"https:\/\/qingdaohf.com\/ro\/wp-json\/wp\/v2\/types\/product"}],"replies":[{"embeddable":true,"href":"https:\/\/qingdaohf.com\/ro\/wp-json\/wp\/v2\/comments?post=7198"}],"version-history":[{"count":2,"href":"https:\/\/qingdaohf.com\/ro\/wp-json\/wp\/v2\/product\/7198\/revisions"}],"predecessor-version":[{"id":7233,"href":"https:\/\/qingdaohf.com\/ro\/wp-json\/wp\/v2\/product\/7198\/revisions\/7233"}],"wp:featuredmedia":[{"embeddable":true,"href":"https:\/\/qingdaohf.com\/ro\/wp-json\/wp\/v2\/media\/7227"}],"wp:attachment":[{"href":"https:\/\/qingdaohf.com\/ro\/wp-json\/wp\/v2\/media?parent=7198"}],"wp:term":[{"taxonomy":"product_brand","embeddable":true,"href":"https:\/\/qingdaohf.com\/ro\/wp-json\/wp\/v2\/product_brand?post=7198"},{"taxonomy":"product_cat","embeddable":true,"href":"https:\/\/qingdaohf.com\/ro\/wp-json\/wp\/v2\/product_cat?post=7198"},{"taxonomy":"product_tag","embeddable":true,"href":"https:\/\/qingdaohf.com\/ro\/wp-json\/wp\/v2\/product_tag?post=7198"}],"curies":[{"name":"wp","href":"https:\/\/api.w.org\/{rel}","templated":true}]}}