{"id":7352,"date":"2024-05-27T11:44:05","date_gmt":"2024-05-27T03:44:05","guid":{"rendered":"http:\/\/qingdaohf.com\/?post_type=product&#038;p=7352"},"modified":"2025-11-13T09:03:16","modified_gmt":"2025-11-13T01:03:16","slug":"concrete-forming-stake","status":"publish","type":"product","link":"https:\/\/qingdaohf.com\/ro\/produs\/tarus-de-formare-a-betonului\/","title":{"rendered":"St\u00e2lp de formare a betonului St\u00e2lp rotund din o\u021bel"},"content":{"rendered":"<h2>Tipuri de beton Formarea miza<\/h2>\n<p>\u021b\u0103ru\u0219ii de formare a betonului sunt disponibili \u00een diferite forme \u0219i materiale, fiecare fiind proiectat pentru a r\u0103spunde unor nevoi specifice de construc\u021bie. Principalele tipuri de \u021b\u0103ru\u0219i de formare a betonului includ \u021b\u0103ru\u0219i rotunzi din o\u021bel, \u021b\u0103ru\u0219i p\u0103tra\u021bi din o\u021bel, \u021b\u0103ru\u0219i cu grinzi I plate \u0219i \u021b\u0103ru\u0219i din o\u021bel plat. Fiecare tip are caracteristici unice care \u00eel fac potrivit pentru anumite aplica\u021bii.<\/p>\n<h3>\u021aeap\u0103 rotund\u0103 din o\u021bel<\/h3>\n<p>\u021b\u0103ru\u0219ii rotunzi din o\u021bel sunt cel mai comun tip de \u021b\u0103ru\u0219i pentru beton folosit \u00een construc\u021bii. Cunoscu\u021bi pentru rezisten\u021ba \u0219i durabilitatea lor, sunt ideali pentru aplica\u021bii grele. Produc\u0103torii realizeaz\u0103 de obicei ace\u0219ti \u021b\u0103ru\u0219i din o\u021bel de \u00eenalt\u0103 calitate, oferind o rezisten\u021b\u0103 excelent\u0103 la \u00eendoire \u0219i rupere sub presiune.<\/p>\n<h3>Square Steel Stake<\/h3>\n<p>\u021b\u0103ru\u0219ii de o\u021bel p\u0103tra\u021bi reprezint\u0103 o alternativ\u0103 la \u021b\u0103ru\u0219ii de o\u021bel rotunzi, oferind o form\u0103 diferit\u0103 care poate fi avantajoas\u0103 \u00een anumite situa\u021bii. Forma p\u0103trat\u0103 ofer\u0103 o suprafa\u021b\u0103 suplimentar\u0103 pentru o mai bun\u0103 aderen\u021b\u0103 \u0219i stabilitate \u00een sol. Acest lucru le face deosebit de utile \u00een cazul unui teren mai moale, unde este nevoie de o putere de fixare suplimentar\u0103.<\/p>\n<h3>Plat I-Beam Stake<\/h3>\n<p>St\u00e2lpii cu grinzi I plate, cunoscu\u021bi \u0219i sub denumirea de st\u00e2lpi cu form\u0103 de grinzi I, sunt concepu\u021bi pentru a oferi rezisten\u021b\u0103 \u0219i stabilitate maxime. Forma lor unic\u0103 de grind\u0103 I le permite s\u0103 suporte sarcini mai mari \u0219i s\u0103 reziste la \u00eendoire. Proiectele de construc\u021bii la scar\u0103 mare folosesc adesea ace\u0219ti \u021b\u0103ru\u0219i \u00een cazul \u00een care stabilitatea \u0219i rezisten\u021ba sunt cruciale.<\/p>\n<h3>\u021aeap\u0103 din o\u021bel plat<\/h3>\n<p>\u021b\u0103ru\u0219ii din o\u021bel plat sunt o alt\u0103 alegere popular\u0103 pentru formarea betonului. Designul lor plat face ca acestea s\u0103 fie u\u0219or de \u00eenfipt \u00een p\u0103m\u00e2nt \u0219i ofer\u0103 o suprafa\u021b\u0103 larg\u0103 pentru men\u021binerea cofrajului \u00een pozi\u021bie. Ace\u0219ti \u021b\u0103ru\u0219i sunt versatili \u0219i pot fi folosi\u021bi \u00eentr-o varietate de aplica\u021bii de construc\u021bii, ceea ce \u00eei face s\u0103 fie un element de baz\u0103 \u00een multe truse de scule de construc\u021bii.<\/p>\n<h2>Dimensiuni comune de beton Formarea Stake<\/h2>\n<p>\u021aepu\u0219ele de formare a betonului sunt disponibile \u00een diverse dimensiuni pentru a se adapta la diferite nevoi de construc\u021bie. Cele mai comune dimensiuni sunt 18 inci, 24 inci \u0219i 36 inci. Fiecare dimensiune serve\u0219te unor scopuri specifice \u0219i ofer\u0103 diferite niveluri de sprijin pentru cofraje.<\/p>\n<h3>18-Inch Stakes<\/h3>\n<p>\u021b\u0103ru\u0219ii de 18 inch sunt utiliza\u021bi de obicei pentru proiecte mai mici sau \u00een situa\u021bii \u00een care cofrajul nu trebuie s\u0103 fie fixat ad\u00e2nc \u00een p\u0103m\u00e2nt. Sunt u\u0219or de manevrat \u0219i de instalat, ceea ce \u00eei face ideali pentru turnarea rapid\u0103 \u0219i simpl\u0103 a betonului. \u00cen ciuda dimensiunilor lor mai mici, ofer\u0103 totu\u0219i o putere de fixare semnificativ\u0103 pentru majoritatea aplica\u021biilor u\u0219oare.<\/p>\n<h3>24-Inch Stakes<\/h3>\n<p>\u021b\u0103ru\u0219ii de 24 de inci sunt o op\u021biune versatil\u0103 care poate fi utilizat\u0103 \u00eentr-o gam\u0103 larg\u0103 de proiecte de construc\u021bii. Acestea ofer\u0103 un bun echilibru \u00eentre u\u0219urin\u021ba de utilizare \u0219i puterea de fixare, ceea ce le face potrivite pentru turn\u0103ri de dimensiuni medii \u0219i lucr\u0103ri de construc\u021bii generale. Antreprenorii prefer\u0103 adesea ace\u0219ti \u021b\u0103ru\u0219i pentru adaptabilitatea \u0219i eficien\u021ba lor \u00een diferite condi\u021bii de sol.<\/p>\n<h3>36-Inch Stakes<\/h3>\n<p>\u021b\u0103ru\u0219ii de 36 de inci sunt concepu\u021bi pentru aplica\u021bii grele \u00een care este necesar\u0103 o penetrare ad\u00e2nc\u0103 \u00een sol. Ace\u0219ti \u021b\u0103ru\u0219i ofer\u0103 stabilitate maxim\u0103 \u0219i suport pentru cofraje \u0219i turn\u0103ri de beton la scar\u0103 mare. Sunt ideali pentru utilizarea \u00een condi\u021bii dificile de sol sau atunci c\u00e2nd se lucreaz\u0103 cu turn\u0103ri de beton de volum mare care necesit\u0103 o armare suplimentar\u0103.<\/p>\n<h2>Aplica\u021bii ale betonului de formare Stake<\/h2>\n<p>Miza de formare a betonului joac\u0103 un rol crucial \u00een diverse aplica\u021bii \u00een construc\u021bii. Func\u021bia lor principal\u0103 este de a men\u021bine cofrajele \u00een pozi\u021bie, asigur\u00e2ndu-se c\u0103 betonul se \u00eent\u0103re\u0219te corect \u0219i \u00ee\u0219i p\u0103streaz\u0103 forma dorit\u0103. Iat\u0103 c\u00e2teva aplica\u021bii comune ale \u021b\u0103ru\u0219ilor de cofrare a betonului:<\/p>\n<h3>Lucr\u0103ri de funda\u021bie<\/h3>\n<p>\u021aepu\u0219ele de cofrare a betonului sunt esen\u021biale \u00een lucr\u0103rile de funda\u021bie, unde cofrajul precis \u0219i stabil este esen\u021bial. Ace\u0219tia fixeaz\u0103 cofrajele din lemn sau metal care modeleaz\u0103 funda\u021biile din beton ale cl\u0103dirilor, asigur\u00e2nd c\u0103 funda\u021biile sunt plane \u0219i aliniate corespunz\u0103tor.<\/p>\n<h3>C\u0103i de acces \u0219i trotuare<\/h3>\n<p>\u00cen proiectele reziden\u021biale \u0219i comerciale, \u021b\u0103ru\u0219ii de formare a betonului sunt utiliza\u021bi pentru a crea alei \u0219i trotuare netede \u0219i durabile. Prin men\u021binerea cofrajului \u00een pozi\u021bie, ace\u0219ti \u021b\u0103ru\u0219i ajut\u0103 la asigurarea faptului c\u0103 betonul este turnat la dimensiunile corecte \u0219i c\u0103 suprafa\u021ba finit\u0103 este uniform\u0103 \u0219i bine nivelat\u0103.<\/p>\n<h3>Ziduri de sus\u021binere<\/h3>\n<p>Zidurile de sprijin necesit\u0103 un cofraj puternic \u0219i stabil pentru a men\u021bine betonul la locul s\u0103u pe m\u0103sur\u0103 ce se \u00eent\u0103re\u0219te. St\u00e2lpii de cofrare a betonului ofer\u0103 suportul necesar pentru a \u00eempiedica deplasarea sau pr\u0103bu\u0219irea cofrajului, rezult\u00e2nd un zid de sprijin solid \u0219i stabil care poate rezista presiunilor exercitate de solul din spatele s\u0103u.<\/p>\n<h3>Pl\u0103ci \u0219i podele<\/h3>\n<p>La turnarea pl\u0103cilor \u0219i a pardoselilor din beton, cofrajele precise \u0219i stabile asigur\u0103 o suprafa\u021b\u0103 plan\u0103. \u021aepu\u0219ele de cofrare a betonului ajut\u0103 la men\u021binerea pozi\u021biei cofrajului, \u00eempiedic\u00e2nd orice mi\u0219care care ar putea duce la un beton neuniform sau la o \u00eent\u0103rire necorespunz\u0103toare.<\/p>\n<h3>Borduri \u0219i jgheaburi<\/h3>\n<p>\u021aepu\u0219ele de formare a betonului sunt, de asemenea, utilizate \u00een construc\u021bia bordurilor \u0219i a rigolelor, unde este nevoie de o cofraj precis pentru a crea formele \u0219i unghiurile dorite. Prin fixarea cofrajului, ace\u0219ti \u021b\u0103ru\u0219i ajut\u0103 la asigurarea c\u0103 betonul se \u00eent\u0103re\u0219te corect \u0219i c\u0103 produsul finit este at\u00e2t func\u021bional, c\u00e2t \u0219i pl\u0103cut din punct de vedere estetic.<\/p>\n<h3>Poduri \u0219i pasaje superioare<\/h3>\n<p>Proiectele mari de infrastructur\u0103, cum ar fi podurile \u0219i pasajele supraterane, necesit\u0103 cofraje robuste pentru a face fa\u021b\u0103 greut\u0103\u021bii \u0219i volumului substan\u021bial de beton implicat. St\u00e2lpii de cofrare a betonului ofer\u0103 suportul necesar pentru a men\u021bine cofrajul \u00een pozi\u021bie, asigur\u00e2nd c\u0103 betonul se \u00eent\u0103re\u0219te \u00een mod corespunz\u0103tor \u0219i c\u0103 structura finit\u0103 este puternic\u0103 \u0219i stabil\u0103.<\/p>\n<h3>Coloane \u0219i grinzi<\/h3>\n<p>\u00cen construc\u021bia de coloane \u0219i grinzi, \u021b\u0103ru\u0219ii de formare a betonului fixeaz\u0103 cofrajele verticale \u0219i orizontale care modeleaz\u0103 aceste elemente structurale. Men\u021bin\u00e2nd pozi\u021bia cofrajului, ace\u0219ti \u021b\u0103ru\u0219i contribuie la asigurarea unei a\u0219ez\u0103ri corecte a betonului \u0219i la asigurarea faptului c\u0103 st\u00e2lpii \u0219i grinzile sunt puternici \u0219i alinia\u021bi corespunz\u0103tor.<\/p>\n<h3>Lucr\u0103ri de beton decorativ<\/h3>\n<p>\u021aepu\u0219ele de formare a betonului sunt, de asemenea, utilizate \u00een lucr\u0103rile decorative din beton, cum ar fi suprafe\u021bele de beton \u0219tan\u021bat sau colorat. Prin fixarea cofrajului, ace\u0219ti \u021b\u0103ru\u0219i contribuie la asigurarea faptului c\u0103 elementele decorative sunt formate cu precizie \u0219i c\u0103 suprafa\u021ba finit\u0103 \u00eendepline\u0219te standardele estetice dorite.<\/p>\n<h2>Concluzie<\/h2>\n<p>St\u00e2lpii de cofrare a betonului sunt instrumente indispensabile \u00een industria construc\u021biilor, oferind suportul \u0219i stabilitatea necesare pentru cofraje \u00eentr-o gam\u0103 larg\u0103 de aplica\u021bii. Fie c\u0103 lucra\u021bi la un proiect reziden\u021bial mic sau la o infrastructur\u0103 comercial\u0103 de mari dimensiuni, tipul \u0219i dimensiunea corect\u0103 a \u021b\u0103ru\u0219ilor de cofrare a betonului pot face o diferen\u021b\u0103 semnificativ\u0103 \u00een ceea ce prive\u0219te calitatea \u0219i stabilitatea structurilor de beton. \u00cen\u021belegerea diferitelor tipuri de \u021b\u0103ru\u0219i \u0219i a aplica\u021biilor acestora v\u0103 va ajuta s\u0103 alege\u021bi cele mai bune op\u021biuni pentru nevoile dumneavoastr\u0103 specifice de construc\u021bie.<\/p>","protected":false},"excerpt":{"rendered":"<p>\u021aepu\u0219ele de cofrare a betonului sunt instrumente esen\u021biale \u00een industria construc\u021biilor, folosite pentru a fixa \u0219i stabiliza cofrajele pentru turnarea betonului. Aceste \u021b\u0103ru\u0219i asigur\u0103 c\u0103 betonul se \u00eent\u0103re\u0219te corect, oferind forma \u0219i suportul necesar pentru diverse proiecte de construc\u021bii. \u00cen acest ghid, vom explora diferitele tipuri de \u021b\u0103ru\u0219i de cofrare a betonului, dimensiunile lor comune \u0219i diversele lor aplica\u021bii \u00een construc\u021bii.<\/p>","protected":false},"featured_media":7353,"comment_status":"open","ping_status":"closed","template":"","meta":{"site-sidebar-layout":"default","site-content-layout":"","ast-site-content-layout":"default","site-content-style":"default","site-sidebar-style":"default","ast-global-header-display":"","ast-banner-title-visibility":"","ast-main-header-display":"","ast-hfb-above-header-display":"","ast-hfb-below-header-display":"","ast-hfb-mobile-header-display":"","site-post-title":"","ast-breadcrumbs-content":"","ast-featured-img":"","footer-sml-layout":"","theme-transparent-header-meta":"default","adv-header-id-meta":"","stick-header-meta":"default","header-above-stick-meta":"","header-main-stick-meta":"","header-below-stick-meta":"","astra-migrate-meta-layouts":"set","ast-page-background-enabled":"default","ast-page-background-meta":{"desktop":{"background-color":"","background-image":"","background-repeat":"repeat","background-position":"center center","background-size":"auto","background-attachment":"scroll","background-type":"","background-media":"","overlay-type":"","overlay-color":"","overlay-opacity":"","overlay-gradient":""},"tablet":{"background-color":"","background-image":"","background-repeat":"repeat","background-position":"center center","background-size":"auto","background-attachment":"scroll","background-type":"","background-media":"","overlay-type":"","overlay-color":"","overlay-opacity":"","overlay-gradient":""},"mobile":{"background-color":"","background-image":"","background-repeat":"repeat","background-position":"center center","background-size":"auto","background-attachment":"scroll","background-type":"","background-media":"","overlay-type":"","overlay-color":"","overlay-opacity":"","overlay-gradient":""}},"ast-content-background-meta":{"desktop":{"background-color":"var(--ast-global-color-5)","background-image":"","background-repeat":"repeat","background-position":"center center","background-size":"auto","background-attachment":"scroll","background-type":"","background-media":"","overlay-type":"","overlay-color":"","overlay-opacity":"","overlay-gradient":""},"tablet":{"background-color":"var(--ast-global-color-5)","background-image":"","background-repeat":"repeat","background-position":"center center","background-size":"auto","background-attachment":"scroll","background-type":"","background-media":"","overlay-type":"","overlay-color":"","overlay-opacity":"","overlay-gradient":""},"mobile":{"background-color":"var(--ast-global-color-5)","background-image":"","background-repeat":"repeat","background-position":"center center","background-size":"auto","background-attachment":"scroll","background-type":"","background-media":"","overlay-type":"","overlay-color":"","overlay-opacity":"","overlay-gradient":""}}},"product_brand":[],"product_cat":[53],"product_tag":[],"class_list":{"0":"post-7352","1":"product","2":"type-product","3":"status-publish","4":"has-post-thumbnail","6":"product_cat-steel-stake","7":"desktop-align-left","8":"tablet-align-left","9":"mobile-align-left","10":"ast-product-gallery-layout-horizontal-slider","11":"ast-product-tabs-layout-horizontal","13":"first","14":"instock","15":"featured","16":"shipping-taxable","17":"purchasable","18":"product-type-simple"},"yoast_head":"<!-- This site is optimized with the Yoast SEO plugin v25.2 - https:\/\/yoast.com\/wordpress\/plugins\/seo\/ -->\n<title>Concrete Forming Stake Round Steel Stake<\/title>\n<meta name=\"description\" content=\"Concrete forming stakes are essential tools in the construction industry, used to secure and stabilize formwork for concrete pours.\" \/>\n<meta name=\"robots\" content=\"index, follow, max-snippet:-1, max-image-preview:large, max-video-preview:-1\" \/>\n<link rel=\"canonical\" href=\"https:\/\/qingdaohf.com\/ro\/produs\/tarus-de-formare-a-betonului\/\" \/>\n<meta property=\"og:locale\" content=\"ro_RO\" \/>\n<meta property=\"og:type\" content=\"article\" \/>\n<meta property=\"og:title\" content=\"Concrete Forming Stake Round Steel Stake\" \/>\n<meta property=\"og:description\" content=\"Concrete forming stakes are essential tools in the construction industry, used to secure and stabilize formwork for concrete pours.\" \/>\n<meta property=\"og:url\" content=\"https:\/\/qingdaohf.com\/ro\/produs\/tarus-de-formare-a-betonului\/\" \/>\n<meta property=\"og:site_name\" content=\"Concrete Form &amp; Rigging Hardware Supplier\" \/>\n<meta property=\"article:publisher\" content=\"https:\/\/www.facebook.com\/qingdaohf\" \/>\n<meta property=\"article:modified_time\" content=\"2025-11-13T01:03:16+00:00\" \/>\n<meta property=\"og:image\" content=\"https:\/\/qingdaohf.com\/wp-content\/uploads\/2024\/05\/Concrete-Forming-Stake.jpg\" \/>\n\t<meta property=\"og:image:width\" content=\"1000\" \/>\n\t<meta property=\"og:image:height\" content=\"1000\" \/>\n\t<meta property=\"og:image:type\" content=\"image\/jpeg\" \/>\n<meta name=\"twitter:card\" content=\"summary_large_image\" \/>\n<meta name=\"twitter:label1\" content=\"Timp estimat pentru citire\" \/>\n\t<meta name=\"twitter:data1\" content=\"5 minute\" \/>\n<script type=\"application\/ld+json\" class=\"yoast-schema-graph\">{\"@context\":\"https:\/\/schema.org\",\"@graph\":[{\"@type\":\"WebPage\",\"@id\":\"https:\/\/qingdaohf.com\/product\/concrete-forming-stake\/\",\"url\":\"https:\/\/qingdaohf.com\/product\/concrete-forming-stake\/\",\"name\":\"Concrete Forming Stake Round Steel Stake\",\"isPartOf\":{\"@id\":\"https:\/\/qingdaohf.com\/bg\/#website\"},\"primaryImageOfPage\":{\"@id\":\"https:\/\/qingdaohf.com\/product\/concrete-forming-stake\/#primaryimage\"},\"image\":{\"@id\":\"https:\/\/qingdaohf.com\/product\/concrete-forming-stake\/#primaryimage\"},\"thumbnailUrl\":\"https:\/\/qingdaohf.com\/wp-content\/uploads\/2024\/05\/Concrete-Forming-Stake.jpg\",\"datePublished\":\"2024-05-27T03:44:05+00:00\",\"dateModified\":\"2025-11-13T01:03:16+00:00\",\"description\":\"Concrete forming stakes are essential tools in the construction industry, used to secure and stabilize formwork for concrete pours.\",\"breadcrumb\":{\"@id\":\"https:\/\/qingdaohf.com\/product\/concrete-forming-stake\/#breadcrumb\"},\"inLanguage\":\"ro-RO\",\"potentialAction\":[{\"@type\":\"ReadAction\",\"target\":[\"https:\/\/qingdaohf.com\/product\/concrete-forming-stake\/\"]}]},{\"@type\":\"ImageObject\",\"inLanguage\":\"ro-RO\",\"@id\":\"https:\/\/qingdaohf.com\/product\/concrete-forming-stake\/#primaryimage\",\"url\":\"https:\/\/qingdaohf.com\/wp-content\/uploads\/2024\/05\/Concrete-Forming-Stake.jpg\",\"contentUrl\":\"https:\/\/qingdaohf.com\/wp-content\/uploads\/2024\/05\/Concrete-Forming-Stake.jpg\",\"width\":1000,\"height\":1000},{\"@type\":\"BreadcrumbList\",\"@id\":\"https:\/\/qingdaohf.com\/product\/concrete-forming-stake\/#breadcrumb\",\"itemListElement\":[{\"@type\":\"ListItem\",\"position\":1,\"name\":\"Home\",\"item\":\"https:\/\/qingdaohf.com\/\"},{\"@type\":\"ListItem\",\"position\":2,\"name\":\"Concrete Forming Accessories and Rigging Hardware\",\"item\":\"https:\/\/qingdaohf.com\/bg\/?page_id=944\"},{\"@type\":\"ListItem\",\"position\":3,\"name\":\"Concrete Forming Stake Round Steel Stake\"}]},{\"@type\":\"WebSite\",\"@id\":\"https:\/\/qingdaohf.com\/bg\/#website\",\"url\":\"https:\/\/qingdaohf.com\/bg\/\",\"name\":\"Concrete Form & Rigging Hardware Supplier\",\"description\":\"\",\"publisher\":{\"@id\":\"https:\/\/qingdaohf.com\/bg\/#organization\"},\"potentialAction\":[{\"@type\":\"SearchAction\",\"target\":{\"@type\":\"EntryPoint\",\"urlTemplate\":\"https:\/\/qingdaohf.com\/bg\/?s={search_term_string}\"},\"query-input\":{\"@type\":\"PropertyValueSpecification\",\"valueRequired\":true,\"valueName\":\"search_term_string\"}}],\"inLanguage\":\"ro-RO\"},{\"@type\":\"Organization\",\"@id\":\"https:\/\/qingdaohf.com\/bg\/#organization\",\"name\":\"Qingdao H&F\",\"url\":\"https:\/\/qingdaohf.com\/bg\/\",\"logo\":{\"@type\":\"ImageObject\",\"inLanguage\":\"ro-RO\",\"@id\":\"https:\/\/qingdaohf.com\/bg\/#\/schema\/logo\/image\/\",\"url\":\"https:\/\/qingdaohf.com\/wp-content\/uploads\/2022\/12\/cropped-HF-LOGO.png\",\"contentUrl\":\"https:\/\/qingdaohf.com\/wp-content\/uploads\/2022\/12\/cropped-HF-LOGO.png\",\"width\":391,\"height\":249,\"caption\":\"Qingdao H&F\"},\"image\":{\"@id\":\"https:\/\/qingdaohf.com\/bg\/#\/schema\/logo\/image\/\"},\"sameAs\":[\"https:\/\/www.facebook.com\/qingdaohf\"]}]}<\/script>\n<!-- \/ Yoast SEO plugin. -->","yoast_head_json":{"title":"Concrete Forming Stake Round Steel Stake","description":"Concrete forming stakes are essential tools in the construction industry, used to secure and stabilize formwork for concrete pours.","robots":{"index":"index","follow":"follow","max-snippet":"max-snippet:-1","max-image-preview":"max-image-preview:large","max-video-preview":"max-video-preview:-1"},"canonical":"https:\/\/qingdaohf.com\/ro\/produs\/tarus-de-formare-a-betonului\/","og_locale":"ro_RO","og_type":"article","og_title":"Concrete Forming Stake Round Steel Stake","og_description":"Concrete forming stakes are essential tools in the construction industry, used to secure and stabilize formwork for concrete pours.","og_url":"https:\/\/qingdaohf.com\/ro\/produs\/tarus-de-formare-a-betonului\/","og_site_name":"Concrete Form &amp; Rigging Hardware Supplier","article_publisher":"https:\/\/www.facebook.com\/qingdaohf","article_modified_time":"2025-11-13T01:03:16+00:00","og_image":[{"width":1000,"height":1000,"url":"https:\/\/qingdaohf.com\/wp-content\/uploads\/2024\/05\/Concrete-Forming-Stake.jpg","type":"image\/jpeg"}],"twitter_card":"summary_large_image","twitter_misc":{"Timp estimat pentru citire":"5 minute"},"schema":{"@context":"https:\/\/schema.org","@graph":[{"@type":"WebPage","@id":"https:\/\/qingdaohf.com\/product\/concrete-forming-stake\/","url":"https:\/\/qingdaohf.com\/product\/concrete-forming-stake\/","name":"Concrete Forming Stake Round Steel Stake","isPartOf":{"@id":"https:\/\/qingdaohf.com\/bg\/#website"},"primaryImageOfPage":{"@id":"https:\/\/qingdaohf.com\/product\/concrete-forming-stake\/#primaryimage"},"image":{"@id":"https:\/\/qingdaohf.com\/product\/concrete-forming-stake\/#primaryimage"},"thumbnailUrl":"https:\/\/qingdaohf.com\/wp-content\/uploads\/2024\/05\/Concrete-Forming-Stake.jpg","datePublished":"2024-05-27T03:44:05+00:00","dateModified":"2025-11-13T01:03:16+00:00","description":"Concrete forming stakes are essential tools in the construction industry, used to secure and stabilize formwork for concrete pours.","breadcrumb":{"@id":"https:\/\/qingdaohf.com\/product\/concrete-forming-stake\/#breadcrumb"},"inLanguage":"ro-RO","potentialAction":[{"@type":"ReadAction","target":["https:\/\/qingdaohf.com\/product\/concrete-forming-stake\/"]}]},{"@type":"ImageObject","inLanguage":"ro-RO","@id":"https:\/\/qingdaohf.com\/product\/concrete-forming-stake\/#primaryimage","url":"https:\/\/qingdaohf.com\/wp-content\/uploads\/2024\/05\/Concrete-Forming-Stake.jpg","contentUrl":"https:\/\/qingdaohf.com\/wp-content\/uploads\/2024\/05\/Concrete-Forming-Stake.jpg","width":1000,"height":1000},{"@type":"BreadcrumbList","@id":"https:\/\/qingdaohf.com\/product\/concrete-forming-stake\/#breadcrumb","itemListElement":[{"@type":"ListItem","position":1,"name":"Home","item":"https:\/\/qingdaohf.com\/"},{"@type":"ListItem","position":2,"name":"Concrete Forming Accessories and Rigging Hardware","item":"https:\/\/qingdaohf.com\/bg\/?page_id=944"},{"@type":"ListItem","position":3,"name":"Concrete Forming Stake Round Steel Stake"}]},{"@type":"WebSite","@id":"https:\/\/qingdaohf.com\/bg\/#website","url":"https:\/\/qingdaohf.com\/bg\/","name":"Concrete Form & Rigging Hardware Supplier","description":"","publisher":{"@id":"https:\/\/qingdaohf.com\/bg\/#organization"},"potentialAction":[{"@type":"SearchAction","target":{"@type":"EntryPoint","urlTemplate":"https:\/\/qingdaohf.com\/bg\/?s={search_term_string}"},"query-input":{"@type":"PropertyValueSpecification","valueRequired":true,"valueName":"search_term_string"}}],"inLanguage":"ro-RO"},{"@type":"Organization","@id":"https:\/\/qingdaohf.com\/bg\/#organization","name":"Qingdao H&F","url":"https:\/\/qingdaohf.com\/bg\/","logo":{"@type":"ImageObject","inLanguage":"ro-RO","@id":"https:\/\/qingdaohf.com\/bg\/#\/schema\/logo\/image\/","url":"https:\/\/qingdaohf.com\/wp-content\/uploads\/2022\/12\/cropped-HF-LOGO.png","contentUrl":"https:\/\/qingdaohf.com\/wp-content\/uploads\/2022\/12\/cropped-HF-LOGO.png","width":391,"height":249,"caption":"Qingdao H&F"},"image":{"@id":"https:\/\/qingdaohf.com\/bg\/#\/schema\/logo\/image\/"},"sameAs":["https:\/\/www.facebook.com\/qingdaohf"]}]}},"_links":{"self":[{"href":"https:\/\/qingdaohf.com\/ro\/wp-json\/wp\/v2\/product\/7352","targetHints":{"allow":["GET"]}}],"collection":[{"href":"https:\/\/qingdaohf.com\/ro\/wp-json\/wp\/v2\/product"}],"about":[{"href":"https:\/\/qingdaohf.com\/ro\/wp-json\/wp\/v2\/types\/product"}],"replies":[{"embeddable":true,"href":"https:\/\/qingdaohf.com\/ro\/wp-json\/wp\/v2\/comments?post=7352"}],"version-history":[{"count":6,"href":"https:\/\/qingdaohf.com\/ro\/wp-json\/wp\/v2\/product\/7352\/revisions"}],"predecessor-version":[{"id":10342,"href":"https:\/\/qingdaohf.com\/ro\/wp-json\/wp\/v2\/product\/7352\/revisions\/10342"}],"wp:featuredmedia":[{"embeddable":true,"href":"https:\/\/qingdaohf.com\/ro\/wp-json\/wp\/v2\/media\/7353"}],"wp:attachment":[{"href":"https:\/\/qingdaohf.com\/ro\/wp-json\/wp\/v2\/media?parent=7352"}],"wp:term":[{"taxonomy":"product_brand","embeddable":true,"href":"https:\/\/qingdaohf.com\/ro\/wp-json\/wp\/v2\/product_brand?post=7352"},{"taxonomy":"product_cat","embeddable":true,"href":"https:\/\/qingdaohf.com\/ro\/wp-json\/wp\/v2\/product_cat?post=7352"},{"taxonomy":"product_tag","embeddable":true,"href":"https:\/\/qingdaohf.com\/ro\/wp-json\/wp\/v2\/product_tag?post=7352"}],"curies":[{"name":"wp","href":"https:\/\/api.w.org\/{rel}","templated":true}]}}