{"id":7473,"date":"2024-06-19T11:36:36","date_gmt":"2024-06-19T03:36:36","guid":{"rendered":"http:\/\/qingdaohf.com\/?post_type=product&#038;p=7473"},"modified":"2025-11-13T09:03:15","modified_gmt":"2025-11-13T01:03:15","slug":"plastic-groud-stake","status":"publish","type":"product","link":"https:\/\/qingdaohf.com\/ro\/produs\/miza-de-plastic-groud\/","title":{"rendered":"Stake de plastic Groud Groud"},"content":{"rendered":"<h4>Stativ de sol din plastic versatil \u0219i durabil<\/h4>\n<p>\u021b\u0103ru\u0219ul de p\u0103m\u00e2nt din plastic este o solu\u021bie versatil\u0103 pentru fixarea unei game largi de structuri \u0219i echipamente de exterior. Indiferent dac\u0103 monta\u021bi un cort, fixa\u021bi un baldachin sau ancora\u021bi o plas\u0103, acest \u021b\u0103ru\u0219 ofer\u0103 fiabilitatea \u0219i rezisten\u021ba necesare pentru a men\u021bine totul la locul s\u0103u. Confec\u021bionat din plastic de \u00eenalt\u0103 calitate, rezistent la razele UV, suport\u0103 expunerea prelungit\u0103 la lumina soarelui f\u0103r\u0103 s\u0103 se degradeze, asigur\u00e2nd o utilizare pe termen lung.<\/p>\n<p>Una dintre caracteristicile remarcabile ale acestui \u021b\u0103ru\u0219 este introducerea sa u\u0219oar\u0103 \u00een p\u0103m\u00e2nt. Cap\u0103tul ascu\u021bit permite p\u0103trunderea f\u0103r\u0103 efort \u00een diferite tipuri de sol, \u00een timp ce construc\u021bia robust\u0103 asigur\u0103 c\u0103 r\u0103m\u00e2ne ferm pe pozi\u021bie. Spre deosebire de \u021b\u0103ru\u0219ii metalici care pot rugini sau se pot \u00eendoi, acest \u021b\u0103ru\u0219 de p\u0103m\u00e2nt din plastic \u00ee\u0219i p\u0103streaz\u0103 integritatea, oferind o solu\u021bie de ancorare fiabil\u0103 pentru mai multe aplica\u021bii.<\/p>\n<h4>Proiectare practic\u0103 pentru utiliz\u0103ri multiple<\/h4>\n<p>Proiectat pentru a fi practic, \u021b\u0103ru\u0219ul din plastic pentru sol include o singur\u0103 gaur\u0103 \u00een partea de sus, care permite fixarea sigur\u0103 a fr\u00e2nghiei. Aceast\u0103 caracteristic\u0103 este deosebit de util\u0103 pentru legarea prelatelor, a copertinei \u0219i a altor articole care necesit\u0103 un punct de ancorare stabil. C\u00e2rligul din apropierea v\u00e2rfului adaug\u0103 o op\u021biune suplimentar\u0103 de fixare, oferindu-v\u0103 flexibilitate \u00een modul de utilizare a \u021b\u0103ru\u0219ului. Acest design bine g\u00e2ndit asigur\u0103 faptul c\u0103 structurile dvs. r\u0103m\u00e2n sigure chiar \u0219i \u00een condi\u021bii de v\u00e2nt, ceea ce \u00eel face un instrument esen\u021bial at\u00e2t pentru pasiona\u021bii de activit\u0103\u021bi \u00een aer liber, c\u00e2t \u0219i pentru profesioni\u0219ti.<\/p>\n<p>\u00cen gr\u0103din\u0103rit \u0219i \u00een amenajarea peisajului, acest \u021b\u0103ru\u0219 se dovede\u0219te nepre\u021buit pentru a sus\u021bine diverse structuri \u0219i decora\u021biuni. Durabilitatea \u0219i u\u0219urin\u021ba de utilizare \u00eel fac favorit \u00een r\u00e2ndul gr\u0103dinarilor care doresc s\u0103 fixeze spalieri, plase de gr\u0103din\u0103 sau chiar obiecte decorative. Plasticul rezistent la razele UV asigur\u0103 c\u0103 nu va deveni fragil sau se va rupe \u00een timp, oferind performan\u021be constante sezon dup\u0103 sezon.<\/p>\n<h4>Rolul \u021b\u0103ru\u0219ilor de sol \u00een construc\u021bii \u0219i activit\u0103\u021bi \u00een aer liber<\/h4>\n<p>\u021a\u0103ru\u0219ii de sol, inclusiv variantele din plastic, joac\u0103 un rol crucial at\u00e2t \u00een construc\u021bii, c\u00e2t \u0219i \u00een activit\u0103\u021bile \u00een aer liber. \u00cen construc\u021bii, ace\u0219tia sunt utiliza\u021bi pentru a fixa structuri temporare, cum ar fi corturile \u0219i copertinele, oferind o funda\u021bie stabil\u0103 care \u00eempiedic\u0103 mi\u0219carea sau pr\u0103bu\u0219irea. Acest lucru este deosebit de important \u00een situa\u021biile \u00een care siguran\u021ba \u0219i stabilitatea sunt primordiale. U\u0219urin\u021ba instal\u0103rii \u0219i a \u00eendep\u0103rt\u0103rii face din \u021b\u0103ru\u0219ii de sol din plastic o alegere convenabil\u0103 pentru amenaj\u0103rile temporare, permi\u021b\u00e2nd ajust\u0103ri rapide, dup\u0103 cum este necesar.<\/p>\n<p>\u00cen domeniul activit\u0103\u021bilor \u00een aer liber, \u021b\u0103ru\u0219ii de teren sunt indispensabili pentru camping, drume\u021bii \u0219i alte activit\u0103\u021bi recreative. Un cort sau un baldachin bine fixat poate \u00eensemna diferen\u021ba dintre o experien\u021b\u0103 confortabil\u0103 \u0219i una dezastruoas\u0103. Pichetul de sol din plastic ofer\u0103 lini\u0219te sufleteasc\u0103, \u0219tiind c\u0103 ad\u0103postul dvs. va r\u0103m\u00e2ne ferm la locul lui indiferent de condi\u021bii. Caracterul s\u0103u u\u0219or \u00eel face u\u0219or de transportat, ad\u0103ug\u00e2nd o greutate minim\u0103 echipamentului dvs. \u00een timp ce ofer\u0103 stabilitate maxim\u0103.<\/p>\n<h4>Introducerea \u0219uruburilor de funda\u021bie \u0219i importan\u021ba lor \u00een construc\u021bii<\/h4>\n<p>\u0218uruburile de funda\u021bie sunt componente esen\u021biale \u00een domeniul construc\u021biilor, juc\u00e2nd un rol critic \u00een fixarea structurilor la funda\u021biile lor. Aceste \u0219uruburi sunt fabricate de obicei din o\u021bel de \u00eenalt\u0103 rezisten\u021b\u0103 \u0219i sunt utilizate pentru a ancora cl\u0103diri, poduri, utilaje \u0219i alte structuri grele. Scopul principal al \u0219uruburilor de funda\u021bie este de a asigura o conexiune sigur\u0103 \u00eentre structur\u0103 \u0219i funda\u021bia sa, asigur\u00e2nd stabilitate \u0219i rezisten\u021b\u0103 la diverse for\u021be, inclusiv v\u00e2nt, activitate seismic\u0103 \u0219i al\u021bi factori de mediu.<\/p>\n<p>\u00cen construc\u021bii, \u0219uruburile de funda\u021bie sunt \u00eencorporate \u00een funda\u021biile din beton \u00eenainte ca betonul s\u0103 se \u00eent\u0103reasc\u0103, cre\u00e2nd o leg\u0103tur\u0103 puternic\u0103 care poate rezista la sarcini substan\u021biale. Ace\u0219tia vin \u00een diferite dimensiuni \u0219i tipuri, fiecare fiind proiectat pentru aplica\u021bii \u0219i cerin\u021be de \u00eenc\u0103rcare specifice. Selectarea \u0219i instalarea corect\u0103 a \u0219uruburilor de funda\u021bie sunt vitale pentru integritatea structural\u0103 \u0219i siguran\u021ba oric\u0103rui proiect de construc\u021bie.<\/p>\n<p>Unul dintre avantajele cheie ale \u0219uruburilor de funda\u021bie este capacitatea lor de a oferi un punct de ancorare fiabil pentru structurile grele. Acest lucru este deosebit de important \u00een mediile industriale, unde ma\u0219inile \u0219i echipamentele trebuie s\u0103 r\u0103m\u00e2n\u0103 stabile \u00een timpul func\u021bion\u0103rii. Bol\u021burile de funda\u021bie previn mi\u0219c\u0103rile \u0219i vibra\u021biile care, \u00een caz contrar, ar putea duce la defec\u021biuni ale echipamentelor sau la deteriorarea structurii. Prin fixarea utilajelor la o funda\u021bie stabil\u0103, aceste \u0219uruburi asigur\u0103 o func\u021bionare lin\u0103 \u0219i sigur\u0103.<\/p>\n<p>\u0218uruburile de funda\u021bie joac\u0103, de asemenea, un rol crucial \u00een construc\u021bia podurilor \u0219i a altor proiecte mari de infrastructur\u0103. Stabilitatea oferit\u0103 de aceste \u0219uruburi ajut\u0103 la distribuirea uniform\u0103 a sarcinilor, reduc\u00e2nd stresul asupra componentelor individuale \u0219i prelungind durata de via\u021b\u0103 a structurii. Capacitatea lor de a rezista for\u021belor dinamice, cum ar fi cele generate de trafic sau de evenimente naturale, \u00eei face indispensabili pentru a asigura siguran\u021ba \u0219i longevitatea podurilor \u0219i a structurilor similare.<\/p>\n<p>Pe scurt, \u0219uruburile de funda\u021bie sunt o piatr\u0103 de temelie a construc\u021biilor moderne, asigur\u00e2nd stabilitatea \u0219i securitatea necesare pentru o gam\u0103 larg\u0103 de structuri. Rolul lor \u00een ancorarea cl\u0103dirilor \u0219i a utilajelor este esen\u021bial pentru men\u021binerea integrit\u0103\u021bii \u0219i siguran\u021bei proiectelor de construc\u021bii, ceea ce \u00eei face s\u0103 fie o component\u0103 nepre\u021buit\u0103 \u00een domeniu.<\/p>\n<div class=\"ast-oembed-container\" style=\"height: 100%;\"><iframe title=\"Piche\u021bi de plastic la sol\" width=\"500\" height=\"281\" src=\"https:\/\/www.youtube.com\/embed\/XXn9suyaFmM?feature=oembed\" frameborder=\"0\" allow=\"accelerometer; autoplay; clipboard-write; encrypted-media; gyroscope; picture-in-picture; web-share\" referrerpolicy=\"strict-origin-when-cross-origin\" allowfullscreen><\/iframe><\/div>","protected":false},"excerpt":{"rendered":"<p>\u021b\u0103ru\u0219ul de p\u0103m\u00e2nt din plastic este perfect pentru a fixa ancore, corturi, plase, prelate, baldachine \u0219i structuri de gr\u0103din\u0103 sau teras\u0103. Fabricat din plastic de \u00eenalt\u0103 calitate, rezistent la UV, acest \u021b\u0103ru\u0219 durabil se introduce cu u\u0219urin\u021b\u0103 \u00een p\u0103m\u00e2nt. Dispune de o gaur\u0103 \u00een apropierea v\u00e2rfului pentru legarea fr\u00e2nghiei, asigur\u00e2nd o fixare sigur\u0103 pentru diverse aplica\u021bii.<\/p>","protected":false},"featured_media":7475,"comment_status":"open","ping_status":"closed","template":"","meta":{"site-sidebar-layout":"default","site-content-layout":"","ast-site-content-layout":"default","site-content-style":"default","site-sidebar-style":"default","ast-global-header-display":"","ast-banner-title-visibility":"","ast-main-header-display":"","ast-hfb-above-header-display":"","ast-hfb-below-header-display":"","ast-hfb-mobile-header-display":"","site-post-title":"","ast-breadcrumbs-content":"","ast-featured-img":"","footer-sml-layout":"","theme-transparent-header-meta":"default","adv-header-id-meta":"","stick-header-meta":"default","header-above-stick-meta":"","header-main-stick-meta":"","header-below-stick-meta":"","astra-migrate-meta-layouts":"set","ast-page-background-enabled":"default","ast-page-background-meta":{"desktop":{"background-color":"","background-image":"","background-repeat":"repeat","background-position":"center center","background-size":"auto","background-attachment":"scroll","background-type":"","background-media":"","overlay-type":"","overlay-color":"","overlay-opacity":"","overlay-gradient":""},"tablet":{"background-color":"","background-image":"","background-repeat":"repeat","background-position":"center center","background-size":"auto","background-attachment":"scroll","background-type":"","background-media":"","overlay-type":"","overlay-color":"","overlay-opacity":"","overlay-gradient":""},"mobile":{"background-color":"","background-image":"","background-repeat":"repeat","background-position":"center center","background-size":"auto","background-attachment":"scroll","background-type":"","background-media":"","overlay-type":"","overlay-color":"","overlay-opacity":"","overlay-gradient":""}},"ast-content-background-meta":{"desktop":{"background-color":"var(--ast-global-color-5)","background-image":"","background-repeat":"repeat","background-position":"center center","background-size":"auto","background-attachment":"scroll","background-type":"","background-media":"","overlay-type":"","overlay-color":"","overlay-opacity":"","overlay-gradient":""},"tablet":{"background-color":"var(--ast-global-color-5)","background-image":"","background-repeat":"repeat","background-position":"center center","background-size":"auto","background-attachment":"scroll","background-type":"","background-media":"","overlay-type":"","overlay-color":"","overlay-opacity":"","overlay-gradient":""},"mobile":{"background-color":"var(--ast-global-color-5)","background-image":"","background-repeat":"repeat","background-position":"center center","background-size":"auto","background-attachment":"scroll","background-type":"","background-media":"","overlay-type":"","overlay-color":"","overlay-opacity":"","overlay-gradient":""}}},"product_brand":[],"product_cat":[75],"product_tag":[],"class_list":{"0":"post-7473","1":"product","2":"type-product","3":"status-publish","4":"has-post-thumbnail","6":"product_cat-plastic-and-rubber-product","7":"desktop-align-left","8":"tablet-align-left","9":"mobile-align-left","10":"ast-product-gallery-layout-horizontal-slider","11":"ast-product-tabs-layout-horizontal","13":"first","14":"instock","15":"shipping-taxable","16":"purchasable","17":"product-type-simple"},"yoast_head":"<!-- This site is optimized with the Yoast SEO plugin v25.2 - https:\/\/yoast.com\/wordpress\/plugins\/seo\/ -->\n<title>Plastic Groud Stake<\/title>\n<meta name=\"description\" content=\"The plastic ground stake is perfect for securing anchors, tents, nets, tarps, canopies, and garden or patio structures.\" \/>\n<meta name=\"robots\" content=\"index, follow, max-snippet:-1, max-image-preview:large, max-video-preview:-1\" \/>\n<link rel=\"canonical\" href=\"https:\/\/qingdaohf.com\/ro\/produs\/miza-de-plastic-groud\/\" \/>\n<meta property=\"og:locale\" content=\"ro_RO\" \/>\n<meta property=\"og:type\" content=\"article\" \/>\n<meta property=\"og:title\" content=\"Plastic Groud Stake\" \/>\n<meta property=\"og:description\" content=\"The plastic ground stake is perfect for securing anchors, tents, nets, tarps, canopies, and garden or patio structures.\" \/>\n<meta property=\"og:url\" content=\"https:\/\/qingdaohf.com\/ro\/produs\/miza-de-plastic-groud\/\" \/>\n<meta property=\"og:site_name\" content=\"Concrete Form &amp; Rigging Hardware Supplier\" \/>\n<meta property=\"article:publisher\" content=\"https:\/\/www.facebook.com\/qingdaohf\" \/>\n<meta property=\"article:modified_time\" content=\"2025-11-13T01:03:15+00:00\" \/>\n<meta property=\"og:image\" content=\"https:\/\/qingdaohf.com\/wp-content\/uploads\/2024\/06\/plastic-groud-stake-1.webp\" \/>\n\t<meta property=\"og:image:width\" content=\"1000\" \/>\n\t<meta property=\"og:image:height\" content=\"1000\" \/>\n\t<meta property=\"og:image:type\" content=\"image\/webp\" \/>\n<meta name=\"twitter:card\" content=\"summary_large_image\" \/>\n<meta name=\"twitter:label1\" content=\"Timp estimat pentru citire\" \/>\n\t<meta name=\"twitter:data1\" content=\"4 minute\" \/>\n<script type=\"application\/ld+json\" class=\"yoast-schema-graph\">{\"@context\":\"https:\/\/schema.org\",\"@graph\":[{\"@type\":\"WebPage\",\"@id\":\"https:\/\/qingdaohf.com\/product\/plastic-groud-stake\/\",\"url\":\"https:\/\/qingdaohf.com\/product\/plastic-groud-stake\/\",\"name\":\"Plastic Groud Stake\",\"isPartOf\":{\"@id\":\"https:\/\/qingdaohf.com\/bg\/#website\"},\"primaryImageOfPage\":{\"@id\":\"https:\/\/qingdaohf.com\/product\/plastic-groud-stake\/#primaryimage\"},\"image\":{\"@id\":\"https:\/\/qingdaohf.com\/product\/plastic-groud-stake\/#primaryimage\"},\"thumbnailUrl\":\"https:\/\/qingdaohf.com\/wp-content\/uploads\/2024\/06\/plastic-groud-stake-1.webp\",\"datePublished\":\"2024-06-19T03:36:36+00:00\",\"dateModified\":\"2025-11-13T01:03:15+00:00\",\"description\":\"The plastic ground stake is perfect for securing anchors, tents, nets, tarps, canopies, and garden or patio structures.\",\"breadcrumb\":{\"@id\":\"https:\/\/qingdaohf.com\/product\/plastic-groud-stake\/#breadcrumb\"},\"inLanguage\":\"ro-RO\",\"potentialAction\":[{\"@type\":\"ReadAction\",\"target\":[\"https:\/\/qingdaohf.com\/product\/plastic-groud-stake\/\"]}]},{\"@type\":\"ImageObject\",\"inLanguage\":\"ro-RO\",\"@id\":\"https:\/\/qingdaohf.com\/product\/plastic-groud-stake\/#primaryimage\",\"url\":\"https:\/\/qingdaohf.com\/wp-content\/uploads\/2024\/06\/plastic-groud-stake-1.webp\",\"contentUrl\":\"https:\/\/qingdaohf.com\/wp-content\/uploads\/2024\/06\/plastic-groud-stake-1.webp\",\"width\":1000,\"height\":1000,\"caption\":\"plastic groud stake\"},{\"@type\":\"BreadcrumbList\",\"@id\":\"https:\/\/qingdaohf.com\/product\/plastic-groud-stake\/#breadcrumb\",\"itemListElement\":[{\"@type\":\"ListItem\",\"position\":1,\"name\":\"Home\",\"item\":\"https:\/\/qingdaohf.com\/\"},{\"@type\":\"ListItem\",\"position\":2,\"name\":\"Concrete Forming Accessories and Rigging Hardware\",\"item\":\"https:\/\/qingdaohf.com\/bg\/?page_id=944\"},{\"@type\":\"ListItem\",\"position\":3,\"name\":\"Plastic Groud Stake\"}]},{\"@type\":\"WebSite\",\"@id\":\"https:\/\/qingdaohf.com\/bg\/#website\",\"url\":\"https:\/\/qingdaohf.com\/bg\/\",\"name\":\"Concrete Form & Rigging Hardware Supplier\",\"description\":\"\",\"publisher\":{\"@id\":\"https:\/\/qingdaohf.com\/bg\/#organization\"},\"potentialAction\":[{\"@type\":\"SearchAction\",\"target\":{\"@type\":\"EntryPoint\",\"urlTemplate\":\"https:\/\/qingdaohf.com\/bg\/?s={search_term_string}\"},\"query-input\":{\"@type\":\"PropertyValueSpecification\",\"valueRequired\":true,\"valueName\":\"search_term_string\"}}],\"inLanguage\":\"ro-RO\"},{\"@type\":\"Organization\",\"@id\":\"https:\/\/qingdaohf.com\/bg\/#organization\",\"name\":\"Qingdao H&F\",\"url\":\"https:\/\/qingdaohf.com\/bg\/\",\"logo\":{\"@type\":\"ImageObject\",\"inLanguage\":\"ro-RO\",\"@id\":\"https:\/\/qingdaohf.com\/bg\/#\/schema\/logo\/image\/\",\"url\":\"https:\/\/qingdaohf.com\/wp-content\/uploads\/2022\/12\/cropped-HF-LOGO.png\",\"contentUrl\":\"https:\/\/qingdaohf.com\/wp-content\/uploads\/2022\/12\/cropped-HF-LOGO.png\",\"width\":391,\"height\":249,\"caption\":\"Qingdao H&F\"},\"image\":{\"@id\":\"https:\/\/qingdaohf.com\/bg\/#\/schema\/logo\/image\/\"},\"sameAs\":[\"https:\/\/www.facebook.com\/qingdaohf\"]}]}<\/script>\n<!-- \/ Yoast SEO plugin. -->","yoast_head_json":{"title":"Plastic Groud Stake","description":"The plastic ground stake is perfect for securing anchors, tents, nets, tarps, canopies, and garden or patio structures.","robots":{"index":"index","follow":"follow","max-snippet":"max-snippet:-1","max-image-preview":"max-image-preview:large","max-video-preview":"max-video-preview:-1"},"canonical":"https:\/\/qingdaohf.com\/ro\/produs\/miza-de-plastic-groud\/","og_locale":"ro_RO","og_type":"article","og_title":"Plastic Groud Stake","og_description":"The plastic ground stake is perfect for securing anchors, tents, nets, tarps, canopies, and garden or patio structures.","og_url":"https:\/\/qingdaohf.com\/ro\/produs\/miza-de-plastic-groud\/","og_site_name":"Concrete Form &amp; Rigging Hardware Supplier","article_publisher":"https:\/\/www.facebook.com\/qingdaohf","article_modified_time":"2025-11-13T01:03:15+00:00","og_image":[{"width":1000,"height":1000,"url":"https:\/\/qingdaohf.com\/wp-content\/uploads\/2024\/06\/plastic-groud-stake-1.webp","type":"image\/webp"}],"twitter_card":"summary_large_image","twitter_misc":{"Timp estimat pentru citire":"4 minute"},"schema":{"@context":"https:\/\/schema.org","@graph":[{"@type":"WebPage","@id":"https:\/\/qingdaohf.com\/product\/plastic-groud-stake\/","url":"https:\/\/qingdaohf.com\/product\/plastic-groud-stake\/","name":"Plastic Groud Stake","isPartOf":{"@id":"https:\/\/qingdaohf.com\/bg\/#website"},"primaryImageOfPage":{"@id":"https:\/\/qingdaohf.com\/product\/plastic-groud-stake\/#primaryimage"},"image":{"@id":"https:\/\/qingdaohf.com\/product\/plastic-groud-stake\/#primaryimage"},"thumbnailUrl":"https:\/\/qingdaohf.com\/wp-content\/uploads\/2024\/06\/plastic-groud-stake-1.webp","datePublished":"2024-06-19T03:36:36+00:00","dateModified":"2025-11-13T01:03:15+00:00","description":"The plastic ground stake is perfect for securing anchors, tents, nets, tarps, canopies, and garden or patio structures.","breadcrumb":{"@id":"https:\/\/qingdaohf.com\/product\/plastic-groud-stake\/#breadcrumb"},"inLanguage":"ro-RO","potentialAction":[{"@type":"ReadAction","target":["https:\/\/qingdaohf.com\/product\/plastic-groud-stake\/"]}]},{"@type":"ImageObject","inLanguage":"ro-RO","@id":"https:\/\/qingdaohf.com\/product\/plastic-groud-stake\/#primaryimage","url":"https:\/\/qingdaohf.com\/wp-content\/uploads\/2024\/06\/plastic-groud-stake-1.webp","contentUrl":"https:\/\/qingdaohf.com\/wp-content\/uploads\/2024\/06\/plastic-groud-stake-1.webp","width":1000,"height":1000,"caption":"plastic groud stake"},{"@type":"BreadcrumbList","@id":"https:\/\/qingdaohf.com\/product\/plastic-groud-stake\/#breadcrumb","itemListElement":[{"@type":"ListItem","position":1,"name":"Home","item":"https:\/\/qingdaohf.com\/"},{"@type":"ListItem","position":2,"name":"Concrete Forming Accessories and Rigging Hardware","item":"https:\/\/qingdaohf.com\/bg\/?page_id=944"},{"@type":"ListItem","position":3,"name":"Plastic Groud Stake"}]},{"@type":"WebSite","@id":"https:\/\/qingdaohf.com\/bg\/#website","url":"https:\/\/qingdaohf.com\/bg\/","name":"Concrete Form & Rigging Hardware Supplier","description":"","publisher":{"@id":"https:\/\/qingdaohf.com\/bg\/#organization"},"potentialAction":[{"@type":"SearchAction","target":{"@type":"EntryPoint","urlTemplate":"https:\/\/qingdaohf.com\/bg\/?s={search_term_string}"},"query-input":{"@type":"PropertyValueSpecification","valueRequired":true,"valueName":"search_term_string"}}],"inLanguage":"ro-RO"},{"@type":"Organization","@id":"https:\/\/qingdaohf.com\/bg\/#organization","name":"Qingdao H&F","url":"https:\/\/qingdaohf.com\/bg\/","logo":{"@type":"ImageObject","inLanguage":"ro-RO","@id":"https:\/\/qingdaohf.com\/bg\/#\/schema\/logo\/image\/","url":"https:\/\/qingdaohf.com\/wp-content\/uploads\/2022\/12\/cropped-HF-LOGO.png","contentUrl":"https:\/\/qingdaohf.com\/wp-content\/uploads\/2022\/12\/cropped-HF-LOGO.png","width":391,"height":249,"caption":"Qingdao H&F"},"image":{"@id":"https:\/\/qingdaohf.com\/bg\/#\/schema\/logo\/image\/"},"sameAs":["https:\/\/www.facebook.com\/qingdaohf"]}]}},"_links":{"self":[{"href":"https:\/\/qingdaohf.com\/ro\/wp-json\/wp\/v2\/product\/7473","targetHints":{"allow":["GET"]}}],"collection":[{"href":"https:\/\/qingdaohf.com\/ro\/wp-json\/wp\/v2\/product"}],"about":[{"href":"https:\/\/qingdaohf.com\/ro\/wp-json\/wp\/v2\/types\/product"}],"replies":[{"embeddable":true,"href":"https:\/\/qingdaohf.com\/ro\/wp-json\/wp\/v2\/comments?post=7473"}],"version-history":[{"count":2,"href":"https:\/\/qingdaohf.com\/ro\/wp-json\/wp\/v2\/product\/7473\/revisions"}],"predecessor-version":[{"id":7479,"href":"https:\/\/qingdaohf.com\/ro\/wp-json\/wp\/v2\/product\/7473\/revisions\/7479"}],"wp:featuredmedia":[{"embeddable":true,"href":"https:\/\/qingdaohf.com\/ro\/wp-json\/wp\/v2\/media\/7475"}],"wp:attachment":[{"href":"https:\/\/qingdaohf.com\/ro\/wp-json\/wp\/v2\/media?parent=7473"}],"wp:term":[{"taxonomy":"product_brand","embeddable":true,"href":"https:\/\/qingdaohf.com\/ro\/wp-json\/wp\/v2\/product_brand?post=7473"},{"taxonomy":"product_cat","embeddable":true,"href":"https:\/\/qingdaohf.com\/ro\/wp-json\/wp\/v2\/product_cat?post=7473"},{"taxonomy":"product_tag","embeddable":true,"href":"https:\/\/qingdaohf.com\/ro\/wp-json\/wp\/v2\/product_tag?post=7473"}],"curies":[{"name":"wp","href":"https:\/\/api.w.org\/{rel}","templated":true}]}}