{"id":7481,"date":"2024-06-19T15:02:52","date_gmt":"2024-06-19T07:02:52","guid":{"rendered":"http:\/\/qingdaohf.com\/?post_type=product&#038;p=7481"},"modified":"2025-11-13T09:03:15","modified_gmt":"2025-11-13T01:03:15","slug":"5-8x24-anchor-bolt","status":"publish","type":"product","link":"https:\/\/qingdaohf.com\/ro\/produs\/bolt-de-ancorare-sb\/","title":{"rendered":"5\/8X24 Bol\u021b de ancorare"},"content":{"rendered":"<p>Bol\u021bul de ancorare este o component\u0103 esen\u021bial\u0103 \u00een industria construc\u021biilor, oferind o solu\u021bie sigur\u0103 \u0219i fiabil\u0103 pentru ancorarea structurilor la funda\u021biile de beton. Aceste bol\u021buri sunt proiectate meticulos pentru a asigura o rezisten\u021b\u0103 \u0219i o durabilitate maxime, ceea ce le face ideale pentru o gam\u0103 larg\u0103 de aplica\u021bii \u00een construc\u021bii. Bol\u021bul de ancorare joac\u0103 un rol esen\u021bial \u00een stabilitatea \u0219i integritatea cl\u0103dirilor, asigur\u00e2ndu-se c\u0103 structurile r\u0103m\u00e2n ferm pe pozi\u021bie chiar \u0219i \u00een condi\u021bii de stres \u0219i sarcin\u0103 semnificative.<\/p>\n<p><strong>Introducere \u00een \u0219uruburile de funda\u021bie<\/strong><\/p>\n<p>\u0218uruburile de funda\u021bie, cum ar fi \u0219urubul de ancorare, sunt esen\u021biale \u00een proiectele de construc\u021bii. Acestea sunt utilizate pentru a fixa structurile la funda\u021biile din beton, oferind suportul necesar pentru a rezista la diverse for\u021be. Aceste \u0219uruburi sunt utilizate \u00een mod obi\u0219nuit \u00een cl\u0103dirile reziden\u021biale, comerciale \u0219i industriale, asigur\u00e2ndu-se c\u0103 structurile r\u0103m\u00e2n stabile \u0219i sigure.<\/p>\n<p>Func\u021bia principal\u0103 a \u0219uruburilor de funda\u021bie este de a transfera sarcinile de la structur\u0103 la funda\u021bia de beton. Acest lucru ajut\u0103 la men\u021binerea integrit\u0103\u021bii structurale \u0219i previne orice mi\u0219c\u0103ri sau deplas\u0103ri nedorite. Bol\u021burile de ancorare sunt proiectate pentru a \u00eendeplini aceste cerin\u021be, oferind performan\u021b\u0103 \u0219i fiabilitate de neegalat.<\/p>\n<p><strong>Rolul \u0219urubului de ancorare \u00een construc\u021bii<\/strong><\/p>\n<p>\u0218urubul de ancorare iese \u00een eviden\u021b\u0103 datorit\u0103 materialelor sale de \u00eenalt\u0103 calitate \u0219i a procesului de fabrica\u021bie precis. Acest bol\u021b de ancorare este proiectat pentru a oferi o rezisten\u021b\u0103 superioar\u0103, asigur\u00e2ndu-se c\u0103 poate face fa\u021b\u0103 sarcinilor grele \u0219i condi\u021biilor extreme. \u00cen domeniul construc\u021biilor, \u0219urubul de ancorare este utilizat \u00een diverse aplica\u021bii, inclusiv pentru fixarea coloanelor, grinzilor \u0219i a altor elemente structurale la funda\u021bia de beton.<\/p>\n<p>Una dintre caracteristicile cheie ale \u0219urubului de ancorare este rezisten\u021ba sa la coroziune. Acest lucru asigur\u0103 faptul c\u0103 \u0219urubul r\u0103m\u00e2ne intact \u0219i func\u021bional chiar \u0219i \u00een medii dificile. Durabilitatea \u0219urubului de ancorare reduce nevoia de \u00eenlocuiri frecvente, economisind at\u00e2t timp, c\u00e2t \u0219i costuri pentru proiectele de construc\u021bie.<\/p>\n<p>\u00cen plus fa\u021b\u0103 de rezisten\u021ba \u0219i durabilitatea sa, Anchor Bolt este, de asemenea, u\u0219or de instalat. Designul permite o instalare rapid\u0103 \u0219i eficient\u0103, asigur\u00e2nd c\u0103 proiectele de construc\u021bie pot continua f\u0103r\u0103 \u00eent\u00e2rzieri. Aceast\u0103 u\u0219urin\u021b\u0103 de instalare face ca Anchor Bolt s\u0103 fie alegerea preferat\u0103 a multor profesioni\u0219ti din domeniul construc\u021biilor.<\/p>\n<p><strong>Aplica\u021bii ale \u0219urubului de ancorare<\/strong><\/p>\n<p>Versatilitatea \u0219urubului de ancorare \u00eel face potrivit pentru o gam\u0103 larg\u0103 de aplica\u021bii. \u00cen construc\u021biile reziden\u021biale, aceste \u0219uruburi sunt utilizate pentru a fixa cadrele caselor \u0219i alte componente structurale la funda\u021bie. Acest lucru asigur\u0103 faptul c\u0103 structura r\u0103m\u00e2ne stabil\u0103 \u0219i poate rezista la diver\u0219i factori de mediu, cum ar fi v\u00e2ntul \u0219i activitatea seismic\u0103.<\/p>\n<p>\u00cen construc\u021biile comerciale, \u0219urubul de ancorare este utilizat pentru a fixa structurile mari, cum ar fi zg\u00e2rie-norii \u0219i podurile, la funda\u021biile lor. Rezisten\u021ba \u0219i fiabilitatea acestor \u0219uruburi sunt esen\u021biale pentru asigurarea siguran\u021bei \u0219i stabilit\u0103\u021bii acestor proiecte de mari dimensiuni. Capacitatea \u0219urubului de ancorare de a suporta sarcini grele \u00eel face o component\u0103 esen\u021bial\u0103 \u00een aceste aplica\u021bii.<\/p>\n<p>Proiectele de construc\u021bii industriale beneficiaz\u0103, de asemenea, de utilizarea \u0219uruburilor de ancorare. Aceste \u0219uruburi sunt utilizate pentru fixarea utilajelor \u0219i echipamentelor la funda\u021bia de beton, asigur\u00e2ndu-se c\u0103 acestea r\u0103m\u00e2n stabile \u00een timpul func\u021bion\u0103rii. Acest lucru este deosebit de important \u00een industriile \u00een care sunt utilizate utilaje grele, deoarece orice mi\u0219care poate duce la riscuri semnificative pentru siguran\u021b\u0103.<\/p>\n<p><strong>Concluzie despre \u0219urubul de ancorare<\/strong><\/p>\n<p>\u0218urubul de ancorare este o component\u0103 vital\u0103 \u00een industria construc\u021biilor, oferind rezisten\u021b\u0103, durabilitate \u0219i fiabilitate de neegalat. Rolul s\u0103u \u00een fixarea structurilor la funda\u021biile de beton asigur\u0103 stabilitatea \u0219i siguran\u021ba diferitelor proiecte de construc\u021bii. Fie \u00een aplica\u021bii reziden\u021biale, comerciale sau industriale, Anchor Bolt este alegerea preferat\u0103 pentru profesioni\u0219tii din construc\u021bii care caut\u0103 o solu\u021bie fiabil\u0103.<\/p>\n<p>Investi\u021bia \u00een \u0219uruburi de funda\u021bie de \u00eenalt\u0103 calitate, precum Anchor Bolt, este esen\u021bial\u0103 pentru succesul oric\u0103rui proiect de construc\u021bie. Aceste \u0219uruburi ofer\u0103 suportul \u0219i stabilitatea necesare, asigur\u00e2nd c\u0103 structurile r\u0103m\u00e2n sigure \u0219i securizate. Cu performan\u021ba sa superioar\u0103 \u0219i u\u0219urin\u021ba de instalare, Anchor Bolt este alegerea ideal\u0103 pentru nevoile dvs. de construc\u021bie.<\/p>","protected":false},"excerpt":{"rendered":"<p>Anchor Bolt este un bol\u021b de funda\u021bie de calitate superioar\u0103, proiectat pentru aplica\u021bii de construc\u021bie sigure \u0219i robuste. Fabricat din materiale de \u00eenalt\u0103 calitate, acest bol\u021b de ancorare asigur\u0103 durabilitate \u0219i fiabilitate maxim\u0103, fiind perfect pentru diverse nevoi de construc\u021bie. Ideal at\u00e2t pentru proiecte reziden\u021biale, c\u00e2t \u0219i comerciale, Anchor Bolt ofer\u0103 performan\u021be superioare \u00een fixarea structurilor la funda\u021biile din beton.<\/p>","protected":false},"featured_media":7485,"comment_status":"open","ping_status":"closed","template":"","meta":{"site-sidebar-layout":"default","site-content-layout":"","ast-site-content-layout":"default","site-content-style":"default","site-sidebar-style":"default","ast-global-header-display":"","ast-banner-title-visibility":"","ast-main-header-display":"","ast-hfb-above-header-display":"","ast-hfb-below-header-display":"","ast-hfb-mobile-header-display":"","site-post-title":"","ast-breadcrumbs-content":"","ast-featured-img":"","footer-sml-layout":"","theme-transparent-header-meta":"default","adv-header-id-meta":"","stick-header-meta":"default","header-above-stick-meta":"","header-main-stick-meta":"","header-below-stick-meta":"","astra-migrate-meta-layouts":"set","ast-page-background-enabled":"default","ast-page-background-meta":{"desktop":{"background-color":"","background-image":"","background-repeat":"repeat","background-position":"center center","background-size":"auto","background-attachment":"scroll","background-type":"","background-media":"","overlay-type":"","overlay-color":"","overlay-opacity":"","overlay-gradient":""},"tablet":{"background-color":"","background-image":"","background-repeat":"repeat","background-position":"center center","background-size":"auto","background-attachment":"scroll","background-type":"","background-media":"","overlay-type":"","overlay-color":"","overlay-opacity":"","overlay-gradient":""},"mobile":{"background-color":"","background-image":"","background-repeat":"repeat","background-position":"center center","background-size":"auto","background-attachment":"scroll","background-type":"","background-media":"","overlay-type":"","overlay-color":"","overlay-opacity":"","overlay-gradient":""}},"ast-content-background-meta":{"desktop":{"background-color":"var(--ast-global-color-5)","background-image":"","background-repeat":"repeat","background-position":"center center","background-size":"auto","background-attachment":"scroll","background-type":"","background-media":"","overlay-type":"","overlay-color":"","overlay-opacity":"","overlay-gradient":""},"tablet":{"background-color":"var(--ast-global-color-5)","background-image":"","background-repeat":"repeat","background-position":"center center","background-size":"auto","background-attachment":"scroll","background-type":"","background-media":"","overlay-type":"","overlay-color":"","overlay-opacity":"","overlay-gradient":""},"mobile":{"background-color":"var(--ast-global-color-5)","background-image":"","background-repeat":"repeat","background-position":"center center","background-size":"auto","background-attachment":"scroll","background-type":"","background-media":"","overlay-type":"","overlay-color":"","overlay-opacity":"","overlay-gradient":""}}},"product_brand":[],"product_cat":[50],"product_tag":[],"class_list":{"0":"post-7481","1":"product","2":"type-product","3":"status-publish","4":"has-post-thumbnail","6":"product_cat-concrete-form-accessories","7":"desktop-align-left","8":"tablet-align-left","9":"mobile-align-left","10":"ast-product-gallery-layout-horizontal-slider","11":"ast-product-tabs-layout-horizontal","13":"first","14":"instock","15":"shipping-taxable","16":"purchasable","17":"product-type-simple"},"yoast_head":"<!-- This site is optimized with the Yoast SEO plugin v25.2 - https:\/\/yoast.com\/wordpress\/plugins\/seo\/ -->\n<title>5\/8X24 Anchor Bolt<\/title>\n<meta name=\"description\" content=\"Anchor Bolt is a premium-quality foundation bolt designed for secure and robust construction applications\" \/>\n<meta name=\"robots\" content=\"index, follow, max-snippet:-1, max-image-preview:large, max-video-preview:-1\" \/>\n<link rel=\"canonical\" href=\"https:\/\/qingdaohf.com\/ro\/produs\/bolt-de-ancorare-sb\/\" \/>\n<meta property=\"og:locale\" content=\"ro_RO\" \/>\n<meta property=\"og:type\" content=\"article\" \/>\n<meta property=\"og:title\" content=\"5\/8X24 Anchor Bolt\" \/>\n<meta property=\"og:description\" content=\"Anchor Bolt is a premium-quality foundation bolt designed for secure and robust construction applications\" \/>\n<meta property=\"og:url\" content=\"https:\/\/qingdaohf.com\/ro\/produs\/bolt-de-ancorare-sb\/\" \/>\n<meta property=\"og:site_name\" content=\"Concrete Form &amp; Rigging Hardware Supplier\" \/>\n<meta property=\"article:publisher\" content=\"https:\/\/www.facebook.com\/qingdaohf\" \/>\n<meta property=\"article:modified_time\" content=\"2025-11-13T01:03:15+00:00\" \/>\n<meta property=\"og:image\" content=\"https:\/\/qingdaohf.com\/wp-content\/uploads\/2024\/06\/sb-anchor-bolt-10.webp\" \/>\n\t<meta property=\"og:image:width\" content=\"1000\" \/>\n\t<meta property=\"og:image:height\" content=\"1000\" \/>\n\t<meta property=\"og:image:type\" content=\"image\/webp\" \/>\n<meta name=\"twitter:card\" content=\"summary_large_image\" \/>\n<meta name=\"twitter:label1\" content=\"Timp estimat pentru citire\" \/>\n\t<meta name=\"twitter:data1\" content=\"3 minute\" \/>\n<script type=\"application\/ld+json\" class=\"yoast-schema-graph\">{\"@context\":\"https:\/\/schema.org\",\"@graph\":[{\"@type\":\"WebPage\",\"@id\":\"https:\/\/qingdaohf.com\/product\/5-8x24-anchor-bolt\/\",\"url\":\"https:\/\/qingdaohf.com\/product\/5-8x24-anchor-bolt\/\",\"name\":\"5\/8X24 Anchor Bolt\",\"isPartOf\":{\"@id\":\"https:\/\/qingdaohf.com\/bg\/#website\"},\"primaryImageOfPage\":{\"@id\":\"https:\/\/qingdaohf.com\/product\/5-8x24-anchor-bolt\/#primaryimage\"},\"image\":{\"@id\":\"https:\/\/qingdaohf.com\/product\/5-8x24-anchor-bolt\/#primaryimage\"},\"thumbnailUrl\":\"https:\/\/qingdaohf.com\/wp-content\/uploads\/2024\/06\/sb-anchor-bolt-10.webp\",\"datePublished\":\"2024-06-19T07:02:52+00:00\",\"dateModified\":\"2025-11-13T01:03:15+00:00\",\"description\":\"Anchor Bolt is a premium-quality foundation bolt designed for secure and robust construction applications\",\"breadcrumb\":{\"@id\":\"https:\/\/qingdaohf.com\/product\/5-8x24-anchor-bolt\/#breadcrumb\"},\"inLanguage\":\"ro-RO\",\"potentialAction\":[{\"@type\":\"ReadAction\",\"target\":[\"https:\/\/qingdaohf.com\/product\/5-8x24-anchor-bolt\/\"]}]},{\"@type\":\"ImageObject\",\"inLanguage\":\"ro-RO\",\"@id\":\"https:\/\/qingdaohf.com\/product\/5-8x24-anchor-bolt\/#primaryimage\",\"url\":\"https:\/\/qingdaohf.com\/wp-content\/uploads\/2024\/06\/sb-anchor-bolt-10.webp\",\"contentUrl\":\"https:\/\/qingdaohf.com\/wp-content\/uploads\/2024\/06\/sb-anchor-bolt-10.webp\",\"width\":1000,\"height\":1000,\"caption\":\"sb anchor bolt\"},{\"@type\":\"BreadcrumbList\",\"@id\":\"https:\/\/qingdaohf.com\/product\/5-8x24-anchor-bolt\/#breadcrumb\",\"itemListElement\":[{\"@type\":\"ListItem\",\"position\":1,\"name\":\"Home\",\"item\":\"https:\/\/qingdaohf.com\/\"},{\"@type\":\"ListItem\",\"position\":2,\"name\":\"Concrete Forming Accessories and Rigging Hardware\",\"item\":\"https:\/\/qingdaohf.com\/bg\/?page_id=944\"},{\"@type\":\"ListItem\",\"position\":3,\"name\":\"5\/8X24 Anchor Bolt\"}]},{\"@type\":\"WebSite\",\"@id\":\"https:\/\/qingdaohf.com\/bg\/#website\",\"url\":\"https:\/\/qingdaohf.com\/bg\/\",\"name\":\"Concrete Form & Rigging Hardware Supplier\",\"description\":\"\",\"publisher\":{\"@id\":\"https:\/\/qingdaohf.com\/bg\/#organization\"},\"potentialAction\":[{\"@type\":\"SearchAction\",\"target\":{\"@type\":\"EntryPoint\",\"urlTemplate\":\"https:\/\/qingdaohf.com\/bg\/?s={search_term_string}\"},\"query-input\":{\"@type\":\"PropertyValueSpecification\",\"valueRequired\":true,\"valueName\":\"search_term_string\"}}],\"inLanguage\":\"ro-RO\"},{\"@type\":\"Organization\",\"@id\":\"https:\/\/qingdaohf.com\/bg\/#organization\",\"name\":\"Qingdao H&F\",\"url\":\"https:\/\/qingdaohf.com\/bg\/\",\"logo\":{\"@type\":\"ImageObject\",\"inLanguage\":\"ro-RO\",\"@id\":\"https:\/\/qingdaohf.com\/bg\/#\/schema\/logo\/image\/\",\"url\":\"https:\/\/qingdaohf.com\/wp-content\/uploads\/2022\/12\/cropped-HF-LOGO.png\",\"contentUrl\":\"https:\/\/qingdaohf.com\/wp-content\/uploads\/2022\/12\/cropped-HF-LOGO.png\",\"width\":391,\"height\":249,\"caption\":\"Qingdao H&F\"},\"image\":{\"@id\":\"https:\/\/qingdaohf.com\/bg\/#\/schema\/logo\/image\/\"},\"sameAs\":[\"https:\/\/www.facebook.com\/qingdaohf\"]}]}<\/script>\n<!-- \/ Yoast SEO plugin. -->","yoast_head_json":{"title":"5\/8X24 Anchor Bolt","description":"Anchor Bolt is a premium-quality foundation bolt designed for secure and robust construction applications","robots":{"index":"index","follow":"follow","max-snippet":"max-snippet:-1","max-image-preview":"max-image-preview:large","max-video-preview":"max-video-preview:-1"},"canonical":"https:\/\/qingdaohf.com\/ro\/produs\/bolt-de-ancorare-sb\/","og_locale":"ro_RO","og_type":"article","og_title":"5\/8X24 Anchor Bolt","og_description":"Anchor Bolt is a premium-quality foundation bolt designed for secure and robust construction applications","og_url":"https:\/\/qingdaohf.com\/ro\/produs\/bolt-de-ancorare-sb\/","og_site_name":"Concrete Form &amp; Rigging Hardware Supplier","article_publisher":"https:\/\/www.facebook.com\/qingdaohf","article_modified_time":"2025-11-13T01:03:15+00:00","og_image":[{"width":1000,"height":1000,"url":"https:\/\/qingdaohf.com\/wp-content\/uploads\/2024\/06\/sb-anchor-bolt-10.webp","type":"image\/webp"}],"twitter_card":"summary_large_image","twitter_misc":{"Timp estimat pentru citire":"3 minute"},"schema":{"@context":"https:\/\/schema.org","@graph":[{"@type":"WebPage","@id":"https:\/\/qingdaohf.com\/product\/5-8x24-anchor-bolt\/","url":"https:\/\/qingdaohf.com\/product\/5-8x24-anchor-bolt\/","name":"5\/8X24 Anchor Bolt","isPartOf":{"@id":"https:\/\/qingdaohf.com\/bg\/#website"},"primaryImageOfPage":{"@id":"https:\/\/qingdaohf.com\/product\/5-8x24-anchor-bolt\/#primaryimage"},"image":{"@id":"https:\/\/qingdaohf.com\/product\/5-8x24-anchor-bolt\/#primaryimage"},"thumbnailUrl":"https:\/\/qingdaohf.com\/wp-content\/uploads\/2024\/06\/sb-anchor-bolt-10.webp","datePublished":"2024-06-19T07:02:52+00:00","dateModified":"2025-11-13T01:03:15+00:00","description":"Anchor Bolt is a premium-quality foundation bolt designed for secure and robust construction applications","breadcrumb":{"@id":"https:\/\/qingdaohf.com\/product\/5-8x24-anchor-bolt\/#breadcrumb"},"inLanguage":"ro-RO","potentialAction":[{"@type":"ReadAction","target":["https:\/\/qingdaohf.com\/product\/5-8x24-anchor-bolt\/"]}]},{"@type":"ImageObject","inLanguage":"ro-RO","@id":"https:\/\/qingdaohf.com\/product\/5-8x24-anchor-bolt\/#primaryimage","url":"https:\/\/qingdaohf.com\/wp-content\/uploads\/2024\/06\/sb-anchor-bolt-10.webp","contentUrl":"https:\/\/qingdaohf.com\/wp-content\/uploads\/2024\/06\/sb-anchor-bolt-10.webp","width":1000,"height":1000,"caption":"sb anchor bolt"},{"@type":"BreadcrumbList","@id":"https:\/\/qingdaohf.com\/product\/5-8x24-anchor-bolt\/#breadcrumb","itemListElement":[{"@type":"ListItem","position":1,"name":"Home","item":"https:\/\/qingdaohf.com\/"},{"@type":"ListItem","position":2,"name":"Concrete Forming Accessories and Rigging Hardware","item":"https:\/\/qingdaohf.com\/bg\/?page_id=944"},{"@type":"ListItem","position":3,"name":"5\/8X24 Anchor Bolt"}]},{"@type":"WebSite","@id":"https:\/\/qingdaohf.com\/bg\/#website","url":"https:\/\/qingdaohf.com\/bg\/","name":"Concrete Form & Rigging Hardware Supplier","description":"","publisher":{"@id":"https:\/\/qingdaohf.com\/bg\/#organization"},"potentialAction":[{"@type":"SearchAction","target":{"@type":"EntryPoint","urlTemplate":"https:\/\/qingdaohf.com\/bg\/?s={search_term_string}"},"query-input":{"@type":"PropertyValueSpecification","valueRequired":true,"valueName":"search_term_string"}}],"inLanguage":"ro-RO"},{"@type":"Organization","@id":"https:\/\/qingdaohf.com\/bg\/#organization","name":"Qingdao H&F","url":"https:\/\/qingdaohf.com\/bg\/","logo":{"@type":"ImageObject","inLanguage":"ro-RO","@id":"https:\/\/qingdaohf.com\/bg\/#\/schema\/logo\/image\/","url":"https:\/\/qingdaohf.com\/wp-content\/uploads\/2022\/12\/cropped-HF-LOGO.png","contentUrl":"https:\/\/qingdaohf.com\/wp-content\/uploads\/2022\/12\/cropped-HF-LOGO.png","width":391,"height":249,"caption":"Qingdao H&F"},"image":{"@id":"https:\/\/qingdaohf.com\/bg\/#\/schema\/logo\/image\/"},"sameAs":["https:\/\/www.facebook.com\/qingdaohf"]}]}},"_links":{"self":[{"href":"https:\/\/qingdaohf.com\/ro\/wp-json\/wp\/v2\/product\/7481","targetHints":{"allow":["GET"]}}],"collection":[{"href":"https:\/\/qingdaohf.com\/ro\/wp-json\/wp\/v2\/product"}],"about":[{"href":"https:\/\/qingdaohf.com\/ro\/wp-json\/wp\/v2\/types\/product"}],"replies":[{"embeddable":true,"href":"https:\/\/qingdaohf.com\/ro\/wp-json\/wp\/v2\/comments?post=7481"}],"version-history":[{"count":5,"href":"https:\/\/qingdaohf.com\/ro\/wp-json\/wp\/v2\/product\/7481\/revisions"}],"predecessor-version":[{"id":8975,"href":"https:\/\/qingdaohf.com\/ro\/wp-json\/wp\/v2\/product\/7481\/revisions\/8975"}],"wp:featuredmedia":[{"embeddable":true,"href":"https:\/\/qingdaohf.com\/ro\/wp-json\/wp\/v2\/media\/7485"}],"wp:attachment":[{"href":"https:\/\/qingdaohf.com\/ro\/wp-json\/wp\/v2\/media?parent=7481"}],"wp:term":[{"taxonomy":"product_brand","embeddable":true,"href":"https:\/\/qingdaohf.com\/ro\/wp-json\/wp\/v2\/product_brand?post=7481"},{"taxonomy":"product_cat","embeddable":true,"href":"https:\/\/qingdaohf.com\/ro\/wp-json\/wp\/v2\/product_cat?post=7481"},{"taxonomy":"product_tag","embeddable":true,"href":"https:\/\/qingdaohf.com\/ro\/wp-json\/wp\/v2\/product_tag?post=7481"}],"curies":[{"name":"wp","href":"https:\/\/api.w.org\/{rel}","templated":true}]}}