{"id":7512,"date":"2024-06-27T14:28:56","date_gmt":"2024-06-27T06:28:56","guid":{"rendered":"http:\/\/qingdaohf.com\/?post_type=product&#038;p=7512"},"modified":"2025-11-13T09:03:15","modified_gmt":"2025-11-13T01:03:15","slug":"l-bolts-for-concrete","status":"publish","type":"product","link":"https:\/\/qingdaohf.com\/ro\/produs\/l-suruburi-pentru-beton\/","title":{"rendered":"\u0218uruburi de ancorare pentru funda\u021bie \u0218uruburi L pentru beton"},"content":{"rendered":"<h3>Introducere \u00een \u0219uruburile L pentru beton<\/h3>\n<p>\u0218uruburile \u00een form\u0103 de L, cunoscute \u0219i ca \u0219uruburi de ancorare \u00een form\u0103 de L, sunt componente indispensabile \u00een industria construc\u021biilor. Aceste \u0219uruburi sunt special concepute pentru ancorarea structurilor de beton, oferind o funda\u021bie fiabil\u0103 \u0219i robust\u0103 pentru diferite tipuri de cl\u0103diri \u0219i proiecte de infrastructur\u0103. Forma lor \u00een L ofer\u0103 o putere de fixare excep\u021bional\u0103, ceea ce le face alegerea ideal\u0103 pentru fixarea \u00eenc\u0103rc\u0103turilor grele \u0219i asigurarea integrit\u0103\u021bii structurale.<\/p>\n<h3>Importan\u021ba \u0219uruburilor L \u00een construc\u021bii<\/h3>\n<p>\u00cen orice proiect de construc\u021bie, funda\u021bia este cel mai important aspect. Aceasta sus\u021bine \u00eentreaga structur\u0103 \u0219i \u00eei asigur\u0103 stabilitatea. \u0218uruburile L pentru beton joac\u0103 un rol crucial \u00een aceast\u0103 privin\u021b\u0103. Acestea sunt \u00eencorporate \u00een funda\u021bia de beton, cu cap\u0103tul filetat proeminent pentru a fixa elementele structurale. Acest design ofer\u0103 o conexiune puternic\u0103 \u0219i sigur\u0103 care poate rezista la stres \u0219i sarcin\u0103 semnificative.<\/p>\n<p>\u0218uruburile L sunt utilizate \u00een mod obi\u0219nuit \u00eentr-o varietate de aplica\u021bii, inclusiv cl\u0103diri reziden\u021biale, structuri comerciale, poduri \u0219i instala\u021bii industriale. Capacitatea lor de a oferi un punct de ancorare stabil le face esen\u021biale pentru asigurarea siguran\u021bei \u0219i longevit\u0103\u021bii acestor construc\u021bii. Prin utilizarea \u0219uruburilor L, profesioni\u0219tii din construc\u021bii pot fi \u00eencrez\u0103tori \u00een fiabilitatea \u0219i durabilitatea proiectelor lor.<\/p>\n<h3>Tipuri \u0219i dimensiuni de \u0219uruburi L<\/h3>\n<p>\u0218uruburile L sunt disponibile \u00een diferite dimensiuni \u0219i materiale pentru a satisface nevoile diverse ale diferitelor proiecte de construc\u021bii. \u0218uruburile noastre L pentru beton sunt disponibile \u00een urm\u0103toarele dimensiuni: 5\/8, 3\/8, 1\/2 \u0219i 1\/4 inch. Fiecare dimensiune este proiectat\u0103 pentru a face fa\u021b\u0103 unor sarcini \u0219i aplica\u021bii specifice, asigur\u00e2nd o performan\u021b\u0103 optim\u0103 \u00een diverse scenarii de construc\u021bie.<\/p>\n<p>\u00cen plus, oferim \u0219uruburi L at\u00e2t \u00een variante galvanizate, c\u00e2t \u0219i din o\u021bel inoxidabil. \u0218uruburile L galvanizate sunt acoperite cu un strat de zinc, oferind o rezisten\u021b\u0103 excelent\u0103 la coroziune \u0219i prelungind durata de via\u021b\u0103 a \u0219uruburilor. Acest lucru le face potrivite pentru medii exterioare \u0219i expuse, unde sunt supuse la condi\u021bii meteorologice dure. Pe de alt\u0103 parte, \u0219uruburile L din o\u021bel inoxidabil ofer\u0103 rezisten\u021b\u0103 superioar\u0103 \u0219i rezisten\u021b\u0103 la rugin\u0103 \u0219i coroziune, fiind ideale pentru proiectele care necesit\u0103 cel mai \u00eenalt nivel de durabilitate \u0219i performan\u021b\u0103.<\/p>\n<h3>Aplica\u021bii ale \u0219uruburilor L \u00een construc\u021bii<\/h3>\n<p>Versatilitatea \u0219uruburilor L le face potrivite pentru o gam\u0103 larg\u0103 de aplica\u021bii \u00een industria construc\u021biilor. Acestea sunt utilizate \u00een mod obi\u0219nuit pentru a fixa coloane structurale, grinzi \u0219i suporturi \u00een funda\u021bii de beton. Acest lucru asigur\u0103 c\u0103 elementele structurale sunt ancorate ferm, prevenind orice mi\u0219care sau deplasare care ar putea compromite integritatea cl\u0103dirii.<\/p>\n<p>\u00cen plus fa\u021b\u0103 de aplica\u021biile structurale, \u0219uruburile L sunt, de asemenea, utilizate \u00een diverse alte sarcini de construc\u021bie. De exemplu, acestea sunt adesea folosite la instalarea de utilaje \u0219i echipamente grele, unde un punct de ancorare sigur este esen\u021bial pentru a preveni orice pericole poten\u021biale. \u0218uruburile L sunt, de asemenea, utilizate \u00een construc\u021bia zidurilor de sprijin, unde ofer\u0103 suportul necesar pentru a rezista presiunii exercitate de sol.<\/p>\n<p>\u00cen plus, \u0219uruburile L sunt utilizate pe scar\u0103 larg\u0103 \u00een proiecte de infrastructur\u0103 precum poduri \u0219i tuneluri. Aceste proiecte necesit\u0103 puncte de ancorare robuste \u0219i fiabile pentru a asigura stabilitatea \u0219i siguran\u021ba structurilor. Prin utilizarea \u0219uruburilor L, inginerii pot crea conexiuni puternice care pot rezista la sarcinile \u0219i solicit\u0103rile dinamice asociate cu aceste construc\u021bii la scar\u0103 larg\u0103.<\/p>\n<h3>Instalarea \u0219i \u00eentre\u021binerea \u0219uruburilor L<\/h3>\n<p>Instalarea \u0219i \u00eentre\u021binerea corect\u0103 a \u0219uruburilor L sunt esen\u021biale pentru a asigura performan\u021ba \u0219i longevitatea acestora. \u00cen timpul instal\u0103rii, este important s\u0103 v\u0103 asigura\u021bi c\u0103 \u0219uruburile sunt pozi\u021bionate corect \u0219i \u00eencorporate sigur \u00een beton. Acest lucru necesit\u0103 m\u0103sur\u0103tori precise \u0219i aliniere pentru a se asigura c\u0103 \u0219uruburile ofer\u0103 suportul necesar.<\/p>\n<p>Odat\u0103 ce \u0219uruburile L sunt instalate, \u00eentre\u021binerea regulat\u0103 este esen\u021bial\u0103 pentru a asigura performan\u021ba lor continu\u0103. Aceasta include inspec\u021bii periodice pentru a verifica orice semne de coroziune, uzur\u0103 sau deteriorare. \u00cen cazul \u0219uruburilor L galvanizate, este important s\u0103 se asigure c\u0103 stratul de zinc r\u0103m\u00e2ne intact pentru a oferi o rezisten\u021b\u0103 eficient\u0103 la coroziune. \u00cen cazul \u0219uruburilor L din o\u021bel inoxidabil, cur\u0103\u021barea \u0219i inspec\u021bia periodic\u0103 sunt necesare pentru a men\u021bine aspectul \u0219i func\u021bionalitatea acestora.<\/p>\n<h3>Concluzie<\/h3>\n<p>\u0218uruburile L pentru beton sunt o component\u0103 vital\u0103 \u00een industria construc\u021biilor, oferind solu\u021bii de ancorare fiabile \u0219i robuste pentru diverse aplica\u021bii. Designul lor \u00een form\u0103 de L asigur\u0103 o putere de fixare excep\u021bional\u0103, f\u0103c\u00e2ndu-le ideale pentru fixarea sarcinilor grele \u0219i asigurarea stabilit\u0103\u021bii structurilor. Disponibile \u00een diferite dimensiuni \u0219i materiale, inclusiv o\u021bel galvanizat \u0219i inoxidabil, aceste \u0219uruburi ofer\u0103 durabilitate \u0219i rezisten\u021b\u0103 la coroziune pentru o gam\u0103 larg\u0103 de proiecte de construc\u021bii.<\/p>\n<p>\u00cen\u021beleg\u00e2nd importan\u021ba \u0219uruburilor L \u0219i urm\u00e2nd practici adecvate de instalare \u0219i \u00eentre\u021binere, profesioni\u0219tii din construc\u021bii pot asigura siguran\u021ba, stabilitatea \u0219i longevitatea proiectelor lor. Fie c\u0103 este vorba de cl\u0103diri reziden\u021biale, structuri comerciale sau proiecte de infrastructur\u0103 la scar\u0103 larg\u0103, \u0219uruburile L pentru beton sunt un instrument esen\u021bial pentru ob\u021binerea unor rezultate fiabile \u0219i durabile \u00een construc\u021bii.<\/p>\n<div class=\"ast-oembed-container\" style=\"height: 100%;\"><iframe title=\"Bol\u021buri de funda\u021bie Bol\u021b J\" width=\"500\" height=\"281\" src=\"https:\/\/www.youtube.com\/embed\/F2jfo40uEQM?feature=oembed\" frameborder=\"0\" allow=\"accelerometer; autoplay; clipboard-write; encrypted-media; gyroscope; picture-in-picture; web-share\" referrerpolicy=\"strict-origin-when-cross-origin\" allowfullscreen><\/iframe><\/div>","protected":false},"excerpt":{"rendered":"<p>\u0218uruburile noastre \u00een form\u0103 de L de \u00eenalt\u0103 calitate pentru beton sunt esen\u021biale pentru ancorarea sigur\u0103 a funda\u021biei. Disponibile \u00een dimensiuni de 5\/8, 3\/8, 1\/2 \u0219i 1\/4, aceste \u0219uruburi de ancorare \u00een form\u0103 de L sunt disponibile \u00een op\u021biuni galvanizate \u0219i din o\u021bel inoxidabil. Perfecte pentru diverse proiecte de construc\u021bie, aceste \u0219uruburi asigur\u0103 durabilitate \u0219i stabilitate.<\/p>","protected":false},"featured_media":6996,"comment_status":"open","ping_status":"closed","template":"","meta":{"site-sidebar-layout":"default","site-content-layout":"","ast-site-content-layout":"default","site-content-style":"default","site-sidebar-style":"default","ast-global-header-display":"","ast-banner-title-visibility":"","ast-main-header-display":"","ast-hfb-above-header-display":"","ast-hfb-below-header-display":"","ast-hfb-mobile-header-display":"","site-post-title":"","ast-breadcrumbs-content":"","ast-featured-img":"","footer-sml-layout":"","theme-transparent-header-meta":"default","adv-header-id-meta":"","stick-header-meta":"default","header-above-stick-meta":"","header-main-stick-meta":"","header-below-stick-meta":"","astra-migrate-meta-layouts":"set","ast-page-background-enabled":"default","ast-page-background-meta":{"desktop":{"background-color":"","background-image":"","background-repeat":"repeat","background-position":"center center","background-size":"auto","background-attachment":"scroll","background-type":"","background-media":"","overlay-type":"","overlay-color":"","overlay-opacity":"","overlay-gradient":""},"tablet":{"background-color":"","background-image":"","background-repeat":"repeat","background-position":"center center","background-size":"auto","background-attachment":"scroll","background-type":"","background-media":"","overlay-type":"","overlay-color":"","overlay-opacity":"","overlay-gradient":""},"mobile":{"background-color":"","background-image":"","background-repeat":"repeat","background-position":"center center","background-size":"auto","background-attachment":"scroll","background-type":"","background-media":"","overlay-type":"","overlay-color":"","overlay-opacity":"","overlay-gradient":""}},"ast-content-background-meta":{"desktop":{"background-color":"var(--ast-global-color-5)","background-image":"","background-repeat":"repeat","background-position":"center center","background-size":"auto","background-attachment":"scroll","background-type":"","background-media":"","overlay-type":"","overlay-color":"","overlay-opacity":"","overlay-gradient":""},"tablet":{"background-color":"var(--ast-global-color-5)","background-image":"","background-repeat":"repeat","background-position":"center center","background-size":"auto","background-attachment":"scroll","background-type":"","background-media":"","overlay-type":"","overlay-color":"","overlay-opacity":"","overlay-gradient":""},"mobile":{"background-color":"var(--ast-global-color-5)","background-image":"","background-repeat":"repeat","background-position":"center center","background-size":"auto","background-attachment":"scroll","background-type":"","background-media":"","overlay-type":"","overlay-color":"","overlay-opacity":"","overlay-gradient":""}}},"product_brand":[],"product_cat":[28],"product_tag":[],"class_list":{"0":"post-7512","1":"product","2":"type-product","3":"status-publish","4":"has-post-thumbnail","6":"product_cat-concrete-forming","7":"desktop-align-left","8":"tablet-align-left","9":"mobile-align-left","10":"ast-product-gallery-layout-horizontal-slider","11":"ast-product-tabs-layout-horizontal","13":"first","14":"instock","15":"featured","16":"shipping-taxable","17":"purchasable","18":"product-type-simple"},"yoast_head":"<!-- This site is optimized with the Yoast SEO plugin v25.2 - https:\/\/yoast.com\/wordpress\/plugins\/seo\/ -->\n<title>Foundation Anchor Bolts L Bolts for Concrete<\/title>\n<meta name=\"description\" content=\"L bolts for concrete are essential for secure foundation anchoring. Available in 5\/8, 3\/8, 1\/2, and 1\/4 sizes.\" \/>\n<meta name=\"robots\" content=\"index, follow, max-snippet:-1, max-image-preview:large, max-video-preview:-1\" \/>\n<link rel=\"canonical\" href=\"https:\/\/qingdaohf.com\/ro\/produs\/l-suruburi-pentru-beton\/\" \/>\n<meta property=\"og:locale\" content=\"ro_RO\" \/>\n<meta property=\"og:type\" content=\"article\" \/>\n<meta property=\"og:title\" content=\"Foundation Anchor Bolts L Bolts for Concrete\" \/>\n<meta property=\"og:description\" content=\"L bolts for concrete are essential for secure foundation anchoring. Available in 5\/8, 3\/8, 1\/2, and 1\/4 sizes.\" \/>\n<meta property=\"og:url\" content=\"https:\/\/qingdaohf.com\/ro\/produs\/l-suruburi-pentru-beton\/\" \/>\n<meta property=\"og:site_name\" content=\"Concrete Form &amp; Rigging Hardware Supplier\" \/>\n<meta property=\"article:publisher\" content=\"https:\/\/www.facebook.com\/qingdaohf\" \/>\n<meta property=\"article:modified_time\" content=\"2025-11-13T01:03:15+00:00\" \/>\n<meta property=\"og:image\" content=\"https:\/\/qingdaohf.com\/wp-content\/uploads\/2024\/05\/J-bolt-2.jpg\" \/>\n\t<meta property=\"og:image:width\" content=\"1000\" \/>\n\t<meta property=\"og:image:height\" content=\"1000\" \/>\n\t<meta property=\"og:image:type\" content=\"image\/jpeg\" \/>\n<meta name=\"twitter:card\" content=\"summary_large_image\" \/>\n<meta name=\"twitter:label1\" content=\"Timp estimat pentru citire\" \/>\n\t<meta name=\"twitter:data1\" content=\"4 minute\" \/>\n<script type=\"application\/ld+json\" class=\"yoast-schema-graph\">{\"@context\":\"https:\/\/schema.org\",\"@graph\":[{\"@type\":\"WebPage\",\"@id\":\"https:\/\/qingdaohf.com\/product\/l-bolts-for-concrete\/\",\"url\":\"https:\/\/qingdaohf.com\/product\/l-bolts-for-concrete\/\",\"name\":\"Foundation Anchor Bolts L Bolts for Concrete\",\"isPartOf\":{\"@id\":\"https:\/\/qingdaohf.com\/bg\/#website\"},\"primaryImageOfPage\":{\"@id\":\"https:\/\/qingdaohf.com\/product\/l-bolts-for-concrete\/#primaryimage\"},\"image\":{\"@id\":\"https:\/\/qingdaohf.com\/product\/l-bolts-for-concrete\/#primaryimage\"},\"thumbnailUrl\":\"https:\/\/qingdaohf.com\/wp-content\/uploads\/2024\/05\/J-bolt-2.jpg\",\"datePublished\":\"2024-06-27T06:28:56+00:00\",\"dateModified\":\"2025-11-13T01:03:15+00:00\",\"description\":\"L bolts for concrete are essential for secure foundation anchoring. Available in 5\/8, 3\/8, 1\/2, and 1\/4 sizes.\",\"breadcrumb\":{\"@id\":\"https:\/\/qingdaohf.com\/product\/l-bolts-for-concrete\/#breadcrumb\"},\"inLanguage\":\"ro-RO\",\"potentialAction\":[{\"@type\":\"ReadAction\",\"target\":[\"https:\/\/qingdaohf.com\/product\/l-bolts-for-concrete\/\"]}]},{\"@type\":\"ImageObject\",\"inLanguage\":\"ro-RO\",\"@id\":\"https:\/\/qingdaohf.com\/product\/l-bolts-for-concrete\/#primaryimage\",\"url\":\"https:\/\/qingdaohf.com\/wp-content\/uploads\/2024\/05\/J-bolt-2.jpg\",\"contentUrl\":\"https:\/\/qingdaohf.com\/wp-content\/uploads\/2024\/05\/J-bolt-2.jpg\",\"width\":1000,\"height\":1000,\"caption\":\"l bolts for concrete\"},{\"@type\":\"BreadcrumbList\",\"@id\":\"https:\/\/qingdaohf.com\/product\/l-bolts-for-concrete\/#breadcrumb\",\"itemListElement\":[{\"@type\":\"ListItem\",\"position\":1,\"name\":\"Home\",\"item\":\"https:\/\/qingdaohf.com\/\"},{\"@type\":\"ListItem\",\"position\":2,\"name\":\"Concrete Forming Accessories and Rigging Hardware\",\"item\":\"https:\/\/qingdaohf.com\/bg\/?page_id=944\"},{\"@type\":\"ListItem\",\"position\":3,\"name\":\"Foundation Anchor Bolts L Bolts for Concrete\"}]},{\"@type\":\"WebSite\",\"@id\":\"https:\/\/qingdaohf.com\/bg\/#website\",\"url\":\"https:\/\/qingdaohf.com\/bg\/\",\"name\":\"Concrete Form & Rigging Hardware Supplier\",\"description\":\"\",\"publisher\":{\"@id\":\"https:\/\/qingdaohf.com\/bg\/#organization\"},\"potentialAction\":[{\"@type\":\"SearchAction\",\"target\":{\"@type\":\"EntryPoint\",\"urlTemplate\":\"https:\/\/qingdaohf.com\/bg\/?s={search_term_string}\"},\"query-input\":{\"@type\":\"PropertyValueSpecification\",\"valueRequired\":true,\"valueName\":\"search_term_string\"}}],\"inLanguage\":\"ro-RO\"},{\"@type\":\"Organization\",\"@id\":\"https:\/\/qingdaohf.com\/bg\/#organization\",\"name\":\"Qingdao H&F\",\"url\":\"https:\/\/qingdaohf.com\/bg\/\",\"logo\":{\"@type\":\"ImageObject\",\"inLanguage\":\"ro-RO\",\"@id\":\"https:\/\/qingdaohf.com\/bg\/#\/schema\/logo\/image\/\",\"url\":\"https:\/\/qingdaohf.com\/wp-content\/uploads\/2022\/12\/cropped-HF-LOGO.png\",\"contentUrl\":\"https:\/\/qingdaohf.com\/wp-content\/uploads\/2022\/12\/cropped-HF-LOGO.png\",\"width\":391,\"height\":249,\"caption\":\"Qingdao H&F\"},\"image\":{\"@id\":\"https:\/\/qingdaohf.com\/bg\/#\/schema\/logo\/image\/\"},\"sameAs\":[\"https:\/\/www.facebook.com\/qingdaohf\"]}]}<\/script>\n<!-- \/ Yoast SEO plugin. -->","yoast_head_json":{"title":"Foundation Anchor Bolts L Bolts for Concrete","description":"L bolts for concrete are essential for secure foundation anchoring. Available in 5\/8, 3\/8, 1\/2, and 1\/4 sizes.","robots":{"index":"index","follow":"follow","max-snippet":"max-snippet:-1","max-image-preview":"max-image-preview:large","max-video-preview":"max-video-preview:-1"},"canonical":"https:\/\/qingdaohf.com\/ro\/produs\/l-suruburi-pentru-beton\/","og_locale":"ro_RO","og_type":"article","og_title":"Foundation Anchor Bolts L Bolts for Concrete","og_description":"L bolts for concrete are essential for secure foundation anchoring. Available in 5\/8, 3\/8, 1\/2, and 1\/4 sizes.","og_url":"https:\/\/qingdaohf.com\/ro\/produs\/l-suruburi-pentru-beton\/","og_site_name":"Concrete Form &amp; Rigging Hardware Supplier","article_publisher":"https:\/\/www.facebook.com\/qingdaohf","article_modified_time":"2025-11-13T01:03:15+00:00","og_image":[{"width":1000,"height":1000,"url":"https:\/\/qingdaohf.com\/wp-content\/uploads\/2024\/05\/J-bolt-2.jpg","type":"image\/jpeg"}],"twitter_card":"summary_large_image","twitter_misc":{"Timp estimat pentru citire":"4 minute"},"schema":{"@context":"https:\/\/schema.org","@graph":[{"@type":"WebPage","@id":"https:\/\/qingdaohf.com\/product\/l-bolts-for-concrete\/","url":"https:\/\/qingdaohf.com\/product\/l-bolts-for-concrete\/","name":"Foundation Anchor Bolts L Bolts for Concrete","isPartOf":{"@id":"https:\/\/qingdaohf.com\/bg\/#website"},"primaryImageOfPage":{"@id":"https:\/\/qingdaohf.com\/product\/l-bolts-for-concrete\/#primaryimage"},"image":{"@id":"https:\/\/qingdaohf.com\/product\/l-bolts-for-concrete\/#primaryimage"},"thumbnailUrl":"https:\/\/qingdaohf.com\/wp-content\/uploads\/2024\/05\/J-bolt-2.jpg","datePublished":"2024-06-27T06:28:56+00:00","dateModified":"2025-11-13T01:03:15+00:00","description":"L bolts for concrete are essential for secure foundation anchoring. Available in 5\/8, 3\/8, 1\/2, and 1\/4 sizes.","breadcrumb":{"@id":"https:\/\/qingdaohf.com\/product\/l-bolts-for-concrete\/#breadcrumb"},"inLanguage":"ro-RO","potentialAction":[{"@type":"ReadAction","target":["https:\/\/qingdaohf.com\/product\/l-bolts-for-concrete\/"]}]},{"@type":"ImageObject","inLanguage":"ro-RO","@id":"https:\/\/qingdaohf.com\/product\/l-bolts-for-concrete\/#primaryimage","url":"https:\/\/qingdaohf.com\/wp-content\/uploads\/2024\/05\/J-bolt-2.jpg","contentUrl":"https:\/\/qingdaohf.com\/wp-content\/uploads\/2024\/05\/J-bolt-2.jpg","width":1000,"height":1000,"caption":"l bolts for concrete"},{"@type":"BreadcrumbList","@id":"https:\/\/qingdaohf.com\/product\/l-bolts-for-concrete\/#breadcrumb","itemListElement":[{"@type":"ListItem","position":1,"name":"Home","item":"https:\/\/qingdaohf.com\/"},{"@type":"ListItem","position":2,"name":"Concrete Forming Accessories and Rigging Hardware","item":"https:\/\/qingdaohf.com\/bg\/?page_id=944"},{"@type":"ListItem","position":3,"name":"Foundation Anchor Bolts L Bolts for Concrete"}]},{"@type":"WebSite","@id":"https:\/\/qingdaohf.com\/bg\/#website","url":"https:\/\/qingdaohf.com\/bg\/","name":"Concrete Form & Rigging Hardware Supplier","description":"","publisher":{"@id":"https:\/\/qingdaohf.com\/bg\/#organization"},"potentialAction":[{"@type":"SearchAction","target":{"@type":"EntryPoint","urlTemplate":"https:\/\/qingdaohf.com\/bg\/?s={search_term_string}"},"query-input":{"@type":"PropertyValueSpecification","valueRequired":true,"valueName":"search_term_string"}}],"inLanguage":"ro-RO"},{"@type":"Organization","@id":"https:\/\/qingdaohf.com\/bg\/#organization","name":"Qingdao H&F","url":"https:\/\/qingdaohf.com\/bg\/","logo":{"@type":"ImageObject","inLanguage":"ro-RO","@id":"https:\/\/qingdaohf.com\/bg\/#\/schema\/logo\/image\/","url":"https:\/\/qingdaohf.com\/wp-content\/uploads\/2022\/12\/cropped-HF-LOGO.png","contentUrl":"https:\/\/qingdaohf.com\/wp-content\/uploads\/2022\/12\/cropped-HF-LOGO.png","width":391,"height":249,"caption":"Qingdao H&F"},"image":{"@id":"https:\/\/qingdaohf.com\/bg\/#\/schema\/logo\/image\/"},"sameAs":["https:\/\/www.facebook.com\/qingdaohf"]}]}},"_links":{"self":[{"href":"https:\/\/qingdaohf.com\/ro\/wp-json\/wp\/v2\/product\/7512","targetHints":{"allow":["GET"]}}],"collection":[{"href":"https:\/\/qingdaohf.com\/ro\/wp-json\/wp\/v2\/product"}],"about":[{"href":"https:\/\/qingdaohf.com\/ro\/wp-json\/wp\/v2\/types\/product"}],"replies":[{"embeddable":true,"href":"https:\/\/qingdaohf.com\/ro\/wp-json\/wp\/v2\/comments?post=7512"}],"version-history":[{"count":3,"href":"https:\/\/qingdaohf.com\/ro\/wp-json\/wp\/v2\/product\/7512\/revisions"}],"predecessor-version":[{"id":7552,"href":"https:\/\/qingdaohf.com\/ro\/wp-json\/wp\/v2\/product\/7512\/revisions\/7552"}],"wp:featuredmedia":[{"embeddable":true,"href":"https:\/\/qingdaohf.com\/ro\/wp-json\/wp\/v2\/media\/6996"}],"wp:attachment":[{"href":"https:\/\/qingdaohf.com\/ro\/wp-json\/wp\/v2\/media?parent=7512"}],"wp:term":[{"taxonomy":"product_brand","embeddable":true,"href":"https:\/\/qingdaohf.com\/ro\/wp-json\/wp\/v2\/product_brand?post=7512"},{"taxonomy":"product_cat","embeddable":true,"href":"https:\/\/qingdaohf.com\/ro\/wp-json\/wp\/v2\/product_cat?post=7512"},{"taxonomy":"product_tag","embeddable":true,"href":"https:\/\/qingdaohf.com\/ro\/wp-json\/wp\/v2\/product_tag?post=7512"}],"curies":[{"name":"wp","href":"https:\/\/api.w.org\/{rel}","templated":true}]}}