{"id":7535,"date":"2024-06-28T14:33:31","date_gmt":"2024-06-28T06:33:31","guid":{"rendered":"http:\/\/qingdaohf.com\/?post_type=product&#038;p=7535"},"modified":"2025-11-13T09:03:14","modified_gmt":"2025-11-13T01:03:14","slug":"j-hook-tow-chain","status":"publish","type":"product","link":"https:\/\/qingdaohf.com\/ro\/produs\/j-carlig-lant-de-remorcare\/","title":{"rendered":"Lan\u021b de remorcare cu c\u00e2rlig J"},"content":{"rendered":"<h3><strong>Prezentarea lan\u021bului de remorcare J Hook<\/strong><\/h3>\n<p>Lan\u021bul de remorcare J Hook este o component\u0103 esen\u021bial\u0103 \u00een industria de remorcare \u0219i recuperare, cunoscut\u0103 pentru robuste\u021bea \u0219i versatilitatea sa. Fabricat din o\u021bel de \u00eenalt\u0103 rezisten\u021b\u0103, acest lan\u021b este conceput pentru a face fa\u021b\u0103 cu u\u0219urin\u021b\u0103 celor mai solicitante sarcini de remorcare. Fie c\u0103 sunte\u021bi un operator profesionist de remorcare sau un pasionat de bricolaj, lan\u021bul de remorcare J Hook este un instrument esen\u021bial pentru asigurarea transportului sigur \u0219i eficient al vehiculelor \u0219i al \u00eenc\u0103rc\u0103turilor grele.<\/p>\n<p><img fetchpriority=\"high\" decoding=\"async\" class=\"alignnone size-full wp-image-7518\" src=\"http:\/\/qingdaohf.com\/wp-content\/uploads\/2024\/06\/G70-TOW-CHAIN-3.webp\" alt=\"Lan\u021b cu c\u00e2rlig J\" width=\"1000\" height=\"1000\" srcset=\"https:\/\/qingdaohf.com\/wp-content\/uploads\/2024\/06\/G70-TOW-CHAIN-3.webp 1000w, https:\/\/qingdaohf.com\/wp-content\/uploads\/2024\/06\/G70-TOW-CHAIN-3-300x300.webp 300w, https:\/\/qingdaohf.com\/wp-content\/uploads\/2024\/06\/G70-TOW-CHAIN-3-150x150.webp 150w, https:\/\/qingdaohf.com\/wp-content\/uploads\/2024\/06\/G70-TOW-CHAIN-3-768x768.webp 768w, https:\/\/qingdaohf.com\/wp-content\/uploads\/2024\/06\/G70-TOW-CHAIN-3-12x12.webp 12w, https:\/\/qingdaohf.com\/wp-content\/uploads\/2024\/06\/G70-TOW-CHAIN-3-500x500.webp 500w, https:\/\/qingdaohf.com\/wp-content\/uploads\/2024\/06\/G70-TOW-CHAIN-3-100x100.webp 100w\" sizes=\"(max-width: 1000px) 100vw, 1000px\" \/><\/p>\n<h3><strong>Aplica\u021bii ale lan\u021bului de remorcare J Hook<\/strong><\/h3>\n<p>Lan\u021bul de remorcare J Hook exceleaz\u0103 \u00eentr-o varietate de aplica\u021bii. Acesta este utilizat \u00een mod obi\u0219nuit \u00een opera\u021biunile de recuperare a vehiculelor, unde rezisten\u021ba \u0219i fiabilitatea sa sunt primordiale. Designul c\u00e2rligului J permite fixarea sigur\u0103 pe cadrele vehiculelor, axe \u0219i alte puncte de ancorare, asigur\u00e2nd c\u0103 \u00eenc\u0103rc\u0103tura este \u021binut\u0103 ferm \u00een pozi\u021bie \u00een timpul transportului. Acest lan\u021b este, de asemenea, indispensabil pentru fixarea \u00eenc\u0103rc\u0103turilor pe remorci, oferind un nivel suplimentar de siguran\u021b\u0103 \u00een timpul transportului.<\/p>\n<p>\u00cen plus fa\u021b\u0103 de recuperarea vehiculelor, lan\u021bul de remorcare J Hook este ideal pentru o gam\u0103 larg\u0103 de aplica\u021bii grele. Profesioni\u0219tii din construc\u021bii \u00eel folosesc pentru a fixa echipamente \u0219i materiale, \u00een timp ce fermierii \u0219i fermierii \u00eel consider\u0103 nepre\u021buit pentru tragerea \u0219i fixarea obiectelor grele. Versatilitatea sa \u00eel face o solu\u021bie la \u00eendem\u00e2n\u0103 pentru orice sarcin\u0103 care necesit\u0103 lan\u021buri puternice \u0219i fiabile.<\/p>\n<h3><strong>Caracteristici \u0219i beneficii<\/strong><\/h3>\n<p>Una dintre caracteristicile deosebite ale lan\u021bului de remorcare J Hook este durabilitatea sa. Construit din o\u021bel de \u00eenalt\u0103 calitate, acesta este proiectat s\u0103 reziste la solicit\u0103ri extreme \u0219i la sarcini grele f\u0103r\u0103 s\u0103 se \u00eendoaie sau s\u0103 se rup\u0103. Lan\u021bul este, de asemenea, tratat cu un strat rezistent la coroziune, asigur\u00e2nd longevitatea chiar \u0219i \u00een medii dificile. Aceast\u0103 durabilitate se traduce prin fiabilitate pe termen lung, f\u0103c\u00e2nd din lan\u021bul de remorcare J Hook o investi\u021bie rentabil\u0103 at\u00e2t pentru profesioni\u0219ti, c\u00e2t \u0219i pentru amatori.<\/p>\n<p>Un alt avantaj cheie al lan\u021bului de remorcare J Hook este u\u0219urin\u021ba sa de utilizare. Designul J Hook permite ata\u0219area rapid\u0103 \u0219i sigur\u0103 la diverse puncte de ancorare, reduc\u00e2nd timpul de instalare \u0219i cresc\u00e2nd eficien\u021ba. Lan\u021bul este disponibil \u00een mai multe lungimi \u0219i capacit\u0103\u021bi de \u00eenc\u0103rcare, permi\u021b\u00e2nd utilizatorilor s\u0103 aleag\u0103 varianta perfect\u0103 pentru nevoile lor specifice. Aceast\u0103 flexibilitate asigur\u0103 faptul c\u0103 lan\u021bul de remorcare J Hook poate face fa\u021b\u0103 unei game largi de sarcini de remorcare \u0219i fixare.<\/p>\n<h3><strong>De ce s\u0103 alege\u021bi lan\u021bul de remorcare J Hook?<\/strong><\/h3>\n<p>Siguran\u021ba este o prioritate absolut\u0103 atunci c\u00e2nd vine vorba de remorcare \u0219i securizarea \u00eenc\u0103rc\u0103turii, iar lan\u021bul de remorcare J Hook \u00eendepline\u0219te acest obiectiv. Construc\u021bia sa robust\u0103 \u0219i capacit\u0103\u021bile de ata\u0219are sigur\u0103 asigur\u0103 lini\u0219tea sufleteasc\u0103, \u0219tiind c\u0103 \u00eenc\u0103rc\u0103tura dvs. este asigurat\u0103 \u00een siguran\u021b\u0103. Capacitatea mare de \u00eenc\u0103rcare a lan\u021bului \u00eenseamn\u0103 c\u0103 poate face fa\u021b\u0103 chiar \u0219i celor mai grele vehicule \u0219i echipamente, ceea ce \u00eel face o alegere de \u00eencredere pentru lucr\u0103rile solicitante.<\/p>\n<p>\u00cen plus, lan\u021bul de remorcare J Hook este proiectat av\u00e2nd \u00een vedere versatilitatea. Capacitatea sa de a se adapta la diferite aplica\u021bii \u00eel face un instrument valoros \u00een diverse industrii. Indiferent dac\u0103 sunte\u021bi implicat \u00een recuperarea vehiculelor, construc\u021bii, agricultur\u0103 sau sarcini generale grele, lan\u021bul de remorcare J Hook ofer\u0103 performan\u021ba \u0219i fiabilitatea de care ave\u021bi nevoie.<\/p>\n<p>\u00cen concluzie, lan\u021bul de remorcare J Hook este o alegere superioar\u0103 pentru oricine are nevoie de o solu\u021bie puternic\u0103, durabil\u0103 \u0219i versatil\u0103 de remorcare \u0219i fixare. Construc\u021bia sa de \u00eenalt\u0103 calitate, u\u0219urin\u021ba \u00een utilizare \u0219i gama larg\u0103 de aplica\u021bii \u00eel fac un instrument indispensabil pentru profesioni\u0219ti \u0219i entuzia\u0219ti deopotriv\u0103. Investi\u021bi ast\u0103zi \u00een lan\u021bul de remorcare J Hook \u0219i experimenta\u021bi lini\u0219tea sufleteasc\u0103 care vine odat\u0103 cu cunoa\u0219terea faptului c\u0103 sarcinile dvs. de remorcare \u0219i fixare sunt gestionate cu cea mai mare fiabilitate \u0219i siguran\u021b\u0103.<\/p>","protected":false},"excerpt":{"rendered":"<p>Lan\u021bul de remorcare J Hook este un instrument durabil \u0219i versatil, proiectat pentru aplica\u021bii de remorcare grele. Construit din o\u021bel de \u00eenalt\u0103 calitate, acesta ofer\u0103 rezisten\u021b\u0103 \u0219i fiabilitate excep\u021bionale. Ideal pentru remorcarea vehiculelor, fixarea \u00eenc\u0103rc\u0103turilor \u0219i multe altele, lan\u021bul de remorcare J Hook asigur\u0103 siguran\u021b\u0103 \u0219i eficien\u021b\u0103. Disponibil \u00een diferite lungimi \u0219i capacit\u0103\u021bi, acesta satisface o gam\u0103 larg\u0103 de nevoi de remorcare.<\/p>","protected":false},"featured_media":8183,"comment_status":"open","ping_status":"closed","template":"","meta":{"site-sidebar-layout":"default","site-content-layout":"","ast-site-content-layout":"default","site-content-style":"default","site-sidebar-style":"default","ast-global-header-display":"","ast-banner-title-visibility":"","ast-main-header-display":"","ast-hfb-above-header-display":"","ast-hfb-below-header-display":"","ast-hfb-mobile-header-display":"","site-post-title":"","ast-breadcrumbs-content":"","ast-featured-img":"","footer-sml-layout":"","theme-transparent-header-meta":"default","adv-header-id-meta":"","stick-header-meta":"default","header-above-stick-meta":"","header-main-stick-meta":"","header-below-stick-meta":"","astra-migrate-meta-layouts":"set","ast-page-background-enabled":"default","ast-page-background-meta":{"desktop":{"background-color":"","background-image":"","background-repeat":"repeat","background-position":"center center","background-size":"auto","background-attachment":"scroll","background-type":"","background-media":"","overlay-type":"","overlay-color":"","overlay-opacity":"","overlay-gradient":""},"tablet":{"background-color":"","background-image":"","background-repeat":"repeat","background-position":"center center","background-size":"auto","background-attachment":"scroll","background-type":"","background-media":"","overlay-type":"","overlay-color":"","overlay-opacity":"","overlay-gradient":""},"mobile":{"background-color":"","background-image":"","background-repeat":"repeat","background-position":"center center","background-size":"auto","background-attachment":"scroll","background-type":"","background-media":"","overlay-type":"","overlay-color":"","overlay-opacity":"","overlay-gradient":""}},"ast-content-background-meta":{"desktop":{"background-color":"var(--ast-global-color-5)","background-image":"","background-repeat":"repeat","background-position":"center center","background-size":"auto","background-attachment":"scroll","background-type":"","background-media":"","overlay-type":"","overlay-color":"","overlay-opacity":"","overlay-gradient":""},"tablet":{"background-color":"var(--ast-global-color-5)","background-image":"","background-repeat":"repeat","background-position":"center center","background-size":"auto","background-attachment":"scroll","background-type":"","background-media":"","overlay-type":"","overlay-color":"","overlay-opacity":"","overlay-gradient":""},"mobile":{"background-color":"var(--ast-global-color-5)","background-image":"","background-repeat":"repeat","background-position":"center center","background-size":"auto","background-attachment":"scroll","background-type":"","background-media":"","overlay-type":"","overlay-color":"","overlay-opacity":"","overlay-gradient":""}}},"product_brand":[],"product_cat":[51,38],"product_tag":[],"class_list":{"0":"post-7535","1":"product","2":"type-product","3":"status-publish","4":"has-post-thumbnail","6":"product_cat-riggging-hardware","7":"product_cat-chain","8":"desktop-align-left","9":"tablet-align-left","10":"mobile-align-left","11":"ast-product-gallery-layout-horizontal-slider","12":"ast-product-tabs-layout-horizontal","14":"first","15":"instock","16":"shipping-taxable","17":"purchasable","18":"product-type-simple"},"yoast_head":"<!-- This site is optimized with the Yoast SEO plugin v25.2 - https:\/\/yoast.com\/wordpress\/plugins\/seo\/ -->\n<title>J Hook Tow Chain<\/title>\n<meta name=\"description\" content=\"J Hook Tow Chain is a durable and versatile tool designed for heavy-duty towing applications. Constructed from high-quality steel, it offers exceptional strength and reliability.\" \/>\n<meta name=\"robots\" content=\"index, follow, max-snippet:-1, max-image-preview:large, max-video-preview:-1\" \/>\n<link rel=\"canonical\" href=\"https:\/\/qingdaohf.com\/ro\/produs\/j-carlig-lant-de-remorcare\/\" \/>\n<meta property=\"og:locale\" content=\"ro_RO\" \/>\n<meta property=\"og:type\" content=\"article\" \/>\n<meta property=\"og:title\" content=\"J Hook Tow Chain\" \/>\n<meta property=\"og:description\" content=\"J Hook Tow Chain is a durable and versatile tool designed for heavy-duty towing applications. Constructed from high-quality steel, it offers exceptional strength and reliability.\" \/>\n<meta property=\"og:url\" content=\"https:\/\/qingdaohf.com\/ro\/produs\/j-carlig-lant-de-remorcare\/\" \/>\n<meta property=\"og:site_name\" content=\"Concrete Form &amp; Rigging Hardware Supplier\" \/>\n<meta property=\"article:publisher\" content=\"https:\/\/www.facebook.com\/qingdaohf\" \/>\n<meta property=\"article:modified_time\" content=\"2025-11-13T01:03:14+00:00\" \/>\n<meta property=\"og:image\" content=\"https:\/\/qingdaohf.com\/wp-content\/uploads\/2024\/06\/J-hook-chain-5.webp\" \/>\n\t<meta property=\"og:image:width\" content=\"1000\" \/>\n\t<meta property=\"og:image:height\" content=\"1000\" \/>\n\t<meta property=\"og:image:type\" content=\"image\/webp\" \/>\n<meta name=\"twitter:card\" content=\"summary_large_image\" \/>\n<meta name=\"twitter:label1\" content=\"Timp estimat pentru citire\" \/>\n\t<meta name=\"twitter:data1\" content=\"3 minute\" \/>\n<script type=\"application\/ld+json\" class=\"yoast-schema-graph\">{\"@context\":\"https:\/\/schema.org\",\"@graph\":[{\"@type\":\"WebPage\",\"@id\":\"https:\/\/qingdaohf.com\/product\/j-hook-tow-chain\/\",\"url\":\"https:\/\/qingdaohf.com\/product\/j-hook-tow-chain\/\",\"name\":\"J Hook Tow Chain\",\"isPartOf\":{\"@id\":\"https:\/\/qingdaohf.com\/bg\/#website\"},\"primaryImageOfPage\":{\"@id\":\"https:\/\/qingdaohf.com\/product\/j-hook-tow-chain\/#primaryimage\"},\"image\":{\"@id\":\"https:\/\/qingdaohf.com\/product\/j-hook-tow-chain\/#primaryimage\"},\"thumbnailUrl\":\"https:\/\/qingdaohf.com\/wp-content\/uploads\/2024\/06\/J-hook-chain-5.webp\",\"datePublished\":\"2024-06-28T06:33:31+00:00\",\"dateModified\":\"2025-11-13T01:03:14+00:00\",\"description\":\"J Hook Tow Chain is a durable and versatile tool designed for heavy-duty towing applications. Constructed from high-quality steel, it offers exceptional strength and reliability.\",\"breadcrumb\":{\"@id\":\"https:\/\/qingdaohf.com\/product\/j-hook-tow-chain\/#breadcrumb\"},\"inLanguage\":\"ro-RO\",\"potentialAction\":[{\"@type\":\"ReadAction\",\"target\":[\"https:\/\/qingdaohf.com\/product\/j-hook-tow-chain\/\"]}]},{\"@type\":\"ImageObject\",\"inLanguage\":\"ro-RO\",\"@id\":\"https:\/\/qingdaohf.com\/product\/j-hook-tow-chain\/#primaryimage\",\"url\":\"https:\/\/qingdaohf.com\/wp-content\/uploads\/2024\/06\/J-hook-chain-5.webp\",\"contentUrl\":\"https:\/\/qingdaohf.com\/wp-content\/uploads\/2024\/06\/J-hook-chain-5.webp\",\"width\":1000,\"height\":1000,\"caption\":\"J hook chain\"},{\"@type\":\"BreadcrumbList\",\"@id\":\"https:\/\/qingdaohf.com\/product\/j-hook-tow-chain\/#breadcrumb\",\"itemListElement\":[{\"@type\":\"ListItem\",\"position\":1,\"name\":\"Home\",\"item\":\"https:\/\/qingdaohf.com\/\"},{\"@type\":\"ListItem\",\"position\":2,\"name\":\"Concrete Forming Accessories and Rigging Hardware\",\"item\":\"https:\/\/qingdaohf.com\/bg\/?page_id=944\"},{\"@type\":\"ListItem\",\"position\":3,\"name\":\"J Hook Tow Chain\"}]},{\"@type\":\"WebSite\",\"@id\":\"https:\/\/qingdaohf.com\/bg\/#website\",\"url\":\"https:\/\/qingdaohf.com\/bg\/\",\"name\":\"Concrete Form & Rigging Hardware Supplier\",\"description\":\"\",\"publisher\":{\"@id\":\"https:\/\/qingdaohf.com\/bg\/#organization\"},\"potentialAction\":[{\"@type\":\"SearchAction\",\"target\":{\"@type\":\"EntryPoint\",\"urlTemplate\":\"https:\/\/qingdaohf.com\/bg\/?s={search_term_string}\"},\"query-input\":{\"@type\":\"PropertyValueSpecification\",\"valueRequired\":true,\"valueName\":\"search_term_string\"}}],\"inLanguage\":\"ro-RO\"},{\"@type\":\"Organization\",\"@id\":\"https:\/\/qingdaohf.com\/bg\/#organization\",\"name\":\"Qingdao H&F\",\"url\":\"https:\/\/qingdaohf.com\/bg\/\",\"logo\":{\"@type\":\"ImageObject\",\"inLanguage\":\"ro-RO\",\"@id\":\"https:\/\/qingdaohf.com\/bg\/#\/schema\/logo\/image\/\",\"url\":\"https:\/\/qingdaohf.com\/wp-content\/uploads\/2022\/12\/cropped-HF-LOGO.png\",\"contentUrl\":\"https:\/\/qingdaohf.com\/wp-content\/uploads\/2022\/12\/cropped-HF-LOGO.png\",\"width\":391,\"height\":249,\"caption\":\"Qingdao H&F\"},\"image\":{\"@id\":\"https:\/\/qingdaohf.com\/bg\/#\/schema\/logo\/image\/\"},\"sameAs\":[\"https:\/\/www.facebook.com\/qingdaohf\"]}]}<\/script>\n<!-- \/ Yoast SEO plugin. -->","yoast_head_json":{"title":"J Hook Tow Chain","description":"J Hook Tow Chain is a durable and versatile tool designed for heavy-duty towing applications. Constructed from high-quality steel, it offers exceptional strength and reliability.","robots":{"index":"index","follow":"follow","max-snippet":"max-snippet:-1","max-image-preview":"max-image-preview:large","max-video-preview":"max-video-preview:-1"},"canonical":"https:\/\/qingdaohf.com\/ro\/produs\/j-carlig-lant-de-remorcare\/","og_locale":"ro_RO","og_type":"article","og_title":"J Hook Tow Chain","og_description":"J Hook Tow Chain is a durable and versatile tool designed for heavy-duty towing applications. Constructed from high-quality steel, it offers exceptional strength and reliability.","og_url":"https:\/\/qingdaohf.com\/ro\/produs\/j-carlig-lant-de-remorcare\/","og_site_name":"Concrete Form &amp; Rigging Hardware Supplier","article_publisher":"https:\/\/www.facebook.com\/qingdaohf","article_modified_time":"2025-11-13T01:03:14+00:00","og_image":[{"width":1000,"height":1000,"url":"https:\/\/qingdaohf.com\/wp-content\/uploads\/2024\/06\/J-hook-chain-5.webp","type":"image\/webp"}],"twitter_card":"summary_large_image","twitter_misc":{"Timp estimat pentru citire":"3 minute"},"schema":{"@context":"https:\/\/schema.org","@graph":[{"@type":"WebPage","@id":"https:\/\/qingdaohf.com\/product\/j-hook-tow-chain\/","url":"https:\/\/qingdaohf.com\/product\/j-hook-tow-chain\/","name":"J Hook Tow Chain","isPartOf":{"@id":"https:\/\/qingdaohf.com\/bg\/#website"},"primaryImageOfPage":{"@id":"https:\/\/qingdaohf.com\/product\/j-hook-tow-chain\/#primaryimage"},"image":{"@id":"https:\/\/qingdaohf.com\/product\/j-hook-tow-chain\/#primaryimage"},"thumbnailUrl":"https:\/\/qingdaohf.com\/wp-content\/uploads\/2024\/06\/J-hook-chain-5.webp","datePublished":"2024-06-28T06:33:31+00:00","dateModified":"2025-11-13T01:03:14+00:00","description":"J Hook Tow Chain is a durable and versatile tool designed for heavy-duty towing applications. Constructed from high-quality steel, it offers exceptional strength and reliability.","breadcrumb":{"@id":"https:\/\/qingdaohf.com\/product\/j-hook-tow-chain\/#breadcrumb"},"inLanguage":"ro-RO","potentialAction":[{"@type":"ReadAction","target":["https:\/\/qingdaohf.com\/product\/j-hook-tow-chain\/"]}]},{"@type":"ImageObject","inLanguage":"ro-RO","@id":"https:\/\/qingdaohf.com\/product\/j-hook-tow-chain\/#primaryimage","url":"https:\/\/qingdaohf.com\/wp-content\/uploads\/2024\/06\/J-hook-chain-5.webp","contentUrl":"https:\/\/qingdaohf.com\/wp-content\/uploads\/2024\/06\/J-hook-chain-5.webp","width":1000,"height":1000,"caption":"J hook chain"},{"@type":"BreadcrumbList","@id":"https:\/\/qingdaohf.com\/product\/j-hook-tow-chain\/#breadcrumb","itemListElement":[{"@type":"ListItem","position":1,"name":"Home","item":"https:\/\/qingdaohf.com\/"},{"@type":"ListItem","position":2,"name":"Concrete Forming Accessories and Rigging Hardware","item":"https:\/\/qingdaohf.com\/bg\/?page_id=944"},{"@type":"ListItem","position":3,"name":"J Hook Tow Chain"}]},{"@type":"WebSite","@id":"https:\/\/qingdaohf.com\/bg\/#website","url":"https:\/\/qingdaohf.com\/bg\/","name":"Concrete Form & Rigging Hardware Supplier","description":"","publisher":{"@id":"https:\/\/qingdaohf.com\/bg\/#organization"},"potentialAction":[{"@type":"SearchAction","target":{"@type":"EntryPoint","urlTemplate":"https:\/\/qingdaohf.com\/bg\/?s={search_term_string}"},"query-input":{"@type":"PropertyValueSpecification","valueRequired":true,"valueName":"search_term_string"}}],"inLanguage":"ro-RO"},{"@type":"Organization","@id":"https:\/\/qingdaohf.com\/bg\/#organization","name":"Qingdao H&F","url":"https:\/\/qingdaohf.com\/bg\/","logo":{"@type":"ImageObject","inLanguage":"ro-RO","@id":"https:\/\/qingdaohf.com\/bg\/#\/schema\/logo\/image\/","url":"https:\/\/qingdaohf.com\/wp-content\/uploads\/2022\/12\/cropped-HF-LOGO.png","contentUrl":"https:\/\/qingdaohf.com\/wp-content\/uploads\/2022\/12\/cropped-HF-LOGO.png","width":391,"height":249,"caption":"Qingdao H&F"},"image":{"@id":"https:\/\/qingdaohf.com\/bg\/#\/schema\/logo\/image\/"},"sameAs":["https:\/\/www.facebook.com\/qingdaohf"]}]}},"_links":{"self":[{"href":"https:\/\/qingdaohf.com\/ro\/wp-json\/wp\/v2\/product\/7535","targetHints":{"allow":["GET"]}}],"collection":[{"href":"https:\/\/qingdaohf.com\/ro\/wp-json\/wp\/v2\/product"}],"about":[{"href":"https:\/\/qingdaohf.com\/ro\/wp-json\/wp\/v2\/types\/product"}],"replies":[{"embeddable":true,"href":"https:\/\/qingdaohf.com\/ro\/wp-json\/wp\/v2\/comments?post=7535"}],"version-history":[{"count":3,"href":"https:\/\/qingdaohf.com\/ro\/wp-json\/wp\/v2\/product\/7535\/revisions"}],"predecessor-version":[{"id":7550,"href":"https:\/\/qingdaohf.com\/ro\/wp-json\/wp\/v2\/product\/7535\/revisions\/7550"}],"wp:featuredmedia":[{"embeddable":true,"href":"https:\/\/qingdaohf.com\/ro\/wp-json\/wp\/v2\/media\/8183"}],"wp:attachment":[{"href":"https:\/\/qingdaohf.com\/ro\/wp-json\/wp\/v2\/media?parent=7535"}],"wp:term":[{"taxonomy":"product_brand","embeddable":true,"href":"https:\/\/qingdaohf.com\/ro\/wp-json\/wp\/v2\/product_brand?post=7535"},{"taxonomy":"product_cat","embeddable":true,"href":"https:\/\/qingdaohf.com\/ro\/wp-json\/wp\/v2\/product_cat?post=7535"},{"taxonomy":"product_tag","embeddable":true,"href":"https:\/\/qingdaohf.com\/ro\/wp-json\/wp\/v2\/product_tag?post=7535"}],"curies":[{"name":"wp","href":"https:\/\/api.w.org\/{rel}","templated":true}]}}