{"id":7781,"date":"2024-09-12T10:21:48","date_gmt":"2024-09-12T02:21:48","guid":{"rendered":"http:\/\/qingdaohf.com\/?post_type=product&#038;p=7781"},"modified":"2025-11-13T09:03:14","modified_gmt":"2025-11-13T01:03:14","slug":"heavy-duty-stub-end-k2-b-thimble","status":"publish","type":"product","link":"https:\/\/qingdaohf.com\/ro\/produs\/butuc-de-mare-putere-k2-b-degetar\/","title":{"rendered":"\u0218tu\u021b K2-B cu cap\u0103t greu"},"content":{"rendered":"<p>\u0218urubul Heavy Duty Stub-End K2-B ofer\u0103 performan\u021b\u0103 \u0219i fiabilitate excep\u021bionale pentru fixarea buclelor de cablu metalic \u00een medii grele. Indiferent dac\u0103 v\u0103 confrunta\u021bi cu situa\u021bii de \u00eenalt\u0103 tensiune, ridicare industrial\u0103 sau aplica\u021bii marine, acest degetar este proiectat s\u0103 reziste condi\u021biilor dificile, protej\u00e2nd \u00een acela\u0219i timp integritatea cablurilor dvs. Construc\u021bia \u0219i designul s\u0103u robust \u00eel transform\u0103 \u00eentr-o solu\u021bie ideal\u0103 pentru profesioni\u0219tii care caut\u0103 durabilitate \u0219i protec\u021bie \u00een fiecare utilizare.<\/p>\n<h4>Beneficiile utiliz\u0103rii degetarului K2-B \u00een contexte industriale<\/h4>\n<p>Una dintre caracteristicile remarcabile ale degetului de legare Heavy Duty Stub-End K2-B este capacitatea sa de a face fa\u021b\u0103 stresului \u0219i presiunii extreme, f\u0103c\u00e2ndu-l ideal pentru industriile \u00een care siguran\u021ba \u0219i durabilitatea sunt primordiale. \u00cen construc\u021bii, montaj \u0219i aplica\u021bii marine, cablurile metalice sunt supuse unei tensiuni constante, iar acest degetar ac\u021bioneaz\u0103 ca un scut \u00eempotriva uzurii \u0219i ruperii. Designul cap\u0103tului de butuc spore\u0219te stabilitatea buclei de cablu, oferind un plus de siguran\u021b\u0103 atunci c\u00e2nd se lucreaz\u0103 cu sarcini grele sau \u00een medii dificile.<\/p>\n<p>Compatibilitatea degetului K2-B cu o gam\u0103 larg\u0103 de dimensiuni ale cablurilor metalice \u00eei permite s\u0103 fie versatil \u00een mai multe industrii. Construc\u021bia sa robust\u0103 asigur\u0103 utilizarea pe termen lung f\u0103r\u0103 \u00eenlocuire frecvent\u0103, contribuind la reducerea costurilor de \u00eentre\u021binere. Prin minimizarea uzurii \u0219i ruperii cablurilor, degetarul ajut\u0103 la men\u021binerea rezisten\u021bei \u0219i integrit\u0103\u021bii cablurilor metalice, ceea ce \u00eel face un instrument indispensabil pentru profesioni\u0219ti.<\/p>\n<h4>De ce s\u0103 alege\u021bi designul Stub-End pentru sarcini grele<\/h4>\n<p>Designul cap\u0103tului butuc al degetarului K2-B este o caracteristic\u0103 esen\u021bial\u0103 care \u00eel diferen\u021biaz\u0103 de degetarile standard. Acest design adaug\u0103 o arm\u0103tur\u0103 suplimentar\u0103 \u00een punctul \u00een care cablul formeaz\u0103 o bucl\u0103, reduc\u00e2nd riscul de alunecare \u0219i prelungind durata de via\u021b\u0103 a cablului. \u00cen aplica\u021biile de \u00eenalt\u0103 tensiune, chiar \u0219i o alunecare minor\u0103 poate duce la situa\u021bii periculoase, astfel \u00eenc\u00e2t existen\u021ba unui degetar de \u00eencredere este esen\u021bial\u0103 pentru asigurarea siguran\u021bei.<\/p>\n<p>\u0218tu\u021bul K2-B Heavy Duty Stub-End reduce, de asemenea, tensiunea de \u00eendoire a cablului, ceea ce este esen\u021bial \u00een aplica\u021biile cu sarcin\u0103 mare. Interiorul neted al degetului previne abraziunea, o problem\u0103 frecvent\u0103 atunci c\u00e2nd metalul intr\u0103 \u00een contact cu s\u00e2rma sub sarcin\u0103. Acest lucru nu numai c\u0103 prelunge\u0219te durata de via\u021b\u0103 a cablului, dar asigur\u0103, de asemenea, o performan\u021b\u0103 mai lin\u0103 \u0219i mai fiabil\u0103 \u00een ridicare, remorcare sau alte utiliz\u0103ri industriale.<\/p>\n<h4>Durabilitatea \u0219i materialele de la degetarul K2-B Heavy Duty<\/h4>\n<p>Atunci c\u00e2nd vine vorba de durabilitate, degetarul Heavy Duty Stub-End K2-B Thimble este f\u0103r\u0103 egal. Construit din o\u021bel de \u00eenalt\u0103 calitate sau din alte materiale rezistente, acesta este proiectat s\u0103 reziste la coroziune \u0219i s\u0103 reziste la intemperii. Acest lucru \u00eel face ideal pentru utilizarea \u00een exterior, \u00een special \u00een mediul marin, unde expunerea la apa s\u0103rat\u0103 poate duce la deteriorarea rapid\u0103 a echipamentelor standard.<\/p>\n<p>Propriet\u0103\u021bile rezistente la coroziune ale degetului asigur\u0103 men\u021binerea integrit\u0103\u021bii structurale chiar \u0219i dup\u0103 expunerea prelungit\u0103 la medii dificile. Acest lucru \u00eel face o alegere fiabil\u0103 pentru proiectele pe termen lung \u0219i industriile care necesit\u0103 aplica\u021bii continue de ridicare sau tensionare grea. Construc\u021bia sa robust\u0103 nu numai c\u0103 prelunge\u0219te durata de via\u021b\u0103 a degetarului \u00een sine, dar protejeaz\u0103 \u0219i cablul de s\u00e2rm\u0103 de deterior\u0103rile cauzate de frecare sau de uzura mediului.<\/p>\n<h4>Concluzie: Instrumentul esen\u021bial pentru aplica\u021biile industriale<\/h4>\n<p>\u00cen concluzie, degetul de legare Heavy Duty Stub-End K2-B este un instrument esen\u021bial pentru orice profesionist care se confrunt\u0103 cu sarcini grele, aplica\u021bii de \u00eenalt\u0103 tensiune sau care are nevoie de protec\u021bie durabil\u0103 a cablului. Designul s\u0103u robust, materialele de \u00eenalt\u0103 calitate \u0219i capacitatea de a face fa\u021b\u0103 condi\u021biilor extreme \u00eel fac o alegere remarcabil\u0103 pentru industrii care variaz\u0103 de la construc\u021bii la lucr\u0103ri maritime.<\/p>\n<p>Aleg\u00e2nd degetarul K2-B, v\u0103 asigura\u021bi c\u0103 cablurile dvs. vor dura mai mult, vor func\u021biona mai bine \u0219i vor oferi nivelul de siguran\u021b\u0103 necesar \u00een medii solicitante. Investi\u021bia \u00een produse de calitate precum acestea nu numai c\u0103 v\u0103 economise\u0219te timp \u0219i bani pe termen lung, dar v\u0103 garanteaz\u0103 \u0219i cel mai \u00eenalt standard de performan\u021b\u0103 la fiecare lucrare.<\/p>","protected":false},"excerpt":{"rendered":"<p>Degetarul Heavy Duty Stub-End K2-B este conceput pentru a oferi o \u00eent\u0103rire \u0219i o protec\u021bie superioar\u0103 cablurilor \u0219i buclelor de cablu, asigur\u00e2nd durabilitate maxim\u0103 \u00een condi\u021bii solicitante. Acest degetar este fabricat din materiale de \u00eenalt\u0103 calitate \u0219i proiectat pentru utilizare intensiv\u0103, fiind ideal pentru aplica\u021bii industriale. Designul s\u0103u stub-end permite o fixare sigur\u0103, reduc\u00e2nd uzura \u0219i prelungind \u00een acela\u0219i timp durata de via\u021b\u0103 a echipamentului dumneavoastr\u0103.<\/p>","protected":false},"featured_media":7808,"comment_status":"open","ping_status":"closed","template":"","meta":{"site-sidebar-layout":"default","site-content-layout":"","ast-site-content-layout":"default","site-content-style":"default","site-sidebar-style":"default","ast-global-header-display":"","ast-banner-title-visibility":"","ast-main-header-display":"","ast-hfb-above-header-display":"","ast-hfb-below-header-display":"","ast-hfb-mobile-header-display":"","site-post-title":"","ast-breadcrumbs-content":"","ast-featured-img":"","footer-sml-layout":"","theme-transparent-header-meta":"default","adv-header-id-meta":"","stick-header-meta":"default","header-above-stick-meta":"","header-main-stick-meta":"","header-below-stick-meta":"","astra-migrate-meta-layouts":"set","ast-page-background-enabled":"default","ast-page-background-meta":{"desktop":{"background-color":"","background-image":"","background-repeat":"repeat","background-position":"center center","background-size":"auto","background-attachment":"scroll","background-type":"","background-media":"","overlay-type":"","overlay-color":"","overlay-opacity":"","overlay-gradient":""},"tablet":{"background-color":"","background-image":"","background-repeat":"repeat","background-position":"center center","background-size":"auto","background-attachment":"scroll","background-type":"","background-media":"","overlay-type":"","overlay-color":"","overlay-opacity":"","overlay-gradient":""},"mobile":{"background-color":"","background-image":"","background-repeat":"repeat","background-position":"center center","background-size":"auto","background-attachment":"scroll","background-type":"","background-media":"","overlay-type":"","overlay-color":"","overlay-opacity":"","overlay-gradient":""}},"ast-content-background-meta":{"desktop":{"background-color":"var(--ast-global-color-5)","background-image":"","background-repeat":"repeat","background-position":"center center","background-size":"auto","background-attachment":"scroll","background-type":"","background-media":"","overlay-type":"","overlay-color":"","overlay-opacity":"","overlay-gradient":""},"tablet":{"background-color":"var(--ast-global-color-5)","background-image":"","background-repeat":"repeat","background-position":"center center","background-size":"auto","background-attachment":"scroll","background-type":"","background-media":"","overlay-type":"","overlay-color":"","overlay-opacity":"","overlay-gradient":""},"mobile":{"background-color":"var(--ast-global-color-5)","background-image":"","background-repeat":"repeat","background-position":"center center","background-size":"auto","background-attachment":"scroll","background-type":"","background-media":"","overlay-type":"","overlay-color":"","overlay-opacity":"","overlay-gradient":""}}},"product_brand":[],"product_cat":[37],"product_tag":[],"class_list":{"0":"post-7781","1":"product","2":"type-product","3":"status-publish","4":"has-post-thumbnail","6":"product_cat-wire-rope","7":"desktop-align-left","8":"tablet-align-left","9":"mobile-align-left","10":"ast-product-gallery-layout-horizontal-slider","11":"ast-product-tabs-layout-horizontal","13":"first","14":"instock","15":"shipping-taxable","16":"purchasable","17":"product-type-simple"},"yoast_head":"<!-- This site is optimized with the Yoast SEO plugin v25.2 - https:\/\/yoast.com\/wordpress\/plugins\/seo\/ -->\n<title>Heavy Duty Stub-End K2-B Thimble<\/title>\n<meta name=\"robots\" content=\"index, follow, max-snippet:-1, max-image-preview:large, max-video-preview:-1\" \/>\n<link rel=\"canonical\" href=\"https:\/\/qingdaohf.com\/ro\/produs\/butuc-de-mare-putere-k2-b-degetar\/\" \/>\n<meta property=\"og:locale\" content=\"ro_RO\" \/>\n<meta property=\"og:type\" content=\"article\" \/>\n<meta property=\"og:title\" content=\"Heavy Duty Stub-End K2-B Thimble\" \/>\n<meta property=\"og:description\" content=\"The Heavy Duty Stub-End K2-B Thimble is designed to provide superior reinforcement and protection to wire rope and cable loops, ensuring maximum durability in demanding conditions. This thimble is crafted from high-quality materials and engineered for heavy-duty use, making it ideal for industrial applications. Its stub-end design allows for a secure fit, reducing wear and tear while extending the life of your equipment.\" \/>\n<meta property=\"og:url\" content=\"https:\/\/qingdaohf.com\/ro\/produs\/butuc-de-mare-putere-k2-b-degetar\/\" \/>\n<meta property=\"og:site_name\" content=\"Concrete Form &amp; Rigging Hardware Supplier\" \/>\n<meta property=\"article:publisher\" content=\"https:\/\/www.facebook.com\/qingdaohf\" \/>\n<meta property=\"article:modified_time\" content=\"2025-11-13T01:03:14+00:00\" \/>\n<meta property=\"og:image\" content=\"https:\/\/qingdaohf.com\/wp-content\/uploads\/2024\/09\/Heavy-Duty-Stub-End-K2-B-Thimble.jpg\" \/>\n\t<meta property=\"og:image:width\" content=\"1000\" \/>\n\t<meta property=\"og:image:height\" content=\"1000\" \/>\n\t<meta property=\"og:image:type\" content=\"image\/jpeg\" \/>\n<meta name=\"twitter:card\" content=\"summary_large_image\" \/>\n<meta name=\"twitter:label1\" content=\"Timp estimat pentru citire\" \/>\n\t<meta name=\"twitter:data1\" content=\"3 minute\" \/>\n<script type=\"application\/ld+json\" class=\"yoast-schema-graph\">{\"@context\":\"https:\/\/schema.org\",\"@graph\":[{\"@type\":\"WebPage\",\"@id\":\"https:\/\/qingdaohf.com\/product\/heavy-duty-stub-end-k2-b-thimble\/\",\"url\":\"https:\/\/qingdaohf.com\/product\/heavy-duty-stub-end-k2-b-thimble\/\",\"name\":\"Heavy Duty Stub-End K2-B Thimble\",\"isPartOf\":{\"@id\":\"https:\/\/qingdaohf.com\/bg\/#website\"},\"primaryImageOfPage\":{\"@id\":\"https:\/\/qingdaohf.com\/product\/heavy-duty-stub-end-k2-b-thimble\/#primaryimage\"},\"image\":{\"@id\":\"https:\/\/qingdaohf.com\/product\/heavy-duty-stub-end-k2-b-thimble\/#primaryimage\"},\"thumbnailUrl\":\"https:\/\/qingdaohf.com\/wp-content\/uploads\/2024\/09\/Heavy-Duty-Stub-End-K2-B-Thimble.jpg\",\"datePublished\":\"2024-09-12T02:21:48+00:00\",\"dateModified\":\"2025-11-13T01:03:14+00:00\",\"breadcrumb\":{\"@id\":\"https:\/\/qingdaohf.com\/product\/heavy-duty-stub-end-k2-b-thimble\/#breadcrumb\"},\"inLanguage\":\"ro-RO\",\"potentialAction\":[{\"@type\":\"ReadAction\",\"target\":[\"https:\/\/qingdaohf.com\/product\/heavy-duty-stub-end-k2-b-thimble\/\"]}]},{\"@type\":\"ImageObject\",\"inLanguage\":\"ro-RO\",\"@id\":\"https:\/\/qingdaohf.com\/product\/heavy-duty-stub-end-k2-b-thimble\/#primaryimage\",\"url\":\"https:\/\/qingdaohf.com\/wp-content\/uploads\/2024\/09\/Heavy-Duty-Stub-End-K2-B-Thimble.jpg\",\"contentUrl\":\"https:\/\/qingdaohf.com\/wp-content\/uploads\/2024\/09\/Heavy-Duty-Stub-End-K2-B-Thimble.jpg\",\"width\":1000,\"height\":1000,\"caption\":\"Heavy Duty Stub-End K2-B Thimble\"},{\"@type\":\"BreadcrumbList\",\"@id\":\"https:\/\/qingdaohf.com\/product\/heavy-duty-stub-end-k2-b-thimble\/#breadcrumb\",\"itemListElement\":[{\"@type\":\"ListItem\",\"position\":1,\"name\":\"Home\",\"item\":\"https:\/\/qingdaohf.com\/\"},{\"@type\":\"ListItem\",\"position\":2,\"name\":\"Concrete Forming Accessories and Rigging Hardware\",\"item\":\"https:\/\/qingdaohf.com\/bg\/?page_id=944\"},{\"@type\":\"ListItem\",\"position\":3,\"name\":\"Heavy Duty Stub-End K2-B Thimble\"}]},{\"@type\":\"WebSite\",\"@id\":\"https:\/\/qingdaohf.com\/bg\/#website\",\"url\":\"https:\/\/qingdaohf.com\/bg\/\",\"name\":\"Concrete Form & Rigging Hardware Supplier\",\"description\":\"\",\"publisher\":{\"@id\":\"https:\/\/qingdaohf.com\/bg\/#organization\"},\"potentialAction\":[{\"@type\":\"SearchAction\",\"target\":{\"@type\":\"EntryPoint\",\"urlTemplate\":\"https:\/\/qingdaohf.com\/bg\/?s={search_term_string}\"},\"query-input\":{\"@type\":\"PropertyValueSpecification\",\"valueRequired\":true,\"valueName\":\"search_term_string\"}}],\"inLanguage\":\"ro-RO\"},{\"@type\":\"Organization\",\"@id\":\"https:\/\/qingdaohf.com\/bg\/#organization\",\"name\":\"Qingdao H&F\",\"url\":\"https:\/\/qingdaohf.com\/bg\/\",\"logo\":{\"@type\":\"ImageObject\",\"inLanguage\":\"ro-RO\",\"@id\":\"https:\/\/qingdaohf.com\/bg\/#\/schema\/logo\/image\/\",\"url\":\"https:\/\/qingdaohf.com\/wp-content\/uploads\/2022\/12\/cropped-HF-LOGO.png\",\"contentUrl\":\"https:\/\/qingdaohf.com\/wp-content\/uploads\/2022\/12\/cropped-HF-LOGO.png\",\"width\":391,\"height\":249,\"caption\":\"Qingdao H&F\"},\"image\":{\"@id\":\"https:\/\/qingdaohf.com\/bg\/#\/schema\/logo\/image\/\"},\"sameAs\":[\"https:\/\/www.facebook.com\/qingdaohf\"]}]}<\/script>\n<!-- \/ Yoast SEO plugin. -->","yoast_head_json":{"title":"Heavy Duty Stub-End K2-B Thimble","robots":{"index":"index","follow":"follow","max-snippet":"max-snippet:-1","max-image-preview":"max-image-preview:large","max-video-preview":"max-video-preview:-1"},"canonical":"https:\/\/qingdaohf.com\/ro\/produs\/butuc-de-mare-putere-k2-b-degetar\/","og_locale":"ro_RO","og_type":"article","og_title":"Heavy Duty Stub-End K2-B Thimble","og_description":"The Heavy Duty Stub-End K2-B Thimble is designed to provide superior reinforcement and protection to wire rope and cable loops, ensuring maximum durability in demanding conditions. This thimble is crafted from high-quality materials and engineered for heavy-duty use, making it ideal for industrial applications. Its stub-end design allows for a secure fit, reducing wear and tear while extending the life of your equipment.","og_url":"https:\/\/qingdaohf.com\/ro\/produs\/butuc-de-mare-putere-k2-b-degetar\/","og_site_name":"Concrete Form &amp; Rigging Hardware Supplier","article_publisher":"https:\/\/www.facebook.com\/qingdaohf","article_modified_time":"2025-11-13T01:03:14+00:00","og_image":[{"width":1000,"height":1000,"url":"https:\/\/qingdaohf.com\/wp-content\/uploads\/2024\/09\/Heavy-Duty-Stub-End-K2-B-Thimble.jpg","type":"image\/jpeg"}],"twitter_card":"summary_large_image","twitter_misc":{"Timp estimat pentru citire":"3 minute"},"schema":{"@context":"https:\/\/schema.org","@graph":[{"@type":"WebPage","@id":"https:\/\/qingdaohf.com\/product\/heavy-duty-stub-end-k2-b-thimble\/","url":"https:\/\/qingdaohf.com\/product\/heavy-duty-stub-end-k2-b-thimble\/","name":"Heavy Duty Stub-End K2-B Thimble","isPartOf":{"@id":"https:\/\/qingdaohf.com\/bg\/#website"},"primaryImageOfPage":{"@id":"https:\/\/qingdaohf.com\/product\/heavy-duty-stub-end-k2-b-thimble\/#primaryimage"},"image":{"@id":"https:\/\/qingdaohf.com\/product\/heavy-duty-stub-end-k2-b-thimble\/#primaryimage"},"thumbnailUrl":"https:\/\/qingdaohf.com\/wp-content\/uploads\/2024\/09\/Heavy-Duty-Stub-End-K2-B-Thimble.jpg","datePublished":"2024-09-12T02:21:48+00:00","dateModified":"2025-11-13T01:03:14+00:00","breadcrumb":{"@id":"https:\/\/qingdaohf.com\/product\/heavy-duty-stub-end-k2-b-thimble\/#breadcrumb"},"inLanguage":"ro-RO","potentialAction":[{"@type":"ReadAction","target":["https:\/\/qingdaohf.com\/product\/heavy-duty-stub-end-k2-b-thimble\/"]}]},{"@type":"ImageObject","inLanguage":"ro-RO","@id":"https:\/\/qingdaohf.com\/product\/heavy-duty-stub-end-k2-b-thimble\/#primaryimage","url":"https:\/\/qingdaohf.com\/wp-content\/uploads\/2024\/09\/Heavy-Duty-Stub-End-K2-B-Thimble.jpg","contentUrl":"https:\/\/qingdaohf.com\/wp-content\/uploads\/2024\/09\/Heavy-Duty-Stub-End-K2-B-Thimble.jpg","width":1000,"height":1000,"caption":"Heavy Duty Stub-End K2-B Thimble"},{"@type":"BreadcrumbList","@id":"https:\/\/qingdaohf.com\/product\/heavy-duty-stub-end-k2-b-thimble\/#breadcrumb","itemListElement":[{"@type":"ListItem","position":1,"name":"Home","item":"https:\/\/qingdaohf.com\/"},{"@type":"ListItem","position":2,"name":"Concrete Forming Accessories and Rigging Hardware","item":"https:\/\/qingdaohf.com\/bg\/?page_id=944"},{"@type":"ListItem","position":3,"name":"Heavy Duty Stub-End K2-B Thimble"}]},{"@type":"WebSite","@id":"https:\/\/qingdaohf.com\/bg\/#website","url":"https:\/\/qingdaohf.com\/bg\/","name":"Concrete Form & Rigging Hardware Supplier","description":"","publisher":{"@id":"https:\/\/qingdaohf.com\/bg\/#organization"},"potentialAction":[{"@type":"SearchAction","target":{"@type":"EntryPoint","urlTemplate":"https:\/\/qingdaohf.com\/bg\/?s={search_term_string}"},"query-input":{"@type":"PropertyValueSpecification","valueRequired":true,"valueName":"search_term_string"}}],"inLanguage":"ro-RO"},{"@type":"Organization","@id":"https:\/\/qingdaohf.com\/bg\/#organization","name":"Qingdao H&F","url":"https:\/\/qingdaohf.com\/bg\/","logo":{"@type":"ImageObject","inLanguage":"ro-RO","@id":"https:\/\/qingdaohf.com\/bg\/#\/schema\/logo\/image\/","url":"https:\/\/qingdaohf.com\/wp-content\/uploads\/2022\/12\/cropped-HF-LOGO.png","contentUrl":"https:\/\/qingdaohf.com\/wp-content\/uploads\/2022\/12\/cropped-HF-LOGO.png","width":391,"height":249,"caption":"Qingdao H&F"},"image":{"@id":"https:\/\/qingdaohf.com\/bg\/#\/schema\/logo\/image\/"},"sameAs":["https:\/\/www.facebook.com\/qingdaohf"]}]}},"_links":{"self":[{"href":"https:\/\/qingdaohf.com\/ro\/wp-json\/wp\/v2\/product\/7781","targetHints":{"allow":["GET"]}}],"collection":[{"href":"https:\/\/qingdaohf.com\/ro\/wp-json\/wp\/v2\/product"}],"about":[{"href":"https:\/\/qingdaohf.com\/ro\/wp-json\/wp\/v2\/types\/product"}],"replies":[{"embeddable":true,"href":"https:\/\/qingdaohf.com\/ro\/wp-json\/wp\/v2\/comments?post=7781"}],"version-history":[{"count":1,"href":"https:\/\/qingdaohf.com\/ro\/wp-json\/wp\/v2\/product\/7781\/revisions"}],"predecessor-version":[{"id":7786,"href":"https:\/\/qingdaohf.com\/ro\/wp-json\/wp\/v2\/product\/7781\/revisions\/7786"}],"wp:featuredmedia":[{"embeddable":true,"href":"https:\/\/qingdaohf.com\/ro\/wp-json\/wp\/v2\/media\/7808"}],"wp:attachment":[{"href":"https:\/\/qingdaohf.com\/ro\/wp-json\/wp\/v2\/media?parent=7781"}],"wp:term":[{"taxonomy":"product_brand","embeddable":true,"href":"https:\/\/qingdaohf.com\/ro\/wp-json\/wp\/v2\/product_brand?post=7781"},{"taxonomy":"product_cat","embeddable":true,"href":"https:\/\/qingdaohf.com\/ro\/wp-json\/wp\/v2\/product_cat?post=7781"},{"taxonomy":"product_tag","embeddable":true,"href":"https:\/\/qingdaohf.com\/ro\/wp-json\/wp\/v2\/product_tag?post=7781"}],"curies":[{"name":"wp","href":"https:\/\/api.w.org\/{rel}","templated":true}]}}