{"id":7968,"date":"2024-09-30T14:05:29","date_gmt":"2024-09-30T06:05:29","guid":{"rendered":"http:\/\/qingdaohf.com\/?post_type=product&#038;p=7968"},"modified":"2025-11-13T09:03:13","modified_gmt":"2025-11-13T01:03:13","slug":"inside-corner","status":"publish","type":"product","link":"https:\/\/qingdaohf.com\/ro\/produs\/colt-interior\/","title":{"rendered":"Col\u021b interior"},"content":{"rendered":"<p><img fetchpriority=\"high\" decoding=\"async\" class=\"alignnone size-full wp-image-3418\" src=\"http:\/\/qingdaohf.com\/wp-content\/uploads\/2023\/03\/47-2.jpg\" alt=\"\" width=\"1200\" height=\"176\" srcset=\"https:\/\/qingdaohf.com\/wp-content\/uploads\/2023\/03\/47-2.jpg 1200w, https:\/\/qingdaohf.com\/wp-content\/uploads\/2023\/03\/47-2-300x44.jpg 300w, https:\/\/qingdaohf.com\/wp-content\/uploads\/2023\/03\/47-2-1024x150.jpg 1024w, https:\/\/qingdaohf.com\/wp-content\/uploads\/2023\/03\/47-2-768x113.jpg 768w, https:\/\/qingdaohf.com\/wp-content\/uploads\/2023\/03\/47-2-1000x147.jpg 1000w\" sizes=\"(max-width: 1200px) 100vw, 1200px\" \/><\/p>\n<h3>Importan\u021ba col\u021burilor interioare \u00een construc\u021bii<\/h3>\n<p>C\u00e2nd vine vorba de construc\u021bii, fiecare detaliu conteaz\u0103, iar col\u021bul interior joac\u0103 un rol esen\u021bial \u00een realizarea at\u00e2t a func\u021bionalit\u0103\u021bii, c\u00e2t \u0219i a esteticii. Aceast\u0103 component\u0103 integral\u0103 este creat\u0103 pentru a \u00eendeplini cerin\u021bele practicilor moderne de construc\u021bie, asigur\u00e2nd \u00een acela\u0219i timp c\u0103 col\u021burile, adesea considerate zone dificile, primesc aten\u021bia pe care o merit\u0103.<\/p>\n<p>\u00cen esen\u021b\u0103, col\u021bul interior serve\u0219te ca o punte \u00eentre doi pere\u021bi care se intersecteaz\u0103, oferind nu numai suport, ci \u0219i un aspect lustruit care \u00eembun\u0103t\u0103\u021be\u0219te designul general. Structura sa unic\u0103 \u00eei permite s\u0103 distribuie sarcinile \u00een mod uniform, sporind astfel durabilitatea pere\u021bilor pe care \u00eei conecteaz\u0103. \u00cen\u021belegerea semnifica\u021biei acestor componente poate duce la rezultate mai rezistente \u0219i mai atr\u0103g\u0103toare din punct de vedere vizual \u00een orice proiect de construc\u021bie.<\/p>\n<h3>Versatilitate \u0219i adaptabilitate<\/h3>\n<p>Unul dintre principalele avantaje ale col\u021bului interior este versatilitatea sa. Fie c\u0103 este vorba de construc\u021bii reziden\u021biale sau comerciale, acest produs poate fi adaptat pentru a se potrivi diferitelor materiale, inclusiv beton, lemn \u0219i metal. Aceast\u0103 adaptabilitate \u00eel face o alegere ideal\u0103 pentru antreprenorii \u0219i constructorii care doresc s\u0103 \u00ee\u0219i eficientizeze procesele f\u0103r\u0103 a compromite calitatea.<\/p>\n<p>Instalarea este un alt aspect critic \u00een care Inside Corner str\u0103luce\u0219te. Solu\u021biile tradi\u021bionale de col\u021b necesit\u0103 adesea mult timp \u0219i munc\u0103, \u00eens\u0103 acest produs simplific\u0103 procesul \u00een mod semnificativ. Conceput pentru o integrare u\u0219oar\u0103, Inside Corner permite o asamblare mai rapid\u0103, permi\u021b\u00e2nd proiectelor s\u0103 r\u0103m\u00e2n\u0103 \u00een grafic. \u00cen plus, designul s\u0103u intuitiv minimizeaz\u0103 riscul de erori \u00een timpul instal\u0103rii, care este o preocupare comun\u0103 \u00een construc\u021bii.<\/p>\n<h3>\u00cembun\u0103t\u0103\u021birea integrit\u0103\u021bii structurale \u0219i a esteticii<\/h3>\n<p>Din perspectiva siguran\u021bei, utilizarea col\u021bului interior poate contribui la stabilitatea general\u0103 a unei structuri. Col\u021burile sunt adesea puncte de tensiune, iar consolidarea acestor zone cu o solu\u021bie fiabil\u0103 este esen\u021bial\u0103 pentru performan\u021ba pe termen lung. Prin gestionarea eficient\u0103 a sarcinilor de stres, acest produs reduce probabilitatea apari\u021biei fisurilor \u0219i a altor probleme structurale, asigur\u00e2nd un mediu mai sigur pentru ocupan\u021bi.<\/p>\n<p>Din punct de vedere estetic, col\u021bul interior spore\u0219te farmecul vizual al unui spa\u021biu. Acesta ofer\u0103 un aspect curat, finisat, care poate completa diferite stiluri arhitecturale. \u00centr-o epoc\u0103 \u00een care designul conteaz\u0103 la fel de mult ca func\u021bia, aceast\u0103 aten\u021bie acordat\u0103 esteticii este un beneficiu semnificativ care nu poate fi trecut cu vederea.<\/p>\n<p>\u00cen plus, durabilitatea este o preocupare din ce \u00een ce mai mare \u00een construc\u021bii, iar Inside Corner se aliniaz\u0103 acestei tendin\u021be. Mul\u021bi produc\u0103tori produc acum aceste componente din materiale ecologice, asigur\u00e2ndu-se c\u0103 industria construc\u021biilor poate progresa f\u0103r\u0103 a compromite mediul. Prin alegerea op\u021biunilor durabile, constructorii pot contribui la o planet\u0103 mai s\u0103n\u0103toas\u0103, ob\u021bin\u00e2nd \u00een acela\u0219i timp integritatea structural\u0103 dorit\u0103.<\/p>\n<h3>Cost-eficacitate \u0219i beneficii pe termen lung<\/h3>\n<p>\u00cen ceea ce prive\u0219te raportul cost-eficien\u021b\u0103, Inside Corner prezint\u0103 un caz conving\u0103tor. \u00cen timp ce investi\u021bia ini\u021bial\u0103 poate p\u0103rea modest\u0103, economiile pe termen lung datorate costurilor reduse cu for\u021ba de munc\u0103, mai pu\u021bine de\u0219euri de materiale \u0219i mai pu\u021bin\u0103 \u00eentre\u021binere \u00eel fac o alegere \u00een\u021beleapt\u0103 pentru orice proiect. Durabilitatea \u0219i eficien\u021ba acestui produs \u00eenseamn\u0103 c\u0103 se amortizeaz\u0103 \u00een timp, ceea ce \u00eel face o investi\u021bie excelent\u0103 pentru constructori \u0219i antreprenori deopotriv\u0103.<\/p>\n<p>Un alt aspect de luat \u00een considerare este asisten\u021ba oferit\u0103 de produc\u0103torii de Inside Corner. Multe companii de renume ofer\u0103 servicii complete pentru clien\u021bi, inclusiv ghiduri de instalare detaliate, asisten\u021b\u0103 tehnic\u0103 \u0219i chiar instruire pentru echipe. Acest tip de asisten\u021b\u0103 asigur\u0103 faptul c\u0103 \u0219i cei noi \u00een domeniul construc\u021biilor pot integra acest produs cu \u00eencredere, sporind \u0219i mai mult atractivitatea acestuia.<\/p>\n<h3>Concluzii: Adoptarea inova\u021biei \u00een practicile de construc\u021bie<\/h3>\n<p>Pe m\u0103sur\u0103 ce ne ad\u00e2ncim \u00een lumea materialelor de construc\u021bie, devine evident c\u0103 col\u021bul interior nu este doar un simplu conector, ci un element vital care influen\u021beaz\u0103 succesul unui proiect. Beneficiile sale multifa\u021betate variaz\u0103 de la integritatea structural\u0103 \u0219i \u00eembun\u0103t\u0103\u021birea estetic\u0103 la durabilitate \u0219i economii de costuri. Acest produs \u00eencapsuleaz\u0103 esen\u021ba construc\u021biilor moderne: eficien\u021b\u0103, fiabilitate \u0219i armonie a designului.<\/p>\n<p>\u00cen concluzie, col\u021bul interior este o component\u0103 indispensabil\u0103 care nu trebuie subestimat\u0103. Rolul s\u0103u \u00een ob\u021binerea at\u00e2t a rezisten\u021bei, c\u00e2t \u0219i a frumuse\u021bii col\u021burilor nu poate fi supraestimat. Prin alegerea acestui produs, constructorii \u0219i antreprenorii se pot asigura c\u0103 investesc \u00eentr-o solu\u021bie care ofer\u0103 beneficii pe termen lung, conduc\u00e2nd \u00een cele din urm\u0103 la rezultate de succes \u00een construc\u021bii. Indiferent dac\u0103 lucra\u021bi la o mic\u0103 renovare sau la un proiect de anvergur\u0103, \u00eencorporarea col\u021bului interior v\u0103 poate \u00eembun\u0103t\u0103\u021bi semnificativ munca \u0219i poate contribui la crearea unor spa\u021bii care nu sunt doar func\u021bionale, ci \u0219i uimitoare din punct de vedere vizual.<\/p>\n<p>Adoptarea Inside Corner \u00een practicile dvs. de construc\u021bie este un pas c\u0103tre \u00eembun\u0103t\u0103\u021birea calit\u0103\u021bii \u0219i eficien\u021bei. Datorit\u0103 caracteristicilor \u0219i beneficiilor sale remarcabile, col\u021bul interior se remarc\u0103 ca un juc\u0103tor cheie \u00een peisajul construc\u021biilor. \u00cen\u021beleg\u00e2ndu-i valoarea \u0219i \u00eencorpor\u00e2ndu-l \u00een proiecte, v\u0103 pute\u021bi asigura c\u0103 col\u021burile dvs. nu sunt doar func\u021bionale, ci \u0219i parte integrant\u0103 a frumuse\u021bii \u0219i rezisten\u021bei structurilor dvs.<\/p>","protected":false},"excerpt":{"rendered":"<p>Col\u021bul interior este o component\u0103 esen\u021bial\u0103 \u00een construc\u021bii, conceput\u0103 pentru a oferi integritate structural\u0103 \u0219i aspect estetic \u00een col\u021buri. Proiectat pentru durabilitate \u0219i versatilitate, acest produs este potrivit pentru diverse aplica\u021bii, asigur\u00e2nd o integrare perfect\u0103 cu structurile existente. Designul s\u0103u inovator faciliteaz\u0103 instalarea u\u0219oar\u0103, \u00eembun\u0103t\u0103\u021bind \u00een acela\u0219i timp stabilitatea general\u0103, ceea ce \u00eel face un accesoriu valoros pentru orice proiect de construc\u021bie.<\/p>","protected":false},"featured_media":7979,"comment_status":"open","ping_status":"closed","template":"","meta":{"site-sidebar-layout":"default","site-content-layout":"","ast-site-content-layout":"default","site-content-style":"default","site-sidebar-style":"default","ast-global-header-display":"","ast-banner-title-visibility":"","ast-main-header-display":"","ast-hfb-above-header-display":"","ast-hfb-below-header-display":"","ast-hfb-mobile-header-display":"","site-post-title":"","ast-breadcrumbs-content":"","ast-featured-img":"","footer-sml-layout":"","theme-transparent-header-meta":"default","adv-header-id-meta":"","stick-header-meta":"default","header-above-stick-meta":"","header-main-stick-meta":"","header-below-stick-meta":"","astra-migrate-meta-layouts":"set","ast-page-background-enabled":"default","ast-page-background-meta":{"desktop":{"background-color":"","background-image":"","background-repeat":"repeat","background-position":"center center","background-size":"auto","background-attachment":"scroll","background-type":"","background-media":"","overlay-type":"","overlay-color":"","overlay-opacity":"","overlay-gradient":""},"tablet":{"background-color":"","background-image":"","background-repeat":"repeat","background-position":"center center","background-size":"auto","background-attachment":"scroll","background-type":"","background-media":"","overlay-type":"","overlay-color":"","overlay-opacity":"","overlay-gradient":""},"mobile":{"background-color":"","background-image":"","background-repeat":"repeat","background-position":"center center","background-size":"auto","background-attachment":"scroll","background-type":"","background-media":"","overlay-type":"","overlay-color":"","overlay-opacity":"","overlay-gradient":""}},"ast-content-background-meta":{"desktop":{"background-color":"var(--ast-global-color-5)","background-image":"","background-repeat":"repeat","background-position":"center center","background-size":"auto","background-attachment":"scroll","background-type":"","background-media":"","overlay-type":"","overlay-color":"","overlay-opacity":"","overlay-gradient":""},"tablet":{"background-color":"var(--ast-global-color-5)","background-image":"","background-repeat":"repeat","background-position":"center center","background-size":"auto","background-attachment":"scroll","background-type":"","background-media":"","overlay-type":"","overlay-color":"","overlay-opacity":"","overlay-gradient":""},"mobile":{"background-color":"var(--ast-global-color-5)","background-image":"","background-repeat":"repeat","background-position":"center center","background-size":"auto","background-attachment":"scroll","background-type":"","background-media":"","overlay-type":"","overlay-color":"","overlay-opacity":"","overlay-gradient":""}}},"product_brand":[],"product_cat":[29],"product_tag":[],"class_list":{"0":"post-7968","1":"product","2":"type-product","3":"status-publish","4":"has-post-thumbnail","6":"product_cat-formwork-system","7":"desktop-align-left","8":"tablet-align-left","9":"mobile-align-left","10":"ast-product-gallery-layout-horizontal-slider","11":"ast-product-tabs-layout-horizontal","13":"first","14":"instock","15":"shipping-taxable","16":"purchasable","17":"product-type-simple"},"yoast_head":"<!-- This site is optimized with the Yoast SEO plugin v25.2 - https:\/\/yoast.com\/wordpress\/plugins\/seo\/ -->\n<title>Inside Corner<\/title>\n<meta name=\"robots\" content=\"index, follow, max-snippet:-1, max-image-preview:large, max-video-preview:-1\" \/>\n<link rel=\"canonical\" href=\"https:\/\/qingdaohf.com\/ro\/produs\/colt-interior\/\" \/>\n<meta property=\"og:locale\" content=\"ro_RO\" \/>\n<meta property=\"og:type\" content=\"article\" \/>\n<meta property=\"og:title\" content=\"Inside Corner\" \/>\n<meta property=\"og:description\" content=\"The Inside Corner is an essential component in construction, designed to provide structural integrity and aesthetic appeal in corners. Engineered for durability and versatility, this product is suitable for various applications, ensuring seamless integration with existing structures. Its innovative design facilitates easy installation while enhancing overall stability, making it a valuable addition to any building project.\" \/>\n<meta property=\"og:url\" content=\"https:\/\/qingdaohf.com\/ro\/produs\/colt-interior\/\" \/>\n<meta property=\"og:site_name\" content=\"Concrete Form &amp; Rigging Hardware Supplier\" \/>\n<meta property=\"article:publisher\" content=\"https:\/\/www.facebook.com\/qingdaohf\" \/>\n<meta property=\"article:modified_time\" content=\"2025-11-13T01:03:13+00:00\" \/>\n<meta property=\"og:image\" content=\"https:\/\/qingdaohf.com\/wp-content\/uploads\/2024\/09\/concrete-INSIDE-CORNER-1.webp\" \/>\n\t<meta property=\"og:image:width\" content=\"1000\" \/>\n\t<meta property=\"og:image:height\" content=\"1000\" \/>\n\t<meta property=\"og:image:type\" content=\"image\/webp\" \/>\n<meta name=\"twitter:card\" content=\"summary_large_image\" \/>\n<meta name=\"twitter:label1\" content=\"Timp estimat pentru citire\" \/>\n\t<meta name=\"twitter:data1\" content=\"4 minute\" \/>\n<script type=\"application\/ld+json\" class=\"yoast-schema-graph\">{\"@context\":\"https:\/\/schema.org\",\"@graph\":[{\"@type\":\"WebPage\",\"@id\":\"https:\/\/qingdaohf.com\/product\/inside-corner\/\",\"url\":\"https:\/\/qingdaohf.com\/product\/inside-corner\/\",\"name\":\"Inside Corner\",\"isPartOf\":{\"@id\":\"https:\/\/qingdaohf.com\/bg\/#website\"},\"primaryImageOfPage\":{\"@id\":\"https:\/\/qingdaohf.com\/product\/inside-corner\/#primaryimage\"},\"image\":{\"@id\":\"https:\/\/qingdaohf.com\/product\/inside-corner\/#primaryimage\"},\"thumbnailUrl\":\"https:\/\/qingdaohf.com\/wp-content\/uploads\/2024\/09\/concrete-INSIDE-CORNER-1.webp\",\"datePublished\":\"2024-09-30T06:05:29+00:00\",\"dateModified\":\"2025-11-13T01:03:13+00:00\",\"breadcrumb\":{\"@id\":\"https:\/\/qingdaohf.com\/product\/inside-corner\/#breadcrumb\"},\"inLanguage\":\"ro-RO\",\"potentialAction\":[{\"@type\":\"ReadAction\",\"target\":[\"https:\/\/qingdaohf.com\/product\/inside-corner\/\"]}]},{\"@type\":\"ImageObject\",\"inLanguage\":\"ro-RO\",\"@id\":\"https:\/\/qingdaohf.com\/product\/inside-corner\/#primaryimage\",\"url\":\"https:\/\/qingdaohf.com\/wp-content\/uploads\/2024\/09\/concrete-INSIDE-CORNER-1.webp\",\"contentUrl\":\"https:\/\/qingdaohf.com\/wp-content\/uploads\/2024\/09\/concrete-INSIDE-CORNER-1.webp\",\"width\":1000,\"height\":1000,\"caption\":\"INSIDE CORNER\"},{\"@type\":\"BreadcrumbList\",\"@id\":\"https:\/\/qingdaohf.com\/product\/inside-corner\/#breadcrumb\",\"itemListElement\":[{\"@type\":\"ListItem\",\"position\":1,\"name\":\"Home\",\"item\":\"https:\/\/qingdaohf.com\/\"},{\"@type\":\"ListItem\",\"position\":2,\"name\":\"Concrete Forming Accessories and Rigging Hardware\",\"item\":\"https:\/\/qingdaohf.com\/bg\/?page_id=944\"},{\"@type\":\"ListItem\",\"position\":3,\"name\":\"Inside Corner\"}]},{\"@type\":\"WebSite\",\"@id\":\"https:\/\/qingdaohf.com\/bg\/#website\",\"url\":\"https:\/\/qingdaohf.com\/bg\/\",\"name\":\"Concrete Form & Rigging Hardware Supplier\",\"description\":\"\",\"publisher\":{\"@id\":\"https:\/\/qingdaohf.com\/bg\/#organization\"},\"potentialAction\":[{\"@type\":\"SearchAction\",\"target\":{\"@type\":\"EntryPoint\",\"urlTemplate\":\"https:\/\/qingdaohf.com\/bg\/?s={search_term_string}\"},\"query-input\":{\"@type\":\"PropertyValueSpecification\",\"valueRequired\":true,\"valueName\":\"search_term_string\"}}],\"inLanguage\":\"ro-RO\"},{\"@type\":\"Organization\",\"@id\":\"https:\/\/qingdaohf.com\/bg\/#organization\",\"name\":\"Qingdao H&F\",\"url\":\"https:\/\/qingdaohf.com\/bg\/\",\"logo\":{\"@type\":\"ImageObject\",\"inLanguage\":\"ro-RO\",\"@id\":\"https:\/\/qingdaohf.com\/bg\/#\/schema\/logo\/image\/\",\"url\":\"https:\/\/qingdaohf.com\/wp-content\/uploads\/2022\/12\/cropped-HF-LOGO.png\",\"contentUrl\":\"https:\/\/qingdaohf.com\/wp-content\/uploads\/2022\/12\/cropped-HF-LOGO.png\",\"width\":391,\"height\":249,\"caption\":\"Qingdao H&F\"},\"image\":{\"@id\":\"https:\/\/qingdaohf.com\/bg\/#\/schema\/logo\/image\/\"},\"sameAs\":[\"https:\/\/www.facebook.com\/qingdaohf\"]}]}<\/script>\n<!-- \/ Yoast SEO plugin. -->","yoast_head_json":{"title":"Inside Corner","robots":{"index":"index","follow":"follow","max-snippet":"max-snippet:-1","max-image-preview":"max-image-preview:large","max-video-preview":"max-video-preview:-1"},"canonical":"https:\/\/qingdaohf.com\/ro\/produs\/colt-interior\/","og_locale":"ro_RO","og_type":"article","og_title":"Inside Corner","og_description":"The Inside Corner is an essential component in construction, designed to provide structural integrity and aesthetic appeal in corners. Engineered for durability and versatility, this product is suitable for various applications, ensuring seamless integration with existing structures. Its innovative design facilitates easy installation while enhancing overall stability, making it a valuable addition to any building project.","og_url":"https:\/\/qingdaohf.com\/ro\/produs\/colt-interior\/","og_site_name":"Concrete Form &amp; Rigging Hardware Supplier","article_publisher":"https:\/\/www.facebook.com\/qingdaohf","article_modified_time":"2025-11-13T01:03:13+00:00","og_image":[{"width":1000,"height":1000,"url":"https:\/\/qingdaohf.com\/wp-content\/uploads\/2024\/09\/concrete-INSIDE-CORNER-1.webp","type":"image\/webp"}],"twitter_card":"summary_large_image","twitter_misc":{"Timp estimat pentru citire":"4 minute"},"schema":{"@context":"https:\/\/schema.org","@graph":[{"@type":"WebPage","@id":"https:\/\/qingdaohf.com\/product\/inside-corner\/","url":"https:\/\/qingdaohf.com\/product\/inside-corner\/","name":"Inside Corner","isPartOf":{"@id":"https:\/\/qingdaohf.com\/bg\/#website"},"primaryImageOfPage":{"@id":"https:\/\/qingdaohf.com\/product\/inside-corner\/#primaryimage"},"image":{"@id":"https:\/\/qingdaohf.com\/product\/inside-corner\/#primaryimage"},"thumbnailUrl":"https:\/\/qingdaohf.com\/wp-content\/uploads\/2024\/09\/concrete-INSIDE-CORNER-1.webp","datePublished":"2024-09-30T06:05:29+00:00","dateModified":"2025-11-13T01:03:13+00:00","breadcrumb":{"@id":"https:\/\/qingdaohf.com\/product\/inside-corner\/#breadcrumb"},"inLanguage":"ro-RO","potentialAction":[{"@type":"ReadAction","target":["https:\/\/qingdaohf.com\/product\/inside-corner\/"]}]},{"@type":"ImageObject","inLanguage":"ro-RO","@id":"https:\/\/qingdaohf.com\/product\/inside-corner\/#primaryimage","url":"https:\/\/qingdaohf.com\/wp-content\/uploads\/2024\/09\/concrete-INSIDE-CORNER-1.webp","contentUrl":"https:\/\/qingdaohf.com\/wp-content\/uploads\/2024\/09\/concrete-INSIDE-CORNER-1.webp","width":1000,"height":1000,"caption":"INSIDE CORNER"},{"@type":"BreadcrumbList","@id":"https:\/\/qingdaohf.com\/product\/inside-corner\/#breadcrumb","itemListElement":[{"@type":"ListItem","position":1,"name":"Home","item":"https:\/\/qingdaohf.com\/"},{"@type":"ListItem","position":2,"name":"Concrete Forming Accessories and Rigging Hardware","item":"https:\/\/qingdaohf.com\/bg\/?page_id=944"},{"@type":"ListItem","position":3,"name":"Inside Corner"}]},{"@type":"WebSite","@id":"https:\/\/qingdaohf.com\/bg\/#website","url":"https:\/\/qingdaohf.com\/bg\/","name":"Concrete Form & Rigging Hardware Supplier","description":"","publisher":{"@id":"https:\/\/qingdaohf.com\/bg\/#organization"},"potentialAction":[{"@type":"SearchAction","target":{"@type":"EntryPoint","urlTemplate":"https:\/\/qingdaohf.com\/bg\/?s={search_term_string}"},"query-input":{"@type":"PropertyValueSpecification","valueRequired":true,"valueName":"search_term_string"}}],"inLanguage":"ro-RO"},{"@type":"Organization","@id":"https:\/\/qingdaohf.com\/bg\/#organization","name":"Qingdao H&F","url":"https:\/\/qingdaohf.com\/bg\/","logo":{"@type":"ImageObject","inLanguage":"ro-RO","@id":"https:\/\/qingdaohf.com\/bg\/#\/schema\/logo\/image\/","url":"https:\/\/qingdaohf.com\/wp-content\/uploads\/2022\/12\/cropped-HF-LOGO.png","contentUrl":"https:\/\/qingdaohf.com\/wp-content\/uploads\/2022\/12\/cropped-HF-LOGO.png","width":391,"height":249,"caption":"Qingdao H&F"},"image":{"@id":"https:\/\/qingdaohf.com\/bg\/#\/schema\/logo\/image\/"},"sameAs":["https:\/\/www.facebook.com\/qingdaohf"]}]}},"_links":{"self":[{"href":"https:\/\/qingdaohf.com\/ro\/wp-json\/wp\/v2\/product\/7968","targetHints":{"allow":["GET"]}}],"collection":[{"href":"https:\/\/qingdaohf.com\/ro\/wp-json\/wp\/v2\/product"}],"about":[{"href":"https:\/\/qingdaohf.com\/ro\/wp-json\/wp\/v2\/types\/product"}],"replies":[{"embeddable":true,"href":"https:\/\/qingdaohf.com\/ro\/wp-json\/wp\/v2\/comments?post=7968"}],"version-history":[{"count":2,"href":"https:\/\/qingdaohf.com\/ro\/wp-json\/wp\/v2\/product\/7968\/revisions"}],"predecessor-version":[{"id":7982,"href":"https:\/\/qingdaohf.com\/ro\/wp-json\/wp\/v2\/product\/7968\/revisions\/7982"}],"wp:featuredmedia":[{"embeddable":true,"href":"https:\/\/qingdaohf.com\/ro\/wp-json\/wp\/v2\/media\/7979"}],"wp:attachment":[{"href":"https:\/\/qingdaohf.com\/ro\/wp-json\/wp\/v2\/media?parent=7968"}],"wp:term":[{"taxonomy":"product_brand","embeddable":true,"href":"https:\/\/qingdaohf.com\/ro\/wp-json\/wp\/v2\/product_brand?post=7968"},{"taxonomy":"product_cat","embeddable":true,"href":"https:\/\/qingdaohf.com\/ro\/wp-json\/wp\/v2\/product_cat?post=7968"},{"taxonomy":"product_tag","embeddable":true,"href":"https:\/\/qingdaohf.com\/ro\/wp-json\/wp\/v2\/product_tag?post=7968"}],"curies":[{"name":"wp","href":"https:\/\/api.w.org\/{rel}","templated":true}]}}