{"id":7983,"date":"2024-09-30T14:34:11","date_gmt":"2024-09-30T06:34:11","guid":{"rendered":"http:\/\/qingdaohf.com\/?post_type=product&#038;p=7983"},"modified":"2025-11-13T09:03:13","modified_gmt":"2025-11-13T01:03:13","slug":"rebar-individual-high-chair","status":"publish","type":"product","link":"https:\/\/qingdaohf.com\/ro\/produs\/rebar-scaun-inalt-individual\/","title":{"rendered":"Rebar Scaun \u00eenalt individual"},"content":{"rendered":"<h3>\u00cen\u021belegerea importan\u021bei scaunelor \u00eenalte individuale Rebar<\/h3>\n<p>\u00cen domeniul construc\u021biilor din beton, importan\u021ba amplas\u0103rii corecte a arm\u0103turilor nu poate fi supraestimat\u0103. Arm\u0103tura, sau bara de armare, serve\u0219te drept coloan\u0103 vertebral\u0103 pentru structurile de beton, sporindu-le rezisten\u021ba \u0219i durabilitatea. Cu toate acestea, pentru a ob\u021bine integritatea structural\u0103 dorit\u0103, este esen\u021bial ca arm\u0103tura s\u0103 fie pozi\u021bionat\u0103 cu exactitate. Aici intervine scaunul \u00eenalt individual pentru arm\u0103turi. Proiectat special pentru ridicarea arm\u0103turilor, acest produs nu numai c\u0103 sus\u021bine greutatea arm\u0103turilor, dar se asigur\u0103 \u0219i c\u0103 acestea r\u0103m\u00e2n la \u00een\u0103l\u021bimea corect\u0103 pe parcursul procesului de turnare a betonului.<\/p>\n<p>Scaunul \u00eenalt individual pentru arm\u0103turi este proiectat pentru a oferi o \u00een\u0103l\u021bime optim\u0103 care men\u021bine arm\u0103tura suspendat\u0103 \u00een mod adecvat \u00een amestecul de beton. Aceast\u0103 \u00een\u0103l\u021bime este vital\u0103, deoarece previne coroziunea \u0219i promoveaz\u0103 o aderen\u021b\u0103 corespunz\u0103toare \u00eentre arm\u0103tur\u0103 \u0219i beton. \u00cen plus, prin men\u021binerea unei distan\u021be constante, scaunul \u00eenalt faciliteaz\u0103 distribuirea uniform\u0103 a tensiunii pe \u00eentreaga structur\u0103, sporind semnificativ capacitatea sa portant\u0103.<\/p>\n<h3>Principalele caracteristici \u0219i beneficii ale scaunelor \u00eenalte individuale Rebar<\/h3>\n<p>Una dintre caracteristicile remarcabile ale scaunului \u00eenalt individual Rebar este construc\u021bia sa robust\u0103. Fabricat din materiale de \u00eenalt\u0103 calitate, acesta este proiectat s\u0103 reziste rigorilor din mediile de construc\u021bie. Durabilitatea sa asigur\u0103 faptul c\u0103 nu se va \u00eendoi sau rupe sub presiune, oferind un sprijin fiabil \u00een timpul etapelor critice ale construc\u021biei.<\/p>\n<p>\u00cen plus, scaunul \u00eenalt individual Rebar este versatil. Disponibil \u00een diferite dimensiuni, acesta g\u0103zduie\u0219te diferite diametre de arm\u0103tur\u0103, fiind potrivit pentru o gam\u0103 larg\u0103 de proiecte. Aceast\u0103 adaptabilitate este deosebit de benefic\u0103 pentru antreprenorii care lucreaz\u0103 adesea pe \u0219antiere diverse, permi\u021b\u00e2ndu-le s\u0103 utilizeze acela\u0219i scaun \u00eenalt pentru aplica\u021bii multiple.<\/p>\n<p>Un alt avantaj semnificativ al utiliz\u0103rii scaunului \u00eenalt individual Rebar este u\u0219urin\u021ba sa de instalare. Cu o configurare simpl\u0103, echipele de construc\u021bie pot pozi\u021biona eficient scaunele \u00eenalte f\u0103r\u0103 timp sau efort excesiv. Aceast\u0103 eficien\u021b\u0103 se traduce \u00een economii de for\u021b\u0103 de munc\u0103, permi\u021b\u00e2nd echipelor s\u0103 \u00ee\u0219i aloce resursele mai eficient.<\/p>\n<p>\u00cen plus, designul scaunului \u00eenalt individual pentru arm\u0103turi promoveaz\u0103 siguran\u021ba pe \u0219antier. Prin asigurarea pozi\u021bion\u0103rii \u0219i fix\u0103rii corecte a arm\u0103turilor, acesta minimizeaz\u0103 riscul de accidente legate de arm\u0103turi nealiniate. Acest accent pus pe siguran\u021b\u0103 nu numai c\u0103 protejeaz\u0103 lucr\u0103torii, dar \u00eembun\u0103t\u0103\u021be\u0219te \u0219i calitatea general\u0103 a proiectului de construc\u021bie.<\/p>\n<h3>Aplicarea \u00een scenarii din lumea real\u0103<\/h3>\n<p>Pentru a aprecia cu adev\u0103rat valoarea scaunului \u00eenalt individual Rebar, este esen\u021bial s\u0103 se ia \u00een considerare aplicarea sa \u00een scenarii reale. De exemplu, \u00een construc\u021bia unei cl\u0103diri cu mai multe etaje, integritatea structural\u0103 a fiec\u0103rui etaj se bazeaz\u0103 \u00een mare m\u0103sur\u0103 pe amplasarea corect\u0103 a arm\u0103turilor. Prin utilizarea Rebar Individual High Chairs, antreprenorii se pot asigura c\u0103 arm\u0103tura r\u0103m\u00e2ne la \u00een\u0103l\u021bimea necesar\u0103, facilit\u00e2nd o leg\u0103tur\u0103 puternic\u0103 cu betonul.<\/p>\n<p>\u00cen mod similar, \u00een proiectele de infrastructur\u0103, cum ar fi podurile \u0219i autostr\u0103zile, mizele sunt \u0219i mai mari. Scaunul \u00eenalt individual pentru arm\u0103turi joac\u0103 un rol esen\u021bial \u00een asigurarea pozi\u021bion\u0103rii corecte a arm\u0103turilor pentru a rezista la sarcinile imense pe care le vor suporta aceste structuri. Acest nivel de fiabilitate este crucial, deoarece are un impact direct asupra longevit\u0103\u021bii \u0219i siguran\u021bei infrastructurii.<\/p>\n<p>\u00cen plus, Rebar Individual High Chair poate fi utilizat \u00een diverse aplica\u021bii, inclusiv \u00een proiecte reziden\u021biale, comerciale \u0219i industriale. Fie c\u0103 se consolideaz\u0103 pl\u0103ci, grinzi sau coloane, acest scaun \u00eenalt se dovede\u0219te a fi un instrument nepre\u021buit pentru ob\u021binerea unor rezultate de \u00eenalt\u0103 calitate.<\/p>\n<h3>Concluzii: Viitorul construc\u021biilor din beton cu arm\u0103turi \u0219i scaune \u00eenalte individuale<\/h3>\n<p>\u00cen concluzie, Rebar Individual High Chair este mai mult dec\u00e2t un simplu accesoriu pentru construc\u021bii; este o component\u0103 esen\u021bial\u0103 \u00een asigurarea succesului proiectelor de beton. Oferind suport optim \u0219i stabilitate pentru plasarea arm\u0103turilor, acesta \u00eembun\u0103t\u0103\u021be\u0219te integritatea general\u0103 a structurilor. Durabilitatea, versatilitatea \u0219i u\u0219urin\u021ba \u00een utilizare \u00eel fac un instrument esen\u021bial pentru profesioni\u0219tii din construc\u021bii care acord\u0103 prioritate calit\u0103\u021bii \u0219i siguran\u021bei.<\/p>\n<p>Pe m\u0103sur\u0103 ce industria construc\u021biilor continu\u0103 s\u0103 evolueze, adoptarea unor solu\u021bii inovatoare precum Rebar Individual High Chair va juca f\u0103r\u0103 \u00eendoial\u0103 un rol crucial \u00een modelarea viitorului construc\u021biilor din beton. Investind \u00een echipamente de \u00eenalt\u0103 calitate, antreprenorii se pot asigura c\u0103 proiectele lor \u00eendeplinesc cele mai \u00eenalte standarde de siguran\u021b\u0103 \u0219i performan\u021b\u0103.<\/p>\n<p>\u00cen cele din urm\u0103, Rebar Individual High Chair reprezint\u0103 un angajament fa\u021b\u0103 de excelen\u021ba \u00een construc\u021bia din beton, permi\u021b\u00e2nd echipelor s\u0103 construiasc\u0103 structuri robuste care rezist\u0103 testului timpului. Prin alegerea acestui produs, profesioni\u0219tii \u00een construc\u021bii \u00ee\u0219i pot ridica proiectele, asigur\u00e2ndu-se c\u0103 fiecare element este pozi\u021bionat pentru succes.<\/p>","protected":false},"excerpt":{"rendered":"<p>Scaunul \u00eenalt individual pentru arm\u0103turi este un instrument esen\u021bial pentru armarea structurilor de beton, oferind suport \u0219i stabilitate optime \u00een timpul procesului de turnare. Proiectat pentru eficien\u021b\u0103, acest scaun \u00eenalt asigur\u0103 ridicarea precis\u0103 a arm\u0103turii, \u00eembun\u0103t\u0103\u021bind integritatea general\u0103 a aplica\u021biilor din beton. Designul s\u0103u durabil \u0219i u\u0219urin\u021ba \u00een utilizare \u00eel fac un bun nepre\u021buit pentru profesioni\u0219tii din construc\u021bii care caut\u0103 solu\u021bii fiabile pentru plasarea arm\u0103turilor.<\/p>","protected":false},"featured_media":7984,"comment_status":"open","ping_status":"closed","template":"","meta":{"site-sidebar-layout":"default","site-content-layout":"","ast-site-content-layout":"default","site-content-style":"default","site-sidebar-style":"default","ast-global-header-display":"","ast-banner-title-visibility":"","ast-main-header-display":"","ast-hfb-above-header-display":"","ast-hfb-below-header-display":"","ast-hfb-mobile-header-display":"","site-post-title":"","ast-breadcrumbs-content":"","ast-featured-img":"","footer-sml-layout":"","theme-transparent-header-meta":"default","adv-header-id-meta":"","stick-header-meta":"default","header-above-stick-meta":"","header-main-stick-meta":"","header-below-stick-meta":"","astra-migrate-meta-layouts":"set","ast-page-background-enabled":"default","ast-page-background-meta":{"desktop":{"background-color":"","background-image":"","background-repeat":"repeat","background-position":"center center","background-size":"auto","background-attachment":"scroll","background-type":"","background-media":"","overlay-type":"","overlay-color":"","overlay-opacity":"","overlay-gradient":""},"tablet":{"background-color":"","background-image":"","background-repeat":"repeat","background-position":"center center","background-size":"auto","background-attachment":"scroll","background-type":"","background-media":"","overlay-type":"","overlay-color":"","overlay-opacity":"","overlay-gradient":""},"mobile":{"background-color":"","background-image":"","background-repeat":"repeat","background-position":"center center","background-size":"auto","background-attachment":"scroll","background-type":"","background-media":"","overlay-type":"","overlay-color":"","overlay-opacity":"","overlay-gradient":""}},"ast-content-background-meta":{"desktop":{"background-color":"var(--ast-global-color-5)","background-image":"","background-repeat":"repeat","background-position":"center center","background-size":"auto","background-attachment":"scroll","background-type":"","background-media":"","overlay-type":"","overlay-color":"","overlay-opacity":"","overlay-gradient":""},"tablet":{"background-color":"var(--ast-global-color-5)","background-image":"","background-repeat":"repeat","background-position":"center center","background-size":"auto","background-attachment":"scroll","background-type":"","background-media":"","overlay-type":"","overlay-color":"","overlay-opacity":"","overlay-gradient":""},"mobile":{"background-color":"var(--ast-global-color-5)","background-image":"","background-repeat":"repeat","background-position":"center center","background-size":"auto","background-attachment":"scroll","background-type":"","background-media":"","overlay-type":"","overlay-color":"","overlay-opacity":"","overlay-gradient":""}}},"product_brand":[],"product_cat":[35],"product_tag":[],"class_list":{"0":"post-7983","1":"product","2":"type-product","3":"status-publish","4":"has-post-thumbnail","6":"product_cat-concrete-rebar-support","7":"desktop-align-left","8":"tablet-align-left","9":"mobile-align-left","10":"ast-product-gallery-layout-horizontal-slider","11":"ast-product-tabs-layout-horizontal","13":"first","14":"instock","15":"shipping-taxable","16":"purchasable","17":"product-type-simple"},"yoast_head":"<!-- This site is optimized with the Yoast SEO plugin v25.2 - https:\/\/yoast.com\/wordpress\/plugins\/seo\/ -->\n<title>Rebar Individual High Chair<\/title>\n<meta name=\"robots\" content=\"index, follow, max-snippet:-1, max-image-preview:large, max-video-preview:-1\" \/>\n<link rel=\"canonical\" href=\"https:\/\/qingdaohf.com\/ro\/produs\/rebar-scaun-inalt-individual\/\" \/>\n<meta property=\"og:locale\" content=\"ro_RO\" \/>\n<meta property=\"og:type\" content=\"article\" \/>\n<meta property=\"og:title\" content=\"Rebar Individual High Chair\" \/>\n<meta property=\"og:description\" content=\"The Rebar Individual High Chair is an essential tool for reinforcing concrete structures, providing optimal support and stability during the pouring process. Engineered for efficiency, this high chair ensures precise elevation of rebar, enhancing the overall integrity of concrete applications. Its durable design and ease of use make it an invaluable asset for construction professionals seeking reliable solutions for rebar placement.\" \/>\n<meta property=\"og:url\" content=\"https:\/\/qingdaohf.com\/ro\/produs\/rebar-scaun-inalt-individual\/\" \/>\n<meta property=\"og:site_name\" content=\"Concrete Form &amp; Rigging Hardware Supplier\" \/>\n<meta property=\"article:publisher\" content=\"https:\/\/www.facebook.com\/qingdaohf\" \/>\n<meta property=\"article:modified_time\" content=\"2025-11-13T01:03:13+00:00\" \/>\n<meta property=\"og:image\" content=\"https:\/\/qingdaohf.com\/wp-content\/uploads\/2024\/09\/Individual-High-Chair-12.webp\" \/>\n\t<meta property=\"og:image:width\" content=\"1280\" \/>\n\t<meta property=\"og:image:height\" content=\"1280\" \/>\n\t<meta property=\"og:image:type\" content=\"image\/webp\" \/>\n<meta name=\"twitter:card\" content=\"summary_large_image\" \/>\n<meta name=\"twitter:label1\" content=\"Timp estimat pentru citire\" \/>\n\t<meta name=\"twitter:data1\" content=\"4 minute\" \/>\n<script type=\"application\/ld+json\" class=\"yoast-schema-graph\">{\"@context\":\"https:\/\/schema.org\",\"@graph\":[{\"@type\":\"WebPage\",\"@id\":\"https:\/\/qingdaohf.com\/product\/rebar-individual-high-chair\/\",\"url\":\"https:\/\/qingdaohf.com\/product\/rebar-individual-high-chair\/\",\"name\":\"Rebar Individual High Chair\",\"isPartOf\":{\"@id\":\"https:\/\/qingdaohf.com\/bg\/#website\"},\"primaryImageOfPage\":{\"@id\":\"https:\/\/qingdaohf.com\/product\/rebar-individual-high-chair\/#primaryimage\"},\"image\":{\"@id\":\"https:\/\/qingdaohf.com\/product\/rebar-individual-high-chair\/#primaryimage\"},\"thumbnailUrl\":\"https:\/\/qingdaohf.com\/wp-content\/uploads\/2024\/09\/Individual-High-Chair-12.webp\",\"datePublished\":\"2024-09-30T06:34:11+00:00\",\"dateModified\":\"2025-11-13T01:03:13+00:00\",\"breadcrumb\":{\"@id\":\"https:\/\/qingdaohf.com\/product\/rebar-individual-high-chair\/#breadcrumb\"},\"inLanguage\":\"ro-RO\",\"potentialAction\":[{\"@type\":\"ReadAction\",\"target\":[\"https:\/\/qingdaohf.com\/product\/rebar-individual-high-chair\/\"]}]},{\"@type\":\"ImageObject\",\"inLanguage\":\"ro-RO\",\"@id\":\"https:\/\/qingdaohf.com\/product\/rebar-individual-high-chair\/#primaryimage\",\"url\":\"https:\/\/qingdaohf.com\/wp-content\/uploads\/2024\/09\/Individual-High-Chair-12.webp\",\"contentUrl\":\"https:\/\/qingdaohf.com\/wp-content\/uploads\/2024\/09\/Individual-High-Chair-12.webp\",\"width\":1280,\"height\":1280,\"caption\":\"Rebar Individual High Chair\"},{\"@type\":\"BreadcrumbList\",\"@id\":\"https:\/\/qingdaohf.com\/product\/rebar-individual-high-chair\/#breadcrumb\",\"itemListElement\":[{\"@type\":\"ListItem\",\"position\":1,\"name\":\"Home\",\"item\":\"https:\/\/qingdaohf.com\/\"},{\"@type\":\"ListItem\",\"position\":2,\"name\":\"Concrete Forming Accessories and Rigging Hardware\",\"item\":\"https:\/\/qingdaohf.com\/bg\/?page_id=944\"},{\"@type\":\"ListItem\",\"position\":3,\"name\":\"Rebar Individual High Chair\"}]},{\"@type\":\"WebSite\",\"@id\":\"https:\/\/qingdaohf.com\/bg\/#website\",\"url\":\"https:\/\/qingdaohf.com\/bg\/\",\"name\":\"Concrete Form & Rigging Hardware Supplier\",\"description\":\"\",\"publisher\":{\"@id\":\"https:\/\/qingdaohf.com\/bg\/#organization\"},\"potentialAction\":[{\"@type\":\"SearchAction\",\"target\":{\"@type\":\"EntryPoint\",\"urlTemplate\":\"https:\/\/qingdaohf.com\/bg\/?s={search_term_string}\"},\"query-input\":{\"@type\":\"PropertyValueSpecification\",\"valueRequired\":true,\"valueName\":\"search_term_string\"}}],\"inLanguage\":\"ro-RO\"},{\"@type\":\"Organization\",\"@id\":\"https:\/\/qingdaohf.com\/bg\/#organization\",\"name\":\"Qingdao H&F\",\"url\":\"https:\/\/qingdaohf.com\/bg\/\",\"logo\":{\"@type\":\"ImageObject\",\"inLanguage\":\"ro-RO\",\"@id\":\"https:\/\/qingdaohf.com\/bg\/#\/schema\/logo\/image\/\",\"url\":\"https:\/\/qingdaohf.com\/wp-content\/uploads\/2022\/12\/cropped-HF-LOGO.png\",\"contentUrl\":\"https:\/\/qingdaohf.com\/wp-content\/uploads\/2022\/12\/cropped-HF-LOGO.png\",\"width\":391,\"height\":249,\"caption\":\"Qingdao H&F\"},\"image\":{\"@id\":\"https:\/\/qingdaohf.com\/bg\/#\/schema\/logo\/image\/\"},\"sameAs\":[\"https:\/\/www.facebook.com\/qingdaohf\"]}]}<\/script>\n<!-- \/ Yoast SEO plugin. -->","yoast_head_json":{"title":"Rebar Individual High Chair","robots":{"index":"index","follow":"follow","max-snippet":"max-snippet:-1","max-image-preview":"max-image-preview:large","max-video-preview":"max-video-preview:-1"},"canonical":"https:\/\/qingdaohf.com\/ro\/produs\/rebar-scaun-inalt-individual\/","og_locale":"ro_RO","og_type":"article","og_title":"Rebar Individual High Chair","og_description":"The Rebar Individual High Chair is an essential tool for reinforcing concrete structures, providing optimal support and stability during the pouring process. Engineered for efficiency, this high chair ensures precise elevation of rebar, enhancing the overall integrity of concrete applications. Its durable design and ease of use make it an invaluable asset for construction professionals seeking reliable solutions for rebar placement.","og_url":"https:\/\/qingdaohf.com\/ro\/produs\/rebar-scaun-inalt-individual\/","og_site_name":"Concrete Form &amp; Rigging Hardware Supplier","article_publisher":"https:\/\/www.facebook.com\/qingdaohf","article_modified_time":"2025-11-13T01:03:13+00:00","og_image":[{"width":1280,"height":1280,"url":"https:\/\/qingdaohf.com\/wp-content\/uploads\/2024\/09\/Individual-High-Chair-12.webp","type":"image\/webp"}],"twitter_card":"summary_large_image","twitter_misc":{"Timp estimat pentru citire":"4 minute"},"schema":{"@context":"https:\/\/schema.org","@graph":[{"@type":"WebPage","@id":"https:\/\/qingdaohf.com\/product\/rebar-individual-high-chair\/","url":"https:\/\/qingdaohf.com\/product\/rebar-individual-high-chair\/","name":"Rebar Individual High Chair","isPartOf":{"@id":"https:\/\/qingdaohf.com\/bg\/#website"},"primaryImageOfPage":{"@id":"https:\/\/qingdaohf.com\/product\/rebar-individual-high-chair\/#primaryimage"},"image":{"@id":"https:\/\/qingdaohf.com\/product\/rebar-individual-high-chair\/#primaryimage"},"thumbnailUrl":"https:\/\/qingdaohf.com\/wp-content\/uploads\/2024\/09\/Individual-High-Chair-12.webp","datePublished":"2024-09-30T06:34:11+00:00","dateModified":"2025-11-13T01:03:13+00:00","breadcrumb":{"@id":"https:\/\/qingdaohf.com\/product\/rebar-individual-high-chair\/#breadcrumb"},"inLanguage":"ro-RO","potentialAction":[{"@type":"ReadAction","target":["https:\/\/qingdaohf.com\/product\/rebar-individual-high-chair\/"]}]},{"@type":"ImageObject","inLanguage":"ro-RO","@id":"https:\/\/qingdaohf.com\/product\/rebar-individual-high-chair\/#primaryimage","url":"https:\/\/qingdaohf.com\/wp-content\/uploads\/2024\/09\/Individual-High-Chair-12.webp","contentUrl":"https:\/\/qingdaohf.com\/wp-content\/uploads\/2024\/09\/Individual-High-Chair-12.webp","width":1280,"height":1280,"caption":"Rebar Individual High Chair"},{"@type":"BreadcrumbList","@id":"https:\/\/qingdaohf.com\/product\/rebar-individual-high-chair\/#breadcrumb","itemListElement":[{"@type":"ListItem","position":1,"name":"Home","item":"https:\/\/qingdaohf.com\/"},{"@type":"ListItem","position":2,"name":"Concrete Forming Accessories and Rigging Hardware","item":"https:\/\/qingdaohf.com\/bg\/?page_id=944"},{"@type":"ListItem","position":3,"name":"Rebar Individual High Chair"}]},{"@type":"WebSite","@id":"https:\/\/qingdaohf.com\/bg\/#website","url":"https:\/\/qingdaohf.com\/bg\/","name":"Concrete Form & Rigging Hardware Supplier","description":"","publisher":{"@id":"https:\/\/qingdaohf.com\/bg\/#organization"},"potentialAction":[{"@type":"SearchAction","target":{"@type":"EntryPoint","urlTemplate":"https:\/\/qingdaohf.com\/bg\/?s={search_term_string}"},"query-input":{"@type":"PropertyValueSpecification","valueRequired":true,"valueName":"search_term_string"}}],"inLanguage":"ro-RO"},{"@type":"Organization","@id":"https:\/\/qingdaohf.com\/bg\/#organization","name":"Qingdao H&F","url":"https:\/\/qingdaohf.com\/bg\/","logo":{"@type":"ImageObject","inLanguage":"ro-RO","@id":"https:\/\/qingdaohf.com\/bg\/#\/schema\/logo\/image\/","url":"https:\/\/qingdaohf.com\/wp-content\/uploads\/2022\/12\/cropped-HF-LOGO.png","contentUrl":"https:\/\/qingdaohf.com\/wp-content\/uploads\/2022\/12\/cropped-HF-LOGO.png","width":391,"height":249,"caption":"Qingdao H&F"},"image":{"@id":"https:\/\/qingdaohf.com\/bg\/#\/schema\/logo\/image\/"},"sameAs":["https:\/\/www.facebook.com\/qingdaohf"]}]}},"_links":{"self":[{"href":"https:\/\/qingdaohf.com\/ro\/wp-json\/wp\/v2\/product\/7983","targetHints":{"allow":["GET"]}}],"collection":[{"href":"https:\/\/qingdaohf.com\/ro\/wp-json\/wp\/v2\/product"}],"about":[{"href":"https:\/\/qingdaohf.com\/ro\/wp-json\/wp\/v2\/types\/product"}],"replies":[{"embeddable":true,"href":"https:\/\/qingdaohf.com\/ro\/wp-json\/wp\/v2\/comments?post=7983"}],"version-history":[{"count":1,"href":"https:\/\/qingdaohf.com\/ro\/wp-json\/wp\/v2\/product\/7983\/revisions"}],"predecessor-version":[{"id":7994,"href":"https:\/\/qingdaohf.com\/ro\/wp-json\/wp\/v2\/product\/7983\/revisions\/7994"}],"wp:featuredmedia":[{"embeddable":true,"href":"https:\/\/qingdaohf.com\/ro\/wp-json\/wp\/v2\/media\/7984"}],"wp:attachment":[{"href":"https:\/\/qingdaohf.com\/ro\/wp-json\/wp\/v2\/media?parent=7983"}],"wp:term":[{"taxonomy":"product_brand","embeddable":true,"href":"https:\/\/qingdaohf.com\/ro\/wp-json\/wp\/v2\/product_brand?post=7983"},{"taxonomy":"product_cat","embeddable":true,"href":"https:\/\/qingdaohf.com\/ro\/wp-json\/wp\/v2\/product_cat?post=7983"},{"taxonomy":"product_tag","embeddable":true,"href":"https:\/\/qingdaohf.com\/ro\/wp-json\/wp\/v2\/product_tag?post=7983"}],"curies":[{"name":"wp","href":"https:\/\/api.w.org\/{rel}","templated":true}]}}