{"id":8075,"date":"2024-10-16T11:55:09","date_gmt":"2024-10-16T03:55:09","guid":{"rendered":"http:\/\/qingdaohf.com\/?post_type=product&#038;p=8075"},"modified":"2025-11-13T09:03:13","modified_gmt":"2025-11-13T01:03:13","slug":"air-vent-grille-covers","status":"publish","type":"product","link":"https:\/\/qingdaohf.com\/ro\/produs\/capace-pentru-grila-de-aerisire\/","title":{"rendered":"Acoperire gril\u0103 de aerisire"},"content":{"rendered":"<p>Capacele grilelor de aerisire joac\u0103 un rol crucial \u00een men\u021binerea unui mediu interior confortabil \u0219i s\u0103n\u0103tos. Adesea trecute cu vederea, aceste componente sunt esen\u021biale \u00een reglarea fluxului de aer, minimizarea acumul\u0103rii de praf \u0219i contribu\u021bia la eficien\u021ba general\u0103 a unui sistem de ventila\u021bie. Acoperitoarele noastre pentru grilele de aerisire sunt proiectate \u021bin\u00e2nd cont at\u00e2t de func\u021bionalitate, c\u00e2t \u0219i de stil, oferind un echilibru perfect \u00eentre performan\u021b\u0103 \u0219i atractivitate vizual\u0103 pentru diverse medii.<\/p>\n<h3>\u00cembun\u0103t\u0103\u021birea calit\u0103\u021bii aerului interior \u0219i a confortului<\/h3>\n<p>O bun\u0103 circula\u021bie a aerului este piatra de temelie a oric\u0103rui spa\u021biu bine \u00eentre\u021binut, fie c\u0103 este vorba de o cas\u0103 confortabil\u0103 sau de o cl\u0103dire comercial\u0103 aglomerat\u0103. Grilele de aerisire care func\u021bioneaz\u0103 corect asigur\u0103 circula\u021bia liber\u0103 a aerului prin \u00eenc\u0103peri, permi\u021b\u00e2nd sistemelor de \u00eenc\u0103lzire, r\u0103cire \u0219i ventila\u021bie s\u0103 func\u021bioneze la eficien\u021b\u0103 maxim\u0103. Cu capacele noastre pentru grila de aerisire, distribu\u021bia aerului devine mai consistent\u0103, duc\u00e2nd la un control mai bun al temperaturii \u0219i la o reducere a punctelor fierbin\u021bi sau reci nedorite.<\/p>\n<p>Pe l\u00e2ng\u0103 confortul \u00eembun\u0103t\u0103\u021bit, capacul de gril\u0103 potrivit poate \u00eembun\u0103t\u0103\u021bi semnificativ calitatea aerului din interior. Prin filtrarea particulelor mari de praf \u0219i prevenirea p\u0103trunderii resturilor \u00een conducte, aceste capace ajut\u0103 la men\u021binerea unui mediu mai curat. Acest beneficiu este deosebit de valoros \u00een casele cu alergii sau probleme respiratorii, unde men\u021binerea unui spa\u021biu f\u0103r\u0103 praf poate face o mare diferen\u021b\u0103. Astfel, investi\u021bia \u00een capace pentru grile de aerisire de \u00eenalt\u0103 calitate contribuie la un spa\u021biu de locuit mai s\u0103n\u0103tos \u0219i mai pl\u0103cut.<\/p>\n<h3>Design durabil pentru performan\u021b\u0103 de lung\u0103 durat\u0103<\/h3>\n<p>Una dintre caracteristicile deosebite ale capacelor noastre pentru grila de aerisire este construc\u021bia lor robust\u0103. Fabricate din materiale premium, aceste capace sunt construite pentru a rezista testului timpului. Spre deosebire de op\u021biunile standard care se pot uza sau degrada rapid, capacele noastre de gril\u0103 \u00ee\u0219i men\u021bin integritatea structural\u0103, chiar \u0219i \u00een zone cu trafic pietonal ridicat sau condi\u021bii de temperatur\u0103 variabil\u0103. Aceast\u0103 durabilitate asigur\u0103 faptul c\u0103, odat\u0103 instalate, pute\u021bi avea \u00eencredere c\u0103 aceste capace vor oferi o performan\u021b\u0103 fiabil\u0103 f\u0103r\u0103 \u00eenlocuiri frecvente.<\/p>\n<p>Designul acestor capace de gril\u0103 vizeaz\u0103, de asemenea, o \u00eentre\u021binere u\u0219oar\u0103. Suprafa\u021ba lor neted\u0103 \u0219i lamelele bine proiectate fac din cur\u0103\u021bare un proces lipsit de complica\u021bii. Prin minimizarea acumul\u0103rii de praf pe capacul \u00een sine, acestea reduc timpul \u0219i efortul necesare pentru \u00eentre\u021binere. Aceast\u0103 u\u0219urin\u021b\u0103 a \u00eentre\u021binerii nu numai c\u0103 v\u0103 men\u021bine sistemul de ventila\u021bie s\u0103 func\u021bioneze f\u0103r\u0103 probleme, dar ajut\u0103 \u0219i la prelungirea duratei de via\u021b\u0103 a componentelor HVAC prin prevenirea \u00eenfund\u0103rii \u0219i a ineficien\u021bei.<\/p>\n<p>Dincolo de construc\u021bia lor robust\u0103, capacele noastre pentru grila de aerisire sunt disponibile \u00eentr-o gam\u0103 larg\u0103 de finisaje, asigur\u00e2nd alinierea acestora cu estetica spa\u021biului dvs. De la stiluri moderne, elegante, care se \u00eembin\u0103 perfect cu interioarele contemporane, la modele clasice care completeaz\u0103 decorul tradi\u021bional, exist\u0103 un capac de gril\u0103 care se potrive\u0219te fiec\u0103rei preferin\u021be. Aceast\u0103 versatilitate le face o alegere excelent\u0103 at\u00e2t pentru construc\u021biile noi, c\u00e2t \u0219i pentru proiectele de renovare.<\/p>\n<h3>Alegerea durabil\u0103 pentru un spa\u021biu ecologic<\/h3>\n<p>\u00cen lumea de ast\u0103zi, a face alegeri ecologice a devenit mai important ca niciodat\u0103. Acoperitoarele noastre pentru grila de aerisire sunt proiectate av\u00e2nd \u00een vedere durabilitatea, folosind materiale care nu sunt doar durabile, ci \u0219i responsabile fa\u021b\u0103 de mediu. Select\u00e2nd produse care sunt construite pentru a dura, contribui\u021bi la reducerea de\u0219eurilor, deoarece este mai pu\u021bin nevoie de \u00eenlocuiri frecvente. Aceast\u0103 longevitate se aliniaz\u0103 cu obiectivele de minimizare a impactului asupra mediului \u0219i de sus\u021binere a unui viitor mai durabil.<\/p>\n<p>\u00cen plus, prin cre\u0219terea eficien\u021bei sistemului dvs. de ventila\u021bie, aceste capace de gril\u0103 pot contribui \u0219i la reducerea consumului de energie. Distribu\u021bia eficient\u0103 a aerului \u00eenseamn\u0103 c\u0103 sistemele de \u00eenc\u0103lzire \u0219i r\u0103cire nu trebuie s\u0103 depun\u0103 eforturi at\u00e2t de mari pentru a men\u021bine temperatura dorit\u0103, ceea ce duce la sc\u0103derea facturilor la energie \u0219i la reducerea presiunii asupra sistemului. \u00cen mediile comerciale, acest lucru se poate traduce \u00een economii semnificative \u00een timp, ceea ce face ca capacele noastre de grilaj s\u0103 fie o investi\u021bie \u00een\u021beleapt\u0103 pentru \u00eentreprinderile care doresc s\u0103 \u00ee\u0219i optimizeze consumul de energie.<\/p>\n<p>Angajamentul nostru fa\u021b\u0103 de durabilitate se extinde dincolo de performan\u021ba produsului. Ne asigur\u0103m c\u0103 procesul de fabrica\u021bie pentru aceste capace de gril\u0103 pentru aerisire respect\u0103 standardele de mediu, minimiz\u00e2nd de\u0219eurile \u0219i utiliz\u00e2nd metode eficiente din punct de vedere energetic. Aceast\u0103 dedicare fa\u021b\u0103 de practicile ecologice face din capacele noastre de grilaj o alegere potrivit\u0103 pentru cei care apreciaz\u0103 principiile construc\u021biilor ecologice \u0219i doresc s\u0103 le includ\u0103 \u00een proiectele lor.<\/p>\n<h3>Potrivire perfect\u0103 pentru spa\u021bii reziden\u021biale \u0219i comerciale<\/h3>\n<p>Fie c\u0103 moderniza\u021bi ventila\u021bia unei locuin\u021be, a unui birou sau a unui spa\u021biu comercial, capacele noastre pentru grilele de aerisire sunt concepute pentru a satisface cerin\u021bele diferitelor medii. \u00cen mediul reziden\u021bial, acestea ofer\u0103 o modalitate subtil\u0103, dar elegant\u0103 de a \u00eembun\u0103t\u0103\u021bi fluxul de aer, integr\u00e2ndu-se perfect \u00een designul interior. Familiile se pot bucura de beneficiile unei calit\u0103\u021bi \u00eembun\u0103t\u0103\u021bite a aerului, \u00een special \u00een sufragerii, dormitoare \u0219i alte zone foarte frecventate, unde men\u021binerea unei atmosfere confortabile este esen\u021bial\u0103.<\/p>\n<p>\u00cen spa\u021biile comerciale, cum ar fi cl\u0103dirile de birouri sau magazinele de v\u00e2nzare cu am\u0103nuntul, ventila\u021bia joac\u0103 un rol esen\u021bial \u00een asigurarea confortului angaja\u021bilor \u0219i clien\u021bilor deopotriv\u0103. Grilele noastre de protec\u021bie ofer\u0103 o solu\u021bie eficient\u0103 pentru gestionarea fluxului de aer, contribuind la men\u021binerea unui mediu proasp\u0103t \u0219i primitor. Designul lor durabil asigur\u0103 faptul c\u0103 pot face fa\u021b\u0103 cerin\u021belor din zonele cu trafic intens, \u00een timp ce aspectul lor modern contribuie la un aspect profesional \u0219i lustruit.<\/p>\n<p>\u00cen plus, capacele noastre de gril\u0103 de aerisire sunt disponibile \u00een diferite dimensiuni, asigur\u00e2nd o potrivire perfect\u0103 pentru orice deschidere de conduct\u0103. Op\u021biunile de personalizare sunt de asemenea disponibile, permi\u021b\u00e2ndu-v\u0103 s\u0103 selecta\u021bi dimensiunea \u0219i finisajul care se potrivesc cel mai bine nevoilor dvs. specifice. Aceast\u0103 adaptabilitate asigur\u0103 c\u0103 fiecare instalare este f\u0103r\u0103 cusur, f\u0103r\u0103 a fi nevoie de ajust\u0103ri sau modific\u0103ri suplimentare. Aceasta \u00eenseamn\u0103, de asemenea, c\u0103 pute\u021bi ob\u021bine un aspect consecvent \u00een \u00eentregul spa\u021biu, \u00eembun\u0103t\u0103\u021bind coeziunea general\u0103 a designului dvs. interior.<\/p>\n<h3>Profita\u021bi de avantajele solu\u021biilor superioare de ventila\u021bie<\/h3>\n<p>Investi\u021bia \u00een capacele noastre pentru grilele de aerisire ofer\u0103 mai mult dec\u00e2t un simplu upgrade estetic - ofer\u0103 o \u00eembun\u0103t\u0103\u021bire func\u021bional\u0103 a \u00eentregului dvs. sistem de ventila\u021bie. Alegerea unor capace de gril\u0103 de \u00eenalt\u0103 calitate poate influen\u021ba eficien\u021ba circula\u021biei aerului, cur\u0103\u021benia spa\u021biului dvs. \u0219i chiar longevitatea sistemului dvs. HVAC. Produsele noastre \u00eendeplinesc toate aceste cerin\u021be, ceea ce le face un plus valoros pentru orice cas\u0103 sau afacere.<\/p>\n<p>Aleg\u00e2nd capacele noastre de grilaj, nu numai c\u0103 prioritiza\u021bi confortul \u0219i bun\u0103starea celor care v\u0103 folosesc spa\u021biul, dar face\u021bi \u0219i pa\u0219i c\u0103tre un viitor mai durabil \u0219i mai rentabil. Cu un flux de aer \u00eembun\u0103t\u0103\u021bit \u0219i un design care trece testul timpului, aceste capace v\u0103 asigur\u0103 c\u0103 v\u0103 pute\u021bi bucura de beneficiile unui sistem de ventila\u021bie optimizat pentru anii urm\u0103tori. Experimenta\u021bi diferen\u021ba pe care o pot face solu\u021biile de ventila\u021bie de calitate \u0219i ridica\u021bi nivelul spa\u021biului dvs. cu capacele noastre pentru grile de ventila\u021bie realizate de exper\u021bi.<\/p>\n<p>Dedicarea noastr\u0103 de a oferi produse de top, \u00eempreun\u0103 cu servicii excep\u021bionale pentru clien\u021bi, asigur\u0103 c\u0103 experien\u021ba dvs. cu noi este u\u0219oar\u0103 de la \u00eenceput p\u00e2n\u0103 la sf\u00e2r\u0219it. \u00cen\u021belegem importan\u021ba unui sistem de ventila\u021bie fiabil \u0219i eficient, iar capacele noastre de gril\u0103 de aerisire sunt concepute pentru a oferi exact acest lucru. Cu combina\u021bia lor de durabilitate, aspect estetic \u0219i design durabil, aceste capace reprezint\u0103 o alegere atent\u0103 pentru cei care apreciaz\u0103 calitatea \u0219i performan\u021ba \u00een fiecare detaliu.<\/p>\n<p>Actualiza\u021bi-v\u0103 sistemul de ventila\u021bie ast\u0103zi \u0219i descoperi\u021bi cum capacele noastre pentru grilele de aerisire v\u0103 pot transforma spa\u021biul \u00eentr-unul mai confortabil, mai eficient energetic \u0219i mai elegant. De la prima gur\u0103 de aer proasp\u0103t, ve\u021bi observa diferen\u021ba pe care o pot face capacele de gril\u0103 premium, aduc\u00e2nd valoare de durat\u0103 casei sau afacerii dvs.<\/p>","protected":false},"excerpt":{"rendered":"<p>\u00cembun\u0103t\u0103\u021bi\u021bi sistemul dvs. de ventila\u021bie cu capacele noastre de \u00eenalt\u0103 calitate pentru grilele de aerisire, concepute pentru un flux de aer optim \u0219i o estetic\u0103 modern\u0103. Fabricate din materiale durabile, aceste capace \u00eembun\u0103t\u0103\u021besc circula\u021bia aerului, reduc acumularea de praf \u0219i se potrivesc perfect cu orice decor interior. Ideale pentru spa\u021bii reziden\u021biale \u0219i comerciale, acestea asigur\u0103 un mediu mai curat \u0219i mai proasp\u0103t.<\/p>","protected":false},"featured_media":8080,"comment_status":"open","ping_status":"closed","template":"","meta":{"site-sidebar-layout":"default","site-content-layout":"","ast-site-content-layout":"default","site-content-style":"default","site-sidebar-style":"default","ast-global-header-display":"","ast-banner-title-visibility":"","ast-main-header-display":"","ast-hfb-above-header-display":"","ast-hfb-below-header-display":"","ast-hfb-mobile-header-display":"","site-post-title":"","ast-breadcrumbs-content":"","ast-featured-img":"","footer-sml-layout":"","theme-transparent-header-meta":"default","adv-header-id-meta":"","stick-header-meta":"default","header-above-stick-meta":"","header-main-stick-meta":"","header-below-stick-meta":"","astra-migrate-meta-layouts":"set","ast-page-background-enabled":"default","ast-page-background-meta":{"desktop":{"background-color":"","background-image":"","background-repeat":"repeat","background-position":"center center","background-size":"auto","background-attachment":"scroll","background-type":"","background-media":"","overlay-type":"","overlay-color":"","overlay-opacity":"","overlay-gradient":""},"tablet":{"background-color":"","background-image":"","background-repeat":"repeat","background-position":"center center","background-size":"auto","background-attachment":"scroll","background-type":"","background-media":"","overlay-type":"","overlay-color":"","overlay-opacity":"","overlay-gradient":""},"mobile":{"background-color":"","background-image":"","background-repeat":"repeat","background-position":"center center","background-size":"auto","background-attachment":"scroll","background-type":"","background-media":"","overlay-type":"","overlay-color":"","overlay-opacity":"","overlay-gradient":""}},"ast-content-background-meta":{"desktop":{"background-color":"var(--ast-global-color-5)","background-image":"","background-repeat":"repeat","background-position":"center center","background-size":"auto","background-attachment":"scroll","background-type":"","background-media":"","overlay-type":"","overlay-color":"","overlay-opacity":"","overlay-gradient":""},"tablet":{"background-color":"var(--ast-global-color-5)","background-image":"","background-repeat":"repeat","background-position":"center center","background-size":"auto","background-attachment":"scroll","background-type":"","background-media":"","overlay-type":"","overlay-color":"","overlay-opacity":"","overlay-gradient":""},"mobile":{"background-color":"var(--ast-global-color-5)","background-image":"","background-repeat":"repeat","background-position":"center center","background-size":"auto","background-attachment":"scroll","background-type":"","background-media":"","overlay-type":"","overlay-color":"","overlay-opacity":"","overlay-gradient":""}}},"product_brand":[],"product_cat":[50],"product_tag":[],"class_list":{"0":"post-8075","1":"product","2":"type-product","3":"status-publish","4":"has-post-thumbnail","6":"product_cat-concrete-form-accessories","7":"desktop-align-left","8":"tablet-align-left","9":"mobile-align-left","10":"ast-product-gallery-layout-horizontal-slider","11":"ast-product-tabs-layout-horizontal","13":"first","14":"instock","15":"shipping-taxable","16":"purchasable","17":"product-type-simple"},"yoast_head":"<!-- This site is optimized with the Yoast SEO plugin v25.2 - https:\/\/yoast.com\/wordpress\/plugins\/seo\/ -->\n<title>Air Vent Grille Covers<\/title>\n<meta name=\"robots\" content=\"index, follow, max-snippet:-1, max-image-preview:large, max-video-preview:-1\" \/>\n<link rel=\"canonical\" href=\"https:\/\/qingdaohf.com\/ro\/produs\/capace-pentru-grila-de-aerisire\/\" \/>\n<meta property=\"og:locale\" content=\"ro_RO\" \/>\n<meta property=\"og:type\" content=\"article\" \/>\n<meta property=\"og:title\" content=\"Air Vent Grille Covers\" \/>\n<meta property=\"og:description\" content=\"Upgrade your ventilation system with our high-quality Air Vent Grille Covers, designed for optimal airflow and modern aesthetics. Made from durable materials, these covers enhance air circulation, reduce dust buildup, and blend seamlessly with any interior decor. Ideal for both residential and commercial spaces, they ensure a cleaner, fresher environment.\" \/>\n<meta property=\"og:url\" content=\"https:\/\/qingdaohf.com\/ro\/produs\/capace-pentru-grila-de-aerisire\/\" \/>\n<meta property=\"og:site_name\" content=\"Concrete Form &amp; Rigging Hardware Supplier\" \/>\n<meta property=\"article:publisher\" content=\"https:\/\/www.facebook.com\/qingdaohf\" \/>\n<meta property=\"article:modified_time\" content=\"2025-11-13T01:03:13+00:00\" \/>\n<meta property=\"og:image\" content=\"https:\/\/qingdaohf.com\/wp-content\/uploads\/2024\/10\/Air-vent-grille-covers-3.webp\" \/>\n\t<meta property=\"og:image:width\" content=\"1000\" \/>\n\t<meta property=\"og:image:height\" content=\"1000\" \/>\n\t<meta property=\"og:image:type\" content=\"image\/webp\" \/>\n<meta name=\"twitter:card\" content=\"summary_large_image\" \/>\n<meta name=\"twitter:label1\" content=\"Timp estimat pentru citire\" \/>\n\t<meta name=\"twitter:data1\" content=\"6 minute\" \/>\n<script type=\"application\/ld+json\" class=\"yoast-schema-graph\">{\"@context\":\"https:\/\/schema.org\",\"@graph\":[{\"@type\":\"WebPage\",\"@id\":\"https:\/\/qingdaohf.com\/product\/air-vent-grille-covers\/\",\"url\":\"https:\/\/qingdaohf.com\/product\/air-vent-grille-covers\/\",\"name\":\"Air Vent Grille Covers\",\"isPartOf\":{\"@id\":\"https:\/\/qingdaohf.com\/bg\/#website\"},\"primaryImageOfPage\":{\"@id\":\"https:\/\/qingdaohf.com\/product\/air-vent-grille-covers\/#primaryimage\"},\"image\":{\"@id\":\"https:\/\/qingdaohf.com\/product\/air-vent-grille-covers\/#primaryimage\"},\"thumbnailUrl\":\"https:\/\/qingdaohf.com\/wp-content\/uploads\/2024\/10\/Air-vent-grille-covers-3.webp\",\"datePublished\":\"2024-10-16T03:55:09+00:00\",\"dateModified\":\"2025-11-13T01:03:13+00:00\",\"breadcrumb\":{\"@id\":\"https:\/\/qingdaohf.com\/product\/air-vent-grille-covers\/#breadcrumb\"},\"inLanguage\":\"ro-RO\",\"potentialAction\":[{\"@type\":\"ReadAction\",\"target\":[\"https:\/\/qingdaohf.com\/product\/air-vent-grille-covers\/\"]}]},{\"@type\":\"ImageObject\",\"inLanguage\":\"ro-RO\",\"@id\":\"https:\/\/qingdaohf.com\/product\/air-vent-grille-covers\/#primaryimage\",\"url\":\"https:\/\/qingdaohf.com\/wp-content\/uploads\/2024\/10\/Air-vent-grille-covers-3.webp\",\"contentUrl\":\"https:\/\/qingdaohf.com\/wp-content\/uploads\/2024\/10\/Air-vent-grille-covers-3.webp\",\"width\":1000,\"height\":1000,\"caption\":\"Air vent grille covers\"},{\"@type\":\"BreadcrumbList\",\"@id\":\"https:\/\/qingdaohf.com\/product\/air-vent-grille-covers\/#breadcrumb\",\"itemListElement\":[{\"@type\":\"ListItem\",\"position\":1,\"name\":\"Home\",\"item\":\"https:\/\/qingdaohf.com\/\"},{\"@type\":\"ListItem\",\"position\":2,\"name\":\"Concrete Forming Accessories and Rigging Hardware\",\"item\":\"https:\/\/qingdaohf.com\/bg\/?page_id=944\"},{\"@type\":\"ListItem\",\"position\":3,\"name\":\"Air Vent Grille Covers\"}]},{\"@type\":\"WebSite\",\"@id\":\"https:\/\/qingdaohf.com\/bg\/#website\",\"url\":\"https:\/\/qingdaohf.com\/bg\/\",\"name\":\"Concrete Form & Rigging Hardware Supplier\",\"description\":\"\",\"publisher\":{\"@id\":\"https:\/\/qingdaohf.com\/bg\/#organization\"},\"potentialAction\":[{\"@type\":\"SearchAction\",\"target\":{\"@type\":\"EntryPoint\",\"urlTemplate\":\"https:\/\/qingdaohf.com\/bg\/?s={search_term_string}\"},\"query-input\":{\"@type\":\"PropertyValueSpecification\",\"valueRequired\":true,\"valueName\":\"search_term_string\"}}],\"inLanguage\":\"ro-RO\"},{\"@type\":\"Organization\",\"@id\":\"https:\/\/qingdaohf.com\/bg\/#organization\",\"name\":\"Qingdao H&F\",\"url\":\"https:\/\/qingdaohf.com\/bg\/\",\"logo\":{\"@type\":\"ImageObject\",\"inLanguage\":\"ro-RO\",\"@id\":\"https:\/\/qingdaohf.com\/bg\/#\/schema\/logo\/image\/\",\"url\":\"https:\/\/qingdaohf.com\/wp-content\/uploads\/2022\/12\/cropped-HF-LOGO.png\",\"contentUrl\":\"https:\/\/qingdaohf.com\/wp-content\/uploads\/2022\/12\/cropped-HF-LOGO.png\",\"width\":391,\"height\":249,\"caption\":\"Qingdao H&F\"},\"image\":{\"@id\":\"https:\/\/qingdaohf.com\/bg\/#\/schema\/logo\/image\/\"},\"sameAs\":[\"https:\/\/www.facebook.com\/qingdaohf\"]}]}<\/script>\n<!-- \/ Yoast SEO plugin. -->","yoast_head_json":{"title":"Air Vent Grille Covers","robots":{"index":"index","follow":"follow","max-snippet":"max-snippet:-1","max-image-preview":"max-image-preview:large","max-video-preview":"max-video-preview:-1"},"canonical":"https:\/\/qingdaohf.com\/ro\/produs\/capace-pentru-grila-de-aerisire\/","og_locale":"ro_RO","og_type":"article","og_title":"Air Vent Grille Covers","og_description":"Upgrade your ventilation system with our high-quality Air Vent Grille Covers, designed for optimal airflow and modern aesthetics. Made from durable materials, these covers enhance air circulation, reduce dust buildup, and blend seamlessly with any interior decor. Ideal for both residential and commercial spaces, they ensure a cleaner, fresher environment.","og_url":"https:\/\/qingdaohf.com\/ro\/produs\/capace-pentru-grila-de-aerisire\/","og_site_name":"Concrete Form &amp; Rigging Hardware Supplier","article_publisher":"https:\/\/www.facebook.com\/qingdaohf","article_modified_time":"2025-11-13T01:03:13+00:00","og_image":[{"width":1000,"height":1000,"url":"https:\/\/qingdaohf.com\/wp-content\/uploads\/2024\/10\/Air-vent-grille-covers-3.webp","type":"image\/webp"}],"twitter_card":"summary_large_image","twitter_misc":{"Timp estimat pentru citire":"6 minute"},"schema":{"@context":"https:\/\/schema.org","@graph":[{"@type":"WebPage","@id":"https:\/\/qingdaohf.com\/product\/air-vent-grille-covers\/","url":"https:\/\/qingdaohf.com\/product\/air-vent-grille-covers\/","name":"Air Vent Grille Covers","isPartOf":{"@id":"https:\/\/qingdaohf.com\/bg\/#website"},"primaryImageOfPage":{"@id":"https:\/\/qingdaohf.com\/product\/air-vent-grille-covers\/#primaryimage"},"image":{"@id":"https:\/\/qingdaohf.com\/product\/air-vent-grille-covers\/#primaryimage"},"thumbnailUrl":"https:\/\/qingdaohf.com\/wp-content\/uploads\/2024\/10\/Air-vent-grille-covers-3.webp","datePublished":"2024-10-16T03:55:09+00:00","dateModified":"2025-11-13T01:03:13+00:00","breadcrumb":{"@id":"https:\/\/qingdaohf.com\/product\/air-vent-grille-covers\/#breadcrumb"},"inLanguage":"ro-RO","potentialAction":[{"@type":"ReadAction","target":["https:\/\/qingdaohf.com\/product\/air-vent-grille-covers\/"]}]},{"@type":"ImageObject","inLanguage":"ro-RO","@id":"https:\/\/qingdaohf.com\/product\/air-vent-grille-covers\/#primaryimage","url":"https:\/\/qingdaohf.com\/wp-content\/uploads\/2024\/10\/Air-vent-grille-covers-3.webp","contentUrl":"https:\/\/qingdaohf.com\/wp-content\/uploads\/2024\/10\/Air-vent-grille-covers-3.webp","width":1000,"height":1000,"caption":"Air vent grille covers"},{"@type":"BreadcrumbList","@id":"https:\/\/qingdaohf.com\/product\/air-vent-grille-covers\/#breadcrumb","itemListElement":[{"@type":"ListItem","position":1,"name":"Home","item":"https:\/\/qingdaohf.com\/"},{"@type":"ListItem","position":2,"name":"Concrete Forming Accessories and Rigging Hardware","item":"https:\/\/qingdaohf.com\/bg\/?page_id=944"},{"@type":"ListItem","position":3,"name":"Air Vent Grille Covers"}]},{"@type":"WebSite","@id":"https:\/\/qingdaohf.com\/bg\/#website","url":"https:\/\/qingdaohf.com\/bg\/","name":"Concrete Form & Rigging Hardware Supplier","description":"","publisher":{"@id":"https:\/\/qingdaohf.com\/bg\/#organization"},"potentialAction":[{"@type":"SearchAction","target":{"@type":"EntryPoint","urlTemplate":"https:\/\/qingdaohf.com\/bg\/?s={search_term_string}"},"query-input":{"@type":"PropertyValueSpecification","valueRequired":true,"valueName":"search_term_string"}}],"inLanguage":"ro-RO"},{"@type":"Organization","@id":"https:\/\/qingdaohf.com\/bg\/#organization","name":"Qingdao H&F","url":"https:\/\/qingdaohf.com\/bg\/","logo":{"@type":"ImageObject","inLanguage":"ro-RO","@id":"https:\/\/qingdaohf.com\/bg\/#\/schema\/logo\/image\/","url":"https:\/\/qingdaohf.com\/wp-content\/uploads\/2022\/12\/cropped-HF-LOGO.png","contentUrl":"https:\/\/qingdaohf.com\/wp-content\/uploads\/2022\/12\/cropped-HF-LOGO.png","width":391,"height":249,"caption":"Qingdao H&F"},"image":{"@id":"https:\/\/qingdaohf.com\/bg\/#\/schema\/logo\/image\/"},"sameAs":["https:\/\/www.facebook.com\/qingdaohf"]}]}},"_links":{"self":[{"href":"https:\/\/qingdaohf.com\/ro\/wp-json\/wp\/v2\/product\/8075","targetHints":{"allow":["GET"]}}],"collection":[{"href":"https:\/\/qingdaohf.com\/ro\/wp-json\/wp\/v2\/product"}],"about":[{"href":"https:\/\/qingdaohf.com\/ro\/wp-json\/wp\/v2\/types\/product"}],"replies":[{"embeddable":true,"href":"https:\/\/qingdaohf.com\/ro\/wp-json\/wp\/v2\/comments?post=8075"}],"version-history":[{"count":3,"href":"https:\/\/qingdaohf.com\/ro\/wp-json\/wp\/v2\/product\/8075\/revisions"}],"predecessor-version":[{"id":8092,"href":"https:\/\/qingdaohf.com\/ro\/wp-json\/wp\/v2\/product\/8075\/revisions\/8092"}],"wp:featuredmedia":[{"embeddable":true,"href":"https:\/\/qingdaohf.com\/ro\/wp-json\/wp\/v2\/media\/8080"}],"wp:attachment":[{"href":"https:\/\/qingdaohf.com\/ro\/wp-json\/wp\/v2\/media?parent=8075"}],"wp:term":[{"taxonomy":"product_brand","embeddable":true,"href":"https:\/\/qingdaohf.com\/ro\/wp-json\/wp\/v2\/product_brand?post=8075"},{"taxonomy":"product_cat","embeddable":true,"href":"https:\/\/qingdaohf.com\/ro\/wp-json\/wp\/v2\/product_cat?post=8075"},{"taxonomy":"product_tag","embeddable":true,"href":"https:\/\/qingdaohf.com\/ro\/wp-json\/wp\/v2\/product_tag?post=8075"}],"curies":[{"name":"wp","href":"https:\/\/api.w.org\/{rel}","templated":true}]}}