{"id":8109,"date":"2024-10-24T17:13:03","date_gmt":"2024-10-24T09:13:03","guid":{"rendered":"http:\/\/qingdaohf.com\/?post_type=product&#038;p=8109"},"modified":"2025-11-13T09:02:55","modified_gmt":"2025-11-13T01:02:55","slug":"6x19-wire-rope","status":"publish","type":"product","link":"https:\/\/qingdaohf.com\/ro\/produs\/cablu-de-sarma-6x19\/","title":{"rendered":"6\u00d719 Fr\u00e2nghie de s\u00e2rm\u0103"},"content":{"rendered":"<h3>\u00cen\u021belegerea structurii cablului de s\u00e2rm\u0103 6\u00d719<\/h3>\n<p>Cablul de s\u00e2rm\u0103 6\u00d719 este o op\u021biune apreciat\u0103 \u00een domeniul industrial \u0219i al construc\u021biilor datorit\u0103 echilibrului dintre flexibilitate \u0219i rezisten\u021b\u0103. Compus din 6 toroane cu 19 fire fiecare, acest cablu ofer\u0103 performan\u021be fiabile pentru diverse sarcini grele. Structura unui cablu de s\u00e2rm\u0103 6\u00d719 asigur\u0103 un produs robust, dar oarecum flexibil, f\u0103c\u00e2ndu-l ideal pentru aplica\u021bii care necesit\u0103 un cablu care s\u0103 reziste la \u00eendoiri repetate, men\u021bin\u00e2ndu-\u0219i \u00een acela\u0219i timp rezisten\u021ba. Acest tip de cablu metalic este utilizat frecvent \u00een aplica\u021bii de ridicare, troliu, aplica\u021bii marine \u0219i altele, datorit\u0103 designului s\u0103u robust \u0219i naturii sale adaptabile.<\/p>\n<p>Construc\u021bia din o\u021bel cu con\u021binut ridicat de carbon a cablului 6\u00d719 \u00eei confer\u0103 o rezisten\u021b\u0103 superioar\u0103, permi\u021b\u00e2ndu-i s\u0103 suporte sarcini semnificative f\u0103r\u0103 a-\u0219i compromite integritatea structural\u0103. Aceast\u0103 alegere de material ofer\u0103 o rezisten\u021b\u0103 excep\u021bional\u0103 la abraziune \u0219i uzur\u0103, asigur\u00e2nd c\u0103 cablul poate face fa\u021b\u0103 mediilor dificile, cum ar fi cele \u00eent\u00e2lnite \u00een opera\u021biunile maritime sau pe \u0219antierele de construc\u021bii. \u00cen plus, designul cablului de s\u00e2rm\u0103 6\u00d719 permite un exterior neted, ceea ce ajut\u0103 la minimizarea deterior\u0103rii utilajelor \u0219i a altor echipamente \u00een timpul utiliz\u0103rii.<\/p>\n<h3>Dimensiuni comune ale cablului de s\u00e2rm\u0103 6\u00d719<\/h3>\n<p>Dimensiunea cablului de s\u00e2rm\u0103 este un aspect crucial \u00een selectarea produsului adecvat pentru sarcini specifice, deoarece diametrele diferite afecteaz\u0103 at\u00e2t rezisten\u021ba, c\u00e2t \u0219i flexibilitatea. Cablul de s\u00e2rm\u0103 6\u00d719 este disponibil \u00eentr-o gam\u0103 de dimensiuni, fiecare dimensiune fiind adaptat\u0103 la utiliz\u0103ri specifice, fie c\u0103 este vorba de construc\u021bii, transport sau aplica\u021bii marine.<\/p>\n<p>O dimensiune popular\u0103 este cablul de s\u00e2rm\u0103 de 1\/8 inch 6\u00d719, cunoscut pentru diametrul s\u0103u compact \u0219i flexibilitate. Aceast\u0103 dimensiune este potrivit\u0103 pentru aplica\u021biile \u00een care spa\u021biul este limitat, cum ar fi proiectele de echipare mai mici sau sarcinile de ridicare u\u0219oare. \u00cen ciuda dimensiunii sale mai mici, p\u0103streaz\u0103 o rezisten\u021b\u0103 considerabil\u0103 la trac\u021biune, ceea ce o face o alegere fiabil\u0103 pentru lucr\u0103rile orientate spre precizie.<\/p>\n<p>Pentru sarcini u\u0219or mai grele, cablul de s\u00e2rm\u0103 de 3\/16 inch 6\u00d719 ofer\u0103 o rezisten\u021b\u0103 sporit\u0103, men\u021bin\u00e2nd \u00een acela\u0219i timp un nivel manevrabil de flexibilitate. Aceast\u0103 dimensiune este utilizat\u0103 frecvent \u00een scenarii \u00een care este necesar un echilibru \u00eentre capacitatea de sus\u021binere a sarcinii \u0219i u\u0219urin\u021ba de manipulare, cum ar fi ridicarea echipamentelor mici sau fixarea \u00eenc\u0103rc\u0103turilor \u00een timpul transportului. Diametrul s\u0103u intermediar o face o alegere versatil\u0103 \u00eentr-o varietate de situa\u021bii.<\/p>\n<p>Cablul de s\u00e2rm\u0103 de 1\/4 inch 6\u00d719 este o alt\u0103 dimensiune frecvent selectat\u0103, oferind rezisten\u021b\u0103 sporit\u0103 pentru aplica\u021bii mai solicitante. Aceast\u0103 dimensiune este adesea \u00eent\u00e2lnit\u0103 \u00een medii industriale \u00een care este nevoie de un suport mai robust, cum ar fi macarale, trolii \u0219i trolii de construc\u021bii. Cu un diametru mai mare, varianta de 1\/4 inch ofer\u0103 o capacitate portant\u0103 mai mare, dar r\u0103m\u00e2ne suficient de flexibil\u0103 pentru sarcinile generale de ridicare.<\/p>\n<p>Pentru o rezisten\u021b\u0103 \u0219i mai mare, se poate lua \u00een considerare cablul de s\u00e2rm\u0103 de 5\/16 inch 6\u00d719, care ofer\u0103 durabilitate pentru aplica\u021bii care implic\u0103 sarcini mai grele sau o utilizare mai intens\u0103. Diametrul s\u0103u m\u0103rit \u00eel face ideal pentru utilizarea \u00een medii marine, cum ar fi liniile de ancorare sau remorcare. Dimensiunea de 5\/16 inch reprezint\u0103 o op\u021biune solid\u0103 pentru cei care caut\u0103 un cablu de s\u00e2rm\u0103 fiabil, care poate rezista \u00een condi\u021bii dificile f\u0103r\u0103 a sacrifica flexibilitatea.<\/p>\n<h3>Explorarea tipurilor de baz\u0103: FC, IWS \u0219i IWRC<\/h3>\n<p><img fetchpriority=\"high\" decoding=\"async\" class=\"alignnone size-full wp-image-8113\" src=\"http:\/\/qingdaohf.com\/wp-content\/uploads\/2024\/10\/6X19-wire-rope.webp\" alt=\"6X19\" width=\"1338\" height=\"412\" srcset=\"https:\/\/qingdaohf.com\/wp-content\/uploads\/2024\/10\/6X19-wire-rope.webp 1338w, https:\/\/qingdaohf.com\/wp-content\/uploads\/2024\/10\/6X19-wire-rope-300x92.webp 300w, https:\/\/qingdaohf.com\/wp-content\/uploads\/2024\/10\/6X19-wire-rope-1024x315.webp 1024w, https:\/\/qingdaohf.com\/wp-content\/uploads\/2024\/10\/6X19-wire-rope-768x236.webp 768w, https:\/\/qingdaohf.com\/wp-content\/uploads\/2024\/10\/6X19-wire-rope-18x6.webp 18w, https:\/\/qingdaohf.com\/wp-content\/uploads\/2024\/10\/6X19-wire-rope-1000x308.webp 1000w\" sizes=\"(max-width: 1338px) 100vw, 1338px\" \/><\/p>\n<p>Cablul de s\u00e2rm\u0103 6\u00d719 are trei variante de miez, fiecare oferind avantaje distincte \u00een func\u021bie de utilizarea prev\u0103zut\u0103. Miezul este o component\u0103 esen\u021bial\u0103 a cablului, deoarece ofer\u0103 suport toronului exterior \u0219i influen\u021beaz\u0103 flexibilitatea \u0219i rezisten\u021ba cablului. Cele trei tipuri de miez disponibile pentru cablurile de s\u00e2rm\u0103 6\u00d719 sunt Fiber Core (FC), Independent Wire Strand Core (IWS) \u0219i Independent Wire Rope Core (IWRC).<\/p>\n<p>Varianta Fiber Core (FC) \u00eencorporeaz\u0103 un miez realizat din fibre naturale sau sintetice. Acest design ofer\u0103 o flexibilitate sporit\u0103, f\u0103c\u00e2nd varianta FC potrivit\u0103 pentru aplica\u021bii \u00een care cablul trebuie s\u0103 se \u00eendoaie \u0219i s\u0103 se mi\u0219te frecvent. Flexibilitatea sa o face o alegere preferat\u0103 \u00een scenariile \u00een care sunt implicate utilaje \u0219i echipamente, reduc\u00e2nd uzura scripe\u021bilor \u0219i a ro\u021bilor. Cu toate acestea, aceast\u0103 flexibilitate sporit\u0103 vine cu pre\u021bul unei rezisten\u021be reduse \u00een compara\u021bie cu alternativele cu miez de o\u021bel, ceea ce \u00eenseamn\u0103 c\u0103 miezul FC este cel mai potrivit pentru aplica\u021bii cu sarcini mai u\u0219oare.<\/p>\n<p>Miezul Independent Wire Strand Core (IWS) ofer\u0103 o solu\u021bie intermediar\u0103 \u00eentre flexibilitatea miezului FC \u0219i rezisten\u021ba IWRC. Un miez IWS const\u0103 dintr-un toron de s\u00e2rm\u0103 separat care ofer\u0103 un suport suplimentar structurii cablului, sporindu-i at\u00e2t durabilitatea, c\u00e2t \u0219i capacitatea de sus\u021binere a sarcinii. Acest tip de miez este deosebit de avantajos \u00een aplica\u021biile \u00een care este necesar\u0103 o flexibilitate moderat\u0103 al\u0103turi de o rezisten\u021b\u0103 mai mare, cum ar fi macaralele \u0219i troliile de dimensiuni mici \u0219i medii. Echilibrul miezului IWS \u00eel face o op\u021biune versatil\u0103 pentru cei care caut\u0103 performan\u021be fiabile f\u0103r\u0103 a compromite flexibilitatea.<\/p>\n<p>Pentru rezisten\u021b\u0103 \u0219i durabilitate maxime, miezul independent al cablului (IWRC) este alegerea preferat\u0103. Miezul IWRC este fabricat dintr-un cablu de s\u00e2rm\u0103 separat, ceea ce cre\u0219te semnificativ rezisten\u021ba general\u0103 \u0219i integritatea structural\u0103 a cablului de s\u00e2rm\u0103 6\u00d719. Acest tip de miez este potrivit pentru aplica\u021bii grele \u00een care rezisten\u021ba ridicat\u0103 la trac\u021biune este esen\u021bial\u0103, cum ar fi \u00een cazul macaralelor mari de construc\u021bii, al troliilor industriale \u0219i al echip\u0103rii marine. \u00cen timp ce miezul IWRC sacrific\u0103 o anumit\u0103 flexibilitate \u00een compara\u021bie cu op\u021biunile FC \u0219i IWS, robuste\u021bea sa asigur\u0103 faptul c\u0103 cablul poate rezista la condi\u021bii dificile \u0219i sarcini grele pe perioade \u00eendelungate.<\/p>\n<h3>Perspectivele aplica\u021biilor \u0219i avantajele cablului de s\u00e2rm\u0103 6\u00d719<\/h3>\n<p>Designul cablului de s\u00e2rm\u0103 6\u00d719 \u00eel face o alegere popular\u0103 \u00een diverse industrii datorit\u0103 versatilit\u0103\u021bii sale. Construc\u021bia sa echilibrat\u0103 ofer\u0103 un compromis eficient \u00eentre rezisten\u021ba la trac\u021biune \u0219i flexibilitate, f\u0103c\u00e2ndu-l adaptabil la numeroase sarcini. \u00cen construc\u021bii, acest tip de cablu metalic este adesea utilizat pentru opera\u021biuni de ridicare, oferind suportul necesar pentru a deplasa materialele \u00een siguran\u021b\u0103 \u0219i eficient. Suprafa\u021ba neted\u0103 a cablului minimizeaz\u0103 abraziunea, reduc\u00e2nd uzura scripe\u021bilor \u0219i a macaralelor, ceea ce prelunge\u0219te durata de via\u021b\u0103 a echipamentelor.<\/p>\n<p>\u00cen mediul marin, rezisten\u021ba cablului de s\u00e2rm\u0103 6\u00d719 la abraziune \u0219i la condi\u021bii dificile \u00eel face potrivit pentru aplica\u021bii precum acostare, remorcare \u0219i pescuit. Capacitatea sa de a rezista la stresul expunerii la ap\u0103 s\u0103rat\u0103 \u0219i la sarcini variabile \u00eel face o component\u0103 fiabil\u0103 pentru utilizarea maritim\u0103. Miezul IWRC, \u00een special, se dovede\u0219te benefic \u00een aplica\u021biile marine, oferind rezisten\u021ba necesar\u0103 pentru a face fa\u021b\u0103 sarcinilor solicitante f\u0103r\u0103 a compromite durabilitatea.<\/p>\n<p>Transportul \u0219i logistica beneficiaz\u0103, de asemenea, de utilizarea cablului de s\u00e2rm\u0103 6\u00d719, care poate fi folosit pentru fixarea \u00eenc\u0103rc\u0103turii, crearea de cabluri de ridicare sau ca parte a sistemelor de \u00eenc\u0103rcare \u0219i desc\u0103rcare. Disponibilitatea sa \u00een diferite dimensiuni permite adaptarea sa la nevoi specifice, asigur\u00e2nd ob\u021binerea echilibrului corect \u00eentre rezisten\u021b\u0103 \u0219i flexibilitate pentru fiecare situa\u021bie unic\u0103. Adaptabilitatea cablului de s\u00e2rm\u0103 6\u00d719 asigur\u0103 faptul c\u0103 poate \u00eendeplini at\u00e2t sarcini de rutin\u0103, c\u00e2t \u0219i sarcini dificile \u00een cadrul acestor domenii.<\/p>\n<p>\u00cen cele din urm\u0103, alegerea tipului de miez - FC, IWS sau IWRC - al\u0103turi de dimensiunea corespunz\u0103toare, permite utilizatorilor s\u0103 \u00ee\u0219i personalizeze selec\u021bia de cabluri de o\u021bel 6\u00d719 pentru a se potrivi cerin\u021belor precise. Prin \u00een\u021belegerea caracteristicilor \u0219i beneficiilor unice ale fiec\u0103rui miez \u0219i ale fiec\u0103rei dimensiuni, \u00eentreprinderile \u00ee\u0219i pot optimiza opera\u021biunile \u0219i se pot asigura c\u0103 echipamentele lor r\u0103m\u00e2n sigure, eficiente \u0219i capabile s\u0103 \u00eendeplineasc\u0103 cerin\u021bele proiectelor lor. Cu combina\u021bia sa de flexibilitate, rezisten\u021b\u0103 \u0219i durabilitate, cablul de s\u00e2rm\u0103 6\u00d719 r\u0103m\u00e2ne o piatr\u0103 de temelie \u00een domeniul cablurilor de s\u00e2rm\u0103, oferind performan\u021be fiabile \u00een diverse aplica\u021bii.<\/p>","protected":false},"excerpt":{"rendered":"<p>Cablul de s\u00e2rm\u0103 6\u00d719 este un tip versatil \u0219i durabil de cablu de o\u021bel, oferind un amestec de flexibilitate \u0219i rezisten\u021b\u0103. Este compus din 6 toroane, fiecare con\u021bin\u00e2nd 19 fire, ceea ce \u00eel face potrivit pentru diverse aplica\u021bii de ridicare, manipulare \u0219i ridicare. Disponibil \u00een mod obi\u0219nuit \u00een dimensiuni precum 1\/8 inch, 3\/16 inch \u0219i 1\/4 inch, cablul de s\u00e2rm\u0103 6\u00d719 este fabricat din o\u021bel cu con\u021binut ridicat de carbon, oferind o rezisten\u021b\u0103 excelent\u0103 la trac\u021biune \u0219i la uzur\u0103. Prezint\u0103 diferite tipuri de miez, cum ar fi miezul de fibr\u0103 (FC), miezul independent al toronului de s\u00e2rm\u0103 (IWS) \u0219i miezul independent al cablului de s\u00e2rm\u0103 (IWRC), care r\u0103spund diverselor nevoi \u0219i cerin\u021be de performan\u021b\u0103.<\/p>","protected":false},"featured_media":8112,"comment_status":"open","ping_status":"closed","template":"","meta":{"site-sidebar-layout":"default","site-content-layout":"","ast-site-content-layout":"default","site-content-style":"default","site-sidebar-style":"default","ast-global-header-display":"","ast-banner-title-visibility":"","ast-main-header-display":"","ast-hfb-above-header-display":"","ast-hfb-below-header-display":"","ast-hfb-mobile-header-display":"","site-post-title":"","ast-breadcrumbs-content":"","ast-featured-img":"","footer-sml-layout":"","theme-transparent-header-meta":"default","adv-header-id-meta":"","stick-header-meta":"default","header-above-stick-meta":"","header-main-stick-meta":"","header-below-stick-meta":"","astra-migrate-meta-layouts":"set","ast-page-background-enabled":"default","ast-page-background-meta":{"desktop":{"background-color":"","background-image":"","background-repeat":"repeat","background-position":"center center","background-size":"auto","background-attachment":"scroll","background-type":"","background-media":"","overlay-type":"","overlay-color":"","overlay-opacity":"","overlay-gradient":""},"tablet":{"background-color":"","background-image":"","background-repeat":"repeat","background-position":"center center","background-size":"auto","background-attachment":"scroll","background-type":"","background-media":"","overlay-type":"","overlay-color":"","overlay-opacity":"","overlay-gradient":""},"mobile":{"background-color":"","background-image":"","background-repeat":"repeat","background-position":"center center","background-size":"auto","background-attachment":"scroll","background-type":"","background-media":"","overlay-type":"","overlay-color":"","overlay-opacity":"","overlay-gradient":""}},"ast-content-background-meta":{"desktop":{"background-color":"var(--ast-global-color-5)","background-image":"","background-repeat":"repeat","background-position":"center center","background-size":"auto","background-attachment":"scroll","background-type":"","background-media":"","overlay-type":"","overlay-color":"","overlay-opacity":"","overlay-gradient":""},"tablet":{"background-color":"var(--ast-global-color-5)","background-image":"","background-repeat":"repeat","background-position":"center center","background-size":"auto","background-attachment":"scroll","background-type":"","background-media":"","overlay-type":"","overlay-color":"","overlay-opacity":"","overlay-gradient":""},"mobile":{"background-color":"var(--ast-global-color-5)","background-image":"","background-repeat":"repeat","background-position":"center center","background-size":"auto","background-attachment":"scroll","background-type":"","background-media":"","overlay-type":"","overlay-color":"","overlay-opacity":"","overlay-gradient":""}}},"product_brand":[],"product_cat":[37],"product_tag":[89],"class_list":{"0":"post-8109","1":"product","2":"type-product","3":"status-publish","4":"has-post-thumbnail","6":"product_cat-wire-rope","7":"product_tag-wire-rope","8":"desktop-align-left","9":"tablet-align-left","10":"mobile-align-left","11":"ast-product-gallery-layout-horizontal-slider","12":"ast-product-gallery-with-no-image","13":"ast-product-tabs-layout-horizontal","15":"first","16":"instock","17":"shipping-taxable","18":"purchasable","19":"product-type-simple"},"yoast_head":"<!-- This site is optimized with the Yoast SEO plugin v25.2 - https:\/\/yoast.com\/wordpress\/plugins\/seo\/ -->\n<title>6x19 Wire Rope<\/title>\n<meta name=\"description\" content=\"6x19 wire rope is a versatile and durable type of steel wire rope, offering a blend of flexibility and strength.\" \/>\n<meta name=\"robots\" content=\"index, follow, max-snippet:-1, max-image-preview:large, max-video-preview:-1\" \/>\n<link rel=\"canonical\" href=\"https:\/\/qingdaohf.com\/ro\/produs\/cablu-de-sarma-6x19\/\" \/>\n<meta property=\"og:locale\" content=\"ro_RO\" \/>\n<meta property=\"og:type\" content=\"article\" \/>\n<meta property=\"og:title\" content=\"6x19 Wire Rope\" \/>\n<meta property=\"og:description\" content=\"6x19 wire rope is a versatile and durable type of steel wire rope, offering a blend of flexibility and strength.\" \/>\n<meta property=\"og:url\" content=\"https:\/\/qingdaohf.com\/ro\/produs\/cablu-de-sarma-6x19\/\" \/>\n<meta property=\"og:site_name\" content=\"Concrete Form &amp; Rigging Hardware Supplier\" \/>\n<meta property=\"article:publisher\" content=\"https:\/\/www.facebook.com\/qingdaohf\" \/>\n<meta property=\"article:modified_time\" content=\"2025-11-13T01:02:55+00:00\" \/>\n<meta property=\"og:image\" content=\"https:\/\/qingdaohf.com\/wp-content\/uploads\/2024\/10\/6x19wrc_2.webp\" \/>\n\t<meta property=\"og:image:width\" content=\"787\" \/>\n\t<meta property=\"og:image:height\" content=\"787\" \/>\n\t<meta property=\"og:image:type\" content=\"image\/webp\" \/>\n<meta name=\"twitter:card\" content=\"summary_large_image\" \/>\n<meta name=\"twitter:label1\" content=\"Timp estimat pentru citire\" \/>\n\t<meta name=\"twitter:data1\" content=\"6 minute\" \/>\n<script type=\"application\/ld+json\" class=\"yoast-schema-graph\">{\"@context\":\"https:\/\/schema.org\",\"@graph\":[{\"@type\":\"WebPage\",\"@id\":\"https:\/\/qingdaohf.com\/product\/6x19-wire-rope\/\",\"url\":\"https:\/\/qingdaohf.com\/product\/6x19-wire-rope\/\",\"name\":\"6x19 Wire Rope\",\"isPartOf\":{\"@id\":\"https:\/\/qingdaohf.com\/bg\/#website\"},\"primaryImageOfPage\":{\"@id\":\"https:\/\/qingdaohf.com\/product\/6x19-wire-rope\/#primaryimage\"},\"image\":{\"@id\":\"https:\/\/qingdaohf.com\/product\/6x19-wire-rope\/#primaryimage\"},\"thumbnailUrl\":\"https:\/\/qingdaohf.com\/wp-content\/uploads\/2024\/10\/6x19wrc_2.webp\",\"datePublished\":\"2024-10-24T09:13:03+00:00\",\"dateModified\":\"2025-11-13T01:02:55+00:00\",\"description\":\"6x19 wire rope is a versatile and durable type of steel wire rope, offering a blend of flexibility and strength.\",\"breadcrumb\":{\"@id\":\"https:\/\/qingdaohf.com\/product\/6x19-wire-rope\/#breadcrumb\"},\"inLanguage\":\"ro-RO\",\"potentialAction\":[{\"@type\":\"ReadAction\",\"target\":[\"https:\/\/qingdaohf.com\/product\/6x19-wire-rope\/\"]}]},{\"@type\":\"ImageObject\",\"inLanguage\":\"ro-RO\",\"@id\":\"https:\/\/qingdaohf.com\/product\/6x19-wire-rope\/#primaryimage\",\"url\":\"https:\/\/qingdaohf.com\/wp-content\/uploads\/2024\/10\/6x19wrc_2.webp\",\"contentUrl\":\"https:\/\/qingdaohf.com\/wp-content\/uploads\/2024\/10\/6x19wrc_2.webp\",\"width\":787,\"height\":787,\"caption\":\"6X19 wire rope\"},{\"@type\":\"BreadcrumbList\",\"@id\":\"https:\/\/qingdaohf.com\/product\/6x19-wire-rope\/#breadcrumb\",\"itemListElement\":[{\"@type\":\"ListItem\",\"position\":1,\"name\":\"Home\",\"item\":\"https:\/\/qingdaohf.com\/\"},{\"@type\":\"ListItem\",\"position\":2,\"name\":\"Concrete Forming Accessories and Rigging Hardware\",\"item\":\"https:\/\/qingdaohf.com\/bg\/?page_id=944\"},{\"@type\":\"ListItem\",\"position\":3,\"name\":\"6&#215;19 Wire Rope\"}]},{\"@type\":\"WebSite\",\"@id\":\"https:\/\/qingdaohf.com\/bg\/#website\",\"url\":\"https:\/\/qingdaohf.com\/bg\/\",\"name\":\"Concrete Form & Rigging Hardware Supplier\",\"description\":\"\",\"publisher\":{\"@id\":\"https:\/\/qingdaohf.com\/bg\/#organization\"},\"potentialAction\":[{\"@type\":\"SearchAction\",\"target\":{\"@type\":\"EntryPoint\",\"urlTemplate\":\"https:\/\/qingdaohf.com\/bg\/?s={search_term_string}\"},\"query-input\":{\"@type\":\"PropertyValueSpecification\",\"valueRequired\":true,\"valueName\":\"search_term_string\"}}],\"inLanguage\":\"ro-RO\"},{\"@type\":\"Organization\",\"@id\":\"https:\/\/qingdaohf.com\/bg\/#organization\",\"name\":\"Qingdao H&F\",\"url\":\"https:\/\/qingdaohf.com\/bg\/\",\"logo\":{\"@type\":\"ImageObject\",\"inLanguage\":\"ro-RO\",\"@id\":\"https:\/\/qingdaohf.com\/bg\/#\/schema\/logo\/image\/\",\"url\":\"https:\/\/qingdaohf.com\/wp-content\/uploads\/2022\/12\/cropped-HF-LOGO.png\",\"contentUrl\":\"https:\/\/qingdaohf.com\/wp-content\/uploads\/2022\/12\/cropped-HF-LOGO.png\",\"width\":391,\"height\":249,\"caption\":\"Qingdao H&F\"},\"image\":{\"@id\":\"https:\/\/qingdaohf.com\/bg\/#\/schema\/logo\/image\/\"},\"sameAs\":[\"https:\/\/www.facebook.com\/qingdaohf\"]}]}<\/script>\n<!-- \/ Yoast SEO plugin. -->","yoast_head_json":{"title":"6x19 Wire Rope","description":"6x19 wire rope is a versatile and durable type of steel wire rope, offering a blend of flexibility and strength.","robots":{"index":"index","follow":"follow","max-snippet":"max-snippet:-1","max-image-preview":"max-image-preview:large","max-video-preview":"max-video-preview:-1"},"canonical":"https:\/\/qingdaohf.com\/ro\/produs\/cablu-de-sarma-6x19\/","og_locale":"ro_RO","og_type":"article","og_title":"6x19 Wire Rope","og_description":"6x19 wire rope is a versatile and durable type of steel wire rope, offering a blend of flexibility and strength.","og_url":"https:\/\/qingdaohf.com\/ro\/produs\/cablu-de-sarma-6x19\/","og_site_name":"Concrete Form &amp; Rigging Hardware Supplier","article_publisher":"https:\/\/www.facebook.com\/qingdaohf","article_modified_time":"2025-11-13T01:02:55+00:00","og_image":[{"width":787,"height":787,"url":"https:\/\/qingdaohf.com\/wp-content\/uploads\/2024\/10\/6x19wrc_2.webp","type":"image\/webp"}],"twitter_card":"summary_large_image","twitter_misc":{"Timp estimat pentru citire":"6 minute"},"schema":{"@context":"https:\/\/schema.org","@graph":[{"@type":"WebPage","@id":"https:\/\/qingdaohf.com\/product\/6x19-wire-rope\/","url":"https:\/\/qingdaohf.com\/product\/6x19-wire-rope\/","name":"6x19 Wire Rope","isPartOf":{"@id":"https:\/\/qingdaohf.com\/bg\/#website"},"primaryImageOfPage":{"@id":"https:\/\/qingdaohf.com\/product\/6x19-wire-rope\/#primaryimage"},"image":{"@id":"https:\/\/qingdaohf.com\/product\/6x19-wire-rope\/#primaryimage"},"thumbnailUrl":"https:\/\/qingdaohf.com\/wp-content\/uploads\/2024\/10\/6x19wrc_2.webp","datePublished":"2024-10-24T09:13:03+00:00","dateModified":"2025-11-13T01:02:55+00:00","description":"6x19 wire rope is a versatile and durable type of steel wire rope, offering a blend of flexibility and strength.","breadcrumb":{"@id":"https:\/\/qingdaohf.com\/product\/6x19-wire-rope\/#breadcrumb"},"inLanguage":"ro-RO","potentialAction":[{"@type":"ReadAction","target":["https:\/\/qingdaohf.com\/product\/6x19-wire-rope\/"]}]},{"@type":"ImageObject","inLanguage":"ro-RO","@id":"https:\/\/qingdaohf.com\/product\/6x19-wire-rope\/#primaryimage","url":"https:\/\/qingdaohf.com\/wp-content\/uploads\/2024\/10\/6x19wrc_2.webp","contentUrl":"https:\/\/qingdaohf.com\/wp-content\/uploads\/2024\/10\/6x19wrc_2.webp","width":787,"height":787,"caption":"6X19 wire rope"},{"@type":"BreadcrumbList","@id":"https:\/\/qingdaohf.com\/product\/6x19-wire-rope\/#breadcrumb","itemListElement":[{"@type":"ListItem","position":1,"name":"Home","item":"https:\/\/qingdaohf.com\/"},{"@type":"ListItem","position":2,"name":"Concrete Forming Accessories and Rigging Hardware","item":"https:\/\/qingdaohf.com\/bg\/?page_id=944"},{"@type":"ListItem","position":3,"name":"6&#215;19 Wire Rope"}]},{"@type":"WebSite","@id":"https:\/\/qingdaohf.com\/bg\/#website","url":"https:\/\/qingdaohf.com\/bg\/","name":"Concrete Form & Rigging Hardware Supplier","description":"","publisher":{"@id":"https:\/\/qingdaohf.com\/bg\/#organization"},"potentialAction":[{"@type":"SearchAction","target":{"@type":"EntryPoint","urlTemplate":"https:\/\/qingdaohf.com\/bg\/?s={search_term_string}"},"query-input":{"@type":"PropertyValueSpecification","valueRequired":true,"valueName":"search_term_string"}}],"inLanguage":"ro-RO"},{"@type":"Organization","@id":"https:\/\/qingdaohf.com\/bg\/#organization","name":"Qingdao H&F","url":"https:\/\/qingdaohf.com\/bg\/","logo":{"@type":"ImageObject","inLanguage":"ro-RO","@id":"https:\/\/qingdaohf.com\/bg\/#\/schema\/logo\/image\/","url":"https:\/\/qingdaohf.com\/wp-content\/uploads\/2022\/12\/cropped-HF-LOGO.png","contentUrl":"https:\/\/qingdaohf.com\/wp-content\/uploads\/2022\/12\/cropped-HF-LOGO.png","width":391,"height":249,"caption":"Qingdao H&F"},"image":{"@id":"https:\/\/qingdaohf.com\/bg\/#\/schema\/logo\/image\/"},"sameAs":["https:\/\/www.facebook.com\/qingdaohf"]}]}},"_links":{"self":[{"href":"https:\/\/qingdaohf.com\/ro\/wp-json\/wp\/v2\/product\/8109","targetHints":{"allow":["GET"]}}],"collection":[{"href":"https:\/\/qingdaohf.com\/ro\/wp-json\/wp\/v2\/product"}],"about":[{"href":"https:\/\/qingdaohf.com\/ro\/wp-json\/wp\/v2\/types\/product"}],"replies":[{"embeddable":true,"href":"https:\/\/qingdaohf.com\/ro\/wp-json\/wp\/v2\/comments?post=8109"}],"version-history":[{"count":1,"href":"https:\/\/qingdaohf.com\/ro\/wp-json\/wp\/v2\/product\/8109\/revisions"}],"predecessor-version":[{"id":8114,"href":"https:\/\/qingdaohf.com\/ro\/wp-json\/wp\/v2\/product\/8109\/revisions\/8114"}],"wp:featuredmedia":[{"embeddable":true,"href":"https:\/\/qingdaohf.com\/ro\/wp-json\/wp\/v2\/media\/8112"}],"wp:attachment":[{"href":"https:\/\/qingdaohf.com\/ro\/wp-json\/wp\/v2\/media?parent=8109"}],"wp:term":[{"taxonomy":"product_brand","embeddable":true,"href":"https:\/\/qingdaohf.com\/ro\/wp-json\/wp\/v2\/product_brand?post=8109"},{"taxonomy":"product_cat","embeddable":true,"href":"https:\/\/qingdaohf.com\/ro\/wp-json\/wp\/v2\/product_cat?post=8109"},{"taxonomy":"product_tag","embeddable":true,"href":"https:\/\/qingdaohf.com\/ro\/wp-json\/wp\/v2\/product_tag?post=8109"}],"curies":[{"name":"wp","href":"https:\/\/api.w.org\/{rel}","templated":true}]}}