{"id":8119,"date":"2024-10-24T17:32:24","date_gmt":"2024-10-24T09:32:24","guid":{"rendered":"http:\/\/qingdaohf.com\/?post_type=product&#038;p=8119"},"modified":"2025-11-13T09:02:55","modified_gmt":"2025-11-13T01:02:55","slug":"6x36-wire-rope","status":"publish","type":"product","link":"https:\/\/qingdaohf.com\/ro\/produs\/cablu-de-sarma-6x36\/","title":{"rendered":"6\u00d736 Cablu de s\u00e2rm\u0103"},"content":{"rendered":"<h3>Prezentare general\u0103 a structurii 6\u00d736 Wire Rope<\/h3>\n<p>Cablul de s\u00e2rm\u0103 6\u00d736 este recunoscut pentru structura sa unic\u0103 care combin\u0103 rezisten\u021ba, durabilitatea \u0219i flexibilitatea. Acest cablu are 6 toroane, fiecare con\u021bin\u00e2nd 36 de s\u00e2rme individuale, cre\u00e2nd o configura\u021bie dens\u0103, dar adaptabil\u0103. Construc\u021bia sa ofer\u0103 un echilibru mai fin \u00eentre flexibilitate \u0219i rezisten\u021b\u0103 dec\u00e2t alte cabluri din s\u00e2rm\u0103, cum ar fi varianta 6\u00d719. Designul permite cablului s\u0103 suporte \u00eendoiri \u0219i mi\u0219c\u0103ri repetate f\u0103r\u0103 a-\u0219i compromite integritatea structural\u0103, ceea ce \u00eel face o alegere preferat\u0103 pentru industriile care necesit\u0103 capacit\u0103\u021bi fiabile de ridicare, cablare \u0219i echipare.<\/p>\n<p>Fabricat din o\u021bel cu con\u021binut ridicat de carbon, cablul de s\u00e2rm\u0103 6\u00d736 este proiectat pentru a rezista \u00een condi\u021bii dificile, men\u021bin\u00e2ndu-\u0219i \u00een acela\u0219i timp rezisten\u021ba de baz\u0103. Acest material de \u00eenalt\u0103 calitate spore\u0219te rezisten\u021ba cablului la abraziune, coroziune \u0219i uzur\u0103, f\u0103c\u00e2ndu-l potrivit pentru diverse medii solicitante. Firele de o\u021bel sunt dispuse meticulos pentru a asigura o distribu\u021bie uniform\u0103 a sarcinii, rezult\u00e2nd un cablu metalic care poate rezista la greut\u0103\u021bi mari \u0219i condi\u021bii opera\u021bionale dificile.<\/p>\n<h3>Dimensiuni comune ale cablului de s\u00e2rm\u0103 6\u00d736<\/h3>\n<p>Alegerea dimensiunii cablului de s\u00e2rm\u0103 influen\u021beaz\u0103 \u00een mod direct rezisten\u021ba, flexibilitatea \u0219i adecvarea acestuia pentru diferite aplica\u021bii. Cablul de o\u021bel 6\u00d736 este disponibil \u00een diferite dimensiuni, permi\u021b\u00e2nd personalizarea precis\u0103 pentru a satisface nevoile specifice ale diferitelor industrii, de la construc\u021bii la opera\u021biuni maritime.<\/p>\n<p>Cablul de s\u00e2rm\u0103 de 3\/16 inch 6\u00d736 este o op\u021biune versatil\u0103, oferind un echilibru fin \u00eentre flexibilitate \u0219i rezisten\u021b\u0103. Aceast\u0103 dimensiune este adesea utilizat\u0103 \u00een aplica\u021bii mai u\u0219oare, \u00een care constr\u00e2ngerile de spa\u021biu sunt un factor, cum ar fi \u00een cazul echip\u0103rii la scar\u0103 mic\u0103 sau al sarcinilor de ridicare controlate. Diametrul s\u0103u compact \u00eei permite s\u0103 fie u\u0219or de manevrat, oferind \u00een acela\u0219i timp un nivel fiabil de rezisten\u021b\u0103 la trac\u021biune pentru sarcini moderate.<\/p>\n<p>Pentru aplica\u021biile care necesit\u0103 o op\u021biune mai robust\u0103, cablul de s\u00e2rm\u0103 de 1\/4 inch 6\u00d736 ofer\u0103 o rezisten\u021b\u0103 sporit\u0103 f\u0103r\u0103 a sacrifica prea mult\u0103 flexibilitate. Aceast\u0103 dimensiune este frecvent aleas\u0103 pentru utiliz\u0103ri precum ridicarea \u0219i fixarea \u00eenc\u0103rc\u0103turilor \u00een construc\u021bii sau transporturi. De asemenea, poate fi utilizat\u0103 \u00een opera\u021biunile de troliu, unde un amestec de rezisten\u021b\u0103 \u0219i u\u0219urin\u021b\u0103 \u00een manipulare este crucial pentru o func\u021bionare eficient\u0103.<\/p>\n<p>Cablul de s\u00e2rm\u0103 5\/16 inch 6\u00d736 reprezint\u0103 o alegere mai robust\u0103, oferind capacit\u0103\u021bi sporite de sus\u021binere a sarcinii pentru sarcini mai intense. Aceast\u0103 dimensiune este ideal\u0103 pentru aplica\u021bii grele, cum ar fi macaralele industriale, elevatoarele \u0219i echipamentul marin. Diametrul s\u0103u mai gros \u00eei permite s\u0103 suporte tensiuni \u0219i solicit\u0103ri mai mari, ceea ce \u00eel face potrivit pentru medii \u00een care at\u00e2t rezisten\u021ba, c\u00e2t \u0219i durabilitatea sunt esen\u021biale.<\/p>\n<p>Pentru cei care au nevoie de o rezisten\u021b\u0103 \u0219i mai mare, cablul de s\u00e2rm\u0103 3\/8 inch 6\u00d736 poate oferi un suport substan\u021bial pentru proiecte solicitante. Este potrivit pentru proiecte mari de construc\u021bii \u0219i utiliz\u0103ri industriale \u00een care este necesar\u0103 o capacitate mare de \u00eenc\u0103rcare. \u00cen ciuda diametrului s\u0103u mai gros, dimensiunea de 3\/8 inch p\u0103streaz\u0103 flexibilitatea necesar\u0103 pentru anumite aplica\u021bii de \u00eendoire, asigur\u00e2ndu-se c\u0103 func\u021bioneaz\u0103 eficient chiar \u0219i \u00een medii dinamice.<\/p>\n<h3>Tipuri de miez: FC, IWS \u0219i IWRC \u00een cablu de s\u00e2rm\u0103 6\u00d736<\/h3>\n<p>Miezul unui cablu metalic este o component\u0103 vital\u0103 care determin\u0103 flexibilitatea, rezisten\u021ba \u0219i adecvarea acestuia pentru diverse aplica\u021bii. Cablul de s\u00e2rm\u0103 6\u00d736 este disponibil \u00een trei tipuri de miez: Fiber Core (FC), Independent Wire Strand Core (IWS) \u0219i Independent Wire Rope Core (IWRC), fiecare oferind avantaje distincte pentru diferite utiliz\u0103ri.<\/p>\n<p>Fiber Core (FC) reprezint\u0103 cea mai flexibil\u0103 op\u021biune de miez pentru cablul de s\u00e2rm\u0103 6\u00d736. Acest miez este fabricat din fibre sintetice sau naturale, oferind o structur\u0103 de miez mai moale \u0219i mai flexibil\u0103. Varianta FC este deosebit de avantajoas\u0103 \u00een scenariile \u00een care cablul de s\u00e2rm\u0103 trebuie s\u0103 navigheze frecvent \u00een jurul scripe\u021bilor \u0219i a ro\u021bilor, deoarece flexibilitatea sa minimizeaz\u0103 uzura at\u00e2t a cablului, c\u00e2t \u0219i a utilajului. Cu toate acestea, miezul mai moale \u00eenseamn\u0103 c\u0103 ofer\u0103 pu\u021bin mai pu\u021bin\u0103 rezisten\u021b\u0103 \u00een compara\u021bie cu op\u021biunile cu miez de o\u021bel, ceea ce \u00eel face mai potrivit pentru sarcini mai u\u0219oare care prioritizeaz\u0103 flexibilitatea \u00een detrimentul capacit\u0103\u021bii maxime de \u00eenc\u0103rcare.<\/p>\n<p>IWS (Independent Wire Strand Core) ofer\u0103 un echilibru \u00eentre rezisten\u021b\u0103 \u0219i flexibilitate. Un miez IWS const\u0103 dintr-un toron de s\u00e2rm\u0103 separat care ofer\u0103 suport structural suplimentar, cresc\u00e2nd durabilitatea \u0219i rezisten\u021ba la trac\u021biune a cablului de s\u00e2rm\u0103. Acest tip de miez este potrivit pentru aplica\u021bii de uz mediu \u00een care este necesar un grad moderat de \u00eendoire \u0219i mi\u0219care, cum ar fi \u00een cazul macaralelor mici sau al echipamentelor de ridicare de dimensiuni medii. Miezul IWS asigur\u0103 c\u0103 cablul \u00ee\u0219i men\u021bine forma sub sarcin\u0103, fiind o alegere fiabil\u0103 pentru sarcinile care necesit\u0103 un pic mai mult\u0103 robuste\u021be f\u0103r\u0103 a sacrifica prea mult\u0103 flexibilitate.<\/p>\n<p>Pentru cei care caut\u0103 rezisten\u021b\u0103 maxim\u0103, miezul independent al cablului (IWRC) ofer\u0103 cel mai \u00eenalt nivel de durabilitate dintre tipurile de miez. IWRC este fabricat dintr-un cablu de s\u00e2rm\u0103 separat care spore\u0219te rezisten\u021ba general\u0103 a cablului de s\u00e2rm\u0103 6\u00d736, f\u0103c\u00e2ndu-l ideal pentru aplica\u021bii grele. Acest tip de miez este utilizat \u00een mod obi\u0219nuit \u00een medii \u00een care rezisten\u021ba ridicat\u0103 la trac\u021biune este esen\u021bial\u0103, cum ar fi macaralele de construc\u021bii pe scar\u0103 larg\u0103, elevatoarele industriale \u0219i opera\u021biunile maritime precum remorcarea \u0219i ancorarea. De\u0219i miezul IWRC este mai pu\u021bin flexibil dec\u00e2t FC sau IWS, capacitatea sa de a suporta sarcini grele \u0219i de a rezista la deformare \u00een condi\u021bii de stres \u00eel face op\u021biunea preferat\u0103 pentru condi\u021bii opera\u021bionale intense.<\/p>\n<h3>Aplica\u021bii \u0219i avantaje ale cablului de s\u00e2rm\u0103 6\u00d736<\/h3>\n<p>Designul unic \u0219i versatilitatea cablului de s\u00e2rm\u0103 6\u00d736 \u00eel fac o alegere esen\u021bial\u0103 \u00eentr-o gam\u0103 larg\u0103 de industrii. Capacitatea sa de a combina rezisten\u021ba \u0219i flexibilitatea asigur\u0103 adaptarea la diferite aplica\u021bii, oferind \u00een acela\u0219i timp performan\u021be constante. Acest lucru \u00eel face un instrument extrem de eficient pentru sarcini precum ridicarea, troliul \u0219i echiparea, unde precizia \u0219i durabilitatea sunt esen\u021biale.<\/p>\n<p>\u00cen industria construc\u021biilor, cablul de s\u00e2rm\u0103 6\u00d736 joac\u0103 un rol crucial \u00een opera\u021biunile care implic\u0103 macarale, trolii \u0219i alte echipamente de ridicare grele. Designul s\u0103u permite o func\u021bionare lin\u0103 pe ro\u021bi \u0219i scripe\u021bi, minimiz\u00e2nd uzura \u0219i prelungind durata de via\u021b\u0103 a cablului. Disponibilitatea diferitelor op\u021biuni de miez \u00eenseamn\u0103 c\u0103 utilizatorii pot selecta configura\u021bia ideal\u0103 pentru a r\u0103spunde cerin\u021belor specifice ale fiec\u0103rui proiect, indiferent dac\u0103 aceasta \u00eenseamn\u0103 s\u0103 acorde prioritate flexibilit\u0103\u021bii cu un miez FC sau s\u0103 opteze pentru rezisten\u021ba unui IWRC.<\/p>\n<p>Aplica\u021biile maritime beneficiaz\u0103, de asemenea, \u00een mod semnificativ de utilizarea cablului de s\u00e2rm\u0103 6\u00d736. Rezisten\u021ba sa la abraziune \u0219i capacitatea de a rezista \u00een medii dificile \u00eel fac potrivit pentru sarcini maritime precum ancorarea, remorcarea \u0219i opera\u021biunile de pescuit. Miezul IWRC, \u00een special, este avantajos \u00een aceste medii datorit\u0103 capacit\u0103\u021bii sale de a face fa\u021b\u0103 sarcinilor dinamice \u00eent\u00e2lnite \u00een m\u0103rile agitate \u0219i \u00een condi\u021bii variabile. \u00cen plus, construc\u021bia din o\u021bel cu con\u021binut ridicat de carbon a cablului asigur\u0103 rezisten\u021ba acestuia la efectele corozive ale expunerii la ap\u0103 s\u0103rat\u0103, oferind fiabilitate de lung\u0103 durat\u0103 pentru opera\u021biunile maritime.<\/p>\n<p>\u00cen sectorul transporturilor \u0219i logisticii, cablul de s\u00e2rm\u0103 6\u00d736 este utilizat pentru fixarea \u00eenc\u0103rc\u0103turilor, ridicarea materialelor grele \u0219i sus\u021binerea diferitelor mecanisme de ridicare. Designul s\u0103u echilibrat \u00eel face capabil s\u0103 fac\u0103 fa\u021b\u0103 at\u00e2t sarcinilor statice, c\u00e2t \u0219i celor dinamice, oferind rezisten\u021ba necesar\u0103 pentru a men\u021bine conexiunile sigure, f\u0103r\u0103 eforturi excesive. Aceast\u0103 versatilitate \u00eenseamn\u0103 c\u0103 poate fi utilizat \u00eentr-o gam\u0103 larg\u0103 de aplica\u021bii de transport, de la fixarea \u00eenc\u0103rc\u0103turii pe nave p\u00e2n\u0103 la asisten\u021b\u0103 la \u00eenc\u0103rcarea \u0219i desc\u0103rcarea m\u0103rfurilor \u00een depozite.<\/p>\n<p>Selectarea miezului \u0219i a dimensiunii potrivite pentru cablul de s\u00e2rm\u0103 6\u00d736 permite \u00eentreprinderilor s\u0103 \u00ee\u0219i optimizeze opera\u021biunile, asigur\u00e2ndu-se c\u0103 ob\u021bin combina\u021bia ideal\u0103 de flexibilitate, rezisten\u021b\u0103 \u0219i durabilitate pentru nevoile lor specifice. Prin \u00een\u021belegerea capacit\u0103\u021bilor fiec\u0103rui tip de miez \u0219i a implica\u021biilor diferitelor dimensiuni, utilizatorii pot lua decizii \u00een cuno\u0219tin\u021b\u0103 de cauz\u0103 care s\u0103 maximizeze siguran\u021ba \u0219i eficien\u021ba proiectelor lor. Cablul de o\u021bel 6\u00d736, cu designul s\u0103u robust \u0219i natura sa adaptabil\u0103, r\u0103m\u00e2ne o alegere preferat\u0103 pentru cei care caut\u0103 fiabilitate \u0219i performan\u021b\u0103 \u00een activit\u0103\u021bile lor industriale, maritime \u0219i de construc\u021bii.<\/p>","protected":false},"excerpt":{"rendered":"<p>Cablul de s\u00e2rm\u0103 6\u00d736 este un cablu de o\u021bel flexibil, cu rezisten\u021b\u0103 ridicat\u0103, format din 6 toroane, fiecare con\u021bin\u00e2nd 36 de s\u00e2rme. Este cunoscut pentru echilibrul s\u0103u \u00eentre durabilitate \u0219i flexibilitate, ceea ce \u00eel face potrivit pentru aplica\u021bii dificile, cum ar fi ridicarea, echiparea \u0219i utilizarea maritim\u0103. Disponibil \u00een mod obi\u0219nuit \u00een dimensiuni precum 3\/16 inch, 1\/4 inch \u0219i 5\/16 inch, cablul de s\u00e2rm\u0103 6\u00d736 este de obicei fabricat din o\u021bel cu con\u021binut ridicat de carbon. Vine cu diferite op\u021biuni de miez, inclusiv miez de fibr\u0103 (FC), miez independent de toron de s\u00e2rm\u0103 (IWS) \u0219i miez independent de cablu de s\u00e2rm\u0103 (IWRC), permi\u021b\u00e2nd o performan\u021b\u0103 personalizat\u0103 \u00een func\u021bie de nevoile specifice.<\/p>","protected":false},"featured_media":8117,"comment_status":"open","ping_status":"closed","template":"","meta":{"site-sidebar-layout":"default","site-content-layout":"","ast-site-content-layout":"default","site-content-style":"default","site-sidebar-style":"default","ast-global-header-display":"","ast-banner-title-visibility":"","ast-main-header-display":"","ast-hfb-above-header-display":"","ast-hfb-below-header-display":"","ast-hfb-mobile-header-display":"","site-post-title":"","ast-breadcrumbs-content":"","ast-featured-img":"","footer-sml-layout":"","theme-transparent-header-meta":"default","adv-header-id-meta":"","stick-header-meta":"default","header-above-stick-meta":"","header-main-stick-meta":"","header-below-stick-meta":"","astra-migrate-meta-layouts":"set","ast-page-background-enabled":"default","ast-page-background-meta":{"desktop":{"background-color":"","background-image":"","background-repeat":"repeat","background-position":"center center","background-size":"auto","background-attachment":"scroll","background-type":"","background-media":"","overlay-type":"","overlay-color":"","overlay-opacity":"","overlay-gradient":""},"tablet":{"background-color":"","background-image":"","background-repeat":"repeat","background-position":"center center","background-size":"auto","background-attachment":"scroll","background-type":"","background-media":"","overlay-type":"","overlay-color":"","overlay-opacity":"","overlay-gradient":""},"mobile":{"background-color":"","background-image":"","background-repeat":"repeat","background-position":"center center","background-size":"auto","background-attachment":"scroll","background-type":"","background-media":"","overlay-type":"","overlay-color":"","overlay-opacity":"","overlay-gradient":""}},"ast-content-background-meta":{"desktop":{"background-color":"var(--ast-global-color-5)","background-image":"","background-repeat":"repeat","background-position":"center center","background-size":"auto","background-attachment":"scroll","background-type":"","background-media":"","overlay-type":"","overlay-color":"","overlay-opacity":"","overlay-gradient":""},"tablet":{"background-color":"var(--ast-global-color-5)","background-image":"","background-repeat":"repeat","background-position":"center center","background-size":"auto","background-attachment":"scroll","background-type":"","background-media":"","overlay-type":"","overlay-color":"","overlay-opacity":"","overlay-gradient":""},"mobile":{"background-color":"var(--ast-global-color-5)","background-image":"","background-repeat":"repeat","background-position":"center center","background-size":"auto","background-attachment":"scroll","background-type":"","background-media":"","overlay-type":"","overlay-color":"","overlay-opacity":"","overlay-gradient":""}}},"product_brand":[],"product_cat":[37],"product_tag":[89],"class_list":{"0":"post-8119","1":"product","2":"type-product","3":"status-publish","4":"has-post-thumbnail","6":"product_cat-wire-rope","7":"product_tag-wire-rope","8":"desktop-align-left","9":"tablet-align-left","10":"mobile-align-left","11":"ast-product-gallery-layout-horizontal-slider","12":"ast-product-tabs-layout-horizontal","14":"first","15":"instock","16":"shipping-taxable","17":"purchasable","18":"product-type-simple"},"yoast_head":"<!-- This site is optimized with the Yoast SEO plugin v25.2 - https:\/\/yoast.com\/wordpress\/plugins\/seo\/ -->\n<title>6x36 Wire Rope<\/title>\n<meta name=\"description\" content=\"The 6x36 wire rope is a high-strength, flexible steel wire rope consisting of 6 strands, each containing 36 wires.\" \/>\n<meta name=\"robots\" content=\"index, follow, max-snippet:-1, max-image-preview:large, max-video-preview:-1\" \/>\n<link rel=\"canonical\" href=\"https:\/\/qingdaohf.com\/ro\/produs\/cablu-de-sarma-6x36\/\" \/>\n<meta property=\"og:locale\" content=\"ro_RO\" \/>\n<meta property=\"og:type\" content=\"article\" \/>\n<meta property=\"og:title\" content=\"6x36 Wire Rope\" \/>\n<meta property=\"og:description\" content=\"The 6x36 wire rope is a high-strength, flexible steel wire rope consisting of 6 strands, each containing 36 wires.\" \/>\n<meta property=\"og:url\" content=\"https:\/\/qingdaohf.com\/ro\/produs\/cablu-de-sarma-6x36\/\" \/>\n<meta property=\"og:site_name\" content=\"Concrete Form &amp; Rigging Hardware Supplier\" \/>\n<meta property=\"article:publisher\" content=\"https:\/\/www.facebook.com\/qingdaohf\" \/>\n<meta property=\"article:modified_time\" content=\"2025-11-13T01:02:55+00:00\" \/>\n<meta property=\"og:image\" content=\"https:\/\/qingdaohf.com\/wp-content\/uploads\/2024\/10\/6x36-IWRC-Bright-Wire-Rope.webp\" \/>\n\t<meta property=\"og:image:width\" content=\"744\" \/>\n\t<meta property=\"og:image:height\" content=\"744\" \/>\n\t<meta property=\"og:image:type\" content=\"image\/webp\" \/>\n<meta name=\"twitter:card\" content=\"summary_large_image\" \/>\n<meta name=\"twitter:label1\" content=\"Timp estimat pentru citire\" \/>\n\t<meta name=\"twitter:data1\" content=\"6 minute\" \/>\n<script type=\"application\/ld+json\" class=\"yoast-schema-graph\">{\"@context\":\"https:\/\/schema.org\",\"@graph\":[{\"@type\":\"WebPage\",\"@id\":\"https:\/\/qingdaohf.com\/product\/6x36-wire-rope\/\",\"url\":\"https:\/\/qingdaohf.com\/product\/6x36-wire-rope\/\",\"name\":\"6x36 Wire Rope\",\"isPartOf\":{\"@id\":\"https:\/\/qingdaohf.com\/bg\/#website\"},\"primaryImageOfPage\":{\"@id\":\"https:\/\/qingdaohf.com\/product\/6x36-wire-rope\/#primaryimage\"},\"image\":{\"@id\":\"https:\/\/qingdaohf.com\/product\/6x36-wire-rope\/#primaryimage\"},\"thumbnailUrl\":\"https:\/\/qingdaohf.com\/wp-content\/uploads\/2024\/10\/6x36-IWRC-Bright-Wire-Rope.webp\",\"datePublished\":\"2024-10-24T09:32:24+00:00\",\"dateModified\":\"2025-11-13T01:02:55+00:00\",\"description\":\"The 6x36 wire rope is a high-strength, flexible steel wire rope consisting of 6 strands, each containing 36 wires.\",\"breadcrumb\":{\"@id\":\"https:\/\/qingdaohf.com\/product\/6x36-wire-rope\/#breadcrumb\"},\"inLanguage\":\"ro-RO\",\"potentialAction\":[{\"@type\":\"ReadAction\",\"target\":[\"https:\/\/qingdaohf.com\/product\/6x36-wire-rope\/\"]}]},{\"@type\":\"ImageObject\",\"inLanguage\":\"ro-RO\",\"@id\":\"https:\/\/qingdaohf.com\/product\/6x36-wire-rope\/#primaryimage\",\"url\":\"https:\/\/qingdaohf.com\/wp-content\/uploads\/2024\/10\/6x36-IWRC-Bright-Wire-Rope.webp\",\"contentUrl\":\"https:\/\/qingdaohf.com\/wp-content\/uploads\/2024\/10\/6x36-IWRC-Bright-Wire-Rope.webp\",\"width\":744,\"height\":744,\"caption\":\"6x36 IWRC Wire Rope\"},{\"@type\":\"BreadcrumbList\",\"@id\":\"https:\/\/qingdaohf.com\/product\/6x36-wire-rope\/#breadcrumb\",\"itemListElement\":[{\"@type\":\"ListItem\",\"position\":1,\"name\":\"Home\",\"item\":\"https:\/\/qingdaohf.com\/\"},{\"@type\":\"ListItem\",\"position\":2,\"name\":\"Concrete Forming Accessories and Rigging Hardware\",\"item\":\"https:\/\/qingdaohf.com\/bg\/?page_id=944\"},{\"@type\":\"ListItem\",\"position\":3,\"name\":\"6&#215;36 Wire Rope\"}]},{\"@type\":\"WebSite\",\"@id\":\"https:\/\/qingdaohf.com\/bg\/#website\",\"url\":\"https:\/\/qingdaohf.com\/bg\/\",\"name\":\"Concrete Form & Rigging Hardware Supplier\",\"description\":\"\",\"publisher\":{\"@id\":\"https:\/\/qingdaohf.com\/bg\/#organization\"},\"potentialAction\":[{\"@type\":\"SearchAction\",\"target\":{\"@type\":\"EntryPoint\",\"urlTemplate\":\"https:\/\/qingdaohf.com\/bg\/?s={search_term_string}\"},\"query-input\":{\"@type\":\"PropertyValueSpecification\",\"valueRequired\":true,\"valueName\":\"search_term_string\"}}],\"inLanguage\":\"ro-RO\"},{\"@type\":\"Organization\",\"@id\":\"https:\/\/qingdaohf.com\/bg\/#organization\",\"name\":\"Qingdao H&F\",\"url\":\"https:\/\/qingdaohf.com\/bg\/\",\"logo\":{\"@type\":\"ImageObject\",\"inLanguage\":\"ro-RO\",\"@id\":\"https:\/\/qingdaohf.com\/bg\/#\/schema\/logo\/image\/\",\"url\":\"https:\/\/qingdaohf.com\/wp-content\/uploads\/2022\/12\/cropped-HF-LOGO.png\",\"contentUrl\":\"https:\/\/qingdaohf.com\/wp-content\/uploads\/2022\/12\/cropped-HF-LOGO.png\",\"width\":391,\"height\":249,\"caption\":\"Qingdao H&F\"},\"image\":{\"@id\":\"https:\/\/qingdaohf.com\/bg\/#\/schema\/logo\/image\/\"},\"sameAs\":[\"https:\/\/www.facebook.com\/qingdaohf\"]}]}<\/script>\n<!-- \/ Yoast SEO plugin. -->","yoast_head_json":{"title":"6x36 Wire Rope","description":"The 6x36 wire rope is a high-strength, flexible steel wire rope consisting of 6 strands, each containing 36 wires.","robots":{"index":"index","follow":"follow","max-snippet":"max-snippet:-1","max-image-preview":"max-image-preview:large","max-video-preview":"max-video-preview:-1"},"canonical":"https:\/\/qingdaohf.com\/ro\/produs\/cablu-de-sarma-6x36\/","og_locale":"ro_RO","og_type":"article","og_title":"6x36 Wire Rope","og_description":"The 6x36 wire rope is a high-strength, flexible steel wire rope consisting of 6 strands, each containing 36 wires.","og_url":"https:\/\/qingdaohf.com\/ro\/produs\/cablu-de-sarma-6x36\/","og_site_name":"Concrete Form &amp; Rigging Hardware Supplier","article_publisher":"https:\/\/www.facebook.com\/qingdaohf","article_modified_time":"2025-11-13T01:02:55+00:00","og_image":[{"width":744,"height":744,"url":"https:\/\/qingdaohf.com\/wp-content\/uploads\/2024\/10\/6x36-IWRC-Bright-Wire-Rope.webp","type":"image\/webp"}],"twitter_card":"summary_large_image","twitter_misc":{"Timp estimat pentru citire":"6 minute"},"schema":{"@context":"https:\/\/schema.org","@graph":[{"@type":"WebPage","@id":"https:\/\/qingdaohf.com\/product\/6x36-wire-rope\/","url":"https:\/\/qingdaohf.com\/product\/6x36-wire-rope\/","name":"6x36 Wire Rope","isPartOf":{"@id":"https:\/\/qingdaohf.com\/bg\/#website"},"primaryImageOfPage":{"@id":"https:\/\/qingdaohf.com\/product\/6x36-wire-rope\/#primaryimage"},"image":{"@id":"https:\/\/qingdaohf.com\/product\/6x36-wire-rope\/#primaryimage"},"thumbnailUrl":"https:\/\/qingdaohf.com\/wp-content\/uploads\/2024\/10\/6x36-IWRC-Bright-Wire-Rope.webp","datePublished":"2024-10-24T09:32:24+00:00","dateModified":"2025-11-13T01:02:55+00:00","description":"The 6x36 wire rope is a high-strength, flexible steel wire rope consisting of 6 strands, each containing 36 wires.","breadcrumb":{"@id":"https:\/\/qingdaohf.com\/product\/6x36-wire-rope\/#breadcrumb"},"inLanguage":"ro-RO","potentialAction":[{"@type":"ReadAction","target":["https:\/\/qingdaohf.com\/product\/6x36-wire-rope\/"]}]},{"@type":"ImageObject","inLanguage":"ro-RO","@id":"https:\/\/qingdaohf.com\/product\/6x36-wire-rope\/#primaryimage","url":"https:\/\/qingdaohf.com\/wp-content\/uploads\/2024\/10\/6x36-IWRC-Bright-Wire-Rope.webp","contentUrl":"https:\/\/qingdaohf.com\/wp-content\/uploads\/2024\/10\/6x36-IWRC-Bright-Wire-Rope.webp","width":744,"height":744,"caption":"6x36 IWRC Wire Rope"},{"@type":"BreadcrumbList","@id":"https:\/\/qingdaohf.com\/product\/6x36-wire-rope\/#breadcrumb","itemListElement":[{"@type":"ListItem","position":1,"name":"Home","item":"https:\/\/qingdaohf.com\/"},{"@type":"ListItem","position":2,"name":"Concrete Forming Accessories and Rigging Hardware","item":"https:\/\/qingdaohf.com\/bg\/?page_id=944"},{"@type":"ListItem","position":3,"name":"6&#215;36 Wire Rope"}]},{"@type":"WebSite","@id":"https:\/\/qingdaohf.com\/bg\/#website","url":"https:\/\/qingdaohf.com\/bg\/","name":"Concrete Form & Rigging Hardware Supplier","description":"","publisher":{"@id":"https:\/\/qingdaohf.com\/bg\/#organization"},"potentialAction":[{"@type":"SearchAction","target":{"@type":"EntryPoint","urlTemplate":"https:\/\/qingdaohf.com\/bg\/?s={search_term_string}"},"query-input":{"@type":"PropertyValueSpecification","valueRequired":true,"valueName":"search_term_string"}}],"inLanguage":"ro-RO"},{"@type":"Organization","@id":"https:\/\/qingdaohf.com\/bg\/#organization","name":"Qingdao H&F","url":"https:\/\/qingdaohf.com\/bg\/","logo":{"@type":"ImageObject","inLanguage":"ro-RO","@id":"https:\/\/qingdaohf.com\/bg\/#\/schema\/logo\/image\/","url":"https:\/\/qingdaohf.com\/wp-content\/uploads\/2022\/12\/cropped-HF-LOGO.png","contentUrl":"https:\/\/qingdaohf.com\/wp-content\/uploads\/2022\/12\/cropped-HF-LOGO.png","width":391,"height":249,"caption":"Qingdao H&F"},"image":{"@id":"https:\/\/qingdaohf.com\/bg\/#\/schema\/logo\/image\/"},"sameAs":["https:\/\/www.facebook.com\/qingdaohf"]}]}},"_links":{"self":[{"href":"https:\/\/qingdaohf.com\/ro\/wp-json\/wp\/v2\/product\/8119","targetHints":{"allow":["GET"]}}],"collection":[{"href":"https:\/\/qingdaohf.com\/ro\/wp-json\/wp\/v2\/product"}],"about":[{"href":"https:\/\/qingdaohf.com\/ro\/wp-json\/wp\/v2\/types\/product"}],"replies":[{"embeddable":true,"href":"https:\/\/qingdaohf.com\/ro\/wp-json\/wp\/v2\/comments?post=8119"}],"version-history":[{"count":1,"href":"https:\/\/qingdaohf.com\/ro\/wp-json\/wp\/v2\/product\/8119\/revisions"}],"predecessor-version":[{"id":8120,"href":"https:\/\/qingdaohf.com\/ro\/wp-json\/wp\/v2\/product\/8119\/revisions\/8120"}],"wp:featuredmedia":[{"embeddable":true,"href":"https:\/\/qingdaohf.com\/ro\/wp-json\/wp\/v2\/media\/8117"}],"wp:attachment":[{"href":"https:\/\/qingdaohf.com\/ro\/wp-json\/wp\/v2\/media?parent=8119"}],"wp:term":[{"taxonomy":"product_brand","embeddable":true,"href":"https:\/\/qingdaohf.com\/ro\/wp-json\/wp\/v2\/product_brand?post=8119"},{"taxonomy":"product_cat","embeddable":true,"href":"https:\/\/qingdaohf.com\/ro\/wp-json\/wp\/v2\/product_cat?post=8119"},{"taxonomy":"product_tag","embeddable":true,"href":"https:\/\/qingdaohf.com\/ro\/wp-json\/wp\/v2\/product_tag?post=8119"}],"curies":[{"name":"wp","href":"https:\/\/api.w.org\/{rel}","templated":true}]}}