{"id":8125,"date":"2024-10-24T17:39:48","date_gmt":"2024-10-24T09:39:48","guid":{"rendered":"http:\/\/qingdaohf.com\/?post_type=product&#038;p=8125"},"modified":"2025-11-13T09:02:55","modified_gmt":"2025-11-13T01:02:55","slug":"6x37-wire-rope","status":"publish","type":"product","link":"https:\/\/qingdaohf.com\/ro\/produs\/cablu-de-sarma-6x37\/","title":{"rendered":"6\u00d737 Cablu de s\u00e2rm\u0103"},"content":{"rendered":"<h3><strong>Ce este cablul de s\u00e2rm\u0103 6X37<\/strong><\/h3>\n<p>Cablul de s\u00e2rm\u0103 6X37 este un tip de cablu de s\u00e2rm\u0103 versatil \u0219i utilizat pe scar\u0103 larg\u0103, caracterizat prin construc\u021bia sa din \u0219ase toroane, fiecare toron cuprinz\u00e2nd 37 de s\u00e2rme individuale. Aceast\u0103 compozi\u021bie are ca rezultat o fr\u00e2nghie de s\u00e2rm\u0103 mai flexibil\u0103 \u00een compara\u021bie cu alte tipuri, cum ar fi 6X19, ceea ce o face ideal\u0103 pentru aplica\u021bii \u00een care \u00eendoirea \u0219i flexibilitatea sunt importante. Designul 6X37 permite cablului s\u0103 suporte \u00eendoiri repetate peste scripe\u021bi, ceea ce \u00eei spore\u0219te rezisten\u021ba la oboseal\u0103. Datorit\u0103 combina\u021biei sale de rezisten\u021b\u0103 \u0219i flexibilitate, cablul de s\u00e2rm\u0103 6X37 este adesea utilizat \u00een industrii precum construc\u021biile, transportul maritim \u0219i mineritul.<\/p>\n<p>Cablul este de obicei fabricat din o\u021bel cu con\u021binut ridicat de carbon, cunoscut pentru rezisten\u021ba \u0219i durabilitatea sa. Unele variante pot fi fabricate \u0219i din o\u021bel inoxidabil sau o\u021bel galvanizat, \u00een func\u021bie de aplica\u021bie. O\u021belul inoxidabil ofer\u0103 o rezisten\u021b\u0103 mai bun\u0103 la coroziune, \u00een special \u00een mediul marin, \u00een timp ce o\u021belul galvanizat ofer\u0103 o protec\u021bie moderat\u0103 \u00eempotriva ruginii la un pre\u021b mai accesibil.<\/p>\n<h3><strong>Dimensiuni \u0219i miezuri comune \u00een cablul de s\u00e2rm\u0103 6X37<\/strong><\/h3>\n<p>Cablul de s\u00e2rm\u0103 este adesea m\u0103surat \u00een func\u021bie de diametrul s\u0103u, iar tipul 6X37 este disponibil \u00eentr-o gam\u0103 de dimensiuni potrivite pentru diferite aplica\u021bii. De exemplu, \u00een aplica\u021bii mai u\u0219oare, un cablu de s\u00e2rm\u0103 6X37 de 1\/16 inch poate fi potrivit. Aceast\u0103 dimensiune este adesea utilizat\u0103 \u00een situa\u021bii \u00een care este necesar\u0103 o sarcin\u0103 minim\u0103, dar flexibilitatea \u0219i rezisten\u021ba la uzur\u0103 sunt necesare, cum ar fi \u00een opera\u021biunile de ridicare la scar\u0103 mic\u0103 sau \u00een sistemele de scripe\u021bi u\u0219ori. Urc\u00e2nd \u00een dimensiune, cablul de 3\/32 inch 6X37 se g\u0103se\u0219te de obicei \u00een medii care necesit\u0103 o capacitate portant\u0103 u\u0219or mai mare f\u0103r\u0103 a sacrifica flexibilitatea. Aceasta ar putea fi utilizat\u0103 \u00een schele sau \u00een opera\u021biuni de rigidizare u\u0219oar\u0103.<\/p>\n<p>Cu c\u00e2t diametrul cre\u0219te, cu at\u00e2t cre\u0219te \u0219i capacitatea de \u00eenc\u0103rcare a cablului. Un cablu de 1\/8 inch 6X37, de exemplu, poate suporta sarcini moderate \u0219i este frecvent utilizat \u00een sarcini de ridicare industriale, aplica\u021bii de ridicare \u0219i sisteme de ascensoare. Pentru aplica\u021bii cu sarcini mai mari, cablul 6X37 de 5\/32 inch ofer\u0103 o rezisten\u021b\u0103 semnificativ\u0103, men\u021bin\u00e2nd \u00een acela\u0219i timp flexibilitatea, ceea ce \u00eel face ideal pentru utilizarea \u00een macarale, trolii sau echipamente de dragare.<\/p>\n<p><img fetchpriority=\"high\" decoding=\"async\" class=\"alignnone size-full wp-image-8129\" src=\"http:\/\/qingdaohf.com\/wp-content\/uploads\/2024\/10\/6X37-wire-rope.webp\" alt=\"Cablu de s\u00e2rm\u0103 6X37\" width=\"1338\" height=\"412\" srcset=\"https:\/\/qingdaohf.com\/wp-content\/uploads\/2024\/10\/6X37-wire-rope.webp 1338w, https:\/\/qingdaohf.com\/wp-content\/uploads\/2024\/10\/6X37-wire-rope-300x92.webp 300w, https:\/\/qingdaohf.com\/wp-content\/uploads\/2024\/10\/6X37-wire-rope-1024x315.webp 1024w, https:\/\/qingdaohf.com\/wp-content\/uploads\/2024\/10\/6X37-wire-rope-768x236.webp 768w, https:\/\/qingdaohf.com\/wp-content\/uploads\/2024\/10\/6X37-wire-rope-18x6.webp 18w, https:\/\/qingdaohf.com\/wp-content\/uploads\/2024\/10\/6X37-wire-rope-1000x308.webp 1000w\" sizes=\"(max-width: 1338px) 100vw, 1338px\" \/><\/p>\n<p>C\u00e2nd vine vorba de miezuri, cablul de s\u00e2rm\u0103 6X37 este de obicei disponibil cu trei op\u021biuni de miez:<\/p>\n<p><strong>Nucleu de fibr\u0103 (FC):<\/strong> Cablurile de s\u00e2rm\u0103 cu miez din fibre utilizeaz\u0103 fibre naturale sau sintetice, care ofer\u0103 un plus de flexibilitate cablului. De\u0219i aceste cabluri nu sunt la fel de rezistente ca cele cu miez de s\u00e2rm\u0103, ele sunt mai u\u0219oare \u0219i mai flexibile, ceea ce le face potrivite pentru aplica\u021bii specifice \u00een care flexibilitatea este prioritar\u0103 fa\u021b\u0103 de rezisten\u021b\u0103. De asemenea, miezul din fibre poate ajuta la absorb\u021bia lubrifiantului, ceea ce prelunge\u0219te durata de via\u021b\u0103 a cablului prin reducerea frec\u0103rii \u0219i a uzurii.<\/p>\n<p><strong>Miezul independent al cablului (IWRC):<\/strong> Acest miez const\u0103 dintr-un cablu de s\u00e2rm\u0103 separat care trece prin centrul cablului principal. IWRC adaug\u0103 rezisten\u021b\u0103 \u0219i \u00eembun\u0103t\u0103\u021be\u0219te rezisten\u021ba cablului la strivire \u0219i deformare sub sarcini grele. De asemenea, ofer\u0103 o rezisten\u021b\u0103 mai bun\u0103 la temperaturi ridicate, ceea ce face ca cablurile IWRC 6X37 s\u0103 fie alegerea preferat\u0103 pentru mediile industriale solicitante, cum ar fi mineritul sau opera\u021biunile de foraj marin.<\/p>\n<p><strong>miez de s\u00e2rm\u0103 (WSC):<\/strong> \u00cen aceast\u0103 configura\u021bie, un toron de s\u00e2rm\u0103 este utilizat ca miez \u00een loc de fibr\u0103 sau o fr\u00e2nghie independent\u0103. WSC ofer\u0103 un echilibru \u00eentre flexibilitatea miezului de fibr\u0103 \u0219i rezisten\u021ba IWRC. Acesta este utilizat \u00een mod obi\u0219nuit \u00een aplica\u021bii care necesit\u0103 flexibilitate \u0219i rezisten\u021b\u0103 moderate, cum ar fi podurile rulante sau troliile de mare putere.<\/p>\n<h3><strong>Caracteristici de material \u0219i rezisten\u021b\u0103<\/strong><\/h3>\n<p>Cablul de s\u00e2rm\u0103 6X37 este \u00een general construit din o\u021bel cu con\u021binut ridicat de carbon, ceea ce \u00eei confer\u0103 rezisten\u021ba necesar\u0103 pentru a func\u021biona \u00een medii grele. O\u021belul cu carbon, cunoscut pentru rezisten\u021ba sa excelent\u0103 la trac\u021biune, asigur\u0103 faptul c\u0103 cablul poate rezista la sarcini grele f\u0103r\u0103 a se rupe sau deforma sub tensiune. Acesta este, de asemenea, tratat termic pentru a-\u0219i \u00eembun\u0103t\u0103\u021bi duritatea, ceea ce este deosebit de important pentru aplica\u021biile care implic\u0103 temperaturi extreme sau expunerea la elemente dure.<\/p>\n<p>\u00cen cazurile \u00een care rezisten\u021ba la coroziune este o prioritate absolut\u0103, pot fi utilizate cabluri din o\u021bel inoxidabil 6X37. O\u021belul inoxidabil ofer\u0103 o rezisten\u021b\u0103 superioar\u0103 la rugin\u0103 \u0219i coroziune, ceea ce \u00eel face ideal pentru aplica\u021bii marine, unde expunerea la apa s\u0103rat\u0103 poate degrada alte materiale. Pe de alt\u0103 parte, cablul de o\u021bel galvanizat 6X37 ofer\u0103 un strat protector de zinc care ajut\u0103 la rezisten\u021ba la rugin\u0103, de\u0219i nu ofer\u0103 acela\u0219i nivel de rezisten\u021b\u0103 la coroziune ca o\u021belul inoxidabil. Cu toate acestea, op\u021biunile galvanizate tind s\u0103 fie mai rentabile.<\/p>\n<p>Una dintre caracteristicile distinctive ale cablului de s\u00e2rm\u0103 6X37 este flexibilitatea sa. Num\u0103rul mai mare de fire din fiecare toron (37) permite cablului s\u0103 se \u00eendoaie mai u\u0219or dec\u00e2t alte configura\u021bii, cum ar fi cablul de s\u00e2rm\u0103 6X19, care are mai pu\u021bine fire pe toron. Aceast\u0103 flexibilitate o face potrivit\u0103 pentru aplica\u021biile \u00een care cablul va fi supus unor \u00eendoiri frecvente sau \u00een care va trebui s\u0103 treac\u0103 peste ro\u021bi sau scripe\u021bi. Designul ajut\u0103 la reducerea oboselii \u0219i la prelungirea duratei de via\u021b\u0103 a cablului \u00een aceste situa\u021bii.<\/p>\n<h3><strong>Aplica\u021bii ale cablului de s\u00e2rm\u0103 6X37<\/strong><\/h3>\n<p>Datorit\u0103 versatilit\u0103\u021bii sale, cablul de s\u00e2rm\u0103 6X37 este utilizat \u00eentr-o mare varietate de industrii \u0219i aplica\u021bii. \u00cen construc\u021bii, acesta poate fi utilizat pentru ridicarea echipamentelor, sus\u021binerea schelelor sau \u00een opera\u021biunile cu macarale. Flexibilitatea \u0219i rezisten\u021ba sa la uzur\u0103 \u00eel fac ideal pentru sarcini de ridicare repetitive, \u00een care cablul va fi \u00eendoit \u0219i \u00eentins frecvent. Este, de asemenea, utilizat\u0103 \u00een sectorul transporturilor, unde serve\u0219te ca parte a echip\u0103rii navelor sau ca cabluri de remorcare a vehiculelor.<\/p>\n<p>\u00cen industria naval\u0103, versiunile din o\u021bel inoxidabil ale cablului de s\u00e2rm\u0103 6X37 sunt utilizate frecvent pentru linii de acostare, echipare \u0219i alte aplica\u021bii care necesit\u0103 rezisten\u021b\u0103 la coroziune. Capacitatea cablului de a rezista mediului dur al apei s\u0103rate \u00eel face o alegere excelent\u0103 pentru aplica\u021biile marine. \u00cen mod similar, utilizarea sa \u00een industria minier\u0103 este larg r\u0103sp\u00e2ndit\u0103, unde este folosit\u0103 la echipamente de ridicare, la dragline \u0219i pentru tragerea \u00eenc\u0103rc\u0103turilor grele. Construc\u021bia din o\u021bel cu con\u021binut ridicat de carbon ofer\u0103 rezisten\u021ba \u0219i durabilitatea necesare pentru a func\u021biona \u00een astfel de medii dificile.<\/p>\n<p>O alt\u0103 aplica\u021bie comun\u0103 pentru cablul de s\u00e2rm\u0103 6X37 este \u00een ascensoare \u0219i sisteme de ridicare. Flexibilitatea cablului asigur\u0103 o func\u021bionare f\u0103r\u0103 probleme atunci c\u00e2nd se deplaseaz\u0103 pe ro\u021bi \u0219i scripe\u021bi, \u00een timp ce rezisten\u021ba sa \u00eei permite s\u0103 suporte at\u00e2t greutatea cabinei liftului, c\u00e2t \u0219i pe cea a ocupan\u021bilor s\u0103i. \u00cen acest context, un miez IWRC este adesea preferat, deoarece ofer\u0103 rezisten\u021ba \u0219i durabilitatea necesare pentru utilizarea pe termen lung \u00eentr-un mediu cu tensiuni ridicate.<\/p>\n<h3><strong>Durabilitate \u0219i \u00eentre\u021binere<\/strong><\/h3>\n<p>Cablul de s\u00e2rm\u0103 6X37 este proiectat pentru durabilitate, \u00een special \u00een mediile \u00een care va fi supus la solicit\u0103ri repetitive, \u00eendoire \u0219i expunere la elemente. Cu toate acestea, la fel ca toate cablurile metalice, acesta necesit\u0103 \u00eentre\u021binere periodic\u0103 pentru a-\u0219i asigura longevitatea. Lubrifierea corespunz\u0103toare este esen\u021bial\u0103 pentru prevenirea frec\u0103rii interne \u00eentre firele \u0219i toroanele individuale, care poate duce la uzur\u0103 prematur\u0103. Cablurile cu miez din fibre sunt deosebit de adepte la absorb\u021bia lubrifiantului, \u00een timp ce miezurile IWRC \u0219i WSC beneficiaz\u0103 de aplicarea regulat\u0103 a lubrifian\u021bilor externi.<\/p>\n<p>Inspectarea periodic\u0103 a cablului pentru a depista semne de uzur\u0103, cum ar fi fire rupte, coroziune sau aplatizarea, este esen\u021bial\u0103 pentru men\u021binerea siguran\u021bei \u0219i performan\u021bei. Flexibilitatea cablului \u00eel face rezistent la oboseal\u0103, dar, \u00een timp, chiar \u0219i cele mai durabile cabluri de s\u00e2rm\u0103 vor suferi o anumit\u0103 degradare. Respectarea ghidurilor produc\u0103torului pentru inspec\u021bie \u0219i \u00eenlocuire va contribui la asigurarea faptului c\u0103 cablul r\u0103m\u00e2ne \u00een stare optim\u0103 pentru c\u00e2t mai mult timp posibil.<\/p>\n<h3><strong>Concluzie<\/strong><\/h3>\n<p>Cablul de s\u00e2rm\u0103 6X37 este o alegere excelent\u0103 pentru o gam\u0103 larg\u0103 de aplica\u021bii industriale \u0219i comerciale, datorit\u0103 combina\u021biei sale de flexibilitate, rezisten\u021b\u0103 \u0219i durabilitate. Disponibil \u00een diferite dimensiuni, cum ar fi 1\/16 inch, 3\/32 inch, 1\/8 inch \u0219i 5\/32 inch, acesta poate fi adaptat la nevoile specifice ale diferitelor opera\u021biuni. Fie c\u0103 este utilizat \u00een construc\u021bii, \u00een medii marine sau \u00een echipamente de ridicare grele, cablul de s\u00e2rm\u0103 6X37 ofer\u0103 performan\u021ba \u0219i fiabilitatea necesare pentru a face treaba \u00een siguran\u021b\u0103 \u0219i eficient. Cu miezul potrivit \u0219i \u00eentre\u021binerea corespunz\u0103toare, acesta poate oferi servicii de lung\u0103 durat\u0103, chiar \u0219i \u00een cele mai solicitante condi\u021bii.<\/p>","protected":false},"excerpt":{"rendered":"<p>Cablul de s\u00e2rm\u0103 6X37 este un cablu de s\u00e2rm\u0103 flexibil, cu mai multe toroane, utilizat \u00een mod obi\u0219nuit \u00een diverse aplica\u021bii industriale \u0219i comerciale. De obicei, este fabricat din o\u021bel carbon de \u00eenalt\u0103 calitate \u0219i este disponibil \u00eentr-o gam\u0103 larg\u0103 de dimensiuni, cum ar fi 1\/16 inch, 1\/8 inch \u0219i 5\/32 inch. Cablul are un num\u0103r mai mare de fire pe toron, ceea ce asigur\u0103 o flexibilitate excelent\u0103 \u0219i rezisten\u021b\u0103 la oboseal\u0103. Vine cu diferite tipuri de miez, cum ar fi miezul din fibr\u0103 (FC), miezul independent al cablului (IWRC) sau miezul toronului de s\u00e2rm\u0103 (WSC), fiecare oferind beneficii unice \u00een func\u021bie de utilizarea prev\u0103zut\u0103.<\/p>","protected":false},"featured_media":8126,"comment_status":"open","ping_status":"closed","template":"","meta":{"site-sidebar-layout":"default","site-content-layout":"","ast-site-content-layout":"default","site-content-style":"default","site-sidebar-style":"default","ast-global-header-display":"","ast-banner-title-visibility":"","ast-main-header-display":"","ast-hfb-above-header-display":"","ast-hfb-below-header-display":"","ast-hfb-mobile-header-display":"","site-post-title":"","ast-breadcrumbs-content":"","ast-featured-img":"","footer-sml-layout":"","theme-transparent-header-meta":"default","adv-header-id-meta":"","stick-header-meta":"default","header-above-stick-meta":"","header-main-stick-meta":"","header-below-stick-meta":"","astra-migrate-meta-layouts":"set","ast-page-background-enabled":"default","ast-page-background-meta":{"desktop":{"background-color":"","background-image":"","background-repeat":"repeat","background-position":"center center","background-size":"auto","background-attachment":"scroll","background-type":"","background-media":"","overlay-type":"","overlay-color":"","overlay-opacity":"","overlay-gradient":""},"tablet":{"background-color":"","background-image":"","background-repeat":"repeat","background-position":"center center","background-size":"auto","background-attachment":"scroll","background-type":"","background-media":"","overlay-type":"","overlay-color":"","overlay-opacity":"","overlay-gradient":""},"mobile":{"background-color":"","background-image":"","background-repeat":"repeat","background-position":"center center","background-size":"auto","background-attachment":"scroll","background-type":"","background-media":"","overlay-type":"","overlay-color":"","overlay-opacity":"","overlay-gradient":""}},"ast-content-background-meta":{"desktop":{"background-color":"var(--ast-global-color-5)","background-image":"","background-repeat":"repeat","background-position":"center center","background-size":"auto","background-attachment":"scroll","background-type":"","background-media":"","overlay-type":"","overlay-color":"","overlay-opacity":"","overlay-gradient":""},"tablet":{"background-color":"var(--ast-global-color-5)","background-image":"","background-repeat":"repeat","background-position":"center center","background-size":"auto","background-attachment":"scroll","background-type":"","background-media":"","overlay-type":"","overlay-color":"","overlay-opacity":"","overlay-gradient":""},"mobile":{"background-color":"var(--ast-global-color-5)","background-image":"","background-repeat":"repeat","background-position":"center center","background-size":"auto","background-attachment":"scroll","background-type":"","background-media":"","overlay-type":"","overlay-color":"","overlay-opacity":"","overlay-gradient":""}}},"product_brand":[],"product_cat":[37],"product_tag":[89],"class_list":{"0":"post-8125","1":"product","2":"type-product","3":"status-publish","4":"has-post-thumbnail","6":"product_cat-wire-rope","7":"product_tag-wire-rope","8":"desktop-align-left","9":"tablet-align-left","10":"mobile-align-left","11":"ast-product-gallery-layout-horizontal-slider","12":"ast-product-gallery-with-no-image","13":"ast-product-tabs-layout-horizontal","15":"first","16":"instock","17":"shipping-taxable","18":"purchasable","19":"product-type-simple"},"yoast_head":"<!-- This site is optimized with the Yoast SEO plugin v25.2 - https:\/\/yoast.com\/wordpress\/plugins\/seo\/ -->\n<title>6x37 Wire Rope<\/title>\n<meta name=\"description\" content=\"6X37 wire rope is a flexible, multi-strand wire rope commonly used in various industrial and commercial applications.\" \/>\n<meta name=\"robots\" content=\"index, follow, max-snippet:-1, max-image-preview:large, max-video-preview:-1\" \/>\n<link rel=\"canonical\" href=\"https:\/\/qingdaohf.com\/ro\/produs\/cablu-de-sarma-6x37\/\" \/>\n<meta property=\"og:locale\" content=\"ro_RO\" \/>\n<meta property=\"og:type\" content=\"article\" \/>\n<meta property=\"og:title\" content=\"6x37 Wire Rope\" \/>\n<meta property=\"og:description\" content=\"6X37 wire rope is a flexible, multi-strand wire rope commonly used in various industrial and commercial applications.\" \/>\n<meta property=\"og:url\" content=\"https:\/\/qingdaohf.com\/ro\/produs\/cablu-de-sarma-6x37\/\" \/>\n<meta property=\"og:site_name\" content=\"Concrete Form &amp; Rigging Hardware Supplier\" \/>\n<meta property=\"article:publisher\" content=\"https:\/\/www.facebook.com\/qingdaohf\" \/>\n<meta property=\"article:modified_time\" content=\"2025-11-13T01:02:55+00:00\" \/>\n<meta property=\"og:image\" content=\"https:\/\/qingdaohf.com\/wp-content\/uploads\/2024\/10\/6x37-FC-WIRE-ROPE.webp\" \/>\n\t<meta property=\"og:image:width\" content=\"744\" \/>\n\t<meta property=\"og:image:height\" content=\"744\" \/>\n\t<meta property=\"og:image:type\" content=\"image\/webp\" \/>\n<meta name=\"twitter:card\" content=\"summary_large_image\" \/>\n<meta name=\"twitter:label1\" content=\"Timp estimat pentru citire\" \/>\n\t<meta name=\"twitter:data1\" content=\"6 minute\" \/>\n<script type=\"application\/ld+json\" class=\"yoast-schema-graph\">{\"@context\":\"https:\/\/schema.org\",\"@graph\":[{\"@type\":\"WebPage\",\"@id\":\"https:\/\/qingdaohf.com\/product\/6x37-wire-rope\/\",\"url\":\"https:\/\/qingdaohf.com\/product\/6x37-wire-rope\/\",\"name\":\"6x37 Wire Rope\",\"isPartOf\":{\"@id\":\"https:\/\/qingdaohf.com\/bg\/#website\"},\"primaryImageOfPage\":{\"@id\":\"https:\/\/qingdaohf.com\/product\/6x37-wire-rope\/#primaryimage\"},\"image\":{\"@id\":\"https:\/\/qingdaohf.com\/product\/6x37-wire-rope\/#primaryimage\"},\"thumbnailUrl\":\"https:\/\/qingdaohf.com\/wp-content\/uploads\/2024\/10\/6x37-FC-WIRE-ROPE.webp\",\"datePublished\":\"2024-10-24T09:39:48+00:00\",\"dateModified\":\"2025-11-13T01:02:55+00:00\",\"description\":\"6X37 wire rope is a flexible, multi-strand wire rope commonly used in various industrial and commercial applications.\",\"breadcrumb\":{\"@id\":\"https:\/\/qingdaohf.com\/product\/6x37-wire-rope\/#breadcrumb\"},\"inLanguage\":\"ro-RO\",\"potentialAction\":[{\"@type\":\"ReadAction\",\"target\":[\"https:\/\/qingdaohf.com\/product\/6x37-wire-rope\/\"]}]},{\"@type\":\"ImageObject\",\"inLanguage\":\"ro-RO\",\"@id\":\"https:\/\/qingdaohf.com\/product\/6x37-wire-rope\/#primaryimage\",\"url\":\"https:\/\/qingdaohf.com\/wp-content\/uploads\/2024\/10\/6x37-FC-WIRE-ROPE.webp\",\"contentUrl\":\"https:\/\/qingdaohf.com\/wp-content\/uploads\/2024\/10\/6x37-FC-WIRE-ROPE.webp\",\"width\":744,\"height\":744,\"caption\":\"6x37 FC WIRE ROPE\"},{\"@type\":\"BreadcrumbList\",\"@id\":\"https:\/\/qingdaohf.com\/product\/6x37-wire-rope\/#breadcrumb\",\"itemListElement\":[{\"@type\":\"ListItem\",\"position\":1,\"name\":\"Home\",\"item\":\"https:\/\/qingdaohf.com\/\"},{\"@type\":\"ListItem\",\"position\":2,\"name\":\"Concrete Forming Accessories and Rigging Hardware\",\"item\":\"https:\/\/qingdaohf.com\/bg\/?page_id=944\"},{\"@type\":\"ListItem\",\"position\":3,\"name\":\"6&#215;37 Wire Rope\"}]},{\"@type\":\"WebSite\",\"@id\":\"https:\/\/qingdaohf.com\/bg\/#website\",\"url\":\"https:\/\/qingdaohf.com\/bg\/\",\"name\":\"Concrete Form & Rigging Hardware Supplier\",\"description\":\"\",\"publisher\":{\"@id\":\"https:\/\/qingdaohf.com\/bg\/#organization\"},\"potentialAction\":[{\"@type\":\"SearchAction\",\"target\":{\"@type\":\"EntryPoint\",\"urlTemplate\":\"https:\/\/qingdaohf.com\/bg\/?s={search_term_string}\"},\"query-input\":{\"@type\":\"PropertyValueSpecification\",\"valueRequired\":true,\"valueName\":\"search_term_string\"}}],\"inLanguage\":\"ro-RO\"},{\"@type\":\"Organization\",\"@id\":\"https:\/\/qingdaohf.com\/bg\/#organization\",\"name\":\"Qingdao H&F\",\"url\":\"https:\/\/qingdaohf.com\/bg\/\",\"logo\":{\"@type\":\"ImageObject\",\"inLanguage\":\"ro-RO\",\"@id\":\"https:\/\/qingdaohf.com\/bg\/#\/schema\/logo\/image\/\",\"url\":\"https:\/\/qingdaohf.com\/wp-content\/uploads\/2022\/12\/cropped-HF-LOGO.png\",\"contentUrl\":\"https:\/\/qingdaohf.com\/wp-content\/uploads\/2022\/12\/cropped-HF-LOGO.png\",\"width\":391,\"height\":249,\"caption\":\"Qingdao H&F\"},\"image\":{\"@id\":\"https:\/\/qingdaohf.com\/bg\/#\/schema\/logo\/image\/\"},\"sameAs\":[\"https:\/\/www.facebook.com\/qingdaohf\"]}]}<\/script>\n<!-- \/ Yoast SEO plugin. -->","yoast_head_json":{"title":"6x37 Wire Rope","description":"6X37 wire rope is a flexible, multi-strand wire rope commonly used in various industrial and commercial applications.","robots":{"index":"index","follow":"follow","max-snippet":"max-snippet:-1","max-image-preview":"max-image-preview:large","max-video-preview":"max-video-preview:-1"},"canonical":"https:\/\/qingdaohf.com\/ro\/produs\/cablu-de-sarma-6x37\/","og_locale":"ro_RO","og_type":"article","og_title":"6x37 Wire Rope","og_description":"6X37 wire rope is a flexible, multi-strand wire rope commonly used in various industrial and commercial applications.","og_url":"https:\/\/qingdaohf.com\/ro\/produs\/cablu-de-sarma-6x37\/","og_site_name":"Concrete Form &amp; Rigging Hardware Supplier","article_publisher":"https:\/\/www.facebook.com\/qingdaohf","article_modified_time":"2025-11-13T01:02:55+00:00","og_image":[{"width":744,"height":744,"url":"https:\/\/qingdaohf.com\/wp-content\/uploads\/2024\/10\/6x37-FC-WIRE-ROPE.webp","type":"image\/webp"}],"twitter_card":"summary_large_image","twitter_misc":{"Timp estimat pentru citire":"6 minute"},"schema":{"@context":"https:\/\/schema.org","@graph":[{"@type":"WebPage","@id":"https:\/\/qingdaohf.com\/product\/6x37-wire-rope\/","url":"https:\/\/qingdaohf.com\/product\/6x37-wire-rope\/","name":"6x37 Wire Rope","isPartOf":{"@id":"https:\/\/qingdaohf.com\/bg\/#website"},"primaryImageOfPage":{"@id":"https:\/\/qingdaohf.com\/product\/6x37-wire-rope\/#primaryimage"},"image":{"@id":"https:\/\/qingdaohf.com\/product\/6x37-wire-rope\/#primaryimage"},"thumbnailUrl":"https:\/\/qingdaohf.com\/wp-content\/uploads\/2024\/10\/6x37-FC-WIRE-ROPE.webp","datePublished":"2024-10-24T09:39:48+00:00","dateModified":"2025-11-13T01:02:55+00:00","description":"6X37 wire rope is a flexible, multi-strand wire rope commonly used in various industrial and commercial applications.","breadcrumb":{"@id":"https:\/\/qingdaohf.com\/product\/6x37-wire-rope\/#breadcrumb"},"inLanguage":"ro-RO","potentialAction":[{"@type":"ReadAction","target":["https:\/\/qingdaohf.com\/product\/6x37-wire-rope\/"]}]},{"@type":"ImageObject","inLanguage":"ro-RO","@id":"https:\/\/qingdaohf.com\/product\/6x37-wire-rope\/#primaryimage","url":"https:\/\/qingdaohf.com\/wp-content\/uploads\/2024\/10\/6x37-FC-WIRE-ROPE.webp","contentUrl":"https:\/\/qingdaohf.com\/wp-content\/uploads\/2024\/10\/6x37-FC-WIRE-ROPE.webp","width":744,"height":744,"caption":"6x37 FC WIRE ROPE"},{"@type":"BreadcrumbList","@id":"https:\/\/qingdaohf.com\/product\/6x37-wire-rope\/#breadcrumb","itemListElement":[{"@type":"ListItem","position":1,"name":"Home","item":"https:\/\/qingdaohf.com\/"},{"@type":"ListItem","position":2,"name":"Concrete Forming Accessories and Rigging Hardware","item":"https:\/\/qingdaohf.com\/bg\/?page_id=944"},{"@type":"ListItem","position":3,"name":"6&#215;37 Wire Rope"}]},{"@type":"WebSite","@id":"https:\/\/qingdaohf.com\/bg\/#website","url":"https:\/\/qingdaohf.com\/bg\/","name":"Concrete Form & Rigging Hardware Supplier","description":"","publisher":{"@id":"https:\/\/qingdaohf.com\/bg\/#organization"},"potentialAction":[{"@type":"SearchAction","target":{"@type":"EntryPoint","urlTemplate":"https:\/\/qingdaohf.com\/bg\/?s={search_term_string}"},"query-input":{"@type":"PropertyValueSpecification","valueRequired":true,"valueName":"search_term_string"}}],"inLanguage":"ro-RO"},{"@type":"Organization","@id":"https:\/\/qingdaohf.com\/bg\/#organization","name":"Qingdao H&F","url":"https:\/\/qingdaohf.com\/bg\/","logo":{"@type":"ImageObject","inLanguage":"ro-RO","@id":"https:\/\/qingdaohf.com\/bg\/#\/schema\/logo\/image\/","url":"https:\/\/qingdaohf.com\/wp-content\/uploads\/2022\/12\/cropped-HF-LOGO.png","contentUrl":"https:\/\/qingdaohf.com\/wp-content\/uploads\/2022\/12\/cropped-HF-LOGO.png","width":391,"height":249,"caption":"Qingdao H&F"},"image":{"@id":"https:\/\/qingdaohf.com\/bg\/#\/schema\/logo\/image\/"},"sameAs":["https:\/\/www.facebook.com\/qingdaohf"]}]}},"_links":{"self":[{"href":"https:\/\/qingdaohf.com\/ro\/wp-json\/wp\/v2\/product\/8125","targetHints":{"allow":["GET"]}}],"collection":[{"href":"https:\/\/qingdaohf.com\/ro\/wp-json\/wp\/v2\/product"}],"about":[{"href":"https:\/\/qingdaohf.com\/ro\/wp-json\/wp\/v2\/types\/product"}],"replies":[{"embeddable":true,"href":"https:\/\/qingdaohf.com\/ro\/wp-json\/wp\/v2\/comments?post=8125"}],"version-history":[{"count":4,"href":"https:\/\/qingdaohf.com\/ro\/wp-json\/wp\/v2\/product\/8125\/revisions"}],"predecessor-version":[{"id":8131,"href":"https:\/\/qingdaohf.com\/ro\/wp-json\/wp\/v2\/product\/8125\/revisions\/8131"}],"wp:featuredmedia":[{"embeddable":true,"href":"https:\/\/qingdaohf.com\/ro\/wp-json\/wp\/v2\/media\/8126"}],"wp:attachment":[{"href":"https:\/\/qingdaohf.com\/ro\/wp-json\/wp\/v2\/media?parent=8125"}],"wp:term":[{"taxonomy":"product_brand","embeddable":true,"href":"https:\/\/qingdaohf.com\/ro\/wp-json\/wp\/v2\/product_brand?post=8125"},{"taxonomy":"product_cat","embeddable":true,"href":"https:\/\/qingdaohf.com\/ro\/wp-json\/wp\/v2\/product_cat?post=8125"},{"taxonomy":"product_tag","embeddable":true,"href":"https:\/\/qingdaohf.com\/ro\/wp-json\/wp\/v2\/product_tag?post=8125"}],"curies":[{"name":"wp","href":"https:\/\/api.w.org\/{rel}","templated":true}]}}