{"id":8181,"date":"2024-10-29T16:52:37","date_gmt":"2024-10-29T08:52:37","guid":{"rendered":"http:\/\/qingdaohf.com\/?post_type=product&#038;p=8181"},"modified":"2025-11-13T09:02:54","modified_gmt":"2025-11-13T01:02:54","slug":"stud-link-chain","status":"publish","type":"product","link":"https:\/\/qingdaohf.com\/ro\/produs\/lant-de-legatura-cu-stifturi\/","title":{"rendered":"Lan\u021b de ancorare Stud Link"},"content":{"rendered":"<p><img fetchpriority=\"high\" decoding=\"async\" class=\"alignnone size-full wp-image-8170\" src=\"http:\/\/qingdaohf.com\/wp-content\/uploads\/2024\/10\/stud-link-anchor-chain_2.webp\" alt=\"lan\u021b de ancorare\" width=\"842\" height=\"1091\" srcset=\"https:\/\/qingdaohf.com\/wp-content\/uploads\/2024\/10\/stud-link-anchor-chain_2.webp 842w, https:\/\/qingdaohf.com\/wp-content\/uploads\/2024\/10\/stud-link-anchor-chain_2-232x300.webp 232w, https:\/\/qingdaohf.com\/wp-content\/uploads\/2024\/10\/stud-link-anchor-chain_2-790x1024.webp 790w, https:\/\/qingdaohf.com\/wp-content\/uploads\/2024\/10\/stud-link-anchor-chain_2-768x995.webp 768w, https:\/\/qingdaohf.com\/wp-content\/uploads\/2024\/10\/stud-link-anchor-chain_2-9x12.webp 9w\" sizes=\"(max-width: 842px) 100vw, 842px\" \/><\/p>\n<p>\u00cen mediile industriale, maritime \u0219i offshore, lan\u021burile cu verigi cu \u0219tifturi sunt de \u00eencredere pentru durabilitatea \u0219i capacit\u0103\u021bile lor de manipulare a sarcinii, ceea ce le face ideale pentru ancorare, acostare \u0219i diverse aplica\u021bii de ridicare a greut\u0103\u021bilor. Aceste lan\u021buri constau \u00een verigi interconectate cu \u0219tifturi pozi\u021bionate \u00een interiorul fiec\u0103rei verigi, ad\u0103ug\u00e2nd stabilitate structural\u0103 care ajut\u0103 la prevenirea deform\u0103rii \u00een condi\u021bii de tensiune semnificativ\u0103. Atunci c\u00e2nd aleg un lan\u021b, cump\u0103r\u0103torii trebuie s\u0103 se concentreze pe specifica\u021bii precum diametrul, sarcina de rezisten\u021b\u0103 \u0219i calitatea general\u0103 a materialului, deoarece ace\u0219ti factori au un impact direct asupra siguran\u021bei \u0219i performan\u021bei.<\/p>\n<p>Importan\u021ba alegerii lan\u021bului cu verigi de prindere potrivit dep\u0103\u0219e\u0219te aplicarea general\u0103; specifica\u021biile fiec\u0103rui lan\u021b trebuie s\u0103 se alinieze la cerin\u021bele industriei \u0219i la condi\u021biile de \u00eenc\u0103rcare preconizate. De exemplu, diametrul verigilor lan\u021bului, de obicei disponibil \u00een dimensiuni \u00een inch, joac\u0103 un rol crucial \u00een determinarea rezisten\u021bei lan\u021bului \u0219i a adecv\u0103rii acestuia pentru diferite utiliz\u0103ri. Lan\u021burile care \u00eendeplinesc standardele interna\u021bionale, cum ar fi ISO 1704 \u0219i reglement\u0103rile IACS, ofer\u0103 cump\u0103r\u0103torilor garan\u021bia c\u0103 aceste produse au fost testate riguros pentru calitate \u0219i rezisten\u021b\u0103. La Qingdao H&amp;F, recunoa\u0219tem nevoia at\u00e2t de produse de \u00eenalt\u0103 performan\u021b\u0103, c\u00e2t \u0219i de servicii de \u00eencredere, motiv pentru care \u00eenso\u021bim fiecare lan\u021b cu rapoarte detaliate de inspec\u021bie a calit\u0103\u021bii, inclusiv sarcina de \u00eencercare, sarcina de rupere \u0219i compozi\u021bia materialului. Concentr\u00e2ndu-ne pe siguran\u021b\u0103 \u0219i eficien\u021b\u0103, lan\u021burile noastre Stud Link Chains ofer\u0103 \u00eencrederea necesar\u0103 pentru securitatea opera\u021bional\u0103 \u00een medii dificile.<\/p>\n<h3><strong>Rezisten\u021ba \u0219i durabilitatea lan\u021burilor cu verigi de fixare<\/strong><\/h3>\n<p>Lan\u021burile cu verigi cu \u0219tifturi sunt fabricate din o\u021bel de \u00eenalt\u0103 calitate, ceea ce le confer\u0103 o rezisten\u021b\u0103 excep\u021bional\u0103 la trac\u021biune \u0219i la coroziune - dou\u0103 caracteristici esen\u021biale \u00een aplica\u021biile maritime \u0219i industriale grele. Cuiul prezent \u00een fiecare verig\u0103 previne deformarea lan\u021bului prin men\u021binerea formei generale a lan\u021bului, chiar \u0219i sub greutatea sarcinilor grele. Aceast\u0103 caracteristic\u0103 de proiectare contribuie, de asemenea, la atenuarea tensiunii de \u00eendoire, o problem\u0103 frecvent\u0103 \u00een aplica\u021biile cu solicit\u0103ri ridicate, prelungind astfel durata de via\u021b\u0103 a lan\u021bului.<\/p>\n<p>Fiecare verig\u0103 este construit\u0103 cu grij\u0103 pentru a suporta sarcini f\u0103r\u0103 a ceda \u00een urma deform\u0103rii sau a oboselii, ceea ce face ca lan\u021burile cu verig\u0103 Stud s\u0103 fie deosebit de valoroase \u00een aplica\u021biile offshore, unde stabilitatea \u0219i rezisten\u021ba sunt cruciale. Lan\u021burile cu diametre mai mari ofer\u0103 sarcini de rezisten\u021b\u0103 mai mari, ceea ce \u00eenseamn\u0103 c\u0103 pot suporta o greutate semnificativ\u0103 f\u0103r\u0103 s\u0103 cedeze, ceea ce le face ideale pentru sistemele de ancorare \u0219i lan\u021burile de ancor\u0103.<\/p>\n<p>La Qingdao H&amp;F, angajamentul nostru fa\u021b\u0103 de calitate include un proces de testare riguros, \u00een cadrul c\u0103ruia lan\u021burile sunt supuse unor evalu\u0103ri ale sarcinii de prob\u0103 \u0219i ale rezisten\u021bei la trac\u021biune \u00eenainte de expediere. Aceast\u0103 practic\u0103 garanteaz\u0103 c\u0103 fiecare produs \u00eendepline\u0219te cerin\u021bele \u0219i rezist\u0103 condi\u021biilor dificile de utilizare industrial\u0103. Abordarea noastr\u0103 personalizat\u0103 a serviciilor pentru clien\u021bi \u00eenseamn\u0103, de asemenea, c\u0103 cump\u0103r\u0103torii primesc \u00eendrumare de specialitate \u00een ceea ce prive\u0219te selectarea dimensiunii \u0219i specifica\u021biilor adecvate ale lan\u021bului \u00een func\u021bie de nevoile specifice, asigur\u00e2nd c\u0103 fiecare achizi\u021bie este una informat\u0103.<\/p>\n<h3><strong>Aplica\u021bii \u0219i considera\u021bii ale cump\u0103r\u0103torului pentru lan\u021burile cu lan\u021buri cu verigi de fixare<\/strong><\/h3>\n<p>Lan\u021burile Stud Link sunt cel mai frecvent utilizate \u00een aplica\u021bii maritime, \u00een special ca lan\u021buri de ancor\u0103 \u0219i de acostare, datorit\u0103 capacit\u0103\u021bii lor de a rezista expunerii prelungite la apa de mare \u0219i manipul\u0103rii dure. Pe l\u00e2ng\u0103 utiliz\u0103rile maritime, aceste lan\u021buri \u00ee\u0219i g\u0103sesc aplica\u021bii \u0219i \u00een construc\u021bii, minerit \u0219i utilaje industriale, unde sarcinile grele trebuie s\u0103 fie fixate \u0219i gestionate cu cea mai mare fiabilitate. Cu toate acestea, alegerea diametrului lan\u021bului, a designului \u0219tiftului \u0219i a materialelor devine crucial\u0103 pentru \u00eendeplinirea cerin\u021belor specifice fiec\u0103rei industrii.<\/p>\n<p>Atunci c\u00e2nd selecteaz\u0103 lan\u021burile Stud Link, cump\u0103r\u0103torii acord\u0103 prioritate mai multor atribute legate de performan\u021b\u0103. \u00cen primul r\u00e2nd, rezisten\u021ba materialului: o\u021belul cu rezisten\u021b\u0103 ridicat\u0103 la trac\u021biune ofer\u0103 durabilitatea necesar\u0103 pentru aplica\u021biile marine, \u00een timp ce o\u021belul aliat poate fi preferat pentru raportul \u00eembun\u0103t\u0103\u021bit rezisten\u021b\u0103\/greutate \u00een construc\u021bie. \u00cen al doilea r\u00e2nd, rezisten\u021ba la coroziune devine esen\u021bial\u0103 \u00een mediile cu ap\u0103 s\u0103rat\u0103, deoarece orice compromis \u00een ceea ce prive\u0219te calitatea materialului ar putea duce la degradarea timpurie a lan\u021bului \u0219i la riscuri de siguran\u021b\u0103. De asemenea, cump\u0103r\u0103torii ar trebui s\u0103 ia \u00een considerare capacitatea de \u00eenc\u0103rcare a lan\u021bului pentru a se asigura c\u0103 acesta poate suporta sarcinile specifice de greutate prev\u0103zute \u00een opera\u021biunile lor.<\/p>\n<p>La Qingdao H&amp;F, ciclurile noastre rapide de livrare permit \u00eentreprinderilor s\u0103 men\u021bin\u0103 opera\u021biuni ne\u00eentrerupte, f\u0103r\u0103 timpi mor\u021bi excesivi. \u00cen plus, oferim rapoarte de inspec\u021bie detaliate, oferind clien\u021bilor no\u0219tri o imagine clar\u0103 a parametrilor de calitate ai fiec\u0103rui lan\u021b \u00eenainte de expediere. Cu acest nivel de transparen\u021b\u0103, cump\u0103r\u0103torii pot avea \u00eencredere c\u0103 lan\u021burile noastre \u00eendeplinesc nu numai standardele industriei, ci \u0219i cerin\u021bele unice ale fiec\u0103rei aplica\u021bii, fie c\u0103 este vorba de platforme offshore, ridicare industrial\u0103 sau opera\u021biuni portuare.<\/p>\n<h3><strong>Concluzie: De ce s\u0103 alege\u021bi lan\u021burile Qingdao H&amp;F's Stud Link<\/strong><\/h3>\n<p>Selectarea unui lan\u021b cu verig\u0103 este o decizie \u00eenr\u0103d\u0103cinat\u0103 \u00een siguran\u021b\u0103 \u0219i func\u021bionalitate, deoarece aceste lan\u021buri trebuie s\u0103 reziste la sarcini extreme \u0219i medii dificile. La Qingdao H&amp;F, mergem dincolo de simpla furnizare de lan\u021buri de \u00eenalt\u0103 calitate, oferind o experien\u021b\u0103 de servicii cuprinz\u0103toare care include consiliere de specialitate, livrare rapid\u0103 \u0219i transparen\u021ba produselor prin rapoarte de inspec\u021bie. Fiecare dintre lan\u021burile noastre \u00eendepline\u0219te standarde de testare riguroase, asigur\u00e2ndu-i pe cump\u0103r\u0103torii no\u0219tri de calitate \u0219i durabilitate cu fiecare achizi\u021bie.<\/p>\n<p>Angajamentul nostru fa\u021b\u0103 de serviciile personalizate pentru clien\u021bi \u00eenseamn\u0103 c\u0103 sprijinim clien\u021bii \u00een fiecare etap\u0103, de la selectarea produsului la solicit\u0103rile post-v\u00e2nzare, asigur\u00e2nd cea mai bun\u0103 experien\u021b\u0103 de cump\u0103rare posibil\u0103. Fie c\u0103 sunt utilizate \u00een contexte maritime, \u00een ridic\u0103ri industriale sau \u00een alte medii cu \u00eenc\u0103rc\u0103tur\u0103 mare, lan\u021burile Qingdao H&amp;F Stud Link Chains ofer\u0103 nu numai calitate, ci \u0219i fiabilitatea \u0219i suportul de care fiecare afacere are nevoie pentru a reu\u0219i.<\/p>","protected":false},"excerpt":{"rendered":"<p>Un lan\u021b cu verigi cu \u0219tifturi ofer\u0103 rezisten\u021b\u0103 \u0219i stabilitate robuste, fiind ideal pentru aplica\u021bii grele \u00een care durabilitatea \u0219i fiabilitatea sunt primordiale. Cump\u0103r\u0103torii prioritizeaz\u0103 adesea factori precum calitatea materialului, capacitatea de \u00eenc\u0103rcare \u0219i rezisten\u021ba la medii dificile atunci c\u00e2nd selecteaz\u0103 un lan\u021b de leg\u0103tur\u0103 cu \u0219tifturi. La Qingdao H&amp;F, acord\u0103m prioritate acestor nevoi, asigur\u00e2ndu-ne c\u0103 fiecare lan\u021b \u00eendepline\u0219te standarde de calitate stricte \u0219i furniz\u00e2nd rapoarte de inspec\u021bie detaliate, inclusiv date privind sarcina de prob\u0103 \u0219i rezisten\u021ba la trac\u021biune. Datorit\u0103 abord\u0103rii noastre individuale a serviciilor pentru clien\u021bi \u0219i a ciclului eficient de livrare, oferim nu doar produse, ci \u0219i solu\u021bii fiabile care permit o func\u021bionare mai u\u0219oar\u0103 \u0219i mai sigur\u0103 pentru afacerea dumneavoastr\u0103.<\/p>","protected":false},"featured_media":4678,"comment_status":"open","ping_status":"closed","template":"","meta":{"site-sidebar-layout":"default","site-content-layout":"","ast-site-content-layout":"default","site-content-style":"default","site-sidebar-style":"default","ast-global-header-display":"","ast-banner-title-visibility":"","ast-main-header-display":"","ast-hfb-above-header-display":"","ast-hfb-below-header-display":"","ast-hfb-mobile-header-display":"","site-post-title":"","ast-breadcrumbs-content":"","ast-featured-img":"","footer-sml-layout":"","theme-transparent-header-meta":"default","adv-header-id-meta":"","stick-header-meta":"default","header-above-stick-meta":"","header-main-stick-meta":"","header-below-stick-meta":"","astra-migrate-meta-layouts":"set","ast-page-background-enabled":"default","ast-page-background-meta":{"desktop":{"background-color":"","background-image":"","background-repeat":"repeat","background-position":"center center","background-size":"auto","background-attachment":"scroll","background-type":"","background-media":"","overlay-type":"","overlay-color":"","overlay-opacity":"","overlay-gradient":""},"tablet":{"background-color":"","background-image":"","background-repeat":"repeat","background-position":"center center","background-size":"auto","background-attachment":"scroll","background-type":"","background-media":"","overlay-type":"","overlay-color":"","overlay-opacity":"","overlay-gradient":""},"mobile":{"background-color":"","background-image":"","background-repeat":"repeat","background-position":"center center","background-size":"auto","background-attachment":"scroll","background-type":"","background-media":"","overlay-type":"","overlay-color":"","overlay-opacity":"","overlay-gradient":""}},"ast-content-background-meta":{"desktop":{"background-color":"var(--ast-global-color-5)","background-image":"","background-repeat":"repeat","background-position":"center center","background-size":"auto","background-attachment":"scroll","background-type":"","background-media":"","overlay-type":"","overlay-color":"","overlay-opacity":"","overlay-gradient":""},"tablet":{"background-color":"var(--ast-global-color-5)","background-image":"","background-repeat":"repeat","background-position":"center center","background-size":"auto","background-attachment":"scroll","background-type":"","background-media":"","overlay-type":"","overlay-color":"","overlay-opacity":"","overlay-gradient":""},"mobile":{"background-color":"var(--ast-global-color-5)","background-image":"","background-repeat":"repeat","background-position":"center center","background-size":"auto","background-attachment":"scroll","background-type":"","background-media":"","overlay-type":"","overlay-color":"","overlay-opacity":"","overlay-gradient":""}}},"product_brand":[],"product_cat":[38],"product_tag":[],"class_list":{"0":"post-8181","1":"product","2":"type-product","3":"status-publish","4":"has-post-thumbnail","6":"product_cat-chain","7":"desktop-align-left","8":"tablet-align-left","9":"mobile-align-left","10":"ast-product-gallery-layout-horizontal-slider","11":"ast-product-tabs-layout-horizontal","13":"first","14":"instock","15":"shipping-taxable","16":"purchasable","17":"product-type-simple"},"yoast_head":"<!-- This site is optimized with the Yoast SEO plugin v25.2 - https:\/\/yoast.com\/wordpress\/plugins\/seo\/ -->\n<title>Stud Link Anchor Chain<\/title>\n<meta name=\"robots\" content=\"index, follow, max-snippet:-1, max-image-preview:large, max-video-preview:-1\" \/>\n<link rel=\"canonical\" href=\"https:\/\/qingdaohf.com\/ro\/produs\/lant-de-legatura-cu-stifturi\/\" \/>\n<meta property=\"og:locale\" content=\"ro_RO\" \/>\n<meta property=\"og:type\" content=\"article\" \/>\n<meta property=\"og:title\" content=\"Stud Link Anchor Chain\" \/>\n<meta property=\"og:description\" content=\"A Stud Link Chain offers robust strength and stability, ideal for heavy-duty applications where durability and reliability are paramount. Buyers often prioritize factors like material quality, load-bearing capacity, and resistance to harsh environments when selecting a Stud Link Chain. At Qingdao H&amp;F, we prioritize these needs by ensuring every chain meets stringent quality standards and providing detailed inspection reports, including proof load and tensile strength data. With our one-on-one customer service approach and efficient delivery cycle, we deliver not just products but reliable solutions that enable smoother, safer operations for your business.\" \/>\n<meta property=\"og:url\" content=\"https:\/\/qingdaohf.com\/ro\/produs\/lant-de-legatura-cu-stifturi\/\" \/>\n<meta property=\"og:site_name\" content=\"Concrete Form &amp; Rigging Hardware Supplier\" \/>\n<meta property=\"article:publisher\" content=\"https:\/\/www.facebook.com\/qingdaohf\" \/>\n<meta property=\"article:modified_time\" content=\"2025-11-13T01:02:54+00:00\" \/>\n<meta property=\"og:image\" content=\"https:\/\/qingdaohf.com\/wp-content\/uploads\/2023\/04\/Marine-anchor-chain.jpg\" \/>\n\t<meta property=\"og:image:width\" content=\"1000\" \/>\n\t<meta property=\"og:image:height\" content=\"1000\" \/>\n\t<meta property=\"og:image:type\" content=\"image\/jpeg\" \/>\n<meta name=\"twitter:card\" content=\"summary_large_image\" \/>\n<meta name=\"twitter:label1\" content=\"Timp estimat pentru citire\" \/>\n\t<meta name=\"twitter:data1\" content=\"4 minute\" \/>\n<script type=\"application\/ld+json\" class=\"yoast-schema-graph\">{\"@context\":\"https:\/\/schema.org\",\"@graph\":[{\"@type\":\"WebPage\",\"@id\":\"https:\/\/qingdaohf.com\/product\/stud-link-chain\/\",\"url\":\"https:\/\/qingdaohf.com\/product\/stud-link-chain\/\",\"name\":\"Stud Link Anchor Chain\",\"isPartOf\":{\"@id\":\"https:\/\/qingdaohf.com\/bg\/#website\"},\"primaryImageOfPage\":{\"@id\":\"https:\/\/qingdaohf.com\/product\/stud-link-chain\/#primaryimage\"},\"image\":{\"@id\":\"https:\/\/qingdaohf.com\/product\/stud-link-chain\/#primaryimage\"},\"thumbnailUrl\":\"https:\/\/qingdaohf.com\/wp-content\/uploads\/2023\/04\/Marine-anchor-chain.jpg\",\"datePublished\":\"2024-10-29T08:52:37+00:00\",\"dateModified\":\"2025-11-13T01:02:54+00:00\",\"breadcrumb\":{\"@id\":\"https:\/\/qingdaohf.com\/product\/stud-link-chain\/#breadcrumb\"},\"inLanguage\":\"ro-RO\",\"potentialAction\":[{\"@type\":\"ReadAction\",\"target\":[\"https:\/\/qingdaohf.com\/product\/stud-link-chain\/\"]}]},{\"@type\":\"ImageObject\",\"inLanguage\":\"ro-RO\",\"@id\":\"https:\/\/qingdaohf.com\/product\/stud-link-chain\/#primaryimage\",\"url\":\"https:\/\/qingdaohf.com\/wp-content\/uploads\/2023\/04\/Marine-anchor-chain.jpg\",\"contentUrl\":\"https:\/\/qingdaohf.com\/wp-content\/uploads\/2023\/04\/Marine-anchor-chain.jpg\",\"width\":1000,\"height\":1000,\"caption\":\"Marine anchor chain\"},{\"@type\":\"BreadcrumbList\",\"@id\":\"https:\/\/qingdaohf.com\/product\/stud-link-chain\/#breadcrumb\",\"itemListElement\":[{\"@type\":\"ListItem\",\"position\":1,\"name\":\"Home\",\"item\":\"https:\/\/qingdaohf.com\/\"},{\"@type\":\"ListItem\",\"position\":2,\"name\":\"Concrete Forming Accessories and Rigging Hardware\",\"item\":\"https:\/\/qingdaohf.com\/bg\/?page_id=944\"},{\"@type\":\"ListItem\",\"position\":3,\"name\":\"Stud Link Anchor Chain\"}]},{\"@type\":\"WebSite\",\"@id\":\"https:\/\/qingdaohf.com\/bg\/#website\",\"url\":\"https:\/\/qingdaohf.com\/bg\/\",\"name\":\"Concrete Form & Rigging Hardware Supplier\",\"description\":\"\",\"publisher\":{\"@id\":\"https:\/\/qingdaohf.com\/bg\/#organization\"},\"potentialAction\":[{\"@type\":\"SearchAction\",\"target\":{\"@type\":\"EntryPoint\",\"urlTemplate\":\"https:\/\/qingdaohf.com\/bg\/?s={search_term_string}\"},\"query-input\":{\"@type\":\"PropertyValueSpecification\",\"valueRequired\":true,\"valueName\":\"search_term_string\"}}],\"inLanguage\":\"ro-RO\"},{\"@type\":\"Organization\",\"@id\":\"https:\/\/qingdaohf.com\/bg\/#organization\",\"name\":\"Qingdao H&F\",\"url\":\"https:\/\/qingdaohf.com\/bg\/\",\"logo\":{\"@type\":\"ImageObject\",\"inLanguage\":\"ro-RO\",\"@id\":\"https:\/\/qingdaohf.com\/bg\/#\/schema\/logo\/image\/\",\"url\":\"https:\/\/qingdaohf.com\/wp-content\/uploads\/2022\/12\/cropped-HF-LOGO.png\",\"contentUrl\":\"https:\/\/qingdaohf.com\/wp-content\/uploads\/2022\/12\/cropped-HF-LOGO.png\",\"width\":391,\"height\":249,\"caption\":\"Qingdao H&F\"},\"image\":{\"@id\":\"https:\/\/qingdaohf.com\/bg\/#\/schema\/logo\/image\/\"},\"sameAs\":[\"https:\/\/www.facebook.com\/qingdaohf\"]}]}<\/script>\n<!-- \/ Yoast SEO plugin. -->","yoast_head_json":{"title":"Stud Link Anchor Chain","robots":{"index":"index","follow":"follow","max-snippet":"max-snippet:-1","max-image-preview":"max-image-preview:large","max-video-preview":"max-video-preview:-1"},"canonical":"https:\/\/qingdaohf.com\/ro\/produs\/lant-de-legatura-cu-stifturi\/","og_locale":"ro_RO","og_type":"article","og_title":"Stud Link Anchor Chain","og_description":"A Stud Link Chain offers robust strength and stability, ideal for heavy-duty applications where durability and reliability are paramount. Buyers often prioritize factors like material quality, load-bearing capacity, and resistance to harsh environments when selecting a Stud Link Chain. At Qingdao H&amp;F, we prioritize these needs by ensuring every chain meets stringent quality standards and providing detailed inspection reports, including proof load and tensile strength data. With our one-on-one customer service approach and efficient delivery cycle, we deliver not just products but reliable solutions that enable smoother, safer operations for your business.","og_url":"https:\/\/qingdaohf.com\/ro\/produs\/lant-de-legatura-cu-stifturi\/","og_site_name":"Concrete Form &amp; Rigging Hardware Supplier","article_publisher":"https:\/\/www.facebook.com\/qingdaohf","article_modified_time":"2025-11-13T01:02:54+00:00","og_image":[{"width":1000,"height":1000,"url":"https:\/\/qingdaohf.com\/wp-content\/uploads\/2023\/04\/Marine-anchor-chain.jpg","type":"image\/jpeg"}],"twitter_card":"summary_large_image","twitter_misc":{"Timp estimat pentru citire":"4 minute"},"schema":{"@context":"https:\/\/schema.org","@graph":[{"@type":"WebPage","@id":"https:\/\/qingdaohf.com\/product\/stud-link-chain\/","url":"https:\/\/qingdaohf.com\/product\/stud-link-chain\/","name":"Stud Link Anchor Chain","isPartOf":{"@id":"https:\/\/qingdaohf.com\/bg\/#website"},"primaryImageOfPage":{"@id":"https:\/\/qingdaohf.com\/product\/stud-link-chain\/#primaryimage"},"image":{"@id":"https:\/\/qingdaohf.com\/product\/stud-link-chain\/#primaryimage"},"thumbnailUrl":"https:\/\/qingdaohf.com\/wp-content\/uploads\/2023\/04\/Marine-anchor-chain.jpg","datePublished":"2024-10-29T08:52:37+00:00","dateModified":"2025-11-13T01:02:54+00:00","breadcrumb":{"@id":"https:\/\/qingdaohf.com\/product\/stud-link-chain\/#breadcrumb"},"inLanguage":"ro-RO","potentialAction":[{"@type":"ReadAction","target":["https:\/\/qingdaohf.com\/product\/stud-link-chain\/"]}]},{"@type":"ImageObject","inLanguage":"ro-RO","@id":"https:\/\/qingdaohf.com\/product\/stud-link-chain\/#primaryimage","url":"https:\/\/qingdaohf.com\/wp-content\/uploads\/2023\/04\/Marine-anchor-chain.jpg","contentUrl":"https:\/\/qingdaohf.com\/wp-content\/uploads\/2023\/04\/Marine-anchor-chain.jpg","width":1000,"height":1000,"caption":"Marine anchor chain"},{"@type":"BreadcrumbList","@id":"https:\/\/qingdaohf.com\/product\/stud-link-chain\/#breadcrumb","itemListElement":[{"@type":"ListItem","position":1,"name":"Home","item":"https:\/\/qingdaohf.com\/"},{"@type":"ListItem","position":2,"name":"Concrete Forming Accessories and Rigging Hardware","item":"https:\/\/qingdaohf.com\/bg\/?page_id=944"},{"@type":"ListItem","position":3,"name":"Stud Link Anchor Chain"}]},{"@type":"WebSite","@id":"https:\/\/qingdaohf.com\/bg\/#website","url":"https:\/\/qingdaohf.com\/bg\/","name":"Concrete Form & Rigging Hardware Supplier","description":"","publisher":{"@id":"https:\/\/qingdaohf.com\/bg\/#organization"},"potentialAction":[{"@type":"SearchAction","target":{"@type":"EntryPoint","urlTemplate":"https:\/\/qingdaohf.com\/bg\/?s={search_term_string}"},"query-input":{"@type":"PropertyValueSpecification","valueRequired":true,"valueName":"search_term_string"}}],"inLanguage":"ro-RO"},{"@type":"Organization","@id":"https:\/\/qingdaohf.com\/bg\/#organization","name":"Qingdao H&F","url":"https:\/\/qingdaohf.com\/bg\/","logo":{"@type":"ImageObject","inLanguage":"ro-RO","@id":"https:\/\/qingdaohf.com\/bg\/#\/schema\/logo\/image\/","url":"https:\/\/qingdaohf.com\/wp-content\/uploads\/2022\/12\/cropped-HF-LOGO.png","contentUrl":"https:\/\/qingdaohf.com\/wp-content\/uploads\/2022\/12\/cropped-HF-LOGO.png","width":391,"height":249,"caption":"Qingdao H&F"},"image":{"@id":"https:\/\/qingdaohf.com\/bg\/#\/schema\/logo\/image\/"},"sameAs":["https:\/\/www.facebook.com\/qingdaohf"]}]}},"_links":{"self":[{"href":"https:\/\/qingdaohf.com\/ro\/wp-json\/wp\/v2\/product\/8181","targetHints":{"allow":["GET"]}}],"collection":[{"href":"https:\/\/qingdaohf.com\/ro\/wp-json\/wp\/v2\/product"}],"about":[{"href":"https:\/\/qingdaohf.com\/ro\/wp-json\/wp\/v2\/types\/product"}],"replies":[{"embeddable":true,"href":"https:\/\/qingdaohf.com\/ro\/wp-json\/wp\/v2\/comments?post=8181"}],"version-history":[{"count":2,"href":"https:\/\/qingdaohf.com\/ro\/wp-json\/wp\/v2\/product\/8181\/revisions"}],"predecessor-version":[{"id":8341,"href":"https:\/\/qingdaohf.com\/ro\/wp-json\/wp\/v2\/product\/8181\/revisions\/8341"}],"wp:featuredmedia":[{"embeddable":true,"href":"https:\/\/qingdaohf.com\/ro\/wp-json\/wp\/v2\/media\/4678"}],"wp:attachment":[{"href":"https:\/\/qingdaohf.com\/ro\/wp-json\/wp\/v2\/media?parent=8181"}],"wp:term":[{"taxonomy":"product_brand","embeddable":true,"href":"https:\/\/qingdaohf.com\/ro\/wp-json\/wp\/v2\/product_brand?post=8181"},{"taxonomy":"product_cat","embeddable":true,"href":"https:\/\/qingdaohf.com\/ro\/wp-json\/wp\/v2\/product_cat?post=8181"},{"taxonomy":"product_tag","embeddable":true,"href":"https:\/\/qingdaohf.com\/ro\/wp-json\/wp\/v2\/product_tag?post=8181"}],"curies":[{"name":"wp","href":"https:\/\/api.w.org\/{rel}","templated":true}]}}