{"id":8189,"date":"2024-11-05T13:59:31","date_gmt":"2024-11-05T05:59:31","guid":{"rendered":"http:\/\/qingdaohf.com\/?post_type=product&#038;p=8189"},"modified":"2025-11-13T09:02:54","modified_gmt":"2025-11-13T01:02:54","slug":"webbing-sling-1-ton","status":"publish","type":"product","link":"https:\/\/qingdaohf.com\/ro\/produs\/chinga-sling-1-ton\/","title":{"rendered":"Flat Webbing Sling 1 ton poliester dublu duplex"},"content":{"rendered":"<h3><strong>Sling fiabil \u0219i versatil cu band\u0103 de 1 ton pentru ridicare sigur\u0103 \u0219i eficient\u0103<\/strong><\/h3>\n<p>Slingurile cu chingi sunt indispensabile \u00een industriile care se bazeaz\u0103 pe ridicarea \u0219i manipularea materialelor. Printre acestea, slingul cu chingi de 1 ton\u0103 este foarte apreciat pentru capacitatea sa de a manipula sarcini moderate \u00een siguran\u021b\u0103 \u0219i eficient. Construit din fibre sintetice de \u00eenalt\u0103 calitate, acest tip de sling este apreciat \u00een special pentru combina\u021bia sa de rezisten\u021b\u0103, durabilitate \u0219i adaptabilitate. De la \u0219antierele de construc\u021bii la depozite, slingul cu band\u0103 de 1 ton\u0103 \u00eendepline\u0219te cu u\u0219urin\u021b\u0103 \u0219i fiabilitate o varietate de cerin\u021be de ridicare.<\/p>\n<p>Designul unei slinguri cu ching\u0103 de 1 ton\u0103 este optimizat \u00een mod specific pentru a echilibra rezisten\u021ba la \u00eenc\u0103rcare cu flexibilitatea. Acest echilibru \u00eei permite s\u0103 fixeze \u00eenc\u0103rc\u0103turile \u00een siguran\u021b\u0103, chiar \u0219i \u00een condi\u021bii dificile. Considerente cheie precum rezisten\u021ba la rupere, alungirea sub sarcin\u0103 \u0219i rezisten\u021ba la UV fac parte integrant\u0103 din fabricarea acestor cabluri de legare, abord\u00e2nd at\u00e2t performan\u021ba, c\u00e2t \u0219i longevitatea pe care cump\u0103r\u0103torii le caut\u0103 \u00een echipamentele de ridicare. \u00cen plus, materialele sunt alese pentru a rezista la uzur\u0103 \u0219i abraziune, esen\u021biale pentru utilizarea repetat\u0103 \u0219i asigurarea siguran\u021bei.<\/p>\n<p>Qingdao H&amp;F ofer\u0103 avantaje unice care \u00eembun\u0103t\u0103\u021besc \u0219i mai mult experien\u021ba de achizi\u021bionare a chingilor cu band\u0103. Fiecare sling\u0103 este supus\u0103 unui control riguros al calit\u0103\u021bii, sus\u021binut de rapoarte de inspec\u021bie complete, garant\u00e2nd performan\u021be fiabile la livrare. \u00cen plus, serviciul nostru individual pentru clien\u021bi asigur\u0103 c\u0103 fiecare client prime\u0219te asisten\u021b\u0103 personalizat\u0103, fie c\u0103 selecteaz\u0103 produsul potrivit, fie c\u0103 solicit\u0103 sfaturi de \u00eentre\u021binere. Cu un ciclu de livrare rapid, Qingdao H&amp;F se asigur\u0103 c\u0103 aceste chingi de \u00eenalt\u0103 calitate sunt disponibile exact atunci c\u00e2nd este nevoie, contribuind la termenele de proiect f\u0103r\u0103 \u00eentreruperi.<\/p>\n<h3><strong>Construc\u021bie \u0219i materiale de \u00eenalt\u0103 calitate<\/strong><\/h3>\n<p>Materialele utilizate \u00een chingile noastre de 1 ton sunt selectate pentru durabilitatea \u0219i flexibilitatea lor, calit\u0103\u021bi care contribuie direct at\u00e2t la siguran\u021b\u0103, c\u00e2t \u0219i la u\u0219urin\u021ba manipul\u0103rii. De obicei, aceste chingi sunt construite din fibre sintetice, cum ar fi poliesterul sau nailonul, care ofer\u0103 mai multe beneficii. Poliesterul, de exemplu, ofer\u0103 o rezisten\u021b\u0103 ridicat\u0103 la substan\u021be chimice \u0219i la razele UV, ceea ce \u00eel face potrivit pentru aplica\u021bii \u00een exterior. Pe de alt\u0103 parte, cablurile din nailon ofer\u0103 o elasticitate superioar\u0103, o caracteristic\u0103 care poate fi deosebit de avantajoas\u0103 atunci c\u00e2nd se manipuleaz\u0103 anumite tipuri de \u00eenc\u0103rc\u0103turi.<\/p>\n<p>\u00cen timpul fabric\u0103rii, se acord\u0103 o aten\u021bie deosebit\u0103 \u021bes\u0103turii \u0219i densit\u0103\u021bii \u021bes\u0103turii pentru a asigura o performan\u021b\u0103 de \u00eenc\u0103rcare constant\u0103. Rezisten\u021ba la rupere a acestor praguri este testat\u0103 riguros, asigur\u00e2ndu-se c\u0103 fiecare unitate poate suporta \u00een siguran\u021b\u0103 sarcini de p\u00e2n\u0103 la 1 ton\u0103, f\u0103r\u0103 compromisuri. Aceast\u0103 aten\u021bie acordat\u0103 calit\u0103\u021bii se aliniaz\u0103 preocup\u0103rilor primare ale cump\u0103r\u0103torilor, care se bazeaz\u0103 pe aceste praguri pentru a men\u021bine stabilitatea \u00eenc\u0103rc\u0103turii \u0219i a asigura siguran\u021ba operatorului. Investind \u00een materiale durabile \u0219i standarde stricte de produc\u021bie, Qingdao H&amp;F ofer\u0103 cabluri de legare cu chingi care sunt proiectate pentru a dep\u0103\u0219i a\u0219tept\u0103rile industriei \u0219i pentru a sus\u021bine utilizarea fiabil\u0103 pe termen lung.<\/p>\n<h3><strong>Aplica\u021bii \u0219i avantaje \u00een diverse industrii<\/strong><\/h3>\n<p>Adaptabilitatea cablului cu chingi de 1 ton\u0103 \u00eel face o alegere preferat\u0103 \u00een numeroase sectoare, inclusiv construc\u021bii, transport maritim, produc\u021bie \u0219i depozitare. Spre deosebire de lan\u021buri sau cabluri metalice, armele cu chingi sunt mai u\u0219oare \u0219i mai u\u0219or de manevrat, permi\u021b\u00e2nd o mai mare precizie \u0219i o oboseal\u0103 redus\u0103 pentru manipulator. \u00cen construc\u021bii, aceste cabluri faciliteaz\u0103 ridicarea \u0219i pozi\u021bionarea materialelor, fiind vitale pentru proiectele care necesit\u0103 solu\u021bii de ridicare fiabile, f\u0103r\u0103 a necesita volumul ridicat al alternativelor metalice. \u021aes\u0103tura sintetic\u0103 utilizat\u0103 \u00een chingile cu chingi reduce, de asemenea, riscul de zg\u00e2riere sau deteriorare a suprafe\u021belor delicate sau vopsite, un avantaj \u00een industriile \u00een care conservarea materialelor este esen\u021bial\u0103.<\/p>\n<p>Dedicarea Qingdao H&amp;F pentru calitate \u0219i performan\u021b\u0103 este reflectat\u0103 \u00een gama noastr\u0103 de praguri cu chingi, care r\u0103spund diverselor nevoi de ridicare. E\u0219afodajul nostru de 1 ton\u0103 este proiectat cu caracteristici care sporesc u\u0219urin\u021ba opera\u021bional\u0103 \u0219i siguran\u021ba, cum ar fi indicatorii de capacitate codifica\u021bi \u00een culori \u0219i buclele \u00eent\u0103rite pentru a preveni uzura \u00een punctele cheie de stres. \u00cen plus, fiecare sling\u0103 este \u00eenso\u021bit\u0103 de un raport de inspec\u021bie a calit\u0103\u021bii, insufl\u00e2nd \u00eencrederea c\u0103 produsul va func\u021biona fiabil \u00een condi\u021biile a\u0219teptate. Clien\u021bii no\u0219tri beneficiaz\u0103 de faptul c\u0103 \u0219tiu c\u0103 achizi\u021bia lor respect\u0103 standarde de calitate stricte, sprijinind at\u00e2t respectarea normelor de siguran\u021b\u0103, c\u00e2t \u0219i executarea eficient\u0103 a proiectului.<\/p>\n<h3><strong>Promisiunea Qingdao H&amp;F: servicii, vitez\u0103 \u0219i asigurare<\/strong><\/h3>\n<p>\u00cen plus fa\u021b\u0103 de un produs de \u00eenalt\u0103 calitate, Qingdao H&amp;F asigur\u0103 o experien\u021b\u0103 de cump\u0103rare excep\u021bional\u0103. Suntem con\u0219tien\u021bi de faptul c\u0103 cump\u0103r\u0103torii acord\u0103 prioritate nu numai calit\u0103\u021bii produselor, ci \u0219i fiabilit\u0103\u021bii generale a furnizorului lor. Acesta este motivul pentru care abordarea noastr\u0103 se concentreaz\u0103 pe livrarea dincolo de produsul \u00een sine, cu servicii care r\u0103spund nevoilor \u0219i preocup\u0103rilor individuale ale clien\u021bilor. Oferind servicii individuale pentru clien\u021bi, ne asigur\u0103m c\u0103 fiecare \u00eentrebare sau cerin\u021b\u0103 este abordat\u0103 prompt \u0219i eficient, promov\u00e2nd \u00eencrederea \u0219i satisfac\u021bia de la primul punct de contact.<\/p>\n<p>Angajamentul nostru fa\u021b\u0103 de vitez\u0103 se reflect\u0103 \u00een ciclurile noastre rapide de livrare. \u00cen\u021belegem c\u0103 sincronizarea este crucial\u0103, iar orice \u00eent\u00e2rziere poate afecta productivitatea \u0219i programele. Din acest motiv, lucr\u0103m \u00eendeaproape cu partenerii no\u0219tri logistici pentru a men\u021bine procese de expediere eficiente, oferind clien\u021bilor no\u0219tri garan\u021bia c\u0103 pra\u0219tia lor cu chingi va sosi atunci c\u00e2nd este necesar. \u00cen plus, procesul nostru minu\u021bios de inspec\u021bie a calit\u0103\u021bii asigur\u0103 c\u0103 fiecare sling\u0103 este gata de utilizare imediat\u0103, sus\u021binut\u0103 de rapoarte care detaliaz\u0103 conformitatea produsului cu standardele industriei. Acest angajament fa\u021b\u0103 de calitate \u0219i servicii diferen\u021biaz\u0103 Qingdao H&amp;F ca partener preferat pentru \u00eentreprinderile care caut\u0103 solu\u021bii de ridicare fiabile.<\/p>\n<p>E\u0219afodajul nostru cu chingi de 1 ton\u0103 reprezint\u0103 un amestec de performan\u021b\u0103, siguran\u021b\u0103 \u0219i confort, conceput pentru a \u00eendeplini cerin\u021bele riguroase ale industriei moderne. Aleg\u00e2nd Qingdao H&amp;F, cump\u0103r\u0103torii investesc \u00eentr-un parteneriat care pre\u021buie\u0219te priorit\u0103\u021bile lor, de la integritatea produsului la servicii rapide \u0219i atente. Suntem m\u00e2ndri s\u0103 oferim nu doar un produs, ci o solu\u021bie complet\u0103 care se aliniaz\u0103 nevoilor opera\u021bionale \u0219i standardelor de calitate ale clien\u021bilor no\u0219tri.<\/p>","protected":false},"excerpt":{"rendered":"<p>Slingul nostru cu chingi de 1 ton\u0103 combin\u0103 rezisten\u021ba \u0219i versatilitatea pentru sarcini de ridicare \u0219i ridicare \u00een diverse industrii. Cump\u0103r\u0103torii prioritizeaz\u0103 adesea durabilitatea, siguran\u021ba \u0219i u\u0219urin\u021ba de manipulare, toate acestea fiind asigurate de chingile noastre cu chingi. Fabricate pentru a rezista la o utilizare intensiv\u0103, aceste cabluri asigur\u0103 o ridicare sigur\u0103, men\u021bin\u00e2nd \u00een acela\u0219i timp flexibilitatea pentru diferite aplica\u021bii. Ca societate comercial\u0103, Qingdao H&amp;F ofer\u0103 avantaje distincte, inclusiv servicii personalizate pentru clien\u021bi, un ciclu rapid de livrare \u0219i rapoarte complete de inspec\u021bie a calit\u0103\u021bii, asigur\u00e2nd c\u0103 fiecare achizi\u021bie \u00eendepline\u0219te standardele riguroase de siguran\u021b\u0103 \u0219i calitate.<\/p>","protected":false},"featured_media":8190,"comment_status":"open","ping_status":"closed","template":"","meta":{"site-sidebar-layout":"default","site-content-layout":"","ast-site-content-layout":"default","site-content-style":"default","site-sidebar-style":"default","ast-global-header-display":"","ast-banner-title-visibility":"","ast-main-header-display":"","ast-hfb-above-header-display":"","ast-hfb-below-header-display":"","ast-hfb-mobile-header-display":"","site-post-title":"","ast-breadcrumbs-content":"","ast-featured-img":"","footer-sml-layout":"","theme-transparent-header-meta":"default","adv-header-id-meta":"","stick-header-meta":"default","header-above-stick-meta":"","header-main-stick-meta":"","header-below-stick-meta":"","astra-migrate-meta-layouts":"set","ast-page-background-enabled":"default","ast-page-background-meta":{"desktop":{"background-color":"","background-image":"","background-repeat":"repeat","background-position":"center center","background-size":"auto","background-attachment":"scroll","background-type":"","background-media":"","overlay-type":"","overlay-color":"","overlay-opacity":"","overlay-gradient":""},"tablet":{"background-color":"","background-image":"","background-repeat":"repeat","background-position":"center center","background-size":"auto","background-attachment":"scroll","background-type":"","background-media":"","overlay-type":"","overlay-color":"","overlay-opacity":"","overlay-gradient":""},"mobile":{"background-color":"","background-image":"","background-repeat":"repeat","background-position":"center center","background-size":"auto","background-attachment":"scroll","background-type":"","background-media":"","overlay-type":"","overlay-color":"","overlay-opacity":"","overlay-gradient":""}},"ast-content-background-meta":{"desktop":{"background-color":"var(--ast-global-color-5)","background-image":"","background-repeat":"repeat","background-position":"center center","background-size":"auto","background-attachment":"scroll","background-type":"","background-media":"","overlay-type":"","overlay-color":"","overlay-opacity":"","overlay-gradient":""},"tablet":{"background-color":"var(--ast-global-color-5)","background-image":"","background-repeat":"repeat","background-position":"center center","background-size":"auto","background-attachment":"scroll","background-type":"","background-media":"","overlay-type":"","overlay-color":"","overlay-opacity":"","overlay-gradient":""},"mobile":{"background-color":"var(--ast-global-color-5)","background-image":"","background-repeat":"repeat","background-position":"center center","background-size":"auto","background-attachment":"scroll","background-type":"","background-media":"","overlay-type":"","overlay-color":"","overlay-opacity":"","overlay-gradient":""}}},"product_brand":[],"product_cat":[39],"product_tag":[],"class_list":{"0":"post-8189","1":"product","2":"type-product","3":"status-publish","4":"has-post-thumbnail","6":"product_cat-webbing-sling","7":"desktop-align-left","8":"tablet-align-left","9":"mobile-align-left","10":"ast-product-gallery-layout-horizontal-slider","11":"ast-product-gallery-with-no-image","12":"ast-product-tabs-layout-horizontal","14":"first","15":"instock","16":"shipping-taxable","17":"purchasable","18":"product-type-simple"},"yoast_head":"<!-- This site is optimized with the Yoast SEO plugin v25.2 - https:\/\/yoast.com\/wordpress\/plugins\/seo\/ -->\n<title>Flat Webbing Sling 1 Ton Polyester Double Duplex<\/title>\n<meta name=\"robots\" content=\"index, follow, max-snippet:-1, max-image-preview:large, max-video-preview:-1\" \/>\n<link rel=\"canonical\" href=\"https:\/\/qingdaohf.com\/ro\/produs\/chinga-sling-1-ton\/\" \/>\n<meta property=\"og:locale\" content=\"ro_RO\" \/>\n<meta property=\"og:type\" content=\"article\" \/>\n<meta property=\"og:title\" content=\"Flat Webbing Sling 1 Ton Polyester Double Duplex\" \/>\n<meta property=\"og:description\" content=\"Our 1-ton webbing sling combines strength and versatility for lifting and hoisting tasks across various industries. Buyers often prioritize durability, safety, and ease of handling, all of which our webbing slings deliver. Made to endure heavy-duty use, these slings ensure secure lifting while maintaining flexibility for different applications. As a trading company, Qingdao H&amp;F provides distinct advantages, including one-on-one customer service, a fast delivery cycle, and comprehensive quality inspection reports, ensuring that every purchase meets rigorous safety and quality standards.\" \/>\n<meta property=\"og:url\" content=\"https:\/\/qingdaohf.com\/ro\/produs\/chinga-sling-1-ton\/\" \/>\n<meta property=\"og:site_name\" content=\"Concrete Form &amp; Rigging Hardware Supplier\" \/>\n<meta property=\"article:publisher\" content=\"https:\/\/www.facebook.com\/qingdaohf\" \/>\n<meta property=\"article:modified_time\" content=\"2025-11-13T01:02:54+00:00\" \/>\n<meta property=\"og:image\" content=\"https:\/\/qingdaohf.com\/wp-content\/uploads\/2024\/10\/1ton_1.webp\" \/>\n\t<meta property=\"og:image:width\" content=\"1000\" \/>\n\t<meta property=\"og:image:height\" content=\"1000\" \/>\n\t<meta property=\"og:image:type\" content=\"image\/webp\" \/>\n<meta name=\"twitter:card\" content=\"summary_large_image\" \/>\n<meta name=\"twitter:label1\" content=\"Timp estimat pentru citire\" \/>\n\t<meta name=\"twitter:data1\" content=\"4 minute\" \/>\n<script type=\"application\/ld+json\" class=\"yoast-schema-graph\">{\"@context\":\"https:\/\/schema.org\",\"@graph\":[{\"@type\":\"WebPage\",\"@id\":\"https:\/\/qingdaohf.com\/product\/webbing-sling-1-ton\/\",\"url\":\"https:\/\/qingdaohf.com\/product\/webbing-sling-1-ton\/\",\"name\":\"Flat Webbing Sling 1 Ton Polyester Double Duplex\",\"isPartOf\":{\"@id\":\"https:\/\/qingdaohf.com\/bg\/#website\"},\"primaryImageOfPage\":{\"@id\":\"https:\/\/qingdaohf.com\/product\/webbing-sling-1-ton\/#primaryimage\"},\"image\":{\"@id\":\"https:\/\/qingdaohf.com\/product\/webbing-sling-1-ton\/#primaryimage\"},\"thumbnailUrl\":\"https:\/\/qingdaohf.com\/wp-content\/uploads\/2024\/10\/1ton_1.webp\",\"datePublished\":\"2024-11-05T05:59:31+00:00\",\"dateModified\":\"2025-11-13T01:02:54+00:00\",\"breadcrumb\":{\"@id\":\"https:\/\/qingdaohf.com\/product\/webbing-sling-1-ton\/#breadcrumb\"},\"inLanguage\":\"ro-RO\",\"potentialAction\":[{\"@type\":\"ReadAction\",\"target\":[\"https:\/\/qingdaohf.com\/product\/webbing-sling-1-ton\/\"]}]},{\"@type\":\"ImageObject\",\"inLanguage\":\"ro-RO\",\"@id\":\"https:\/\/qingdaohf.com\/product\/webbing-sling-1-ton\/#primaryimage\",\"url\":\"https:\/\/qingdaohf.com\/wp-content\/uploads\/2024\/10\/1ton_1.webp\",\"contentUrl\":\"https:\/\/qingdaohf.com\/wp-content\/uploads\/2024\/10\/1ton_1.webp\",\"width\":1000,\"height\":1000},{\"@type\":\"BreadcrumbList\",\"@id\":\"https:\/\/qingdaohf.com\/product\/webbing-sling-1-ton\/#breadcrumb\",\"itemListElement\":[{\"@type\":\"ListItem\",\"position\":1,\"name\":\"Home\",\"item\":\"https:\/\/qingdaohf.com\/\"},{\"@type\":\"ListItem\",\"position\":2,\"name\":\"Concrete Forming Accessories and Rigging Hardware\",\"item\":\"https:\/\/qingdaohf.com\/bg\/?page_id=944\"},{\"@type\":\"ListItem\",\"position\":3,\"name\":\"Flat Webbing Sling 1 Ton Polyester Double Duplex\"}]},{\"@type\":\"WebSite\",\"@id\":\"https:\/\/qingdaohf.com\/bg\/#website\",\"url\":\"https:\/\/qingdaohf.com\/bg\/\",\"name\":\"Concrete Form & Rigging Hardware Supplier\",\"description\":\"\",\"publisher\":{\"@id\":\"https:\/\/qingdaohf.com\/bg\/#organization\"},\"potentialAction\":[{\"@type\":\"SearchAction\",\"target\":{\"@type\":\"EntryPoint\",\"urlTemplate\":\"https:\/\/qingdaohf.com\/bg\/?s={search_term_string}\"},\"query-input\":{\"@type\":\"PropertyValueSpecification\",\"valueRequired\":true,\"valueName\":\"search_term_string\"}}],\"inLanguage\":\"ro-RO\"},{\"@type\":\"Organization\",\"@id\":\"https:\/\/qingdaohf.com\/bg\/#organization\",\"name\":\"Qingdao H&F\",\"url\":\"https:\/\/qingdaohf.com\/bg\/\",\"logo\":{\"@type\":\"ImageObject\",\"inLanguage\":\"ro-RO\",\"@id\":\"https:\/\/qingdaohf.com\/bg\/#\/schema\/logo\/image\/\",\"url\":\"https:\/\/qingdaohf.com\/wp-content\/uploads\/2022\/12\/cropped-HF-LOGO.png\",\"contentUrl\":\"https:\/\/qingdaohf.com\/wp-content\/uploads\/2022\/12\/cropped-HF-LOGO.png\",\"width\":391,\"height\":249,\"caption\":\"Qingdao H&F\"},\"image\":{\"@id\":\"https:\/\/qingdaohf.com\/bg\/#\/schema\/logo\/image\/\"},\"sameAs\":[\"https:\/\/www.facebook.com\/qingdaohf\"]}]}<\/script>\n<!-- \/ Yoast SEO plugin. -->","yoast_head_json":{"title":"Flat Webbing Sling 1 Ton Polyester Double Duplex","robots":{"index":"index","follow":"follow","max-snippet":"max-snippet:-1","max-image-preview":"max-image-preview:large","max-video-preview":"max-video-preview:-1"},"canonical":"https:\/\/qingdaohf.com\/ro\/produs\/chinga-sling-1-ton\/","og_locale":"ro_RO","og_type":"article","og_title":"Flat Webbing Sling 1 Ton Polyester Double Duplex","og_description":"Our 1-ton webbing sling combines strength and versatility for lifting and hoisting tasks across various industries. Buyers often prioritize durability, safety, and ease of handling, all of which our webbing slings deliver. Made to endure heavy-duty use, these slings ensure secure lifting while maintaining flexibility for different applications. As a trading company, Qingdao H&amp;F provides distinct advantages, including one-on-one customer service, a fast delivery cycle, and comprehensive quality inspection reports, ensuring that every purchase meets rigorous safety and quality standards.","og_url":"https:\/\/qingdaohf.com\/ro\/produs\/chinga-sling-1-ton\/","og_site_name":"Concrete Form &amp; Rigging Hardware Supplier","article_publisher":"https:\/\/www.facebook.com\/qingdaohf","article_modified_time":"2025-11-13T01:02:54+00:00","og_image":[{"width":1000,"height":1000,"url":"https:\/\/qingdaohf.com\/wp-content\/uploads\/2024\/10\/1ton_1.webp","type":"image\/webp"}],"twitter_card":"summary_large_image","twitter_misc":{"Timp estimat pentru citire":"4 minute"},"schema":{"@context":"https:\/\/schema.org","@graph":[{"@type":"WebPage","@id":"https:\/\/qingdaohf.com\/product\/webbing-sling-1-ton\/","url":"https:\/\/qingdaohf.com\/product\/webbing-sling-1-ton\/","name":"Flat Webbing Sling 1 Ton Polyester Double Duplex","isPartOf":{"@id":"https:\/\/qingdaohf.com\/bg\/#website"},"primaryImageOfPage":{"@id":"https:\/\/qingdaohf.com\/product\/webbing-sling-1-ton\/#primaryimage"},"image":{"@id":"https:\/\/qingdaohf.com\/product\/webbing-sling-1-ton\/#primaryimage"},"thumbnailUrl":"https:\/\/qingdaohf.com\/wp-content\/uploads\/2024\/10\/1ton_1.webp","datePublished":"2024-11-05T05:59:31+00:00","dateModified":"2025-11-13T01:02:54+00:00","breadcrumb":{"@id":"https:\/\/qingdaohf.com\/product\/webbing-sling-1-ton\/#breadcrumb"},"inLanguage":"ro-RO","potentialAction":[{"@type":"ReadAction","target":["https:\/\/qingdaohf.com\/product\/webbing-sling-1-ton\/"]}]},{"@type":"ImageObject","inLanguage":"ro-RO","@id":"https:\/\/qingdaohf.com\/product\/webbing-sling-1-ton\/#primaryimage","url":"https:\/\/qingdaohf.com\/wp-content\/uploads\/2024\/10\/1ton_1.webp","contentUrl":"https:\/\/qingdaohf.com\/wp-content\/uploads\/2024\/10\/1ton_1.webp","width":1000,"height":1000},{"@type":"BreadcrumbList","@id":"https:\/\/qingdaohf.com\/product\/webbing-sling-1-ton\/#breadcrumb","itemListElement":[{"@type":"ListItem","position":1,"name":"Home","item":"https:\/\/qingdaohf.com\/"},{"@type":"ListItem","position":2,"name":"Concrete Forming Accessories and Rigging Hardware","item":"https:\/\/qingdaohf.com\/bg\/?page_id=944"},{"@type":"ListItem","position":3,"name":"Flat Webbing Sling 1 Ton Polyester Double Duplex"}]},{"@type":"WebSite","@id":"https:\/\/qingdaohf.com\/bg\/#website","url":"https:\/\/qingdaohf.com\/bg\/","name":"Concrete Form & Rigging Hardware Supplier","description":"","publisher":{"@id":"https:\/\/qingdaohf.com\/bg\/#organization"},"potentialAction":[{"@type":"SearchAction","target":{"@type":"EntryPoint","urlTemplate":"https:\/\/qingdaohf.com\/bg\/?s={search_term_string}"},"query-input":{"@type":"PropertyValueSpecification","valueRequired":true,"valueName":"search_term_string"}}],"inLanguage":"ro-RO"},{"@type":"Organization","@id":"https:\/\/qingdaohf.com\/bg\/#organization","name":"Qingdao H&F","url":"https:\/\/qingdaohf.com\/bg\/","logo":{"@type":"ImageObject","inLanguage":"ro-RO","@id":"https:\/\/qingdaohf.com\/bg\/#\/schema\/logo\/image\/","url":"https:\/\/qingdaohf.com\/wp-content\/uploads\/2022\/12\/cropped-HF-LOGO.png","contentUrl":"https:\/\/qingdaohf.com\/wp-content\/uploads\/2022\/12\/cropped-HF-LOGO.png","width":391,"height":249,"caption":"Qingdao H&F"},"image":{"@id":"https:\/\/qingdaohf.com\/bg\/#\/schema\/logo\/image\/"},"sameAs":["https:\/\/www.facebook.com\/qingdaohf"]}]}},"_links":{"self":[{"href":"https:\/\/qingdaohf.com\/ro\/wp-json\/wp\/v2\/product\/8189","targetHints":{"allow":["GET"]}}],"collection":[{"href":"https:\/\/qingdaohf.com\/ro\/wp-json\/wp\/v2\/product"}],"about":[{"href":"https:\/\/qingdaohf.com\/ro\/wp-json\/wp\/v2\/types\/product"}],"replies":[{"embeddable":true,"href":"https:\/\/qingdaohf.com\/ro\/wp-json\/wp\/v2\/comments?post=8189"}],"version-history":[{"count":2,"href":"https:\/\/qingdaohf.com\/ro\/wp-json\/wp\/v2\/product\/8189\/revisions"}],"predecessor-version":[{"id":8340,"href":"https:\/\/qingdaohf.com\/ro\/wp-json\/wp\/v2\/product\/8189\/revisions\/8340"}],"wp:featuredmedia":[{"embeddable":true,"href":"https:\/\/qingdaohf.com\/ro\/wp-json\/wp\/v2\/media\/8190"}],"wp:attachment":[{"href":"https:\/\/qingdaohf.com\/ro\/wp-json\/wp\/v2\/media?parent=8189"}],"wp:term":[{"taxonomy":"product_brand","embeddable":true,"href":"https:\/\/qingdaohf.com\/ro\/wp-json\/wp\/v2\/product_brand?post=8189"},{"taxonomy":"product_cat","embeddable":true,"href":"https:\/\/qingdaohf.com\/ro\/wp-json\/wp\/v2\/product_cat?post=8189"},{"taxonomy":"product_tag","embeddable":true,"href":"https:\/\/qingdaohf.com\/ro\/wp-json\/wp\/v2\/product_tag?post=8189"}],"curies":[{"name":"wp","href":"https:\/\/api.w.org\/{rel}","templated":true}]}}