{"id":8280,"date":"2024-11-05T16:43:34","date_gmt":"2024-11-05T08:43:34","guid":{"rendered":"http:\/\/qingdaohf.com\/?post_type=product&#038;p=8280"},"modified":"2025-11-13T09:02:53","modified_gmt":"2025-11-13T01:02:53","slug":"webbing-sling-3-ton","status":"publish","type":"product","link":"https:\/\/qingdaohf.com\/ro\/produs\/chinga-sling-3-tone\/","title":{"rendered":"Flat Webbing Sling 3 tone poliester dublu duplex"},"content":{"rendered":"<h3><strong>Sling\u0103 fiabil\u0103 cu band\u0103 de 3 tone pentru aplica\u021bii de ridicare grele<\/strong><\/h3>\n<p>\u00cen lumea manipul\u0103rii materialelor, pra\u0219tia cu chingi de 3 tone se remarc\u0103 ca o solu\u021bie robust\u0103 pentru ridicarea \u0219i fixarea \u00eenc\u0103rc\u0103turilor grele \u00een diverse industrii. Cu un echilibru optim \u00eentre rezisten\u021b\u0103, flexibilitate \u0219i siguran\u021b\u0103, aceast\u0103 sling\u0103 este conceput\u0103 pentru a face fa\u021b\u0103 cerin\u021belor riguroase ale sarcinilor care variaz\u0103 de la construc\u021bii la logistic\u0103. Construit\u0103 din fibre sintetice de \u00eenalt\u0103 calitate, pra\u0219tia cu chingi de 3 tone este proiectat\u0103 pentru a oferi performan\u021be fiabile, ceea ce o face un avantaj crucial pentru orice opera\u021biune care implic\u0103 ridicarea unor greut\u0103\u021bi semnificative.<\/p>\n<p>Cererea tot mai mare de solu\u021bii de ridicare versatile a dus la utilizarea pe scar\u0103 larg\u0103 a cablurilor cu chingi \u00een mediile comerciale \u0219i industriale. E\u0219afodajul cu chingi de 3 tone este special conceput pentru a face fa\u021b\u0103 sarcinilor grele medii \u0219i mari, oferind operatorilor un mijloc fiabil de a-\u0219i \u00eendeplini sarcinile \u00een mod eficient \u0219i sigur. Cump\u0103r\u0103torii \u00ee\u0219i exprim\u0103 adesea \u00eengrijorarea cu privire la securitatea \u0219i durabilitatea \u00eenc\u0103rc\u0103turii, care sunt primordiale \u00een selectarea echipamentelor de ridicare. E\u0219afodajul cu ching\u0103 de 3 tone r\u0103spunde acestor preocup\u0103ri, asigur\u00e2ndu-se c\u0103 poate rezista \u00een condi\u021bii solicitante, men\u021bin\u00e2ndu-\u0219i integritatea \u0219i performan\u021ba \u00een timp.<\/p>\n<p>Una dintre caracteristicile deosebite ale sling-ului cu ching\u0103 de 3 tone este construc\u021bia sa, care implic\u0103 de obicei fibre de poliester sau nailon de \u00eenalt\u0103 rezisten\u021b\u0103. Aceste materiale ofer\u0103 mai multe beneficii, inclusiv rezisten\u021b\u0103 la uzur\u0103 \u0219i rupere, stabilitate UV \u0219i rezisten\u021b\u0103 la umiditate. Combina\u021bia acestor caracteristici asigur\u0103 faptul c\u0103 slinga poate func\u021biona bine chiar \u0219i \u00een medii exterioare dificile, ceea ce o face potrivit\u0103 pentru o gam\u0103 larg\u0103 de aplica\u021bii.<\/p>\n<p>La Qingdao H&amp;F, ne m\u00e2ndrim cu capacitatea noastr\u0103 de a oferi nu numai produse de \u00eenalt\u0103 calitate, ci \u0219i servicii excep\u021bionale. Angajamentul nostru fa\u021b\u0103 de serviciile individuale pentru clien\u021bi \u00eenseamn\u0103 c\u0103 fiecare client prime\u0219te o aten\u021bie personalizat\u0103, adaptat\u0103 la nevoile sale specifice. Aceast\u0103 abordare \u00eencurajeaz\u0103 \u00eencrederea \u0219i asigur\u0103 faptul c\u0103 cump\u0103r\u0103torii se simt sus\u021binu\u021bi pe parcursul \u00eentregii lor c\u0103l\u0103torii de cump\u0103rare. \u00cen plus, subliniem importan\u021ba livr\u0103rii la timp, iar procesele noastre logistice eficiente garanteaz\u0103 c\u0103 clien\u021bii \u00ee\u0219i primesc pra\u0219ilele f\u0103r\u0103 \u00eent\u00e2rzieri inutile. \u00censo\u021bite de rapoarte cuprinz\u0103toare de inspec\u021bie a calit\u0103\u021bii, produsele noastre ofer\u0103 cump\u0103r\u0103torilor lini\u0219te sufleteasc\u0103, asigur\u00e2nd c\u0103 acestea \u00eendeplinesc standardele de siguran\u021b\u0103 \u0219i performan\u021b\u0103 necesare.<\/p>\n<h3><strong>Calitatea construc\u021biei \u0219i performan\u021ba materialelor<\/strong><\/h3>\n<p>Calitatea materialelor utilizate \u00een pra\u0219tia cu chingi de 3 tone este esen\u021bial\u0103 pentru performan\u021ba \u0219i longevitatea acesteia. Atunci c\u00e2nd select\u0103m materialele pentru produc\u021bie, ne concentr\u0103m pe durabilitate \u0219i rezisten\u021b\u0103. Poliesterul, cunoscut pentru \u00eentinderea sa redus\u0103 \u0219i rezisten\u021ba ridicat\u0103 la abraziune, este o alegere popular\u0103. Aceast\u0103 fibr\u0103 este deosebit de eficient\u0103 \u00een men\u021binerea stabilit\u0103\u021bii sarcinii, care este esen\u021bial\u0103 pentru opera\u021biunile de ridicare \u00een siguran\u021b\u0103. Pe de alt\u0103 parte, nailonul ofer\u0103 o elasticitate superioar\u0103, care poate absorbi sarcinile de \u0219oc \u00een timpul ridic\u0103rii, o caracteristic\u0103 care poate fi benefic\u0103 \u00een diverse aplica\u021bii.<\/p>\n<p>Fiecare aspect al procesului de fabrica\u021bie este conceput pentru a men\u021bine cele mai \u00eenalte standarde. De la selectarea fibrelor la tehnica de \u021besut, fiecare sling\u0103 este supus\u0103 unor teste riguroase pentru a confirma capacitatea sa de a manipula \u00een siguran\u021b\u0103 sarcini de p\u00e2n\u0103 la 3 tone. Cus\u0103turile ranforsate \u0219i termina\u021biile de \u00eenalt\u0103 calitate sporesc durabilitatea cablului, reduc\u00e2nd riscul de uzur\u0103 \u0219i m\u0103rindu-i durata de via\u021b\u0103. Cu aceste caracteristici, slingul din ching\u0103 de 3 tone este o investi\u021bie valoroas\u0103 pentru \u00eentreprinderile care caut\u0103 solu\u021bii fiabile de ridicare.<\/p>\n<p>Asigurarea calit\u0103\u021bii este primordial\u0103 la Qingdao H&amp;F, iar clien\u021bii no\u0219tri se pot a\u0219tepta ca fiecare produs s\u0103 fie \u00eenso\u021bit de un raport de inspec\u021bie detaliat. Aceste rapoarte ofer\u0103 informa\u021bii esen\u021biale despre caracteristicile de performan\u021b\u0103 ale cablurilor, inclusiv rezisten\u021ba la rupere \u0219i conformitatea cu standardele din industrie. Asigur\u00e2ndu-ne c\u0103 fiecare sling\u0103 \u00eendepline\u0219te aceste criterii de referin\u021b\u0103, ne ajut\u0103m clien\u021bii s\u0103 ia decizii \u00een cuno\u0219tin\u021b\u0103 de cauz\u0103, acord\u00e2nd prioritate siguran\u021bei \u0219i fiabilit\u0103\u021bii opera\u021biunilor lor de ridicare.<\/p>\n<h3><strong>Aplica\u021bii versatile \u0219i beneficii pentru industrie<\/strong><\/h3>\n<p>Versatilitatea cablului cu ching\u0103 de 3 tone \u00eel face o alegere ideal\u0103 pentru o gam\u0103 larg\u0103 de aplica\u021bii \u00een diverse industrii. \u00cen construc\u021bii, de exemplu, aceast\u0103 sling\u0103 poate fi utilizat\u0103 pentru ridicarea \u0219i mutarea materialelor grele, precum grinzi de o\u021bel, blocuri de beton \u0219i utilaje. Natura u\u0219oar\u0103 a cablurilor cu chingi le face mai u\u0219or de manevrat dec\u00e2t lan\u021burile metalice tradi\u021bionale, minimiz\u00e2nd oboseala operatorului \u0219i sporind siguran\u021ba general\u0103.<\/p>\n<p>\u00cen logistic\u0103 \u0219i depozitare, pra\u0219tia cu band\u0103 de 3 tone se dovede\u0219te nepre\u021buit\u0103 pentru transportul bunurilor \u0219i materialelor. Capacitatea sa de a ridica \u00een siguran\u021b\u0103 \u00eenc\u0103rc\u0103turi grele asigur\u0103 desf\u0103\u0219urarea f\u0103r\u0103 probleme \u0219i eficient\u0103 a opera\u021biunilor. Flexibilitatea cablului permite utilizarea acestuia \u00een spa\u021bii \u00eenguste, unde alte echipamente de ridicare ar putea \u00eent\u00e2mpina dificult\u0103\u021bi. \u00cen plus, natura nedeteriorant\u0103 a chingii \u00eenseamn\u0103 c\u0103 aceasta poate ridica \u00een siguran\u021b\u0103 bunuri fragile sau finite, f\u0103r\u0103 riscul de zg\u00e2rieturi sau lovituri.<\/p>\n<p>Un alt avantaj semnificativ al slingului cu ching\u0103 de 3 tone este u\u0219urin\u021ba sa de \u00eentre\u021binere. Spre deosebire de lan\u021buri sau alte dispozitive de ridicare din metal, pra\u0219tiile cu chingi necesit\u0103 o \u00eentre\u021binere minim\u0103. Inspec\u021biile regulate \u0219i depozitarea corespunz\u0103toare le pot prelungi semnificativ durata de via\u021b\u0103, ceea ce le face o op\u021biune rentabil\u0103 pentru \u00eentreprinderile axate pe eficien\u021ba opera\u021bional\u0103.<\/p>\n<p>Qingdao H&amp;F recunoa\u0219te nevoile \u00een continu\u0103 evolu\u021bie ale diferitelor industrii, iar slinga noastr\u0103 cu chingi de 3 tone este conceput\u0103 pentru a r\u0103spunde acestor cerin\u021be. Fie \u00een construc\u021bii, logistic\u0103 sau produc\u021bie, aceast\u0103 sling\u0103 ofer\u0103 fiabilitatea \u0219i performan\u021ba de care \u00eentreprinderile au nevoie pentru a reu\u0219i. Capacitatea de a ridica \u00eenc\u0103rc\u0103turi substan\u021biale \u00een condi\u021bii de siguran\u021b\u0103 \u0219i eficien\u021b\u0103 poate spori semnificativ productivitatea, permi\u021b\u00e2nd operatorilor s\u0103 se concentreze asupra sarcinilor lor principale f\u0103r\u0103 a se \u00eengrijora de defectarea echipamentelor.<\/p>\n<h3><strong>Qingdao H&amp;F: Partenerul dumneavoastr\u0103 \u00een calitate \u0219i servicii<\/strong><\/h3>\n<p>La Qingdao H&amp;F, dedicarea noastr\u0103 pentru calitate \u0219i satisfac\u021bia clien\u021bilor ne diferen\u021biaz\u0103 \u00een peisajul competitiv al solu\u021biilor de ridicare. E\u0219afodajul cu band\u0103 de 3 tone reprezint\u0103 angajamentul nostru de a oferi clien\u021bilor produse care nu sunt doar durabile \u0219i fiabile, ci \u0219i sus\u021binute de servicii excep\u021bionale. Cu ajutorul asisten\u021bei noastre personalizate, ghid\u0103m clien\u021bii \u00een procesul de selec\u021bie, asigur\u00e2ndu-ne c\u0103 aleg pra\u0219tia potrivit\u0103 pentru nevoile lor specifice.<\/p>\n<p>Concentrarea noastr\u0103 pe cicluri rapide de livrare \u00eenseamn\u0103 c\u0103 clien\u021bii se pot baza pe noi pentru a avea acces \u00een timp util la echipamentele lor de ridicare. \u00cen\u021belegem importan\u021ba de a avea uneltele potrivite la momentul potrivit, iar echipa noastr\u0103 de logistic\u0103 lucreaz\u0103 cu s\u00e2rguin\u021b\u0103 pentru a \u00eendeplini \u0219i dep\u0103\u0219i aceste a\u0219tept\u0103ri. \u00cen plus, rapoartele noastre complete de inspec\u021bie a calit\u0103\u021bii ofer\u0103 transparen\u021ba de care clien\u021bii au nevoie pentru a se sim\u021bi \u00eencrez\u0103tori \u00een achizi\u021bia lor, consolid\u00e2nd angajamentul nostru fa\u021b\u0103 de siguran\u021b\u0103 \u0219i performan\u021b\u0103.<\/p>\n<p>Alegerea slingului cu chingi de 3 tone de la Qingdao H&amp;F \u00eenseamn\u0103 investi\u021bia \u00eentr-o solu\u021bie de ridicare de \u00eenalt\u0103 calitate, sus\u021binut\u0103 de o companie care \u00ee\u0219i pre\u021buie\u0219te clien\u021bii \u0219i le acord\u0103 prioritate nevoilor lor. Prin furnizarea de produse fiabile \u0219i servicii excep\u021bionale, ne propunem s\u0103 \u00eencuraj\u0103m parteneriatele pe termen lung bazate pe \u00eencredere \u0219i fiabilitate. Clien\u021bii no\u0219tri pot fi siguri c\u0103, atunci c\u00e2nd aleg chingile noastre cu chingi, se echipeaz\u0103 cu cele mai bune instrumente disponibile pe pia\u021b\u0103, sporindu-le eficien\u021ba opera\u021bional\u0103 \u0219i standardele de siguran\u021b\u0103.<\/p>","protected":false},"excerpt":{"rendered":"<p>E\u0219afodajul cu band\u0103 de 3 tone oferit de Qingdao H&amp;F este un instrument esen\u021bial pentru o ridicare sigur\u0103 \u0219i eficient\u0103 \u00eentr-o varietate de aplica\u021bii industriale. Cump\u0103r\u0103torii caut\u0103 adesea asigur\u0103ri privind securitatea \u00eenc\u0103rc\u0103turii, durabilitatea \u0219i u\u0219urin\u021ba de utilizare a echipamentelor de ridicare. Aceast\u0103 pra\u0219tie \u00eendepline\u0219te aceste nevoi, av\u00e2nd o construc\u021bie puternic\u0103, proiectat\u0103 pentru manipularea cu fiabilitate a sarcinilor mai grele. \u00cen calitate de societate comercial\u0103, ne m\u00e2ndrim cu faptul c\u0103 oferim o valoare excep\u021bional\u0103 prin servicii personalizate pentru clien\u021bi, cicluri rapide de livrare \u0219i rapoarte complete de inspec\u021bie a calit\u0103\u021bii, asigur\u00e2ndu-ne c\u0103 fiecare produs respect\u0103 cele mai \u00eenalte standarde de siguran\u021b\u0103 \u0219i performan\u021b\u0103.<\/p>","protected":false},"featured_media":8197,"comment_status":"open","ping_status":"closed","template":"","meta":{"site-sidebar-layout":"default","site-content-layout":"","ast-site-content-layout":"default","site-content-style":"default","site-sidebar-style":"default","ast-global-header-display":"","ast-banner-title-visibility":"","ast-main-header-display":"","ast-hfb-above-header-display":"","ast-hfb-below-header-display":"","ast-hfb-mobile-header-display":"","site-post-title":"","ast-breadcrumbs-content":"","ast-featured-img":"","footer-sml-layout":"","theme-transparent-header-meta":"default","adv-header-id-meta":"","stick-header-meta":"default","header-above-stick-meta":"","header-main-stick-meta":"","header-below-stick-meta":"","astra-migrate-meta-layouts":"set","ast-page-background-enabled":"default","ast-page-background-meta":{"desktop":{"background-color":"","background-image":"","background-repeat":"repeat","background-position":"center center","background-size":"auto","background-attachment":"scroll","background-type":"","background-media":"","overlay-type":"","overlay-color":"","overlay-opacity":"","overlay-gradient":""},"tablet":{"background-color":"","background-image":"","background-repeat":"repeat","background-position":"center center","background-size":"auto","background-attachment":"scroll","background-type":"","background-media":"","overlay-type":"","overlay-color":"","overlay-opacity":"","overlay-gradient":""},"mobile":{"background-color":"","background-image":"","background-repeat":"repeat","background-position":"center center","background-size":"auto","background-attachment":"scroll","background-type":"","background-media":"","overlay-type":"","overlay-color":"","overlay-opacity":"","overlay-gradient":""}},"ast-content-background-meta":{"desktop":{"background-color":"var(--ast-global-color-5)","background-image":"","background-repeat":"repeat","background-position":"center center","background-size":"auto","background-attachment":"scroll","background-type":"","background-media":"","overlay-type":"","overlay-color":"","overlay-opacity":"","overlay-gradient":""},"tablet":{"background-color":"var(--ast-global-color-5)","background-image":"","background-repeat":"repeat","background-position":"center center","background-size":"auto","background-attachment":"scroll","background-type":"","background-media":"","overlay-type":"","overlay-color":"","overlay-opacity":"","overlay-gradient":""},"mobile":{"background-color":"var(--ast-global-color-5)","background-image":"","background-repeat":"repeat","background-position":"center center","background-size":"auto","background-attachment":"scroll","background-type":"","background-media":"","overlay-type":"","overlay-color":"","overlay-opacity":"","overlay-gradient":""}}},"product_brand":[],"product_cat":[39],"product_tag":[],"class_list":{"0":"post-8280","1":"product","2":"type-product","3":"status-publish","4":"has-post-thumbnail","6":"product_cat-webbing-sling","7":"desktop-align-left","8":"tablet-align-left","9":"mobile-align-left","10":"ast-product-gallery-layout-horizontal-slider","11":"ast-product-gallery-with-no-image","12":"ast-product-tabs-layout-horizontal","14":"first","15":"instock","16":"shipping-taxable","17":"purchasable","18":"product-type-simple"},"yoast_head":"<!-- This site is optimized with the Yoast SEO plugin v25.2 - https:\/\/yoast.com\/wordpress\/plugins\/seo\/ -->\n<title>Flat Webbing Sling 3 Ton Polyester Double Duplex<\/title>\n<meta name=\"robots\" content=\"index, follow, max-snippet:-1, max-image-preview:large, max-video-preview:-1\" \/>\n<link rel=\"canonical\" href=\"https:\/\/qingdaohf.com\/ro\/produs\/chinga-sling-3-tone\/\" \/>\n<meta property=\"og:locale\" content=\"ro_RO\" \/>\n<meta property=\"og:type\" content=\"article\" \/>\n<meta property=\"og:title\" content=\"Flat Webbing Sling 3 Ton Polyester Double Duplex\" \/>\n<meta property=\"og:description\" content=\"The 3-ton webbing sling offered by Qingdao H&amp;F is an essential tool for safe and effective lifting in a variety of industrial applications. Buyers often seek assurance regarding load security, durability, and the ease of use of lifting equipment. This sling meets those needs, boasting a strong construction designed for handling heavier loads with reliability. As a trading company, we pride ourselves on delivering exceptional value through one-on-one customer service, rapid delivery cycles, and comprehensive quality inspection reports, ensuring that each product is up to the highest standards of safety and performance.\" \/>\n<meta property=\"og:url\" content=\"https:\/\/qingdaohf.com\/ro\/produs\/chinga-sling-3-tone\/\" \/>\n<meta property=\"og:site_name\" content=\"Concrete Form &amp; Rigging Hardware Supplier\" \/>\n<meta property=\"article:publisher\" content=\"https:\/\/www.facebook.com\/qingdaohf\" \/>\n<meta property=\"article:modified_time\" content=\"2025-11-13T01:02:53+00:00\" \/>\n<meta property=\"og:image\" content=\"https:\/\/qingdaohf.com\/wp-content\/uploads\/2024\/10\/3-ton-webbing-sling_1.webp\" \/>\n\t<meta property=\"og:image:width\" content=\"1000\" \/>\n\t<meta property=\"og:image:height\" content=\"1000\" \/>\n\t<meta property=\"og:image:type\" content=\"image\/webp\" \/>\n<meta name=\"twitter:card\" content=\"summary_large_image\" \/>\n<meta name=\"twitter:label1\" content=\"Timp estimat pentru citire\" \/>\n\t<meta name=\"twitter:data1\" content=\"5 minute\" \/>\n<script type=\"application\/ld+json\" class=\"yoast-schema-graph\">{\"@context\":\"https:\/\/schema.org\",\"@graph\":[{\"@type\":\"WebPage\",\"@id\":\"https:\/\/qingdaohf.com\/product\/webbing-sling-3-ton\/\",\"url\":\"https:\/\/qingdaohf.com\/product\/webbing-sling-3-ton\/\",\"name\":\"Flat Webbing Sling 3 Ton Polyester Double Duplex\",\"isPartOf\":{\"@id\":\"https:\/\/qingdaohf.com\/bg\/#website\"},\"primaryImageOfPage\":{\"@id\":\"https:\/\/qingdaohf.com\/product\/webbing-sling-3-ton\/#primaryimage\"},\"image\":{\"@id\":\"https:\/\/qingdaohf.com\/product\/webbing-sling-3-ton\/#primaryimage\"},\"thumbnailUrl\":\"https:\/\/qingdaohf.com\/wp-content\/uploads\/2024\/10\/3-ton-webbing-sling_1.webp\",\"datePublished\":\"2024-11-05T08:43:34+00:00\",\"dateModified\":\"2025-11-13T01:02:53+00:00\",\"breadcrumb\":{\"@id\":\"https:\/\/qingdaohf.com\/product\/webbing-sling-3-ton\/#breadcrumb\"},\"inLanguage\":\"ro-RO\",\"potentialAction\":[{\"@type\":\"ReadAction\",\"target\":[\"https:\/\/qingdaohf.com\/product\/webbing-sling-3-ton\/\"]}]},{\"@type\":\"ImageObject\",\"inLanguage\":\"ro-RO\",\"@id\":\"https:\/\/qingdaohf.com\/product\/webbing-sling-3-ton\/#primaryimage\",\"url\":\"https:\/\/qingdaohf.com\/wp-content\/uploads\/2024\/10\/3-ton-webbing-sling_1.webp\",\"contentUrl\":\"https:\/\/qingdaohf.com\/wp-content\/uploads\/2024\/10\/3-ton-webbing-sling_1.webp\",\"width\":1000,\"height\":1000,\"caption\":\"3 ton webbing sling_1\"},{\"@type\":\"BreadcrumbList\",\"@id\":\"https:\/\/qingdaohf.com\/product\/webbing-sling-3-ton\/#breadcrumb\",\"itemListElement\":[{\"@type\":\"ListItem\",\"position\":1,\"name\":\"Home\",\"item\":\"https:\/\/qingdaohf.com\/\"},{\"@type\":\"ListItem\",\"position\":2,\"name\":\"Concrete Forming Accessories and Rigging Hardware\",\"item\":\"https:\/\/qingdaohf.com\/bg\/?page_id=944\"},{\"@type\":\"ListItem\",\"position\":3,\"name\":\"Flat Webbing Sling 3 Ton Polyester Double Duplex\"}]},{\"@type\":\"WebSite\",\"@id\":\"https:\/\/qingdaohf.com\/bg\/#website\",\"url\":\"https:\/\/qingdaohf.com\/bg\/\",\"name\":\"Concrete Form & Rigging Hardware Supplier\",\"description\":\"\",\"publisher\":{\"@id\":\"https:\/\/qingdaohf.com\/bg\/#organization\"},\"potentialAction\":[{\"@type\":\"SearchAction\",\"target\":{\"@type\":\"EntryPoint\",\"urlTemplate\":\"https:\/\/qingdaohf.com\/bg\/?s={search_term_string}\"},\"query-input\":{\"@type\":\"PropertyValueSpecification\",\"valueRequired\":true,\"valueName\":\"search_term_string\"}}],\"inLanguage\":\"ro-RO\"},{\"@type\":\"Organization\",\"@id\":\"https:\/\/qingdaohf.com\/bg\/#organization\",\"name\":\"Qingdao H&F\",\"url\":\"https:\/\/qingdaohf.com\/bg\/\",\"logo\":{\"@type\":\"ImageObject\",\"inLanguage\":\"ro-RO\",\"@id\":\"https:\/\/qingdaohf.com\/bg\/#\/schema\/logo\/image\/\",\"url\":\"https:\/\/qingdaohf.com\/wp-content\/uploads\/2022\/12\/cropped-HF-LOGO.png\",\"contentUrl\":\"https:\/\/qingdaohf.com\/wp-content\/uploads\/2022\/12\/cropped-HF-LOGO.png\",\"width\":391,\"height\":249,\"caption\":\"Qingdao H&F\"},\"image\":{\"@id\":\"https:\/\/qingdaohf.com\/bg\/#\/schema\/logo\/image\/\"},\"sameAs\":[\"https:\/\/www.facebook.com\/qingdaohf\"]}]}<\/script>\n<!-- \/ Yoast SEO plugin. -->","yoast_head_json":{"title":"Flat Webbing Sling 3 Ton Polyester Double Duplex","robots":{"index":"index","follow":"follow","max-snippet":"max-snippet:-1","max-image-preview":"max-image-preview:large","max-video-preview":"max-video-preview:-1"},"canonical":"https:\/\/qingdaohf.com\/ro\/produs\/chinga-sling-3-tone\/","og_locale":"ro_RO","og_type":"article","og_title":"Flat Webbing Sling 3 Ton Polyester Double Duplex","og_description":"The 3-ton webbing sling offered by Qingdao H&amp;F is an essential tool for safe and effective lifting in a variety of industrial applications. Buyers often seek assurance regarding load security, durability, and the ease of use of lifting equipment. This sling meets those needs, boasting a strong construction designed for handling heavier loads with reliability. As a trading company, we pride ourselves on delivering exceptional value through one-on-one customer service, rapid delivery cycles, and comprehensive quality inspection reports, ensuring that each product is up to the highest standards of safety and performance.","og_url":"https:\/\/qingdaohf.com\/ro\/produs\/chinga-sling-3-tone\/","og_site_name":"Concrete Form &amp; Rigging Hardware Supplier","article_publisher":"https:\/\/www.facebook.com\/qingdaohf","article_modified_time":"2025-11-13T01:02:53+00:00","og_image":[{"width":1000,"height":1000,"url":"https:\/\/qingdaohf.com\/wp-content\/uploads\/2024\/10\/3-ton-webbing-sling_1.webp","type":"image\/webp"}],"twitter_card":"summary_large_image","twitter_misc":{"Timp estimat pentru citire":"5 minute"},"schema":{"@context":"https:\/\/schema.org","@graph":[{"@type":"WebPage","@id":"https:\/\/qingdaohf.com\/product\/webbing-sling-3-ton\/","url":"https:\/\/qingdaohf.com\/product\/webbing-sling-3-ton\/","name":"Flat Webbing Sling 3 Ton Polyester Double Duplex","isPartOf":{"@id":"https:\/\/qingdaohf.com\/bg\/#website"},"primaryImageOfPage":{"@id":"https:\/\/qingdaohf.com\/product\/webbing-sling-3-ton\/#primaryimage"},"image":{"@id":"https:\/\/qingdaohf.com\/product\/webbing-sling-3-ton\/#primaryimage"},"thumbnailUrl":"https:\/\/qingdaohf.com\/wp-content\/uploads\/2024\/10\/3-ton-webbing-sling_1.webp","datePublished":"2024-11-05T08:43:34+00:00","dateModified":"2025-11-13T01:02:53+00:00","breadcrumb":{"@id":"https:\/\/qingdaohf.com\/product\/webbing-sling-3-ton\/#breadcrumb"},"inLanguage":"ro-RO","potentialAction":[{"@type":"ReadAction","target":["https:\/\/qingdaohf.com\/product\/webbing-sling-3-ton\/"]}]},{"@type":"ImageObject","inLanguage":"ro-RO","@id":"https:\/\/qingdaohf.com\/product\/webbing-sling-3-ton\/#primaryimage","url":"https:\/\/qingdaohf.com\/wp-content\/uploads\/2024\/10\/3-ton-webbing-sling_1.webp","contentUrl":"https:\/\/qingdaohf.com\/wp-content\/uploads\/2024\/10\/3-ton-webbing-sling_1.webp","width":1000,"height":1000,"caption":"3 ton webbing sling_1"},{"@type":"BreadcrumbList","@id":"https:\/\/qingdaohf.com\/product\/webbing-sling-3-ton\/#breadcrumb","itemListElement":[{"@type":"ListItem","position":1,"name":"Home","item":"https:\/\/qingdaohf.com\/"},{"@type":"ListItem","position":2,"name":"Concrete Forming Accessories and Rigging Hardware","item":"https:\/\/qingdaohf.com\/bg\/?page_id=944"},{"@type":"ListItem","position":3,"name":"Flat Webbing Sling 3 Ton Polyester Double Duplex"}]},{"@type":"WebSite","@id":"https:\/\/qingdaohf.com\/bg\/#website","url":"https:\/\/qingdaohf.com\/bg\/","name":"Concrete Form & Rigging Hardware Supplier","description":"","publisher":{"@id":"https:\/\/qingdaohf.com\/bg\/#organization"},"potentialAction":[{"@type":"SearchAction","target":{"@type":"EntryPoint","urlTemplate":"https:\/\/qingdaohf.com\/bg\/?s={search_term_string}"},"query-input":{"@type":"PropertyValueSpecification","valueRequired":true,"valueName":"search_term_string"}}],"inLanguage":"ro-RO"},{"@type":"Organization","@id":"https:\/\/qingdaohf.com\/bg\/#organization","name":"Qingdao H&F","url":"https:\/\/qingdaohf.com\/bg\/","logo":{"@type":"ImageObject","inLanguage":"ro-RO","@id":"https:\/\/qingdaohf.com\/bg\/#\/schema\/logo\/image\/","url":"https:\/\/qingdaohf.com\/wp-content\/uploads\/2022\/12\/cropped-HF-LOGO.png","contentUrl":"https:\/\/qingdaohf.com\/wp-content\/uploads\/2022\/12\/cropped-HF-LOGO.png","width":391,"height":249,"caption":"Qingdao H&F"},"image":{"@id":"https:\/\/qingdaohf.com\/bg\/#\/schema\/logo\/image\/"},"sameAs":["https:\/\/www.facebook.com\/qingdaohf"]}]}},"_links":{"self":[{"href":"https:\/\/qingdaohf.com\/ro\/wp-json\/wp\/v2\/product\/8280","targetHints":{"allow":["GET"]}}],"collection":[{"href":"https:\/\/qingdaohf.com\/ro\/wp-json\/wp\/v2\/product"}],"about":[{"href":"https:\/\/qingdaohf.com\/ro\/wp-json\/wp\/v2\/types\/product"}],"replies":[{"embeddable":true,"href":"https:\/\/qingdaohf.com\/ro\/wp-json\/wp\/v2\/comments?post=8280"}],"version-history":[{"count":2,"href":"https:\/\/qingdaohf.com\/ro\/wp-json\/wp\/v2\/product\/8280\/revisions"}],"predecessor-version":[{"id":8338,"href":"https:\/\/qingdaohf.com\/ro\/wp-json\/wp\/v2\/product\/8280\/revisions\/8338"}],"wp:featuredmedia":[{"embeddable":true,"href":"https:\/\/qingdaohf.com\/ro\/wp-json\/wp\/v2\/media\/8197"}],"wp:attachment":[{"href":"https:\/\/qingdaohf.com\/ro\/wp-json\/wp\/v2\/media?parent=8280"}],"wp:term":[{"taxonomy":"product_brand","embeddable":true,"href":"https:\/\/qingdaohf.com\/ro\/wp-json\/wp\/v2\/product_brand?post=8280"},{"taxonomy":"product_cat","embeddable":true,"href":"https:\/\/qingdaohf.com\/ro\/wp-json\/wp\/v2\/product_cat?post=8280"},{"taxonomy":"product_tag","embeddable":true,"href":"https:\/\/qingdaohf.com\/ro\/wp-json\/wp\/v2\/product_tag?post=8280"}],"curies":[{"name":"wp","href":"https:\/\/api.w.org\/{rel}","templated":true}]}}