{"id":8283,"date":"2024-11-05T17:52:39","date_gmt":"2024-11-05T09:52:39","guid":{"rendered":"http:\/\/qingdaohf.com\/?post_type=product&#038;p=8283"},"modified":"2025-11-13T09:02:53","modified_gmt":"2025-11-13T01:02:53","slug":"webbing-sling-4-ton","status":"publish","type":"product","link":"https:\/\/qingdaohf.com\/ro\/produs\/sling-cu-chingi-4-tone\/","title":{"rendered":"Flat Webbing Sling 4 tone poliester dublu duplex"},"content":{"rendered":"<h4>Performan\u021b\u0103 superioar\u0103 \u0219i caracteristici cheie ale chingii 4-Ton Webbing Sling<\/h4>\n<p>C\u00e2nd vine vorba de echipamente de ridicare grele, fiabilitatea, siguran\u021ba \u0219i durabilitatea sunt factori esen\u021biali pentru cump\u0103r\u0103torii industriali. Slingul Qingdao H&amp;F cu band\u0103 de 4 tone este creat pentru a servi industriilor care necesit\u0103 solu\u021bii sigure \u0219i fiabile pentru gestionarea \u00eenc\u0103rc\u0103turilor grele. Aceast\u0103 sling\u0103 este fabricat\u0103 din fibre de poliester de \u00eenalt\u0103 rezisten\u021b\u0103 care rezist\u0103 la abraziune \u0219i degradare UV, oferind at\u00e2t longevitate, c\u00e2t \u0219i rezilien\u021b\u0103. Capabil\u0103 s\u0103 ridice \u00eenc\u0103rc\u0103turi de p\u00e2n\u0103 la 4 tone, aceast\u0103 sling\u0103 cu chingi este ideal\u0103 pentru o varietate de aplica\u021bii, de la \u0219antiere de construc\u021bii \u0219i depozite la logistic\u0103 \u0219i transport.<\/p>\n<p>Calitatea este piatra de temelie a ofertelor Qingdao H&amp;F. Fiecare sling\u0103 de 4 tone este supus\u0103 unor teste riguroase, rapoartele de inspec\u021bie a calit\u0103\u021bii fiind disponibile pentru a verifica conformitatea sa cu standardele interna\u021bionale. Cump\u0103r\u0103torii pot sta lini\u0219ti\u021bi \u0219tiind c\u0103 fiecare produs a fost inspectat minu\u021bios, minimiz\u00e2nd riscul de uzur\u0103 sau defec\u021biune sub sarcin\u0103. Utilizarea materialelor durabile \u0219i a tehnicilor precise de fabrica\u021bie asigur\u0103 faptul c\u0103 aceast\u0103 sling\u0103 cu chingi \u00ee\u0219i men\u021bine rezisten\u021ba \u0219i func\u021bionalitatea chiar \u0219i \u00een condi\u021bii dificile. Angajamentul Qingdao H&amp;F de a oferi livrare de la depozit la depozit simplific\u0103, de asemenea, procesul de cump\u0103rare, oferind acces rapid la echipamente esen\u021biale f\u0103r\u0103 \u00eent\u00e2rzieri.<\/p>\n<h4>Adaptat la necesit\u0103\u021bile industriei: Siguran\u021b\u0103, eficien\u021b\u0103 \u0219i fiabilitate<\/h4>\n<p>Siguran\u021ba este primordial\u0103 \u00een ridicarea industrial\u0103. E\u0219afodajul cu chingi de 4 tone de la Qingdao H&amp;F este proiectat s\u0103 \u00eendeplineasc\u0103 \u0219i s\u0103 dep\u0103\u0219easc\u0103 standardele de siguran\u021b\u0103, asigur\u00e2nd c\u0103 operatorii pot manipula \u00eenc\u0103rc\u0103turi grele cu \u00eencredere. Suprafa\u021ba larg\u0103 a slingului reduce punctele de presiune asupra \u00eenc\u0103rc\u0103turii, distribuind greutatea \u00een mod egal pentru a preveni deteriorarea. \u00cen aplica\u021biile \u00een care integritatea \u00eenc\u0103rc\u0103turii este esen\u021bial\u0103, aceast\u0103 caracteristic\u0103 de proiectare este nepre\u021buit\u0103, minimiz\u00e2nd riscul de alunecare sau de deplasare brusc\u0103 a \u00eenc\u0103rc\u0103turii \u00een timpul manipul\u0103rii. Aceast\u0103 aten\u021bie la detalii \u00een proiectare \u0219i construc\u021bie subliniaz\u0103 dedicarea Qingdao H&amp;F de a \u00eendeplini cerin\u021bele industriei pentru gestionarea sigur\u0103 \u0219i eficient\u0103 a \u00eenc\u0103rc\u0103turii.<\/p>\n<p>Unul dintre aspectele notabile ale ofertelor Qingdao H&amp;F este experien\u021ba personalizat\u0103 a serviciilor pentru clien\u021bi. Aceast\u0103 abordare personalizat\u0103 permite cump\u0103r\u0103torilor s\u0103 discute despre nevoile lor specifice \u0219i s\u0103 ob\u021bin\u0103 recomand\u0103ri personalizate, facilit\u00e2nd selectarea celei mai bune pra\u0219tiere cu chingi pentru anumite aplica\u021bii. Cu un ciclu de livrare rapid \u0219i o echip\u0103 de servicii pentru clien\u021bi receptiv\u0103, Qingdao H&amp;F se asigur\u0103 c\u0103 clien\u021bii primesc asisten\u021b\u0103 \u00een timp util \u0219i \u00eendrum\u0103ri precise privind produsele, reduc\u00e2nd \u00een continuare timpii mor\u021bi \u0219i \u00eembun\u0103t\u0103\u021bind eficien\u021ba opera\u021bional\u0103.<\/p>\n<h4>Abordarea centrat\u0103 pe client a Qingdao H&amp;F: Asigurarea calit\u0103\u021bii \u0219i promptitudinii<\/h4>\n<p>Reputa\u021bia de fiabilitate a Qingdao H&amp;F se extinde dincolo de calitatea produselor sale, cuprinz\u00e2nd \u00eentreaga experien\u021b\u0103 a clien\u021bilor s\u0103i. Ca societate comercial\u0103 B2B cu dou\u0103 decenii de experien\u021b\u0103, Qingdao H&amp;F \u00een\u021belege importan\u021ba critic\u0103 a livr\u0103rilor la timp \u0219i a asigur\u0103rii calit\u0103\u021bii. Fiecare sling cu chingi de 4 tone este disponibil cu rapoarte complete de inspec\u021bie a calit\u0103\u021bii, oferind transparen\u021b\u0103 \u0219i asigurare cump\u0103r\u0103torilor. Aceste rapoarte valideaz\u0103 faptul c\u0103 produsul a fost supus unor teste riguroase, confirm\u00e2ndu-i capacitatea, durabilitatea \u0219i conformitatea cu normele de siguran\u021b\u0103.<\/p>\n<p>\u00cen plus fa\u021b\u0103 de calitatea produselor, Qingdao H&amp;F pune accentul pe oferirea unei experien\u021be optime de cump\u0103rare. Logistica ra\u021bionalizat\u0103 a companiei \u0219i serviciul de la depozit la depozit asigur\u0103 faptul c\u0103 cump\u0103r\u0103torii \u00ee\u0219i pot primi comenzile cu un timp de a\u0219teptare minim, o caracteristic\u0103 esen\u021bial\u0103 pentru companiile care opereaz\u0103 cu programe stricte. \u00cen plus, serviciul dedicat clien\u021bilor oferit de Qingdao H&amp;F adaug\u0103 o valoare semnificativ\u0103, ajut\u00e2nd clien\u021bii s\u0103 navigheze printre selec\u021biile de produse \u0219i s\u0103 ob\u021bin\u0103 informa\u021bii adaptate cerin\u021belor lor de ridicare.<\/p>","protected":false},"excerpt":{"rendered":"<p>E\u0219afodajul cu chingi de 4 tone este proiectat pentru a satisface cerin\u021bele cheie ale cump\u0103r\u0103torilor industriali, combin\u00e2nd rezisten\u021ba \u0219i fiabilitatea pentru opera\u021biunile de ridicare la sarcini grele. Aceast\u0103 sling\u0103 cu chingi asigur\u0103 o ridicare sigur\u0103 \u0219i eficient\u0103 pentru sarcini de p\u00e2n\u0103 la 4 tone, r\u0103spunz\u00e2nd preocup\u0103rilor cump\u0103r\u0103torilor, cum ar fi durabilitatea, calitatea materialelor \u0219i conformitatea cu standardele de siguran\u021b\u0103. \u00cen calitate de partener comercial de \u00eencredere cu 20 de ani de experien\u021b\u0103, Qingdao H&amp;F ofer\u0103 asisten\u021b\u0103 personalizat\u0103 clien\u021bilor, un ciclu de livrare rapid \u0219i rapoarte complete de inspec\u021bie a calit\u0103\u021bii pentru a asigura integritatea produselor. Aceast\u0103 abordare orientat\u0103 spre servicii adaug\u0103 valoare prin promovarea \u00eencrederii \u0219i fiabilit\u0103\u021bii \u00een fiecare achizi\u021bie.<\/p>","protected":false},"featured_media":8195,"comment_status":"open","ping_status":"closed","template":"","meta":{"site-sidebar-layout":"default","site-content-layout":"","ast-site-content-layout":"default","site-content-style":"default","site-sidebar-style":"default","ast-global-header-display":"","ast-banner-title-visibility":"","ast-main-header-display":"","ast-hfb-above-header-display":"","ast-hfb-below-header-display":"","ast-hfb-mobile-header-display":"","site-post-title":"","ast-breadcrumbs-content":"","ast-featured-img":"","footer-sml-layout":"","theme-transparent-header-meta":"default","adv-header-id-meta":"","stick-header-meta":"default","header-above-stick-meta":"","header-main-stick-meta":"","header-below-stick-meta":"","astra-migrate-meta-layouts":"set","ast-page-background-enabled":"default","ast-page-background-meta":{"desktop":{"background-color":"","background-image":"","background-repeat":"repeat","background-position":"center center","background-size":"auto","background-attachment":"scroll","background-type":"","background-media":"","overlay-type":"","overlay-color":"","overlay-opacity":"","overlay-gradient":""},"tablet":{"background-color":"","background-image":"","background-repeat":"repeat","background-position":"center center","background-size":"auto","background-attachment":"scroll","background-type":"","background-media":"","overlay-type":"","overlay-color":"","overlay-opacity":"","overlay-gradient":""},"mobile":{"background-color":"","background-image":"","background-repeat":"repeat","background-position":"center center","background-size":"auto","background-attachment":"scroll","background-type":"","background-media":"","overlay-type":"","overlay-color":"","overlay-opacity":"","overlay-gradient":""}},"ast-content-background-meta":{"desktop":{"background-color":"var(--ast-global-color-5)","background-image":"","background-repeat":"repeat","background-position":"center center","background-size":"auto","background-attachment":"scroll","background-type":"","background-media":"","overlay-type":"","overlay-color":"","overlay-opacity":"","overlay-gradient":""},"tablet":{"background-color":"var(--ast-global-color-5)","background-image":"","background-repeat":"repeat","background-position":"center center","background-size":"auto","background-attachment":"scroll","background-type":"","background-media":"","overlay-type":"","overlay-color":"","overlay-opacity":"","overlay-gradient":""},"mobile":{"background-color":"var(--ast-global-color-5)","background-image":"","background-repeat":"repeat","background-position":"center center","background-size":"auto","background-attachment":"scroll","background-type":"","background-media":"","overlay-type":"","overlay-color":"","overlay-opacity":"","overlay-gradient":""}}},"product_brand":[],"product_cat":[39],"product_tag":[],"class_list":{"0":"post-8283","1":"product","2":"type-product","3":"status-publish","4":"has-post-thumbnail","6":"product_cat-webbing-sling","7":"desktop-align-left","8":"tablet-align-left","9":"mobile-align-left","10":"ast-product-gallery-layout-horizontal-slider","11":"ast-product-gallery-with-no-image","12":"ast-product-tabs-layout-horizontal","14":"first","15":"instock","16":"shipping-taxable","17":"purchasable","18":"product-type-simple"},"yoast_head":"<!-- This site is optimized with the Yoast SEO plugin v25.2 - https:\/\/yoast.com\/wordpress\/plugins\/seo\/ -->\n<title>Flat Webbing Sling 4 Ton Polyester Double Duplex<\/title>\n<meta name=\"robots\" content=\"index, follow, max-snippet:-1, max-image-preview:large, max-video-preview:-1\" \/>\n<link rel=\"canonical\" href=\"https:\/\/qingdaohf.com\/ro\/produs\/sling-cu-chingi-4-tone\/\" \/>\n<meta property=\"og:locale\" content=\"ro_RO\" \/>\n<meta property=\"og:type\" content=\"article\" \/>\n<meta property=\"og:title\" content=\"Flat Webbing Sling 4 Ton Polyester Double Duplex\" \/>\n<meta property=\"og:description\" content=\"4 Ton Webbing Sling is designed to meet the key demands of industrial buyers, combining strength and reliability for heavy-duty lifting operations. This webbing sling assures secure and efficient lifting for loads up to 4 tons, addressing buyer concerns such as durability, material quality, and compliance with safety standards. As a trusted trading partner with 20 years of experience, Qingdao H&amp;F provides one-on-one customer support, a fast delivery cycle, and comprehensive quality inspection reports to ensure product integrity. This service-oriented approach adds value by fostering confidence and reliability in every purchase.\" \/>\n<meta property=\"og:url\" content=\"https:\/\/qingdaohf.com\/ro\/produs\/sling-cu-chingi-4-tone\/\" \/>\n<meta property=\"og:site_name\" content=\"Concrete Form &amp; Rigging Hardware Supplier\" \/>\n<meta property=\"article:publisher\" content=\"https:\/\/www.facebook.com\/qingdaohf\" \/>\n<meta property=\"article:modified_time\" content=\"2025-11-13T01:02:53+00:00\" \/>\n<meta property=\"og:image\" content=\"https:\/\/qingdaohf.com\/wp-content\/uploads\/2024\/10\/4ton-sling_1.webp\" \/>\n\t<meta property=\"og:image:width\" content=\"1000\" \/>\n\t<meta property=\"og:image:height\" content=\"1000\" \/>\n\t<meta property=\"og:image:type\" content=\"image\/webp\" \/>\n<meta name=\"twitter:card\" content=\"summary_large_image\" \/>\n<meta name=\"twitter:label1\" content=\"Timp estimat pentru citire\" \/>\n\t<meta name=\"twitter:data1\" content=\"3 minute\" \/>\n<script type=\"application\/ld+json\" class=\"yoast-schema-graph\">{\"@context\":\"https:\/\/schema.org\",\"@graph\":[{\"@type\":\"WebPage\",\"@id\":\"https:\/\/qingdaohf.com\/product\/webbing-sling-4-ton\/\",\"url\":\"https:\/\/qingdaohf.com\/product\/webbing-sling-4-ton\/\",\"name\":\"Flat Webbing Sling 4 Ton Polyester Double Duplex\",\"isPartOf\":{\"@id\":\"https:\/\/qingdaohf.com\/bg\/#website\"},\"primaryImageOfPage\":{\"@id\":\"https:\/\/qingdaohf.com\/product\/webbing-sling-4-ton\/#primaryimage\"},\"image\":{\"@id\":\"https:\/\/qingdaohf.com\/product\/webbing-sling-4-ton\/#primaryimage\"},\"thumbnailUrl\":\"https:\/\/qingdaohf.com\/wp-content\/uploads\/2024\/10\/4ton-sling_1.webp\",\"datePublished\":\"2024-11-05T09:52:39+00:00\",\"dateModified\":\"2025-11-13T01:02:53+00:00\",\"breadcrumb\":{\"@id\":\"https:\/\/qingdaohf.com\/product\/webbing-sling-4-ton\/#breadcrumb\"},\"inLanguage\":\"ro-RO\",\"potentialAction\":[{\"@type\":\"ReadAction\",\"target\":[\"https:\/\/qingdaohf.com\/product\/webbing-sling-4-ton\/\"]}]},{\"@type\":\"ImageObject\",\"inLanguage\":\"ro-RO\",\"@id\":\"https:\/\/qingdaohf.com\/product\/webbing-sling-4-ton\/#primaryimage\",\"url\":\"https:\/\/qingdaohf.com\/wp-content\/uploads\/2024\/10\/4ton-sling_1.webp\",\"contentUrl\":\"https:\/\/qingdaohf.com\/wp-content\/uploads\/2024\/10\/4ton-sling_1.webp\",\"width\":1000,\"height\":1000,\"caption\":\"Webbing Sling 4 Ton\"},{\"@type\":\"BreadcrumbList\",\"@id\":\"https:\/\/qingdaohf.com\/product\/webbing-sling-4-ton\/#breadcrumb\",\"itemListElement\":[{\"@type\":\"ListItem\",\"position\":1,\"name\":\"Home\",\"item\":\"https:\/\/qingdaohf.com\/\"},{\"@type\":\"ListItem\",\"position\":2,\"name\":\"Concrete Forming Accessories and Rigging Hardware\",\"item\":\"https:\/\/qingdaohf.com\/bg\/?page_id=944\"},{\"@type\":\"ListItem\",\"position\":3,\"name\":\"Flat Webbing Sling 4 Ton Polyester Double Duplex\"}]},{\"@type\":\"WebSite\",\"@id\":\"https:\/\/qingdaohf.com\/bg\/#website\",\"url\":\"https:\/\/qingdaohf.com\/bg\/\",\"name\":\"Concrete Form & Rigging Hardware Supplier\",\"description\":\"\",\"publisher\":{\"@id\":\"https:\/\/qingdaohf.com\/bg\/#organization\"},\"potentialAction\":[{\"@type\":\"SearchAction\",\"target\":{\"@type\":\"EntryPoint\",\"urlTemplate\":\"https:\/\/qingdaohf.com\/bg\/?s={search_term_string}\"},\"query-input\":{\"@type\":\"PropertyValueSpecification\",\"valueRequired\":true,\"valueName\":\"search_term_string\"}}],\"inLanguage\":\"ro-RO\"},{\"@type\":\"Organization\",\"@id\":\"https:\/\/qingdaohf.com\/bg\/#organization\",\"name\":\"Qingdao H&F\",\"url\":\"https:\/\/qingdaohf.com\/bg\/\",\"logo\":{\"@type\":\"ImageObject\",\"inLanguage\":\"ro-RO\",\"@id\":\"https:\/\/qingdaohf.com\/bg\/#\/schema\/logo\/image\/\",\"url\":\"https:\/\/qingdaohf.com\/wp-content\/uploads\/2022\/12\/cropped-HF-LOGO.png\",\"contentUrl\":\"https:\/\/qingdaohf.com\/wp-content\/uploads\/2022\/12\/cropped-HF-LOGO.png\",\"width\":391,\"height\":249,\"caption\":\"Qingdao H&F\"},\"image\":{\"@id\":\"https:\/\/qingdaohf.com\/bg\/#\/schema\/logo\/image\/\"},\"sameAs\":[\"https:\/\/www.facebook.com\/qingdaohf\"]}]}<\/script>\n<!-- \/ Yoast SEO plugin. -->","yoast_head_json":{"title":"Flat Webbing Sling 4 Ton Polyester Double Duplex","robots":{"index":"index","follow":"follow","max-snippet":"max-snippet:-1","max-image-preview":"max-image-preview:large","max-video-preview":"max-video-preview:-1"},"canonical":"https:\/\/qingdaohf.com\/ro\/produs\/sling-cu-chingi-4-tone\/","og_locale":"ro_RO","og_type":"article","og_title":"Flat Webbing Sling 4 Ton Polyester Double Duplex","og_description":"4 Ton Webbing Sling is designed to meet the key demands of industrial buyers, combining strength and reliability for heavy-duty lifting operations. This webbing sling assures secure and efficient lifting for loads up to 4 tons, addressing buyer concerns such as durability, material quality, and compliance with safety standards. As a trusted trading partner with 20 years of experience, Qingdao H&amp;F provides one-on-one customer support, a fast delivery cycle, and comprehensive quality inspection reports to ensure product integrity. This service-oriented approach adds value by fostering confidence and reliability in every purchase.","og_url":"https:\/\/qingdaohf.com\/ro\/produs\/sling-cu-chingi-4-tone\/","og_site_name":"Concrete Form &amp; Rigging Hardware Supplier","article_publisher":"https:\/\/www.facebook.com\/qingdaohf","article_modified_time":"2025-11-13T01:02:53+00:00","og_image":[{"width":1000,"height":1000,"url":"https:\/\/qingdaohf.com\/wp-content\/uploads\/2024\/10\/4ton-sling_1.webp","type":"image\/webp"}],"twitter_card":"summary_large_image","twitter_misc":{"Timp estimat pentru citire":"3 minute"},"schema":{"@context":"https:\/\/schema.org","@graph":[{"@type":"WebPage","@id":"https:\/\/qingdaohf.com\/product\/webbing-sling-4-ton\/","url":"https:\/\/qingdaohf.com\/product\/webbing-sling-4-ton\/","name":"Flat Webbing Sling 4 Ton Polyester Double Duplex","isPartOf":{"@id":"https:\/\/qingdaohf.com\/bg\/#website"},"primaryImageOfPage":{"@id":"https:\/\/qingdaohf.com\/product\/webbing-sling-4-ton\/#primaryimage"},"image":{"@id":"https:\/\/qingdaohf.com\/product\/webbing-sling-4-ton\/#primaryimage"},"thumbnailUrl":"https:\/\/qingdaohf.com\/wp-content\/uploads\/2024\/10\/4ton-sling_1.webp","datePublished":"2024-11-05T09:52:39+00:00","dateModified":"2025-11-13T01:02:53+00:00","breadcrumb":{"@id":"https:\/\/qingdaohf.com\/product\/webbing-sling-4-ton\/#breadcrumb"},"inLanguage":"ro-RO","potentialAction":[{"@type":"ReadAction","target":["https:\/\/qingdaohf.com\/product\/webbing-sling-4-ton\/"]}]},{"@type":"ImageObject","inLanguage":"ro-RO","@id":"https:\/\/qingdaohf.com\/product\/webbing-sling-4-ton\/#primaryimage","url":"https:\/\/qingdaohf.com\/wp-content\/uploads\/2024\/10\/4ton-sling_1.webp","contentUrl":"https:\/\/qingdaohf.com\/wp-content\/uploads\/2024\/10\/4ton-sling_1.webp","width":1000,"height":1000,"caption":"Webbing Sling 4 Ton"},{"@type":"BreadcrumbList","@id":"https:\/\/qingdaohf.com\/product\/webbing-sling-4-ton\/#breadcrumb","itemListElement":[{"@type":"ListItem","position":1,"name":"Home","item":"https:\/\/qingdaohf.com\/"},{"@type":"ListItem","position":2,"name":"Concrete Forming Accessories and Rigging Hardware","item":"https:\/\/qingdaohf.com\/bg\/?page_id=944"},{"@type":"ListItem","position":3,"name":"Flat Webbing Sling 4 Ton Polyester Double Duplex"}]},{"@type":"WebSite","@id":"https:\/\/qingdaohf.com\/bg\/#website","url":"https:\/\/qingdaohf.com\/bg\/","name":"Concrete Form & Rigging Hardware Supplier","description":"","publisher":{"@id":"https:\/\/qingdaohf.com\/bg\/#organization"},"potentialAction":[{"@type":"SearchAction","target":{"@type":"EntryPoint","urlTemplate":"https:\/\/qingdaohf.com\/bg\/?s={search_term_string}"},"query-input":{"@type":"PropertyValueSpecification","valueRequired":true,"valueName":"search_term_string"}}],"inLanguage":"ro-RO"},{"@type":"Organization","@id":"https:\/\/qingdaohf.com\/bg\/#organization","name":"Qingdao H&F","url":"https:\/\/qingdaohf.com\/bg\/","logo":{"@type":"ImageObject","inLanguage":"ro-RO","@id":"https:\/\/qingdaohf.com\/bg\/#\/schema\/logo\/image\/","url":"https:\/\/qingdaohf.com\/wp-content\/uploads\/2022\/12\/cropped-HF-LOGO.png","contentUrl":"https:\/\/qingdaohf.com\/wp-content\/uploads\/2022\/12\/cropped-HF-LOGO.png","width":391,"height":249,"caption":"Qingdao H&F"},"image":{"@id":"https:\/\/qingdaohf.com\/bg\/#\/schema\/logo\/image\/"},"sameAs":["https:\/\/www.facebook.com\/qingdaohf"]}]}},"_links":{"self":[{"href":"https:\/\/qingdaohf.com\/ro\/wp-json\/wp\/v2\/product\/8283","targetHints":{"allow":["GET"]}}],"collection":[{"href":"https:\/\/qingdaohf.com\/ro\/wp-json\/wp\/v2\/product"}],"about":[{"href":"https:\/\/qingdaohf.com\/ro\/wp-json\/wp\/v2\/types\/product"}],"replies":[{"embeddable":true,"href":"https:\/\/qingdaohf.com\/ro\/wp-json\/wp\/v2\/comments?post=8283"}],"version-history":[{"count":2,"href":"https:\/\/qingdaohf.com\/ro\/wp-json\/wp\/v2\/product\/8283\/revisions"}],"predecessor-version":[{"id":8337,"href":"https:\/\/qingdaohf.com\/ro\/wp-json\/wp\/v2\/product\/8283\/revisions\/8337"}],"wp:featuredmedia":[{"embeddable":true,"href":"https:\/\/qingdaohf.com\/ro\/wp-json\/wp\/v2\/media\/8195"}],"wp:attachment":[{"href":"https:\/\/qingdaohf.com\/ro\/wp-json\/wp\/v2\/media?parent=8283"}],"wp:term":[{"taxonomy":"product_brand","embeddable":true,"href":"https:\/\/qingdaohf.com\/ro\/wp-json\/wp\/v2\/product_brand?post=8283"},{"taxonomy":"product_cat","embeddable":true,"href":"https:\/\/qingdaohf.com\/ro\/wp-json\/wp\/v2\/product_cat?post=8283"},{"taxonomy":"product_tag","embeddable":true,"href":"https:\/\/qingdaohf.com\/ro\/wp-json\/wp\/v2\/product_tag?post=8283"}],"curies":[{"name":"wp","href":"https:\/\/api.w.org\/{rel}","templated":true}]}}