{"id":8285,"date":"2024-11-05T17:54:41","date_gmt":"2024-11-05T09:54:41","guid":{"rendered":"http:\/\/qingdaohf.com\/?post_type=product&#038;p=8285"},"modified":"2025-11-13T09:02:53","modified_gmt":"2025-11-13T01:02:53","slug":"webbing-sling-5-ton","status":"publish","type":"product","link":"https:\/\/qingdaohf.com\/ro\/produs\/sling-cu-chingi-5-tone\/","title":{"rendered":"Chingi plate Sling 5 tone poliester dublu duplex"},"content":{"rendered":"<h4>Calit\u0103\u021bile esen\u021biale ale centurii de siguran\u021b\u0103 de 5 tone: Durabilitate, siguran\u021b\u0103 \u0219i performan\u021b\u0103<\/h4>\n<p>E\u0219afodajul cu band\u0103 de 5 tone de la Qingdao H&amp;F este proiectat pentru a face fa\u021b\u0103 aplica\u021biilor de ridicare exigente, \u00een care rezisten\u021ba \u0219i siguran\u021ba sunt prioritare. Construit\u0103 din poliester de \u00eenalt\u0103 calitate, aceast\u0103 sling\u0103 ofer\u0103 o rezisten\u021b\u0103 excep\u021bional\u0103 la uzur\u0103, raze UV \u0219i abraziune, fiind o solu\u021bie durabil\u0103 pentru sarcinile repetitive de ridicare a greut\u0103\u021bilor. Capacitatea de 5 tone ofer\u0103 flexibilitate pentru diverse industrii, de la construc\u021bii \u0219i logistic\u0103 la transport maritim \u0219i produc\u021bie, unde fiabilitatea este esen\u021bial\u0103.<\/p>\n<p>Cump\u0103r\u0103torii preocupa\u021bi de durabilitatea produselor vor g\u0103si asigur\u0103ri \u00een angajamentul Qingdao H&amp;F fa\u021b\u0103 de calitate. Fiecare sling\u0103 cu chingi de 5 tone este supus\u0103 unor verific\u0103ri am\u0103nun\u021bite de control al calit\u0103\u021bii, rapoartele de inspec\u021bie aferente fiind disponibile pentru a verifica dac\u0103 produsul \u00eendepline\u0219te standardele din industrie. Construc\u021bia slingii sus\u021bine stabilitatea \u00eenc\u0103rc\u0103turii \u0219i previne deplasarea, reduc\u00e2nd astfel probabilitatea de accidente \u00een timpul opera\u021biunilor de ridicare. \u00cen plus, abordarea Qingdao H&amp;F \u00een ceea ce prive\u0219te livrarea rapid\u0103 \u0219i un serviciu clien\u021bi receptiv asigur\u0103 faptul c\u0103 cump\u0103r\u0103torii primesc asisten\u021b\u0103 prompt\u0103 \u0219i pot achizi\u021biona echipamente fiabile f\u0103r\u0103 \u00eent\u00e2rzieri, facilit\u00e2nd opera\u021biunile f\u0103r\u0103 probleme \u0219i minimiz\u00e2nd timpii mor\u021bi.<\/p>\n<h4>Satisface cerin\u021bele industriei cu caracteristici de siguran\u021b\u0103 robuste<\/h4>\n<p>Siguran\u021ba este un aspect esen\u021bial atunci c\u00e2nd se selecteaz\u0103 echipamentul de ridicare. Proiectarea cablului cu chingi de 5 tone de la Qingdao H&amp;F acord\u0103 prioritate siguran\u021bei prin alegerea materialului, construc\u021bie \u0219i mecanisme de distribu\u021bie a sarcinii. Prin utilizarea unei structuri de chingi largi \u0219i flexibile, aceast\u0103 sling\u0103 distribuie greutatea pe o suprafa\u021b\u0103 mai mare, prevenind punctele de presiune care ar putea deteriora at\u00e2t \u00eenc\u0103rc\u0103tura, c\u00e2t \u0219i slinga \u00een sine. Aceast\u0103 caracteristic\u0103 \u00eembun\u0103t\u0103\u021be\u0219te stabilitatea \u00een timpul ridic\u0103rii, reduc\u00e2nd riscul de deplasare brusc\u0103 a \u00eenc\u0103rc\u0103turii \u0219i asigur\u00e2nd o ridicare controlat\u0103 \u0219i sigur\u0103.<\/p>\n<p>Pentru industriile care necesit\u0103 o respectare strict\u0103 a normelor de siguran\u021b\u0103, slingul cu chingi de 5 tone de la Qingdao H&amp;F este fabricat pentru a respecta standardele interna\u021bionale de ridicare. Acest lucru asigur\u0103 faptul c\u0103 slinga poate rezista condi\u021biilor solicitante, indiferent dac\u0103 este utilizat\u0103 pe \u0219antiere de construc\u021bii dificile, \u00een centre logistice aglomerate sau \u00een depozite industriale. Materialele \u0219i op\u021biunile de design pun accentul pe durabilitate f\u0103r\u0103 a sacrifica u\u0219urin\u021ba de manipulare, permi\u021b\u00e2nd operatorilor s\u0103 lucreze cu \u00eencredere \u0219i eficien\u021b\u0103. Av\u00e2nd siguran\u021ba \u00een prim plan, aceast\u0103 sling\u0103 cu chingi reprezint\u0103 o solu\u021bie fiabil\u0103 pentru sarcinile de ridicare cu miz\u0103 ridicat\u0103.<\/p>\n<h4>Qingdao H&amp;F: furnizarea de servicii fiabile \u0219i asigurarea calit\u0103\u021bii<\/h4>\n<p>Reputa\u021bia Qingdao H&amp;F ca societate comercial\u0103 B2B este construit\u0103 pe 20 de ani de expertiz\u0103 \u00een furnizarea de solu\u021bii de ridicare industriale care satisfac nevoile practice ale \u00eentreprinderilor. Fiecare sling cu chingi de 5 tone este \u00eenso\u021bit de rapoarte detaliate de inspec\u021bie a calit\u0103\u021bii, subliniind angajamentul Qingdao H&amp;F fa\u021b\u0103 de transparen\u021b\u0103 \u0219i integritatea produselor. Aceste rapoarte permit cump\u0103r\u0103torilor s\u0103 analizeze rezultatele testelor produsului, asigur\u00e2nd conformitatea cu standardele de siguran\u021b\u0103 \u0219i performan\u021b\u0103. Prin furnizarea de documente verificabile, Qingdao H&amp;F ofer\u0103 cump\u0103r\u0103torilor \u00eencredere \u00een achizi\u021bia lor, sporind \u00eencrederea \u0219i fiabilitatea.<\/p>\n<p>\u00cen plus fa\u021b\u0103 de produsele de \u00eenalt\u0103 calitate, Qingdao H&amp;F pune un accent puternic pe experien\u021ba clien\u021bilor. Modelul de servicii unu-la-unu permite clien\u021bilor s\u0103 lucreze direct cu reprezentan\u021bi bine informa\u021bi care le \u00een\u021beleg cerin\u021bele unice, oferind consiliere personalizat\u0103 cu privire la cele mai bune op\u021biuni de sling cu chingi. Aceast\u0103 abordare a serviciilor, combinat\u0103 cu un ciclu de livrare rapid \u0219i eficient, demonstreaz\u0103 dedicarea Qingdao H&amp;F de a sprijini clien\u021bii \u00een fiecare etap\u0103 a procesului de cump\u0103rare. Cump\u0103r\u0103torii beneficiaz\u0103 de o experien\u021b\u0103 ra\u021bionalizat\u0103 care minimizeaz\u0103 timpii de a\u0219teptare \u0219i maximizeaz\u0103 disponibilitatea echipamentelor esen\u021biale, permi\u021b\u00e2nd \u00eentreprinderilor s\u0103 men\u021bin\u0103 eficien\u021ba opera\u021bional\u0103.<\/p>\n<p>Printr-o combina\u021bie de chingi cu chingi de \u00eenalt\u0103 performan\u021b\u0103, verific\u0103ri am\u0103nun\u021bite ale calit\u0103\u021bii \u0219i servicii atente, Qingdao H&amp;F r\u0103m\u00e2ne un furnizor de \u00eencredere pe pia\u021ba de ridicare industrial\u0103. E\u0219afodajul cu chingi de 5 tone exemplific\u0103 acest angajament, oferind o solu\u021bie robust\u0103 \u0219i fiabil\u0103 care \u00eendepline\u0219te cerin\u021bele riguroase ale mediilor industriale actuale.<\/p>","protected":false},"excerpt":{"rendered":"<p>E\u0219afodajul cu chingi de 5 tone combin\u0103 rezisten\u021ba ridicat\u0103 \u0219i elasticitatea pentru a ridica \u00een siguran\u021b\u0103 \u00eenc\u0103rc\u0103turi grele, r\u0103spunz\u00e2nd preocup\u0103rilor cump\u0103r\u0103torilor cu privire la durabilitate, siguran\u021b\u0103 \u0219i eficien\u021b\u0103. Fabricat\u0103 \u00een conformitate cu standardele riguroase, aceast\u0103 sling\u0103 cu chingi poate transporta \u00een mod fiabil p\u00e2n\u0103 la 5 tone, men\u021bin\u00e2nd \u00een acela\u0219i timp flexibilitatea pentru o utilizare u\u0219oar\u0103. \u00cen calitate de societate comercial\u0103 stabilit\u0103 cu 20 de ani de experien\u021b\u0103, Qingdao H&amp;F se asigur\u0103 c\u0103 cump\u0103r\u0103torii beneficiaz\u0103 de servicii personalizate pentru clien\u021bi, un ciclu de livrare rapid \u0219i rapoarte detaliate de inspec\u021bie a calit\u0103\u021bii. Aceast\u0103 abordare eviden\u021biaz\u0103 angajamentul nostru fa\u021b\u0103 de calitate, livrare la timp \u0219i asisten\u021b\u0103 complet\u0103, oferind o experien\u021b\u0103 de cump\u0103rare f\u0103r\u0103 cusur.<\/p>","protected":false},"featured_media":8191,"comment_status":"open","ping_status":"closed","template":"","meta":{"site-sidebar-layout":"default","site-content-layout":"","ast-site-content-layout":"default","site-content-style":"default","site-sidebar-style":"default","ast-global-header-display":"","ast-banner-title-visibility":"","ast-main-header-display":"","ast-hfb-above-header-display":"","ast-hfb-below-header-display":"","ast-hfb-mobile-header-display":"","site-post-title":"","ast-breadcrumbs-content":"","ast-featured-img":"","footer-sml-layout":"","theme-transparent-header-meta":"default","adv-header-id-meta":"","stick-header-meta":"default","header-above-stick-meta":"","header-main-stick-meta":"","header-below-stick-meta":"","astra-migrate-meta-layouts":"set","ast-page-background-enabled":"default","ast-page-background-meta":{"desktop":{"background-color":"","background-image":"","background-repeat":"repeat","background-position":"center center","background-size":"auto","background-attachment":"scroll","background-type":"","background-media":"","overlay-type":"","overlay-color":"","overlay-opacity":"","overlay-gradient":""},"tablet":{"background-color":"","background-image":"","background-repeat":"repeat","background-position":"center center","background-size":"auto","background-attachment":"scroll","background-type":"","background-media":"","overlay-type":"","overlay-color":"","overlay-opacity":"","overlay-gradient":""},"mobile":{"background-color":"","background-image":"","background-repeat":"repeat","background-position":"center center","background-size":"auto","background-attachment":"scroll","background-type":"","background-media":"","overlay-type":"","overlay-color":"","overlay-opacity":"","overlay-gradient":""}},"ast-content-background-meta":{"desktop":{"background-color":"var(--ast-global-color-5)","background-image":"","background-repeat":"repeat","background-position":"center center","background-size":"auto","background-attachment":"scroll","background-type":"","background-media":"","overlay-type":"","overlay-color":"","overlay-opacity":"","overlay-gradient":""},"tablet":{"background-color":"var(--ast-global-color-5)","background-image":"","background-repeat":"repeat","background-position":"center center","background-size":"auto","background-attachment":"scroll","background-type":"","background-media":"","overlay-type":"","overlay-color":"","overlay-opacity":"","overlay-gradient":""},"mobile":{"background-color":"var(--ast-global-color-5)","background-image":"","background-repeat":"repeat","background-position":"center center","background-size":"auto","background-attachment":"scroll","background-type":"","background-media":"","overlay-type":"","overlay-color":"","overlay-opacity":"","overlay-gradient":""}}},"product_brand":[],"product_cat":[39],"product_tag":[],"class_list":{"0":"post-8285","1":"product","2":"type-product","3":"status-publish","4":"has-post-thumbnail","6":"product_cat-webbing-sling","7":"desktop-align-left","8":"tablet-align-left","9":"mobile-align-left","10":"ast-product-gallery-layout-horizontal-slider","11":"ast-product-gallery-with-no-image","12":"ast-product-tabs-layout-horizontal","14":"first","15":"instock","16":"shipping-taxable","17":"purchasable","18":"product-type-simple"},"yoast_head":"<!-- This site is optimized with the Yoast SEO plugin v25.2 - https:\/\/yoast.com\/wordpress\/plugins\/seo\/ -->\n<title>Flat Webbing Sling 5 Ton Polyester Double Duplex<\/title>\n<meta name=\"robots\" content=\"index, follow, max-snippet:-1, max-image-preview:large, max-video-preview:-1\" \/>\n<link rel=\"canonical\" href=\"https:\/\/qingdaohf.com\/ro\/produs\/sling-cu-chingi-5-tone\/\" \/>\n<meta property=\"og:locale\" content=\"ro_RO\" \/>\n<meta property=\"og:type\" content=\"article\" \/>\n<meta property=\"og:title\" content=\"Flat Webbing Sling 5 Ton Polyester Double Duplex\" \/>\n<meta property=\"og:description\" content=\"5-Ton Webbing Sling combines high strength and resilience to safely lift heavy loads, addressing buyers&#039; concerns about durability, safety, and efficiency. Manufactured to rigorous standards, this webbing sling reliably handles up to 5 tons while maintaining flexibility for ease of use. As an established trading company with 20 years of experience, Qingdao H&amp;F ensures that buyers benefit from one-on-one customer service, a fast delivery cycle, and detailed quality inspection reports. This approach emphasizes our commitment to quality, timely delivery, and comprehensive support, providing a seamless purchasing experience.\" \/>\n<meta property=\"og:url\" content=\"https:\/\/qingdaohf.com\/ro\/produs\/sling-cu-chingi-5-tone\/\" \/>\n<meta property=\"og:site_name\" content=\"Concrete Form &amp; Rigging Hardware Supplier\" \/>\n<meta property=\"article:publisher\" content=\"https:\/\/www.facebook.com\/qingdaohf\" \/>\n<meta property=\"article:modified_time\" content=\"2025-11-13T01:02:53+00:00\" \/>\n<meta property=\"og:image\" content=\"https:\/\/qingdaohf.com\/wp-content\/uploads\/2024\/10\/Heavy-Duty-5-ton-webbing-sling_1.webp\" \/>\n\t<meta property=\"og:image:width\" content=\"1000\" \/>\n\t<meta property=\"og:image:height\" content=\"1000\" \/>\n\t<meta property=\"og:image:type\" content=\"image\/webp\" \/>\n<meta name=\"twitter:card\" content=\"summary_large_image\" \/>\n<meta name=\"twitter:label1\" content=\"Timp estimat pentru citire\" \/>\n\t<meta name=\"twitter:data1\" content=\"3 minute\" \/>\n<script type=\"application\/ld+json\" class=\"yoast-schema-graph\">{\"@context\":\"https:\/\/schema.org\",\"@graph\":[{\"@type\":\"WebPage\",\"@id\":\"https:\/\/qingdaohf.com\/product\/webbing-sling-5-ton\/\",\"url\":\"https:\/\/qingdaohf.com\/product\/webbing-sling-5-ton\/\",\"name\":\"Flat Webbing Sling 5 Ton Polyester Double Duplex\",\"isPartOf\":{\"@id\":\"https:\/\/qingdaohf.com\/bg\/#website\"},\"primaryImageOfPage\":{\"@id\":\"https:\/\/qingdaohf.com\/product\/webbing-sling-5-ton\/#primaryimage\"},\"image\":{\"@id\":\"https:\/\/qingdaohf.com\/product\/webbing-sling-5-ton\/#primaryimage\"},\"thumbnailUrl\":\"https:\/\/qingdaohf.com\/wp-content\/uploads\/2024\/10\/Heavy-Duty-5-ton-webbing-sling_1.webp\",\"datePublished\":\"2024-11-05T09:54:41+00:00\",\"dateModified\":\"2025-11-13T01:02:53+00:00\",\"breadcrumb\":{\"@id\":\"https:\/\/qingdaohf.com\/product\/webbing-sling-5-ton\/#breadcrumb\"},\"inLanguage\":\"ro-RO\",\"potentialAction\":[{\"@type\":\"ReadAction\",\"target\":[\"https:\/\/qingdaohf.com\/product\/webbing-sling-5-ton\/\"]}]},{\"@type\":\"ImageObject\",\"inLanguage\":\"ro-RO\",\"@id\":\"https:\/\/qingdaohf.com\/product\/webbing-sling-5-ton\/#primaryimage\",\"url\":\"https:\/\/qingdaohf.com\/wp-content\/uploads\/2024\/10\/Heavy-Duty-5-ton-webbing-sling_1.webp\",\"contentUrl\":\"https:\/\/qingdaohf.com\/wp-content\/uploads\/2024\/10\/Heavy-Duty-5-ton-webbing-sling_1.webp\",\"width\":1000,\"height\":1000,\"caption\":\"webbing sling 5 ton\"},{\"@type\":\"BreadcrumbList\",\"@id\":\"https:\/\/qingdaohf.com\/product\/webbing-sling-5-ton\/#breadcrumb\",\"itemListElement\":[{\"@type\":\"ListItem\",\"position\":1,\"name\":\"Home\",\"item\":\"https:\/\/qingdaohf.com\/\"},{\"@type\":\"ListItem\",\"position\":2,\"name\":\"Concrete Forming Accessories and Rigging Hardware\",\"item\":\"https:\/\/qingdaohf.com\/bg\/?page_id=944\"},{\"@type\":\"ListItem\",\"position\":3,\"name\":\"Flat Webbing Sling 5 Ton Polyester Double Duplex\"}]},{\"@type\":\"WebSite\",\"@id\":\"https:\/\/qingdaohf.com\/bg\/#website\",\"url\":\"https:\/\/qingdaohf.com\/bg\/\",\"name\":\"Concrete Form & Rigging Hardware Supplier\",\"description\":\"\",\"publisher\":{\"@id\":\"https:\/\/qingdaohf.com\/bg\/#organization\"},\"potentialAction\":[{\"@type\":\"SearchAction\",\"target\":{\"@type\":\"EntryPoint\",\"urlTemplate\":\"https:\/\/qingdaohf.com\/bg\/?s={search_term_string}\"},\"query-input\":{\"@type\":\"PropertyValueSpecification\",\"valueRequired\":true,\"valueName\":\"search_term_string\"}}],\"inLanguage\":\"ro-RO\"},{\"@type\":\"Organization\",\"@id\":\"https:\/\/qingdaohf.com\/bg\/#organization\",\"name\":\"Qingdao H&F\",\"url\":\"https:\/\/qingdaohf.com\/bg\/\",\"logo\":{\"@type\":\"ImageObject\",\"inLanguage\":\"ro-RO\",\"@id\":\"https:\/\/qingdaohf.com\/bg\/#\/schema\/logo\/image\/\",\"url\":\"https:\/\/qingdaohf.com\/wp-content\/uploads\/2022\/12\/cropped-HF-LOGO.png\",\"contentUrl\":\"https:\/\/qingdaohf.com\/wp-content\/uploads\/2022\/12\/cropped-HF-LOGO.png\",\"width\":391,\"height\":249,\"caption\":\"Qingdao H&F\"},\"image\":{\"@id\":\"https:\/\/qingdaohf.com\/bg\/#\/schema\/logo\/image\/\"},\"sameAs\":[\"https:\/\/www.facebook.com\/qingdaohf\"]}]}<\/script>\n<!-- \/ Yoast SEO plugin. -->","yoast_head_json":{"title":"Flat Webbing Sling 5 Ton Polyester Double Duplex","robots":{"index":"index","follow":"follow","max-snippet":"max-snippet:-1","max-image-preview":"max-image-preview:large","max-video-preview":"max-video-preview:-1"},"canonical":"https:\/\/qingdaohf.com\/ro\/produs\/sling-cu-chingi-5-tone\/","og_locale":"ro_RO","og_type":"article","og_title":"Flat Webbing Sling 5 Ton Polyester Double Duplex","og_description":"5-Ton Webbing Sling combines high strength and resilience to safely lift heavy loads, addressing buyers' concerns about durability, safety, and efficiency. Manufactured to rigorous standards, this webbing sling reliably handles up to 5 tons while maintaining flexibility for ease of use. As an established trading company with 20 years of experience, Qingdao H&amp;F ensures that buyers benefit from one-on-one customer service, a fast delivery cycle, and detailed quality inspection reports. This approach emphasizes our commitment to quality, timely delivery, and comprehensive support, providing a seamless purchasing experience.","og_url":"https:\/\/qingdaohf.com\/ro\/produs\/sling-cu-chingi-5-tone\/","og_site_name":"Concrete Form &amp; Rigging Hardware Supplier","article_publisher":"https:\/\/www.facebook.com\/qingdaohf","article_modified_time":"2025-11-13T01:02:53+00:00","og_image":[{"width":1000,"height":1000,"url":"https:\/\/qingdaohf.com\/wp-content\/uploads\/2024\/10\/Heavy-Duty-5-ton-webbing-sling_1.webp","type":"image\/webp"}],"twitter_card":"summary_large_image","twitter_misc":{"Timp estimat pentru citire":"3 minute"},"schema":{"@context":"https:\/\/schema.org","@graph":[{"@type":"WebPage","@id":"https:\/\/qingdaohf.com\/product\/webbing-sling-5-ton\/","url":"https:\/\/qingdaohf.com\/product\/webbing-sling-5-ton\/","name":"Flat Webbing Sling 5 Ton Polyester Double Duplex","isPartOf":{"@id":"https:\/\/qingdaohf.com\/bg\/#website"},"primaryImageOfPage":{"@id":"https:\/\/qingdaohf.com\/product\/webbing-sling-5-ton\/#primaryimage"},"image":{"@id":"https:\/\/qingdaohf.com\/product\/webbing-sling-5-ton\/#primaryimage"},"thumbnailUrl":"https:\/\/qingdaohf.com\/wp-content\/uploads\/2024\/10\/Heavy-Duty-5-ton-webbing-sling_1.webp","datePublished":"2024-11-05T09:54:41+00:00","dateModified":"2025-11-13T01:02:53+00:00","breadcrumb":{"@id":"https:\/\/qingdaohf.com\/product\/webbing-sling-5-ton\/#breadcrumb"},"inLanguage":"ro-RO","potentialAction":[{"@type":"ReadAction","target":["https:\/\/qingdaohf.com\/product\/webbing-sling-5-ton\/"]}]},{"@type":"ImageObject","inLanguage":"ro-RO","@id":"https:\/\/qingdaohf.com\/product\/webbing-sling-5-ton\/#primaryimage","url":"https:\/\/qingdaohf.com\/wp-content\/uploads\/2024\/10\/Heavy-Duty-5-ton-webbing-sling_1.webp","contentUrl":"https:\/\/qingdaohf.com\/wp-content\/uploads\/2024\/10\/Heavy-Duty-5-ton-webbing-sling_1.webp","width":1000,"height":1000,"caption":"webbing sling 5 ton"},{"@type":"BreadcrumbList","@id":"https:\/\/qingdaohf.com\/product\/webbing-sling-5-ton\/#breadcrumb","itemListElement":[{"@type":"ListItem","position":1,"name":"Home","item":"https:\/\/qingdaohf.com\/"},{"@type":"ListItem","position":2,"name":"Concrete Forming Accessories and Rigging Hardware","item":"https:\/\/qingdaohf.com\/bg\/?page_id=944"},{"@type":"ListItem","position":3,"name":"Flat Webbing Sling 5 Ton Polyester Double Duplex"}]},{"@type":"WebSite","@id":"https:\/\/qingdaohf.com\/bg\/#website","url":"https:\/\/qingdaohf.com\/bg\/","name":"Concrete Form & Rigging Hardware Supplier","description":"","publisher":{"@id":"https:\/\/qingdaohf.com\/bg\/#organization"},"potentialAction":[{"@type":"SearchAction","target":{"@type":"EntryPoint","urlTemplate":"https:\/\/qingdaohf.com\/bg\/?s={search_term_string}"},"query-input":{"@type":"PropertyValueSpecification","valueRequired":true,"valueName":"search_term_string"}}],"inLanguage":"ro-RO"},{"@type":"Organization","@id":"https:\/\/qingdaohf.com\/bg\/#organization","name":"Qingdao H&F","url":"https:\/\/qingdaohf.com\/bg\/","logo":{"@type":"ImageObject","inLanguage":"ro-RO","@id":"https:\/\/qingdaohf.com\/bg\/#\/schema\/logo\/image\/","url":"https:\/\/qingdaohf.com\/wp-content\/uploads\/2022\/12\/cropped-HF-LOGO.png","contentUrl":"https:\/\/qingdaohf.com\/wp-content\/uploads\/2022\/12\/cropped-HF-LOGO.png","width":391,"height":249,"caption":"Qingdao H&F"},"image":{"@id":"https:\/\/qingdaohf.com\/bg\/#\/schema\/logo\/image\/"},"sameAs":["https:\/\/www.facebook.com\/qingdaohf"]}]}},"_links":{"self":[{"href":"https:\/\/qingdaohf.com\/ro\/wp-json\/wp\/v2\/product\/8285","targetHints":{"allow":["GET"]}}],"collection":[{"href":"https:\/\/qingdaohf.com\/ro\/wp-json\/wp\/v2\/product"}],"about":[{"href":"https:\/\/qingdaohf.com\/ro\/wp-json\/wp\/v2\/types\/product"}],"replies":[{"embeddable":true,"href":"https:\/\/qingdaohf.com\/ro\/wp-json\/wp\/v2\/comments?post=8285"}],"version-history":[{"count":2,"href":"https:\/\/qingdaohf.com\/ro\/wp-json\/wp\/v2\/product\/8285\/revisions"}],"predecessor-version":[{"id":8336,"href":"https:\/\/qingdaohf.com\/ro\/wp-json\/wp\/v2\/product\/8285\/revisions\/8336"}],"wp:featuredmedia":[{"embeddable":true,"href":"https:\/\/qingdaohf.com\/ro\/wp-json\/wp\/v2\/media\/8191"}],"wp:attachment":[{"href":"https:\/\/qingdaohf.com\/ro\/wp-json\/wp\/v2\/media?parent=8285"}],"wp:term":[{"taxonomy":"product_brand","embeddable":true,"href":"https:\/\/qingdaohf.com\/ro\/wp-json\/wp\/v2\/product_brand?post=8285"},{"taxonomy":"product_cat","embeddable":true,"href":"https:\/\/qingdaohf.com\/ro\/wp-json\/wp\/v2\/product_cat?post=8285"},{"taxonomy":"product_tag","embeddable":true,"href":"https:\/\/qingdaohf.com\/ro\/wp-json\/wp\/v2\/product_tag?post=8285"}],"curies":[{"name":"wp","href":"https:\/\/api.w.org\/{rel}","templated":true}]}}