{"id":8289,"date":"2024-11-05T17:58:14","date_gmt":"2024-11-05T09:58:14","guid":{"rendered":"http:\/\/qingdaohf.com\/?post_type=product&#038;p=8289"},"modified":"2025-11-13T09:02:52","modified_gmt":"2025-11-13T01:02:52","slug":"webbing-sling-8-ton","status":"publish","type":"product","link":"https:\/\/qingdaohf.com\/ro\/produs\/sling-cu-chingi-8-tone\/","title":{"rendered":"Flat Webbing Sling 8 tone poliester dublu duplex"},"content":{"rendered":"<h4>Rezisten\u021b\u0103 \u0219i durabilitate: Caracteristicile principale ale centurii cu band\u0103 de 8 tone<\/h4>\n<p>Slinga Qingdao H&amp;F cu band\u0103 de 8 tone este proiectat\u0103 pentru industriile \u00een care solu\u021biile de ridicare sigure \u0219i fiabile sunt esen\u021biale. Construit\u0103 din poliester de \u00eenalt\u0103 calitate, aceast\u0103 sling\u0103 ofer\u0103 o rezisten\u021b\u0103 robust\u0103, permi\u021b\u00e2ndu-i s\u0103 suporte sarcini de p\u00e2n\u0103 la 8 tone f\u0103r\u0103 a compromite performan\u021ba. Designul s\u0103u durabil asigur\u0103 o durat\u0103 lung\u0103 de via\u021b\u0103, chiar \u0219i \u00een condi\u021bii de utilizare frecvent\u0103 \u00een medii dificile, f\u0103c\u00e2ndu-l un instrument valoros pentru industrii precum construc\u021bii, logistic\u0103 \u0219i produc\u021bie.<\/p>\n<p>Fiecare sling\u0103 de 8 tone este supus\u0103 unor teste de calitate meticuloase pentru a confirma capacitatea sa de \u00eenc\u0103rcare \u0219i conformitatea cu normele de siguran\u021b\u0103. Qingdao H&amp;F furnizeaz\u0103 rapoarte detaliate de inspec\u021bie a calit\u0103\u021bii, permi\u021b\u00e2nd cump\u0103r\u0103torilor s\u0103 analizeze datele de siguran\u021b\u0103 \u0219i performan\u021b\u0103 ale produsului. Cu o reputa\u021bie de fiabilitate \u0219i transparen\u021b\u0103, Qingdao H&amp;F este dedicat\u0103 livr\u0103rii de echipamente care sus\u021bin cerin\u021bele opera\u021biunilor industriale de ast\u0103zi. Ciclul rapid de livrare pe care \u00eel oferim asigur\u0103 accesul prompt al cump\u0103r\u0103torilor la echipamente de ridicare esen\u021biale, men\u021bin\u00e2nd proiectele \u00een grafic.<\/p>\n<h4>Proiectare bazat\u0103 pe siguran\u021b\u0103 \u0219i performan\u021be de ridicare sigure<\/h4>\n<p>Siguran\u021ba este o preocupare principal\u0103 pentru orice opera\u021biune de ridicare, \u00een special atunci c\u00e2nd se manipuleaz\u0103 \u00eenc\u0103rc\u0103turi grele. E\u0219afodajul cu chingi de 8 tone de la Qingdao H&amp;F este proiectat cu chingi largi \u0219i flexibile care distribuie uniform greutatea pe \u00eenc\u0103rc\u0103tur\u0103. Acest design minimizeaz\u0103 punctele de presiune, reduc\u00e2nd probabilitatea de deteriorare at\u00e2t a slingii, c\u00e2t \u0219i a \u00eenc\u0103rc\u0103turii. Av\u00e2nd ca prioritate stabilitatea \u00eenc\u0103rc\u0103turii, aceast\u0103 sling\u0103 ajut\u0103 la asigurarea unor ridic\u0103ri sigure, chiar \u0219i pentru articolele voluminoase sau fragile, permi\u021b\u00e2nd operatorilor s\u0103 manipuleze \u00eenc\u0103rc\u0103turi grele cu \u00eencredere.<\/p>\n<p>Fabricat\u0103 pentru a respecta standardele de siguran\u021b\u0103 riguroase, aceast\u0103 sling\u0103 cu chingi este potrivit\u0103 pentru industriile cu protocoale opera\u021bionale stricte. Fie c\u0103 este utilizat\u0103 \u00een situri industriale, depozite sau \u0219antiere de transport, construc\u021bia rezistent\u0103 \u0219i performan\u021ba fiabil\u0103 a chingii de 8 tone o fac o alegere ideal\u0103. Accentul pus de Qingdao H&amp;F pe controlul calit\u0103\u021bii \u0219i respectarea normelor de siguran\u021b\u0103 ofer\u0103 cump\u0103r\u0103torilor lini\u0219te sufleteasc\u0103, \u0219tiind c\u0103 fiecare sling\u0103 a trecut o serie de verific\u0103ri ale calit\u0103\u021bii pentru a se asigura c\u0103 \u00eendepline\u0219te cerin\u021bele de \u00eenc\u0103rcare. Rapoartele de inspec\u021bie a calit\u0103\u021bii disponibile cu fiecare produs ofer\u0103 dovezi clare ale acestui angajament fa\u021b\u0103 de siguran\u021b\u0103 \u0219i fiabilitate.<\/p>\n<h4>Qingdao H&amp;F: Parteneriat cu clien\u021bii pentru solu\u021bii fiabile \u0219i eficiente<\/h4>\n<p>Cu 20 de ani de experien\u021b\u0103 ca societate comercial\u0103 B2B, Qingdao H&amp;F \u0219i-a construit o reputa\u021bie pentru furnizarea de solu\u021bii de ridicare fiabile care r\u0103spund nevoilor unice ale cump\u0103r\u0103torilor industriali. E\u0219afodajul cu chingi de 8 tone face parte dintr-o gam\u0103 variat\u0103 de produse, fiecare articol fiind \u00eenso\u021bit de documente de inspec\u021bie a calit\u0103\u021bii pentru a verifica conformitatea sa cu standardele industriei. Aceast\u0103 transparen\u021b\u0103 consolideaz\u0103 dedicarea Qingdao H&amp;F de a furniza produse fiabile \u00een care cump\u0103r\u0103torii pot avea \u00eencredere pentru aplica\u021bii solicitante.<\/p>\n<p>\u00cen plus fa\u021b\u0103 de produsele de calitate, Qingdao H&amp;F se angajeaz\u0103 s\u0103 ofere o experien\u021b\u0103 de cump\u0103rare u\u0219oar\u0103, centrat\u0103 pe client. Modelul nostru individual de servicii pentru clien\u021bi permite cump\u0103r\u0103torilor s\u0103 se conecteze direct cu reprezentan\u021bi bine informa\u021bi care le \u00een\u021beleg cerin\u021bele, oferind recomand\u0103ri personalizate pentru a ajuta clien\u021bii s\u0103 aleag\u0103 cel mai bun echipament de ridicare pentru aplica\u021biile lor. \u00cempreun\u0103 cu un ciclu rapid de livrare, Qingdao H&amp;F se asigur\u0103 c\u0103 clien\u021bii pot ob\u021bine echipamente esen\u021biale f\u0103r\u0103 \u00eent\u00e2rziere, sus\u021bin\u00e2nd eficien\u021ba proiectului \u0219i minimiz\u00e2nd timpii mor\u021bi.<\/p>\n<p>Qingdao H&amp;F a devenit un partener de \u00eencredere pentru solu\u021biile de ridicare industriale prin furnizarea de cabluri de \u00eenalt\u0103 performan\u021b\u0103, asigurarea unui control riguros al calit\u0103\u021bii \u0219i prioritizarea serviciilor pentru clien\u021bi. E\u0219afodajul cu chingi de 8 tone reflect\u0103 acest angajament, oferind rezisten\u021ba, siguran\u021ba \u0219i fiabilitatea cerute de mediile industriale actuale. Cu fiecare sling\u0103, Qingdao H&amp;F ofer\u0103 o solu\u021bie de ridicare sigur\u0103 \u0219i fiabil\u0103, sus\u021binut\u0103 de sprijinul \u0219i transparen\u021ba pe care clien\u021bii le a\u0219teapt\u0103.<\/p>","protected":false},"excerpt":{"rendered":"<p>E\u0219afodajul cu band\u0103 de 8 tone este creat pentru a face fa\u021b\u0103 solicit\u0103rilor substan\u021biale de ridicare, oferind rezisten\u021b\u0103 \u0219i fiabilitate remarcabile pentru aplica\u021bii industriale. Conceput\u0103 pentru a r\u0103spunde preocup\u0103rilor cump\u0103r\u0103torilor cu privire la securitatea \u00eenc\u0103rc\u0103turii, durabilitate \u0219i conformitatea cu standardele de siguran\u021b\u0103, aceast\u0103 sling\u0103 suport\u0103 cu u\u0219urin\u021b\u0103 p\u00e2n\u0103 la 8 tone. \u00cen calitate de societate comercial\u0103 B2B cu 20 de ani de experien\u021b\u0103, Qingdao H&amp;F ofer\u0103 servicii personalizate pentru clien\u021bi, un ciclu de livrare rapid \u0219i rapoarte complete de inspec\u021bie a calit\u0103\u021bii. Aceste avantaje subliniaz\u0103 angajamentul nostru fa\u021b\u0103 de calitate \u0219i satisfac\u021bia clien\u021bilor, asigur\u00e2nd o experien\u021b\u0103 de cump\u0103rare f\u0103r\u0103 cusur.<\/p>","protected":false},"featured_media":8193,"comment_status":"open","ping_status":"closed","template":"","meta":{"site-sidebar-layout":"default","site-content-layout":"","ast-site-content-layout":"default","site-content-style":"default","site-sidebar-style":"default","ast-global-header-display":"","ast-banner-title-visibility":"","ast-main-header-display":"","ast-hfb-above-header-display":"","ast-hfb-below-header-display":"","ast-hfb-mobile-header-display":"","site-post-title":"","ast-breadcrumbs-content":"","ast-featured-img":"","footer-sml-layout":"","theme-transparent-header-meta":"default","adv-header-id-meta":"","stick-header-meta":"default","header-above-stick-meta":"","header-main-stick-meta":"","header-below-stick-meta":"","astra-migrate-meta-layouts":"set","ast-page-background-enabled":"default","ast-page-background-meta":{"desktop":{"background-color":"","background-image":"","background-repeat":"repeat","background-position":"center center","background-size":"auto","background-attachment":"scroll","background-type":"","background-media":"","overlay-type":"","overlay-color":"","overlay-opacity":"","overlay-gradient":""},"tablet":{"background-color":"","background-image":"","background-repeat":"repeat","background-position":"center center","background-size":"auto","background-attachment":"scroll","background-type":"","background-media":"","overlay-type":"","overlay-color":"","overlay-opacity":"","overlay-gradient":""},"mobile":{"background-color":"","background-image":"","background-repeat":"repeat","background-position":"center center","background-size":"auto","background-attachment":"scroll","background-type":"","background-media":"","overlay-type":"","overlay-color":"","overlay-opacity":"","overlay-gradient":""}},"ast-content-background-meta":{"desktop":{"background-color":"var(--ast-global-color-5)","background-image":"","background-repeat":"repeat","background-position":"center center","background-size":"auto","background-attachment":"scroll","background-type":"","background-media":"","overlay-type":"","overlay-color":"","overlay-opacity":"","overlay-gradient":""},"tablet":{"background-color":"var(--ast-global-color-5)","background-image":"","background-repeat":"repeat","background-position":"center center","background-size":"auto","background-attachment":"scroll","background-type":"","background-media":"","overlay-type":"","overlay-color":"","overlay-opacity":"","overlay-gradient":""},"mobile":{"background-color":"var(--ast-global-color-5)","background-image":"","background-repeat":"repeat","background-position":"center center","background-size":"auto","background-attachment":"scroll","background-type":"","background-media":"","overlay-type":"","overlay-color":"","overlay-opacity":"","overlay-gradient":""}}},"product_brand":[],"product_cat":[39],"product_tag":[],"class_list":{"0":"post-8289","1":"product","2":"type-product","3":"status-publish","4":"has-post-thumbnail","6":"product_cat-webbing-sling","7":"desktop-align-left","8":"tablet-align-left","9":"mobile-align-left","10":"ast-product-gallery-layout-horizontal-slider","11":"ast-product-gallery-with-no-image","12":"ast-product-tabs-layout-horizontal","14":"first","15":"instock","16":"shipping-taxable","17":"purchasable","18":"product-type-simple"},"yoast_head":"<!-- This site is optimized with the Yoast SEO plugin v25.2 - https:\/\/yoast.com\/wordpress\/plugins\/seo\/ -->\n<title>Flat Webbing Sling 8 Ton Polyester Double Duplex<\/title>\n<meta name=\"robots\" content=\"index, follow, max-snippet:-1, max-image-preview:large, max-video-preview:-1\" \/>\n<link rel=\"canonical\" href=\"https:\/\/qingdaohf.com\/ro\/produs\/sling-cu-chingi-8-tone\/\" \/>\n<meta property=\"og:locale\" content=\"ro_RO\" \/>\n<meta property=\"og:type\" content=\"article\" \/>\n<meta property=\"og:title\" content=\"Flat Webbing Sling 8 Ton Polyester Double Duplex\" \/>\n<meta property=\"og:description\" content=\"8-Ton Webbing Sling is crafted to handle substantial lifting demands, offering outstanding strength and reliability for industrial applications. Designed to address buyer concerns about load security, durability, and compliance with safety standards, this sling supports up to 8 tons with ease. As an established B2B trading company with 20 years of experience, Qingdao H&amp;F provides one-on-one customer service, a fast delivery cycle, and comprehensive quality inspection reports. These advantages underscore our commitment to quality and customer satisfaction, ensuring a seamless purchasing experience.\" \/>\n<meta property=\"og:url\" content=\"https:\/\/qingdaohf.com\/ro\/produs\/sling-cu-chingi-8-tone\/\" \/>\n<meta property=\"og:site_name\" content=\"Concrete Form &amp; Rigging Hardware Supplier\" \/>\n<meta property=\"article:publisher\" content=\"https:\/\/www.facebook.com\/qingdaohf\" \/>\n<meta property=\"article:modified_time\" content=\"2025-11-13T01:02:52+00:00\" \/>\n<meta property=\"og:image\" content=\"https:\/\/qingdaohf.com\/wp-content\/uploads\/2024\/10\/8ton-sling_1.webp\" \/>\n\t<meta property=\"og:image:width\" content=\"1000\" \/>\n\t<meta property=\"og:image:height\" content=\"1000\" \/>\n\t<meta property=\"og:image:type\" content=\"image\/webp\" \/>\n<meta name=\"twitter:card\" content=\"summary_large_image\" \/>\n<meta name=\"twitter:label1\" content=\"Timp estimat pentru citire\" \/>\n\t<meta name=\"twitter:data1\" content=\"3 minute\" \/>\n<script type=\"application\/ld+json\" class=\"yoast-schema-graph\">{\"@context\":\"https:\/\/schema.org\",\"@graph\":[{\"@type\":\"WebPage\",\"@id\":\"https:\/\/qingdaohf.com\/product\/webbing-sling-8-ton\/\",\"url\":\"https:\/\/qingdaohf.com\/product\/webbing-sling-8-ton\/\",\"name\":\"Flat Webbing Sling 8 Ton Polyester Double Duplex\",\"isPartOf\":{\"@id\":\"https:\/\/qingdaohf.com\/bg\/#website\"},\"primaryImageOfPage\":{\"@id\":\"https:\/\/qingdaohf.com\/product\/webbing-sling-8-ton\/#primaryimage\"},\"image\":{\"@id\":\"https:\/\/qingdaohf.com\/product\/webbing-sling-8-ton\/#primaryimage\"},\"thumbnailUrl\":\"https:\/\/qingdaohf.com\/wp-content\/uploads\/2024\/10\/8ton-sling_1.webp\",\"datePublished\":\"2024-11-05T09:58:14+00:00\",\"dateModified\":\"2025-11-13T01:02:52+00:00\",\"breadcrumb\":{\"@id\":\"https:\/\/qingdaohf.com\/product\/webbing-sling-8-ton\/#breadcrumb\"},\"inLanguage\":\"ro-RO\",\"potentialAction\":[{\"@type\":\"ReadAction\",\"target\":[\"https:\/\/qingdaohf.com\/product\/webbing-sling-8-ton\/\"]}]},{\"@type\":\"ImageObject\",\"inLanguage\":\"ro-RO\",\"@id\":\"https:\/\/qingdaohf.com\/product\/webbing-sling-8-ton\/#primaryimage\",\"url\":\"https:\/\/qingdaohf.com\/wp-content\/uploads\/2024\/10\/8ton-sling_1.webp\",\"contentUrl\":\"https:\/\/qingdaohf.com\/wp-content\/uploads\/2024\/10\/8ton-sling_1.webp\",\"width\":1000,\"height\":1000,\"caption\":\"8ton sling\"},{\"@type\":\"BreadcrumbList\",\"@id\":\"https:\/\/qingdaohf.com\/product\/webbing-sling-8-ton\/#breadcrumb\",\"itemListElement\":[{\"@type\":\"ListItem\",\"position\":1,\"name\":\"Home\",\"item\":\"https:\/\/qingdaohf.com\/\"},{\"@type\":\"ListItem\",\"position\":2,\"name\":\"Concrete Forming Accessories and Rigging Hardware\",\"item\":\"https:\/\/qingdaohf.com\/bg\/?page_id=944\"},{\"@type\":\"ListItem\",\"position\":3,\"name\":\"Flat Webbing Sling 8 Ton Polyester Double Duplex\"}]},{\"@type\":\"WebSite\",\"@id\":\"https:\/\/qingdaohf.com\/bg\/#website\",\"url\":\"https:\/\/qingdaohf.com\/bg\/\",\"name\":\"Concrete Form & Rigging Hardware Supplier\",\"description\":\"\",\"publisher\":{\"@id\":\"https:\/\/qingdaohf.com\/bg\/#organization\"},\"potentialAction\":[{\"@type\":\"SearchAction\",\"target\":{\"@type\":\"EntryPoint\",\"urlTemplate\":\"https:\/\/qingdaohf.com\/bg\/?s={search_term_string}\"},\"query-input\":{\"@type\":\"PropertyValueSpecification\",\"valueRequired\":true,\"valueName\":\"search_term_string\"}}],\"inLanguage\":\"ro-RO\"},{\"@type\":\"Organization\",\"@id\":\"https:\/\/qingdaohf.com\/bg\/#organization\",\"name\":\"Qingdao H&F\",\"url\":\"https:\/\/qingdaohf.com\/bg\/\",\"logo\":{\"@type\":\"ImageObject\",\"inLanguage\":\"ro-RO\",\"@id\":\"https:\/\/qingdaohf.com\/bg\/#\/schema\/logo\/image\/\",\"url\":\"https:\/\/qingdaohf.com\/wp-content\/uploads\/2022\/12\/cropped-HF-LOGO.png\",\"contentUrl\":\"https:\/\/qingdaohf.com\/wp-content\/uploads\/2022\/12\/cropped-HF-LOGO.png\",\"width\":391,\"height\":249,\"caption\":\"Qingdao H&F\"},\"image\":{\"@id\":\"https:\/\/qingdaohf.com\/bg\/#\/schema\/logo\/image\/\"},\"sameAs\":[\"https:\/\/www.facebook.com\/qingdaohf\"]}]}<\/script>\n<!-- \/ Yoast SEO plugin. -->","yoast_head_json":{"title":"Flat Webbing Sling 8 Ton Polyester Double Duplex","robots":{"index":"index","follow":"follow","max-snippet":"max-snippet:-1","max-image-preview":"max-image-preview:large","max-video-preview":"max-video-preview:-1"},"canonical":"https:\/\/qingdaohf.com\/ro\/produs\/sling-cu-chingi-8-tone\/","og_locale":"ro_RO","og_type":"article","og_title":"Flat Webbing Sling 8 Ton Polyester Double Duplex","og_description":"8-Ton Webbing Sling is crafted to handle substantial lifting demands, offering outstanding strength and reliability for industrial applications. Designed to address buyer concerns about load security, durability, and compliance with safety standards, this sling supports up to 8 tons with ease. As an established B2B trading company with 20 years of experience, Qingdao H&amp;F provides one-on-one customer service, a fast delivery cycle, and comprehensive quality inspection reports. These advantages underscore our commitment to quality and customer satisfaction, ensuring a seamless purchasing experience.","og_url":"https:\/\/qingdaohf.com\/ro\/produs\/sling-cu-chingi-8-tone\/","og_site_name":"Concrete Form &amp; Rigging Hardware Supplier","article_publisher":"https:\/\/www.facebook.com\/qingdaohf","article_modified_time":"2025-11-13T01:02:52+00:00","og_image":[{"width":1000,"height":1000,"url":"https:\/\/qingdaohf.com\/wp-content\/uploads\/2024\/10\/8ton-sling_1.webp","type":"image\/webp"}],"twitter_card":"summary_large_image","twitter_misc":{"Timp estimat pentru citire":"3 minute"},"schema":{"@context":"https:\/\/schema.org","@graph":[{"@type":"WebPage","@id":"https:\/\/qingdaohf.com\/product\/webbing-sling-8-ton\/","url":"https:\/\/qingdaohf.com\/product\/webbing-sling-8-ton\/","name":"Flat Webbing Sling 8 Ton Polyester Double Duplex","isPartOf":{"@id":"https:\/\/qingdaohf.com\/bg\/#website"},"primaryImageOfPage":{"@id":"https:\/\/qingdaohf.com\/product\/webbing-sling-8-ton\/#primaryimage"},"image":{"@id":"https:\/\/qingdaohf.com\/product\/webbing-sling-8-ton\/#primaryimage"},"thumbnailUrl":"https:\/\/qingdaohf.com\/wp-content\/uploads\/2024\/10\/8ton-sling_1.webp","datePublished":"2024-11-05T09:58:14+00:00","dateModified":"2025-11-13T01:02:52+00:00","breadcrumb":{"@id":"https:\/\/qingdaohf.com\/product\/webbing-sling-8-ton\/#breadcrumb"},"inLanguage":"ro-RO","potentialAction":[{"@type":"ReadAction","target":["https:\/\/qingdaohf.com\/product\/webbing-sling-8-ton\/"]}]},{"@type":"ImageObject","inLanguage":"ro-RO","@id":"https:\/\/qingdaohf.com\/product\/webbing-sling-8-ton\/#primaryimage","url":"https:\/\/qingdaohf.com\/wp-content\/uploads\/2024\/10\/8ton-sling_1.webp","contentUrl":"https:\/\/qingdaohf.com\/wp-content\/uploads\/2024\/10\/8ton-sling_1.webp","width":1000,"height":1000,"caption":"8ton sling"},{"@type":"BreadcrumbList","@id":"https:\/\/qingdaohf.com\/product\/webbing-sling-8-ton\/#breadcrumb","itemListElement":[{"@type":"ListItem","position":1,"name":"Home","item":"https:\/\/qingdaohf.com\/"},{"@type":"ListItem","position":2,"name":"Concrete Forming Accessories and Rigging Hardware","item":"https:\/\/qingdaohf.com\/bg\/?page_id=944"},{"@type":"ListItem","position":3,"name":"Flat Webbing Sling 8 Ton Polyester Double Duplex"}]},{"@type":"WebSite","@id":"https:\/\/qingdaohf.com\/bg\/#website","url":"https:\/\/qingdaohf.com\/bg\/","name":"Concrete Form & Rigging Hardware Supplier","description":"","publisher":{"@id":"https:\/\/qingdaohf.com\/bg\/#organization"},"potentialAction":[{"@type":"SearchAction","target":{"@type":"EntryPoint","urlTemplate":"https:\/\/qingdaohf.com\/bg\/?s={search_term_string}"},"query-input":{"@type":"PropertyValueSpecification","valueRequired":true,"valueName":"search_term_string"}}],"inLanguage":"ro-RO"},{"@type":"Organization","@id":"https:\/\/qingdaohf.com\/bg\/#organization","name":"Qingdao H&F","url":"https:\/\/qingdaohf.com\/bg\/","logo":{"@type":"ImageObject","inLanguage":"ro-RO","@id":"https:\/\/qingdaohf.com\/bg\/#\/schema\/logo\/image\/","url":"https:\/\/qingdaohf.com\/wp-content\/uploads\/2022\/12\/cropped-HF-LOGO.png","contentUrl":"https:\/\/qingdaohf.com\/wp-content\/uploads\/2022\/12\/cropped-HF-LOGO.png","width":391,"height":249,"caption":"Qingdao H&F"},"image":{"@id":"https:\/\/qingdaohf.com\/bg\/#\/schema\/logo\/image\/"},"sameAs":["https:\/\/www.facebook.com\/qingdaohf"]}]}},"_links":{"self":[{"href":"https:\/\/qingdaohf.com\/ro\/wp-json\/wp\/v2\/product\/8289","targetHints":{"allow":["GET"]}}],"collection":[{"href":"https:\/\/qingdaohf.com\/ro\/wp-json\/wp\/v2\/product"}],"about":[{"href":"https:\/\/qingdaohf.com\/ro\/wp-json\/wp\/v2\/types\/product"}],"replies":[{"embeddable":true,"href":"https:\/\/qingdaohf.com\/ro\/wp-json\/wp\/v2\/comments?post=8289"}],"version-history":[{"count":2,"href":"https:\/\/qingdaohf.com\/ro\/wp-json\/wp\/v2\/product\/8289\/revisions"}],"predecessor-version":[{"id":8334,"href":"https:\/\/qingdaohf.com\/ro\/wp-json\/wp\/v2\/product\/8289\/revisions\/8334"}],"wp:featuredmedia":[{"embeddable":true,"href":"https:\/\/qingdaohf.com\/ro\/wp-json\/wp\/v2\/media\/8193"}],"wp:attachment":[{"href":"https:\/\/qingdaohf.com\/ro\/wp-json\/wp\/v2\/media?parent=8289"}],"wp:term":[{"taxonomy":"product_brand","embeddable":true,"href":"https:\/\/qingdaohf.com\/ro\/wp-json\/wp\/v2\/product_brand?post=8289"},{"taxonomy":"product_cat","embeddable":true,"href":"https:\/\/qingdaohf.com\/ro\/wp-json\/wp\/v2\/product_cat?post=8289"},{"taxonomy":"product_tag","embeddable":true,"href":"https:\/\/qingdaohf.com\/ro\/wp-json\/wp\/v2\/product_tag?post=8289"}],"curies":[{"name":"wp","href":"https:\/\/api.w.org\/{rel}","templated":true}]}}