{"id":8291,"date":"2024-11-05T17:59:58","date_gmt":"2024-11-05T09:59:58","guid":{"rendered":"http:\/\/qingdaohf.com\/?post_type=product&#038;p=8291"},"modified":"2025-11-13T09:02:52","modified_gmt":"2025-11-13T01:02:52","slug":"webbing-sling-10-ton","status":"publish","type":"product","link":"https:\/\/qingdaohf.com\/ro\/produs\/sling-cu-chingi-10-tone\/","title":{"rendered":"Flat Webbing Sling 10 tone poliester dublu duplex"},"content":{"rendered":"<h4>Solu\u021bii de ridicare de mare capacitate: Durabilitatea \u0219i rezisten\u021ba chingii de 10 tone<\/h4>\n<p>Pentru sarcinile de ridicare industrial\u0103 \u00een care este necesar un suport sigur \u0219i de mare capacitate, slinga Qingdao H&amp;F cu chingi de 10 tone ofer\u0103 o solu\u021bie optim\u0103. Construit\u0103 din poliester de \u00eenalt\u0103 rezisten\u021b\u0103, aceast\u0103 sling\u0103 suport\u0103 greut\u0103\u021bi de p\u00e2n\u0103 la 10 tone, ceea ce o face ideal\u0103 pentru industrii precum construc\u021biile, logistica \u0219i produc\u021bia. Rezilien\u021ba chingii de 10 tone asigur\u0103 men\u021binerea integrit\u0103\u021bii chiar \u0219i \u00een condi\u021bii de sarcini grele repetitive \u00een medii dificile, oferind companiilor o solu\u021bie durabil\u0103 \u0219i rentabil\u0103 pentru nevoile lor de ridicare.<\/p>\n<p>Pentru a asigura cele mai \u00eenalte standarde de fiabilitate \u0219i siguran\u021b\u0103, fiecare sling\u0103 de 10 tone este supus\u0103 unor teste riguroase, iar cump\u0103r\u0103torii primesc un raport de inspec\u021bie a calit\u0103\u021bii care verific\u0103 conformitatea sa cu standardele interna\u021bionale de siguran\u021b\u0103 \u0219i performan\u021b\u0103. Dedicarea Qingdao H&amp;F pentru transparen\u021b\u0103 asigur\u0103 cump\u0103r\u0103torii c\u0103 investesc \u00eentr-un produs care \u00eendepline\u0219te toate cerin\u021bele de reglementare. Ciclul rapid de livrare oferit de Qingdao H&amp;F permite clien\u021bilor s\u0103 aib\u0103 acces prompt la echipamentele necesare, minimiz\u00e2nd \u00eent\u00e2rzierile \u00een opera\u021biuni \u0219i \u00eembun\u0103t\u0103\u021bind eficien\u021ba general\u0103.<\/p>\n<h4>Siguran\u021b\u0103 \u0219i stabilitate \u00een aplica\u021biile de ridicare a sarcinilor grele<\/h4>\n<p>\u00cen mediile industriale cu mize mari, stabilitatea \u0219i securitatea echipamentelor de ridicare sunt cruciale at\u00e2t pentru siguran\u021b\u0103, c\u00e2t \u0219i pentru productivitate. E\u0219afodajul cu chingi de 10 tone de la Qingdao H&amp;F este proiectat pentru a oferi o stabilitate remarcabil\u0103 a \u00eenc\u0103rc\u0103turii, ajut\u00e2nd la distribuirea uniform\u0103 a greut\u0103\u021bii pe \u00eenc\u0103rc\u0103tur\u0103. Acest design reduce punctele de presiune \u0219i minimizeaz\u0103 riscul de deteriorare sau deplasare a \u00eenc\u0103rc\u0103turii \u00een timpul opera\u021biunilor de ridicare, oferind lini\u0219te operatorilor. Chinga larg\u0103 \u0219i durabil\u0103 din poliester rezist\u0103 la uzur\u0103, abraziune \u0219i expunere la UV, men\u021bin\u00e2ndu-\u0219i rezisten\u021ba \u00een condi\u021bii solicitante.<\/p>\n<p>Siguran\u021ba opera\u021biunilor de ridicare este sporit\u0103 de standardele de fabrica\u021bie meticuloase ale Qingdao H&amp;F. Fiecare sling\u0103 respect\u0103 sau dep\u0103\u0219e\u0219te reglement\u0103rile interna\u021bionale din industrie, ceea ce o face potrivit\u0103 pentru o varietate de aplica\u021bii \u00een care exist\u0103 protocoale de siguran\u021b\u0103 stricte. Cu un control riguros al calit\u0103\u021bii \u00een fiecare etap\u0103 a produc\u021biei, Qingdao H&amp;F se asigur\u0103 c\u0103 slinga cu chingi de 10 tone ofer\u0103 un suport fiabil \u00een cele mai dificile medii. Rapoartele detaliate de inspec\u021bie a calit\u0103\u021bii disponibile cu fiecare sling\u0103 servesc drept dovad\u0103 a acestui angajament, ajut\u00e2nd \u00eentreprinderile s\u0103 men\u021bin\u0103 standardele de siguran\u021b\u0103 \u0219i conformitate cu \u00eencredere.<\/p>\n<h4>Qingdao H&amp;F: Un partener de \u00eencredere pentru solu\u021bii de ridicare de \u00eenalt\u0103 performan\u021b\u0103<\/h4>\n<p>\u00cen calitate de societate comercial\u0103 B2B cu dou\u0103 decenii de experien\u021b\u0103, Qingdao H&amp;F se angajeaz\u0103 s\u0103 sprijine \u00eentreprinderile prin oferirea de produse care combin\u0103 calitatea, siguran\u021ba \u0219i serviciile. E\u0219afodajul cu chingi de 10 tone exemplific\u0103 abordarea Qingdao H&amp;F de a furniza echipamente fiabile, de \u00eenalt\u0103 performan\u021b\u0103, care r\u0103spund nevoilor practice ale cump\u0103r\u0103torilor industriali. Fiecare sling\u0103 este \u00eenso\u021bit\u0103 de un raport de inspec\u021bie a calit\u0103\u021bii, oferind cump\u0103r\u0103torilor o imagine clar\u0103 a specifica\u021biilor produsului \u0219i asigur\u00e2nd o transparen\u021b\u0103 total\u0103 \u00een ceea ce prive\u0219te performan\u021ba acestuia.<\/p>\n<p>Modelul unu-la-unu de servicii pentru clien\u021bi al Qingdao H&amp;F permite cump\u0103r\u0103torilor s\u0103 primeasc\u0103 asisten\u021b\u0103 personalizat\u0103 din partea reprezentan\u021bilor bine informa\u021bi, ajut\u00e2ndu-i s\u0103 selecteze echipamentul de ridicare ideal pentru cerin\u021bele lor specifice. Aceast\u0103 abordare atent\u0103, \u00eempreun\u0103 cu un ciclu de livrare rapid \u0219i eficient, demonstreaz\u0103 dedicarea Qingdao H&amp;F de a facilita un proces de achizi\u021bie f\u0103r\u0103 cusur, care s\u0103 se alinieze cu calendarele opera\u021bionale ale clien\u021bilor. Accentul pus de Qingdao H&amp;F pe satisfac\u021bia clien\u021bilor \u0219i pe controlul calit\u0103\u021bii a consacrat-o ca un nume de \u00eencredere pe pia\u021ba ridic\u0103rii industriale.<\/p>\n<p>E\u0219afodajul cu chingi de 10 tone de la Qingdao H&amp;F este mai mult dec\u00e2t o solu\u021bie de ridicare - este un partener de \u00eencredere pentru companiile angajate \u00een siguran\u021b\u0103, eficien\u021b\u0103 \u0219i performan\u021b\u0103 ridicat\u0103. Cu fiecare sling\u0103, Qingdao H&amp;F ofer\u0103 un produs care respect\u0103 standardele industriei, oferind \u00een acela\u0219i timp o op\u021biune sigur\u0103 \u0219i eficient\u0103 pentru aplica\u021biile de ridicare a sarcinilor grele.<\/p>","protected":false},"excerpt":{"rendered":"<p>Slingul cu ching\u0103 de 10 tone este construit pentru ridic\u0103ri grele, conceput pentru a satisface cerin\u021bele stricte ale industriilor \u00een care ridicarea sigur\u0103 \u0219i de mare capacitate este esen\u021bial\u0103. Aceast\u0103 sling\u0103 durabil\u0103 suport\u0103 p\u00e2n\u0103 la 10 tone, r\u0103spunz\u00e2nd preocup\u0103rilor principale ale cump\u0103r\u0103torilor cu privire la rezisten\u021b\u0103, siguran\u021b\u0103 \u0219i fiabilitate. \u00cen calitate de societate comercial\u0103 B2B cu experien\u021b\u0103, Qingdao H&amp;F ofer\u0103 asisten\u021b\u0103 personalizat\u0103 pentru clien\u021bi, livrare rapid\u0103 \u0219i rapoarte cuprinz\u0103toare de inspec\u021bie a calit\u0103\u021bii, asigur\u00e2nd o experien\u021b\u0103 de cump\u0103rare f\u0103r\u0103 probleme care prioritizeaz\u0103 transparen\u021ba \u0219i satisfac\u021bia clien\u021bilor.<\/p>","protected":false},"featured_media":8192,"comment_status":"open","ping_status":"closed","template":"","meta":{"site-sidebar-layout":"default","site-content-layout":"","ast-site-content-layout":"default","site-content-style":"default","site-sidebar-style":"default","ast-global-header-display":"","ast-banner-title-visibility":"","ast-main-header-display":"","ast-hfb-above-header-display":"","ast-hfb-below-header-display":"","ast-hfb-mobile-header-display":"","site-post-title":"","ast-breadcrumbs-content":"","ast-featured-img":"","footer-sml-layout":"","theme-transparent-header-meta":"default","adv-header-id-meta":"","stick-header-meta":"default","header-above-stick-meta":"","header-main-stick-meta":"","header-below-stick-meta":"","astra-migrate-meta-layouts":"set","ast-page-background-enabled":"default","ast-page-background-meta":{"desktop":{"background-color":"","background-image":"","background-repeat":"repeat","background-position":"center center","background-size":"auto","background-attachment":"scroll","background-type":"","background-media":"","overlay-type":"","overlay-color":"","overlay-opacity":"","overlay-gradient":""},"tablet":{"background-color":"","background-image":"","background-repeat":"repeat","background-position":"center center","background-size":"auto","background-attachment":"scroll","background-type":"","background-media":"","overlay-type":"","overlay-color":"","overlay-opacity":"","overlay-gradient":""},"mobile":{"background-color":"","background-image":"","background-repeat":"repeat","background-position":"center center","background-size":"auto","background-attachment":"scroll","background-type":"","background-media":"","overlay-type":"","overlay-color":"","overlay-opacity":"","overlay-gradient":""}},"ast-content-background-meta":{"desktop":{"background-color":"var(--ast-global-color-5)","background-image":"","background-repeat":"repeat","background-position":"center center","background-size":"auto","background-attachment":"scroll","background-type":"","background-media":"","overlay-type":"","overlay-color":"","overlay-opacity":"","overlay-gradient":""},"tablet":{"background-color":"var(--ast-global-color-5)","background-image":"","background-repeat":"repeat","background-position":"center center","background-size":"auto","background-attachment":"scroll","background-type":"","background-media":"","overlay-type":"","overlay-color":"","overlay-opacity":"","overlay-gradient":""},"mobile":{"background-color":"var(--ast-global-color-5)","background-image":"","background-repeat":"repeat","background-position":"center center","background-size":"auto","background-attachment":"scroll","background-type":"","background-media":"","overlay-type":"","overlay-color":"","overlay-opacity":"","overlay-gradient":""}}},"product_brand":[],"product_cat":[39],"product_tag":[],"class_list":{"0":"post-8291","1":"product","2":"type-product","3":"status-publish","4":"has-post-thumbnail","6":"product_cat-webbing-sling","7":"desktop-align-left","8":"tablet-align-left","9":"mobile-align-left","10":"ast-product-gallery-layout-horizontal-slider","11":"ast-product-gallery-with-no-image","12":"ast-product-tabs-layout-horizontal","14":"first","15":"instock","16":"shipping-taxable","17":"purchasable","18":"product-type-simple"},"yoast_head":"<!-- This site is optimized with the Yoast SEO plugin v25.2 - https:\/\/yoast.com\/wordpress\/plugins\/seo\/ -->\n<title>Flat Webbing Sling 10 Ton Polyester Double Duplex<\/title>\n<meta name=\"robots\" content=\"index, follow, max-snippet:-1, max-image-preview:large, max-video-preview:-1\" \/>\n<link rel=\"canonical\" href=\"https:\/\/qingdaohf.com\/ro\/produs\/sling-cu-chingi-10-tone\/\" \/>\n<meta property=\"og:locale\" content=\"ro_RO\" \/>\n<meta property=\"og:type\" content=\"article\" \/>\n<meta property=\"og:title\" content=\"Flat Webbing Sling 10 Ton Polyester Double Duplex\" \/>\n<meta property=\"og:description\" content=\"10-Ton Webbing Sling is built for heavy-duty lifting, designed to meet the stringent demands of industries where secure, high-capacity lifting is essential. This durable sling handles up to 10 tons, addressing buyers&#039; primary concerns about strength, safety, and reliability. As an experienced B2B trading company, Qingdao H&amp;F provides one-on-one customer support, fast delivery, and comprehensive quality inspection reports, ensuring a smooth buying experience that prioritizes transparency and customer satisfaction.\" \/>\n<meta property=\"og:url\" content=\"https:\/\/qingdaohf.com\/ro\/produs\/sling-cu-chingi-10-tone\/\" \/>\n<meta property=\"og:site_name\" content=\"Concrete Form &amp; Rigging Hardware Supplier\" \/>\n<meta property=\"article:publisher\" content=\"https:\/\/www.facebook.com\/qingdaohf\" \/>\n<meta property=\"article:modified_time\" content=\"2025-11-13T01:02:52+00:00\" \/>\n<meta property=\"og:image\" content=\"https:\/\/qingdaohf.com\/wp-content\/uploads\/2024\/10\/10-tons_1.webp\" \/>\n\t<meta property=\"og:image:width\" content=\"1000\" \/>\n\t<meta property=\"og:image:height\" content=\"1000\" \/>\n\t<meta property=\"og:image:type\" content=\"image\/webp\" \/>\n<meta name=\"twitter:card\" content=\"summary_large_image\" \/>\n<meta name=\"twitter:label1\" content=\"Timp estimat pentru citire\" \/>\n\t<meta name=\"twitter:data1\" content=\"3 minute\" \/>\n<script type=\"application\/ld+json\" class=\"yoast-schema-graph\">{\"@context\":\"https:\/\/schema.org\",\"@graph\":[{\"@type\":\"WebPage\",\"@id\":\"https:\/\/qingdaohf.com\/product\/webbing-sling-10-ton\/\",\"url\":\"https:\/\/qingdaohf.com\/product\/webbing-sling-10-ton\/\",\"name\":\"Flat Webbing Sling 10 Ton Polyester Double Duplex\",\"isPartOf\":{\"@id\":\"https:\/\/qingdaohf.com\/bg\/#website\"},\"primaryImageOfPage\":{\"@id\":\"https:\/\/qingdaohf.com\/product\/webbing-sling-10-ton\/#primaryimage\"},\"image\":{\"@id\":\"https:\/\/qingdaohf.com\/product\/webbing-sling-10-ton\/#primaryimage\"},\"thumbnailUrl\":\"https:\/\/qingdaohf.com\/wp-content\/uploads\/2024\/10\/10-tons_1.webp\",\"datePublished\":\"2024-11-05T09:59:58+00:00\",\"dateModified\":\"2025-11-13T01:02:52+00:00\",\"breadcrumb\":{\"@id\":\"https:\/\/qingdaohf.com\/product\/webbing-sling-10-ton\/#breadcrumb\"},\"inLanguage\":\"ro-RO\",\"potentialAction\":[{\"@type\":\"ReadAction\",\"target\":[\"https:\/\/qingdaohf.com\/product\/webbing-sling-10-ton\/\"]}]},{\"@type\":\"ImageObject\",\"inLanguage\":\"ro-RO\",\"@id\":\"https:\/\/qingdaohf.com\/product\/webbing-sling-10-ton\/#primaryimage\",\"url\":\"https:\/\/qingdaohf.com\/wp-content\/uploads\/2024\/10\/10-tons_1.webp\",\"contentUrl\":\"https:\/\/qingdaohf.com\/wp-content\/uploads\/2024\/10\/10-tons_1.webp\",\"width\":1000,\"height\":1000,\"caption\":\"Webbing Sling 10 Ton\"},{\"@type\":\"BreadcrumbList\",\"@id\":\"https:\/\/qingdaohf.com\/product\/webbing-sling-10-ton\/#breadcrumb\",\"itemListElement\":[{\"@type\":\"ListItem\",\"position\":1,\"name\":\"Home\",\"item\":\"https:\/\/qingdaohf.com\/\"},{\"@type\":\"ListItem\",\"position\":2,\"name\":\"Concrete Forming Accessories and Rigging Hardware\",\"item\":\"https:\/\/qingdaohf.com\/bg\/?page_id=944\"},{\"@type\":\"ListItem\",\"position\":3,\"name\":\"Flat Webbing Sling 10 Ton Polyester Double Duplex\"}]},{\"@type\":\"WebSite\",\"@id\":\"https:\/\/qingdaohf.com\/bg\/#website\",\"url\":\"https:\/\/qingdaohf.com\/bg\/\",\"name\":\"Concrete Form & Rigging Hardware Supplier\",\"description\":\"\",\"publisher\":{\"@id\":\"https:\/\/qingdaohf.com\/bg\/#organization\"},\"potentialAction\":[{\"@type\":\"SearchAction\",\"target\":{\"@type\":\"EntryPoint\",\"urlTemplate\":\"https:\/\/qingdaohf.com\/bg\/?s={search_term_string}\"},\"query-input\":{\"@type\":\"PropertyValueSpecification\",\"valueRequired\":true,\"valueName\":\"search_term_string\"}}],\"inLanguage\":\"ro-RO\"},{\"@type\":\"Organization\",\"@id\":\"https:\/\/qingdaohf.com\/bg\/#organization\",\"name\":\"Qingdao H&F\",\"url\":\"https:\/\/qingdaohf.com\/bg\/\",\"logo\":{\"@type\":\"ImageObject\",\"inLanguage\":\"ro-RO\",\"@id\":\"https:\/\/qingdaohf.com\/bg\/#\/schema\/logo\/image\/\",\"url\":\"https:\/\/qingdaohf.com\/wp-content\/uploads\/2022\/12\/cropped-HF-LOGO.png\",\"contentUrl\":\"https:\/\/qingdaohf.com\/wp-content\/uploads\/2022\/12\/cropped-HF-LOGO.png\",\"width\":391,\"height\":249,\"caption\":\"Qingdao H&F\"},\"image\":{\"@id\":\"https:\/\/qingdaohf.com\/bg\/#\/schema\/logo\/image\/\"},\"sameAs\":[\"https:\/\/www.facebook.com\/qingdaohf\"]}]}<\/script>\n<!-- \/ Yoast SEO plugin. -->","yoast_head_json":{"title":"Flat Webbing Sling 10 Ton Polyester Double Duplex","robots":{"index":"index","follow":"follow","max-snippet":"max-snippet:-1","max-image-preview":"max-image-preview:large","max-video-preview":"max-video-preview:-1"},"canonical":"https:\/\/qingdaohf.com\/ro\/produs\/sling-cu-chingi-10-tone\/","og_locale":"ro_RO","og_type":"article","og_title":"Flat Webbing Sling 10 Ton Polyester Double Duplex","og_description":"10-Ton Webbing Sling is built for heavy-duty lifting, designed to meet the stringent demands of industries where secure, high-capacity lifting is essential. This durable sling handles up to 10 tons, addressing buyers' primary concerns about strength, safety, and reliability. As an experienced B2B trading company, Qingdao H&amp;F provides one-on-one customer support, fast delivery, and comprehensive quality inspection reports, ensuring a smooth buying experience that prioritizes transparency and customer satisfaction.","og_url":"https:\/\/qingdaohf.com\/ro\/produs\/sling-cu-chingi-10-tone\/","og_site_name":"Concrete Form &amp; Rigging Hardware Supplier","article_publisher":"https:\/\/www.facebook.com\/qingdaohf","article_modified_time":"2025-11-13T01:02:52+00:00","og_image":[{"width":1000,"height":1000,"url":"https:\/\/qingdaohf.com\/wp-content\/uploads\/2024\/10\/10-tons_1.webp","type":"image\/webp"}],"twitter_card":"summary_large_image","twitter_misc":{"Timp estimat pentru citire":"3 minute"},"schema":{"@context":"https:\/\/schema.org","@graph":[{"@type":"WebPage","@id":"https:\/\/qingdaohf.com\/product\/webbing-sling-10-ton\/","url":"https:\/\/qingdaohf.com\/product\/webbing-sling-10-ton\/","name":"Flat Webbing Sling 10 Ton Polyester Double Duplex","isPartOf":{"@id":"https:\/\/qingdaohf.com\/bg\/#website"},"primaryImageOfPage":{"@id":"https:\/\/qingdaohf.com\/product\/webbing-sling-10-ton\/#primaryimage"},"image":{"@id":"https:\/\/qingdaohf.com\/product\/webbing-sling-10-ton\/#primaryimage"},"thumbnailUrl":"https:\/\/qingdaohf.com\/wp-content\/uploads\/2024\/10\/10-tons_1.webp","datePublished":"2024-11-05T09:59:58+00:00","dateModified":"2025-11-13T01:02:52+00:00","breadcrumb":{"@id":"https:\/\/qingdaohf.com\/product\/webbing-sling-10-ton\/#breadcrumb"},"inLanguage":"ro-RO","potentialAction":[{"@type":"ReadAction","target":["https:\/\/qingdaohf.com\/product\/webbing-sling-10-ton\/"]}]},{"@type":"ImageObject","inLanguage":"ro-RO","@id":"https:\/\/qingdaohf.com\/product\/webbing-sling-10-ton\/#primaryimage","url":"https:\/\/qingdaohf.com\/wp-content\/uploads\/2024\/10\/10-tons_1.webp","contentUrl":"https:\/\/qingdaohf.com\/wp-content\/uploads\/2024\/10\/10-tons_1.webp","width":1000,"height":1000,"caption":"Webbing Sling 10 Ton"},{"@type":"BreadcrumbList","@id":"https:\/\/qingdaohf.com\/product\/webbing-sling-10-ton\/#breadcrumb","itemListElement":[{"@type":"ListItem","position":1,"name":"Home","item":"https:\/\/qingdaohf.com\/"},{"@type":"ListItem","position":2,"name":"Concrete Forming Accessories and Rigging Hardware","item":"https:\/\/qingdaohf.com\/bg\/?page_id=944"},{"@type":"ListItem","position":3,"name":"Flat Webbing Sling 10 Ton Polyester Double Duplex"}]},{"@type":"WebSite","@id":"https:\/\/qingdaohf.com\/bg\/#website","url":"https:\/\/qingdaohf.com\/bg\/","name":"Concrete Form & Rigging Hardware Supplier","description":"","publisher":{"@id":"https:\/\/qingdaohf.com\/bg\/#organization"},"potentialAction":[{"@type":"SearchAction","target":{"@type":"EntryPoint","urlTemplate":"https:\/\/qingdaohf.com\/bg\/?s={search_term_string}"},"query-input":{"@type":"PropertyValueSpecification","valueRequired":true,"valueName":"search_term_string"}}],"inLanguage":"ro-RO"},{"@type":"Organization","@id":"https:\/\/qingdaohf.com\/bg\/#organization","name":"Qingdao H&F","url":"https:\/\/qingdaohf.com\/bg\/","logo":{"@type":"ImageObject","inLanguage":"ro-RO","@id":"https:\/\/qingdaohf.com\/bg\/#\/schema\/logo\/image\/","url":"https:\/\/qingdaohf.com\/wp-content\/uploads\/2022\/12\/cropped-HF-LOGO.png","contentUrl":"https:\/\/qingdaohf.com\/wp-content\/uploads\/2022\/12\/cropped-HF-LOGO.png","width":391,"height":249,"caption":"Qingdao H&F"},"image":{"@id":"https:\/\/qingdaohf.com\/bg\/#\/schema\/logo\/image\/"},"sameAs":["https:\/\/www.facebook.com\/qingdaohf"]}]}},"_links":{"self":[{"href":"https:\/\/qingdaohf.com\/ro\/wp-json\/wp\/v2\/product\/8291","targetHints":{"allow":["GET"]}}],"collection":[{"href":"https:\/\/qingdaohf.com\/ro\/wp-json\/wp\/v2\/product"}],"about":[{"href":"https:\/\/qingdaohf.com\/ro\/wp-json\/wp\/v2\/types\/product"}],"replies":[{"embeddable":true,"href":"https:\/\/qingdaohf.com\/ro\/wp-json\/wp\/v2\/comments?post=8291"}],"version-history":[{"count":2,"href":"https:\/\/qingdaohf.com\/ro\/wp-json\/wp\/v2\/product\/8291\/revisions"}],"predecessor-version":[{"id":8333,"href":"https:\/\/qingdaohf.com\/ro\/wp-json\/wp\/v2\/product\/8291\/revisions\/8333"}],"wp:featuredmedia":[{"embeddable":true,"href":"https:\/\/qingdaohf.com\/ro\/wp-json\/wp\/v2\/media\/8192"}],"wp:attachment":[{"href":"https:\/\/qingdaohf.com\/ro\/wp-json\/wp\/v2\/media?parent=8291"}],"wp:term":[{"taxonomy":"product_brand","embeddable":true,"href":"https:\/\/qingdaohf.com\/ro\/wp-json\/wp\/v2\/product_brand?post=8291"},{"taxonomy":"product_cat","embeddable":true,"href":"https:\/\/qingdaohf.com\/ro\/wp-json\/wp\/v2\/product_cat?post=8291"},{"taxonomy":"product_tag","embeddable":true,"href":"https:\/\/qingdaohf.com\/ro\/wp-json\/wp\/v2\/product_tag?post=8291"}],"curies":[{"name":"wp","href":"https:\/\/api.w.org\/{rel}","templated":true}]}}