{"id":8428,"date":"2024-11-29T16:45:52","date_gmt":"2024-11-29T08:45:52","guid":{"rendered":"http:\/\/qingdaohf.com\/?post_type=product&#038;p=8428"},"modified":"2025-11-13T09:02:51","modified_gmt":"2025-11-13T01:02:51","slug":"boat-steering-wheel","status":"publish","type":"product","link":"https:\/\/qingdaohf.com\/ro\/produs\/volan-barca\/","title":{"rendered":"Roata de direc\u021bie a b\u0103rcii"},"content":{"rendered":"<h4>Importan\u021ba unei ro\u021bi de direc\u021bie fiabile pentru b\u0103rci<\/h4>\n<p>Volanul este mai mult dec\u00e2t un simplu mecanism de control pentru o barc\u0103; este inima naviga\u021biei \u0219i a manevrabilit\u0103\u021bii. Designul \u0219i func\u021bionalitatea acestuia au un impact direct asupra capacit\u0103\u021bii operatorului de a manevra nava \u00een diferite condi\u021bii de ap\u0103. Fie c\u0103 navigheaz\u0103 pe \u00eendelete, fie c\u0103 navigheaz\u0103 pe curen\u021bi dificili, un volan de \u00eenalt\u0103 calitate asigur\u0103 un control precis, contribuind la siguran\u021b\u0103 \u0219i eficien\u021b\u0103.<\/p>\n<p>Atunci c\u00e2nd selecteaz\u0103 un volan, proprietarii de ambarca\u021biuni acord\u0103 adesea prioritate materialelor care pot rezista mediului marin, inclusiv expunerii la ap\u0103 s\u0103rat\u0103, umiditate \u0219i raze UV. Materialele comune precum o\u021belul inoxidabil, aluminiul \u0219i materialele plastice marine ofer\u0103 diferite niveluri de durabilitate \u0219i rezisten\u021b\u0103 la coroziune. Ergonomia este un alt aspect esen\u021bial, deoarece forma, prinderea \u0219i dimensiunea volanului pot afecta confortul \u00een timpul utiliz\u0103rii prelungite. Alegerea volanului potrivit este esen\u021bial\u0103 nu numai pentru performan\u021b\u0103, ci \u0219i pentru \u00eembun\u0103t\u0103\u021birea experien\u021bei generale de naviga\u021bie.<\/p>\n<h4>Tipuri de ro\u021bi de direc\u021bie pentru b\u0103rci<\/h4>\n<p>Volanele pentru b\u0103rci sunt disponibile \u00een diferite tipuri, fiecare fiind potrivit pentru anumite categorii de nave \u0219i preferin\u021be ale utilizatorilor. Volanele clasice din o\u021bel inoxidabil r\u0103m\u00e2n favorite \u00een r\u00e2ndul navigatorilor datorit\u0103 designului lor atemporal, rezisten\u021bei excep\u021bionale \u0219i rezisten\u021bei la elementele marine dure. Aceste volane au adesea un finisaj lustruit, ad\u0103ug\u00e2nd o not\u0103 de sofisticare c\u00e2rmei.<\/p>\n<p>Pentru cei care caut\u0103 op\u021biuni u\u0219oare, ro\u021bile fabricate din aluminiu sau materiale compozite ofer\u0103 performan\u021be excelente. Modelele din aluminiu sunt apreciate pentru echilibrul dintre rezisten\u021b\u0103 \u0219i greutate, ceea ce le face potrivite pentru b\u0103rcile mai mici sau pentru navele de agrement. Ro\u021bile din materiale compozite, pe de alt\u0103 parte, sunt ideale pentru ambarca\u021biunile moderne care acord\u0103 prioritate rentabilit\u0103\u021bii f\u0103r\u0103 a compromite durabilitatea.<\/p>\n<p>Ro\u021bile de direc\u021bie din lemn se adreseaz\u0103 entuzia\u0219tilor care apreciaz\u0103 estetica \u0219i m\u0103iestria tradi\u021bional\u0103. Adesea asociate cu iahturi de epoc\u0103 sau de lux, ro\u021bile din lemn eman\u0103 un farmec clasic, de\u0219i necesit\u0103 mai mult\u0103 \u00eentre\u021binere \u00een compara\u021bie cu omologii lor din metal sau plastic. Fiecare tip serve\u0219te unor scopuri unice, permi\u021b\u00e2nd proprietarilor de ambarca\u021biuni s\u0103 aleag\u0103 \u00een func\u021bie de nevoile func\u021bionale \u0219i preferin\u021bele stilistice.<\/p>\n<h4>De ce s\u0103 alege\u021bi ro\u021bile noastre de direc\u021bie pentru b\u0103rci<\/h4>\n<p>Selectarea furnizorului potrivit pentru ro\u021bile de direc\u021bie pentru b\u0103rci este la fel de critic\u0103 ca alegerea produsului \u00een sine. La societatea noastr\u0103 comercial\u0103, acord\u0103m prioritate furniz\u0103rii de valoare \u0219i fiabilitate prin gama noastr\u0103 extins\u0103 de accesorii marine. Ro\u021bile noastre de direc\u021bie sunt supuse unor inspec\u021bii de calitate riguroase, asigur\u00e2nd conformitatea cu standardele industriei \u0219i oferind lini\u0219te clien\u021bilor no\u0219tri.<\/p>\n<p>Serviciul nostru individual pentru clien\u021bi ne diferen\u021biaz\u0103 pe pia\u021b\u0103, deoarece lucr\u0103m \u00eendeaproape cu clien\u021bii pentru a le \u00een\u021belege cerin\u021bele unice. Aceast\u0103 abordare personalizat\u0103 ajut\u0103 la recomandarea unor volane adaptate tipului lor de nav\u0103, condi\u021biilor de operare \u0219i bugetului. \u00cen plus, logistica noastr\u0103 ra\u021bionalizat\u0103 asigur\u0103 un ciclu de livrare rapid, minimiz\u00e2nd timpii mor\u021bi at\u00e2t pentru navigatori, c\u00e2t \u0219i pentru distribuitori.<\/p>\n<p>Durabilitatea ro\u021bilor noastre de direc\u021bie este o dovad\u0103 a angajamentului nostru fa\u021b\u0103 de excelen\u021b\u0103. Fabricate folosind materiale premium, acestea sunt concepute pentru a rezista expunerii prelungite la medii marine, men\u021bin\u00e2nd \u00een acela\u0219i timp performan\u021ba optim\u0103. Oferind o combina\u021bie de estetic\u0103, func\u021bionalitate \u0219i fiabilitate, produsele noastre satisfac a\u0219tept\u0103rile at\u00e2t ale utilizatorilor de agrement, c\u00e2t \u0219i ale celor profesioni\u0219ti.<\/p>\n<h4>Rolul inov\u0103rii \u00een proiectarea volanului<\/h4>\n<p>Progresele moderne \u00een proiectarea volanului pentru b\u0103rci au introdus caracteristici care sporesc utilitatea \u0219i confortul. Multe modele \u00eencorporeaz\u0103 acum m\u00e2nere antiderapante, care \u00eembun\u0103t\u0103\u021besc controlul chiar \u0219i \u00een condi\u021bii de umezeal\u0103. \u00cen plus, ro\u021bile cu func\u021bii de \u00eenclinare reglabile ofer\u0103 flexibilitate, acomod\u00e2nd operatorii de \u00een\u0103l\u021bimi \u0219i preferin\u021be diferite.<\/p>\n<p>Materialele inovatoare joac\u0103, de asemenea, un rol semnificativ \u00een \u00eembun\u0103t\u0103\u021birea rezisten\u021bei \u0219i duratei de via\u021b\u0103 a volanelor. O\u021belul inoxidabil de calitate marin\u0103 cu acoperiri ad\u0103ugate ofer\u0103 o rezisten\u021b\u0103 superioar\u0103 la \u00een\u021bep\u0103turi \u0219i rugin\u0103, \u00een timp ce materialele plastice stabilizate la UV previn decolorarea \u0219i cr\u0103parea sub expunerea la lumina soarelui. Aceste progrese nu numai c\u0103 asigur\u0103 longevitatea produsului, dar contribuie \u0219i la siguran\u021ba \u0219i confortul operatorului.<\/p>\n<p>O alt\u0103 inova\u021bie cheie este integrarea comenzilor multifunc\u021bionale direct \u00een volan. Astfel de modele permit operatorilor s\u0103 acceseze func\u021bii critice, cum ar fi controlul accelera\u021biei sau afi\u0219ajele electronice, f\u0103r\u0103 a-\u0219i lua m\u00e2inile de pe volan. Aceste caracteristici simplific\u0103 experien\u021ba de naviga\u021bie, f\u0103c\u00e2nd navigarea mai intuitiv\u0103 \u0219i reduc\u00e2nd probabilitatea oboselii operatorului.<\/p>\n<h4>Asigurarea valorii pe termen lung<\/h4>\n<p>Investi\u021bia \u00eentr-un volan de ambarca\u021biune de \u00eenalt\u0103 calitate este o decizie care d\u0103 roade pe termen lung. Dincolo de func\u021bionalitatea imediat\u0103, aceste produse sporesc valoarea general\u0103 a navei, \u00een special atunci c\u00e2nd sunt asociate cu un furnizor de renume. Volanele noastre sunt proiectate cu g\u00e2ndul la longevitate, oferind un echilibru optim de performan\u021b\u0103, durabilitate \u0219i aspect estetic.<\/p>\n<p>Clien\u021bii pot avea \u00eencredere \u00een compania noastr\u0103 pentru a oferi nu numai produse excep\u021bionale, ci \u0219i asisten\u021b\u0103 complet\u0103 pe tot parcursul procesului de achizi\u021bie. De la consult\u0103rile ini\u021biale p\u00e2n\u0103 la serviciile post-v\u00e2nzare, ne str\u0103duim s\u0103 construim rela\u021bii durabile cu clien\u021bii no\u0219tri. Acest angajament fa\u021b\u0103 de excelen\u021b\u0103 ne-a stabilit reputa\u021bia de partener de \u00eencredere pe pia\u021ba accesoriilor marine.<\/p>\n<p>Prin prioritizarea calit\u0103\u021bii, inova\u021biei \u0219i satisfac\u021biei clien\u021bilor, ne propunem s\u0103 dep\u0103\u0219im a\u0219tept\u0103rile clien\u021bilor no\u0219tri. Fie c\u0103 sunt destinate pasiona\u021bilor de naviga\u021bie ocazional\u0103 sau navigatorilor profesioni\u0219ti, volanele noastre pentru b\u0103rci reprezint\u0103 o fuziune a caracterului practic \u0219i a stilului, asigur\u00e2nd performan\u021be superioare pe ap\u0103.<\/p>","protected":false},"excerpt":{"rendered":"<p>Ro\u021bile de direc\u021bie pentru b\u0103rci joac\u0103 un rol esen\u021bial \u00een asigurarea unei naviga\u021bii \u0219i a unui control f\u0103r\u0103 probleme pe ap\u0103, ceea ce le face o component\u0103 esen\u021bial\u0103 pentru orice nav\u0103. Cump\u0103r\u0103torii prioritizeaz\u0103 adesea factori precum durabilitatea materialului, designul ergonomic, compatibilitatea cu diverse sisteme marine \u0219i rezisten\u021ba la coroziune atunci c\u00e2nd aleg un volan. Compania noastr\u0103 comercial\u0103 ofer\u0103 volane pentru b\u0103rci de \u00eenalt\u0103 calitate care r\u0103spund acestor preocup\u0103ri, \u00eempreun\u0103 cu un serviciu clien\u021bi personalizat, asigur\u00e2nd recomand\u0103ri personalizate. \u00cen plus, garant\u0103m un ciclu de livrare rapid \u0219i oferim rapoarte complete de inspec\u021bie a calit\u0103\u021bii pentru a oferi lini\u0219te sufleteasc\u0103 cu fiecare achizi\u021bie.<\/p>","protected":false},"featured_media":8429,"comment_status":"open","ping_status":"closed","template":"","meta":{"site-sidebar-layout":"default","site-content-layout":"","ast-site-content-layout":"default","site-content-style":"default","site-sidebar-style":"default","ast-global-header-display":"","ast-banner-title-visibility":"","ast-main-header-display":"","ast-hfb-above-header-display":"","ast-hfb-below-header-display":"","ast-hfb-mobile-header-display":"","site-post-title":"","ast-breadcrumbs-content":"","ast-featured-img":"","footer-sml-layout":"","theme-transparent-header-meta":"default","adv-header-id-meta":"","stick-header-meta":"default","header-above-stick-meta":"","header-main-stick-meta":"","header-below-stick-meta":"","astra-migrate-meta-layouts":"set","ast-page-background-enabled":"default","ast-page-background-meta":{"desktop":{"background-color":"","background-image":"","background-repeat":"repeat","background-position":"center center","background-size":"auto","background-attachment":"scroll","background-type":"","background-media":"","overlay-type":"","overlay-color":"","overlay-opacity":"","overlay-gradient":""},"tablet":{"background-color":"","background-image":"","background-repeat":"repeat","background-position":"center center","background-size":"auto","background-attachment":"scroll","background-type":"","background-media":"","overlay-type":"","overlay-color":"","overlay-opacity":"","overlay-gradient":""},"mobile":{"background-color":"","background-image":"","background-repeat":"repeat","background-position":"center center","background-size":"auto","background-attachment":"scroll","background-type":"","background-media":"","overlay-type":"","overlay-color":"","overlay-opacity":"","overlay-gradient":""}},"ast-content-background-meta":{"desktop":{"background-color":"var(--ast-global-color-5)","background-image":"","background-repeat":"repeat","background-position":"center center","background-size":"auto","background-attachment":"scroll","background-type":"","background-media":"","overlay-type":"","overlay-color":"","overlay-opacity":"","overlay-gradient":""},"tablet":{"background-color":"var(--ast-global-color-5)","background-image":"","background-repeat":"repeat","background-position":"center center","background-size":"auto","background-attachment":"scroll","background-type":"","background-media":"","overlay-type":"","overlay-color":"","overlay-opacity":"","overlay-gradient":""},"mobile":{"background-color":"var(--ast-global-color-5)","background-image":"","background-repeat":"repeat","background-position":"center center","background-size":"auto","background-attachment":"scroll","background-type":"","background-media":"","overlay-type":"","overlay-color":"","overlay-opacity":"","overlay-gradient":""}}},"product_brand":[],"product_cat":[44],"product_tag":[],"class_list":{"0":"post-8428","1":"product","2":"type-product","3":"status-publish","4":"has-post-thumbnail","6":"product_cat-stainless-steel-poduct","7":"desktop-align-left","8":"tablet-align-left","9":"mobile-align-left","10":"ast-product-gallery-layout-horizontal-slider","11":"ast-product-tabs-layout-horizontal","13":"first","14":"instock","15":"shipping-taxable","16":"purchasable","17":"product-type-simple"},"yoast_head":"<!-- This site is optimized with the Yoast SEO plugin v25.2 - https:\/\/yoast.com\/wordpress\/plugins\/seo\/ -->\n<title>Boat Steering Wheel<\/title>\n<meta name=\"robots\" content=\"index, follow, max-snippet:-1, max-image-preview:large, max-video-preview:-1\" \/>\n<link rel=\"canonical\" href=\"https:\/\/qingdaohf.com\/ro\/produs\/volan-barca\/\" \/>\n<meta property=\"og:locale\" content=\"ro_RO\" \/>\n<meta property=\"og:type\" content=\"article\" \/>\n<meta property=\"og:title\" content=\"Boat Steering Wheel\" \/>\n<meta property=\"og:description\" content=\"Boat steering wheels play a pivotal role in ensuring smooth navigation and control on water, making them a critical component for any vessel. Buyers often prioritize factors such as material durability, ergonomic design, compatibility with various marine systems, and corrosion resistance when selecting a steering wheel. Our trading company offers high-quality boat steering wheels that address these concerns, coupled with one-to-one customer service, ensuring tailored recommendations. Additionally, we guarantee a fast delivery cycle and provide thorough quality inspection reports to offer peace of mind with every purchase.\" \/>\n<meta property=\"og:url\" content=\"https:\/\/qingdaohf.com\/ro\/produs\/volan-barca\/\" \/>\n<meta property=\"og:site_name\" content=\"Concrete Form &amp; Rigging Hardware Supplier\" \/>\n<meta property=\"article:publisher\" content=\"https:\/\/www.facebook.com\/qingdaohf\" \/>\n<meta property=\"article:modified_time\" content=\"2025-11-13T01:02:51+00:00\" \/>\n<meta property=\"og:image\" content=\"https:\/\/qingdaohf.com\/wp-content\/uploads\/2024\/11\/boat-steering-wheel-5.jpg\" \/>\n\t<meta property=\"og:image:width\" content=\"1000\" \/>\n\t<meta property=\"og:image:height\" content=\"1000\" \/>\n\t<meta property=\"og:image:type\" content=\"image\/jpeg\" \/>\n<meta name=\"twitter:card\" content=\"summary_large_image\" \/>\n<meta name=\"twitter:label1\" content=\"Timp estimat pentru citire\" \/>\n\t<meta name=\"twitter:data1\" content=\"4 minute\" \/>\n<script type=\"application\/ld+json\" class=\"yoast-schema-graph\">{\"@context\":\"https:\/\/schema.org\",\"@graph\":[{\"@type\":\"WebPage\",\"@id\":\"https:\/\/qingdaohf.com\/product\/boat-steering-wheel\/\",\"url\":\"https:\/\/qingdaohf.com\/product\/boat-steering-wheel\/\",\"name\":\"Boat Steering Wheel\",\"isPartOf\":{\"@id\":\"https:\/\/qingdaohf.com\/bg\/#website\"},\"primaryImageOfPage\":{\"@id\":\"https:\/\/qingdaohf.com\/product\/boat-steering-wheel\/#primaryimage\"},\"image\":{\"@id\":\"https:\/\/qingdaohf.com\/product\/boat-steering-wheel\/#primaryimage\"},\"thumbnailUrl\":\"https:\/\/qingdaohf.com\/wp-content\/uploads\/2024\/11\/boat-steering-wheel-5.jpg\",\"datePublished\":\"2024-11-29T08:45:52+00:00\",\"dateModified\":\"2025-11-13T01:02:51+00:00\",\"breadcrumb\":{\"@id\":\"https:\/\/qingdaohf.com\/product\/boat-steering-wheel\/#breadcrumb\"},\"inLanguage\":\"ro-RO\",\"potentialAction\":[{\"@type\":\"ReadAction\",\"target\":[\"https:\/\/qingdaohf.com\/product\/boat-steering-wheel\/\"]}]},{\"@type\":\"ImageObject\",\"inLanguage\":\"ro-RO\",\"@id\":\"https:\/\/qingdaohf.com\/product\/boat-steering-wheel\/#primaryimage\",\"url\":\"https:\/\/qingdaohf.com\/wp-content\/uploads\/2024\/11\/boat-steering-wheel-5.jpg\",\"contentUrl\":\"https:\/\/qingdaohf.com\/wp-content\/uploads\/2024\/11\/boat-steering-wheel-5.jpg\",\"width\":1000,\"height\":1000,\"caption\":\"boat steering wheel\"},{\"@type\":\"BreadcrumbList\",\"@id\":\"https:\/\/qingdaohf.com\/product\/boat-steering-wheel\/#breadcrumb\",\"itemListElement\":[{\"@type\":\"ListItem\",\"position\":1,\"name\":\"Home\",\"item\":\"https:\/\/qingdaohf.com\/\"},{\"@type\":\"ListItem\",\"position\":2,\"name\":\"Concrete Forming Accessories and Rigging Hardware\",\"item\":\"https:\/\/qingdaohf.com\/bg\/?page_id=944\"},{\"@type\":\"ListItem\",\"position\":3,\"name\":\"Boat Steering Wheel\"}]},{\"@type\":\"WebSite\",\"@id\":\"https:\/\/qingdaohf.com\/bg\/#website\",\"url\":\"https:\/\/qingdaohf.com\/bg\/\",\"name\":\"Concrete Form & Rigging Hardware Supplier\",\"description\":\"\",\"publisher\":{\"@id\":\"https:\/\/qingdaohf.com\/bg\/#organization\"},\"potentialAction\":[{\"@type\":\"SearchAction\",\"target\":{\"@type\":\"EntryPoint\",\"urlTemplate\":\"https:\/\/qingdaohf.com\/bg\/?s={search_term_string}\"},\"query-input\":{\"@type\":\"PropertyValueSpecification\",\"valueRequired\":true,\"valueName\":\"search_term_string\"}}],\"inLanguage\":\"ro-RO\"},{\"@type\":\"Organization\",\"@id\":\"https:\/\/qingdaohf.com\/bg\/#organization\",\"name\":\"Qingdao H&F\",\"url\":\"https:\/\/qingdaohf.com\/bg\/\",\"logo\":{\"@type\":\"ImageObject\",\"inLanguage\":\"ro-RO\",\"@id\":\"https:\/\/qingdaohf.com\/bg\/#\/schema\/logo\/image\/\",\"url\":\"https:\/\/qingdaohf.com\/wp-content\/uploads\/2022\/12\/cropped-HF-LOGO.png\",\"contentUrl\":\"https:\/\/qingdaohf.com\/wp-content\/uploads\/2022\/12\/cropped-HF-LOGO.png\",\"width\":391,\"height\":249,\"caption\":\"Qingdao H&F\"},\"image\":{\"@id\":\"https:\/\/qingdaohf.com\/bg\/#\/schema\/logo\/image\/\"},\"sameAs\":[\"https:\/\/www.facebook.com\/qingdaohf\"]}]}<\/script>\n<!-- \/ Yoast SEO plugin. -->","yoast_head_json":{"title":"Boat Steering Wheel","robots":{"index":"index","follow":"follow","max-snippet":"max-snippet:-1","max-image-preview":"max-image-preview:large","max-video-preview":"max-video-preview:-1"},"canonical":"https:\/\/qingdaohf.com\/ro\/produs\/volan-barca\/","og_locale":"ro_RO","og_type":"article","og_title":"Boat Steering Wheel","og_description":"Boat steering wheels play a pivotal role in ensuring smooth navigation and control on water, making them a critical component for any vessel. Buyers often prioritize factors such as material durability, ergonomic design, compatibility with various marine systems, and corrosion resistance when selecting a steering wheel. Our trading company offers high-quality boat steering wheels that address these concerns, coupled with one-to-one customer service, ensuring tailored recommendations. Additionally, we guarantee a fast delivery cycle and provide thorough quality inspection reports to offer peace of mind with every purchase.","og_url":"https:\/\/qingdaohf.com\/ro\/produs\/volan-barca\/","og_site_name":"Concrete Form &amp; Rigging Hardware Supplier","article_publisher":"https:\/\/www.facebook.com\/qingdaohf","article_modified_time":"2025-11-13T01:02:51+00:00","og_image":[{"width":1000,"height":1000,"url":"https:\/\/qingdaohf.com\/wp-content\/uploads\/2024\/11\/boat-steering-wheel-5.jpg","type":"image\/jpeg"}],"twitter_card":"summary_large_image","twitter_misc":{"Timp estimat pentru citire":"4 minute"},"schema":{"@context":"https:\/\/schema.org","@graph":[{"@type":"WebPage","@id":"https:\/\/qingdaohf.com\/product\/boat-steering-wheel\/","url":"https:\/\/qingdaohf.com\/product\/boat-steering-wheel\/","name":"Boat Steering Wheel","isPartOf":{"@id":"https:\/\/qingdaohf.com\/bg\/#website"},"primaryImageOfPage":{"@id":"https:\/\/qingdaohf.com\/product\/boat-steering-wheel\/#primaryimage"},"image":{"@id":"https:\/\/qingdaohf.com\/product\/boat-steering-wheel\/#primaryimage"},"thumbnailUrl":"https:\/\/qingdaohf.com\/wp-content\/uploads\/2024\/11\/boat-steering-wheel-5.jpg","datePublished":"2024-11-29T08:45:52+00:00","dateModified":"2025-11-13T01:02:51+00:00","breadcrumb":{"@id":"https:\/\/qingdaohf.com\/product\/boat-steering-wheel\/#breadcrumb"},"inLanguage":"ro-RO","potentialAction":[{"@type":"ReadAction","target":["https:\/\/qingdaohf.com\/product\/boat-steering-wheel\/"]}]},{"@type":"ImageObject","inLanguage":"ro-RO","@id":"https:\/\/qingdaohf.com\/product\/boat-steering-wheel\/#primaryimage","url":"https:\/\/qingdaohf.com\/wp-content\/uploads\/2024\/11\/boat-steering-wheel-5.jpg","contentUrl":"https:\/\/qingdaohf.com\/wp-content\/uploads\/2024\/11\/boat-steering-wheel-5.jpg","width":1000,"height":1000,"caption":"boat steering wheel"},{"@type":"BreadcrumbList","@id":"https:\/\/qingdaohf.com\/product\/boat-steering-wheel\/#breadcrumb","itemListElement":[{"@type":"ListItem","position":1,"name":"Home","item":"https:\/\/qingdaohf.com\/"},{"@type":"ListItem","position":2,"name":"Concrete Forming Accessories and Rigging Hardware","item":"https:\/\/qingdaohf.com\/bg\/?page_id=944"},{"@type":"ListItem","position":3,"name":"Boat Steering Wheel"}]},{"@type":"WebSite","@id":"https:\/\/qingdaohf.com\/bg\/#website","url":"https:\/\/qingdaohf.com\/bg\/","name":"Concrete Form & Rigging Hardware Supplier","description":"","publisher":{"@id":"https:\/\/qingdaohf.com\/bg\/#organization"},"potentialAction":[{"@type":"SearchAction","target":{"@type":"EntryPoint","urlTemplate":"https:\/\/qingdaohf.com\/bg\/?s={search_term_string}"},"query-input":{"@type":"PropertyValueSpecification","valueRequired":true,"valueName":"search_term_string"}}],"inLanguage":"ro-RO"},{"@type":"Organization","@id":"https:\/\/qingdaohf.com\/bg\/#organization","name":"Qingdao H&F","url":"https:\/\/qingdaohf.com\/bg\/","logo":{"@type":"ImageObject","inLanguage":"ro-RO","@id":"https:\/\/qingdaohf.com\/bg\/#\/schema\/logo\/image\/","url":"https:\/\/qingdaohf.com\/wp-content\/uploads\/2022\/12\/cropped-HF-LOGO.png","contentUrl":"https:\/\/qingdaohf.com\/wp-content\/uploads\/2022\/12\/cropped-HF-LOGO.png","width":391,"height":249,"caption":"Qingdao H&F"},"image":{"@id":"https:\/\/qingdaohf.com\/bg\/#\/schema\/logo\/image\/"},"sameAs":["https:\/\/www.facebook.com\/qingdaohf"]}]}},"_links":{"self":[{"href":"https:\/\/qingdaohf.com\/ro\/wp-json\/wp\/v2\/product\/8428","targetHints":{"allow":["GET"]}}],"collection":[{"href":"https:\/\/qingdaohf.com\/ro\/wp-json\/wp\/v2\/product"}],"about":[{"href":"https:\/\/qingdaohf.com\/ro\/wp-json\/wp\/v2\/types\/product"}],"replies":[{"embeddable":true,"href":"https:\/\/qingdaohf.com\/ro\/wp-json\/wp\/v2\/comments?post=8428"}],"version-history":[{"count":1,"href":"https:\/\/qingdaohf.com\/ro\/wp-json\/wp\/v2\/product\/8428\/revisions"}],"predecessor-version":[{"id":8436,"href":"https:\/\/qingdaohf.com\/ro\/wp-json\/wp\/v2\/product\/8428\/revisions\/8436"}],"wp:featuredmedia":[{"embeddable":true,"href":"https:\/\/qingdaohf.com\/ro\/wp-json\/wp\/v2\/media\/8429"}],"wp:attachment":[{"href":"https:\/\/qingdaohf.com\/ro\/wp-json\/wp\/v2\/media?parent=8428"}],"wp:term":[{"taxonomy":"product_brand","embeddable":true,"href":"https:\/\/qingdaohf.com\/ro\/wp-json\/wp\/v2\/product_brand?post=8428"},{"taxonomy":"product_cat","embeddable":true,"href":"https:\/\/qingdaohf.com\/ro\/wp-json\/wp\/v2\/product_cat?post=8428"},{"taxonomy":"product_tag","embeddable":true,"href":"https:\/\/qingdaohf.com\/ro\/wp-json\/wp\/v2\/product_tag?post=8428"}],"curies":[{"name":"wp","href":"https:\/\/api.w.org\/{rel}","templated":true}]}}