{"id":8601,"date":"2024-12-27T17:18:28","date_gmt":"2024-12-27T09:18:28","guid":{"rendered":"http:\/\/qingdaohf.com\/?post_type=product&#038;p=8601"},"modified":"2025-11-13T09:02:22","modified_gmt":"2025-11-13T01:02:22","slug":"formwork-water-stop","status":"publish","type":"product","link":"https:\/\/qingdaohf.com\/ro\/produs\/cofraj-opritor-de-apa\/","title":{"rendered":"Cofraje Stop de ap\u0103"},"content":{"rendered":"<p class=\"whitespace-pre-wrap break-words\">Produsele de oprire a apei din cofraje sunt vitale pentru impermeabilizarea \u0219i men\u021binerea integrit\u0103\u021bii structurale \u00een construc\u021biile din beton. Aceste componente lucreaz\u0103 al\u0103turi de accesoriile de cofrare, cum ar fi tiran\u021bii \u0219i piuli\u021bele cu aripi, pentru a preveni infiltrarea apei \u0219i a proteja structurile din beton. S\u0103 explor\u0103m modul \u00een care aceste elemente func\u021bioneaz\u0103 \u00eempreun\u0103 \u0219i de ce sunt importante pentru proiectele dvs. de construc\u021bii.<\/p>\n<h2 class=\"font-600 text-xl font-bold\">\u00cen\u021belegerea stopurilor de ap\u0103 pentru cofraje<\/h2>\n<p class=\"whitespace-pre-wrap break-words\">Atunci c\u00e2nd construi\u021bi cu beton, ve\u021bi avea de-a face \u00een mod inevitabil cu \u00eembin\u0103ri \u00eentre diferite sec\u021biuni - acestea apar din cauza unor necesit\u0103\u021bi practice, cum ar fi \u00eentreruperile de construc\u021bie sau utilizarea unor sec\u021biuni de matri\u021b\u0103 separate. Deoarece betonul este poros \u00een mod natural, aceste \u00eembin\u0103ri pot deveni puncte slabe prin care apa poate p\u0103trunde. Acesta este locul \u00een care intervin opritorii de ap\u0103.<\/p>\n<p class=\"whitespace-pre-wrap break-words\">Opririle de ap\u0103 sunt realizate din materiale care se pot flexa \u0219i mi\u0219ca odat\u0103 cu betonul - de obicei PVC, cauciuc sau compu\u0219i hidrofili speciali. Cheia este alegerea unui material care \u00ee\u0219i va men\u021bine eficien\u021ba pe m\u0103sur\u0103 ce betonul se depune \u0219i r\u0103spunde la schimb\u0103rile de mediu. Va trebui s\u0103 le instala\u021bi \u00eenainte de turnarea betonului, cre\u00e2nd o barier\u0103 fizic\u0103 \u00eempotriva infiltr\u0103rii apei. Acest lucru este deosebit de important pentru structuri precum subsoluri, tuneluri \u0219i baraje, unde presiunea apei este o preocupare constant\u0103.<\/p>\n<h2 class=\"font-600 text-xl font-bold\">Rolul tiran\u021bilor \u00een aplica\u021biile de cofrare<\/h2>\n<p><img fetchpriority=\"high\" decoding=\"async\" class=\"alignnone wp-image-8579 size-full\" src=\"http:\/\/qingdaohf.com\/wp-content\/uploads\/2024\/12\/tie-rod-92.webp\" alt=\"sistem de tij\u0103 de leg\u0103tur\u0103\" width=\"1000\" height=\"1000\" srcset=\"https:\/\/qingdaohf.com\/wp-content\/uploads\/2024\/12\/tie-rod-92.webp 1000w, https:\/\/qingdaohf.com\/wp-content\/uploads\/2024\/12\/tie-rod-92-300x300.webp 300w, https:\/\/qingdaohf.com\/wp-content\/uploads\/2024\/12\/tie-rod-92-150x150.webp 150w, https:\/\/qingdaohf.com\/wp-content\/uploads\/2024\/12\/tie-rod-92-768x768.webp 768w, https:\/\/qingdaohf.com\/wp-content\/uploads\/2024\/12\/tie-rod-92-12x12.webp 12w, https:\/\/qingdaohf.com\/wp-content\/uploads\/2024\/12\/tie-rod-92-500x500.webp 500w, https:\/\/qingdaohf.com\/wp-content\/uploads\/2024\/12\/tie-rod-92-100x100.webp 100w\" sizes=\"(max-width: 1000px) 100vw, 1000px\" \/><\/p>\n<p class=\"whitespace-pre-wrap break-words\">Tiran\u021bii (sau leg\u0103turile pentru cofraje) sunt eroii necunoscu\u021bi ai construc\u021biilor din beton. Aceste componente din o\u021bel men\u021bin panourile de cofrare stabile \u00een timp ce betonul este turnat \u0219i vindecat. Prin \u00eenfiletarea prin panouri \u0219i fixarea cu piuli\u021be cu aripi la fiecare cap\u0103t, acestea asigur\u0103 tensiunea necesar\u0103 pentru a men\u021bine totul stabil sub presiunea imens\u0103 a betonului umed.<\/p>\n<p class=\"whitespace-pre-wrap break-words\">Rela\u021bia dintre opritorii de ap\u0103 \u0219i tiran\u021bii este crucial\u0103 - ace\u0219tia trebuie s\u0103 func\u021bioneze \u00eempreun\u0103 f\u0103r\u0103 probleme. \u00cen timp ce tiran\u021bii men\u021bin pozi\u021bia cofrajului, opritorii de ap\u0103 asigur\u0103 impermeabilitatea rosturilor. Realizarea corect\u0103 a acestei combina\u021bii previne infiltrarea apei \u0219i repara\u021biile viitoare costisitoare. Dup\u0103 \u00eent\u0103rirea betonului, muncitorii \u00eendep\u0103rteaz\u0103 tiran\u021bii \u0219i piuli\u021bele cu aripi, l\u0103s\u00e2nd \u00een urm\u0103 rosturi impermeabilizate corespunz\u0103tor.<\/p>\n<h2 class=\"font-600 text-xl font-bold\">Importan\u021ba piuli\u021belor Wing Nuts \u00een construc\u021bia cofrajelor<\/h2>\n<p class=\"whitespace-pre-wrap break-words\">Piuli\u021bele cu aripi pot p\u0103rea simple, dar sunt esen\u021biale pentru reglarea fin\u0103 a instal\u0103rii cofrajelor. Designul lor permite lucr\u0103torilor s\u0103 ajusteze manual tensiunea tiran\u021bilor, facilit\u00e2nd men\u021binerea alinierii corecte a panourilor \u00een timpul turn\u0103rii betonului. Acest control precis ajut\u0103 la prevenirea mi\u0219c\u0103rii panourilor care ar putea compromite structura final\u0103.<\/p>\n<p class=\"whitespace-pre-wrap break-words\">Aceste componente joac\u0103, de asemenea, un rol cheie \u00een eficien\u021ba opririi apei. Atunci c\u00e2nd tiran\u021bii sunt tensiona\u021bi corespunz\u0103tor cu ajutorul piuli\u021belor cu aripi, ace\u0219tia men\u021bin panourile de cofrare \u0219i opritorii de ap\u0103 exact acolo unde trebuie s\u0103 fie. F\u0103r\u0103 ajustarea corect\u0103 a piuli\u021belor cu aripi, mi\u0219carea \u00een timpul turn\u0103rii poate crea goluri care permit p\u0103trunderea apei.<\/p>\n<h2 class=\"font-600 text-xl font-bold\">Beneficiile stopurilor de ap\u0103 din cofraje \u00een impermeabilizarea betonului<\/h2>\n<p class=\"whitespace-pre-wrap break-words\">Pentru structurile care se confrunt\u0103 cu expunerea constant\u0103 la umiditate - cum ar fi funda\u021biile \u0219i tunelurile subterane - impermeabilizarea corespunz\u0103toare nu este negociabil\u0103. Opririle de ap\u0103 ofer\u0103 mai multe avantaje cheie:<\/p>\n<p class=\"whitespace-pre-wrap break-words\">Protec\u021bie structural\u0103: Prin prevenirea infiltr\u0103rii apei la nivelul rosturilor, stopurile de ap\u0103 ajut\u0103 la evitarea problemelor comune, cum ar fi coroziunea arm\u0103turilor \u0219i degradarea betonului, care pot amenin\u021ba integritatea structural\u0103.<\/p>\n<p class=\"whitespace-pre-wrap break-words\">Beneficii financiare: De\u0219i investi\u021bia ini\u021bial\u0103 \u00een hidroizola\u021bii de calitate poate p\u0103rea semnificativ\u0103, este mult mai pu\u021bin costisitoare dec\u00e2t repara\u021biile ulterioare ale daunelor provocate de ap\u0103. O impermeabilizare corect\u0103 \u00een timpul construc\u021biei elimin\u0103 necesitatea unor repara\u021bii costisitoare pe parcurs.<\/p>\n<p class=\"whitespace-pre-wrap break-words\">Longevitate sporit\u0103: Structurile cu o instalare corect\u0103 a opririi apei dureaz\u0103 de obicei mai mult, \u00een special \u00een medii dificile cu presiune ridicat\u0103 a apei sau condi\u021bii corozive.<\/p>\n<p class=\"whitespace-pre-wrap break-words\">Conformitatea cu reglement\u0103rile: Multe coduri de construc\u021bie impun utilizarea opririi apei, \u00een special pentru infrastructura critic\u0103. Utilizarea acestora ajut\u0103 la asigurarea faptului c\u0103 proiectul dvs. \u00eendepline\u0219te toate standardele de siguran\u021b\u0103 \u0219i fiabilitate necesare.<\/p>\n<p class=\"whitespace-pre-wrap break-words\">Responsabilitatea fa\u021b\u0103 de mediu: Impermeabilizarea eficient\u0103 protejeaz\u0103 nu numai structura, ci \u0219i mediul \u00eenconjur\u0103tor de poten\u021biala contaminare prin scurgeri.<\/p>\n<h2 class=\"font-600 text-xl font-bold\">De ce s\u0103 ne alege\u021bi pentru nevoile dvs. de cofraje Water Stop?<\/h2>\n<p class=\"whitespace-pre-wrap break-words\">Compania noastr\u0103 este specializat\u0103 \u00een furnizarea de solu\u021bii de cofrare de \u00eenalt\u0103 calitate profesioni\u0219tilor din domeniul construc\u021biilor. \u00cen\u021belegem c\u0103 fiecare proiect are provoc\u0103ri unice, motiv pentru care oferim asisten\u021b\u0103 personalizat\u0103 pentru a v\u0103 ajuta s\u0103 selecta\u021bi produsele potrivite.<\/p>\n<p class=\"whitespace-pre-wrap break-words\">Ne m\u00e2ndrim cu termenele de livrare rapide \u0219i cu documenta\u021bia cuprinz\u0103toare de inspec\u021bie a calit\u0103\u021bii. Indiferent dac\u0103 gestiona\u021bi un proiect major de infrastructur\u0103 sau o dezvoltare mai mic\u0103, echipa noastr\u0103 v\u0103 ofer\u0103 expertiza \u0219i sprijinul de care ave\u021bi nevoie pe tot parcursul proiectului dumneavoastr\u0103.<\/p>\n<h2 class=\"font-600 text-xl font-bold\">Concluzie<\/h2>\n<p class=\"whitespace-pre-wrap break-words\">Succesul construc\u021biilor din beton depinde adesea de corectitudinea detaliilor - \u00een special c\u00e2nd vine vorba de impermeabilizare. Utilizarea eficient\u0103 a opritorilor de ap\u0103, \u00eempreun\u0103 cu tiran\u021bii \u0219i piuli\u021bele cu aripi instalate corespunz\u0103tor, ajut\u0103 la asigurarea faptului c\u0103 structurile dvs. r\u0103m\u00e2n etan\u0219e \u0219i durabile. Prin parteneriatul cu un furnizor de \u00eencredere ca noi, ve\u021bi ob\u021bine produsele de calitate \u0219i sprijinul necesar pentru finalizarea cu succes a proiectelor dumneavoastr\u0103.<\/p>","protected":false},"excerpt":{"rendered":"<p>Produsele de oprire a apei din cofraje sunt esen\u021biale pentru crearea de bariere impermeabile \u00een construc\u021biile din beton, prevenind scurgerile de ap\u0103 prin rosturile structurilor din beton. Aceste produse sunt concepute pentru a fi utilizate \u00eempreun\u0103 cu alte accesorii de cofrare, cum ar fi tiran\u021bii \u0219i piuli\u021bele cu aripi, pentru a asigura un proces de construc\u021bie f\u0103r\u0103 \u00eentreruperi \u0219i durabil. \u00cen calitate de societate comercial\u0103, oferim servicii personalizate pentru clien\u021bi, cicluri de livrare rapide \u0219i oferim diverse rapoarte de inspec\u021bie a calit\u0103\u021bii pentru a asigura clien\u021bilor no\u0219tri cele mai \u00eenalte standarde. Fie c\u0103 ave\u021bi nevoie de consiliere cu privire la specifica\u021biile produselor sau de livrare la timp, ne angaj\u0103m s\u0103 v\u0103 satisfacem nevoile cu eficien\u021b\u0103 \u0219i fiabilitate.<\/p>","protected":false},"featured_media":8599,"comment_status":"open","ping_status":"closed","template":"","meta":{"site-sidebar-layout":"default","site-content-layout":"","ast-site-content-layout":"default","site-content-style":"default","site-sidebar-style":"default","ast-global-header-display":"","ast-banner-title-visibility":"","ast-main-header-display":"","ast-hfb-above-header-display":"","ast-hfb-below-header-display":"","ast-hfb-mobile-header-display":"","site-post-title":"","ast-breadcrumbs-content":"","ast-featured-img":"","footer-sml-layout":"","theme-transparent-header-meta":"default","adv-header-id-meta":"","stick-header-meta":"default","header-above-stick-meta":"","header-main-stick-meta":"","header-below-stick-meta":"","astra-migrate-meta-layouts":"set","ast-page-background-enabled":"default","ast-page-background-meta":{"desktop":{"background-color":"","background-image":"","background-repeat":"repeat","background-position":"center center","background-size":"auto","background-attachment":"scroll","background-type":"","background-media":"","overlay-type":"","overlay-color":"","overlay-opacity":"","overlay-gradient":""},"tablet":{"background-color":"","background-image":"","background-repeat":"repeat","background-position":"center center","background-size":"auto","background-attachment":"scroll","background-type":"","background-media":"","overlay-type":"","overlay-color":"","overlay-opacity":"","overlay-gradient":""},"mobile":{"background-color":"","background-image":"","background-repeat":"repeat","background-position":"center center","background-size":"auto","background-attachment":"scroll","background-type":"","background-media":"","overlay-type":"","overlay-color":"","overlay-opacity":"","overlay-gradient":""}},"ast-content-background-meta":{"desktop":{"background-color":"var(--ast-global-color-5)","background-image":"","background-repeat":"repeat","background-position":"center center","background-size":"auto","background-attachment":"scroll","background-type":"","background-media":"","overlay-type":"","overlay-color":"","overlay-opacity":"","overlay-gradient":""},"tablet":{"background-color":"var(--ast-global-color-5)","background-image":"","background-repeat":"repeat","background-position":"center center","background-size":"auto","background-attachment":"scroll","background-type":"","background-media":"","overlay-type":"","overlay-color":"","overlay-opacity":"","overlay-gradient":""},"mobile":{"background-color":"var(--ast-global-color-5)","background-image":"","background-repeat":"repeat","background-position":"center center","background-size":"auto","background-attachment":"scroll","background-type":"","background-media":"","overlay-type":"","overlay-color":"","overlay-opacity":"","overlay-gradient":""}}},"product_brand":[],"product_cat":[79],"product_tag":[],"class_list":{"0":"post-8601","1":"product","2":"type-product","3":"status-publish","4":"has-post-thumbnail","6":"product_cat-tie-rod-system","7":"desktop-align-left","8":"tablet-align-left","9":"mobile-align-left","10":"ast-product-gallery-layout-horizontal-slider","11":"ast-product-tabs-layout-horizontal","13":"first","14":"instock","15":"shipping-taxable","16":"purchasable","17":"product-type-simple"},"yoast_head":"<!-- This site is optimized with the Yoast SEO plugin v25.2 - https:\/\/yoast.com\/wordpress\/plugins\/seo\/ -->\n<title>Formwork Water Stop<\/title>\n<meta name=\"description\" content=\"Formwork water stop products are essential for creating waterproof barriers in concrete construction, preventing water leakage through joints in concrete structures.\" \/>\n<meta name=\"robots\" content=\"index, follow, max-snippet:-1, max-image-preview:large, max-video-preview:-1\" \/>\n<link rel=\"canonical\" href=\"https:\/\/qingdaohf.com\/ro\/produs\/cofraj-opritor-de-apa\/\" \/>\n<meta property=\"og:locale\" content=\"ro_RO\" \/>\n<meta property=\"og:type\" content=\"article\" \/>\n<meta property=\"og:title\" content=\"Formwork Water Stop\" \/>\n<meta property=\"og:description\" content=\"Formwork water stop products are essential for creating waterproof barriers in concrete construction, preventing water leakage through joints in concrete structures.\" \/>\n<meta property=\"og:url\" content=\"https:\/\/qingdaohf.com\/ro\/produs\/cofraj-opritor-de-apa\/\" \/>\n<meta property=\"og:site_name\" content=\"Concrete Form &amp; Rigging Hardware Supplier\" \/>\n<meta property=\"article:publisher\" content=\"https:\/\/www.facebook.com\/qingdaohf\" \/>\n<meta property=\"article:modified_time\" content=\"2025-11-13T01:02:22+00:00\" \/>\n<meta property=\"og:image\" content=\"https:\/\/qingdaohf.com\/wp-content\/uploads\/2024\/12\/tie-rod-water-stop-9.jpg\" \/>\n\t<meta property=\"og:image:width\" content=\"1000\" \/>\n\t<meta property=\"og:image:height\" content=\"1000\" \/>\n\t<meta property=\"og:image:type\" content=\"image\/jpeg\" \/>\n<meta name=\"twitter:card\" content=\"summary_large_image\" \/>\n<meta name=\"twitter:label1\" content=\"Timp estimat pentru citire\" \/>\n\t<meta name=\"twitter:data1\" content=\"4 minute\" \/>\n<script type=\"application\/ld+json\" class=\"yoast-schema-graph\">{\"@context\":\"https:\/\/schema.org\",\"@graph\":[{\"@type\":\"WebPage\",\"@id\":\"https:\/\/qingdaohf.com\/product\/formwork-water-stop\/\",\"url\":\"https:\/\/qingdaohf.com\/product\/formwork-water-stop\/\",\"name\":\"Formwork Water Stop\",\"isPartOf\":{\"@id\":\"https:\/\/qingdaohf.com\/bg\/#website\"},\"primaryImageOfPage\":{\"@id\":\"https:\/\/qingdaohf.com\/product\/formwork-water-stop\/#primaryimage\"},\"image\":{\"@id\":\"https:\/\/qingdaohf.com\/product\/formwork-water-stop\/#primaryimage\"},\"thumbnailUrl\":\"https:\/\/qingdaohf.com\/wp-content\/uploads\/2024\/12\/tie-rod-water-stop-9.jpg\",\"datePublished\":\"2024-12-27T09:18:28+00:00\",\"dateModified\":\"2025-11-13T01:02:22+00:00\",\"description\":\"Formwork water stop products are essential for creating waterproof barriers in concrete construction, preventing water leakage through joints in concrete structures.\",\"breadcrumb\":{\"@id\":\"https:\/\/qingdaohf.com\/product\/formwork-water-stop\/#breadcrumb\"},\"inLanguage\":\"ro-RO\",\"potentialAction\":[{\"@type\":\"ReadAction\",\"target\":[\"https:\/\/qingdaohf.com\/product\/formwork-water-stop\/\"]}]},{\"@type\":\"ImageObject\",\"inLanguage\":\"ro-RO\",\"@id\":\"https:\/\/qingdaohf.com\/product\/formwork-water-stop\/#primaryimage\",\"url\":\"https:\/\/qingdaohf.com\/wp-content\/uploads\/2024\/12\/tie-rod-water-stop-9.jpg\",\"contentUrl\":\"https:\/\/qingdaohf.com\/wp-content\/uploads\/2024\/12\/tie-rod-water-stop-9.jpg\",\"width\":1000,\"height\":1000},{\"@type\":\"BreadcrumbList\",\"@id\":\"https:\/\/qingdaohf.com\/product\/formwork-water-stop\/#breadcrumb\",\"itemListElement\":[{\"@type\":\"ListItem\",\"position\":1,\"name\":\"Home\",\"item\":\"https:\/\/qingdaohf.com\/\"},{\"@type\":\"ListItem\",\"position\":2,\"name\":\"Concrete Forming Accessories and Rigging Hardware\",\"item\":\"https:\/\/qingdaohf.com\/bg\/?page_id=944\"},{\"@type\":\"ListItem\",\"position\":3,\"name\":\"Formwork Water Stop\"}]},{\"@type\":\"WebSite\",\"@id\":\"https:\/\/qingdaohf.com\/bg\/#website\",\"url\":\"https:\/\/qingdaohf.com\/bg\/\",\"name\":\"Concrete Form & Rigging Hardware Supplier\",\"description\":\"\",\"publisher\":{\"@id\":\"https:\/\/qingdaohf.com\/bg\/#organization\"},\"potentialAction\":[{\"@type\":\"SearchAction\",\"target\":{\"@type\":\"EntryPoint\",\"urlTemplate\":\"https:\/\/qingdaohf.com\/bg\/?s={search_term_string}\"},\"query-input\":{\"@type\":\"PropertyValueSpecification\",\"valueRequired\":true,\"valueName\":\"search_term_string\"}}],\"inLanguage\":\"ro-RO\"},{\"@type\":\"Organization\",\"@id\":\"https:\/\/qingdaohf.com\/bg\/#organization\",\"name\":\"Qingdao H&F\",\"url\":\"https:\/\/qingdaohf.com\/bg\/\",\"logo\":{\"@type\":\"ImageObject\",\"inLanguage\":\"ro-RO\",\"@id\":\"https:\/\/qingdaohf.com\/bg\/#\/schema\/logo\/image\/\",\"url\":\"https:\/\/qingdaohf.com\/wp-content\/uploads\/2022\/12\/cropped-HF-LOGO.png\",\"contentUrl\":\"https:\/\/qingdaohf.com\/wp-content\/uploads\/2022\/12\/cropped-HF-LOGO.png\",\"width\":391,\"height\":249,\"caption\":\"Qingdao H&F\"},\"image\":{\"@id\":\"https:\/\/qingdaohf.com\/bg\/#\/schema\/logo\/image\/\"},\"sameAs\":[\"https:\/\/www.facebook.com\/qingdaohf\"]}]}<\/script>\n<!-- \/ Yoast SEO plugin. -->","yoast_head_json":{"title":"Formwork Water Stop","description":"Formwork water stop products are essential for creating waterproof barriers in concrete construction, preventing water leakage through joints in concrete structures.","robots":{"index":"index","follow":"follow","max-snippet":"max-snippet:-1","max-image-preview":"max-image-preview:large","max-video-preview":"max-video-preview:-1"},"canonical":"https:\/\/qingdaohf.com\/ro\/produs\/cofraj-opritor-de-apa\/","og_locale":"ro_RO","og_type":"article","og_title":"Formwork Water Stop","og_description":"Formwork water stop products are essential for creating waterproof barriers in concrete construction, preventing water leakage through joints in concrete structures.","og_url":"https:\/\/qingdaohf.com\/ro\/produs\/cofraj-opritor-de-apa\/","og_site_name":"Concrete Form &amp; Rigging Hardware Supplier","article_publisher":"https:\/\/www.facebook.com\/qingdaohf","article_modified_time":"2025-11-13T01:02:22+00:00","og_image":[{"width":1000,"height":1000,"url":"https:\/\/qingdaohf.com\/wp-content\/uploads\/2024\/12\/tie-rod-water-stop-9.jpg","type":"image\/jpeg"}],"twitter_card":"summary_large_image","twitter_misc":{"Timp estimat pentru citire":"4 minute"},"schema":{"@context":"https:\/\/schema.org","@graph":[{"@type":"WebPage","@id":"https:\/\/qingdaohf.com\/product\/formwork-water-stop\/","url":"https:\/\/qingdaohf.com\/product\/formwork-water-stop\/","name":"Formwork Water Stop","isPartOf":{"@id":"https:\/\/qingdaohf.com\/bg\/#website"},"primaryImageOfPage":{"@id":"https:\/\/qingdaohf.com\/product\/formwork-water-stop\/#primaryimage"},"image":{"@id":"https:\/\/qingdaohf.com\/product\/formwork-water-stop\/#primaryimage"},"thumbnailUrl":"https:\/\/qingdaohf.com\/wp-content\/uploads\/2024\/12\/tie-rod-water-stop-9.jpg","datePublished":"2024-12-27T09:18:28+00:00","dateModified":"2025-11-13T01:02:22+00:00","description":"Formwork water stop products are essential for creating waterproof barriers in concrete construction, preventing water leakage through joints in concrete structures.","breadcrumb":{"@id":"https:\/\/qingdaohf.com\/product\/formwork-water-stop\/#breadcrumb"},"inLanguage":"ro-RO","potentialAction":[{"@type":"ReadAction","target":["https:\/\/qingdaohf.com\/product\/formwork-water-stop\/"]}]},{"@type":"ImageObject","inLanguage":"ro-RO","@id":"https:\/\/qingdaohf.com\/product\/formwork-water-stop\/#primaryimage","url":"https:\/\/qingdaohf.com\/wp-content\/uploads\/2024\/12\/tie-rod-water-stop-9.jpg","contentUrl":"https:\/\/qingdaohf.com\/wp-content\/uploads\/2024\/12\/tie-rod-water-stop-9.jpg","width":1000,"height":1000},{"@type":"BreadcrumbList","@id":"https:\/\/qingdaohf.com\/product\/formwork-water-stop\/#breadcrumb","itemListElement":[{"@type":"ListItem","position":1,"name":"Home","item":"https:\/\/qingdaohf.com\/"},{"@type":"ListItem","position":2,"name":"Concrete Forming Accessories and Rigging Hardware","item":"https:\/\/qingdaohf.com\/bg\/?page_id=944"},{"@type":"ListItem","position":3,"name":"Formwork Water Stop"}]},{"@type":"WebSite","@id":"https:\/\/qingdaohf.com\/bg\/#website","url":"https:\/\/qingdaohf.com\/bg\/","name":"Concrete Form & Rigging Hardware Supplier","description":"","publisher":{"@id":"https:\/\/qingdaohf.com\/bg\/#organization"},"potentialAction":[{"@type":"SearchAction","target":{"@type":"EntryPoint","urlTemplate":"https:\/\/qingdaohf.com\/bg\/?s={search_term_string}"},"query-input":{"@type":"PropertyValueSpecification","valueRequired":true,"valueName":"search_term_string"}}],"inLanguage":"ro-RO"},{"@type":"Organization","@id":"https:\/\/qingdaohf.com\/bg\/#organization","name":"Qingdao H&F","url":"https:\/\/qingdaohf.com\/bg\/","logo":{"@type":"ImageObject","inLanguage":"ro-RO","@id":"https:\/\/qingdaohf.com\/bg\/#\/schema\/logo\/image\/","url":"https:\/\/qingdaohf.com\/wp-content\/uploads\/2022\/12\/cropped-HF-LOGO.png","contentUrl":"https:\/\/qingdaohf.com\/wp-content\/uploads\/2022\/12\/cropped-HF-LOGO.png","width":391,"height":249,"caption":"Qingdao H&F"},"image":{"@id":"https:\/\/qingdaohf.com\/bg\/#\/schema\/logo\/image\/"},"sameAs":["https:\/\/www.facebook.com\/qingdaohf"]}]}},"_links":{"self":[{"href":"https:\/\/qingdaohf.com\/ro\/wp-json\/wp\/v2\/product\/8601","targetHints":{"allow":["GET"]}}],"collection":[{"href":"https:\/\/qingdaohf.com\/ro\/wp-json\/wp\/v2\/product"}],"about":[{"href":"https:\/\/qingdaohf.com\/ro\/wp-json\/wp\/v2\/types\/product"}],"replies":[{"embeddable":true,"href":"https:\/\/qingdaohf.com\/ro\/wp-json\/wp\/v2\/comments?post=8601"}],"version-history":[{"count":1,"href":"https:\/\/qingdaohf.com\/ro\/wp-json\/wp\/v2\/product\/8601\/revisions"}],"predecessor-version":[{"id":8602,"href":"https:\/\/qingdaohf.com\/ro\/wp-json\/wp\/v2\/product\/8601\/revisions\/8602"}],"wp:featuredmedia":[{"embeddable":true,"href":"https:\/\/qingdaohf.com\/ro\/wp-json\/wp\/v2\/media\/8599"}],"wp:attachment":[{"href":"https:\/\/qingdaohf.com\/ro\/wp-json\/wp\/v2\/media?parent=8601"}],"wp:term":[{"taxonomy":"product_brand","embeddable":true,"href":"https:\/\/qingdaohf.com\/ro\/wp-json\/wp\/v2\/product_brand?post=8601"},{"taxonomy":"product_cat","embeddable":true,"href":"https:\/\/qingdaohf.com\/ro\/wp-json\/wp\/v2\/product_cat?post=8601"},{"taxonomy":"product_tag","embeddable":true,"href":"https:\/\/qingdaohf.com\/ro\/wp-json\/wp\/v2\/product_tag?post=8601"}],"curies":[{"name":"wp","href":"https:\/\/api.w.org\/{rel}","templated":true}]}}