{"id":8721,"date":"2025-01-13T14:56:13","date_gmt":"2025-01-13T06:56:13","guid":{"rendered":"http:\/\/qingdaohf.com\/?post_type=product&#038;p=8721"},"modified":"2025-11-13T09:02:20","modified_gmt":"2025-11-13T01:02:20","slug":"lifting-socket-duo-round-ferrules","status":"publish","type":"product","link":"https:\/\/qingdaohf.com\/ro\/produs\/priza-de-ridicare-duo-ferulete-rotunde\/","title":{"rendered":"\u0218tu\u021b de ridicare Duo Ferrules rotund"},"content":{"rendered":"<h2 class=\"text-2xl font-bold mt-1 text-text-200\">Ce sunt feritele rotunde Lifting Socket Duo \u0219i cum func\u021bioneaz\u0103 acestea?<\/h2>\n<p class=\"whitespace-pre-wrap break-words\">G\u00e2ndi\u021bi-v\u0103 la ferulii rotunzi Lifting Socket Duo ca la eroii necunoscu\u021bi ai opera\u021biunilor de ridicare. Aceste componente aparent simple joac\u0103 un rol crucial \u00een fixarea cablurilor la sistemele de ridicare. Fiecare ferul\u0103 serve\u0219te drept punct de ancorare, cre\u00e2nd o conexiune fiabil\u0103 care este esen\u021bial\u0103 pentru opera\u021biunile de ridicare \u00een siguran\u021b\u0103.<\/p>\n<p class=\"whitespace-pre-wrap break-words\">Geniul acestor virole const\u0103 \u00een designul lor rotunjit. Asemenea unei pietre de r\u00e2u bine uzate, suprafa\u021ba lor neted\u0103 ajut\u0103 la distribuirea uniform\u0103 a sarcinii pe cablu, \u00eempiedic\u00e2nd un singur punct s\u0103 suporte prea mult\u0103 presiune. Aspectul \"duo\" se refer\u0103 la designul lor inteligent cu scop dublu - acestea fixeaz\u0103 cap\u0103tul cablului \u0219i \u00eel protejeaz\u0103 de uzur\u0103, \u00eendeplinind \u00een esen\u021b\u0103 rolul a dou\u0103 componente \u00eentr-una singur\u0103.<\/p>\n<p class=\"whitespace-pre-wrap break-words\">Ve\u021bi g\u0103si aceste ferite la lucru \u00een locuri unde ridicarea grea este o provocare zilnic\u0103. De la \u0219antiere de construc\u021bii impun\u0103toare la platforme offshore afectate de furtuni, acestea sunt o parte esen\u021bial\u0103 a puzzle-ului de ridicare \u00een industriile \u00een care nu exist\u0103 loc pentru defectarea echipamentelor.<\/p>\n<p><img fetchpriority=\"high\" decoding=\"async\" class=\"alignnone wp-image-3355 size-full\" src=\"http:\/\/qingdaohf.com\/wp-content\/uploads\/2023\/03\/lifting-sockets-with-plastic-caps-6-1.jpg\" alt=\"prize de ridicare cu capace de plastic\" width=\"800\" height=\"410\" srcset=\"https:\/\/qingdaohf.com\/wp-content\/uploads\/2023\/03\/lifting-sockets-with-plastic-caps-6-1.jpg 800w, https:\/\/qingdaohf.com\/wp-content\/uploads\/2023\/03\/lifting-sockets-with-plastic-caps-6-1-300x154.jpg 300w, https:\/\/qingdaohf.com\/wp-content\/uploads\/2023\/03\/lifting-sockets-with-plastic-caps-6-1-768x394.jpg 768w\" sizes=\"(max-width: 800px) 100vw, 800px\" \/><\/p>\n<h2 class=\"text-2xl font-bold mt-1 text-text-200\">De ce ar trebui s\u0103 alege\u021bi Qingdao H&amp;F pentru ridicare Socket Duo Round Ferrules?<\/h2>\n<p class=\"whitespace-pre-wrap break-words\">S\u0103 recunoa\u0219tem - atunci c\u00e2nd cump\u0103ra\u021bi echipament de fixare, probabil c\u0103 v\u0103 confrunta\u021bi cu trei preocup\u0103ri principale: Va func\u021biona cu configura\u021bia dvs. actual\u0103? Va rezista? \u0218i, poate cel mai important, va ajunge c\u00e2nd ave\u021bi nevoie de el? La Qingdao H&amp;F, ne-am construit afacerea \u00een jurul abord\u0103rii acestor provoc\u0103ri exacte.<\/p>\n<p class=\"whitespace-pre-wrap break-words\">Avem o abordare diferit\u0103 fa\u021b\u0103 de majoritatea furnizorilor. \u00cen loc s\u0103 trat\u0103m ghidoanele ca pe un alt articol de catalog, oferim aten\u021bie dedicat\u0103 \u0219i personalizat\u0103 fiec\u0103rei comenzi. Echipa noastr\u0103 lucreaz\u0103 direct cu dvs. pentru a \u00een\u021belege particularit\u0103\u021bile sistemului dvs. de ridicare, asigur\u00e2ndu-v\u0103 c\u0103 ve\u021bi ob\u021bine ferulii care se potrivesc perfect cu echipamentul dvs. existent.<\/p>\n<p class=\"whitespace-pre-wrap break-words\">Ne-am simplificat procesul de livrare pentru ca proiectele dvs. s\u0103 avanseze. Fie c\u0103 ave\u021bi nevoie de o singur\u0103 ferul\u0103 sau de o mie, men\u021binem un control strict asupra lan\u021bului nostru de aprovizionare pentru a v\u0103 respecta termenele limit\u0103. Fiecare lot este supus unor teste am\u0103nun\u021bite \u0219i furniz\u0103m rapoarte de inspec\u021bie detaliate, astfel \u00eenc\u00e2t s\u0103 ave\u021bi \u00eencredere \u00een ceea ce primi\u021bi.<\/p>\n<p class=\"whitespace-pre-wrap break-words\">Atunci c\u00e2nd lucra\u021bi cu noi, nu cump\u0103ra\u021bi doar un produs, ci ob\u021bine\u021bi un partener. Echipa noastr\u0103 r\u0103m\u00e2ne disponibil\u0103 pe tot parcursul procesului, gata s\u0103 r\u0103spund\u0103 la \u00eentreb\u0103ri sau s\u0103 abordeze problemele pe m\u0103sur\u0103 ce acestea apar.<\/p>\n<h2 class=\"text-2xl font-bold mt-1 text-text-200\">Designul \u0219i caracteristicile de ridicare Socket Duo Round Ferrules<\/h2>\n<p class=\"whitespace-pre-wrap break-words\">Frumuse\u021bea ferulilor rotunde Lifting Socket Duo const\u0103 \u00een designul lor simplu, dar inteligent. Construite din o\u021bel dur sau o\u021bel inoxidabil, aceste ferite sunt proiectate pentru a face fa\u021b\u0103 utiliz\u0103rii zilnice, p\u0103str\u00e2ndu-\u0219i integritatea. Profilul lor rotunjit creeaz\u0103 un leag\u0103n natural pentru cablul de s\u00e2rm\u0103, elimin\u00e2nd marginile ascu\u021bite care ar putea compromite rezisten\u021ba cablului.<\/p>\n<p class=\"whitespace-pre-wrap break-words\">Ceea ce face ca aceste ferite rotunde duo s\u0103 fie speciale este versatilitatea lor. Dincolo de simpla fixare a cablului, acestea ac\u021bioneaz\u0103 ca gardieni \u00eempotriva deterior\u0103rii mediului. Forma lor neted\u0103 minimizeaz\u0103 frecarea \u0219i protejeaz\u0103 fr\u00e2nghia de uzura utiliz\u0103rii regulate - deosebit de valoroase \u00een condi\u021bii de lucru dificile.<\/p>\n<p class=\"whitespace-pre-wrap break-words\">Func\u021bionalitatea \"duo\" este mai mult dec\u00e2t un simplu cuv\u00e2nt de marketing. Aceste virole \u00eendeplinesc o dubl\u0103 sarcin\u0103, at\u00e2t prin terminarea cablului, c\u00e2t \u0219i prin protejarea acestuia de tensiuni excesive. Acest lucru le face deosebit de valoroase \u00een medii dinamice precum platformele offshore, unde echipamentele se confrunt\u0103 cu mi\u0219c\u0103ri \u0219i solicit\u0103ri constante.<\/p>\n<p class=\"whitespace-pre-wrap break-words\">Unul dintre cele mai bune lucruri despre aceste ferite este procesul lor de instalare f\u0103r\u0103 complica\u021bii. Trecerea cablului prin ele \u0219i fixarea lor este simpl\u0103, economisind timp pre\u021bios \u00een timpul instal\u0103rii. \u00cen plus, deoarece o singur\u0103 component\u0103 se ocup\u0103 at\u00e2t de termina\u021bie, c\u00e2t \u0219i de protec\u021bie, economisi\u021bi bani \u0219i reduce\u021bi complexitatea sistemului dvs. de cablaje.<\/p>\n<h2 class=\"text-2xl font-bold mt-1 text-text-200\">Rolul virolelor rotunde de ridicare cu soclu Duo \u00een siguran\u021b\u0103 \u0219i performan\u021b\u0103<\/h2>\n<p class=\"whitespace-pre-wrap break-words\">\u00cen lumea ridic\u0103rilor grele, nu exist\u0103 loc pentru defectarea echipamentelor. Atunci c\u00e2nd ridica\u021bi \u00eenc\u0103rc\u0103turi care c\u00e2nt\u0103resc tone, fiecare component\u0103 trebuie s\u0103 func\u021bioneze impecabil. Ferulii rotunzi Lifting Socket Duo sunt elemente de siguran\u021b\u0103 critice, asigur\u00e2nd ca cablurile s\u0103 r\u0103m\u00e2n\u0103 ferm ata\u0219ate la mecanismele de ridicare \u0219i prevenind defec\u021biuni poten\u021bial catastrofale.<\/p>\n<p class=\"whitespace-pre-wrap break-words\">Aceste virole sunt proiectate pentru a men\u021bine integritatea cablului \u00een timp. Prin distribuirea uniform\u0103 a presiunii, acestea previn apari\u021bia punctelor slabe - crucial \u00een aplica\u021biile \u00een care sarcinile se schimb\u0103 constant, cum ar fi opera\u021biunile cu macarale sau ridicarea offshore.<\/p>\n<p class=\"whitespace-pre-wrap break-words\">Dincolo de rolul lor principal de fixare, aceste virole protejeaz\u0103 \u00eempotriva coroziunii \u0219i a deterior\u0103rii cauzate de mediu. Indiferent dac\u0103 lucra\u021bi \u00eentr-un port de pe malul m\u0103rii sau pe un \u0219antier de construc\u021bii udat de ploaie, materialele de \u00eenalt\u0103 calitate utilizate pentru aceste virole v\u0103 asigur\u0103 c\u0103 acestea vor continua s\u0103 func\u021bioneze at\u00e2t \u00een condi\u021bii de ap\u0103 dulce, c\u00e2t \u0219i \u00een condi\u021bii de ap\u0103 s\u0103rat\u0103.<\/p>\n<p><img decoding=\"async\" class=\"alignnone wp-image-3402 size-full\" src=\"http:\/\/qingdaohf.com\/wp-content\/uploads\/2023\/03\/50-2.jpg\" alt=\"ferul\u0103 rotund\u0103\" width=\"1200\" height=\"480\" srcset=\"https:\/\/qingdaohf.com\/wp-content\/uploads\/2023\/03\/50-2.jpg 1200w, https:\/\/qingdaohf.com\/wp-content\/uploads\/2023\/03\/50-2-300x120.jpg 300w, https:\/\/qingdaohf.com\/wp-content\/uploads\/2023\/03\/50-2-1024x410.jpg 1024w, https:\/\/qingdaohf.com\/wp-content\/uploads\/2023\/03\/50-2-768x307.jpg 768w, https:\/\/qingdaohf.com\/wp-content\/uploads\/2023\/03\/50-2-1000x400.jpg 1000w\" sizes=\"(max-width: 1200px) 100vw, 1200px\" \/><\/p>\n<h2 class=\"text-2xl font-bold mt-1 text-text-200\">Angajamentul Qingdao H&amp;F fa\u021b\u0103 de calitate \u0219i servicii<\/h2>\n<p class=\"whitespace-pre-wrap break-words\">La Qingdao H&amp;F, furnizarea de produse de calitate este doar \u00eenceputul. Fiecare lot de ferule rotunde Lifting Socket Duo trece prin teste intensive, sus\u021binute de rapoarte de inspec\u021bie detaliate. Aceast\u0103 transparen\u021b\u0103 v\u0103 permite s\u0103 verifica\u021bi exact ce primi\u021bi \u0219i cum func\u021bioneaz\u0103.<\/p>\n<p class=\"whitespace-pre-wrap break-words\">\u00cen\u021belegem c\u0103 livrarea la timp a echipamentelor dvs. este crucial\u0103. De aceea, ne-am construit reputa\u021bia pe programe de livrare fiabile, care v\u0103 permit s\u0103 continua\u021bi proiectele. Atunci c\u00e2nd apar \u00eentreb\u0103ri, echipa noastr\u0103 tehnic\u0103 este preg\u0103tit\u0103 s\u0103 v\u0103 ajute, oferindu-v\u0103 sprijinul de care ave\u021bi nevoie pentru ca opera\u021biunile dvs. s\u0103 func\u021bioneze f\u0103r\u0103 probleme.<\/p>\n<p class=\"whitespace-pre-wrap break-words\">Baz\u00e2ndu-ne pe ani de experien\u021b\u0103 \u00een industrie, \u00een\u021belegem provoc\u0103rile legate de aprovizionarea cu componente fiabile pentru montaj. Echipa noastr\u0103 este dedicat\u0103 s\u0103 v\u0103 fac\u0103 munca mai u\u0219oar\u0103, asigur\u00e2ndu-v\u0103 lini\u0219tea prin produse de calitate \u0219i servicii de \u00eencredere.<\/p>\n<h2 class=\"text-2xl font-bold mt-1 text-text-200\">Concluzie<\/h2>\n<p class=\"whitespace-pre-wrap break-words\">Atunci c\u00e2nd vine vorba de opera\u021biuni de montaj, ferulii rotunzi Lifting Socket Duo sunt componente esen\u021biale pe care nu v\u0103 pute\u021bi permite s\u0103 le neglija\u021bi. Acestea ofer\u0103 o solu\u021bie fiabil\u0103 \u0219i eficient\u0103 pentru fixarea \u0219i protejarea cablurilor metalice \u00een medii solicitante. Prin parteneriatul cu Qingdao H&amp;F, ob\u021bine\u021bi mai mult dec\u00e2t ni\u0219te ferite de \u00eenalt\u0103 calitate - ob\u021bine\u021bi o echip\u0103 dedicat\u0103 succesului dumneavoastr\u0103, sus\u021binut\u0103 de o livrare rapid\u0103 \u0219i o asigurare complet\u0103 a calit\u0103\u021bii.<\/p>\n<p class=\"whitespace-pre-wrap break-words\">Fiecare proiect de ridicare are provoc\u0103rile sale unice, iar noi suntem aici pentru a v\u0103 ajuta s\u0103 le face\u021bi fa\u021b\u0103. Cu accentul nostru pe calitate, transparen\u021b\u0103 \u0219i satisfac\u021bia clien\u021bilor, suntem preg\u0103ti\u021bi s\u0103 fim partenerul dvs. de \u00eencredere pentru toate lucrurile legate de montaj. Contacta\u021bi-ne ast\u0103zi pentru a descoperi modul \u00een care ferulii no\u0219tri rotunzi Lifting Socket Duo v\u0103 pot \u00eembun\u0103t\u0103\u021bi opera\u021biunile de ridicare.<\/p>","protected":false},"excerpt":{"rendered":"<p>Ferulii rotunzi Lifting Socket Duo ajut\u0103 la asigurarea unor conexiuni sigure \u0219i eficiente pentru cablurile metalice \u00een cadrul opera\u021biunilor de ridicare \u00een condi\u021bii grele. Acestea sunt proiectate pentru a oferi rezisten\u021b\u0103, durabilitate \u0219i performan\u021b\u0103 \u00een medii cu tensiuni ridicate. Printre preocup\u0103rile obi\u0219nuite ale cump\u0103r\u0103torilor se num\u0103r\u0103 compatibilitatea, fiabilitatea \u0219i siguran\u021ba componentelor de ridicare; cu Qingdao H&amp;F Lifting Socket Duo Round Ferrules, sunte\u021bi asigurat de solu\u021bii de \u00eenalt\u0103 calitate. Produsele noastre sunt sus\u021binute de servicii personalizate pentru clien\u021bi, cicluri rapide de livrare \u0219i rapoarte complete de inspec\u021bie a calit\u0103\u021bii, pentru a v\u0103 asigura c\u0103 ob\u021bine\u021bi exact ceea ce ave\u021bi nevoie, atunci c\u00e2nd ave\u021bi nevoie, cu transparen\u021b\u0103 total\u0103.<\/p>","protected":false},"featured_media":8723,"comment_status":"open","ping_status":"closed","template":"","meta":{"site-sidebar-layout":"default","site-content-layout":"","ast-site-content-layout":"default","site-content-style":"default","site-sidebar-style":"default","ast-global-header-display":"","ast-banner-title-visibility":"","ast-main-header-display":"","ast-hfb-above-header-display":"","ast-hfb-below-header-display":"","ast-hfb-mobile-header-display":"","site-post-title":"","ast-breadcrumbs-content":"","ast-featured-img":"","footer-sml-layout":"","theme-transparent-header-meta":"default","adv-header-id-meta":"","stick-header-meta":"default","header-above-stick-meta":"","header-main-stick-meta":"","header-below-stick-meta":"","astra-migrate-meta-layouts":"set","ast-page-background-enabled":"default","ast-page-background-meta":{"desktop":{"background-color":"","background-image":"","background-repeat":"repeat","background-position":"center center","background-size":"auto","background-attachment":"scroll","background-type":"","background-media":"","overlay-type":"","overlay-color":"","overlay-opacity":"","overlay-gradient":""},"tablet":{"background-color":"","background-image":"","background-repeat":"repeat","background-position":"center center","background-size":"auto","background-attachment":"scroll","background-type":"","background-media":"","overlay-type":"","overlay-color":"","overlay-opacity":"","overlay-gradient":""},"mobile":{"background-color":"","background-image":"","background-repeat":"repeat","background-position":"center center","background-size":"auto","background-attachment":"scroll","background-type":"","background-media":"","overlay-type":"","overlay-color":"","overlay-opacity":"","overlay-gradient":""}},"ast-content-background-meta":{"desktop":{"background-color":"var(--ast-global-color-5)","background-image":"","background-repeat":"repeat","background-position":"center center","background-size":"auto","background-attachment":"scroll","background-type":"","background-media":"","overlay-type":"","overlay-color":"","overlay-opacity":"","overlay-gradient":""},"tablet":{"background-color":"var(--ast-global-color-5)","background-image":"","background-repeat":"repeat","background-position":"center center","background-size":"auto","background-attachment":"scroll","background-type":"","background-media":"","overlay-type":"","overlay-color":"","overlay-opacity":"","overlay-gradient":""},"mobile":{"background-color":"var(--ast-global-color-5)","background-image":"","background-repeat":"repeat","background-position":"center center","background-size":"auto","background-attachment":"scroll","background-type":"","background-media":"","overlay-type":"","overlay-color":"","overlay-opacity":"","overlay-gradient":""}}},"product_brand":[],"product_cat":[30],"product_tag":[],"class_list":{"0":"post-8721","1":"product","2":"type-product","3":"status-publish","4":"has-post-thumbnail","6":"product_cat-lifting-anchor","7":"desktop-align-left","8":"tablet-align-left","9":"mobile-align-left","10":"ast-product-gallery-layout-horizontal-slider","11":"ast-product-tabs-layout-horizontal","13":"first","14":"instock","15":"shipping-taxable","16":"purchasable","17":"product-type-simple"},"yoast_head":"<!-- This site is optimized with the Yoast SEO plugin v25.2 - https:\/\/yoast.com\/wordpress\/plugins\/seo\/ -->\n<title>Lifting Socket Duo Round Ferrules<\/title>\n<meta name=\"description\" content=\"Lifting Socket Duo Round Ferrules help to provide safe and efficient connections for wire ropes in heavy-duty lifting operations.\" \/>\n<meta name=\"robots\" content=\"index, follow, max-snippet:-1, max-image-preview:large, max-video-preview:-1\" \/>\n<link rel=\"canonical\" href=\"https:\/\/qingdaohf.com\/ro\/produs\/priza-de-ridicare-duo-ferulete-rotunde\/\" \/>\n<meta property=\"og:locale\" content=\"ro_RO\" \/>\n<meta property=\"og:type\" content=\"article\" \/>\n<meta property=\"og:title\" content=\"Lifting Socket Duo Round Ferrules\" \/>\n<meta property=\"og:description\" content=\"Lifting Socket Duo Round Ferrules help to provide safe and efficient connections for wire ropes in heavy-duty lifting operations.\" \/>\n<meta property=\"og:url\" content=\"https:\/\/qingdaohf.com\/ro\/produs\/priza-de-ridicare-duo-ferulete-rotunde\/\" \/>\n<meta property=\"og:site_name\" content=\"Concrete Form &amp; Rigging Hardware Supplier\" \/>\n<meta property=\"article:publisher\" content=\"https:\/\/www.facebook.com\/qingdaohf\" \/>\n<meta property=\"article:modified_time\" content=\"2025-11-13T01:02:20+00:00\" \/>\n<meta property=\"og:image\" content=\"https:\/\/qingdaohf.com\/wp-content\/uploads\/2025\/01\/duo-round-ferrule-1.jpg\" \/>\n\t<meta property=\"og:image:width\" content=\"800\" \/>\n\t<meta property=\"og:image:height\" content=\"800\" \/>\n\t<meta property=\"og:image:type\" content=\"image\/jpeg\" \/>\n<meta name=\"twitter:card\" content=\"summary_large_image\" \/>\n<meta name=\"twitter:label1\" content=\"Timp estimat pentru citire\" \/>\n\t<meta name=\"twitter:data1\" content=\"5 minute\" \/>\n<script type=\"application\/ld+json\" class=\"yoast-schema-graph\">{\"@context\":\"https:\/\/schema.org\",\"@graph\":[{\"@type\":\"WebPage\",\"@id\":\"https:\/\/qingdaohf.com\/product\/lifting-socket-duo-round-ferrules\/\",\"url\":\"https:\/\/qingdaohf.com\/product\/lifting-socket-duo-round-ferrules\/\",\"name\":\"Lifting Socket Duo Round Ferrules\",\"isPartOf\":{\"@id\":\"https:\/\/qingdaohf.com\/bg\/#website\"},\"primaryImageOfPage\":{\"@id\":\"https:\/\/qingdaohf.com\/product\/lifting-socket-duo-round-ferrules\/#primaryimage\"},\"image\":{\"@id\":\"https:\/\/qingdaohf.com\/product\/lifting-socket-duo-round-ferrules\/#primaryimage\"},\"thumbnailUrl\":\"https:\/\/qingdaohf.com\/wp-content\/uploads\/2025\/01\/duo-round-ferrule-1.jpg\",\"datePublished\":\"2025-01-13T06:56:13+00:00\",\"dateModified\":\"2025-11-13T01:02:20+00:00\",\"description\":\"Lifting Socket Duo Round Ferrules help to provide safe and efficient connections for wire ropes in heavy-duty lifting operations.\",\"breadcrumb\":{\"@id\":\"https:\/\/qingdaohf.com\/product\/lifting-socket-duo-round-ferrules\/#breadcrumb\"},\"inLanguage\":\"ro-RO\",\"potentialAction\":[{\"@type\":\"ReadAction\",\"target\":[\"https:\/\/qingdaohf.com\/product\/lifting-socket-duo-round-ferrules\/\"]}]},{\"@type\":\"ImageObject\",\"inLanguage\":\"ro-RO\",\"@id\":\"https:\/\/qingdaohf.com\/product\/lifting-socket-duo-round-ferrules\/#primaryimage\",\"url\":\"https:\/\/qingdaohf.com\/wp-content\/uploads\/2025\/01\/duo-round-ferrule-1.jpg\",\"contentUrl\":\"https:\/\/qingdaohf.com\/wp-content\/uploads\/2025\/01\/duo-round-ferrule-1.jpg\",\"width\":800,\"height\":800,\"caption\":\"duo round ferrule\"},{\"@type\":\"BreadcrumbList\",\"@id\":\"https:\/\/qingdaohf.com\/product\/lifting-socket-duo-round-ferrules\/#breadcrumb\",\"itemListElement\":[{\"@type\":\"ListItem\",\"position\":1,\"name\":\"Home\",\"item\":\"https:\/\/qingdaohf.com\/\"},{\"@type\":\"ListItem\",\"position\":2,\"name\":\"Concrete Forming Accessories and Rigging Hardware\",\"item\":\"https:\/\/qingdaohf.com\/bg\/?page_id=944\"},{\"@type\":\"ListItem\",\"position\":3,\"name\":\"Lifting Socket Duo Round Ferrules\"}]},{\"@type\":\"WebSite\",\"@id\":\"https:\/\/qingdaohf.com\/bg\/#website\",\"url\":\"https:\/\/qingdaohf.com\/bg\/\",\"name\":\"Concrete Form & Rigging Hardware Supplier\",\"description\":\"\",\"publisher\":{\"@id\":\"https:\/\/qingdaohf.com\/bg\/#organization\"},\"potentialAction\":[{\"@type\":\"SearchAction\",\"target\":{\"@type\":\"EntryPoint\",\"urlTemplate\":\"https:\/\/qingdaohf.com\/bg\/?s={search_term_string}\"},\"query-input\":{\"@type\":\"PropertyValueSpecification\",\"valueRequired\":true,\"valueName\":\"search_term_string\"}}],\"inLanguage\":\"ro-RO\"},{\"@type\":\"Organization\",\"@id\":\"https:\/\/qingdaohf.com\/bg\/#organization\",\"name\":\"Qingdao H&F\",\"url\":\"https:\/\/qingdaohf.com\/bg\/\",\"logo\":{\"@type\":\"ImageObject\",\"inLanguage\":\"ro-RO\",\"@id\":\"https:\/\/qingdaohf.com\/bg\/#\/schema\/logo\/image\/\",\"url\":\"https:\/\/qingdaohf.com\/wp-content\/uploads\/2022\/12\/cropped-HF-LOGO.png\",\"contentUrl\":\"https:\/\/qingdaohf.com\/wp-content\/uploads\/2022\/12\/cropped-HF-LOGO.png\",\"width\":391,\"height\":249,\"caption\":\"Qingdao H&F\"},\"image\":{\"@id\":\"https:\/\/qingdaohf.com\/bg\/#\/schema\/logo\/image\/\"},\"sameAs\":[\"https:\/\/www.facebook.com\/qingdaohf\"]}]}<\/script>\n<!-- \/ Yoast SEO plugin. -->","yoast_head_json":{"title":"Lifting Socket Duo Round Ferrules","description":"Lifting Socket Duo Round Ferrules help to provide safe and efficient connections for wire ropes in heavy-duty lifting operations.","robots":{"index":"index","follow":"follow","max-snippet":"max-snippet:-1","max-image-preview":"max-image-preview:large","max-video-preview":"max-video-preview:-1"},"canonical":"https:\/\/qingdaohf.com\/ro\/produs\/priza-de-ridicare-duo-ferulete-rotunde\/","og_locale":"ro_RO","og_type":"article","og_title":"Lifting Socket Duo Round Ferrules","og_description":"Lifting Socket Duo Round Ferrules help to provide safe and efficient connections for wire ropes in heavy-duty lifting operations.","og_url":"https:\/\/qingdaohf.com\/ro\/produs\/priza-de-ridicare-duo-ferulete-rotunde\/","og_site_name":"Concrete Form &amp; Rigging Hardware Supplier","article_publisher":"https:\/\/www.facebook.com\/qingdaohf","article_modified_time":"2025-11-13T01:02:20+00:00","og_image":[{"width":800,"height":800,"url":"https:\/\/qingdaohf.com\/wp-content\/uploads\/2025\/01\/duo-round-ferrule-1.jpg","type":"image\/jpeg"}],"twitter_card":"summary_large_image","twitter_misc":{"Timp estimat pentru citire":"5 minute"},"schema":{"@context":"https:\/\/schema.org","@graph":[{"@type":"WebPage","@id":"https:\/\/qingdaohf.com\/product\/lifting-socket-duo-round-ferrules\/","url":"https:\/\/qingdaohf.com\/product\/lifting-socket-duo-round-ferrules\/","name":"Lifting Socket Duo Round Ferrules","isPartOf":{"@id":"https:\/\/qingdaohf.com\/bg\/#website"},"primaryImageOfPage":{"@id":"https:\/\/qingdaohf.com\/product\/lifting-socket-duo-round-ferrules\/#primaryimage"},"image":{"@id":"https:\/\/qingdaohf.com\/product\/lifting-socket-duo-round-ferrules\/#primaryimage"},"thumbnailUrl":"https:\/\/qingdaohf.com\/wp-content\/uploads\/2025\/01\/duo-round-ferrule-1.jpg","datePublished":"2025-01-13T06:56:13+00:00","dateModified":"2025-11-13T01:02:20+00:00","description":"Lifting Socket Duo Round Ferrules help to provide safe and efficient connections for wire ropes in heavy-duty lifting operations.","breadcrumb":{"@id":"https:\/\/qingdaohf.com\/product\/lifting-socket-duo-round-ferrules\/#breadcrumb"},"inLanguage":"ro-RO","potentialAction":[{"@type":"ReadAction","target":["https:\/\/qingdaohf.com\/product\/lifting-socket-duo-round-ferrules\/"]}]},{"@type":"ImageObject","inLanguage":"ro-RO","@id":"https:\/\/qingdaohf.com\/product\/lifting-socket-duo-round-ferrules\/#primaryimage","url":"https:\/\/qingdaohf.com\/wp-content\/uploads\/2025\/01\/duo-round-ferrule-1.jpg","contentUrl":"https:\/\/qingdaohf.com\/wp-content\/uploads\/2025\/01\/duo-round-ferrule-1.jpg","width":800,"height":800,"caption":"duo round ferrule"},{"@type":"BreadcrumbList","@id":"https:\/\/qingdaohf.com\/product\/lifting-socket-duo-round-ferrules\/#breadcrumb","itemListElement":[{"@type":"ListItem","position":1,"name":"Home","item":"https:\/\/qingdaohf.com\/"},{"@type":"ListItem","position":2,"name":"Concrete Forming Accessories and Rigging Hardware","item":"https:\/\/qingdaohf.com\/bg\/?page_id=944"},{"@type":"ListItem","position":3,"name":"Lifting Socket Duo Round Ferrules"}]},{"@type":"WebSite","@id":"https:\/\/qingdaohf.com\/bg\/#website","url":"https:\/\/qingdaohf.com\/bg\/","name":"Concrete Form & Rigging Hardware Supplier","description":"","publisher":{"@id":"https:\/\/qingdaohf.com\/bg\/#organization"},"potentialAction":[{"@type":"SearchAction","target":{"@type":"EntryPoint","urlTemplate":"https:\/\/qingdaohf.com\/bg\/?s={search_term_string}"},"query-input":{"@type":"PropertyValueSpecification","valueRequired":true,"valueName":"search_term_string"}}],"inLanguage":"ro-RO"},{"@type":"Organization","@id":"https:\/\/qingdaohf.com\/bg\/#organization","name":"Qingdao H&F","url":"https:\/\/qingdaohf.com\/bg\/","logo":{"@type":"ImageObject","inLanguage":"ro-RO","@id":"https:\/\/qingdaohf.com\/bg\/#\/schema\/logo\/image\/","url":"https:\/\/qingdaohf.com\/wp-content\/uploads\/2022\/12\/cropped-HF-LOGO.png","contentUrl":"https:\/\/qingdaohf.com\/wp-content\/uploads\/2022\/12\/cropped-HF-LOGO.png","width":391,"height":249,"caption":"Qingdao H&F"},"image":{"@id":"https:\/\/qingdaohf.com\/bg\/#\/schema\/logo\/image\/"},"sameAs":["https:\/\/www.facebook.com\/qingdaohf"]}]}},"_links":{"self":[{"href":"https:\/\/qingdaohf.com\/ro\/wp-json\/wp\/v2\/product\/8721","targetHints":{"allow":["GET"]}}],"collection":[{"href":"https:\/\/qingdaohf.com\/ro\/wp-json\/wp\/v2\/product"}],"about":[{"href":"https:\/\/qingdaohf.com\/ro\/wp-json\/wp\/v2\/types\/product"}],"replies":[{"embeddable":true,"href":"https:\/\/qingdaohf.com\/ro\/wp-json\/wp\/v2\/comments?post=8721"}],"version-history":[{"count":3,"href":"https:\/\/qingdaohf.com\/ro\/wp-json\/wp\/v2\/product\/8721\/revisions"}],"predecessor-version":[{"id":8730,"href":"https:\/\/qingdaohf.com\/ro\/wp-json\/wp\/v2\/product\/8721\/revisions\/8730"}],"wp:featuredmedia":[{"embeddable":true,"href":"https:\/\/qingdaohf.com\/ro\/wp-json\/wp\/v2\/media\/8723"}],"wp:attachment":[{"href":"https:\/\/qingdaohf.com\/ro\/wp-json\/wp\/v2\/media?parent=8721"}],"wp:term":[{"taxonomy":"product_brand","embeddable":true,"href":"https:\/\/qingdaohf.com\/ro\/wp-json\/wp\/v2\/product_brand?post=8721"},{"taxonomy":"product_cat","embeddable":true,"href":"https:\/\/qingdaohf.com\/ro\/wp-json\/wp\/v2\/product_cat?post=8721"},{"taxonomy":"product_tag","embeddable":true,"href":"https:\/\/qingdaohf.com\/ro\/wp-json\/wp\/v2\/product_tag?post=8721"}],"curies":[{"name":"wp","href":"https:\/\/api.w.org\/{rel}","templated":true}]}}