{"id":8903,"date":"2025-02-08T11:51:31","date_gmt":"2025-02-08T03:51:31","guid":{"rendered":"http:\/\/qingdaohf.com\/?post_type=product&#038;p=8903"},"modified":"2025-11-13T09:02:19","modified_gmt":"2025-11-13T01:02:19","slug":"rebar-osha-caps","status":"publish","type":"product","link":"https:\/\/qingdaohf.com\/ro\/produs\/capace-osha-pentru-armaturi\/","title":{"rendered":"Capace OSHA pentru arm\u0103turi"},"content":{"rendered":"<h2 class=\"text-2xl font-bold mt-1 text-text-200\">Introducere \u00een bare de arm\u0103tur\u0103 Capace OSHA<\/h2>\n<p class=\"whitespace-pre-wrap break-words\">S\u0103 recunoa\u0219tem - siguran\u021ba pe \u0219antierul de construc\u021bii nu este fascinant\u0103, dar este crucial\u0103. Aici intervin capacele noastre Rebar OSHA. Aceste protec\u021bii de form\u0103 p\u0103trat\u0103 nu sunt doar ni\u0219te capace de plastic - ele reprezint\u0103 prima linie de ap\u0103rare \u00eempotriva pericolelor pe care le prezint\u0103 arm\u0103turile expuse. Construite dur \u0219i proiectate inteligent, acestea dep\u0103\u0219esc cerin\u021bele de siguran\u021b\u0103 de baz\u0103 pentru a v\u0103 oferi o real\u0103 lini\u0219te sufleteasc\u0103 pe \u0219antier.<\/p>\n<p><img fetchpriority=\"high\" decoding=\"async\" class=\"alignnone size-medium wp-image-8907\" src=\"http:\/\/qingdaohf.com\/wp-content\/uploads\/2025\/02\/rebar-cap-17-300x169.webp\" alt=\"\" width=\"300\" height=\"169\" srcset=\"https:\/\/qingdaohf.com\/wp-content\/uploads\/2025\/02\/rebar-cap-17-300x169.webp 300w, https:\/\/qingdaohf.com\/wp-content\/uploads\/2025\/02\/rebar-cap-17-1024x576.webp 1024w, https:\/\/qingdaohf.com\/wp-content\/uploads\/2025\/02\/rebar-cap-17-768x432.webp 768w, https:\/\/qingdaohf.com\/wp-content\/uploads\/2025\/02\/rebar-cap-17-1536x864.webp 1536w, https:\/\/qingdaohf.com\/wp-content\/uploads\/2025\/02\/rebar-cap-17-2048x1152.webp 2048w, https:\/\/qingdaohf.com\/wp-content\/uploads\/2025\/02\/rebar-cap-17-18x10.webp 18w, https:\/\/qingdaohf.com\/wp-content\/uploads\/2025\/02\/rebar-cap-17-1000x563.webp 1000w\" sizes=\"(max-width: 300px) 100vw, 300px\" \/> <img decoding=\"async\" class=\"alignnone size-medium wp-image-8908\" src=\"http:\/\/qingdaohf.com\/wp-content\/uploads\/2025\/02\/rebar-cap-19-300x169.webp\" alt=\"\" width=\"300\" height=\"169\" srcset=\"https:\/\/qingdaohf.com\/wp-content\/uploads\/2025\/02\/rebar-cap-19-300x169.webp 300w, https:\/\/qingdaohf.com\/wp-content\/uploads\/2025\/02\/rebar-cap-19-1024x576.webp 1024w, https:\/\/qingdaohf.com\/wp-content\/uploads\/2025\/02\/rebar-cap-19-768x432.webp 768w, https:\/\/qingdaohf.com\/wp-content\/uploads\/2025\/02\/rebar-cap-19-1536x864.webp 1536w, https:\/\/qingdaohf.com\/wp-content\/uploads\/2025\/02\/rebar-cap-19-2048x1152.webp 2048w, https:\/\/qingdaohf.com\/wp-content\/uploads\/2025\/02\/rebar-cap-19-18x10.webp 18w, https:\/\/qingdaohf.com\/wp-content\/uploads\/2025\/02\/rebar-cap-19-1000x563.webp 1000w\" sizes=\"(max-width: 300px) 100vw, 300px\" \/> <img decoding=\"async\" class=\"alignnone size-medium wp-image-8909\" src=\"http:\/\/qingdaohf.com\/wp-content\/uploads\/2025\/02\/rebar-cap-20-300x169.webp\" alt=\"\" width=\"300\" height=\"169\" srcset=\"https:\/\/qingdaohf.com\/wp-content\/uploads\/2025\/02\/rebar-cap-20-300x169.webp 300w, https:\/\/qingdaohf.com\/wp-content\/uploads\/2025\/02\/rebar-cap-20-1024x576.webp 1024w, https:\/\/qingdaohf.com\/wp-content\/uploads\/2025\/02\/rebar-cap-20-768x432.webp 768w, https:\/\/qingdaohf.com\/wp-content\/uploads\/2025\/02\/rebar-cap-20-1536x864.webp 1536w, https:\/\/qingdaohf.com\/wp-content\/uploads\/2025\/02\/rebar-cap-20-2048x1152.webp 2048w, https:\/\/qingdaohf.com\/wp-content\/uploads\/2025\/02\/rebar-cap-20-18x10.webp 18w, https:\/\/qingdaohf.com\/wp-content\/uploads\/2025\/02\/rebar-cap-20-1000x563.webp 1000w\" sizes=\"(max-width: 300px) 100vw, 300px\" \/><\/p>\n<h3 class=\"text-xl font-bold text-text-200 mt-1 -mb-0.5\">Prezentare general\u0103 a beneficiilor \u00een materie de siguran\u021b\u0103<\/h3>\n<p class=\"whitespace-pre-wrap break-words\">Calculul este simplu: capetele expuse ale arm\u0103turilor sunt periculoase, iar accidentele se \u00eent\u00e2mpl\u0103 rapid. Capacele noastre abordeaz\u0103 acest aspect cre\u00e2nd o barier\u0103 solid\u0103 \u00eentre lucr\u0103tori \u0219i capetele metalice ascu\u021bite. C\u00e2nd echipa dvs. vede bare de arm\u0103tur\u0103 acoperite corespunz\u0103tor, \u0219tie c\u0103 cineva \u00eei acoper\u0103 spatele. Nu este vorba doar despre bifarea unor cerin\u021be de siguran\u021b\u0103 - este vorba despre faptul c\u0103 toat\u0103 lumea pleac\u0103 acas\u0103 \u00een siguran\u021b\u0103 la sf\u00e2r\u0219itul zilei.<\/p>\n<p class=\"whitespace-pre-wrap break-words\">G\u00e2ndi\u021bi-v\u0103 la ce \u00eenseamn\u0103 acest lucru pentru calendarul proiectului dumneavoastr\u0103. Mai pu\u021bine accidente \u00eenseamn\u0103 mai pu\u021bine timpi mor\u021bi \u0219i opera\u021biuni mai u\u0219oare. Dosarul dvs. de siguran\u021b\u0103 se \u00eembun\u0103t\u0103\u021be\u0219te, costurile scad, iar productivitatea r\u0103m\u00e2ne ridicat\u0103. Managerii de proiect inteligen\u021bi \u0219tiu c\u0103 investi\u021bia \u00een echipamente de siguran\u021b\u0103 de calitate se amortizeaz\u0103 de multe ori.<\/p>\n\n<table id=\"tablepress-30\" class=\"tablepress tablepress-id-30\">\n<thead>\n<tr class=\"row-1\">\n\t<th class=\"column-1\">Produs<\/th><th class=\"column-2\">DESCRIERE<\/th><th class=\"column-3\">PART#<\/th><th class=\"column-4\">PCS\/CTN<\/th><th class=\"column-5\">GREUTATE \/ FIECARE<\/th>\n<\/tr>\n<\/thead>\n<tbody class=\"row-striping row-hover\">\n<tr class=\"row-2\">\n\t<td class=\"column-1\"><img loading=\"lazy\" decoding=\"async\" src=\"http:\/\/qingdaohf.com\/wp-content\/uploads\/2023\/02\/CAP-2-1-300x300.jpg\" alt=\"\u0218apc\u0103 OSHA\" width=\"300\" height=\"300\" class=\"alignnone size-medium wp-image-5529\" srcset=\"https:\/\/qingdaohf.com\/wp-content\/uploads\/2023\/02\/CAP-2-1-300x300.jpg 300w, https:\/\/qingdaohf.com\/wp-content\/uploads\/2023\/02\/CAP-2-1-150x150.jpg 150w, https:\/\/qingdaohf.com\/wp-content\/uploads\/2023\/02\/CAP-2-1-768x768.jpg 768w, https:\/\/qingdaohf.com\/wp-content\/uploads\/2023\/02\/CAP-2-1-500x500.jpg 500w, https:\/\/qingdaohf.com\/wp-content\/uploads\/2023\/02\/CAP-2-1-100x100.jpg 100w, https:\/\/qingdaohf.com\/wp-content\/uploads\/2023\/02\/CAP-2-1.jpg 1000w\" sizes=\"(max-width: 300px) 100vw, 300px\" \/><\/td><td class=\"column-2\">Capac de arm\u0103tur\u0103 OSHA P\u00e2n\u0103 la #8 bar<\/td><td class=\"column-3\">PC110<\/td><td class=\"column-4\">100<\/td><td class=\"column-5\">0.56<\/td>\n<\/tr>\n<tr class=\"row-3\">\n\t<td class=\"column-1\"><img loading=\"lazy\" decoding=\"async\" src=\"http:\/\/qingdaohf.com\/wp-content\/uploads\/2023\/02\/CAP-2-1-300x300.jpg\" alt=\"\u0218apc\u0103 OSHA\" width=\"300\" height=\"300\" class=\"alignnone size-medium wp-image-5529\" srcset=\"https:\/\/qingdaohf.com\/wp-content\/uploads\/2023\/02\/CAP-2-1-300x300.jpg 300w, https:\/\/qingdaohf.com\/wp-content\/uploads\/2023\/02\/CAP-2-1-150x150.jpg 150w, https:\/\/qingdaohf.com\/wp-content\/uploads\/2023\/02\/CAP-2-1-768x768.jpg 768w, https:\/\/qingdaohf.com\/wp-content\/uploads\/2023\/02\/CAP-2-1-500x500.jpg 500w, https:\/\/qingdaohf.com\/wp-content\/uploads\/2023\/02\/CAP-2-1-100x100.jpg 100w, https:\/\/qingdaohf.com\/wp-content\/uploads\/2023\/02\/CAP-2-1.jpg 1000w\" sizes=\"(max-width: 300px) 100vw, 300px\" \/><\/td><td class=\"column-2\">Capac de arm\u0103tur\u0103 OSHA #9 bar \u0219i peste<\/td><td class=\"column-3\">PC200<\/td><td class=\"column-4\">50<\/td><td class=\"column-5\">0.72<\/td>\n<\/tr>\n<tr class=\"row-4\">\n\t<td class=\"column-1\"><img loading=\"lazy\" decoding=\"async\" src=\"http:\/\/qingdaohf.com\/wp-content\/uploads\/2023\/02\/Mushroom-Rebar-Cap-7-300x300.jpg\" alt=\"Mushroom Rebar Cap\" width=\"300\" height=\"300\" class=\"alignnone size-medium wp-image-3195\" srcset=\"https:\/\/qingdaohf.com\/wp-content\/uploads\/2023\/02\/Mushroom-Rebar-Cap-7-300x300.jpg 300w, https:\/\/qingdaohf.com\/wp-content\/uploads\/2023\/02\/Mushroom-Rebar-Cap-7-150x150.jpg 150w, https:\/\/qingdaohf.com\/wp-content\/uploads\/2023\/02\/Mushroom-Rebar-Cap-7-768x768.jpg 768w, https:\/\/qingdaohf.com\/wp-content\/uploads\/2023\/02\/Mushroom-Rebar-Cap-7-500x500.jpg 500w, https:\/\/qingdaohf.com\/wp-content\/uploads\/2023\/02\/Mushroom-Rebar-Cap-7-100x100.jpg 100w, https:\/\/qingdaohf.com\/wp-content\/uploads\/2023\/02\/Mushroom-Rebar-Cap-7.jpg 1000w\" sizes=\"(max-width: 300px) 100vw, 300px\" \/><\/td><td class=\"column-2\">Capac mic pentru arm\u0103tur\u0103 #3-#8<\/td><td class=\"column-3\">A10<\/td><td class=\"column-4\">100<\/td><td class=\"column-5\">7<\/td>\n<\/tr>\n<tr class=\"row-5\">\n\t<td class=\"column-1\"><img loading=\"lazy\" decoding=\"async\" src=\"http:\/\/qingdaohf.com\/wp-content\/uploads\/2023\/02\/Mushroom-Rebar-Cap-7-300x300.jpg\" alt=\"Mushroom Rebar Cap\" width=\"300\" height=\"300\" class=\"alignnone size-medium wp-image-3195\" srcset=\"https:\/\/qingdaohf.com\/wp-content\/uploads\/2023\/02\/Mushroom-Rebar-Cap-7-300x300.jpg 300w, https:\/\/qingdaohf.com\/wp-content\/uploads\/2023\/02\/Mushroom-Rebar-Cap-7-150x150.jpg 150w, https:\/\/qingdaohf.com\/wp-content\/uploads\/2023\/02\/Mushroom-Rebar-Cap-7-768x768.jpg 768w, https:\/\/qingdaohf.com\/wp-content\/uploads\/2023\/02\/Mushroom-Rebar-Cap-7-500x500.jpg 500w, https:\/\/qingdaohf.com\/wp-content\/uploads\/2023\/02\/Mushroom-Rebar-Cap-7-100x100.jpg 100w, https:\/\/qingdaohf.com\/wp-content\/uploads\/2023\/02\/Mushroom-Rebar-Cap-7.jpg 1000w\" sizes=\"(max-width: 300px) 100vw, 300px\" \/><\/td><td class=\"column-2\">Capac de arm\u0103tur\u0103 mare #9-#18<\/td><td class=\"column-3\">A20<\/td><td class=\"column-4\">250<\/td><td class=\"column-5\">26<\/td>\n<\/tr>\n<\/tbody>\n<\/table>\n<!-- #tablepress-30 from cache -->\n<h3 class=\"text-xl font-bold text-text-200 mt-1 -mb-0.5\">Excelen\u021b\u0103 \u00een inginerie \u0219i integritatea materialelor<\/h3>\n<p class=\"whitespace-pre-wrap break-words\">Nu am aruncat pur \u0219i simplu aceste capace \u00eempreun\u0103 - am transpirat la detalii. Amestecul de polimeri pe care \u00eel folosim nu este un plastic standard - este ales special pentru a face fa\u021b\u0103 la orice se \u00eent\u00e2mpl\u0103 la locul dvs. de munc\u0103, de la c\u0103ldur\u0103 torid\u0103 la frig de \u00eenghea\u021b\u0103 apele. Aceste capace r\u0103m\u00e2n la locul lor \u0219i r\u0103m\u00e2n puternice.<\/p>\n<p class=\"whitespace-pre-wrap break-words\">Nici forma p\u0103trat\u0103 nu este \u00eent\u00e2mpl\u0103toare. Inginerii no\u0219tri au petrecut nenum\u0103rate ore perfec\u021bion\u00e2nd designul, astfel \u00eenc\u00e2t aceste capace s\u0103 se prind\u0103 bine \u0219i s\u0103 nu se mi\u0219te, chiar \u0219i atunci c\u00e2nd totul \u00een jurul lor tremur\u0103 \u0219i se mi\u0219c\u0103. De asemenea, sunt u\u0219or de instalat - pentru c\u0103 ultimul lucru de care ave\u021bi nevoie este s\u0103 pierde\u021bi timp cu echipamentul de siguran\u021b\u0103.<\/p>\n<div class=\"ast-oembed-container\" style=\"height: 100%;\"><iframe title=\"Test de calitate a capacului de arm\u0103tur\u0103\" width=\"500\" height=\"281\" src=\"https:\/\/www.youtube.com\/embed\/XM52zOtdu4w?feature=oembed\" frameborder=\"0\" allow=\"accelerometer; autoplay; clipboard-write; encrypted-media; gyroscope; picture-in-picture; web-share\" referrerpolicy=\"strict-origin-when-cross-origin\" allowfullscreen><\/iframe><\/div>","protected":false},"excerpt":{"rendered":"<p>Capacele OSHA sunt un produs de siguran\u021b\u0103 superior care alunec\u0103 peste capetele expuse ale arm\u0103turilor \u0219i reduc semnificativ pericolele de pe \u0219antier. Acestea sunt de form\u0103 p\u0103trat\u0103 \u0219i \u00eendeplinesc specifica\u021biile stricte ale industriei, oferind conformitatea cu reglement\u0103rile de siguran\u021b\u0103, fiind \u00een acela\u0219i timp extrem de durabile. Capacele Rebar Mushroom sunt de form\u0103 rotund\u0103 \u0219i g\u0103sesc aplica\u021bii \u00een utiliz\u0103ri speciale. \u00cen calitate de companie comercial\u0103 de \u00eencredere, ne m\u00e2ndrim cu oferirea de servicii personalizate pentru clien\u021bi, livr\u0103ri rapide \u0219i rapoarte complete de inspec\u021bie a calit\u0103\u021bii. \u00cen\u021belegem c\u0103 cump\u0103r\u0103torii apreciaz\u0103 durabilitatea, u\u0219urin\u021ba instal\u0103rii \u0219i conformitatea cu reglement\u0103rile - produsele noastre sunt construite \u021bin\u00e2nd cont de aceste considerente fundamentale, oferind siguran\u021b\u0103, fiabilitate \u0219i performan\u021b\u0103 sporite la fiecare proiect.<\/p>","protected":false},"featured_media":5529,"comment_status":"open","ping_status":"closed","template":"","meta":{"site-sidebar-layout":"default","site-content-layout":"","ast-site-content-layout":"default","site-content-style":"default","site-sidebar-style":"default","ast-global-header-display":"","ast-banner-title-visibility":"","ast-main-header-display":"","ast-hfb-above-header-display":"","ast-hfb-below-header-display":"","ast-hfb-mobile-header-display":"","site-post-title":"","ast-breadcrumbs-content":"","ast-featured-img":"","footer-sml-layout":"","theme-transparent-header-meta":"default","adv-header-id-meta":"","stick-header-meta":"default","header-above-stick-meta":"","header-main-stick-meta":"","header-below-stick-meta":"","astra-migrate-meta-layouts":"set","ast-page-background-enabled":"default","ast-page-background-meta":{"desktop":{"background-color":"","background-image":"","background-repeat":"repeat","background-position":"center center","background-size":"auto","background-attachment":"scroll","background-type":"","background-media":"","overlay-type":"","overlay-color":"","overlay-opacity":"","overlay-gradient":""},"tablet":{"background-color":"","background-image":"","background-repeat":"repeat","background-position":"center center","background-size":"auto","background-attachment":"scroll","background-type":"","background-media":"","overlay-type":"","overlay-color":"","overlay-opacity":"","overlay-gradient":""},"mobile":{"background-color":"","background-image":"","background-repeat":"repeat","background-position":"center center","background-size":"auto","background-attachment":"scroll","background-type":"","background-media":"","overlay-type":"","overlay-color":"","overlay-opacity":"","overlay-gradient":""}},"ast-content-background-meta":{"desktop":{"background-color":"var(--ast-global-color-5)","background-image":"","background-repeat":"repeat","background-position":"center center","background-size":"auto","background-attachment":"scroll","background-type":"","background-media":"","overlay-type":"","overlay-color":"","overlay-opacity":"","overlay-gradient":""},"tablet":{"background-color":"var(--ast-global-color-5)","background-image":"","background-repeat":"repeat","background-position":"center center","background-size":"auto","background-attachment":"scroll","background-type":"","background-media":"","overlay-type":"","overlay-color":"","overlay-opacity":"","overlay-gradient":""},"mobile":{"background-color":"var(--ast-global-color-5)","background-image":"","background-repeat":"repeat","background-position":"center center","background-size":"auto","background-attachment":"scroll","background-type":"","background-media":"","overlay-type":"","overlay-color":"","overlay-opacity":"","overlay-gradient":""}}},"product_brand":[],"product_cat":[35],"product_tag":[],"class_list":{"0":"post-8903","1":"product","2":"type-product","3":"status-publish","4":"has-post-thumbnail","6":"product_cat-concrete-rebar-support","7":"desktop-align-left","8":"tablet-align-left","9":"mobile-align-left","10":"ast-product-gallery-layout-horizontal-slider","11":"ast-product-tabs-layout-horizontal","13":"first","14":"instock","15":"shipping-taxable","16":"purchasable","17":"product-type-simple"},"yoast_head":"<!-- This site is optimized with the Yoast SEO plugin v25.2 - https:\/\/yoast.com\/wordpress\/plugins\/seo\/ -->\n<title>Rebar OSHA Caps<\/title>\n<meta name=\"description\" content=\"OSHA Caps are a superior safety product that slips over exposed rebar ends and significantly reduces on-site hazards.\" \/>\n<meta name=\"robots\" content=\"index, follow, max-snippet:-1, max-image-preview:large, max-video-preview:-1\" \/>\n<link rel=\"canonical\" href=\"https:\/\/qingdaohf.com\/ro\/produs\/capace-osha-pentru-armaturi\/\" \/>\n<meta property=\"og:locale\" content=\"ro_RO\" \/>\n<meta property=\"og:type\" content=\"article\" \/>\n<meta property=\"og:title\" content=\"Rebar OSHA Caps\" \/>\n<meta property=\"og:description\" content=\"OSHA Caps are a superior safety product that slips over exposed rebar ends and significantly reduces on-site hazards.\" \/>\n<meta property=\"og:url\" content=\"https:\/\/qingdaohf.com\/ro\/produs\/capace-osha-pentru-armaturi\/\" \/>\n<meta property=\"og:site_name\" content=\"Concrete Form &amp; Rigging Hardware Supplier\" \/>\n<meta property=\"article:publisher\" content=\"https:\/\/www.facebook.com\/qingdaohf\" \/>\n<meta property=\"article:modified_time\" content=\"2025-11-13T01:02:19+00:00\" \/>\n<meta property=\"og:image\" content=\"https:\/\/qingdaohf.com\/wp-content\/uploads\/2023\/02\/CAP-2-1.jpg\" \/>\n\t<meta property=\"og:image:width\" content=\"1000\" \/>\n\t<meta property=\"og:image:height\" content=\"1000\" \/>\n\t<meta property=\"og:image:type\" content=\"image\/jpeg\" \/>\n<meta name=\"twitter:card\" content=\"summary_large_image\" \/>\n<meta name=\"twitter:label1\" content=\"Timp estimat pentru citire\" \/>\n\t<meta name=\"twitter:data1\" content=\"3 minute\" \/>\n<script type=\"application\/ld+json\" class=\"yoast-schema-graph\">{\"@context\":\"https:\/\/schema.org\",\"@graph\":[{\"@type\":\"WebPage\",\"@id\":\"https:\/\/qingdaohf.com\/product\/rebar-osha-caps\/\",\"url\":\"https:\/\/qingdaohf.com\/product\/rebar-osha-caps\/\",\"name\":\"Rebar OSHA Caps\",\"isPartOf\":{\"@id\":\"https:\/\/qingdaohf.com\/bg\/#website\"},\"primaryImageOfPage\":{\"@id\":\"https:\/\/qingdaohf.com\/product\/rebar-osha-caps\/#primaryimage\"},\"image\":{\"@id\":\"https:\/\/qingdaohf.com\/product\/rebar-osha-caps\/#primaryimage\"},\"thumbnailUrl\":\"https:\/\/qingdaohf.com\/wp-content\/uploads\/2023\/02\/CAP-2-1.jpg\",\"datePublished\":\"2025-02-08T03:51:31+00:00\",\"dateModified\":\"2025-11-13T01:02:19+00:00\",\"description\":\"OSHA Caps are a superior safety product that slips over exposed rebar ends and significantly reduces on-site hazards.\",\"breadcrumb\":{\"@id\":\"https:\/\/qingdaohf.com\/product\/rebar-osha-caps\/#breadcrumb\"},\"inLanguage\":\"ro-RO\",\"potentialAction\":[{\"@type\":\"ReadAction\",\"target\":[\"https:\/\/qingdaohf.com\/product\/rebar-osha-caps\/\"]}]},{\"@type\":\"ImageObject\",\"inLanguage\":\"ro-RO\",\"@id\":\"https:\/\/qingdaohf.com\/product\/rebar-osha-caps\/#primaryimage\",\"url\":\"https:\/\/qingdaohf.com\/wp-content\/uploads\/2023\/02\/CAP-2-1.jpg\",\"contentUrl\":\"https:\/\/qingdaohf.com\/wp-content\/uploads\/2023\/02\/CAP-2-1.jpg\",\"width\":1000,\"height\":1000,\"caption\":\"OSHA Cap\"},{\"@type\":\"BreadcrumbList\",\"@id\":\"https:\/\/qingdaohf.com\/product\/rebar-osha-caps\/#breadcrumb\",\"itemListElement\":[{\"@type\":\"ListItem\",\"position\":1,\"name\":\"Home\",\"item\":\"https:\/\/qingdaohf.com\/\"},{\"@type\":\"ListItem\",\"position\":2,\"name\":\"Concrete Forming Accessories and Rigging Hardware\",\"item\":\"https:\/\/qingdaohf.com\/bg\/?page_id=944\"},{\"@type\":\"ListItem\",\"position\":3,\"name\":\"Rebar OSHA Caps\"}]},{\"@type\":\"WebSite\",\"@id\":\"https:\/\/qingdaohf.com\/bg\/#website\",\"url\":\"https:\/\/qingdaohf.com\/bg\/\",\"name\":\"Concrete Form & Rigging Hardware Supplier\",\"description\":\"\",\"publisher\":{\"@id\":\"https:\/\/qingdaohf.com\/bg\/#organization\"},\"potentialAction\":[{\"@type\":\"SearchAction\",\"target\":{\"@type\":\"EntryPoint\",\"urlTemplate\":\"https:\/\/qingdaohf.com\/bg\/?s={search_term_string}\"},\"query-input\":{\"@type\":\"PropertyValueSpecification\",\"valueRequired\":true,\"valueName\":\"search_term_string\"}}],\"inLanguage\":\"ro-RO\"},{\"@type\":\"Organization\",\"@id\":\"https:\/\/qingdaohf.com\/bg\/#organization\",\"name\":\"Qingdao H&F\",\"url\":\"https:\/\/qingdaohf.com\/bg\/\",\"logo\":{\"@type\":\"ImageObject\",\"inLanguage\":\"ro-RO\",\"@id\":\"https:\/\/qingdaohf.com\/bg\/#\/schema\/logo\/image\/\",\"url\":\"https:\/\/qingdaohf.com\/wp-content\/uploads\/2022\/12\/cropped-HF-LOGO.png\",\"contentUrl\":\"https:\/\/qingdaohf.com\/wp-content\/uploads\/2022\/12\/cropped-HF-LOGO.png\",\"width\":391,\"height\":249,\"caption\":\"Qingdao H&F\"},\"image\":{\"@id\":\"https:\/\/qingdaohf.com\/bg\/#\/schema\/logo\/image\/\"},\"sameAs\":[\"https:\/\/www.facebook.com\/qingdaohf\"]}]}<\/script>\n<!-- \/ Yoast SEO plugin. -->","yoast_head_json":{"title":"Rebar OSHA Caps","description":"OSHA Caps are a superior safety product that slips over exposed rebar ends and significantly reduces on-site hazards.","robots":{"index":"index","follow":"follow","max-snippet":"max-snippet:-1","max-image-preview":"max-image-preview:large","max-video-preview":"max-video-preview:-1"},"canonical":"https:\/\/qingdaohf.com\/ro\/produs\/capace-osha-pentru-armaturi\/","og_locale":"ro_RO","og_type":"article","og_title":"Rebar OSHA Caps","og_description":"OSHA Caps are a superior safety product that slips over exposed rebar ends and significantly reduces on-site hazards.","og_url":"https:\/\/qingdaohf.com\/ro\/produs\/capace-osha-pentru-armaturi\/","og_site_name":"Concrete Form &amp; Rigging Hardware Supplier","article_publisher":"https:\/\/www.facebook.com\/qingdaohf","article_modified_time":"2025-11-13T01:02:19+00:00","og_image":[{"width":1000,"height":1000,"url":"https:\/\/qingdaohf.com\/wp-content\/uploads\/2023\/02\/CAP-2-1.jpg","type":"image\/jpeg"}],"twitter_card":"summary_large_image","twitter_misc":{"Timp estimat pentru citire":"3 minute"},"schema":{"@context":"https:\/\/schema.org","@graph":[{"@type":"WebPage","@id":"https:\/\/qingdaohf.com\/product\/rebar-osha-caps\/","url":"https:\/\/qingdaohf.com\/product\/rebar-osha-caps\/","name":"Rebar OSHA Caps","isPartOf":{"@id":"https:\/\/qingdaohf.com\/bg\/#website"},"primaryImageOfPage":{"@id":"https:\/\/qingdaohf.com\/product\/rebar-osha-caps\/#primaryimage"},"image":{"@id":"https:\/\/qingdaohf.com\/product\/rebar-osha-caps\/#primaryimage"},"thumbnailUrl":"https:\/\/qingdaohf.com\/wp-content\/uploads\/2023\/02\/CAP-2-1.jpg","datePublished":"2025-02-08T03:51:31+00:00","dateModified":"2025-11-13T01:02:19+00:00","description":"OSHA Caps are a superior safety product that slips over exposed rebar ends and significantly reduces on-site hazards.","breadcrumb":{"@id":"https:\/\/qingdaohf.com\/product\/rebar-osha-caps\/#breadcrumb"},"inLanguage":"ro-RO","potentialAction":[{"@type":"ReadAction","target":["https:\/\/qingdaohf.com\/product\/rebar-osha-caps\/"]}]},{"@type":"ImageObject","inLanguage":"ro-RO","@id":"https:\/\/qingdaohf.com\/product\/rebar-osha-caps\/#primaryimage","url":"https:\/\/qingdaohf.com\/wp-content\/uploads\/2023\/02\/CAP-2-1.jpg","contentUrl":"https:\/\/qingdaohf.com\/wp-content\/uploads\/2023\/02\/CAP-2-1.jpg","width":1000,"height":1000,"caption":"OSHA Cap"},{"@type":"BreadcrumbList","@id":"https:\/\/qingdaohf.com\/product\/rebar-osha-caps\/#breadcrumb","itemListElement":[{"@type":"ListItem","position":1,"name":"Home","item":"https:\/\/qingdaohf.com\/"},{"@type":"ListItem","position":2,"name":"Concrete Forming Accessories and Rigging Hardware","item":"https:\/\/qingdaohf.com\/bg\/?page_id=944"},{"@type":"ListItem","position":3,"name":"Rebar OSHA Caps"}]},{"@type":"WebSite","@id":"https:\/\/qingdaohf.com\/bg\/#website","url":"https:\/\/qingdaohf.com\/bg\/","name":"Concrete Form & Rigging Hardware Supplier","description":"","publisher":{"@id":"https:\/\/qingdaohf.com\/bg\/#organization"},"potentialAction":[{"@type":"SearchAction","target":{"@type":"EntryPoint","urlTemplate":"https:\/\/qingdaohf.com\/bg\/?s={search_term_string}"},"query-input":{"@type":"PropertyValueSpecification","valueRequired":true,"valueName":"search_term_string"}}],"inLanguage":"ro-RO"},{"@type":"Organization","@id":"https:\/\/qingdaohf.com\/bg\/#organization","name":"Qingdao H&F","url":"https:\/\/qingdaohf.com\/bg\/","logo":{"@type":"ImageObject","inLanguage":"ro-RO","@id":"https:\/\/qingdaohf.com\/bg\/#\/schema\/logo\/image\/","url":"https:\/\/qingdaohf.com\/wp-content\/uploads\/2022\/12\/cropped-HF-LOGO.png","contentUrl":"https:\/\/qingdaohf.com\/wp-content\/uploads\/2022\/12\/cropped-HF-LOGO.png","width":391,"height":249,"caption":"Qingdao H&F"},"image":{"@id":"https:\/\/qingdaohf.com\/bg\/#\/schema\/logo\/image\/"},"sameAs":["https:\/\/www.facebook.com\/qingdaohf"]}]}},"_links":{"self":[{"href":"https:\/\/qingdaohf.com\/ro\/wp-json\/wp\/v2\/product\/8903","targetHints":{"allow":["GET"]}}],"collection":[{"href":"https:\/\/qingdaohf.com\/ro\/wp-json\/wp\/v2\/product"}],"about":[{"href":"https:\/\/qingdaohf.com\/ro\/wp-json\/wp\/v2\/types\/product"}],"replies":[{"embeddable":true,"href":"https:\/\/qingdaohf.com\/ro\/wp-json\/wp\/v2\/comments?post=8903"}],"version-history":[{"count":3,"href":"https:\/\/qingdaohf.com\/ro\/wp-json\/wp\/v2\/product\/8903\/revisions"}],"predecessor-version":[{"id":8911,"href":"https:\/\/qingdaohf.com\/ro\/wp-json\/wp\/v2\/product\/8903\/revisions\/8911"}],"wp:featuredmedia":[{"embeddable":true,"href":"https:\/\/qingdaohf.com\/ro\/wp-json\/wp\/v2\/media\/5529"}],"wp:attachment":[{"href":"https:\/\/qingdaohf.com\/ro\/wp-json\/wp\/v2\/media?parent=8903"}],"wp:term":[{"taxonomy":"product_brand","embeddable":true,"href":"https:\/\/qingdaohf.com\/ro\/wp-json\/wp\/v2\/product_brand?post=8903"},{"taxonomy":"product_cat","embeddable":true,"href":"https:\/\/qingdaohf.com\/ro\/wp-json\/wp\/v2\/product_cat?post=8903"},{"taxonomy":"product_tag","embeddable":true,"href":"https:\/\/qingdaohf.com\/ro\/wp-json\/wp\/v2\/product_tag?post=8903"}],"curies":[{"name":"wp","href":"https:\/\/api.w.org\/{rel}","templated":true}]}}