{"id":8950,"date":"2025-02-13T11:53:04","date_gmt":"2025-02-13T03:53:04","guid":{"rendered":"http:\/\/qingdaohf.com\/?post_type=product&#038;p=8950"},"modified":"2025-11-13T09:02:19","modified_gmt":"2025-11-13T01:02:19","slug":"stainless-steel-eye-bolt","status":"publish","type":"product","link":"https:\/\/qingdaohf.com\/ro\/produs\/bolt-cu-ochi-din-otel-inoxidabil\/","title":{"rendered":"O\u021bel inoxidabil \u0218urub cu ochi"},"content":{"rendered":"<p class=\"whitespace-pre-wrap break-words\">Dac\u0103 sunte\u021bi \u00een c\u0103utarea unui element de fixare care s\u0103 combine rezisten\u021ba cu rafinamentul, \u0219urubul nostru cu ochi din o\u021bel inoxidabil ofer\u0103 exact acest lucru. Fabricate din o\u021bel inoxidabil de calitate superioar\u0103, aceste \u0219uruburi rezist\u0103 la condi\u021bii dificile, p\u0103str\u00e2ndu-\u0219i integritatea. De la \u0219antierele navale la \u0219antierele de construc\u021bii, acestea \u0219i-au dovedit valoarea \u00een medii solicitante \u00een care elementele de fixare obi\u0219nuite nu sunt suficiente.<\/p>\n<p class=\"whitespace-pre-wrap break-words\">Ceea ce diferen\u021biaz\u0103 aceste \u0219uruburi cu ochi este aten\u021bia la detalii. Fiecare prezint\u0103 filete prelucrate cu precizie \u0219i un ochi format cu aten\u021bie, cre\u00e2nd o component\u0103 care nu este doar func\u021bional\u0103, ci \u0219i rafinat\u0103. Finisajul lustruit nu este doar pentru aspect - acesta adaug\u0103 un strat suplimentar de rezisten\u021b\u0103 la coroziune care men\u021bine performan\u021ba fiabil\u0103 a acestor \u0219uruburi an dup\u0103 an.<\/p>\n<p class=\"whitespace-pre-wrap break-words\">Noi nu vorbim doar despre calitate - o dovedim. Fiecare \u0219urub trece prin teste extensive \u00eenainte de a p\u0103r\u0103si unitatea noastr\u0103. Acest lucru \u00eenseamn\u0103 c\u0103 atunci c\u00e2nd instala\u021bi unul dintre \u0219uruburile noastre cu ochi, pute\u021bi avea \u00eencredere c\u0103 acesta va face fa\u021b\u0103 oric\u0103ror provoc\u0103ri pe care proiectul dvs. le pune \u00een fa\u021ba sa.<\/p>\n<h2 class=\"text-xl font-bold text-text-200 mt-1 -mb-0.5\">Specifica\u021bii detaliate \u0219i dimensiuni versatile<\/h2>\n<h3 class=\"text-lg font-bold text-text-200 mt-1 -mb-1.5\">Gama de dimensiuni \u0219i aplica\u021bii<\/h3>\n<p class=\"whitespace-pre-wrap break-words\">De la compactul M2 la robustul M24, \u0219uruburile noastre pentru ochiuri sunt disponibile \u00een dimensiuni care s\u0103 fac\u0103 fa\u021b\u0103 oric\u0103rei sarcini. Nu este vorba doar despre a avea op\u021biuni - este vorba despre a oferi unealta potrivit\u0103 pentru provoc\u0103ri specifice. \u0218uruburile mai mici M2 \u0219i M3 exceleaz\u0103 \u00een echipamentele de precizie, \u00een timp ce dimensiunile mai robuste M20 p\u00e2n\u0103 la M24 fac fa\u021b\u0103 cu \u00eencredere sarcinilor industriale grele.<\/p>\n<p class=\"whitespace-pre-wrap break-words\">Fiecare dimensiune este fabricat\u0103 la standarde exigente, cu toleran\u021be ale pasului filetului \u0219i ale diametrului care asigur\u0103 o potrivire perfect\u0103 de fiecare dat\u0103. Sus\u021binem acest lucru cu rapoarte de calitate detaliate care acoper\u0103 rezisten\u021ba, rezisten\u021ba la oboseal\u0103 \u0219i performan\u021ba la coroziune - deoarece atunci c\u00e2nd vine vorba de elemente de fixare, presupunerile nu sunt suficiente.<\/p>\n<h3 class=\"text-lg font-bold text-text-200 mt-1 -mb-1.5\">Caracteristici de design<\/h3>\n<p class=\"whitespace-pre-wrap break-words\">Acestea nu sunt \u0219uruburile cu ochi ale bunicului dvs. Modelul de filetare reduce uzura \u00een timp, \u00een timp ce distribu\u021bia curburii ochiului optimizeaz\u0103 manipularea sarcinii. Acest lucru \u00eenseamn\u0103 mai pu\u021bine b\u0103t\u0103i de cap la \u00eentre\u021binere \u0219i o durat\u0103 de via\u021b\u0103 mai lung\u0103 - exact ceea ce ave\u021bi nevoie atunci c\u00e2nd accesul pentru repara\u021bii este limitat sau costisitor.<\/p>\n<h2 class=\"text-xl font-bold text-text-200 mt-1 -mb-0.5\">Caracteristici distinctive \u0219i compararea pie\u021bei<\/h2>\n<h3 class=\"text-lg font-bold text-text-200 mt-1 -mb-1.5\">Excelen\u021ba \u00een materie de materiale \u0219i fabrica\u021bie<\/h3>\n<p class=\"whitespace-pre-wrap break-words\">De\u0219i nu exist\u0103 o lips\u0103 de \u0219uruburi cu ochi pe pia\u021b\u0103, ale noastre se disting prin metalurgia avansat\u0103 \u0219i fabricarea de precizie. O\u021belul inoxidabil pe care \u00eel folosim nu este doar rezistent la coroziune - este ales special pentru raportul rezisten\u021b\u0103\/greutate \u0219i durabilitatea pe termen lung. Acest lucru face o diferen\u021b\u0103 real\u0103 \u00een mediile marine sau \u00een uzinele de prelucrare chimic\u0103, unde materialele mai pu\u021bin performante \u00ee\u0219i arat\u0103 rapid sl\u0103biciunile.<\/p>\n<p class=\"whitespace-pre-wrap break-words\">Procesul nostru de fabrica\u021bie combin\u0103 expertiza tradi\u021bional\u0103 de forjare cu tehnicile moderne de tratare termic\u0103. Acest lucru creeaz\u0103 produse consistente \u0219i fiabile care dep\u0103\u0219esc ofertele standard at\u00e2t \u00een ceea ce prive\u0219te rezisten\u021ba, c\u00e2t \u0219i longevitatea.<\/p>\n<h3 class=\"text-lg font-bold text-text-200 mt-1 -mb-1.5\">Avantaje de performan\u021b\u0103<\/h3>\n<p class=\"whitespace-pre-wrap break-words\">\u00cen compara\u021biile directe, \u0219uruburile noastre cu ochi prezint\u0103 o rezisten\u021b\u0103 superioar\u0103 at\u00e2t la coroziune, c\u00e2t \u0219i la oboseala metalului. Finisajul suprafe\u021bei nu se rezum\u0103 doar la aspect - acesta previne \u00een mod activ acumularea de reziduuri \u0219i asigur\u0103 func\u021bionarea f\u0103r\u0103 probleme cu alte componente. Utilizatorii raporteaz\u0103 reduceri semnificative ale timpului de \u00eentre\u021binere dup\u0103 trecerea la produsele noastre.<\/p>\n<h3 class=\"text-lg font-bold text-text-200 mt-1 -mb-1.5\">Servicii \u0219i asisten\u021b\u0103<\/h3>\n<p class=\"whitespace-pre-wrap break-words\">Ne sus\u021binem produsul premium cu servicii premium. Fiecare comand\u0103 include o documenta\u021bie cuprinz\u0103toare de inspec\u021bie a calit\u0103\u021bii \u0219i acces la asisten\u021b\u0103 tehnic\u0103 din partea unor persoane care cunosc elementele de fixare din interior \u0219i din exterior. Termenele de livrare rapide \u0219i comenzile simple fac ca proiectele dvs. s\u0103 avanseze f\u0103r\u0103 \u00eent\u00e2rzieri.<\/p>\n<h2 class=\"text-xl font-bold text-text-200 mt-1 -mb-0.5\">Aplicarea \u0219i asigurarea calit\u0103\u021bii<\/h2>\n<h3 class=\"text-lg font-bold text-text-200 mt-1 -mb-1.5\">Performan\u021b\u0103 \u00een lumea real\u0103<\/h3>\n<p class=\"whitespace-pre-wrap break-words\">Aceste \u0219uruburi cu ochi \u0219i-au dovedit eficien\u021ba \u00een toate industriile, de la produc\u021bia grea la utilajele de precizie. Capacitatea lor de a-\u0219i men\u021bine integritatea sub sarcini variabile le face nepre\u021buite \u00een medii dinamice \u00een care e\u0219ecul nu este o op\u021biune.<\/p>\n<h3 class=\"text-lg font-bold text-text-200 mt-1 -mb-1.5\">\u00centre\u021binere \u0219i longevitate<\/h3>\n<p class=\"whitespace-pre-wrap break-words\">Finisajul lustruit face mai mult dec\u00e2t s\u0103 atrag\u0103 privirea - rezist\u0103 \u00een mod activ la contaminare \u0219i simplific\u0103 procedurile de inspec\u021bie. Aceast\u0103 abordare practic\u0103 a \u00eentre\u021binerii economise\u0219te timp \u0219i reduce riscul de oprire nea\u0219teptat\u0103 a echipamentelor.<\/p>\n<h3 class=\"text-lg font-bold text-text-200 mt-1 -mb-1.5\">Controlul calit\u0103\u021bii<\/h3>\n<p class=\"whitespace-pre-wrap break-words\">Fiecare \u0219urub cu ochi este supus unor teste riguroase care simuleaz\u0103 condi\u021biile din lumea real\u0103. M\u0103sur\u0103m parametrii critici, inclusiv rezisten\u021ba la trac\u021biune, capacitatea de \u00eenc\u0103rcare \u0219i rezisten\u021ba la mediu. Aceast\u0103 abordare minu\u021bioas\u0103 v\u0103 asigur\u0103 c\u0103 primi\u021bi componente preg\u0103tite pentru utilizare imediat\u0103.<\/p>\n<h3 class=\"text-lg font-bold text-text-200 mt-1 -mb-1.5\">Dezvoltare continu\u0103<\/h3>\n<p class=\"whitespace-pre-wrap break-words\">Ne perfec\u021bion\u0103m continuu modelele pe baza feedback-ului clien\u021bilor \u0219i a nevoilor emergente din industrie. Acest angajament de \u00eembun\u0103t\u0103\u021bire men\u021bine \u0219uruburile noastre de ochi la v\u00e2rful tehnologiei de fixare, gata s\u0103 fac\u0103 fa\u021b\u0103 provoc\u0103rilor de m\u00e2ine, precum \u0219i celor de ast\u0103zi.<\/p>\n<p class=\"whitespace-pre-wrap break-words\">\u00cen concluzie, aceste \u0219uruburi cu ochi din o\u021bel inoxidabil reprezint\u0103 echilibrul perfect \u00eentre precizia tehnic\u0103 \u0219i fiabilitatea practic\u0103. De la cel mai mic M2 p\u00e2n\u0103 la cel mai mare M24, fiecare dimensiune ofer\u0103 performan\u021be constante, sus\u021binute de o asigurare complet\u0103 a calit\u0103\u021bii. Combinate cu serviciul nostru pentru clien\u021bi receptiv \u0219i livrarea rapid\u0103, acestea sunt alegerea ideal\u0103 pentru profesioni\u0219tii care cer excelen\u021b\u0103 \u00een fiecare component\u0103.<\/p>","protected":false},"excerpt":{"rendered":"<p>\u0218urubul nostru cu ochi din o\u021bel inoxidabil ofer\u0103 fiabilitate \u0219i flexibilitate f\u0103r\u0103 compromisuri \u00een utiliz\u0103ri \u00een care rezisten\u021ba \u0219i durabilitatea sunt de cea mai mare importan\u021b\u0103. Cu o mare varietate de dimensiuni ale filetului disponibile - de la M2 la M24 - acest articol r\u0103spunde \u00eentreb\u0103rilor frecvente ale cump\u0103r\u0103torilor cu privire la rezisten\u021ba la coroziune, capacitatea de \u00eenc\u0103rcare \u0219i simplitatea integr\u0103rii \u00een sisteme mecanice de diferite tipuri. Fiind o firm\u0103 comercial\u0103 de \u00eencredere, ne m\u00e2ndrim cu oferirea de servicii personalizate pentru clien\u021bi, un ciclu de livrare rapid \u0219i o secven\u021b\u0103 de rapoarte de inspec\u021bie a calit\u0103\u021bii, astfel \u00eenc\u00e2t clien\u021bii no\u0219tri s\u0103 ob\u021bin\u0103 doar ce este mai bun.<\/p>","protected":false},"featured_media":8951,"comment_status":"open","ping_status":"closed","template":"","meta":{"site-sidebar-layout":"default","site-content-layout":"","ast-site-content-layout":"default","site-content-style":"default","site-sidebar-style":"default","ast-global-header-display":"","ast-banner-title-visibility":"","ast-main-header-display":"","ast-hfb-above-header-display":"","ast-hfb-below-header-display":"","ast-hfb-mobile-header-display":"","site-post-title":"","ast-breadcrumbs-content":"","ast-featured-img":"","footer-sml-layout":"","theme-transparent-header-meta":"default","adv-header-id-meta":"","stick-header-meta":"default","header-above-stick-meta":"","header-main-stick-meta":"","header-below-stick-meta":"","astra-migrate-meta-layouts":"set","ast-page-background-enabled":"default","ast-page-background-meta":{"desktop":{"background-color":"","background-image":"","background-repeat":"repeat","background-position":"center center","background-size":"auto","background-attachment":"scroll","background-type":"","background-media":"","overlay-type":"","overlay-color":"","overlay-opacity":"","overlay-gradient":""},"tablet":{"background-color":"","background-image":"","background-repeat":"repeat","background-position":"center center","background-size":"auto","background-attachment":"scroll","background-type":"","background-media":"","overlay-type":"","overlay-color":"","overlay-opacity":"","overlay-gradient":""},"mobile":{"background-color":"","background-image":"","background-repeat":"repeat","background-position":"center center","background-size":"auto","background-attachment":"scroll","background-type":"","background-media":"","overlay-type":"","overlay-color":"","overlay-opacity":"","overlay-gradient":""}},"ast-content-background-meta":{"desktop":{"background-color":"var(--ast-global-color-5)","background-image":"","background-repeat":"repeat","background-position":"center center","background-size":"auto","background-attachment":"scroll","background-type":"","background-media":"","overlay-type":"","overlay-color":"","overlay-opacity":"","overlay-gradient":""},"tablet":{"background-color":"var(--ast-global-color-5)","background-image":"","background-repeat":"repeat","background-position":"center center","background-size":"auto","background-attachment":"scroll","background-type":"","background-media":"","overlay-type":"","overlay-color":"","overlay-opacity":"","overlay-gradient":""},"mobile":{"background-color":"var(--ast-global-color-5)","background-image":"","background-repeat":"repeat","background-position":"center center","background-size":"auto","background-attachment":"scroll","background-type":"","background-media":"","overlay-type":"","overlay-color":"","overlay-opacity":"","overlay-gradient":""}}},"product_brand":[],"product_cat":[44],"product_tag":[],"class_list":{"0":"post-8950","1":"product","2":"type-product","3":"status-publish","4":"has-post-thumbnail","6":"product_cat-stainless-steel-poduct","7":"desktop-align-left","8":"tablet-align-left","9":"mobile-align-left","10":"ast-product-gallery-layout-horizontal-slider","11":"ast-product-tabs-layout-horizontal","13":"first","14":"instock","15":"shipping-taxable","16":"purchasable","17":"product-type-simple"},"yoast_head":"<!-- This site is optimized with the Yoast SEO plugin v25.2 - https:\/\/yoast.com\/wordpress\/plugins\/seo\/ -->\n<title>Stainless Steel Eye bolt<\/title>\n<meta name=\"description\" content=\"Our stainless steel eye bolt provides uncompromising reliability and flexibility in uses where strength and durability are of the utmost importance.\" \/>\n<meta name=\"robots\" content=\"index, follow, max-snippet:-1, max-image-preview:large, max-video-preview:-1\" \/>\n<link rel=\"canonical\" href=\"https:\/\/qingdaohf.com\/ro\/produs\/bolt-cu-ochi-din-otel-inoxidabil\/\" \/>\n<meta property=\"og:locale\" content=\"ro_RO\" \/>\n<meta property=\"og:type\" content=\"article\" \/>\n<meta property=\"og:title\" content=\"Stainless Steel Eye bolt\" \/>\n<meta property=\"og:description\" content=\"Our stainless steel eye bolt provides uncompromising reliability and flexibility in uses where strength and durability are of the utmost importance.\" \/>\n<meta property=\"og:url\" content=\"https:\/\/qingdaohf.com\/ro\/produs\/bolt-cu-ochi-din-otel-inoxidabil\/\" \/>\n<meta property=\"og:site_name\" content=\"Concrete Form &amp; Rigging Hardware Supplier\" \/>\n<meta property=\"article:publisher\" content=\"https:\/\/www.facebook.com\/qingdaohf\" \/>\n<meta property=\"article:modified_time\" content=\"2025-11-13T01:02:19+00:00\" \/>\n<meta property=\"og:image\" content=\"https:\/\/qingdaohf.com\/wp-content\/uploads\/2025\/02\/eye-bolt-2.webp\" \/>\n\t<meta property=\"og:image:width\" content=\"1000\" \/>\n\t<meta property=\"og:image:height\" content=\"1000\" \/>\n\t<meta property=\"og:image:type\" content=\"image\/webp\" \/>\n<meta name=\"twitter:card\" content=\"summary_large_image\" \/>\n<meta name=\"twitter:label1\" content=\"Timp estimat pentru citire\" \/>\n\t<meta name=\"twitter:data1\" content=\"4 minute\" \/>\n<script type=\"application\/ld+json\" class=\"yoast-schema-graph\">{\"@context\":\"https:\/\/schema.org\",\"@graph\":[{\"@type\":\"WebPage\",\"@id\":\"https:\/\/qingdaohf.com\/product\/stainless-steel-eye-bolt\/\",\"url\":\"https:\/\/qingdaohf.com\/product\/stainless-steel-eye-bolt\/\",\"name\":\"Stainless Steel Eye bolt\",\"isPartOf\":{\"@id\":\"https:\/\/qingdaohf.com\/bg\/#website\"},\"primaryImageOfPage\":{\"@id\":\"https:\/\/qingdaohf.com\/product\/stainless-steel-eye-bolt\/#primaryimage\"},\"image\":{\"@id\":\"https:\/\/qingdaohf.com\/product\/stainless-steel-eye-bolt\/#primaryimage\"},\"thumbnailUrl\":\"https:\/\/qingdaohf.com\/wp-content\/uploads\/2025\/02\/eye-bolt-2.webp\",\"datePublished\":\"2025-02-13T03:53:04+00:00\",\"dateModified\":\"2025-11-13T01:02:19+00:00\",\"description\":\"Our stainless steel eye bolt provides uncompromising reliability and flexibility in uses where strength and durability are of the utmost importance.\",\"breadcrumb\":{\"@id\":\"https:\/\/qingdaohf.com\/product\/stainless-steel-eye-bolt\/#breadcrumb\"},\"inLanguage\":\"ro-RO\",\"potentialAction\":[{\"@type\":\"ReadAction\",\"target\":[\"https:\/\/qingdaohf.com\/product\/stainless-steel-eye-bolt\/\"]}]},{\"@type\":\"ImageObject\",\"inLanguage\":\"ro-RO\",\"@id\":\"https:\/\/qingdaohf.com\/product\/stainless-steel-eye-bolt\/#primaryimage\",\"url\":\"https:\/\/qingdaohf.com\/wp-content\/uploads\/2025\/02\/eye-bolt-2.webp\",\"contentUrl\":\"https:\/\/qingdaohf.com\/wp-content\/uploads\/2025\/02\/eye-bolt-2.webp\",\"width\":1000,\"height\":1000},{\"@type\":\"BreadcrumbList\",\"@id\":\"https:\/\/qingdaohf.com\/product\/stainless-steel-eye-bolt\/#breadcrumb\",\"itemListElement\":[{\"@type\":\"ListItem\",\"position\":1,\"name\":\"Home\",\"item\":\"https:\/\/qingdaohf.com\/\"},{\"@type\":\"ListItem\",\"position\":2,\"name\":\"Concrete Forming Accessories and Rigging Hardware\",\"item\":\"https:\/\/qingdaohf.com\/bg\/?page_id=944\"},{\"@type\":\"ListItem\",\"position\":3,\"name\":\"Stainless Steel Eye bolt\"}]},{\"@type\":\"WebSite\",\"@id\":\"https:\/\/qingdaohf.com\/bg\/#website\",\"url\":\"https:\/\/qingdaohf.com\/bg\/\",\"name\":\"Concrete Form & Rigging Hardware Supplier\",\"description\":\"\",\"publisher\":{\"@id\":\"https:\/\/qingdaohf.com\/bg\/#organization\"},\"potentialAction\":[{\"@type\":\"SearchAction\",\"target\":{\"@type\":\"EntryPoint\",\"urlTemplate\":\"https:\/\/qingdaohf.com\/bg\/?s={search_term_string}\"},\"query-input\":{\"@type\":\"PropertyValueSpecification\",\"valueRequired\":true,\"valueName\":\"search_term_string\"}}],\"inLanguage\":\"ro-RO\"},{\"@type\":\"Organization\",\"@id\":\"https:\/\/qingdaohf.com\/bg\/#organization\",\"name\":\"Qingdao H&F\",\"url\":\"https:\/\/qingdaohf.com\/bg\/\",\"logo\":{\"@type\":\"ImageObject\",\"inLanguage\":\"ro-RO\",\"@id\":\"https:\/\/qingdaohf.com\/bg\/#\/schema\/logo\/image\/\",\"url\":\"https:\/\/qingdaohf.com\/wp-content\/uploads\/2022\/12\/cropped-HF-LOGO.png\",\"contentUrl\":\"https:\/\/qingdaohf.com\/wp-content\/uploads\/2022\/12\/cropped-HF-LOGO.png\",\"width\":391,\"height\":249,\"caption\":\"Qingdao H&F\"},\"image\":{\"@id\":\"https:\/\/qingdaohf.com\/bg\/#\/schema\/logo\/image\/\"},\"sameAs\":[\"https:\/\/www.facebook.com\/qingdaohf\"]}]}<\/script>\n<!-- \/ Yoast SEO plugin. -->","yoast_head_json":{"title":"Stainless Steel Eye bolt","description":"Our stainless steel eye bolt provides uncompromising reliability and flexibility in uses where strength and durability are of the utmost importance.","robots":{"index":"index","follow":"follow","max-snippet":"max-snippet:-1","max-image-preview":"max-image-preview:large","max-video-preview":"max-video-preview:-1"},"canonical":"https:\/\/qingdaohf.com\/ro\/produs\/bolt-cu-ochi-din-otel-inoxidabil\/","og_locale":"ro_RO","og_type":"article","og_title":"Stainless Steel Eye bolt","og_description":"Our stainless steel eye bolt provides uncompromising reliability and flexibility in uses where strength and durability are of the utmost importance.","og_url":"https:\/\/qingdaohf.com\/ro\/produs\/bolt-cu-ochi-din-otel-inoxidabil\/","og_site_name":"Concrete Form &amp; Rigging Hardware Supplier","article_publisher":"https:\/\/www.facebook.com\/qingdaohf","article_modified_time":"2025-11-13T01:02:19+00:00","og_image":[{"width":1000,"height":1000,"url":"https:\/\/qingdaohf.com\/wp-content\/uploads\/2025\/02\/eye-bolt-2.webp","type":"image\/webp"}],"twitter_card":"summary_large_image","twitter_misc":{"Timp estimat pentru citire":"4 minute"},"schema":{"@context":"https:\/\/schema.org","@graph":[{"@type":"WebPage","@id":"https:\/\/qingdaohf.com\/product\/stainless-steel-eye-bolt\/","url":"https:\/\/qingdaohf.com\/product\/stainless-steel-eye-bolt\/","name":"Stainless Steel Eye bolt","isPartOf":{"@id":"https:\/\/qingdaohf.com\/bg\/#website"},"primaryImageOfPage":{"@id":"https:\/\/qingdaohf.com\/product\/stainless-steel-eye-bolt\/#primaryimage"},"image":{"@id":"https:\/\/qingdaohf.com\/product\/stainless-steel-eye-bolt\/#primaryimage"},"thumbnailUrl":"https:\/\/qingdaohf.com\/wp-content\/uploads\/2025\/02\/eye-bolt-2.webp","datePublished":"2025-02-13T03:53:04+00:00","dateModified":"2025-11-13T01:02:19+00:00","description":"Our stainless steel eye bolt provides uncompromising reliability and flexibility in uses where strength and durability are of the utmost importance.","breadcrumb":{"@id":"https:\/\/qingdaohf.com\/product\/stainless-steel-eye-bolt\/#breadcrumb"},"inLanguage":"ro-RO","potentialAction":[{"@type":"ReadAction","target":["https:\/\/qingdaohf.com\/product\/stainless-steel-eye-bolt\/"]}]},{"@type":"ImageObject","inLanguage":"ro-RO","@id":"https:\/\/qingdaohf.com\/product\/stainless-steel-eye-bolt\/#primaryimage","url":"https:\/\/qingdaohf.com\/wp-content\/uploads\/2025\/02\/eye-bolt-2.webp","contentUrl":"https:\/\/qingdaohf.com\/wp-content\/uploads\/2025\/02\/eye-bolt-2.webp","width":1000,"height":1000},{"@type":"BreadcrumbList","@id":"https:\/\/qingdaohf.com\/product\/stainless-steel-eye-bolt\/#breadcrumb","itemListElement":[{"@type":"ListItem","position":1,"name":"Home","item":"https:\/\/qingdaohf.com\/"},{"@type":"ListItem","position":2,"name":"Concrete Forming Accessories and Rigging Hardware","item":"https:\/\/qingdaohf.com\/bg\/?page_id=944"},{"@type":"ListItem","position":3,"name":"Stainless Steel Eye bolt"}]},{"@type":"WebSite","@id":"https:\/\/qingdaohf.com\/bg\/#website","url":"https:\/\/qingdaohf.com\/bg\/","name":"Concrete Form & Rigging Hardware Supplier","description":"","publisher":{"@id":"https:\/\/qingdaohf.com\/bg\/#organization"},"potentialAction":[{"@type":"SearchAction","target":{"@type":"EntryPoint","urlTemplate":"https:\/\/qingdaohf.com\/bg\/?s={search_term_string}"},"query-input":{"@type":"PropertyValueSpecification","valueRequired":true,"valueName":"search_term_string"}}],"inLanguage":"ro-RO"},{"@type":"Organization","@id":"https:\/\/qingdaohf.com\/bg\/#organization","name":"Qingdao H&F","url":"https:\/\/qingdaohf.com\/bg\/","logo":{"@type":"ImageObject","inLanguage":"ro-RO","@id":"https:\/\/qingdaohf.com\/bg\/#\/schema\/logo\/image\/","url":"https:\/\/qingdaohf.com\/wp-content\/uploads\/2022\/12\/cropped-HF-LOGO.png","contentUrl":"https:\/\/qingdaohf.com\/wp-content\/uploads\/2022\/12\/cropped-HF-LOGO.png","width":391,"height":249,"caption":"Qingdao H&F"},"image":{"@id":"https:\/\/qingdaohf.com\/bg\/#\/schema\/logo\/image\/"},"sameAs":["https:\/\/www.facebook.com\/qingdaohf"]}]}},"_links":{"self":[{"href":"https:\/\/qingdaohf.com\/ro\/wp-json\/wp\/v2\/product\/8950","targetHints":{"allow":["GET"]}}],"collection":[{"href":"https:\/\/qingdaohf.com\/ro\/wp-json\/wp\/v2\/product"}],"about":[{"href":"https:\/\/qingdaohf.com\/ro\/wp-json\/wp\/v2\/types\/product"}],"replies":[{"embeddable":true,"href":"https:\/\/qingdaohf.com\/ro\/wp-json\/wp\/v2\/comments?post=8950"}],"version-history":[{"count":2,"href":"https:\/\/qingdaohf.com\/ro\/wp-json\/wp\/v2\/product\/8950\/revisions"}],"predecessor-version":[{"id":8957,"href":"https:\/\/qingdaohf.com\/ro\/wp-json\/wp\/v2\/product\/8950\/revisions\/8957"}],"wp:featuredmedia":[{"embeddable":true,"href":"https:\/\/qingdaohf.com\/ro\/wp-json\/wp\/v2\/media\/8951"}],"wp:attachment":[{"href":"https:\/\/qingdaohf.com\/ro\/wp-json\/wp\/v2\/media?parent=8950"}],"wp:term":[{"taxonomy":"product_brand","embeddable":true,"href":"https:\/\/qingdaohf.com\/ro\/wp-json\/wp\/v2\/product_brand?post=8950"},{"taxonomy":"product_cat","embeddable":true,"href":"https:\/\/qingdaohf.com\/ro\/wp-json\/wp\/v2\/product_cat?post=8950"},{"taxonomy":"product_tag","embeddable":true,"href":"https:\/\/qingdaohf.com\/ro\/wp-json\/wp\/v2\/product_tag?post=8950"}],"curies":[{"name":"wp","href":"https:\/\/api.w.org\/{rel}","templated":true}]}}