{"id":3,"date":"2022-12-14T08:05:12","date_gmt":"2022-12-14T08:05:12","guid":{"rendered":"http:\/\/qingdaohf.com\/?page_id=3"},"modified":"2025-01-13T11:43:47","modified_gmt":"2025-01-13T03:43:47","slug":"privacy-policy","status":"publish","type":"page","link":"https:\/\/qingdaohf.com\/sk\/zasady-ochrany-osobnych-udajov\/","title":{"rendered":"Z\u00e1sady ochrany osobn\u00fdch \u00fadajov"},"content":{"rendered":"<p>V spolo\u010dnosti Qingdao H&amp;F sa zav\u00e4zujeme re\u0161pektova\u0165 a chr\u00e1ni\u0165 va\u0161e s\u00fakromie. Tieto z\u00e1sady ochrany osobn\u00fdch \u00fadajov uv\u00e1dzaj\u00fa, ako zhroma\u017e\u010fujeme, pou\u017e\u00edvame a chr\u00e1nime va\u0161e osobn\u00e9 \u00fadaje pri n\u00e1v\u0161teve na\u0161ej webovej lokality, <a href=\"https:\/\/qingdaohf.com\/sk\/\">qingdaohf.com<\/a>a ako s\u00fa na\u0161e postupy v s\u00falade s platn\u00fdmi predpismi o ochrane osobn\u00fdch \u00fadajov.<\/p><h4 class=\"wp-block-heading\">Kto sme<\/h4><p>Na\u0161a webov\u00e1 str\u00e1nka, <a href=\"https:\/\/qingdaohf.com\/sk\/\">qingdaohf.com<\/a>, ktor\u00fa prev\u00e1dzkuje spolo\u010dnos\u0165 Qingdao H&amp;F. Sme popredn\u00fdm poskytovate\u013eom priemyseln\u00fdch a obchodn\u00fdch rie\u0161en\u00ed so s\u00eddlom v Qingdao, Shandong, \u010c\u00edna. M\u00f4\u017eete n\u00e1s kontaktova\u0165 na adrese:<\/p><p><strong>E-mail:<\/strong> <a>info@qingdaohf.com<\/a><br><strong>Telef\u00f3n:<\/strong> +86 17853296888<br><strong>Adresa:<\/strong> Miestnos\u0165 20-B, Huaren International Building, No. 2 Shandong Road, Shinan District, Qingdao City, provincia Shandong<\/p><h4 class=\"wp-block-heading\">Ak\u00e9 osobn\u00e9 \u00fadaje zhroma\u017e\u010fujeme a pre\u010do<\/h4><p>Zhroma\u017e\u010fujeme tieto typy osobn\u00fdch \u00fadajov:<\/p><ul class=\"wp-block-list\"><li><strong>Osobn\u00e9 \u00fadaje:<\/strong> poskytnut\u00e9 dobrovo\u013ene prostredn\u00edctvom kontaktn\u00fdch formul\u00e1rov alebo dopytov, ako je va\u0161e meno, e-mailov\u00e1 adresa, telef\u00f3nne \u010d\u00edslo a ak\u00e9ko\u013evek in\u00e9 \u00fadaje, ktor\u00e9 poskytnete.<\/li>\n\n<li><strong>Technick\u00e9 inform\u00e1cie:<\/strong> Automaticky zhroma\u017e\u010fovan\u00e9 prostredn\u00edctvom s\u00faborov cookie a podobn\u00fdch technol\u00f3gi\u00ed, ako je va\u0161a IP adresa, typ prehliada\u010da a str\u00e1nky, ktor\u00e9 ste nav\u0161t\u00edvili na na\u0161ej str\u00e1nke.<\/li>\n\n<li><strong>Transak\u010dn\u00e9 \u00fadaje:<\/strong> V pr\u00edpade ot\u00e1zok t\u00fdkaj\u00facich sa n\u00e1kupu to m\u00f4\u017ee zah\u0155\u0148a\u0165 faktura\u010dn\u00e9 alebo prepravn\u00e9 \u00fadaje.<\/li>\n\n<li><strong>Citliv\u00e9 \u00fadaje:<\/strong> Citliv\u00e9 osobn\u00e9 \u00fadaje nezhroma\u017e\u010fujeme z\u00e1merne. Ak sa tak\u00e9to \u00fadaje poskytn\u00fa, zaobch\u00e1dza sa s nimi so zv\u00fd\u0161enou bezpe\u010dnos\u0165ou a d\u00f4vernos\u0165ou.<\/li><\/ul><p><strong>Pre\u010do zbierame \u00fadaje:<\/strong><\/p><p>Tieto \u00fadaje zhroma\u017e\u010fujeme s cie\u013eom poskytova\u0165 a zlep\u0161ova\u0165 na\u0161e slu\u017eby, prisp\u00f4sobova\u0165 pou\u017e\u00edvate\u013esk\u00e9 prostredie, plni\u0165 z\u00e1konn\u00e9 povinnosti a analyzova\u0165 v\u00fdkonnos\u0165 webu. Zhroma\u017e\u010fovanie \u00fadajov sa uskuto\u010d\u0148uje na z\u00e1klade akt\u00edvneho s\u00fahlasu pou\u017e\u00edvate\u013ea alebo na legit\u00edmne obchodn\u00e9 \u00fa\u010dely.<\/p><h4 class=\"wp-block-heading\">Koment\u00e1re<\/h4><p>Na\u0161a webov\u00e1 str\u00e1nka m\u00f4\u017ee pou\u017e\u00edvate\u013eom umo\u017eni\u0165 zanechanie koment\u00e1rov. Pri odosielan\u00ed koment\u00e1rov zhroma\u017e\u010fujeme \u00fadaje uveden\u00e9 vo formul\u00e1ri koment\u00e1ra, ako aj IP adresu pou\u017e\u00edvate\u013ea a re\u0165azec pou\u017e\u00edvate\u013esk\u00e9ho agenta prehliada\u010da, aby sme pomohli pri odha\u013eovan\u00ed spamu.<\/p><h4 class=\"wp-block-heading\">M\u00e9di\u00e1<\/h4><p>Ak pou\u017e\u00edvatelia nahraj\u00fa obr\u00e1zky alebo s\u00fabory, m\u00f4\u017eu by\u0165 verejne pr\u00edstupn\u00e9. Pou\u017e\u00edvate\u013eom sa odpor\u00fa\u010da, aby nenahr\u00e1vali m\u00e9di\u00e1 obsahuj\u00face vlo\u017een\u00e9 \u00fadaje o polohe (EXIF GPS).<\/p><h4 class=\"wp-block-heading\">Kontaktn\u00e9 formul\u00e1re<\/h4><p>Ke\u010f pou\u017e\u00edvatelia odosielaj\u00fa kontaktn\u00e9 formul\u00e1re, zhroma\u017e\u010fujeme poskytnut\u00e9 \u00fadaje na \u00fa\u010dely z\u00e1kazn\u00edckeho servisu. Tieto \u00fadaje sa uchov\u00e1vaj\u00fa \u0161es\u0165 mesiacov a bez v\u00fdslovn\u00e9ho s\u00fahlasu sa nepou\u017e\u00edvaj\u00fa na marketingov\u00e9 \u00fa\u010dely.<\/p><h4 class=\"wp-block-heading\">Cookies<\/h4><p>Na\u0161a webov\u00e1 str\u00e1nka pou\u017e\u00edva s\u00fabory cookie na zlep\u0161enie pou\u017e\u00edvate\u013esk\u00e9ho z\u00e1\u017eitku. S\u00fabory cookie m\u00f4\u017eu zah\u0155\u0148a\u0165:<\/p><ul class=\"wp-block-list\"><li><strong>S\u00fabory cookie rel\u00e1cie:<\/strong> Udr\u017eiavanie rel\u00e1ci\u00ed pou\u017e\u00edvate\u013eov.<\/li>\n\n<li><strong>Analytick\u00e9 s\u00fabory cookie:<\/strong> Analyzova\u0165 trendy pou\u017e\u00edvania webovej str\u00e1nky.<\/li>\n\n<li><strong>S\u00fabory cookie na spr\u00e1vu s\u00fahlasu:<\/strong> Ulo\u017eenie va\u0161ich preferenci\u00ed ochrany osobn\u00fdch \u00fadajov.<\/li><\/ul><p>Nastavenia s\u00faborov cookie m\u00f4\u017eete upravi\u0165 prostredn\u00edctvom prehliada\u010da alebo n\u00e1\u0161ho n\u00e1stroja na spr\u00e1vu s\u00fahlasov.<\/p><h4 class=\"wp-block-heading\">Analytika<\/h4><p>Slu\u017ebu Google Analytics pou\u017e\u00edvame na pochopenie spr\u00e1vania pou\u017e\u00edvate\u013eov a zlep\u0161enie na\u0161ej webovej str\u00e1nky. Zozbieran\u00e9 \u00fadaje s\u00fa anonymizovan\u00e9 a agregovan\u00e9. Pou\u017e\u00edvatelia sa m\u00f4\u017eu odhl\u00e1si\u0165 zo sledovania analytick\u00fdch slu\u017eieb prostredn\u00edctvom nastaven\u00ed prehliada\u010da alebo nav\u0161t\u00edven\u00edm z\u00e1sad ochrany osobn\u00fdch \u00fadajov spolo\u010dnosti Google.<\/p><h4 class=\"wp-block-heading\">S k\u00fdm zdie\u013eame va\u0161e \u00fadaje<\/h4><p>Va\u0161e \u00fadaje zdie\u013eame len s d\u00f4veryhodn\u00fdmi tret\u00edmi stranami, ak je to nevyhnutn\u00e9, ako napr\u00edklad:<\/p><ul class=\"wp-block-list\"><li>Poskytovatelia hostingov\u00fdch slu\u017eieb pre prev\u00e1dzku webov\u00fdch str\u00e1nok.<\/li>\n\n<li>Spracovatelia platieb za transak\u010dn\u00e9 slu\u017eby.<\/li>\n\n<li>Poskytovatelia analytick\u00fdch slu\u017eieb na z\u00edskanie inform\u00e1ci\u00ed o v\u00fdkonnosti.<\/li><\/ul><p>V\u0161etci poskytovatelia tret\u00edch str\u00e1n dodr\u017eiavaj\u00fa pr\u00edsne normy ochrany \u00fadajov. Odkazy na ich z\u00e1sady ochrany osobn\u00fdch \u00fadajov s\u00fa k dispoz\u00edcii na po\u017eiadanie.<\/p><h4 class=\"wp-block-heading\">Ako dlho uchov\u00e1vame va\u0161e \u00fadaje<\/h4><p>Va\u0161e \u00fadaje uchov\u00e1vame na z\u00e1klade ich \u00fa\u010delu:<\/p><ul class=\"wp-block-list\"><li>Odoslanie kontaktn\u00e9ho formul\u00e1ra: 6 mesiacov.<\/li>\n\n<li>Analytick\u00e9 \u00fadaje: 1 rok.<\/li>\n\n<li>Transak\u010dn\u00e9 z\u00e1znamy: 10 rokov na pr\u00e1vne \u00fa\u010dely a \u00fa\u010dely auditu.<\/li><\/ul><h4 class=\"wp-block-heading\">Va\u0161e pr\u00e1va na va\u0161e \u00fadaje<\/h4><p>Pou\u017e\u00edvatelia maj\u00fa pr\u00e1vo:<\/p><ul class=\"wp-block-list\"><li>Pr\u00edstup k \u00fadajom a ich oprava.<\/li>\n\n<li>po\u017eiada\u0165 o vymazanie \u00fadajov (okrem pr\u00edpadov, ke\u010f je uchov\u00e1vanie \u00fadajov povinn\u00e9 zo z\u00e1kona).<\/li>\n\n<li>namieta\u0165 proti spracovaniu ur\u010dit\u00fdch \u00fadajov.<\/li>\n\n<li>Prij\u00edmanie \u00fadajov v prenosnom form\u00e1te.<\/li><\/ul><p>Ak chcete uplatni\u0165 tieto pr\u00e1va, kontaktujte n\u00e1s na adrese <a>info@qingdaohf.com<\/a>.<\/p><h4 class=\"wp-block-heading\">Kam sa odosielaj\u00fa va\u0161e \u00fadaje<\/h4><p>\u00dadaje sa m\u00f4\u017eu pren\u00e1\u0161a\u0165 mimo Eur\u00f3pskej \u00fanie. Tak\u00e9to prenosy s\u00fa v s\u00falade s eur\u00f3pskymi normami ochrany \u00fadajov prostredn\u00edctvom mechanizmov, ako je napr\u00edklad \u0160t\u00edt s\u00fakromia alebo zmluvn\u00e9 dohody.<\/p><h4 class=\"wp-block-heading\">Ako chr\u00e1nime va\u0161e \u00fadaje<\/h4><p>Zav\u00e1dzame spo\u013eahliv\u00e9 bezpe\u010dnostn\u00e9 opatrenia vr\u00e1tane:<\/p><ul class=\"wp-block-list\"><li>\u0160ifrovanie citliv\u00fdch \u00fadajov.<\/li>\n\n<li>Pravideln\u00e9 audity na\u0161ich syst\u00e9mov.<\/li>\n\n<li>\u0160kolenie zamestnancov o ochrane \u00fadajov.<\/li><\/ul><h4 class=\"wp-block-heading\">Postupy pri naru\u0161en\u00ed bezpe\u010dnosti \u00fadajov<\/h4><p>V pr\u00edpade poru\u0161enia ochrany \u00fadajov m\u00e1me postupy na:<\/p><ul class=\"wp-block-list\"><li>Okam\u017eit\u00e9 intern\u00e9 pod\u00e1vanie spr\u00e1v.<\/li>\n\n<li>Ozn\u00e1menie dotknut\u00fdm pou\u017e\u00edvate\u013eom.<\/li>\n\n<li>V pr\u00edpade potreby koordin\u00e1cia s org\u00e1nmi.<\/li><\/ul><h4 class=\"wp-block-heading\">Zdroje \u00fadajov tret\u00edch str\u00e1n<\/h4><p>M\u00f4\u017eeme dost\u00e1va\u0165 anonymizovan\u00e9 \u00fadaje od inzerentov alebo poskytovate\u013eov analytick\u00fdch slu\u017eieb na zlep\u0161enie slu\u017eieb. Tieto \u00fadaje nie s\u00fa spojen\u00e9 s identifikovate\u013en\u00fdmi osobami.<\/p><h4 class=\"wp-block-heading\">Automatizovan\u00e9 rozhodovanie<\/h4><p>Na\u0161a webov\u00e1 str\u00e1nka nepou\u017e\u00edva automatizovan\u00e9 syst\u00e9my rozhodovania alebo profilovania, ktor\u00e9 by mali vplyv na pr\u00e1va alebo slobody pou\u017e\u00edvate\u013eov.<\/p><h4 class=\"wp-block-heading\">Regula\u010dn\u00e9 po\u017eiadavky na zverej\u0148ovanie inform\u00e1ci\u00ed<\/h4><p>Spolo\u010dnos\u0165 Qingdao H&amp;F dodr\u017eiava v\u0161etky platn\u00e9 z\u00e1kony o ochrane s\u00fakromia a \u00fadajov vr\u00e1tane GDPR pre eur\u00f3pskych pou\u017e\u00edvate\u013eov.<\/p><h4 class=\"wp-block-heading\">Kontaktn\u00e9 inform\u00e1cie<\/h4><p>V pr\u00edpade ot\u00e1zok t\u00fdkaj\u00facich sa ochrany osobn\u00fdch \u00fadajov sa obr\u00e1\u0165te na:<\/p><p><strong>E-mail:<\/strong> <a>info@qingdaohf.com<\/a><br><strong>Telef\u00f3n:<\/strong>+86 17853296888<br><strong>Adresa:<\/strong> Miestnos\u0165 20-B, Huaren International Building, No. 2 Shandong Road, Shinan District, Qingdao City, provincia Shandong<\/p><h4 class=\"wp-block-heading\">Aktualiz\u00e1cie politiky<\/h4><p>Vyhradzujeme si pr\u00e1vo aktualizova\u0165 tieto z\u00e1sady ochrany osobn\u00fdch \u00fadajov, aby odr\u00e1\u017eali zmeny v postupoch alebo pr\u00e1vnych po\u017eiadavk\u00e1ch. Najnov\u0161ia verzia bude v\u017edy k dispoz\u00edcii na tejto str\u00e1nke.<\/p>","protected":false},"excerpt":{"rendered":"<p>At Qingdao H&amp;F, we are committed to respecting and protecting your privacy. This Privacy Policy outlines how we collect, use, and safeguard your personal information when you visit our website, qingdaohf.com, and how our practices comply with applicable privacy regulations. Who We Are Our website, qingdaohf.com, is operated by Qingdao H&amp;F. We are a leading [&hellip;]<\/p>","protected":false},"author":1,"featured_media":0,"parent":0,"menu_order":0,"comment_status":"closed","ping_status":"open","template":"","meta":{"site-sidebar-layout":"default","site-content-layout":"","ast-site-content-layout":"default","site-content-style":"default","site-sidebar-style":"default","ast-global-header-display":"","ast-banner-title-visibility":"","ast-main-header-display":"","ast-hfb-above-header-display":"","ast-hfb-below-header-display":"","ast-hfb-mobile-header-display":"","site-post-title":"","ast-breadcrumbs-content":"","ast-featured-img":"","footer-sml-layout":"","theme-transparent-header-meta":"","adv-header-id-meta":"","stick-header-meta":"","header-above-stick-meta":"","header-main-stick-meta":"","header-below-stick-meta":"","astra-migrate-meta-layouts":"set","ast-page-background-enabled":"default","ast-page-background-meta":{"desktop":{"background-color":"","background-image":"","background-repeat":"repeat","background-position":"center center","background-size":"auto","background-attachment":"scroll","background-type":"","background-media":"","overlay-type":"","overlay-color":"","overlay-opacity":"","overlay-gradient":""},"tablet":{"background-color":"","background-image":"","background-repeat":"repeat","background-position":"center center","background-size":"auto","background-attachment":"scroll","background-type":"","background-media":"","overlay-type":"","overlay-color":"","overlay-opacity":"","overlay-gradient":""},"mobile":{"background-color":"","background-image":"","background-repeat":"repeat","background-position":"center center","background-size":"auto","background-attachment":"scroll","background-type":"","background-media":"","overlay-type":"","overlay-color":"","overlay-opacity":"","overlay-gradient":""}},"ast-content-background-meta":{"desktop":{"background-color":"var(--ast-global-color-5)","background-image":"","background-repeat":"repeat","background-position":"center center","background-size":"auto","background-attachment":"scroll","background-type":"","background-media":"","overlay-type":"","overlay-color":"","overlay-opacity":"","overlay-gradient":""},"tablet":{"background-color":"var(--ast-global-color-5)","background-image":"","background-repeat":"repeat","background-position":"center center","background-size":"auto","background-attachment":"scroll","background-type":"","background-media":"","overlay-type":"","overlay-color":"","overlay-opacity":"","overlay-gradient":""},"mobile":{"background-color":"var(--ast-global-color-5)","background-image":"","background-repeat":"repeat","background-position":"center center","background-size":"auto","background-attachment":"scroll","background-type":"","background-media":"","overlay-type":"","overlay-color":"","overlay-opacity":"","overlay-gradient":""}},"footnotes":""},"class_list":["post-3","page","type-page","status-publish","hentry"],"yoast_head":"<!-- This site is optimized with the Yoast SEO plugin v25.2 - https:\/\/yoast.com\/wordpress\/plugins\/seo\/ -->\n<title>Privacy Policy<\/title>\n<meta name=\"description\" content=\"This Privacy Policy outlines how we collect, use, and safeguard your personal information when you visit our website\" \/>\n<meta name=\"robots\" content=\"index, follow, max-snippet:-1, max-image-preview:large, max-video-preview:-1\" \/>\n<link rel=\"canonical\" href=\"https:\/\/qingdaohf.com\/sk\/informativa-sulla-privacy\/\" \/>\n<meta property=\"og:locale\" content=\"sk_SK\" \/>\n<meta property=\"og:type\" content=\"article\" \/>\n<meta property=\"og:title\" content=\"Privacy Policy\" \/>\n<meta property=\"og:description\" content=\"This Privacy Policy outlines how we collect, use, and safeguard your personal information when you visit our website\" \/>\n<meta property=\"og:url\" content=\"https:\/\/qingdaohf.com\/sk\/informativa-sulla-privacy\/\" \/>\n<meta property=\"og:site_name\" content=\"Concrete Form &amp; Rigging Hardware Supplier\" \/>\n<meta property=\"article:publisher\" content=\"https:\/\/www.facebook.com\/qingdaohf\" \/>\n<meta property=\"article:modified_time\" content=\"2025-01-13T03:43:47+00:00\" \/>\n<meta name=\"twitter:card\" content=\"summary_large_image\" \/>\n<meta name=\"twitter:label1\" content=\"Predpokladan\u00fd \u010das \u010d\u00edtania\" \/>\n\t<meta name=\"twitter:data1\" content=\"4 min\u00faty\" \/>\n<script type=\"application\/ld+json\" class=\"yoast-schema-graph\">{\"@context\":\"https:\/\/schema.org\",\"@graph\":[{\"@type\":\"WebPage\",\"@id\":\"https:\/\/qingdaohf.com\/it\/informativa-sulla-privacy\/\",\"url\":\"https:\/\/qingdaohf.com\/it\/informativa-sulla-privacy\/\",\"name\":\"Privacy Policy\",\"isPartOf\":{\"@id\":\"https:\/\/qingdaohf.com\/bg\/#website\"},\"datePublished\":\"2022-12-14T08:05:12+00:00\",\"dateModified\":\"2025-01-13T03:43:47+00:00\",\"description\":\"This Privacy Policy outlines how we collect, use, and safeguard your personal information when you visit our website\",\"breadcrumb\":{\"@id\":\"https:\/\/qingdaohf.com\/it\/informativa-sulla-privacy\/#breadcrumb\"},\"inLanguage\":\"sk-SK\",\"potentialAction\":[{\"@type\":\"ReadAction\",\"target\":[\"https:\/\/qingdaohf.com\/it\/informativa-sulla-privacy\/\"]}]},{\"@type\":\"BreadcrumbList\",\"@id\":\"https:\/\/qingdaohf.com\/it\/informativa-sulla-privacy\/#breadcrumb\",\"itemListElement\":[{\"@type\":\"ListItem\",\"position\":1,\"name\":\"Home\",\"item\":\"https:\/\/qingdaohf.com\/\"},{\"@type\":\"ListItem\",\"position\":2,\"name\":\"Privacy Policy\"}]},{\"@type\":\"WebSite\",\"@id\":\"https:\/\/qingdaohf.com\/bg\/#website\",\"url\":\"https:\/\/qingdaohf.com\/bg\/\",\"name\":\"Concrete Form & Rigging Hardware Supplier\",\"description\":\"\",\"publisher\":{\"@id\":\"https:\/\/qingdaohf.com\/bg\/#organization\"},\"potentialAction\":[{\"@type\":\"SearchAction\",\"target\":{\"@type\":\"EntryPoint\",\"urlTemplate\":\"https:\/\/qingdaohf.com\/bg\/?s={search_term_string}\"},\"query-input\":{\"@type\":\"PropertyValueSpecification\",\"valueRequired\":true,\"valueName\":\"search_term_string\"}}],\"inLanguage\":\"sk-SK\"},{\"@type\":\"Organization\",\"@id\":\"https:\/\/qingdaohf.com\/bg\/#organization\",\"name\":\"Qingdao H&F\",\"url\":\"https:\/\/qingdaohf.com\/bg\/\",\"logo\":{\"@type\":\"ImageObject\",\"inLanguage\":\"sk-SK\",\"@id\":\"https:\/\/qingdaohf.com\/bg\/#\/schema\/logo\/image\/\",\"url\":\"https:\/\/qingdaohf.com\/wp-content\/uploads\/2022\/12\/cropped-HF-LOGO.png\",\"contentUrl\":\"https:\/\/qingdaohf.com\/wp-content\/uploads\/2022\/12\/cropped-HF-LOGO.png\",\"width\":391,\"height\":249,\"caption\":\"Qingdao H&F\"},\"image\":{\"@id\":\"https:\/\/qingdaohf.com\/bg\/#\/schema\/logo\/image\/\"},\"sameAs\":[\"https:\/\/www.facebook.com\/qingdaohf\"]}]}<\/script>\n<!-- \/ Yoast SEO plugin. -->","yoast_head_json":{"title":"Privacy Policy","description":"This Privacy Policy outlines how we collect, use, and safeguard your personal information when you visit our website","robots":{"index":"index","follow":"follow","max-snippet":"max-snippet:-1","max-image-preview":"max-image-preview:large","max-video-preview":"max-video-preview:-1"},"canonical":"https:\/\/qingdaohf.com\/sk\/informativa-sulla-privacy\/","og_locale":"sk_SK","og_type":"article","og_title":"Privacy Policy","og_description":"This Privacy Policy outlines how we collect, use, and safeguard your personal information when you visit our website","og_url":"https:\/\/qingdaohf.com\/sk\/informativa-sulla-privacy\/","og_site_name":"Concrete Form &amp; Rigging Hardware Supplier","article_publisher":"https:\/\/www.facebook.com\/qingdaohf","article_modified_time":"2025-01-13T03:43:47+00:00","twitter_card":"summary_large_image","twitter_misc":{"Predpokladan\u00fd \u010das \u010d\u00edtania":"4 min\u00faty"},"schema":{"@context":"https:\/\/schema.org","@graph":[{"@type":"WebPage","@id":"https:\/\/qingdaohf.com\/it\/informativa-sulla-privacy\/","url":"https:\/\/qingdaohf.com\/it\/informativa-sulla-privacy\/","name":"Privacy Policy","isPartOf":{"@id":"https:\/\/qingdaohf.com\/bg\/#website"},"datePublished":"2022-12-14T08:05:12+00:00","dateModified":"2025-01-13T03:43:47+00:00","description":"This Privacy Policy outlines how we collect, use, and safeguard your personal information when you visit our website","breadcrumb":{"@id":"https:\/\/qingdaohf.com\/it\/informativa-sulla-privacy\/#breadcrumb"},"inLanguage":"sk-SK","potentialAction":[{"@type":"ReadAction","target":["https:\/\/qingdaohf.com\/it\/informativa-sulla-privacy\/"]}]},{"@type":"BreadcrumbList","@id":"https:\/\/qingdaohf.com\/it\/informativa-sulla-privacy\/#breadcrumb","itemListElement":[{"@type":"ListItem","position":1,"name":"Home","item":"https:\/\/qingdaohf.com\/"},{"@type":"ListItem","position":2,"name":"Privacy Policy"}]},{"@type":"WebSite","@id":"https:\/\/qingdaohf.com\/bg\/#website","url":"https:\/\/qingdaohf.com\/bg\/","name":"Concrete Form & Rigging Hardware Supplier","description":"","publisher":{"@id":"https:\/\/qingdaohf.com\/bg\/#organization"},"potentialAction":[{"@type":"SearchAction","target":{"@type":"EntryPoint","urlTemplate":"https:\/\/qingdaohf.com\/bg\/?s={search_term_string}"},"query-input":{"@type":"PropertyValueSpecification","valueRequired":true,"valueName":"search_term_string"}}],"inLanguage":"sk-SK"},{"@type":"Organization","@id":"https:\/\/qingdaohf.com\/bg\/#organization","name":"Qingdao H&F","url":"https:\/\/qingdaohf.com\/bg\/","logo":{"@type":"ImageObject","inLanguage":"sk-SK","@id":"https:\/\/qingdaohf.com\/bg\/#\/schema\/logo\/image\/","url":"https:\/\/qingdaohf.com\/wp-content\/uploads\/2022\/12\/cropped-HF-LOGO.png","contentUrl":"https:\/\/qingdaohf.com\/wp-content\/uploads\/2022\/12\/cropped-HF-LOGO.png","width":391,"height":249,"caption":"Qingdao H&F"},"image":{"@id":"https:\/\/qingdaohf.com\/bg\/#\/schema\/logo\/image\/"},"sameAs":["https:\/\/www.facebook.com\/qingdaohf"]}]}},"_links":{"self":[{"href":"https:\/\/qingdaohf.com\/sk\/wp-json\/wp\/v2\/pages\/3","targetHints":{"allow":["GET"]}}],"collection":[{"href":"https:\/\/qingdaohf.com\/sk\/wp-json\/wp\/v2\/pages"}],"about":[{"href":"https:\/\/qingdaohf.com\/sk\/wp-json\/wp\/v2\/types\/page"}],"author":[{"embeddable":true,"href":"https:\/\/qingdaohf.com\/sk\/wp-json\/wp\/v2\/users\/1"}],"replies":[{"embeddable":true,"href":"https:\/\/qingdaohf.com\/sk\/wp-json\/wp\/v2\/comments?post=3"}],"version-history":[{"count":5,"href":"https:\/\/qingdaohf.com\/sk\/wp-json\/wp\/v2\/pages\/3\/revisions"}],"predecessor-version":[{"id":8720,"href":"https:\/\/qingdaohf.com\/sk\/wp-json\/wp\/v2\/pages\/3\/revisions\/8720"}],"wp:attachment":[{"href":"https:\/\/qingdaohf.com\/sk\/wp-json\/wp\/v2\/media?parent=3"}],"curies":[{"name":"wp","href":"https:\/\/api.w.org\/{rel}","templated":true}]}}